{"id":3619,"date":"2016-08-19T13:59:28","date_gmt":"2016-08-19T11:59:28","guid":{"rendered":"https:\/\/www.booksonthemove.fr\/en\/product\/la-ribot\/"},"modified":"2024-09-23T16:28:31","modified_gmt":"2024-09-23T14:28:31","slug":"la-ribot","status":"publish","type":"product","link":"https:\/\/www.booksonthemove.fr\/en\/produit\/la-ribot\/","title":{"rendered":"La Ribot"},"content":{"rendered":"<p>Nouvelle forme d\u0092&#8217;un projet amorc\u00e9 il y a dix ans avec les Pi\u00e8ces distingu\u00e9es, cet ouvrage rassemble dans un premier volume le mat\u00e9riel visuel qui a accompagn\u00e9 La Ribot dans le cycle de sa cr\u00e9ation: fac-simil\u00e9s de ses carnets de travail, croquis et notes, mais \u00e9galement dessins, photographies, textes, programmes, cartes postales, qui ont \u00e9t\u00e9 ses r\u00e9f\u00e9rences et sources d&#8217;\u0092inspiration.<br \/>\nDans un second volume, Laurent Goumarre, Adrian Heathfield, Andr\u00e9 Lepecki, Jos\u00e9 A. S\u00e1nchez et Gerald Siegmund ont \u00e9t\u00e9 invit\u00e9s \u00e0 faire revivre les Pi\u00e8ces distingu\u00e9es et \u00e0 en donner une nouvelle lecture.<br \/>\nDes photographies, pour la plupart in\u00e9dites, de chaque pi\u00e8ce distingu\u00e9e viennent documenter le travail de l\u0092&#8217;artiste.<\/p>\n","protected":false},"excerpt":{"rendered":"<p class=\"bodytext\"><strong>Auteurs:<\/strong>\u00a0<span class=\"csc-sword\">La<\/span>\u00a0<span class=\"csc-sword\">Ribot<\/span>, Andr\u00e9 Lepecki,\u00a0<span class=\"csc-sword\">La<\/span>urent Goumarre, Adrian Heathfield, Jos\u00e9 A. S\u00e1nchez et Gerald Siegmund<br \/>\n<strong>Editeurs:<\/strong> Centre national de\u00a0<span class=\"csc-sword\">la<\/span>\u00a0danse et Merz\/Luc Derycke (2004)<\/p>\n<p class=\"bodytext\"><strong>Broch\u00e9:<\/strong><br \/>\nVol.1: livre de photographies\u00a0176 pages<br \/>\nVol.2 : recueil d&#8217;essais 120 pages<br \/>\n<strong><span class=\"csc-sword\">La<\/span>ngues:<\/strong> Fran\u00e7ais\/Ang<span class=\"csc-sword\">la<\/span>is<br \/>\n<strong>ISBN13:<\/strong> 978-2-914124-25-6<\/p>\n","protected":false},"featured_media":3392,"template":"","meta":[],"product_brand":[],"product_cat":[197,135,161,149,162,170,152,205],"product_tag":[],"class_list":{"0":"post-3619","1":"product","2":"type-product","3":"status-publish","4":"has-post-thumbnail","6":"product_cat-analysis-of-works-en","7":"product_cat-english-en","8":"product_cat-dance-criticism-en","9":"product_cat-contemporary-dance-en","10":"product_cat-french-en","11":"product_cat-artists-career-en","12":"product_cat-performance-en","13":"product_cat-photography-en","15":"first","16":"instock","17":"taxable","18":"shipping-taxable","19":"purchasable","20":"product-type-simple"},"yoast_head":"<!-- This site is optimized with the Yoast SEO plugin v27.4 - https:\/\/yoast.com\/product\/yoast-seo-wordpress\/ -->\n<title>La Ribot - Books on the Move<\/title>\n<meta name=\"robots\" content=\"index, follow, max-snippet:-1, max-image-preview:large, max-video-preview:-1\" \/>\n<link rel=\"canonical\" href=\"https:\/\/www.booksonthemove.fr\/produit\/la-ribot\/\" \/>\n<meta property=\"og:locale\" content=\"en_US\" \/>\n<meta property=\"og:type\" content=\"article\" \/>\n<meta property=\"og:title\" content=\"La Ribot - Books on the Move\" \/>\n<meta property=\"og:description\" content=\"Auteurs:\u00a0La\u00a0Ribot, Andr\u00e9 Lepecki,\u00a0Laurent Goumarre, Adrian Heathfield, Jos\u00e9 A. S\u00e1nchez et Gerald Siegmund Editeurs: Centre national de\u00a0la\u00a0danse et Merz\/Luc Derycke (2004) Broch\u00e9: Vol.1: livre de photographies\u00a0176 pages Vol.2 : recueil d&#039;essais 120 pages Langues: Fran\u00e7ais\/Anglais ISBN13: 978-2-914124-25-6\" \/>\n<meta property=\"og:url\" content=\"https:\/\/www.booksonthemove.fr\/produit\/la-ribot\/\" \/>\n<meta property=\"og:site_name\" content=\"Books on the Move\" \/>\n<meta property=\"article:publisher\" content=\"https:\/\/www.facebook.com\/Librairiebooksonthemove\/\" \/>\n<meta property=\"article:modified_time\" content=\"2024-09-23T14:28:31+00:00\" \/>\n<meta property=\"og:image\" content=\"https:\/\/www.booksonthemove.fr\/media\/bom_1568_1.jpg\" \/>\n\t<meta property=\"og:image:width\" content=\"900\" \/>\n\t<meta property=\"og:image:height\" content=\"1348\" \/>\n\t<meta property=\"og:image:type\" content=\"image\/jpeg\" \/>\n<meta name=\"twitter:card\" content=\"summary_large_image\" \/>\n<script type=\"application\/ld+json\" class=\"yoast-schema-graph\">{\"@context\":\"https:\\\/\\\/schema.org\",\"@graph\":[{\"@type\":\"WebPage\",\"@id\":\"https:\\\/\\\/www.booksonthemove.fr\\\/produit\\\/la-ribot\\\/\",\"url\":\"https:\\\/\\\/www.booksonthemove.fr\\\/produit\\\/la-ribot\\\/\",\"name\":\"La Ribot - Books on the Move\",\"isPartOf\":{\"@id\":\"https:\\\/\\\/www.booksonthemove.fr\\\/#website\"},\"primaryImageOfPage\":{\"@id\":\"https:\\\/\\\/www.booksonthemove.fr\\\/produit\\\/la-ribot\\\/#primaryimage\"},\"image\":{\"@id\":\"https:\\\/\\\/www.booksonthemove.fr\\\/produit\\\/la-ribot\\\/#primaryimage\"},\"thumbnailUrl\":\"https:\\\/\\\/www.booksonthemove.fr\\\/media\\\/bom_1568_1.jpg\",\"datePublished\":\"2016-08-19T11:59:28+00:00\",\"dateModified\":\"2024-09-23T14:28:31+00:00\",\"breadcrumb\":{\"@id\":\"https:\\\/\\\/www.booksonthemove.fr\\\/produit\\\/la-ribot\\\/#breadcrumb\"},\"inLanguage\":\"en-US\",\"potentialAction\":[{\"@type\":\"ReadAction\",\"target\":[\"https:\\\/\\\/www.booksonthemove.fr\\\/produit\\\/la-ribot\\\/\"]}]},{\"@type\":\"ImageObject\",\"inLanguage\":\"en-US\",\"@id\":\"https:\\\/\\\/www.booksonthemove.fr\\\/produit\\\/la-ribot\\\/#primaryimage\",\"url\":\"https:\\\/\\\/www.booksonthemove.fr\\\/media\\\/bom_1568_1.jpg\",\"contentUrl\":\"https:\\\/\\\/www.booksonthemove.fr\\\/media\\\/bom_1568_1.jpg\",\"width\":900,\"height\":1348},{\"@type\":\"BreadcrumbList\",\"@id\":\"https:\\\/\\\/www.booksonthemove.fr\\\/produit\\\/la-ribot\\\/#breadcrumb\",\"itemListElement\":[{\"@type\":\"ListItem\",\"position\":1,\"name\":\"Accueil\",\"item\":\"https:\\\/\\\/www.booksonthemove.fr\\\/en\\\/\"},{\"@type\":\"ListItem\",\"position\":2,\"name\":\"online store\",\"item\":\"https:\\\/\\\/www.booksonthemove.fr\\\/en\\\/online-shop\\\/\"},{\"@type\":\"ListItem\",\"position\":3,\"name\":\"La Ribot\"}]},{\"@type\":\"WebSite\",\"@id\":\"https:\\\/\\\/www.booksonthemove.fr\\\/#website\",\"url\":\"https:\\\/\\\/www.booksonthemove.fr\\\/\",\"name\":\"Books on the Move\",\"description\":\"librairie nomade - danse - mouvement - performance\",\"publisher\":{\"@id\":\"https:\\\/\\\/www.booksonthemove.fr\\\/#organization\"},\"potentialAction\":[{\"@type\":\"SearchAction\",\"target\":{\"@type\":\"EntryPoint\",\"urlTemplate\":\"https:\\\/\\\/www.booksonthemove.fr\\\/?s={search_term_string}\"},\"query-input\":{\"@type\":\"PropertyValueSpecification\",\"valueRequired\":true,\"valueName\":\"search_term_string\"}}],\"inLanguage\":\"en-US\"},{\"@type\":\"Organization\",\"@id\":\"https:\\\/\\\/www.booksonthemove.fr\\\/#organization\",\"name\":\"Books on the Move\",\"url\":\"https:\\\/\\\/www.booksonthemove.fr\\\/\",\"logo\":{\"@type\":\"ImageObject\",\"inLanguage\":\"en-US\",\"@id\":\"https:\\\/\\\/www.booksonthemove.fr\\\/#\\\/schema\\\/logo\\\/image\\\/\",\"url\":\"https:\\\/\\\/www.booksonthemove.fr\\\/media\\\/logo-NB-400.jpg\",\"contentUrl\":\"https:\\\/\\\/www.booksonthemove.fr\\\/media\\\/logo-NB-400.jpg\",\"width\":400,\"height\":143,\"caption\":\"Books on the Move\"},\"image\":{\"@id\":\"https:\\\/\\\/www.booksonthemove.fr\\\/#\\\/schema\\\/logo\\\/image\\\/\"},\"sameAs\":[\"https:\\\/\\\/www.facebook.com\\\/Librairiebooksonthemove\\\/\"]}]}<\/script>\n<!-- \/ Yoast SEO plugin. -->","yoast_head_json":{"title":"La Ribot - Books on the Move","robots":{"index":"index","follow":"follow","max-snippet":"max-snippet:-1","max-image-preview":"max-image-preview:large","max-video-preview":"max-video-preview:-1"},"canonical":"https:\/\/www.booksonthemove.fr\/produit\/la-ribot\/","og_locale":"en_US","og_type":"article","og_title":"La Ribot - Books on the Move","og_description":"Auteurs:\u00a0La\u00a0Ribot, Andr\u00e9 Lepecki,\u00a0Laurent Goumarre, Adrian Heathfield, Jos\u00e9 A. S\u00e1nchez et Gerald Siegmund Editeurs: Centre national de\u00a0la\u00a0danse et Merz\/Luc Derycke (2004) Broch\u00e9: Vol.1: livre de photographies\u00a0176 pages Vol.2 : recueil d'essais 120 pages Langues: Fran\u00e7ais\/Anglais ISBN13: 978-2-914124-25-6","og_url":"https:\/\/www.booksonthemove.fr\/produit\/la-ribot\/","og_site_name":"Books on the Move","article_publisher":"https:\/\/www.facebook.com\/Librairiebooksonthemove\/","article_modified_time":"2024-09-23T14:28:31+00:00","og_image":[{"width":900,"height":1348,"url":"https:\/\/www.booksonthemove.fr\/media\/bom_1568_1.jpg","type":"image\/jpeg"}],"twitter_card":"summary_large_image","schema":{"@context":"https:\/\/schema.org","@graph":[{"@type":"WebPage","@id":"https:\/\/www.booksonthemove.fr\/produit\/la-ribot\/","url":"https:\/\/www.booksonthemove.fr\/produit\/la-ribot\/","name":"La Ribot - Books on the Move","isPartOf":{"@id":"https:\/\/www.booksonthemove.fr\/#website"},"primaryImageOfPage":{"@id":"https:\/\/www.booksonthemove.fr\/produit\/la-ribot\/#primaryimage"},"image":{"@id":"https:\/\/www.booksonthemove.fr\/produit\/la-ribot\/#primaryimage"},"thumbnailUrl":"https:\/\/www.booksonthemove.fr\/media\/bom_1568_1.jpg","datePublished":"2016-08-19T11:59:28+00:00","dateModified":"2024-09-23T14:28:31+00:00","breadcrumb":{"@id":"https:\/\/www.booksonthemove.fr\/produit\/la-ribot\/#breadcrumb"},"inLanguage":"en-US","potentialAction":[{"@type":"ReadAction","target":["https:\/\/www.booksonthemove.fr\/produit\/la-ribot\/"]}]},{"@type":"ImageObject","inLanguage":"en-US","@id":"https:\/\/www.booksonthemove.fr\/produit\/la-ribot\/#primaryimage","url":"https:\/\/www.booksonthemove.fr\/media\/bom_1568_1.jpg","contentUrl":"https:\/\/www.booksonthemove.fr\/media\/bom_1568_1.jpg","width":900,"height":1348},{"@type":"BreadcrumbList","@id":"https:\/\/www.booksonthemove.fr\/produit\/la-ribot\/#breadcrumb","itemListElement":[{"@type":"ListItem","position":1,"name":"Accueil","item":"https:\/\/www.booksonthemove.fr\/en\/"},{"@type":"ListItem","position":2,"name":"online store","item":"https:\/\/www.booksonthemove.fr\/en\/online-shop\/"},{"@type":"ListItem","position":3,"name":"La Ribot"}]},{"@type":"WebSite","@id":"https:\/\/www.booksonthemove.fr\/#website","url":"https:\/\/www.booksonthemove.fr\/","name":"Books on the Move","description":"librairie nomade - danse - mouvement - performance","publisher":{"@id":"https:\/\/www.booksonthemove.fr\/#organization"},"potentialAction":[{"@type":"SearchAction","target":{"@type":"EntryPoint","urlTemplate":"https:\/\/www.booksonthemove.fr\/?s={search_term_string}"},"query-input":{"@type":"PropertyValueSpecification","valueRequired":true,"valueName":"search_term_string"}}],"inLanguage":"en-US"},{"@type":"Organization","@id":"https:\/\/www.booksonthemove.fr\/#organization","name":"Books on the Move","url":"https:\/\/www.booksonthemove.fr\/","logo":{"@type":"ImageObject","inLanguage":"en-US","@id":"https:\/\/www.booksonthemove.fr\/#\/schema\/logo\/image\/","url":"https:\/\/www.booksonthemove.fr\/media\/logo-NB-400.jpg","contentUrl":"https:\/\/www.booksonthemove.fr\/media\/logo-NB-400.jpg","width":400,"height":143,"caption":"Books on the Move"},"image":{"@id":"https:\/\/www.booksonthemove.fr\/#\/schema\/logo\/image\/"},"sameAs":["https:\/\/www.facebook.com\/Librairiebooksonthemove\/"]}]}},"_links":{"self":[{"href":"https:\/\/www.booksonthemove.fr\/en\/wp-json\/wp\/v2\/product\/3619","targetHints":{"allow":["GET"]}}],"collection":[{"href":"https:\/\/www.booksonthemove.fr\/en\/wp-json\/wp\/v2\/product"}],"about":[{"href":"https:\/\/www.booksonthemove.fr\/en\/wp-json\/wp\/v2\/types\/product"}],"wp:featuredmedia":[{"embeddable":true,"href":"https:\/\/www.booksonthemove.fr\/en\/wp-json\/wp\/v2\/media\/3392"}],"wp:attachment":[{"href":"https:\/\/www.booksonthemove.fr\/en\/wp-json\/wp\/v2\/media?parent=3619"}],"wp:term":[{"taxonomy":"product_brand","embeddable":true,"href":"https:\/\/www.booksonthemove.fr\/en\/wp-json\/wp\/v2\/product_brand?post=3619"},{"taxonomy":"product_cat","embeddable":true,"href":"https:\/\/www.booksonthemove.fr\/en\/wp-json\/wp\/v2\/product_cat?post=3619"},{"taxonomy":"product_tag","embeddable":true,"href":"https:\/\/www.booksonthemove.fr\/en\/wp-json\/wp\/v2\/product_tag?post=3619"}],"curies":[{"name":"wp","href":"https:\/\/api.w.org\/{rel}","templated":true}]}}