{"id":36346,"date":"2023-04-23T22:39:09","date_gmt":"2023-04-23T20:39:09","guid":{"rendered":"https:\/\/www.booksonthemove.fr\/produit\/mouvementements-ecopolitiques-de-la-danse\/"},"modified":"2026-04-15T23:08:59","modified_gmt":"2026-04-15T21:08:59","slug":"mouvementements-ecopolitiques-de-la-danse","status":"publish","type":"product","link":"https:\/\/www.booksonthemove.fr\/en\/produit\/mouvementements-ecopolitiques-de-la-danse\/","title":{"rendered":"Mouvementements &#8211; \u00c9copolitiques de la danse"},"content":{"rendered":"<p><i>Des mouvements en moi qui ne sont pas de moi, des mouvements par lesquels mes interd\u00e9pendances avec les autres cr\u00e9atures terrestres remontent \u00e0 ma conscience. Mouvements de ma respiration, mouvements de ma digestion, mouvements de ma posture qui s&#8217;ajuste perp\u00e9tuellement \u00e0 la gravit\u00e9.<\/i><\/p>\n<p>\u00c0 passer du temps dans des studios de danse, voil\u00e0 ce qu&#8217;on peut apprendre : nous, mammif\u00e8res humaines, habitantes de Terra, sommes mouvement\u00e9es par une multitude de forces. Loin d&#8217;\u00eatre automobiles, loin d&#8217;\u00eatre contenues ou contenables dans la petite usine de nos corps, nous d\u00e9bordons. Les \u00e9cologies scientifiques nous en convainquent, les \u00e9cologies politiques nous appellent \u00e0 en faire une force insurrectionnelle. Et si nous apprenions, avec les <i>\u00e9cologies somatiques<\/i>, \u00e0 sentir et \u00e0 c\u00e9l\u00e9brer nos d\u00e9bordements plus qu&#8217;humains ?<br \/>\n\u00c0 l&#8217;heure o\u00f9 les soul\u00e8vements de la Terre se multiplient, ce livre examine la mani\u00e8re dont certaines formes de danse (improvisations collectives, pratiques somatiques, installations chor\u00e9graphiques) tentent d&#8217;\u00e9laborer, dans les plis du monde mondialis\u00e9, des antidotes \u00e0 l&#8217;anesth\u00e9sie. Des mani\u00e8res de nouer nos gestes au-del\u00e0 des fausses fronti\u00e8res de l&#8217;individu et de l&#8217;humain. Des mani\u00e8res de danser-sentir-penser l&#8217;enchev\u00eatrement de nos mouvements.<\/p>\n","protected":false},"excerpt":{"rendered":"<p><strong>AUTEURE :<\/strong> Emma Big\u00e9<br \/>\n<strong>\u00c9DITEUR :<\/strong> La D\u00e9couverte (2023)<\/p>\n<p><strong>BROCH\u00c9 :<\/strong>\u00a0232 pages<br \/>\n<strong>LANGUE :<\/strong> Fran\u00e7ais<br \/>\n<strong>ISBN13 :<\/strong> 978-2-348-07496-7<\/p>\n","protected":false},"featured_media":36345,"template":"","meta":[],"product_brand":[],"product_cat":[146,209,162,206,141],"product_tag":[],"class_list":{"0":"post-36346","1":"product","2":"type-product","3":"status-publish","4":"has-post-thumbnail","6":"product_cat-theoretical-texts-en","7":"product_cat-environment-en","8":"product_cat-french-en","9":"product_cat-philosophy-aesthetics-en","10":"product_cat-somatics-other-bodywork-practices-en","12":"first","13":"outofstock","14":"taxable","15":"shipping-taxable","16":"purchasable","17":"product-type-simple"},"yoast_head":"<!-- This site is optimized with the Yoast SEO plugin v27.5 - https:\/\/yoast.com\/product\/yoast-seo-wordpress\/ -->\n<title>Mouvementements - \u00c9copolitiques de la danse - Books on the Move<\/title>\n<meta name=\"robots\" content=\"index, follow, max-snippet:-1, max-image-preview:large, max-video-preview:-1\" \/>\n<link rel=\"canonical\" href=\"https:\/\/www.booksonthemove.fr\/en\/produit\/mouvementements-ecopolitiques-de-la-danse\/\" \/>\n<meta property=\"og:locale\" content=\"en_US\" \/>\n<meta property=\"og:type\" content=\"article\" \/>\n<meta property=\"og:title\" content=\"Mouvementements - \u00c9copolitiques de la danse - Books on the Move\" \/>\n<meta property=\"og:description\" content=\"AUTEURE : Emma Big\u00e9 \u00c9DITEUR : La D\u00e9couverte (2023)  BROCH\u00c9 :\u00a0232 pages LANGUE : Fran\u00e7ais ISBN13 : 978-2-348-07496-7\" \/>\n<meta property=\"og:url\" content=\"https:\/\/www.booksonthemove.fr\/en\/produit\/mouvementements-ecopolitiques-de-la-danse\/\" \/>\n<meta property=\"og:site_name\" content=\"Books on the Move\" \/>\n<meta property=\"article:publisher\" content=\"https:\/\/www.facebook.com\/Librairiebooksonthemove\/\" \/>\n<meta property=\"article:modified_time\" content=\"2026-04-15T21:08:59+00:00\" \/>\n<meta property=\"og:image\" content=\"https:\/\/www.booksonthemove.fr\/media\/bom_2585.jpg\" \/>\n\t<meta property=\"og:image:width\" content=\"800\" \/>\n\t<meta property=\"og:image:height\" content=\"1304\" \/>\n\t<meta property=\"og:image:type\" content=\"image\/jpeg\" \/>\n<meta name=\"twitter:card\" content=\"summary_large_image\" \/>\n<script type=\"application\/ld+json\" class=\"yoast-schema-graph\">{\"@context\":\"https:\\\/\\\/schema.org\",\"@graph\":[{\"@type\":\"WebPage\",\"@id\":\"https:\\\/\\\/www.booksonthemove.fr\\\/en\\\/produit\\\/mouvementements-ecopolitiques-de-la-danse\\\/\",\"url\":\"https:\\\/\\\/www.booksonthemove.fr\\\/en\\\/produit\\\/mouvementements-ecopolitiques-de-la-danse\\\/\",\"name\":\"Mouvementements - \u00c9copolitiques de la danse - Books on the Move\",\"isPartOf\":{\"@id\":\"https:\\\/\\\/www.booksonthemove.fr\\\/#website\"},\"primaryImageOfPage\":{\"@id\":\"https:\\\/\\\/www.booksonthemove.fr\\\/en\\\/produit\\\/mouvementements-ecopolitiques-de-la-danse\\\/#primaryimage\"},\"image\":{\"@id\":\"https:\\\/\\\/www.booksonthemove.fr\\\/en\\\/produit\\\/mouvementements-ecopolitiques-de-la-danse\\\/#primaryimage\"},\"thumbnailUrl\":\"https:\\\/\\\/www.booksonthemove.fr\\\/media\\\/bom_2585.jpg\",\"datePublished\":\"2023-04-23T20:39:09+00:00\",\"dateModified\":\"2026-04-15T21:08:59+00:00\",\"breadcrumb\":{\"@id\":\"https:\\\/\\\/www.booksonthemove.fr\\\/en\\\/produit\\\/mouvementements-ecopolitiques-de-la-danse\\\/#breadcrumb\"},\"inLanguage\":\"en-US\",\"potentialAction\":[{\"@type\":\"ReadAction\",\"target\":[\"https:\\\/\\\/www.booksonthemove.fr\\\/en\\\/produit\\\/mouvementements-ecopolitiques-de-la-danse\\\/\"]}]},{\"@type\":\"ImageObject\",\"inLanguage\":\"en-US\",\"@id\":\"https:\\\/\\\/www.booksonthemove.fr\\\/en\\\/produit\\\/mouvementements-ecopolitiques-de-la-danse\\\/#primaryimage\",\"url\":\"https:\\\/\\\/www.booksonthemove.fr\\\/media\\\/bom_2585.jpg\",\"contentUrl\":\"https:\\\/\\\/www.booksonthemove.fr\\\/media\\\/bom_2585.jpg\",\"width\":800,\"height\":1304},{\"@type\":\"BreadcrumbList\",\"@id\":\"https:\\\/\\\/www.booksonthemove.fr\\\/en\\\/produit\\\/mouvementements-ecopolitiques-de-la-danse\\\/#breadcrumb\",\"itemListElement\":[{\"@type\":\"ListItem\",\"position\":1,\"name\":\"Accueil\",\"item\":\"https:\\\/\\\/www.booksonthemove.fr\\\/en\\\/\"},{\"@type\":\"ListItem\",\"position\":2,\"name\":\"online store\",\"item\":\"https:\\\/\\\/www.booksonthemove.fr\\\/en\\\/online-shop\\\/\"},{\"@type\":\"ListItem\",\"position\":3,\"name\":\"Mouvementements &#8211; \u00c9copolitiques de la danse\"}]},{\"@type\":\"WebSite\",\"@id\":\"https:\\\/\\\/www.booksonthemove.fr\\\/#website\",\"url\":\"https:\\\/\\\/www.booksonthemove.fr\\\/\",\"name\":\"Books on the Move\",\"description\":\"librairie nomade - danse - mouvement - performance\",\"publisher\":{\"@id\":\"https:\\\/\\\/www.booksonthemove.fr\\\/#organization\"},\"potentialAction\":[{\"@type\":\"SearchAction\",\"target\":{\"@type\":\"EntryPoint\",\"urlTemplate\":\"https:\\\/\\\/www.booksonthemove.fr\\\/?s={search_term_string}\"},\"query-input\":{\"@type\":\"PropertyValueSpecification\",\"valueRequired\":true,\"valueName\":\"search_term_string\"}}],\"inLanguage\":\"en-US\"},{\"@type\":\"Organization\",\"@id\":\"https:\\\/\\\/www.booksonthemove.fr\\\/#organization\",\"name\":\"Books on the Move\",\"url\":\"https:\\\/\\\/www.booksonthemove.fr\\\/\",\"logo\":{\"@type\":\"ImageObject\",\"inLanguage\":\"en-US\",\"@id\":\"https:\\\/\\\/www.booksonthemove.fr\\\/#\\\/schema\\\/logo\\\/image\\\/\",\"url\":\"https:\\\/\\\/www.booksonthemove.fr\\\/media\\\/logo-NB-400.jpg\",\"contentUrl\":\"https:\\\/\\\/www.booksonthemove.fr\\\/media\\\/logo-NB-400.jpg\",\"width\":400,\"height\":143,\"caption\":\"Books on the Move\"},\"image\":{\"@id\":\"https:\\\/\\\/www.booksonthemove.fr\\\/#\\\/schema\\\/logo\\\/image\\\/\"},\"sameAs\":[\"https:\\\/\\\/www.facebook.com\\\/Librairiebooksonthemove\\\/\"]}]}<\/script>\n<!-- \/ Yoast SEO plugin. -->","yoast_head_json":{"title":"Mouvementements - \u00c9copolitiques de la danse - Books on the Move","robots":{"index":"index","follow":"follow","max-snippet":"max-snippet:-1","max-image-preview":"max-image-preview:large","max-video-preview":"max-video-preview:-1"},"canonical":"https:\/\/www.booksonthemove.fr\/en\/produit\/mouvementements-ecopolitiques-de-la-danse\/","og_locale":"en_US","og_type":"article","og_title":"Mouvementements - \u00c9copolitiques de la danse - Books on the Move","og_description":"AUTEURE : Emma Big\u00e9 \u00c9DITEUR : La D\u00e9couverte (2023)  BROCH\u00c9 :\u00a0232 pages LANGUE : Fran\u00e7ais ISBN13 : 978-2-348-07496-7","og_url":"https:\/\/www.booksonthemove.fr\/en\/produit\/mouvementements-ecopolitiques-de-la-danse\/","og_site_name":"Books on the Move","article_publisher":"https:\/\/www.facebook.com\/Librairiebooksonthemove\/","article_modified_time":"2026-04-15T21:08:59+00:00","og_image":[{"width":800,"height":1304,"url":"https:\/\/www.booksonthemove.fr\/media\/bom_2585.jpg","type":"image\/jpeg"}],"twitter_card":"summary_large_image","schema":{"@context":"https:\/\/schema.org","@graph":[{"@type":"WebPage","@id":"https:\/\/www.booksonthemove.fr\/en\/produit\/mouvementements-ecopolitiques-de-la-danse\/","url":"https:\/\/www.booksonthemove.fr\/en\/produit\/mouvementements-ecopolitiques-de-la-danse\/","name":"Mouvementements - \u00c9copolitiques de la danse - Books on the Move","isPartOf":{"@id":"https:\/\/www.booksonthemove.fr\/#website"},"primaryImageOfPage":{"@id":"https:\/\/www.booksonthemove.fr\/en\/produit\/mouvementements-ecopolitiques-de-la-danse\/#primaryimage"},"image":{"@id":"https:\/\/www.booksonthemove.fr\/en\/produit\/mouvementements-ecopolitiques-de-la-danse\/#primaryimage"},"thumbnailUrl":"https:\/\/www.booksonthemove.fr\/media\/bom_2585.jpg","datePublished":"2023-04-23T20:39:09+00:00","dateModified":"2026-04-15T21:08:59+00:00","breadcrumb":{"@id":"https:\/\/www.booksonthemove.fr\/en\/produit\/mouvementements-ecopolitiques-de-la-danse\/#breadcrumb"},"inLanguage":"en-US","potentialAction":[{"@type":"ReadAction","target":["https:\/\/www.booksonthemove.fr\/en\/produit\/mouvementements-ecopolitiques-de-la-danse\/"]}]},{"@type":"ImageObject","inLanguage":"en-US","@id":"https:\/\/www.booksonthemove.fr\/en\/produit\/mouvementements-ecopolitiques-de-la-danse\/#primaryimage","url":"https:\/\/www.booksonthemove.fr\/media\/bom_2585.jpg","contentUrl":"https:\/\/www.booksonthemove.fr\/media\/bom_2585.jpg","width":800,"height":1304},{"@type":"BreadcrumbList","@id":"https:\/\/www.booksonthemove.fr\/en\/produit\/mouvementements-ecopolitiques-de-la-danse\/#breadcrumb","itemListElement":[{"@type":"ListItem","position":1,"name":"Accueil","item":"https:\/\/www.booksonthemove.fr\/en\/"},{"@type":"ListItem","position":2,"name":"online store","item":"https:\/\/www.booksonthemove.fr\/en\/online-shop\/"},{"@type":"ListItem","position":3,"name":"Mouvementements &#8211; \u00c9copolitiques de la danse"}]},{"@type":"WebSite","@id":"https:\/\/www.booksonthemove.fr\/#website","url":"https:\/\/www.booksonthemove.fr\/","name":"Books on the Move","description":"librairie nomade - danse - mouvement - performance","publisher":{"@id":"https:\/\/www.booksonthemove.fr\/#organization"},"potentialAction":[{"@type":"SearchAction","target":{"@type":"EntryPoint","urlTemplate":"https:\/\/www.booksonthemove.fr\/?s={search_term_string}"},"query-input":{"@type":"PropertyValueSpecification","valueRequired":true,"valueName":"search_term_string"}}],"inLanguage":"en-US"},{"@type":"Organization","@id":"https:\/\/www.booksonthemove.fr\/#organization","name":"Books on the Move","url":"https:\/\/www.booksonthemove.fr\/","logo":{"@type":"ImageObject","inLanguage":"en-US","@id":"https:\/\/www.booksonthemove.fr\/#\/schema\/logo\/image\/","url":"https:\/\/www.booksonthemove.fr\/media\/logo-NB-400.jpg","contentUrl":"https:\/\/www.booksonthemove.fr\/media\/logo-NB-400.jpg","width":400,"height":143,"caption":"Books on the Move"},"image":{"@id":"https:\/\/www.booksonthemove.fr\/#\/schema\/logo\/image\/"},"sameAs":["https:\/\/www.facebook.com\/Librairiebooksonthemove\/"]}]}},"_links":{"self":[{"href":"https:\/\/www.booksonthemove.fr\/en\/wp-json\/wp\/v2\/product\/36346","targetHints":{"allow":["GET"]}}],"collection":[{"href":"https:\/\/www.booksonthemove.fr\/en\/wp-json\/wp\/v2\/product"}],"about":[{"href":"https:\/\/www.booksonthemove.fr\/en\/wp-json\/wp\/v2\/types\/product"}],"wp:featuredmedia":[{"embeddable":true,"href":"https:\/\/www.booksonthemove.fr\/en\/wp-json\/wp\/v2\/media\/36345"}],"wp:attachment":[{"href":"https:\/\/www.booksonthemove.fr\/en\/wp-json\/wp\/v2\/media?parent=36346"}],"wp:term":[{"taxonomy":"product_brand","embeddable":true,"href":"https:\/\/www.booksonthemove.fr\/en\/wp-json\/wp\/v2\/product_brand?post=36346"},{"taxonomy":"product_cat","embeddable":true,"href":"https:\/\/www.booksonthemove.fr\/en\/wp-json\/wp\/v2\/product_cat?post=36346"},{"taxonomy":"product_tag","embeddable":true,"href":"https:\/\/www.booksonthemove.fr\/en\/wp-json\/wp\/v2\/product_tag?post=36346"}],"curies":[{"name":"wp","href":"https:\/\/api.w.org\/{rel}","templated":true}]}}