{"id":36387,"date":"2023-05-06T22:55:30","date_gmt":"2023-05-06T20:55:30","guid":{"rendered":"https:\/\/www.booksonthemove.fr\/produit\/theorie-queer-et-cultures-populaires\/"},"modified":"2026-04-15T23:16:39","modified_gmt":"2026-04-15T21:16:39","slug":"theorie-queer-et-cultures-populaires","status":"publish","type":"product","link":"https:\/\/www.booksonthemove.fr\/en\/produit\/theorie-queer-et-cultures-populaires\/","title":{"rendered":"Th\u00e9orie queer et cultures populaires"},"content":{"rendered":"<p>\u00c0 l\u2019origine du concept de \u00ab\u2009th\u00e9orie queer\u2009\u00bb, Teresa de Lauretis est une figure importante du f\u00e9minisme aux \u00c9tats-Unis qui reste pourtant peu connue du lectorat fran\u00e7ais. Ce recueil de textes vient ainsi combler un manque en pr\u00e9sentant plusieurs des aspects fondamentaux de sa pens\u00e9e.<br \/>\nTeresa de Lauretis porte et influence une th\u00e9orie critique dans de nombreux champs tels que la litt\u00e9rature, le cin\u00e9ma, la s\u00e9miotique, la psychanalyse, les \u00e9tudes sur le genre et le f\u00e9minisme queer. Sa fr\u00e9quentation de Freud, Gramsci, Foucault et Althusser, lui permet de montrer le genre comme une repr\u00e9sentation construite par des technologies sociales en m\u00eame temps que subjectives. Ses conceptions sur le genre ont fortement marqu\u00e9 les d\u00e9bats, en particulier au sein des cultural studies.<br \/>\nCe recueil pr\u00e9fac\u00e9 par Pascale Molinier et traduit par Sam Boursier a \u00e9t\u00e9 publi\u00e9 pour la premi\u00e8re fois en 2007. \u00c9puis\u00e9 depuis des ann\u00e9es, il est de nouveau disponible dans une \u00e9dition accompagn\u00e9e d\u2019une postface de Maxime Cervulle.<\/p>\n","protected":false},"excerpt":{"rendered":"<p><b>AUTEURE :<\/b> Teresa\u00a0de Lauretis<span class=\"h3_elt\"><br \/>\n<\/span><b><\/b><b>EDITEUR :\u00a0<\/b>Les \u00e9ditions La Dispute\u00a0<b><\/b>(2023)<\/p>\n<p><strong>BROCH\u00c9 :<\/strong>\u00a0207 pages<br \/>\n<b>LANGUE : <\/b>Fran\u00e7ais<br \/>\n<strong>ISBN13 :<\/strong> 978 2 843 03330 8<\/p>\n","protected":false},"featured_media":36386,"template":"","meta":[],"product_brand":[],"product_cat":[202,162],"product_tag":[],"class_list":{"0":"post-36387","1":"product","2":"type-product","3":"status-publish","4":"has-post-thumbnail","6":"product_cat-feminism-en","7":"product_cat-french-en","9":"first","10":"outofstock","11":"taxable","12":"shipping-taxable","13":"purchasable","14":"product-type-simple"},"yoast_head":"<!-- This site is optimized with the Yoast SEO plugin v27.4 - https:\/\/yoast.com\/product\/yoast-seo-wordpress\/ -->\n<title>Th\u00e9orie queer et cultures populaires - Books on the Move<\/title>\n<meta name=\"robots\" content=\"index, follow, max-snippet:-1, max-image-preview:large, max-video-preview:-1\" \/>\n<link rel=\"canonical\" href=\"https:\/\/www.booksonthemove.fr\/en\/produit\/theorie-queer-et-cultures-populaires\/\" \/>\n<meta property=\"og:locale\" content=\"en_US\" \/>\n<meta property=\"og:type\" content=\"article\" \/>\n<meta property=\"og:title\" content=\"Th\u00e9orie queer et cultures populaires - Books on the Move\" \/>\n<meta property=\"og:description\" content=\"AUTEURE : Teresa\u00a0de Lauretis EDITEUR :\u00a0Les \u00e9ditions La Dispute\u00a0(2023)  BROCH\u00c9 :\u00a0207 pages LANGUE : Fran\u00e7ais ISBN13 : 978 2 843 03330 8\" \/>\n<meta property=\"og:url\" content=\"https:\/\/www.booksonthemove.fr\/en\/produit\/theorie-queer-et-cultures-populaires\/\" \/>\n<meta property=\"og:site_name\" content=\"Books on the Move\" \/>\n<meta property=\"article:publisher\" content=\"https:\/\/www.facebook.com\/Librairiebooksonthemove\/\" \/>\n<meta property=\"article:modified_time\" content=\"2026-04-15T21:16:39+00:00\" \/>\n<meta property=\"og:image\" content=\"https:\/\/www.booksonthemove.fr\/media\/bom_2583.jpg\" \/>\n\t<meta property=\"og:image:width\" content=\"410\" \/>\n\t<meta property=\"og:image:height\" content=\"658\" \/>\n\t<meta property=\"og:image:type\" content=\"image\/jpeg\" \/>\n<meta name=\"twitter:card\" content=\"summary_large_image\" \/>\n<script type=\"application\/ld+json\" class=\"yoast-schema-graph\">{\"@context\":\"https:\\\/\\\/schema.org\",\"@graph\":[{\"@type\":\"WebPage\",\"@id\":\"https:\\\/\\\/www.booksonthemove.fr\\\/en\\\/produit\\\/theorie-queer-et-cultures-populaires\\\/\",\"url\":\"https:\\\/\\\/www.booksonthemove.fr\\\/en\\\/produit\\\/theorie-queer-et-cultures-populaires\\\/\",\"name\":\"Th\u00e9orie queer et cultures populaires - Books on the Move\",\"isPartOf\":{\"@id\":\"https:\\\/\\\/www.booksonthemove.fr\\\/#website\"},\"primaryImageOfPage\":{\"@id\":\"https:\\\/\\\/www.booksonthemove.fr\\\/en\\\/produit\\\/theorie-queer-et-cultures-populaires\\\/#primaryimage\"},\"image\":{\"@id\":\"https:\\\/\\\/www.booksonthemove.fr\\\/en\\\/produit\\\/theorie-queer-et-cultures-populaires\\\/#primaryimage\"},\"thumbnailUrl\":\"https:\\\/\\\/www.booksonthemove.fr\\\/media\\\/bom_2583.jpg\",\"datePublished\":\"2023-05-06T20:55:30+00:00\",\"dateModified\":\"2026-04-15T21:16:39+00:00\",\"breadcrumb\":{\"@id\":\"https:\\\/\\\/www.booksonthemove.fr\\\/en\\\/produit\\\/theorie-queer-et-cultures-populaires\\\/#breadcrumb\"},\"inLanguage\":\"en-US\",\"potentialAction\":[{\"@type\":\"ReadAction\",\"target\":[\"https:\\\/\\\/www.booksonthemove.fr\\\/en\\\/produit\\\/theorie-queer-et-cultures-populaires\\\/\"]}]},{\"@type\":\"ImageObject\",\"inLanguage\":\"en-US\",\"@id\":\"https:\\\/\\\/www.booksonthemove.fr\\\/en\\\/produit\\\/theorie-queer-et-cultures-populaires\\\/#primaryimage\",\"url\":\"https:\\\/\\\/www.booksonthemove.fr\\\/media\\\/bom_2583.jpg\",\"contentUrl\":\"https:\\\/\\\/www.booksonthemove.fr\\\/media\\\/bom_2583.jpg\",\"width\":410,\"height\":658},{\"@type\":\"BreadcrumbList\",\"@id\":\"https:\\\/\\\/www.booksonthemove.fr\\\/en\\\/produit\\\/theorie-queer-et-cultures-populaires\\\/#breadcrumb\",\"itemListElement\":[{\"@type\":\"ListItem\",\"position\":1,\"name\":\"Accueil\",\"item\":\"https:\\\/\\\/www.booksonthemove.fr\\\/en\\\/\"},{\"@type\":\"ListItem\",\"position\":2,\"name\":\"online store\",\"item\":\"https:\\\/\\\/www.booksonthemove.fr\\\/en\\\/online-shop\\\/\"},{\"@type\":\"ListItem\",\"position\":3,\"name\":\"Th\u00e9orie queer et cultures populaires\"}]},{\"@type\":\"WebSite\",\"@id\":\"https:\\\/\\\/www.booksonthemove.fr\\\/#website\",\"url\":\"https:\\\/\\\/www.booksonthemove.fr\\\/\",\"name\":\"Books on the Move\",\"description\":\"librairie nomade - danse - mouvement - performance\",\"publisher\":{\"@id\":\"https:\\\/\\\/www.booksonthemove.fr\\\/#organization\"},\"potentialAction\":[{\"@type\":\"SearchAction\",\"target\":{\"@type\":\"EntryPoint\",\"urlTemplate\":\"https:\\\/\\\/www.booksonthemove.fr\\\/?s={search_term_string}\"},\"query-input\":{\"@type\":\"PropertyValueSpecification\",\"valueRequired\":true,\"valueName\":\"search_term_string\"}}],\"inLanguage\":\"en-US\"},{\"@type\":\"Organization\",\"@id\":\"https:\\\/\\\/www.booksonthemove.fr\\\/#organization\",\"name\":\"Books on the Move\",\"url\":\"https:\\\/\\\/www.booksonthemove.fr\\\/\",\"logo\":{\"@type\":\"ImageObject\",\"inLanguage\":\"en-US\",\"@id\":\"https:\\\/\\\/www.booksonthemove.fr\\\/#\\\/schema\\\/logo\\\/image\\\/\",\"url\":\"https:\\\/\\\/www.booksonthemove.fr\\\/media\\\/logo-NB-400.jpg\",\"contentUrl\":\"https:\\\/\\\/www.booksonthemove.fr\\\/media\\\/logo-NB-400.jpg\",\"width\":400,\"height\":143,\"caption\":\"Books on the Move\"},\"image\":{\"@id\":\"https:\\\/\\\/www.booksonthemove.fr\\\/#\\\/schema\\\/logo\\\/image\\\/\"},\"sameAs\":[\"https:\\\/\\\/www.facebook.com\\\/Librairiebooksonthemove\\\/\"]}]}<\/script>\n<!-- \/ Yoast SEO plugin. -->","yoast_head_json":{"title":"Th\u00e9orie queer et cultures populaires - Books on the Move","robots":{"index":"index","follow":"follow","max-snippet":"max-snippet:-1","max-image-preview":"max-image-preview:large","max-video-preview":"max-video-preview:-1"},"canonical":"https:\/\/www.booksonthemove.fr\/en\/produit\/theorie-queer-et-cultures-populaires\/","og_locale":"en_US","og_type":"article","og_title":"Th\u00e9orie queer et cultures populaires - Books on the Move","og_description":"AUTEURE : Teresa\u00a0de Lauretis EDITEUR :\u00a0Les \u00e9ditions La Dispute\u00a0(2023)  BROCH\u00c9 :\u00a0207 pages LANGUE : Fran\u00e7ais ISBN13 : 978 2 843 03330 8","og_url":"https:\/\/www.booksonthemove.fr\/en\/produit\/theorie-queer-et-cultures-populaires\/","og_site_name":"Books on the Move","article_publisher":"https:\/\/www.facebook.com\/Librairiebooksonthemove\/","article_modified_time":"2026-04-15T21:16:39+00:00","og_image":[{"width":410,"height":658,"url":"https:\/\/www.booksonthemove.fr\/media\/bom_2583.jpg","type":"image\/jpeg"}],"twitter_card":"summary_large_image","schema":{"@context":"https:\/\/schema.org","@graph":[{"@type":"WebPage","@id":"https:\/\/www.booksonthemove.fr\/en\/produit\/theorie-queer-et-cultures-populaires\/","url":"https:\/\/www.booksonthemove.fr\/en\/produit\/theorie-queer-et-cultures-populaires\/","name":"Th\u00e9orie queer et cultures populaires - Books on the Move","isPartOf":{"@id":"https:\/\/www.booksonthemove.fr\/#website"},"primaryImageOfPage":{"@id":"https:\/\/www.booksonthemove.fr\/en\/produit\/theorie-queer-et-cultures-populaires\/#primaryimage"},"image":{"@id":"https:\/\/www.booksonthemove.fr\/en\/produit\/theorie-queer-et-cultures-populaires\/#primaryimage"},"thumbnailUrl":"https:\/\/www.booksonthemove.fr\/media\/bom_2583.jpg","datePublished":"2023-05-06T20:55:30+00:00","dateModified":"2026-04-15T21:16:39+00:00","breadcrumb":{"@id":"https:\/\/www.booksonthemove.fr\/en\/produit\/theorie-queer-et-cultures-populaires\/#breadcrumb"},"inLanguage":"en-US","potentialAction":[{"@type":"ReadAction","target":["https:\/\/www.booksonthemove.fr\/en\/produit\/theorie-queer-et-cultures-populaires\/"]}]},{"@type":"ImageObject","inLanguage":"en-US","@id":"https:\/\/www.booksonthemove.fr\/en\/produit\/theorie-queer-et-cultures-populaires\/#primaryimage","url":"https:\/\/www.booksonthemove.fr\/media\/bom_2583.jpg","contentUrl":"https:\/\/www.booksonthemove.fr\/media\/bom_2583.jpg","width":410,"height":658},{"@type":"BreadcrumbList","@id":"https:\/\/www.booksonthemove.fr\/en\/produit\/theorie-queer-et-cultures-populaires\/#breadcrumb","itemListElement":[{"@type":"ListItem","position":1,"name":"Accueil","item":"https:\/\/www.booksonthemove.fr\/en\/"},{"@type":"ListItem","position":2,"name":"online store","item":"https:\/\/www.booksonthemove.fr\/en\/online-shop\/"},{"@type":"ListItem","position":3,"name":"Th\u00e9orie queer et cultures populaires"}]},{"@type":"WebSite","@id":"https:\/\/www.booksonthemove.fr\/#website","url":"https:\/\/www.booksonthemove.fr\/","name":"Books on the Move","description":"librairie nomade - danse - mouvement - performance","publisher":{"@id":"https:\/\/www.booksonthemove.fr\/#organization"},"potentialAction":[{"@type":"SearchAction","target":{"@type":"EntryPoint","urlTemplate":"https:\/\/www.booksonthemove.fr\/?s={search_term_string}"},"query-input":{"@type":"PropertyValueSpecification","valueRequired":true,"valueName":"search_term_string"}}],"inLanguage":"en-US"},{"@type":"Organization","@id":"https:\/\/www.booksonthemove.fr\/#organization","name":"Books on the Move","url":"https:\/\/www.booksonthemove.fr\/","logo":{"@type":"ImageObject","inLanguage":"en-US","@id":"https:\/\/www.booksonthemove.fr\/#\/schema\/logo\/image\/","url":"https:\/\/www.booksonthemove.fr\/media\/logo-NB-400.jpg","contentUrl":"https:\/\/www.booksonthemove.fr\/media\/logo-NB-400.jpg","width":400,"height":143,"caption":"Books on the Move"},"image":{"@id":"https:\/\/www.booksonthemove.fr\/#\/schema\/logo\/image\/"},"sameAs":["https:\/\/www.facebook.com\/Librairiebooksonthemove\/"]}]}},"_links":{"self":[{"href":"https:\/\/www.booksonthemove.fr\/en\/wp-json\/wp\/v2\/product\/36387","targetHints":{"allow":["GET"]}}],"collection":[{"href":"https:\/\/www.booksonthemove.fr\/en\/wp-json\/wp\/v2\/product"}],"about":[{"href":"https:\/\/www.booksonthemove.fr\/en\/wp-json\/wp\/v2\/types\/product"}],"wp:featuredmedia":[{"embeddable":true,"href":"https:\/\/www.booksonthemove.fr\/en\/wp-json\/wp\/v2\/media\/36386"}],"wp:attachment":[{"href":"https:\/\/www.booksonthemove.fr\/en\/wp-json\/wp\/v2\/media?parent=36387"}],"wp:term":[{"taxonomy":"product_brand","embeddable":true,"href":"https:\/\/www.booksonthemove.fr\/en\/wp-json\/wp\/v2\/product_brand?post=36387"},{"taxonomy":"product_cat","embeddable":true,"href":"https:\/\/www.booksonthemove.fr\/en\/wp-json\/wp\/v2\/product_cat?post=36387"},{"taxonomy":"product_tag","embeddable":true,"href":"https:\/\/www.booksonthemove.fr\/en\/wp-json\/wp\/v2\/product_tag?post=36387"}],"curies":[{"name":"wp","href":"https:\/\/api.w.org\/{rel}","templated":true}]}}