{"id":3643,"date":"2016-08-28T01:58:31","date_gmt":"2016-08-27T23:58:31","guid":{"rendered":"https:\/\/www.booksonthemove.fr\/en\/product\/tanz-wahnsinn-dance-choreomania-2\/"},"modified":"2023-04-03T17:37:39","modified_gmt":"2023-04-03T15:37:39","slug":"tanz-wahnsinn-dance-choreomania-2","status":"publish","type":"product","link":"https:\/\/www.booksonthemove.fr\/en\/produit\/tanz-wahnsinn-dance-choreomania-2\/","title":{"rendered":"Tanz &#038; WahnSinn \/ Dance &#038; ChoreoMania"},"content":{"rendered":"<p>Seit Jahrtausenden ist der Tanz immer wieder als Medium des Wahnsinns aufgetreten. Die Geschichte dieser Beziehung beginnt mit den Dionysien der Antike und zieht sich \u00fcber die kollektiven Massenwahnt\u00e4nze des Mittelalters, \u00fcber Wahnsinnsszenen im Romantischen Ballett und inszenierte Vorf\u00fchrungen von Hysterikerinnen bis hin zu heutigen Flashmobs und Techno-Raves. Der individuelle oder kollektive Ausnahmezustand findet im Tanz sowohl Ausdruck als auch Heilung. Bewegungsaspekte solcher wahnsinnigen mentalen und pathologischen Zust\u00e4nde haben den k\u00fcnstlerischen Tanz vielfach inspiriert, diese Expressionen zu choreografieren. Der Band thematisiert kultur- und medizinhistorische, philosophische, therapeutische und k\u00fcnstlerische Aspekte der Verbindung von Tanz und Wahnsinn. Ein Schwerpunkt ist der Thematisierung des Wahnsinns in zeitgen\u00f6ssischen Tanz &#8211; und Theaterprojekten gewidmet.<\/p>\n","protected":false},"excerpt":{"rendered":"<p><b>Hg.: <\/b> Johannes Birringer, Josephine Fenger<br \/>\n<strong>Verlag:<\/strong> Henschel Verlag (2011)<\/p>\n<p><strong>Reihe:<\/strong> Tanzforschung 2011<br \/>\n<b>Paperback: <\/b>336 Seiten<br \/>\n<b>Sprache: <\/b>Deutsch, Englisch<br \/>\n<strong>ISBN13:<\/strong> 978-3-89487-710-1<\/p>\n","protected":false},"featured_media":3087,"template":"","meta":[],"product_brand":[],"product_cat":[167,146,330],"product_tag":[],"class_list":{"0":"post-3643","1":"product","2":"type-product","3":"status-publish","4":"has-post-thumbnail","6":"product_cat-german-en","7":"product_cat-theoretical-texts-en","8":"product_cat-non-classe","10":"first","11":"outofstock","12":"taxable","13":"shipping-taxable","14":"purchasable","15":"product-type-simple"},"yoast_head":"<!-- This site is optimized with the Yoast SEO plugin v27.5 - https:\/\/yoast.com\/product\/yoast-seo-wordpress\/ -->\n<title>Tanz &amp; WahnSinn \/ Dance &amp; ChoreoMania - Books on the Move<\/title>\n<meta name=\"robots\" content=\"index, follow, max-snippet:-1, max-image-preview:large, max-video-preview:-1\" \/>\n<link rel=\"canonical\" href=\"https:\/\/www.booksonthemove.fr\/produit\/tanz-wahnsinn-dance-choreomania-2\/\" \/>\n<meta property=\"og:locale\" content=\"en_US\" \/>\n<meta property=\"og:type\" content=\"article\" \/>\n<meta property=\"og:title\" content=\"Tanz &amp; WahnSinn \/ Dance &amp; ChoreoMania - Books on the Move\" \/>\n<meta property=\"og:description\" content=\"Hg.: Johannes Birringer, Josephine Fenger Verlag: Henschel Verlag (2011)  Reihe: Tanzforschung 2011 Paperback: 336 Seiten Sprache: Deutsch, Englisch ISBN13: 978-3-89487-710-1\" \/>\n<meta property=\"og:url\" content=\"https:\/\/www.booksonthemove.fr\/produit\/tanz-wahnsinn-dance-choreomania-2\/\" \/>\n<meta property=\"og:site_name\" content=\"Books on the Move\" \/>\n<meta property=\"article:publisher\" content=\"https:\/\/www.facebook.com\/Librairiebooksonthemove\/\" \/>\n<meta property=\"article:modified_time\" content=\"2023-04-03T15:37:39+00:00\" \/>\n<meta property=\"og:image\" content=\"https:\/\/www.booksonthemove.fr\/media\/bom_1166_0.jpg\" \/>\n\t<meta property=\"og:image:width\" content=\"900\" \/>\n\t<meta property=\"og:image:height\" content=\"1437\" \/>\n\t<meta property=\"og:image:type\" content=\"image\/jpeg\" \/>\n<meta name=\"twitter:card\" content=\"summary_large_image\" \/>\n<script type=\"application\/ld+json\" class=\"yoast-schema-graph\">{\"@context\":\"https:\\\/\\\/schema.org\",\"@graph\":[{\"@type\":\"WebPage\",\"@id\":\"https:\\\/\\\/www.booksonthemove.fr\\\/produit\\\/tanz-wahnsinn-dance-choreomania-2\\\/\",\"url\":\"https:\\\/\\\/www.booksonthemove.fr\\\/produit\\\/tanz-wahnsinn-dance-choreomania-2\\\/\",\"name\":\"Tanz & WahnSinn \\\/ Dance & ChoreoMania - Books on the Move\",\"isPartOf\":{\"@id\":\"https:\\\/\\\/www.booksonthemove.fr\\\/#website\"},\"primaryImageOfPage\":{\"@id\":\"https:\\\/\\\/www.booksonthemove.fr\\\/produit\\\/tanz-wahnsinn-dance-choreomania-2\\\/#primaryimage\"},\"image\":{\"@id\":\"https:\\\/\\\/www.booksonthemove.fr\\\/produit\\\/tanz-wahnsinn-dance-choreomania-2\\\/#primaryimage\"},\"thumbnailUrl\":\"https:\\\/\\\/www.booksonthemove.fr\\\/media\\\/bom_1166_0.jpg\",\"datePublished\":\"2016-08-27T23:58:31+00:00\",\"dateModified\":\"2023-04-03T15:37:39+00:00\",\"breadcrumb\":{\"@id\":\"https:\\\/\\\/www.booksonthemove.fr\\\/produit\\\/tanz-wahnsinn-dance-choreomania-2\\\/#breadcrumb\"},\"inLanguage\":\"en-US\",\"potentialAction\":[{\"@type\":\"ReadAction\",\"target\":[\"https:\\\/\\\/www.booksonthemove.fr\\\/produit\\\/tanz-wahnsinn-dance-choreomania-2\\\/\"]}]},{\"@type\":\"ImageObject\",\"inLanguage\":\"en-US\",\"@id\":\"https:\\\/\\\/www.booksonthemove.fr\\\/produit\\\/tanz-wahnsinn-dance-choreomania-2\\\/#primaryimage\",\"url\":\"https:\\\/\\\/www.booksonthemove.fr\\\/media\\\/bom_1166_0.jpg\",\"contentUrl\":\"https:\\\/\\\/www.booksonthemove.fr\\\/media\\\/bom_1166_0.jpg\",\"width\":900,\"height\":1437},{\"@type\":\"BreadcrumbList\",\"@id\":\"https:\\\/\\\/www.booksonthemove.fr\\\/produit\\\/tanz-wahnsinn-dance-choreomania-2\\\/#breadcrumb\",\"itemListElement\":[{\"@type\":\"ListItem\",\"position\":1,\"name\":\"Accueil\",\"item\":\"https:\\\/\\\/www.booksonthemove.fr\\\/en\\\/\"},{\"@type\":\"ListItem\",\"position\":2,\"name\":\"online store\",\"item\":\"https:\\\/\\\/www.booksonthemove.fr\\\/en\\\/online-shop\\\/\"},{\"@type\":\"ListItem\",\"position\":3,\"name\":\"Tanz &#038; WahnSinn \\\/ Dance &#038; ChoreoMania\"}]},{\"@type\":\"WebSite\",\"@id\":\"https:\\\/\\\/www.booksonthemove.fr\\\/#website\",\"url\":\"https:\\\/\\\/www.booksonthemove.fr\\\/\",\"name\":\"Books on the Move\",\"description\":\"librairie nomade - danse - mouvement - performance\",\"publisher\":{\"@id\":\"https:\\\/\\\/www.booksonthemove.fr\\\/#organization\"},\"potentialAction\":[{\"@type\":\"SearchAction\",\"target\":{\"@type\":\"EntryPoint\",\"urlTemplate\":\"https:\\\/\\\/www.booksonthemove.fr\\\/?s={search_term_string}\"},\"query-input\":{\"@type\":\"PropertyValueSpecification\",\"valueRequired\":true,\"valueName\":\"search_term_string\"}}],\"inLanguage\":\"en-US\"},{\"@type\":\"Organization\",\"@id\":\"https:\\\/\\\/www.booksonthemove.fr\\\/#organization\",\"name\":\"Books on the Move\",\"url\":\"https:\\\/\\\/www.booksonthemove.fr\\\/\",\"logo\":{\"@type\":\"ImageObject\",\"inLanguage\":\"en-US\",\"@id\":\"https:\\\/\\\/www.booksonthemove.fr\\\/#\\\/schema\\\/logo\\\/image\\\/\",\"url\":\"https:\\\/\\\/www.booksonthemove.fr\\\/media\\\/logo-NB-400.jpg\",\"contentUrl\":\"https:\\\/\\\/www.booksonthemove.fr\\\/media\\\/logo-NB-400.jpg\",\"width\":400,\"height\":143,\"caption\":\"Books on the Move\"},\"image\":{\"@id\":\"https:\\\/\\\/www.booksonthemove.fr\\\/#\\\/schema\\\/logo\\\/image\\\/\"},\"sameAs\":[\"https:\\\/\\\/www.facebook.com\\\/Librairiebooksonthemove\\\/\"]}]}<\/script>\n<!-- \/ Yoast SEO plugin. -->","yoast_head_json":{"title":"Tanz & WahnSinn \/ Dance & ChoreoMania - Books on the Move","robots":{"index":"index","follow":"follow","max-snippet":"max-snippet:-1","max-image-preview":"max-image-preview:large","max-video-preview":"max-video-preview:-1"},"canonical":"https:\/\/www.booksonthemove.fr\/produit\/tanz-wahnsinn-dance-choreomania-2\/","og_locale":"en_US","og_type":"article","og_title":"Tanz & WahnSinn \/ Dance & ChoreoMania - Books on the Move","og_description":"Hg.: Johannes Birringer, Josephine Fenger Verlag: Henschel Verlag (2011)  Reihe: Tanzforschung 2011 Paperback: 336 Seiten Sprache: Deutsch, Englisch ISBN13: 978-3-89487-710-1","og_url":"https:\/\/www.booksonthemove.fr\/produit\/tanz-wahnsinn-dance-choreomania-2\/","og_site_name":"Books on the Move","article_publisher":"https:\/\/www.facebook.com\/Librairiebooksonthemove\/","article_modified_time":"2023-04-03T15:37:39+00:00","og_image":[{"width":900,"height":1437,"url":"https:\/\/www.booksonthemove.fr\/media\/bom_1166_0.jpg","type":"image\/jpeg"}],"twitter_card":"summary_large_image","schema":{"@context":"https:\/\/schema.org","@graph":[{"@type":"WebPage","@id":"https:\/\/www.booksonthemove.fr\/produit\/tanz-wahnsinn-dance-choreomania-2\/","url":"https:\/\/www.booksonthemove.fr\/produit\/tanz-wahnsinn-dance-choreomania-2\/","name":"Tanz & WahnSinn \/ Dance & ChoreoMania - Books on the Move","isPartOf":{"@id":"https:\/\/www.booksonthemove.fr\/#website"},"primaryImageOfPage":{"@id":"https:\/\/www.booksonthemove.fr\/produit\/tanz-wahnsinn-dance-choreomania-2\/#primaryimage"},"image":{"@id":"https:\/\/www.booksonthemove.fr\/produit\/tanz-wahnsinn-dance-choreomania-2\/#primaryimage"},"thumbnailUrl":"https:\/\/www.booksonthemove.fr\/media\/bom_1166_0.jpg","datePublished":"2016-08-27T23:58:31+00:00","dateModified":"2023-04-03T15:37:39+00:00","breadcrumb":{"@id":"https:\/\/www.booksonthemove.fr\/produit\/tanz-wahnsinn-dance-choreomania-2\/#breadcrumb"},"inLanguage":"en-US","potentialAction":[{"@type":"ReadAction","target":["https:\/\/www.booksonthemove.fr\/produit\/tanz-wahnsinn-dance-choreomania-2\/"]}]},{"@type":"ImageObject","inLanguage":"en-US","@id":"https:\/\/www.booksonthemove.fr\/produit\/tanz-wahnsinn-dance-choreomania-2\/#primaryimage","url":"https:\/\/www.booksonthemove.fr\/media\/bom_1166_0.jpg","contentUrl":"https:\/\/www.booksonthemove.fr\/media\/bom_1166_0.jpg","width":900,"height":1437},{"@type":"BreadcrumbList","@id":"https:\/\/www.booksonthemove.fr\/produit\/tanz-wahnsinn-dance-choreomania-2\/#breadcrumb","itemListElement":[{"@type":"ListItem","position":1,"name":"Accueil","item":"https:\/\/www.booksonthemove.fr\/en\/"},{"@type":"ListItem","position":2,"name":"online store","item":"https:\/\/www.booksonthemove.fr\/en\/online-shop\/"},{"@type":"ListItem","position":3,"name":"Tanz &#038; WahnSinn \/ Dance &#038; ChoreoMania"}]},{"@type":"WebSite","@id":"https:\/\/www.booksonthemove.fr\/#website","url":"https:\/\/www.booksonthemove.fr\/","name":"Books on the Move","description":"librairie nomade - danse - mouvement - performance","publisher":{"@id":"https:\/\/www.booksonthemove.fr\/#organization"},"potentialAction":[{"@type":"SearchAction","target":{"@type":"EntryPoint","urlTemplate":"https:\/\/www.booksonthemove.fr\/?s={search_term_string}"},"query-input":{"@type":"PropertyValueSpecification","valueRequired":true,"valueName":"search_term_string"}}],"inLanguage":"en-US"},{"@type":"Organization","@id":"https:\/\/www.booksonthemove.fr\/#organization","name":"Books on the Move","url":"https:\/\/www.booksonthemove.fr\/","logo":{"@type":"ImageObject","inLanguage":"en-US","@id":"https:\/\/www.booksonthemove.fr\/#\/schema\/logo\/image\/","url":"https:\/\/www.booksonthemove.fr\/media\/logo-NB-400.jpg","contentUrl":"https:\/\/www.booksonthemove.fr\/media\/logo-NB-400.jpg","width":400,"height":143,"caption":"Books on the Move"},"image":{"@id":"https:\/\/www.booksonthemove.fr\/#\/schema\/logo\/image\/"},"sameAs":["https:\/\/www.facebook.com\/Librairiebooksonthemove\/"]}]}},"_links":{"self":[{"href":"https:\/\/www.booksonthemove.fr\/en\/wp-json\/wp\/v2\/product\/3643","targetHints":{"allow":["GET"]}}],"collection":[{"href":"https:\/\/www.booksonthemove.fr\/en\/wp-json\/wp\/v2\/product"}],"about":[{"href":"https:\/\/www.booksonthemove.fr\/en\/wp-json\/wp\/v2\/types\/product"}],"wp:featuredmedia":[{"embeddable":true,"href":"https:\/\/www.booksonthemove.fr\/en\/wp-json\/wp\/v2\/media\/3087"}],"wp:attachment":[{"href":"https:\/\/www.booksonthemove.fr\/en\/wp-json\/wp\/v2\/media?parent=3643"}],"wp:term":[{"taxonomy":"product_brand","embeddable":true,"href":"https:\/\/www.booksonthemove.fr\/en\/wp-json\/wp\/v2\/product_brand?post=3643"},{"taxonomy":"product_cat","embeddable":true,"href":"https:\/\/www.booksonthemove.fr\/en\/wp-json\/wp\/v2\/product_cat?post=3643"},{"taxonomy":"product_tag","embeddable":true,"href":"https:\/\/www.booksonthemove.fr\/en\/wp-json\/wp\/v2\/product_tag?post=3643"}],"curies":[{"name":"wp","href":"https:\/\/api.w.org\/{rel}","templated":true}]}}