{"id":3655,"date":"2016-08-19T13:59:17","date_gmt":"2016-08-19T11:59:17","guid":{"rendered":"https:\/\/www.booksonthemove.fr\/en\/product\/heureux-alright\/"},"modified":"2024-11-07T23:59:24","modified_gmt":"2024-11-07T22:59:24","slug":"heureux-alright","status":"publish","type":"product","link":"https:\/\/www.booksonthemove.fr\/en\/produit\/heureux-alright\/","title":{"rendered":"Heureux Alright!"},"content":{"rendered":"<p class=\"bodytext\">M\u00e9tamorphoses des corps, des visages, des paysages : dans un univers trouble aux confins du r\u00eave et de l\u2019errance mentale, la mati\u00e8re palpite, se dissout, et cr\u00e9e, par ses mouvements, un sens toujours fluctuant, jamais fix\u00e9.<\/p>\n<p class=\"bodytext\">En perp\u00e9tuelle transformation, les corps se meuvent, se r\u00e9pondent et se fondent au creux de d\u00e9cors mouvants et d\u00e9lav\u00e9s.<\/p>\n<p class=\"bodytext\">Aux ondulations d\u2019un espace et de corps toujours changeants se superpose un dialogue lancinant de voix qui cherchent \u00e0 se dire, \u00e0 se d\u00e9finir, \u00e0 s\u2019atteindre sans jamais y parvenir vraiment. N\u00e9e dans le cadre du projet chor\u00e9graphique de Karine Ponties, Holeulone, la rencontre entre les images issues des s\u00e9quences anim\u00e9es de Thierry Van Hasselt et l\u2019\u00e9criture de la po\u00e8te canadienne Myl\u00e8ne Lauzon repousse les limites de la perception tout en cr\u00e9ant un langage visuel et narratif \u00e0 part, constitu\u00e9 de la rugosit\u00e9 de la mati\u00e8re autant que des mots r\u00e9p\u00e9t\u00e9s, martel\u00e9s d\u2019une langue \u00e0 l\u2019autre.<\/p>\n<p class=\"bodytext\">Noce de la po\u00e9sie contemporaine et de l\u2019exp\u00e9rimentation visuelle,\u00a0<span class=\"csc-sword\">Heureux<\/span>, Alright ! ouvre de nouveaux horizons dans le champ de la litt\u00e9rature graphique.<\/p>\n","protected":false},"excerpt":{"rendered":"<p><strong>Auteurs<\/strong>: Thierry Van Hasselt &amp; Myl\u00e8ne Lauzon<br \/>\n<strong>Editeur:<\/strong> FRMK (2008)<\/p>\n<p><strong>Reli\u00e9 brut + jaquette<\/strong> : 32 pages<br \/>\n<strong>Langue:<\/strong> Fran\u00e7ais<br \/>\n<strong>ISBN13<\/strong>: 978 2 930 20492 5<\/p>\n","protected":false},"featured_media":3356,"template":"","meta":[],"product_brand":[],"product_cat":[213,162,199],"product_tag":[],"class_list":{"0":"post-3655","1":"product","2":"type-product","3":"status-publish","4":"has-post-thumbnail","6":"product_cat-comics-en","7":"product_cat-french-en","8":"product_cat-poetry-en","10":"first","11":"outofstock","12":"taxable","13":"shipping-taxable","14":"purchasable","15":"product-type-simple"},"yoast_head":"<!-- This site is optimized with the Yoast SEO plugin v27.4 - https:\/\/yoast.com\/product\/yoast-seo-wordpress\/ -->\n<title>Heureux Alright! - Books on the Move<\/title>\n<meta name=\"robots\" content=\"index, follow, max-snippet:-1, max-image-preview:large, max-video-preview:-1\" \/>\n<link rel=\"canonical\" href=\"https:\/\/www.booksonthemove.fr\/produit\/heureux-alright\/\" \/>\n<meta property=\"og:locale\" content=\"en_US\" \/>\n<meta property=\"og:type\" content=\"article\" \/>\n<meta property=\"og:title\" content=\"Heureux Alright! - Books on the Move\" \/>\n<meta property=\"og:description\" content=\"Auteurs: Thierry Van Hasselt &amp; Myl\u00e8ne Lauzon Editeur: FRMK (2008)  Reli\u00e9 brut + jaquette : 32 pages Langue: Fran\u00e7ais ISBN13: 978 2 930 20492 5\" \/>\n<meta property=\"og:url\" content=\"https:\/\/www.booksonthemove.fr\/produit\/heureux-alright\/\" \/>\n<meta property=\"og:site_name\" content=\"Books on the Move\" \/>\n<meta property=\"article:publisher\" content=\"https:\/\/www.facebook.com\/Librairiebooksonthemove\/\" \/>\n<meta property=\"article:modified_time\" content=\"2024-11-07T22:59:24+00:00\" \/>\n<meta property=\"og:image\" content=\"https:\/\/www.booksonthemove.fr\/media\/bom_1533_0.jpg\" \/>\n\t<meta property=\"og:image:width\" content=\"900\" \/>\n\t<meta property=\"og:image:height\" content=\"1389\" \/>\n\t<meta property=\"og:image:type\" content=\"image\/jpeg\" \/>\n<meta name=\"twitter:card\" content=\"summary_large_image\" \/>\n<script type=\"application\/ld+json\" class=\"yoast-schema-graph\">{\"@context\":\"https:\\\/\\\/schema.org\",\"@graph\":[{\"@type\":\"WebPage\",\"@id\":\"https:\\\/\\\/www.booksonthemove.fr\\\/produit\\\/heureux-alright\\\/\",\"url\":\"https:\\\/\\\/www.booksonthemove.fr\\\/produit\\\/heureux-alright\\\/\",\"name\":\"Heureux Alright! - Books on the Move\",\"isPartOf\":{\"@id\":\"https:\\\/\\\/www.booksonthemove.fr\\\/#website\"},\"primaryImageOfPage\":{\"@id\":\"https:\\\/\\\/www.booksonthemove.fr\\\/produit\\\/heureux-alright\\\/#primaryimage\"},\"image\":{\"@id\":\"https:\\\/\\\/www.booksonthemove.fr\\\/produit\\\/heureux-alright\\\/#primaryimage\"},\"thumbnailUrl\":\"https:\\\/\\\/www.booksonthemove.fr\\\/media\\\/bom_1533_0.jpg\",\"datePublished\":\"2016-08-19T11:59:17+00:00\",\"dateModified\":\"2024-11-07T22:59:24+00:00\",\"breadcrumb\":{\"@id\":\"https:\\\/\\\/www.booksonthemove.fr\\\/produit\\\/heureux-alright\\\/#breadcrumb\"},\"inLanguage\":\"en-US\",\"potentialAction\":[{\"@type\":\"ReadAction\",\"target\":[\"https:\\\/\\\/www.booksonthemove.fr\\\/produit\\\/heureux-alright\\\/\"]}]},{\"@type\":\"ImageObject\",\"inLanguage\":\"en-US\",\"@id\":\"https:\\\/\\\/www.booksonthemove.fr\\\/produit\\\/heureux-alright\\\/#primaryimage\",\"url\":\"https:\\\/\\\/www.booksonthemove.fr\\\/media\\\/bom_1533_0.jpg\",\"contentUrl\":\"https:\\\/\\\/www.booksonthemove.fr\\\/media\\\/bom_1533_0.jpg\",\"width\":900,\"height\":1389},{\"@type\":\"BreadcrumbList\",\"@id\":\"https:\\\/\\\/www.booksonthemove.fr\\\/produit\\\/heureux-alright\\\/#breadcrumb\",\"itemListElement\":[{\"@type\":\"ListItem\",\"position\":1,\"name\":\"Accueil\",\"item\":\"https:\\\/\\\/www.booksonthemove.fr\\\/en\\\/\"},{\"@type\":\"ListItem\",\"position\":2,\"name\":\"online store\",\"item\":\"https:\\\/\\\/www.booksonthemove.fr\\\/en\\\/online-shop\\\/\"},{\"@type\":\"ListItem\",\"position\":3,\"name\":\"Heureux Alright!\"}]},{\"@type\":\"WebSite\",\"@id\":\"https:\\\/\\\/www.booksonthemove.fr\\\/#website\",\"url\":\"https:\\\/\\\/www.booksonthemove.fr\\\/\",\"name\":\"Books on the Move\",\"description\":\"librairie nomade - danse - mouvement - performance\",\"publisher\":{\"@id\":\"https:\\\/\\\/www.booksonthemove.fr\\\/#organization\"},\"potentialAction\":[{\"@type\":\"SearchAction\",\"target\":{\"@type\":\"EntryPoint\",\"urlTemplate\":\"https:\\\/\\\/www.booksonthemove.fr\\\/?s={search_term_string}\"},\"query-input\":{\"@type\":\"PropertyValueSpecification\",\"valueRequired\":true,\"valueName\":\"search_term_string\"}}],\"inLanguage\":\"en-US\"},{\"@type\":\"Organization\",\"@id\":\"https:\\\/\\\/www.booksonthemove.fr\\\/#organization\",\"name\":\"Books on the Move\",\"url\":\"https:\\\/\\\/www.booksonthemove.fr\\\/\",\"logo\":{\"@type\":\"ImageObject\",\"inLanguage\":\"en-US\",\"@id\":\"https:\\\/\\\/www.booksonthemove.fr\\\/#\\\/schema\\\/logo\\\/image\\\/\",\"url\":\"https:\\\/\\\/www.booksonthemove.fr\\\/media\\\/logo-NB-400.jpg\",\"contentUrl\":\"https:\\\/\\\/www.booksonthemove.fr\\\/media\\\/logo-NB-400.jpg\",\"width\":400,\"height\":143,\"caption\":\"Books on the Move\"},\"image\":{\"@id\":\"https:\\\/\\\/www.booksonthemove.fr\\\/#\\\/schema\\\/logo\\\/image\\\/\"},\"sameAs\":[\"https:\\\/\\\/www.facebook.com\\\/Librairiebooksonthemove\\\/\"]}]}<\/script>\n<!-- \/ Yoast SEO plugin. -->","yoast_head_json":{"title":"Heureux Alright! - Books on the Move","robots":{"index":"index","follow":"follow","max-snippet":"max-snippet:-1","max-image-preview":"max-image-preview:large","max-video-preview":"max-video-preview:-1"},"canonical":"https:\/\/www.booksonthemove.fr\/produit\/heureux-alright\/","og_locale":"en_US","og_type":"article","og_title":"Heureux Alright! - Books on the Move","og_description":"Auteurs: Thierry Van Hasselt &amp; Myl\u00e8ne Lauzon Editeur: FRMK (2008)  Reli\u00e9 brut + jaquette : 32 pages Langue: Fran\u00e7ais ISBN13: 978 2 930 20492 5","og_url":"https:\/\/www.booksonthemove.fr\/produit\/heureux-alright\/","og_site_name":"Books on the Move","article_publisher":"https:\/\/www.facebook.com\/Librairiebooksonthemove\/","article_modified_time":"2024-11-07T22:59:24+00:00","og_image":[{"width":900,"height":1389,"url":"https:\/\/www.booksonthemove.fr\/media\/bom_1533_0.jpg","type":"image\/jpeg"}],"twitter_card":"summary_large_image","schema":{"@context":"https:\/\/schema.org","@graph":[{"@type":"WebPage","@id":"https:\/\/www.booksonthemove.fr\/produit\/heureux-alright\/","url":"https:\/\/www.booksonthemove.fr\/produit\/heureux-alright\/","name":"Heureux Alright! - Books on the Move","isPartOf":{"@id":"https:\/\/www.booksonthemove.fr\/#website"},"primaryImageOfPage":{"@id":"https:\/\/www.booksonthemove.fr\/produit\/heureux-alright\/#primaryimage"},"image":{"@id":"https:\/\/www.booksonthemove.fr\/produit\/heureux-alright\/#primaryimage"},"thumbnailUrl":"https:\/\/www.booksonthemove.fr\/media\/bom_1533_0.jpg","datePublished":"2016-08-19T11:59:17+00:00","dateModified":"2024-11-07T22:59:24+00:00","breadcrumb":{"@id":"https:\/\/www.booksonthemove.fr\/produit\/heureux-alright\/#breadcrumb"},"inLanguage":"en-US","potentialAction":[{"@type":"ReadAction","target":["https:\/\/www.booksonthemove.fr\/produit\/heureux-alright\/"]}]},{"@type":"ImageObject","inLanguage":"en-US","@id":"https:\/\/www.booksonthemove.fr\/produit\/heureux-alright\/#primaryimage","url":"https:\/\/www.booksonthemove.fr\/media\/bom_1533_0.jpg","contentUrl":"https:\/\/www.booksonthemove.fr\/media\/bom_1533_0.jpg","width":900,"height":1389},{"@type":"BreadcrumbList","@id":"https:\/\/www.booksonthemove.fr\/produit\/heureux-alright\/#breadcrumb","itemListElement":[{"@type":"ListItem","position":1,"name":"Accueil","item":"https:\/\/www.booksonthemove.fr\/en\/"},{"@type":"ListItem","position":2,"name":"online store","item":"https:\/\/www.booksonthemove.fr\/en\/online-shop\/"},{"@type":"ListItem","position":3,"name":"Heureux Alright!"}]},{"@type":"WebSite","@id":"https:\/\/www.booksonthemove.fr\/#website","url":"https:\/\/www.booksonthemove.fr\/","name":"Books on the Move","description":"librairie nomade - danse - mouvement - performance","publisher":{"@id":"https:\/\/www.booksonthemove.fr\/#organization"},"potentialAction":[{"@type":"SearchAction","target":{"@type":"EntryPoint","urlTemplate":"https:\/\/www.booksonthemove.fr\/?s={search_term_string}"},"query-input":{"@type":"PropertyValueSpecification","valueRequired":true,"valueName":"search_term_string"}}],"inLanguage":"en-US"},{"@type":"Organization","@id":"https:\/\/www.booksonthemove.fr\/#organization","name":"Books on the Move","url":"https:\/\/www.booksonthemove.fr\/","logo":{"@type":"ImageObject","inLanguage":"en-US","@id":"https:\/\/www.booksonthemove.fr\/#\/schema\/logo\/image\/","url":"https:\/\/www.booksonthemove.fr\/media\/logo-NB-400.jpg","contentUrl":"https:\/\/www.booksonthemove.fr\/media\/logo-NB-400.jpg","width":400,"height":143,"caption":"Books on the Move"},"image":{"@id":"https:\/\/www.booksonthemove.fr\/#\/schema\/logo\/image\/"},"sameAs":["https:\/\/www.facebook.com\/Librairiebooksonthemove\/"]}]}},"_links":{"self":[{"href":"https:\/\/www.booksonthemove.fr\/en\/wp-json\/wp\/v2\/product\/3655","targetHints":{"allow":["GET"]}}],"collection":[{"href":"https:\/\/www.booksonthemove.fr\/en\/wp-json\/wp\/v2\/product"}],"about":[{"href":"https:\/\/www.booksonthemove.fr\/en\/wp-json\/wp\/v2\/types\/product"}],"wp:featuredmedia":[{"embeddable":true,"href":"https:\/\/www.booksonthemove.fr\/en\/wp-json\/wp\/v2\/media\/3356"}],"wp:attachment":[{"href":"https:\/\/www.booksonthemove.fr\/en\/wp-json\/wp\/v2\/media?parent=3655"}],"wp:term":[{"taxonomy":"product_brand","embeddable":true,"href":"https:\/\/www.booksonthemove.fr\/en\/wp-json\/wp\/v2\/product_brand?post=3655"},{"taxonomy":"product_cat","embeddable":true,"href":"https:\/\/www.booksonthemove.fr\/en\/wp-json\/wp\/v2\/product_cat?post=3655"},{"taxonomy":"product_tag","embeddable":true,"href":"https:\/\/www.booksonthemove.fr\/en\/wp-json\/wp\/v2\/product_tag?post=3655"}],"curies":[{"name":"wp","href":"https:\/\/api.w.org\/{rel}","templated":true}]}}