{"id":3663,"date":"2016-08-19T13:59:17","date_gmt":"2016-08-19T11:59:17","guid":{"rendered":"https:\/\/www.booksonthemove.fr\/en\/product\/choreografischer-baukasten-das-buch\/"},"modified":"2023-12-02T21:15:36","modified_gmt":"2023-12-02T20:15:36","slug":"choreografischer-baukasten-das-buch","status":"publish","type":"product","link":"https:\/\/www.booksonthemove.fr\/en\/produit\/choreografischer-baukasten-das-buch\/","title":{"rendered":"Choreografischer Baukasten das Buch"},"content":{"rendered":"<p class=\"bodytext\">Der \u00bbChoreografische\u00a0<span class=\"csc-sword\">Baukasten<\/span>\u00ab ist eine an der zeitgen\u00f6ssischen choreografischen Praxis orientierte \u203aWerkzeugkiste\u2039. Er entstand in Zusammenarbeit mit international renommierten Choreograf_innen, die Erfahrungen aus eigenen k\u00fcnstlerischen Projekten eingebracht haben. Der\u00a0<span class=\"csc-sword\">Baukasten<\/span>\u00a0pr\u00e4sentiert ein breites Spektrum zeitgen\u00f6ssischer\u00a0<span class=\"csc-sword\">choreografischer<\/span>\u00a0Arbeitsweisen und ist von der Idee geleitet, M\u00f6glichkeitsr\u00e4ume f\u00fcr eine choreografische Praxis zu schaffen.<\/p>\n<p class=\"bodytext\">Der \u00bbChoreografische\u00a0<span class=\"csc-sword\">Baukasten<\/span>. Das Buch\u00ab \u00fcbertr\u00e4gt das offene\u00a0<span class=\"csc-sword\">Baukasten<\/span>-System in ein Buchformat in Kombination mit digital abrufbaren Materialien.<\/p>\n<p class=\"bodytext\">Das Buch versammelt praxisorientierte Module zu den Themen \u00bbGenerierung\u00ab, \u00bbFormgebung\u00ab, \u00bbSpielweisen\u00ab, \u00bbZusammenarbeit\u00ab und \u00bbKomposition\u00ab sowie einen Essay zur zeitgen\u00f6ssischen Choreografie und Interviews mit Jonathan Burrows, Nik Haffner, Thomas Kampe, Martin Nachbar, Jochen Roller, Anna Huber und Hubert Machnik, die einzelne Arbeitsweisen exemplarisch veranschaulichen.<\/p>\n<p class=\"bodytext\">Zusammen mit den digital abrufbaren Praxiskarten liefert der \u00bbChoreografische\u00a0<span class=\"csc-sword\">Baukasten<\/span>. Das Buch\u00ab Anregungen f\u00fcr erfahrene Choreograf_innen und T\u00e4nzer_innen sowie alle, die in Theater, Performance oder in therapeutischen Settings mit choreografischen Prozessen und Produktionen befasst sind. Er stellt aber auch jenen, die bislang wenig Erfahrung mit Choreografie hatten, das Handwerkszeug zur Verf\u00fcgung f\u00fcr einen experimentellen, spielerischen Umgang mit Bewegung und Tanz.<\/p>\n","protected":false},"excerpt":{"rendered":"<p><strong>Hg.:<\/strong> Gabriele Klein<br \/>\n<strong>Verlag:<\/strong> [transcript] (2015)<\/p>\n<p><strong>Paperback:<\/strong> 280 Seiten<br \/>\n<strong>Sprache:<\/strong> Deutsch<br \/>\n<strong>ISBN13:<\/strong> 978-3-8394-3186-3<\/p>\n","protected":false},"featured_media":3372,"template":"","meta":[],"product_brand":[],"product_cat":[167,240,227,140,139],"product_tag":[],"class_list":{"0":"post-3663","1":"product","2":"type-product","3":"status-publish","4":"has-post-thumbnail","6":"product_cat-german-en","7":"product_cat-choreography-en","8":"product_cat-essays-en","9":"product_cat-education-dance-technique-en","10":"product_cat-work-process-en","12":"first","13":"outofstock","14":"taxable","15":"shipping-taxable","16":"purchasable","17":"product-type-simple"},"yoast_head":"<!-- This site is optimized with the Yoast SEO plugin v27.5 - https:\/\/yoast.com\/product\/yoast-seo-wordpress\/ -->\n<title>Choreografischer Baukasten das Buch - Books on the Move<\/title>\n<meta name=\"robots\" content=\"index, follow, max-snippet:-1, max-image-preview:large, max-video-preview:-1\" \/>\n<link rel=\"canonical\" href=\"https:\/\/www.booksonthemove.fr\/produit\/choreografischer-baukasten-das-buch\/\" \/>\n<meta property=\"og:locale\" content=\"en_US\" \/>\n<meta property=\"og:type\" content=\"article\" \/>\n<meta property=\"og:title\" content=\"Choreografischer Baukasten das Buch - Books on the Move\" \/>\n<meta property=\"og:description\" content=\"Hg.: Gabriele Klein Verlag: [transcript] (2015)  Paperback: 280 Seiten Sprache: Deutsch ISBN13: 978-3-8394-3186-3\" \/>\n<meta property=\"og:url\" content=\"https:\/\/www.booksonthemove.fr\/produit\/choreografischer-baukasten-das-buch\/\" \/>\n<meta property=\"og:site_name\" content=\"Books on the Move\" \/>\n<meta property=\"article:publisher\" content=\"https:\/\/www.facebook.com\/Librairiebooksonthemove\/\" \/>\n<meta property=\"article:modified_time\" content=\"2023-12-02T20:15:36+00:00\" \/>\n<meta property=\"og:image\" content=\"https:\/\/www.booksonthemove.fr\/media\/bom_1556_0.jpg\" \/>\n\t<meta property=\"og:image:width\" content=\"900\" \/>\n\t<meta property=\"og:image:height\" content=\"1378\" \/>\n\t<meta property=\"og:image:type\" content=\"image\/jpeg\" \/>\n<meta name=\"twitter:card\" content=\"summary_large_image\" \/>\n<script type=\"application\/ld+json\" class=\"yoast-schema-graph\">{\"@context\":\"https:\\\/\\\/schema.org\",\"@graph\":[{\"@type\":\"WebPage\",\"@id\":\"https:\\\/\\\/www.booksonthemove.fr\\\/produit\\\/choreografischer-baukasten-das-buch\\\/\",\"url\":\"https:\\\/\\\/www.booksonthemove.fr\\\/produit\\\/choreografischer-baukasten-das-buch\\\/\",\"name\":\"Choreografischer Baukasten das Buch - Books on the Move\",\"isPartOf\":{\"@id\":\"https:\\\/\\\/www.booksonthemove.fr\\\/#website\"},\"primaryImageOfPage\":{\"@id\":\"https:\\\/\\\/www.booksonthemove.fr\\\/produit\\\/choreografischer-baukasten-das-buch\\\/#primaryimage\"},\"image\":{\"@id\":\"https:\\\/\\\/www.booksonthemove.fr\\\/produit\\\/choreografischer-baukasten-das-buch\\\/#primaryimage\"},\"thumbnailUrl\":\"https:\\\/\\\/www.booksonthemove.fr\\\/media\\\/bom_1556_0.jpg\",\"datePublished\":\"2016-08-19T11:59:17+00:00\",\"dateModified\":\"2023-12-02T20:15:36+00:00\",\"breadcrumb\":{\"@id\":\"https:\\\/\\\/www.booksonthemove.fr\\\/produit\\\/choreografischer-baukasten-das-buch\\\/#breadcrumb\"},\"inLanguage\":\"en-US\",\"potentialAction\":[{\"@type\":\"ReadAction\",\"target\":[\"https:\\\/\\\/www.booksonthemove.fr\\\/produit\\\/choreografischer-baukasten-das-buch\\\/\"]}]},{\"@type\":\"ImageObject\",\"inLanguage\":\"en-US\",\"@id\":\"https:\\\/\\\/www.booksonthemove.fr\\\/produit\\\/choreografischer-baukasten-das-buch\\\/#primaryimage\",\"url\":\"https:\\\/\\\/www.booksonthemove.fr\\\/media\\\/bom_1556_0.jpg\",\"contentUrl\":\"https:\\\/\\\/www.booksonthemove.fr\\\/media\\\/bom_1556_0.jpg\",\"width\":900,\"height\":1378},{\"@type\":\"BreadcrumbList\",\"@id\":\"https:\\\/\\\/www.booksonthemove.fr\\\/produit\\\/choreografischer-baukasten-das-buch\\\/#breadcrumb\",\"itemListElement\":[{\"@type\":\"ListItem\",\"position\":1,\"name\":\"Accueil\",\"item\":\"https:\\\/\\\/www.booksonthemove.fr\\\/en\\\/\"},{\"@type\":\"ListItem\",\"position\":2,\"name\":\"online store\",\"item\":\"https:\\\/\\\/www.booksonthemove.fr\\\/en\\\/online-shop\\\/\"},{\"@type\":\"ListItem\",\"position\":3,\"name\":\"Choreografischer Baukasten das Buch\"}]},{\"@type\":\"WebSite\",\"@id\":\"https:\\\/\\\/www.booksonthemove.fr\\\/#website\",\"url\":\"https:\\\/\\\/www.booksonthemove.fr\\\/\",\"name\":\"Books on the Move\",\"description\":\"librairie nomade - danse - mouvement - performance\",\"publisher\":{\"@id\":\"https:\\\/\\\/www.booksonthemove.fr\\\/#organization\"},\"potentialAction\":[{\"@type\":\"SearchAction\",\"target\":{\"@type\":\"EntryPoint\",\"urlTemplate\":\"https:\\\/\\\/www.booksonthemove.fr\\\/?s={search_term_string}\"},\"query-input\":{\"@type\":\"PropertyValueSpecification\",\"valueRequired\":true,\"valueName\":\"search_term_string\"}}],\"inLanguage\":\"en-US\"},{\"@type\":\"Organization\",\"@id\":\"https:\\\/\\\/www.booksonthemove.fr\\\/#organization\",\"name\":\"Books on the Move\",\"url\":\"https:\\\/\\\/www.booksonthemove.fr\\\/\",\"logo\":{\"@type\":\"ImageObject\",\"inLanguage\":\"en-US\",\"@id\":\"https:\\\/\\\/www.booksonthemove.fr\\\/#\\\/schema\\\/logo\\\/image\\\/\",\"url\":\"https:\\\/\\\/www.booksonthemove.fr\\\/media\\\/logo-NB-400.jpg\",\"contentUrl\":\"https:\\\/\\\/www.booksonthemove.fr\\\/media\\\/logo-NB-400.jpg\",\"width\":400,\"height\":143,\"caption\":\"Books on the Move\"},\"image\":{\"@id\":\"https:\\\/\\\/www.booksonthemove.fr\\\/#\\\/schema\\\/logo\\\/image\\\/\"},\"sameAs\":[\"https:\\\/\\\/www.facebook.com\\\/Librairiebooksonthemove\\\/\"]}]}<\/script>\n<!-- \/ Yoast SEO plugin. -->","yoast_head_json":{"title":"Choreografischer Baukasten das Buch - Books on the Move","robots":{"index":"index","follow":"follow","max-snippet":"max-snippet:-1","max-image-preview":"max-image-preview:large","max-video-preview":"max-video-preview:-1"},"canonical":"https:\/\/www.booksonthemove.fr\/produit\/choreografischer-baukasten-das-buch\/","og_locale":"en_US","og_type":"article","og_title":"Choreografischer Baukasten das Buch - Books on the Move","og_description":"Hg.: Gabriele Klein Verlag: [transcript] (2015)  Paperback: 280 Seiten Sprache: Deutsch ISBN13: 978-3-8394-3186-3","og_url":"https:\/\/www.booksonthemove.fr\/produit\/choreografischer-baukasten-das-buch\/","og_site_name":"Books on the Move","article_publisher":"https:\/\/www.facebook.com\/Librairiebooksonthemove\/","article_modified_time":"2023-12-02T20:15:36+00:00","og_image":[{"width":900,"height":1378,"url":"https:\/\/www.booksonthemove.fr\/media\/bom_1556_0.jpg","type":"image\/jpeg"}],"twitter_card":"summary_large_image","schema":{"@context":"https:\/\/schema.org","@graph":[{"@type":"WebPage","@id":"https:\/\/www.booksonthemove.fr\/produit\/choreografischer-baukasten-das-buch\/","url":"https:\/\/www.booksonthemove.fr\/produit\/choreografischer-baukasten-das-buch\/","name":"Choreografischer Baukasten das Buch - Books on the Move","isPartOf":{"@id":"https:\/\/www.booksonthemove.fr\/#website"},"primaryImageOfPage":{"@id":"https:\/\/www.booksonthemove.fr\/produit\/choreografischer-baukasten-das-buch\/#primaryimage"},"image":{"@id":"https:\/\/www.booksonthemove.fr\/produit\/choreografischer-baukasten-das-buch\/#primaryimage"},"thumbnailUrl":"https:\/\/www.booksonthemove.fr\/media\/bom_1556_0.jpg","datePublished":"2016-08-19T11:59:17+00:00","dateModified":"2023-12-02T20:15:36+00:00","breadcrumb":{"@id":"https:\/\/www.booksonthemove.fr\/produit\/choreografischer-baukasten-das-buch\/#breadcrumb"},"inLanguage":"en-US","potentialAction":[{"@type":"ReadAction","target":["https:\/\/www.booksonthemove.fr\/produit\/choreografischer-baukasten-das-buch\/"]}]},{"@type":"ImageObject","inLanguage":"en-US","@id":"https:\/\/www.booksonthemove.fr\/produit\/choreografischer-baukasten-das-buch\/#primaryimage","url":"https:\/\/www.booksonthemove.fr\/media\/bom_1556_0.jpg","contentUrl":"https:\/\/www.booksonthemove.fr\/media\/bom_1556_0.jpg","width":900,"height":1378},{"@type":"BreadcrumbList","@id":"https:\/\/www.booksonthemove.fr\/produit\/choreografischer-baukasten-das-buch\/#breadcrumb","itemListElement":[{"@type":"ListItem","position":1,"name":"Accueil","item":"https:\/\/www.booksonthemove.fr\/en\/"},{"@type":"ListItem","position":2,"name":"online store","item":"https:\/\/www.booksonthemove.fr\/en\/online-shop\/"},{"@type":"ListItem","position":3,"name":"Choreografischer Baukasten das Buch"}]},{"@type":"WebSite","@id":"https:\/\/www.booksonthemove.fr\/#website","url":"https:\/\/www.booksonthemove.fr\/","name":"Books on the Move","description":"librairie nomade - danse - mouvement - performance","publisher":{"@id":"https:\/\/www.booksonthemove.fr\/#organization"},"potentialAction":[{"@type":"SearchAction","target":{"@type":"EntryPoint","urlTemplate":"https:\/\/www.booksonthemove.fr\/?s={search_term_string}"},"query-input":{"@type":"PropertyValueSpecification","valueRequired":true,"valueName":"search_term_string"}}],"inLanguage":"en-US"},{"@type":"Organization","@id":"https:\/\/www.booksonthemove.fr\/#organization","name":"Books on the Move","url":"https:\/\/www.booksonthemove.fr\/","logo":{"@type":"ImageObject","inLanguage":"en-US","@id":"https:\/\/www.booksonthemove.fr\/#\/schema\/logo\/image\/","url":"https:\/\/www.booksonthemove.fr\/media\/logo-NB-400.jpg","contentUrl":"https:\/\/www.booksonthemove.fr\/media\/logo-NB-400.jpg","width":400,"height":143,"caption":"Books on the Move"},"image":{"@id":"https:\/\/www.booksonthemove.fr\/#\/schema\/logo\/image\/"},"sameAs":["https:\/\/www.facebook.com\/Librairiebooksonthemove\/"]}]}},"_links":{"self":[{"href":"https:\/\/www.booksonthemove.fr\/en\/wp-json\/wp\/v2\/product\/3663","targetHints":{"allow":["GET"]}}],"collection":[{"href":"https:\/\/www.booksonthemove.fr\/en\/wp-json\/wp\/v2\/product"}],"about":[{"href":"https:\/\/www.booksonthemove.fr\/en\/wp-json\/wp\/v2\/types\/product"}],"wp:featuredmedia":[{"embeddable":true,"href":"https:\/\/www.booksonthemove.fr\/en\/wp-json\/wp\/v2\/media\/3372"}],"wp:attachment":[{"href":"https:\/\/www.booksonthemove.fr\/en\/wp-json\/wp\/v2\/media?parent=3663"}],"wp:term":[{"taxonomy":"product_brand","embeddable":true,"href":"https:\/\/www.booksonthemove.fr\/en\/wp-json\/wp\/v2\/product_brand?post=3663"},{"taxonomy":"product_cat","embeddable":true,"href":"https:\/\/www.booksonthemove.fr\/en\/wp-json\/wp\/v2\/product_cat?post=3663"},{"taxonomy":"product_tag","embeddable":true,"href":"https:\/\/www.booksonthemove.fr\/en\/wp-json\/wp\/v2\/product_tag?post=3663"}],"curies":[{"name":"wp","href":"https:\/\/api.w.org\/{rel}","templated":true}]}}