{"id":3665,"date":"2016-08-28T22:48:07","date_gmt":"2016-08-28T20:48:07","guid":{"rendered":"https:\/\/www.booksonthemove.fr\/en\/product\/figures-du-corps-une-lecon-danatomie-a-lecole-des-beaux-arts\/"},"modified":"2025-06-26T15:12:44","modified_gmt":"2025-06-26T13:12:44","slug":"figures-du-corps-une-lecon-danatomie-a-lecole-des-beaux-arts","status":"publish","type":"product","link":"https:\/\/www.booksonthemove.fr\/en\/produit\/figures-du-corps-une-lecon-danatomie-a-lecole-des-beaux-arts\/","title":{"rendered":"Figures du corps &#8211; Une le\u00e7on d&#8217;anatomie \u00e0\u00a0 l&#8217;Ecole des Beaux-arts"},"content":{"rendered":"<p>Ouvrage publi\u00e9 \u00e0\u00a0 l&#8217;occasion de l&#8217;exposition qui s&#8217;est tenue aux beaux-arts du 21 octobre 2008 au 4 janvier 2009, qui rassemble une iconographie exceptionnelle, souvent in\u00e9dite, comment\u00e9e par des historiens de l&#8217;art et conservateurs.<br \/>\nAucune question n&#8217;a occup\u00e9 autant d&#8217;art occidental que celle qui touche \u00e0\u00a0 la repr\u00e9sentation du corps, \u00e0\u00a0 ses conventions et \u00e0 ses licences. Scand\u00e9e par des querelles, des ruptures, des crises iconoclastes, la transmission d&#8217;un savoir sur le corps, sous forme de r\u00e8gles de proportions, de mod\u00e8les anatomiques, de poses de r\u00e9f\u00e9rence, est une des missions majeures que se sont donn\u00e9es les \u00e9coles d&#8217;art. A\u00a0cet \u00e9gard l&#8217;Ecole des beaux-arts de Paris, forte d&#8217;une tradition de pr\u00e8s de quatre si\u00e8cles, est exemplaire. Le fonds patrimonial qu&#8217;elle conserve est d&#8217;une richesse exceptionnelle, et m\u00eame unique en Europe. Il montre que l&#8217;Ecole, depuis sa cr\u00e9ation en 1648, a \u00e9t\u00e9 au centre des enjeux esth\u00e9tiques les plus importants. De l&#8217;Ecorch\u00e9 de Michel-Ange \u00e0\u00a0 celui de Houdon, des dessins anatomiques de G\u00e9ricault aux premiers films d&#8217;Etienne-Jules Marey, \u00e0\u00a0 travers plusieurs centaines d&#8217;\u0153uvres qui traversent le champ de l&#8217;histoire de l&#8217;art et de la science, voici un panorama in\u00e9dit des instruments pratiques et des outils conceptuels qui ont servi \u00e0\u00a0 \u00e9laborer les repr\u00e9sentations du corps.<\/p>\n","protected":false},"excerpt":{"rendered":"<p><strong>Auteur:<\/strong> ouvrage collectif sous la direction de Philippe Comar<br \/>\n<strong>Editeurs:<\/strong> Les Beaux Arts de Paris Editions (2010)<\/p>\n<p><strong>Broch\u00e9:<\/strong> 512 pages<br \/>\n<strong>Langue:<\/strong> Fran\u00e7ais<br \/>\n<strong>ISBN13<\/strong>: 978-2-840-56323-5<\/p>\n","protected":false},"featured_media":3252,"template":"","meta":[],"product_brand":[],"product_cat":[137,225,162,206],"product_tag":[],"class_list":{"0":"post-3665","1":"product","2":"type-product","3":"status-publish","4":"has-post-thumbnail","6":"product_cat-experiential-anatomy-en","7":"product_cat-exhibitions-catalogues-en","8":"product_cat-french-en","9":"product_cat-philosophy-aesthetics-en","11":"first","12":"outofstock","13":"taxable","14":"shipping-taxable","15":"purchasable","16":"product-type-simple"},"yoast_head":"<!-- This site is optimized with the Yoast SEO plugin v27.5 - https:\/\/yoast.com\/product\/yoast-seo-wordpress\/ -->\n<title>Figures du corps - Une le\u00e7on d&#039;anatomie \u00e0\u00a0 l&#039;Ecole des Beaux-arts - Books on the Move<\/title>\n<meta name=\"robots\" content=\"index, follow, max-snippet:-1, max-image-preview:large, max-video-preview:-1\" \/>\n<link rel=\"canonical\" href=\"https:\/\/www.booksonthemove.fr\/produit\/figures-du-corps-une-lecon-danatomie-a-lecole-des-beaux-arts\/\" \/>\n<meta property=\"og:locale\" content=\"en_US\" \/>\n<meta property=\"og:type\" content=\"article\" \/>\n<meta property=\"og:title\" content=\"Figures du corps - Une le\u00e7on d&#039;anatomie \u00e0\u00a0 l&#039;Ecole des Beaux-arts - Books on the Move\" \/>\n<meta property=\"og:description\" content=\"Auteur: ouvrage collectif sous la direction de Philippe Comar Editeurs: Les Beaux Arts de Paris Editions (2010)  Broch\u00e9: 512 pages Langue: Fran\u00e7ais ISBN13: 978-2-840-56323-5\" \/>\n<meta property=\"og:url\" content=\"https:\/\/www.booksonthemove.fr\/produit\/figures-du-corps-une-lecon-danatomie-a-lecole-des-beaux-arts\/\" \/>\n<meta property=\"og:site_name\" content=\"Books on the Move\" \/>\n<meta property=\"article:publisher\" content=\"https:\/\/www.facebook.com\/Librairiebooksonthemove\/\" \/>\n<meta property=\"article:modified_time\" content=\"2025-06-26T13:12:44+00:00\" \/>\n<meta property=\"og:image\" content=\"https:\/\/www.booksonthemove.fr\/media\/bom_1531_0.jpg\" \/>\n\t<meta property=\"og:image:width\" content=\"900\" \/>\n\t<meta property=\"og:image:height\" content=\"1115\" \/>\n\t<meta property=\"og:image:type\" content=\"image\/jpeg\" \/>\n<meta name=\"twitter:card\" content=\"summary_large_image\" \/>\n<script type=\"application\/ld+json\" class=\"yoast-schema-graph\">{\"@context\":\"https:\\\/\\\/schema.org\",\"@graph\":[{\"@type\":\"WebPage\",\"@id\":\"https:\\\/\\\/www.booksonthemove.fr\\\/produit\\\/figures-du-corps-une-lecon-danatomie-a-lecole-des-beaux-arts\\\/\",\"url\":\"https:\\\/\\\/www.booksonthemove.fr\\\/produit\\\/figures-du-corps-une-lecon-danatomie-a-lecole-des-beaux-arts\\\/\",\"name\":\"Figures du corps - Une le\u00e7on d'anatomie \u00e0\u00a0 l'Ecole des Beaux-arts - Books on the Move\",\"isPartOf\":{\"@id\":\"https:\\\/\\\/www.booksonthemove.fr\\\/#website\"},\"primaryImageOfPage\":{\"@id\":\"https:\\\/\\\/www.booksonthemove.fr\\\/produit\\\/figures-du-corps-une-lecon-danatomie-a-lecole-des-beaux-arts\\\/#primaryimage\"},\"image\":{\"@id\":\"https:\\\/\\\/www.booksonthemove.fr\\\/produit\\\/figures-du-corps-une-lecon-danatomie-a-lecole-des-beaux-arts\\\/#primaryimage\"},\"thumbnailUrl\":\"https:\\\/\\\/www.booksonthemove.fr\\\/media\\\/bom_1531_0.jpg\",\"datePublished\":\"2016-08-28T20:48:07+00:00\",\"dateModified\":\"2025-06-26T13:12:44+00:00\",\"breadcrumb\":{\"@id\":\"https:\\\/\\\/www.booksonthemove.fr\\\/produit\\\/figures-du-corps-une-lecon-danatomie-a-lecole-des-beaux-arts\\\/#breadcrumb\"},\"inLanguage\":\"en-US\",\"potentialAction\":[{\"@type\":\"ReadAction\",\"target\":[\"https:\\\/\\\/www.booksonthemove.fr\\\/produit\\\/figures-du-corps-une-lecon-danatomie-a-lecole-des-beaux-arts\\\/\"]}]},{\"@type\":\"ImageObject\",\"inLanguage\":\"en-US\",\"@id\":\"https:\\\/\\\/www.booksonthemove.fr\\\/produit\\\/figures-du-corps-une-lecon-danatomie-a-lecole-des-beaux-arts\\\/#primaryimage\",\"url\":\"https:\\\/\\\/www.booksonthemove.fr\\\/media\\\/bom_1531_0.jpg\",\"contentUrl\":\"https:\\\/\\\/www.booksonthemove.fr\\\/media\\\/bom_1531_0.jpg\",\"width\":900,\"height\":1115},{\"@type\":\"BreadcrumbList\",\"@id\":\"https:\\\/\\\/www.booksonthemove.fr\\\/produit\\\/figures-du-corps-une-lecon-danatomie-a-lecole-des-beaux-arts\\\/#breadcrumb\",\"itemListElement\":[{\"@type\":\"ListItem\",\"position\":1,\"name\":\"Accueil\",\"item\":\"https:\\\/\\\/www.booksonthemove.fr\\\/en\\\/\"},{\"@type\":\"ListItem\",\"position\":2,\"name\":\"online store\",\"item\":\"https:\\\/\\\/www.booksonthemove.fr\\\/en\\\/online-shop\\\/\"},{\"@type\":\"ListItem\",\"position\":3,\"name\":\"Figures du corps &#8211; Une le\u00e7on d&rsquo;anatomie \u00e0\u00a0 l&rsquo;Ecole des Beaux-arts\"}]},{\"@type\":\"WebSite\",\"@id\":\"https:\\\/\\\/www.booksonthemove.fr\\\/#website\",\"url\":\"https:\\\/\\\/www.booksonthemove.fr\\\/\",\"name\":\"Books on the Move\",\"description\":\"librairie nomade - danse - mouvement - performance\",\"publisher\":{\"@id\":\"https:\\\/\\\/www.booksonthemove.fr\\\/#organization\"},\"potentialAction\":[{\"@type\":\"SearchAction\",\"target\":{\"@type\":\"EntryPoint\",\"urlTemplate\":\"https:\\\/\\\/www.booksonthemove.fr\\\/?s={search_term_string}\"},\"query-input\":{\"@type\":\"PropertyValueSpecification\",\"valueRequired\":true,\"valueName\":\"search_term_string\"}}],\"inLanguage\":\"en-US\"},{\"@type\":\"Organization\",\"@id\":\"https:\\\/\\\/www.booksonthemove.fr\\\/#organization\",\"name\":\"Books on the Move\",\"url\":\"https:\\\/\\\/www.booksonthemove.fr\\\/\",\"logo\":{\"@type\":\"ImageObject\",\"inLanguage\":\"en-US\",\"@id\":\"https:\\\/\\\/www.booksonthemove.fr\\\/#\\\/schema\\\/logo\\\/image\\\/\",\"url\":\"https:\\\/\\\/www.booksonthemove.fr\\\/media\\\/logo-NB-400.jpg\",\"contentUrl\":\"https:\\\/\\\/www.booksonthemove.fr\\\/media\\\/logo-NB-400.jpg\",\"width\":400,\"height\":143,\"caption\":\"Books on the Move\"},\"image\":{\"@id\":\"https:\\\/\\\/www.booksonthemove.fr\\\/#\\\/schema\\\/logo\\\/image\\\/\"},\"sameAs\":[\"https:\\\/\\\/www.facebook.com\\\/Librairiebooksonthemove\\\/\"]}]}<\/script>\n<!-- \/ Yoast SEO plugin. -->","yoast_head_json":{"title":"Figures du corps - Une le\u00e7on d'anatomie \u00e0\u00a0 l'Ecole des Beaux-arts - Books on the Move","robots":{"index":"index","follow":"follow","max-snippet":"max-snippet:-1","max-image-preview":"max-image-preview:large","max-video-preview":"max-video-preview:-1"},"canonical":"https:\/\/www.booksonthemove.fr\/produit\/figures-du-corps-une-lecon-danatomie-a-lecole-des-beaux-arts\/","og_locale":"en_US","og_type":"article","og_title":"Figures du corps - Une le\u00e7on d'anatomie \u00e0\u00a0 l'Ecole des Beaux-arts - Books on the Move","og_description":"Auteur: ouvrage collectif sous la direction de Philippe Comar Editeurs: Les Beaux Arts de Paris Editions (2010)  Broch\u00e9: 512 pages Langue: Fran\u00e7ais ISBN13: 978-2-840-56323-5","og_url":"https:\/\/www.booksonthemove.fr\/produit\/figures-du-corps-une-lecon-danatomie-a-lecole-des-beaux-arts\/","og_site_name":"Books on the Move","article_publisher":"https:\/\/www.facebook.com\/Librairiebooksonthemove\/","article_modified_time":"2025-06-26T13:12:44+00:00","og_image":[{"width":900,"height":1115,"url":"https:\/\/www.booksonthemove.fr\/media\/bom_1531_0.jpg","type":"image\/jpeg"}],"twitter_card":"summary_large_image","schema":{"@context":"https:\/\/schema.org","@graph":[{"@type":"WebPage","@id":"https:\/\/www.booksonthemove.fr\/produit\/figures-du-corps-une-lecon-danatomie-a-lecole-des-beaux-arts\/","url":"https:\/\/www.booksonthemove.fr\/produit\/figures-du-corps-une-lecon-danatomie-a-lecole-des-beaux-arts\/","name":"Figures du corps - Une le\u00e7on d'anatomie \u00e0\u00a0 l'Ecole des Beaux-arts - Books on the Move","isPartOf":{"@id":"https:\/\/www.booksonthemove.fr\/#website"},"primaryImageOfPage":{"@id":"https:\/\/www.booksonthemove.fr\/produit\/figures-du-corps-une-lecon-danatomie-a-lecole-des-beaux-arts\/#primaryimage"},"image":{"@id":"https:\/\/www.booksonthemove.fr\/produit\/figures-du-corps-une-lecon-danatomie-a-lecole-des-beaux-arts\/#primaryimage"},"thumbnailUrl":"https:\/\/www.booksonthemove.fr\/media\/bom_1531_0.jpg","datePublished":"2016-08-28T20:48:07+00:00","dateModified":"2025-06-26T13:12:44+00:00","breadcrumb":{"@id":"https:\/\/www.booksonthemove.fr\/produit\/figures-du-corps-une-lecon-danatomie-a-lecole-des-beaux-arts\/#breadcrumb"},"inLanguage":"en-US","potentialAction":[{"@type":"ReadAction","target":["https:\/\/www.booksonthemove.fr\/produit\/figures-du-corps-une-lecon-danatomie-a-lecole-des-beaux-arts\/"]}]},{"@type":"ImageObject","inLanguage":"en-US","@id":"https:\/\/www.booksonthemove.fr\/produit\/figures-du-corps-une-lecon-danatomie-a-lecole-des-beaux-arts\/#primaryimage","url":"https:\/\/www.booksonthemove.fr\/media\/bom_1531_0.jpg","contentUrl":"https:\/\/www.booksonthemove.fr\/media\/bom_1531_0.jpg","width":900,"height":1115},{"@type":"BreadcrumbList","@id":"https:\/\/www.booksonthemove.fr\/produit\/figures-du-corps-une-lecon-danatomie-a-lecole-des-beaux-arts\/#breadcrumb","itemListElement":[{"@type":"ListItem","position":1,"name":"Accueil","item":"https:\/\/www.booksonthemove.fr\/en\/"},{"@type":"ListItem","position":2,"name":"online store","item":"https:\/\/www.booksonthemove.fr\/en\/online-shop\/"},{"@type":"ListItem","position":3,"name":"Figures du corps &#8211; Une le\u00e7on d&rsquo;anatomie \u00e0\u00a0 l&rsquo;Ecole des Beaux-arts"}]},{"@type":"WebSite","@id":"https:\/\/www.booksonthemove.fr\/#website","url":"https:\/\/www.booksonthemove.fr\/","name":"Books on the Move","description":"librairie nomade - danse - mouvement - performance","publisher":{"@id":"https:\/\/www.booksonthemove.fr\/#organization"},"potentialAction":[{"@type":"SearchAction","target":{"@type":"EntryPoint","urlTemplate":"https:\/\/www.booksonthemove.fr\/?s={search_term_string}"},"query-input":{"@type":"PropertyValueSpecification","valueRequired":true,"valueName":"search_term_string"}}],"inLanguage":"en-US"},{"@type":"Organization","@id":"https:\/\/www.booksonthemove.fr\/#organization","name":"Books on the Move","url":"https:\/\/www.booksonthemove.fr\/","logo":{"@type":"ImageObject","inLanguage":"en-US","@id":"https:\/\/www.booksonthemove.fr\/#\/schema\/logo\/image\/","url":"https:\/\/www.booksonthemove.fr\/media\/logo-NB-400.jpg","contentUrl":"https:\/\/www.booksonthemove.fr\/media\/logo-NB-400.jpg","width":400,"height":143,"caption":"Books on the Move"},"image":{"@id":"https:\/\/www.booksonthemove.fr\/#\/schema\/logo\/image\/"},"sameAs":["https:\/\/www.facebook.com\/Librairiebooksonthemove\/"]}]}},"_links":{"self":[{"href":"https:\/\/www.booksonthemove.fr\/en\/wp-json\/wp\/v2\/product\/3665","targetHints":{"allow":["GET"]}}],"collection":[{"href":"https:\/\/www.booksonthemove.fr\/en\/wp-json\/wp\/v2\/product"}],"about":[{"href":"https:\/\/www.booksonthemove.fr\/en\/wp-json\/wp\/v2\/types\/product"}],"wp:featuredmedia":[{"embeddable":true,"href":"https:\/\/www.booksonthemove.fr\/en\/wp-json\/wp\/v2\/media\/3252"}],"wp:attachment":[{"href":"https:\/\/www.booksonthemove.fr\/en\/wp-json\/wp\/v2\/media?parent=3665"}],"wp:term":[{"taxonomy":"product_brand","embeddable":true,"href":"https:\/\/www.booksonthemove.fr\/en\/wp-json\/wp\/v2\/product_brand?post=3665"},{"taxonomy":"product_cat","embeddable":true,"href":"https:\/\/www.booksonthemove.fr\/en\/wp-json\/wp\/v2\/product_cat?post=3665"},{"taxonomy":"product_tag","embeddable":true,"href":"https:\/\/www.booksonthemove.fr\/en\/wp-json\/wp\/v2\/product_tag?post=3665"}],"curies":[{"name":"wp","href":"https:\/\/api.w.org\/{rel}","templated":true}]}}