{"id":3666,"date":"2016-08-28T22:48:07","date_gmt":"2016-08-28T20:48:07","guid":{"rendered":"https:\/\/www.booksonthemove.fr\/en\/product\/interagir-avec-les-technologies-numeriques\/"},"modified":"2019-09-23T15:17:10","modified_gmt":"2019-09-23T13:17:10","slug":"interagir-avec-les-technologies-numeriques","status":"publish","type":"product","link":"https:\/\/www.booksonthemove.fr\/en\/produit\/interagir-avec-les-technologies-numeriques\/","title":{"rendered":"Interagir &#8211; avec les technologies num\u00e9riques"},"content":{"rendered":"<p>Interagir &#8211; avec les technologies num\u00e9riques, cette publication de Nouvelles de Danse questionne l&#8217;interactivit\u00e9 dans la danse. Les textes et le CD-rom, inclus dans cet ouvrage, placent le dialogue corps-machine au niveau de nos sensations; entraper\u00e7oivent ce que les technologies num\u00e9riques peuvent offrir aux mouvements; ouvrent la voie \u00e0\u00a0 l&#8217;enrichissement des processus de composition, \u00e0\u00a0 l&#8217;\u00e9volution de l&#8217;espace sc\u00e9nique et exp\u00e9rimentent les strat\u00e9gies d&#8217;improvisation face \u00e0\u00a0 l&#8217;interactivit\u00e9 technologique.<\/p>\n<p>Le livre d\u00e9veloppe les r\u00e9flexions sur les premi\u00e8res collaborations art-technologies des Nine Evenings, les \u00e9tudes historiques sur l&#8217;appareil de locomotion, les pr\u00e9cisions \u00e0\u00a0 propos des notions de r\u00e9activit\u00e9 et d&#8217;interactivit\u00e9, les explorations de nos perceptions au sein de ces espaces num\u00e9riques, les questionnements autour d&#8217;outils comme Isadora et EyesWeb qui permettent d&#8217;interagir en temps r\u00e9el avec des environnements num\u00e9riques&#8230;<br \/>\nLe CD-rom, quand \u00e0\u00a0 lui, permet d&#8217;enrichir en interactivit\u00e9 et en images en mouvement cette r\u00e9flexion. Il vous offre \u00e9galement la possibilit\u00e9 de tester les programmes Isadora et EyesWeb utilis\u00e9s par les cr\u00e9ateurs interactifs. Fait exceptionnel, s&#8217;y retrouvent des vid\u00e9os historiques des Nine Evenings, des pr\u00e9sentations des installations, entre autres, Loops avec Merce Cunningham, Le funambule virtuel, le pissenlit, &#8230; de Michel Bret et des \u009c\u0153uvres interactives de diff\u00e9rents chor\u00e9graphes et cr\u00e9ateurs multim\u00e9dias.<\/p>\n<p>Nouvelles de Danse &#8211; livre et CDrom &#8211; permet ainsi de se plonger r\u00e9ellement ou virtuellement dans ces technologies num\u00e9riques, d&#8217;y faire un voyage tout en interaction, de rester ouvert et connect\u00e9 \u00e0\u00a0 ces nouveaut\u00e9s.<\/p>\n<p>Avec notamment Franck Beaubois, Johannes Birringer, Antonio Camurri, Scott deLahunta, Simone Forti, Paul Kaiser, Billy Kl\u00fcver, George Lewis, Miguel Lopez, Melanie Munt, Mich\u00e8le Noiret, Klaus Obermaier, Sarah Rubidge, Chris Salter, Gr\u00e9gory Seront, troika Ranch, Cindy Van Acker&#8230;<\/p>\n","protected":false},"excerpt":{"rendered":"<p><strong>Auteur:<\/strong> Ouvrage collectif<br \/>\n<strong>Editeur:<\/strong> Contredanse (2004)<\/p>\n<p><strong>Broch\u00e9:<\/strong> 176 pages. Livre + CDrom<br \/>\n<strong>Langue<\/strong>: Fran\u00e7ais<br \/>\n<strong>ISBN:<\/strong> 978-2-93014-624-9<\/p>\n","protected":false},"featured_media":3254,"template":"","meta":[],"product_brand":[],"product_cat":[282,244,162],"product_tag":[],"class_list":{"0":"post-3666","1":"product","2":"type-product","3":"status-publish","4":"has-post-thumbnail","6":"product_cat-digital-art-technology","7":"product_cat-book-with-cd-en","8":"product_cat-french-en","10":"first","11":"instock","12":"taxable","13":"shipping-taxable","14":"purchasable","15":"product-type-simple"},"yoast_head":"<!-- This site is optimized with the Yoast SEO plugin v27.5 - https:\/\/yoast.com\/product\/yoast-seo-wordpress\/ -->\n<title>Interagir - avec les technologies num\u00e9riques - Books on the Move<\/title>\n<meta name=\"robots\" content=\"index, follow, max-snippet:-1, max-image-preview:large, max-video-preview:-1\" \/>\n<link rel=\"canonical\" href=\"https:\/\/www.booksonthemove.fr\/en\/produit\/interagir-avec-les-technologies-numeriques\/\" \/>\n<meta property=\"og:locale\" content=\"en_US\" \/>\n<meta property=\"og:type\" content=\"article\" \/>\n<meta property=\"og:title\" content=\"Interagir - avec les technologies num\u00e9riques - Books on the Move\" \/>\n<meta property=\"og:description\" content=\"Auteur: Ouvrage collectif Editeur: Contredanse (2004)  Broch\u00e9: 176 pages. Livre + CDrom Langue: Fran\u00e7ais ISBN: 978-2-93014-624-9\" \/>\n<meta property=\"og:url\" content=\"https:\/\/www.booksonthemove.fr\/en\/produit\/interagir-avec-les-technologies-numeriques\/\" \/>\n<meta property=\"og:site_name\" content=\"Books on the Move\" \/>\n<meta property=\"article:publisher\" content=\"https:\/\/www.facebook.com\/Librairiebooksonthemove\/\" \/>\n<meta property=\"article:modified_time\" content=\"2019-09-23T13:17:10+00:00\" \/>\n<meta property=\"og:image\" content=\"https:\/\/www.booksonthemove.fr\/media\/bom_1534_1.jpg\" \/>\n\t<meta property=\"og:image:width\" content=\"900\" \/>\n\t<meta property=\"og:image:height\" content=\"1352\" \/>\n\t<meta property=\"og:image:type\" content=\"image\/jpeg\" \/>\n<meta name=\"twitter:card\" content=\"summary_large_image\" \/>\n<script type=\"application\/ld+json\" class=\"yoast-schema-graph\">{\"@context\":\"https:\\\/\\\/schema.org\",\"@graph\":[{\"@type\":\"WebPage\",\"@id\":\"https:\\\/\\\/www.booksonthemove.fr\\\/en\\\/produit\\\/interagir-avec-les-technologies-numeriques\\\/\",\"url\":\"https:\\\/\\\/www.booksonthemove.fr\\\/en\\\/produit\\\/interagir-avec-les-technologies-numeriques\\\/\",\"name\":\"Interagir - avec les technologies num\u00e9riques - Books on the Move\",\"isPartOf\":{\"@id\":\"https:\\\/\\\/www.booksonthemove.fr\\\/#website\"},\"primaryImageOfPage\":{\"@id\":\"https:\\\/\\\/www.booksonthemove.fr\\\/en\\\/produit\\\/interagir-avec-les-technologies-numeriques\\\/#primaryimage\"},\"image\":{\"@id\":\"https:\\\/\\\/www.booksonthemove.fr\\\/en\\\/produit\\\/interagir-avec-les-technologies-numeriques\\\/#primaryimage\"},\"thumbnailUrl\":\"https:\\\/\\\/www.booksonthemove.fr\\\/media\\\/bom_1534_1.jpg\",\"datePublished\":\"2016-08-28T20:48:07+00:00\",\"dateModified\":\"2019-09-23T13:17:10+00:00\",\"breadcrumb\":{\"@id\":\"https:\\\/\\\/www.booksonthemove.fr\\\/en\\\/produit\\\/interagir-avec-les-technologies-numeriques\\\/#breadcrumb\"},\"inLanguage\":\"en-US\",\"potentialAction\":[{\"@type\":\"ReadAction\",\"target\":[\"https:\\\/\\\/www.booksonthemove.fr\\\/en\\\/produit\\\/interagir-avec-les-technologies-numeriques\\\/\"]}]},{\"@type\":\"ImageObject\",\"inLanguage\":\"en-US\",\"@id\":\"https:\\\/\\\/www.booksonthemove.fr\\\/en\\\/produit\\\/interagir-avec-les-technologies-numeriques\\\/#primaryimage\",\"url\":\"https:\\\/\\\/www.booksonthemove.fr\\\/media\\\/bom_1534_1.jpg\",\"contentUrl\":\"https:\\\/\\\/www.booksonthemove.fr\\\/media\\\/bom_1534_1.jpg\",\"width\":900,\"height\":1352},{\"@type\":\"BreadcrumbList\",\"@id\":\"https:\\\/\\\/www.booksonthemove.fr\\\/en\\\/produit\\\/interagir-avec-les-technologies-numeriques\\\/#breadcrumb\",\"itemListElement\":[{\"@type\":\"ListItem\",\"position\":1,\"name\":\"Accueil\",\"item\":\"https:\\\/\\\/www.booksonthemove.fr\\\/en\\\/\"},{\"@type\":\"ListItem\",\"position\":2,\"name\":\"online store\",\"item\":\"https:\\\/\\\/www.booksonthemove.fr\\\/en\\\/online-shop\\\/\"},{\"@type\":\"ListItem\",\"position\":3,\"name\":\"Interagir &#8211; avec les technologies num\u00e9riques\"}]},{\"@type\":\"WebSite\",\"@id\":\"https:\\\/\\\/www.booksonthemove.fr\\\/#website\",\"url\":\"https:\\\/\\\/www.booksonthemove.fr\\\/\",\"name\":\"Books on the Move\",\"description\":\"librairie nomade - danse - mouvement - performance\",\"publisher\":{\"@id\":\"https:\\\/\\\/www.booksonthemove.fr\\\/#organization\"},\"potentialAction\":[{\"@type\":\"SearchAction\",\"target\":{\"@type\":\"EntryPoint\",\"urlTemplate\":\"https:\\\/\\\/www.booksonthemove.fr\\\/?s={search_term_string}\"},\"query-input\":{\"@type\":\"PropertyValueSpecification\",\"valueRequired\":true,\"valueName\":\"search_term_string\"}}],\"inLanguage\":\"en-US\"},{\"@type\":\"Organization\",\"@id\":\"https:\\\/\\\/www.booksonthemove.fr\\\/#organization\",\"name\":\"Books on the Move\",\"url\":\"https:\\\/\\\/www.booksonthemove.fr\\\/\",\"logo\":{\"@type\":\"ImageObject\",\"inLanguage\":\"en-US\",\"@id\":\"https:\\\/\\\/www.booksonthemove.fr\\\/#\\\/schema\\\/logo\\\/image\\\/\",\"url\":\"https:\\\/\\\/www.booksonthemove.fr\\\/media\\\/logo-NB-400.jpg\",\"contentUrl\":\"https:\\\/\\\/www.booksonthemove.fr\\\/media\\\/logo-NB-400.jpg\",\"width\":400,\"height\":143,\"caption\":\"Books on the Move\"},\"image\":{\"@id\":\"https:\\\/\\\/www.booksonthemove.fr\\\/#\\\/schema\\\/logo\\\/image\\\/\"},\"sameAs\":[\"https:\\\/\\\/www.facebook.com\\\/Librairiebooksonthemove\\\/\"]}]}<\/script>\n<!-- \/ Yoast SEO plugin. -->","yoast_head_json":{"title":"Interagir - avec les technologies num\u00e9riques - Books on the Move","robots":{"index":"index","follow":"follow","max-snippet":"max-snippet:-1","max-image-preview":"max-image-preview:large","max-video-preview":"max-video-preview:-1"},"canonical":"https:\/\/www.booksonthemove.fr\/en\/produit\/interagir-avec-les-technologies-numeriques\/","og_locale":"en_US","og_type":"article","og_title":"Interagir - avec les technologies num\u00e9riques - Books on the Move","og_description":"Auteur: Ouvrage collectif Editeur: Contredanse (2004)  Broch\u00e9: 176 pages. Livre + CDrom Langue: Fran\u00e7ais ISBN: 978-2-93014-624-9","og_url":"https:\/\/www.booksonthemove.fr\/en\/produit\/interagir-avec-les-technologies-numeriques\/","og_site_name":"Books on the Move","article_publisher":"https:\/\/www.facebook.com\/Librairiebooksonthemove\/","article_modified_time":"2019-09-23T13:17:10+00:00","og_image":[{"width":900,"height":1352,"url":"https:\/\/www.booksonthemove.fr\/media\/bom_1534_1.jpg","type":"image\/jpeg"}],"twitter_card":"summary_large_image","schema":{"@context":"https:\/\/schema.org","@graph":[{"@type":"WebPage","@id":"https:\/\/www.booksonthemove.fr\/en\/produit\/interagir-avec-les-technologies-numeriques\/","url":"https:\/\/www.booksonthemove.fr\/en\/produit\/interagir-avec-les-technologies-numeriques\/","name":"Interagir - avec les technologies num\u00e9riques - Books on the Move","isPartOf":{"@id":"https:\/\/www.booksonthemove.fr\/#website"},"primaryImageOfPage":{"@id":"https:\/\/www.booksonthemove.fr\/en\/produit\/interagir-avec-les-technologies-numeriques\/#primaryimage"},"image":{"@id":"https:\/\/www.booksonthemove.fr\/en\/produit\/interagir-avec-les-technologies-numeriques\/#primaryimage"},"thumbnailUrl":"https:\/\/www.booksonthemove.fr\/media\/bom_1534_1.jpg","datePublished":"2016-08-28T20:48:07+00:00","dateModified":"2019-09-23T13:17:10+00:00","breadcrumb":{"@id":"https:\/\/www.booksonthemove.fr\/en\/produit\/interagir-avec-les-technologies-numeriques\/#breadcrumb"},"inLanguage":"en-US","potentialAction":[{"@type":"ReadAction","target":["https:\/\/www.booksonthemove.fr\/en\/produit\/interagir-avec-les-technologies-numeriques\/"]}]},{"@type":"ImageObject","inLanguage":"en-US","@id":"https:\/\/www.booksonthemove.fr\/en\/produit\/interagir-avec-les-technologies-numeriques\/#primaryimage","url":"https:\/\/www.booksonthemove.fr\/media\/bom_1534_1.jpg","contentUrl":"https:\/\/www.booksonthemove.fr\/media\/bom_1534_1.jpg","width":900,"height":1352},{"@type":"BreadcrumbList","@id":"https:\/\/www.booksonthemove.fr\/en\/produit\/interagir-avec-les-technologies-numeriques\/#breadcrumb","itemListElement":[{"@type":"ListItem","position":1,"name":"Accueil","item":"https:\/\/www.booksonthemove.fr\/en\/"},{"@type":"ListItem","position":2,"name":"online store","item":"https:\/\/www.booksonthemove.fr\/en\/online-shop\/"},{"@type":"ListItem","position":3,"name":"Interagir &#8211; avec les technologies num\u00e9riques"}]},{"@type":"WebSite","@id":"https:\/\/www.booksonthemove.fr\/#website","url":"https:\/\/www.booksonthemove.fr\/","name":"Books on the Move","description":"librairie nomade - danse - mouvement - performance","publisher":{"@id":"https:\/\/www.booksonthemove.fr\/#organization"},"potentialAction":[{"@type":"SearchAction","target":{"@type":"EntryPoint","urlTemplate":"https:\/\/www.booksonthemove.fr\/?s={search_term_string}"},"query-input":{"@type":"PropertyValueSpecification","valueRequired":true,"valueName":"search_term_string"}}],"inLanguage":"en-US"},{"@type":"Organization","@id":"https:\/\/www.booksonthemove.fr\/#organization","name":"Books on the Move","url":"https:\/\/www.booksonthemove.fr\/","logo":{"@type":"ImageObject","inLanguage":"en-US","@id":"https:\/\/www.booksonthemove.fr\/#\/schema\/logo\/image\/","url":"https:\/\/www.booksonthemove.fr\/media\/logo-NB-400.jpg","contentUrl":"https:\/\/www.booksonthemove.fr\/media\/logo-NB-400.jpg","width":400,"height":143,"caption":"Books on the Move"},"image":{"@id":"https:\/\/www.booksonthemove.fr\/#\/schema\/logo\/image\/"},"sameAs":["https:\/\/www.facebook.com\/Librairiebooksonthemove\/"]}]}},"_links":{"self":[{"href":"https:\/\/www.booksonthemove.fr\/en\/wp-json\/wp\/v2\/product\/3666","targetHints":{"allow":["GET"]}}],"collection":[{"href":"https:\/\/www.booksonthemove.fr\/en\/wp-json\/wp\/v2\/product"}],"about":[{"href":"https:\/\/www.booksonthemove.fr\/en\/wp-json\/wp\/v2\/types\/product"}],"wp:featuredmedia":[{"embeddable":true,"href":"https:\/\/www.booksonthemove.fr\/en\/wp-json\/wp\/v2\/media\/3254"}],"wp:attachment":[{"href":"https:\/\/www.booksonthemove.fr\/en\/wp-json\/wp\/v2\/media?parent=3666"}],"wp:term":[{"taxonomy":"product_brand","embeddable":true,"href":"https:\/\/www.booksonthemove.fr\/en\/wp-json\/wp\/v2\/product_brand?post=3666"},{"taxonomy":"product_cat","embeddable":true,"href":"https:\/\/www.booksonthemove.fr\/en\/wp-json\/wp\/v2\/product_cat?post=3666"},{"taxonomy":"product_tag","embeddable":true,"href":"https:\/\/www.booksonthemove.fr\/en\/wp-json\/wp\/v2\/product_tag?post=3666"}],"curies":[{"name":"wp","href":"https:\/\/api.w.org\/{rel}","templated":true}]}}