{"id":3669,"date":"2016-08-28T22:48:07","date_gmt":"2016-08-28T20:48:07","guid":{"rendered":"https:\/\/www.booksonthemove.fr\/en\/product\/la-neige-na-pas-de-sens\/"},"modified":"2022-07-20T13:19:54","modified_gmt":"2022-07-20T11:19:54","slug":"la-neige-na-pas-de-sens","status":"publish","type":"product","link":"https:\/\/www.booksonthemove.fr\/en\/produit\/la-neige-na-pas-de-sens\/","title":{"rendered":"La neige n&#8217;a pas de sens"},"content":{"rendered":"<p>La compagnie Adrien M &amp; Claire B cr\u00e9e des formes allant du spectacle aux installations dans le champ des arts num\u00e9riques et celui des arts vivants. Elle est codirig\u00e9e par Claire Bardainne et Adrien Mondot. Leur d\u00e9marche place l&#8217;humain au centre des enjeux technologiques, et le corps au c\u0153\u009cur des images, avec comme sp\u00e9cificit\u00e9 le d\u00e9veloppement sur mesure des outils informatiques. Ils poursuivent la recherche d&#8217;un num\u00e9rique vivant : mobile, artisanal, \u00e9ph\u00e9m\u00e8re et sensible.<br \/>\nCette premi\u00e8re monographie consacr\u00e9e \u00e0 leur travail pr\u00e9sente de nombreux documents in\u00e9dits sur leur processus de cr\u00e9ation, un entretien avec les artistes ainsi que des textes de plusieurs collaborateurs qui permettent de d\u00e9couvrir les diff\u00e9rentes facettes de leur approche. Une s\u00e9rie d&#8217;\u0153uvres en r\u00e9alit\u00e9 augment\u00e9e, con\u00e7ues sp\u00e9cifiquement pour ce livre, vient compl\u00e9ter l&#8217;ensemble.<br \/>\nTextes de Clarisse Bardiot, Laurent Derobert, Charlotte Farcet, Norbert Godon, Pierre Guillois &amp; Catherine Rossi-Bat\u00f4t.<\/p>\n","protected":false},"excerpt":{"rendered":"<p><strong>Auteurs:<\/strong> Adrien Mondot &amp; Claire Bardainne<br \/>\n<strong>Editeur:<\/strong> Subjectile (2016)<\/p>\n<p><strong>Couverture souple:<\/strong> 136 pages<br \/>\n<strong>Langue:<\/strong> Fran\u00e7ais<br \/>\n<strong>ISBN13:<\/strong> 978-2-36530-026-4<\/p>\n","protected":false},"featured_media":3330,"template":"","meta":[],"product_brand":[],"product_cat":[282,149,157,162,170,139],"product_tag":[],"class_list":{"0":"post-3669","1":"product","2":"type-product","3":"status-publish","4":"has-post-thumbnail","6":"product_cat-digital-art-technology","7":"product_cat-contemporary-dance-en","8":"product_cat-artists-writings-en","9":"product_cat-french-en","10":"product_cat-artists-career-en","11":"product_cat-work-process-en","13":"first","14":"outofstock","15":"taxable","16":"shipping-taxable","17":"purchasable","18":"product-type-simple"},"yoast_head":"<!-- This site is optimized with the Yoast SEO plugin v27.5 - https:\/\/yoast.com\/product\/yoast-seo-wordpress\/ -->\n<title>La neige n&#039;a pas de sens - Books on the Move<\/title>\n<meta name=\"robots\" content=\"index, follow, max-snippet:-1, max-image-preview:large, max-video-preview:-1\" \/>\n<link rel=\"canonical\" href=\"https:\/\/www.booksonthemove.fr\/en\/produit\/la-neige-na-pas-de-sens\/\" \/>\n<meta property=\"og:locale\" content=\"en_US\" \/>\n<meta property=\"og:type\" content=\"article\" \/>\n<meta property=\"og:title\" content=\"La neige n&#039;a pas de sens - Books on the Move\" \/>\n<meta property=\"og:description\" content=\"Auteurs: Adrien Mondot &amp; Claire Bardainne Editeur: Subjectile (2016)  Couverture souple: 136 pages Langue: Fran\u00e7ais ISBN13: 978-2-36530-026-4\" \/>\n<meta property=\"og:url\" content=\"https:\/\/www.booksonthemove.fr\/en\/produit\/la-neige-na-pas-de-sens\/\" \/>\n<meta property=\"og:site_name\" content=\"Books on the Move\" \/>\n<meta property=\"article:publisher\" content=\"https:\/\/www.facebook.com\/Librairiebooksonthemove\/\" \/>\n<meta property=\"article:modified_time\" content=\"2022-07-20T11:19:54+00:00\" \/>\n<meta property=\"og:image\" content=\"https:\/\/www.booksonthemove.fr\/media\/bom_1538_0-1.jpg\" \/>\n\t<meta property=\"og:image:width\" content=\"900\" \/>\n\t<meta property=\"og:image:height\" content=\"1200\" \/>\n\t<meta property=\"og:image:type\" content=\"image\/jpeg\" \/>\n<meta name=\"twitter:card\" content=\"summary_large_image\" \/>\n<script type=\"application\/ld+json\" class=\"yoast-schema-graph\">{\"@context\":\"https:\\\/\\\/schema.org\",\"@graph\":[{\"@type\":\"WebPage\",\"@id\":\"https:\\\/\\\/www.booksonthemove.fr\\\/en\\\/produit\\\/la-neige-na-pas-de-sens\\\/\",\"url\":\"https:\\\/\\\/www.booksonthemove.fr\\\/en\\\/produit\\\/la-neige-na-pas-de-sens\\\/\",\"name\":\"La neige n'a pas de sens - Books on the Move\",\"isPartOf\":{\"@id\":\"https:\\\/\\\/www.booksonthemove.fr\\\/#website\"},\"primaryImageOfPage\":{\"@id\":\"https:\\\/\\\/www.booksonthemove.fr\\\/en\\\/produit\\\/la-neige-na-pas-de-sens\\\/#primaryimage\"},\"image\":{\"@id\":\"https:\\\/\\\/www.booksonthemove.fr\\\/en\\\/produit\\\/la-neige-na-pas-de-sens\\\/#primaryimage\"},\"thumbnailUrl\":\"https:\\\/\\\/www.booksonthemove.fr\\\/media\\\/bom_1538_0-1.jpg\",\"datePublished\":\"2016-08-28T20:48:07+00:00\",\"dateModified\":\"2022-07-20T11:19:54+00:00\",\"breadcrumb\":{\"@id\":\"https:\\\/\\\/www.booksonthemove.fr\\\/en\\\/produit\\\/la-neige-na-pas-de-sens\\\/#breadcrumb\"},\"inLanguage\":\"en-US\",\"potentialAction\":[{\"@type\":\"ReadAction\",\"target\":[\"https:\\\/\\\/www.booksonthemove.fr\\\/en\\\/produit\\\/la-neige-na-pas-de-sens\\\/\"]}]},{\"@type\":\"ImageObject\",\"inLanguage\":\"en-US\",\"@id\":\"https:\\\/\\\/www.booksonthemove.fr\\\/en\\\/produit\\\/la-neige-na-pas-de-sens\\\/#primaryimage\",\"url\":\"https:\\\/\\\/www.booksonthemove.fr\\\/media\\\/bom_1538_0-1.jpg\",\"contentUrl\":\"https:\\\/\\\/www.booksonthemove.fr\\\/media\\\/bom_1538_0-1.jpg\",\"width\":900,\"height\":1200},{\"@type\":\"BreadcrumbList\",\"@id\":\"https:\\\/\\\/www.booksonthemove.fr\\\/en\\\/produit\\\/la-neige-na-pas-de-sens\\\/#breadcrumb\",\"itemListElement\":[{\"@type\":\"ListItem\",\"position\":1,\"name\":\"Accueil\",\"item\":\"https:\\\/\\\/www.booksonthemove.fr\\\/en\\\/\"},{\"@type\":\"ListItem\",\"position\":2,\"name\":\"online store\",\"item\":\"https:\\\/\\\/www.booksonthemove.fr\\\/en\\\/online-shop\\\/\"},{\"@type\":\"ListItem\",\"position\":3,\"name\":\"La neige n&#8217;a pas de sens\"}]},{\"@type\":\"WebSite\",\"@id\":\"https:\\\/\\\/www.booksonthemove.fr\\\/#website\",\"url\":\"https:\\\/\\\/www.booksonthemove.fr\\\/\",\"name\":\"Books on the Move\",\"description\":\"librairie nomade - danse - mouvement - performance\",\"publisher\":{\"@id\":\"https:\\\/\\\/www.booksonthemove.fr\\\/#organization\"},\"potentialAction\":[{\"@type\":\"SearchAction\",\"target\":{\"@type\":\"EntryPoint\",\"urlTemplate\":\"https:\\\/\\\/www.booksonthemove.fr\\\/?s={search_term_string}\"},\"query-input\":{\"@type\":\"PropertyValueSpecification\",\"valueRequired\":true,\"valueName\":\"search_term_string\"}}],\"inLanguage\":\"en-US\"},{\"@type\":\"Organization\",\"@id\":\"https:\\\/\\\/www.booksonthemove.fr\\\/#organization\",\"name\":\"Books on the Move\",\"url\":\"https:\\\/\\\/www.booksonthemove.fr\\\/\",\"logo\":{\"@type\":\"ImageObject\",\"inLanguage\":\"en-US\",\"@id\":\"https:\\\/\\\/www.booksonthemove.fr\\\/#\\\/schema\\\/logo\\\/image\\\/\",\"url\":\"https:\\\/\\\/www.booksonthemove.fr\\\/media\\\/logo-NB-400.jpg\",\"contentUrl\":\"https:\\\/\\\/www.booksonthemove.fr\\\/media\\\/logo-NB-400.jpg\",\"width\":400,\"height\":143,\"caption\":\"Books on the Move\"},\"image\":{\"@id\":\"https:\\\/\\\/www.booksonthemove.fr\\\/#\\\/schema\\\/logo\\\/image\\\/\"},\"sameAs\":[\"https:\\\/\\\/www.facebook.com\\\/Librairiebooksonthemove\\\/\"]}]}<\/script>\n<!-- \/ Yoast SEO plugin. -->","yoast_head_json":{"title":"La neige n'a pas de sens - Books on the Move","robots":{"index":"index","follow":"follow","max-snippet":"max-snippet:-1","max-image-preview":"max-image-preview:large","max-video-preview":"max-video-preview:-1"},"canonical":"https:\/\/www.booksonthemove.fr\/en\/produit\/la-neige-na-pas-de-sens\/","og_locale":"en_US","og_type":"article","og_title":"La neige n'a pas de sens - Books on the Move","og_description":"Auteurs: Adrien Mondot &amp; Claire Bardainne Editeur: Subjectile (2016)  Couverture souple: 136 pages Langue: Fran\u00e7ais ISBN13: 978-2-36530-026-4","og_url":"https:\/\/www.booksonthemove.fr\/en\/produit\/la-neige-na-pas-de-sens\/","og_site_name":"Books on the Move","article_publisher":"https:\/\/www.facebook.com\/Librairiebooksonthemove\/","article_modified_time":"2022-07-20T11:19:54+00:00","og_image":[{"width":900,"height":1200,"url":"https:\/\/www.booksonthemove.fr\/media\/bom_1538_0-1.jpg","type":"image\/jpeg"}],"twitter_card":"summary_large_image","schema":{"@context":"https:\/\/schema.org","@graph":[{"@type":"WebPage","@id":"https:\/\/www.booksonthemove.fr\/en\/produit\/la-neige-na-pas-de-sens\/","url":"https:\/\/www.booksonthemove.fr\/en\/produit\/la-neige-na-pas-de-sens\/","name":"La neige n'a pas de sens - Books on the Move","isPartOf":{"@id":"https:\/\/www.booksonthemove.fr\/#website"},"primaryImageOfPage":{"@id":"https:\/\/www.booksonthemove.fr\/en\/produit\/la-neige-na-pas-de-sens\/#primaryimage"},"image":{"@id":"https:\/\/www.booksonthemove.fr\/en\/produit\/la-neige-na-pas-de-sens\/#primaryimage"},"thumbnailUrl":"https:\/\/www.booksonthemove.fr\/media\/bom_1538_0-1.jpg","datePublished":"2016-08-28T20:48:07+00:00","dateModified":"2022-07-20T11:19:54+00:00","breadcrumb":{"@id":"https:\/\/www.booksonthemove.fr\/en\/produit\/la-neige-na-pas-de-sens\/#breadcrumb"},"inLanguage":"en-US","potentialAction":[{"@type":"ReadAction","target":["https:\/\/www.booksonthemove.fr\/en\/produit\/la-neige-na-pas-de-sens\/"]}]},{"@type":"ImageObject","inLanguage":"en-US","@id":"https:\/\/www.booksonthemove.fr\/en\/produit\/la-neige-na-pas-de-sens\/#primaryimage","url":"https:\/\/www.booksonthemove.fr\/media\/bom_1538_0-1.jpg","contentUrl":"https:\/\/www.booksonthemove.fr\/media\/bom_1538_0-1.jpg","width":900,"height":1200},{"@type":"BreadcrumbList","@id":"https:\/\/www.booksonthemove.fr\/en\/produit\/la-neige-na-pas-de-sens\/#breadcrumb","itemListElement":[{"@type":"ListItem","position":1,"name":"Accueil","item":"https:\/\/www.booksonthemove.fr\/en\/"},{"@type":"ListItem","position":2,"name":"online store","item":"https:\/\/www.booksonthemove.fr\/en\/online-shop\/"},{"@type":"ListItem","position":3,"name":"La neige n&#8217;a pas de sens"}]},{"@type":"WebSite","@id":"https:\/\/www.booksonthemove.fr\/#website","url":"https:\/\/www.booksonthemove.fr\/","name":"Books on the Move","description":"librairie nomade - danse - mouvement - performance","publisher":{"@id":"https:\/\/www.booksonthemove.fr\/#organization"},"potentialAction":[{"@type":"SearchAction","target":{"@type":"EntryPoint","urlTemplate":"https:\/\/www.booksonthemove.fr\/?s={search_term_string}"},"query-input":{"@type":"PropertyValueSpecification","valueRequired":true,"valueName":"search_term_string"}}],"inLanguage":"en-US"},{"@type":"Organization","@id":"https:\/\/www.booksonthemove.fr\/#organization","name":"Books on the Move","url":"https:\/\/www.booksonthemove.fr\/","logo":{"@type":"ImageObject","inLanguage":"en-US","@id":"https:\/\/www.booksonthemove.fr\/#\/schema\/logo\/image\/","url":"https:\/\/www.booksonthemove.fr\/media\/logo-NB-400.jpg","contentUrl":"https:\/\/www.booksonthemove.fr\/media\/logo-NB-400.jpg","width":400,"height":143,"caption":"Books on the Move"},"image":{"@id":"https:\/\/www.booksonthemove.fr\/#\/schema\/logo\/image\/"},"sameAs":["https:\/\/www.facebook.com\/Librairiebooksonthemove\/"]}]}},"_links":{"self":[{"href":"https:\/\/www.booksonthemove.fr\/en\/wp-json\/wp\/v2\/product\/3669","targetHints":{"allow":["GET"]}}],"collection":[{"href":"https:\/\/www.booksonthemove.fr\/en\/wp-json\/wp\/v2\/product"}],"about":[{"href":"https:\/\/www.booksonthemove.fr\/en\/wp-json\/wp\/v2\/types\/product"}],"wp:featuredmedia":[{"embeddable":true,"href":"https:\/\/www.booksonthemove.fr\/en\/wp-json\/wp\/v2\/media\/3330"}],"wp:attachment":[{"href":"https:\/\/www.booksonthemove.fr\/en\/wp-json\/wp\/v2\/media?parent=3669"}],"wp:term":[{"taxonomy":"product_brand","embeddable":true,"href":"https:\/\/www.booksonthemove.fr\/en\/wp-json\/wp\/v2\/product_brand?post=3669"},{"taxonomy":"product_cat","embeddable":true,"href":"https:\/\/www.booksonthemove.fr\/en\/wp-json\/wp\/v2\/product_cat?post=3669"},{"taxonomy":"product_tag","embeddable":true,"href":"https:\/\/www.booksonthemove.fr\/en\/wp-json\/wp\/v2\/product_tag?post=3669"}],"curies":[{"name":"wp","href":"https:\/\/api.w.org\/{rel}","templated":true}]}}