{"id":3670,"date":"2016-08-28T22:48:07","date_gmt":"2016-08-28T20:48:07","guid":{"rendered":"https:\/\/www.booksonthemove.fr\/en\/product\/le-ballet-de-cour-de-louis-xiv-1643-1672-mises-en-scene\/"},"modified":"2022-12-08T17:34:19","modified_gmt":"2022-12-08T16:34:19","slug":"le-ballet-de-cour-de-louis-xiv-1643-1672-mises-en-scene","status":"publish","type":"product","link":"https:\/\/www.booksonthemove.fr\/en\/produit\/le-ballet-de-cour-de-louis-xiv-1643-1672-mises-en-scene\/","title":{"rendered":"Le ballet de cour de Louis XIV (1643-1672) &#8211; Mises en sc\u00e8ne"},"content":{"rendered":"<p>L&#8217;historienne d&#8217;art Marie-Fran\u00e7oise Christout observe l&#8217;\u00e9volution du ballet de cour en France de 1643 \u00e0\u00a0 1672. Miroir d&#8217;une soci\u00e9t\u00e9 galante et fantasque, ce genre hybride fut port\u00e9 \u00e0 son apog\u00e9e par Louis XIV qui assura ainsi de fa\u00e7on m\u00e9taphorique son prestige.<br \/>\nA partir de sources originales, cet ouvrage de r\u00e9f\u00e9rence fait revivre un art complexe en le situant dans le contexte de repr\u00e9sentations publiques et festives, de th\u00e9ories, de trait\u00e9s, d&#8217;\u00e9v\u00e9nements contemporains. Remise \u00e0\u00a0 jour et largement illustr\u00e9e, cette nouvelle \u00e9dition du Ballet de cour de Louis XIV s&#8217;enrichit de r\u00e9f\u00e9rences, d&#8217;illustrations et de tableaux d\u00e9taillant la distribution de sept ballets de facture exemplaire.<\/p>\n","protected":false},"excerpt":{"rendered":"<p><strong>Auteur:<\/strong> Marie-Fran\u00e7oise Christout<br \/>\n<strong>Editeur:<\/strong> Centre national de la danse (2005)<\/p>\n<p><strong>Broch\u00e9:<\/strong> 292 pages<br \/>\n<strong>Langue:<\/strong> Fran\u00e7ais<br \/>\n<strong>ISBN13:<\/strong> 2-7084-0742-2<\/p>\n","protected":false},"featured_media":3260,"template":"","meta":[],"product_brand":[],"product_cat":[247,162,163,136],"product_tag":[],"class_list":{"0":"post-3670","1":"product","2":"type-product","3":"status-publish","4":"has-post-thumbnail","6":"product_cat-ballet-2-en","7":"product_cat-french-en","8":"product_cat-france-en","9":"product_cat-histoire-en","11":"first","12":"onbackorder","13":"taxable","14":"shipping-taxable","15":"purchasable","16":"product-type-simple"},"yoast_head":"<!-- This site is optimized with the Yoast SEO plugin v27.5 - https:\/\/yoast.com\/product\/yoast-seo-wordpress\/ -->\n<title>Le ballet de cour de Louis XIV (1643-1672) - Mises en sc\u00e8ne - Books on the Move<\/title>\n<meta name=\"robots\" content=\"index, follow, max-snippet:-1, max-image-preview:large, max-video-preview:-1\" \/>\n<link rel=\"canonical\" href=\"https:\/\/www.booksonthemove.fr\/en\/produit\/le-ballet-de-cour-de-louis-xiv-1643-1672-mises-en-scene\/\" \/>\n<meta property=\"og:locale\" content=\"en_US\" \/>\n<meta property=\"og:type\" content=\"article\" \/>\n<meta property=\"og:title\" content=\"Le ballet de cour de Louis XIV (1643-1672) - Mises en sc\u00e8ne - Books on the Move\" \/>\n<meta property=\"og:description\" content=\"Auteur: Marie-Fran\u00e7oise Christout Editeur: Centre national de la danse (2005)  Broch\u00e9: 292 pages Langue: Fran\u00e7ais ISBN13: 2-7084-0742-2\" \/>\n<meta property=\"og:url\" content=\"https:\/\/www.booksonthemove.fr\/en\/produit\/le-ballet-de-cour-de-louis-xiv-1643-1672-mises-en-scene\/\" \/>\n<meta property=\"og:site_name\" content=\"Books on the Move\" \/>\n<meta property=\"article:publisher\" content=\"https:\/\/www.facebook.com\/Librairiebooksonthemove\/\" \/>\n<meta property=\"article:modified_time\" content=\"2022-12-08T16:34:19+00:00\" \/>\n<meta property=\"og:image\" content=\"https:\/\/www.booksonthemove.fr\/media\/bom_1539_0.jpg\" \/>\n\t<meta property=\"og:image:width\" content=\"900\" \/>\n\t<meta property=\"og:image:height\" content=\"1275\" \/>\n\t<meta property=\"og:image:type\" content=\"image\/jpeg\" \/>\n<meta name=\"twitter:card\" content=\"summary_large_image\" \/>\n<script type=\"application\/ld+json\" class=\"yoast-schema-graph\">{\"@context\":\"https:\\\/\\\/schema.org\",\"@graph\":[{\"@type\":\"WebPage\",\"@id\":\"https:\\\/\\\/www.booksonthemove.fr\\\/en\\\/produit\\\/le-ballet-de-cour-de-louis-xiv-1643-1672-mises-en-scene\\\/\",\"url\":\"https:\\\/\\\/www.booksonthemove.fr\\\/en\\\/produit\\\/le-ballet-de-cour-de-louis-xiv-1643-1672-mises-en-scene\\\/\",\"name\":\"Le ballet de cour de Louis XIV (1643-1672) - Mises en sc\u00e8ne - Books on the Move\",\"isPartOf\":{\"@id\":\"https:\\\/\\\/www.booksonthemove.fr\\\/#website\"},\"primaryImageOfPage\":{\"@id\":\"https:\\\/\\\/www.booksonthemove.fr\\\/en\\\/produit\\\/le-ballet-de-cour-de-louis-xiv-1643-1672-mises-en-scene\\\/#primaryimage\"},\"image\":{\"@id\":\"https:\\\/\\\/www.booksonthemove.fr\\\/en\\\/produit\\\/le-ballet-de-cour-de-louis-xiv-1643-1672-mises-en-scene\\\/#primaryimage\"},\"thumbnailUrl\":\"https:\\\/\\\/www.booksonthemove.fr\\\/media\\\/bom_1539_0.jpg\",\"datePublished\":\"2016-08-28T20:48:07+00:00\",\"dateModified\":\"2022-12-08T16:34:19+00:00\",\"breadcrumb\":{\"@id\":\"https:\\\/\\\/www.booksonthemove.fr\\\/en\\\/produit\\\/le-ballet-de-cour-de-louis-xiv-1643-1672-mises-en-scene\\\/#breadcrumb\"},\"inLanguage\":\"en-US\",\"potentialAction\":[{\"@type\":\"ReadAction\",\"target\":[\"https:\\\/\\\/www.booksonthemove.fr\\\/en\\\/produit\\\/le-ballet-de-cour-de-louis-xiv-1643-1672-mises-en-scene\\\/\"]}]},{\"@type\":\"ImageObject\",\"inLanguage\":\"en-US\",\"@id\":\"https:\\\/\\\/www.booksonthemove.fr\\\/en\\\/produit\\\/le-ballet-de-cour-de-louis-xiv-1643-1672-mises-en-scene\\\/#primaryimage\",\"url\":\"https:\\\/\\\/www.booksonthemove.fr\\\/media\\\/bom_1539_0.jpg\",\"contentUrl\":\"https:\\\/\\\/www.booksonthemove.fr\\\/media\\\/bom_1539_0.jpg\",\"width\":900,\"height\":1275},{\"@type\":\"BreadcrumbList\",\"@id\":\"https:\\\/\\\/www.booksonthemove.fr\\\/en\\\/produit\\\/le-ballet-de-cour-de-louis-xiv-1643-1672-mises-en-scene\\\/#breadcrumb\",\"itemListElement\":[{\"@type\":\"ListItem\",\"position\":1,\"name\":\"Accueil\",\"item\":\"https:\\\/\\\/www.booksonthemove.fr\\\/en\\\/\"},{\"@type\":\"ListItem\",\"position\":2,\"name\":\"online store\",\"item\":\"https:\\\/\\\/www.booksonthemove.fr\\\/en\\\/online-shop\\\/\"},{\"@type\":\"ListItem\",\"position\":3,\"name\":\"Le ballet de cour de Louis XIV (1643-1672) &#8211; Mises en sc\u00e8ne\"}]},{\"@type\":\"WebSite\",\"@id\":\"https:\\\/\\\/www.booksonthemove.fr\\\/#website\",\"url\":\"https:\\\/\\\/www.booksonthemove.fr\\\/\",\"name\":\"Books on the Move\",\"description\":\"librairie nomade - danse - mouvement - performance\",\"publisher\":{\"@id\":\"https:\\\/\\\/www.booksonthemove.fr\\\/#organization\"},\"potentialAction\":[{\"@type\":\"SearchAction\",\"target\":{\"@type\":\"EntryPoint\",\"urlTemplate\":\"https:\\\/\\\/www.booksonthemove.fr\\\/?s={search_term_string}\"},\"query-input\":{\"@type\":\"PropertyValueSpecification\",\"valueRequired\":true,\"valueName\":\"search_term_string\"}}],\"inLanguage\":\"en-US\"},{\"@type\":\"Organization\",\"@id\":\"https:\\\/\\\/www.booksonthemove.fr\\\/#organization\",\"name\":\"Books on the Move\",\"url\":\"https:\\\/\\\/www.booksonthemove.fr\\\/\",\"logo\":{\"@type\":\"ImageObject\",\"inLanguage\":\"en-US\",\"@id\":\"https:\\\/\\\/www.booksonthemove.fr\\\/#\\\/schema\\\/logo\\\/image\\\/\",\"url\":\"https:\\\/\\\/www.booksonthemove.fr\\\/media\\\/logo-NB-400.jpg\",\"contentUrl\":\"https:\\\/\\\/www.booksonthemove.fr\\\/media\\\/logo-NB-400.jpg\",\"width\":400,\"height\":143,\"caption\":\"Books on the Move\"},\"image\":{\"@id\":\"https:\\\/\\\/www.booksonthemove.fr\\\/#\\\/schema\\\/logo\\\/image\\\/\"},\"sameAs\":[\"https:\\\/\\\/www.facebook.com\\\/Librairiebooksonthemove\\\/\"]}]}<\/script>\n<!-- \/ Yoast SEO plugin. -->","yoast_head_json":{"title":"Le ballet de cour de Louis XIV (1643-1672) - Mises en sc\u00e8ne - Books on the Move","robots":{"index":"index","follow":"follow","max-snippet":"max-snippet:-1","max-image-preview":"max-image-preview:large","max-video-preview":"max-video-preview:-1"},"canonical":"https:\/\/www.booksonthemove.fr\/en\/produit\/le-ballet-de-cour-de-louis-xiv-1643-1672-mises-en-scene\/","og_locale":"en_US","og_type":"article","og_title":"Le ballet de cour de Louis XIV (1643-1672) - Mises en sc\u00e8ne - Books on the Move","og_description":"Auteur: Marie-Fran\u00e7oise Christout Editeur: Centre national de la danse (2005)  Broch\u00e9: 292 pages Langue: Fran\u00e7ais ISBN13: 2-7084-0742-2","og_url":"https:\/\/www.booksonthemove.fr\/en\/produit\/le-ballet-de-cour-de-louis-xiv-1643-1672-mises-en-scene\/","og_site_name":"Books on the Move","article_publisher":"https:\/\/www.facebook.com\/Librairiebooksonthemove\/","article_modified_time":"2022-12-08T16:34:19+00:00","og_image":[{"width":900,"height":1275,"url":"https:\/\/www.booksonthemove.fr\/media\/bom_1539_0.jpg","type":"image\/jpeg"}],"twitter_card":"summary_large_image","schema":{"@context":"https:\/\/schema.org","@graph":[{"@type":"WebPage","@id":"https:\/\/www.booksonthemove.fr\/en\/produit\/le-ballet-de-cour-de-louis-xiv-1643-1672-mises-en-scene\/","url":"https:\/\/www.booksonthemove.fr\/en\/produit\/le-ballet-de-cour-de-louis-xiv-1643-1672-mises-en-scene\/","name":"Le ballet de cour de Louis XIV (1643-1672) - Mises en sc\u00e8ne - Books on the Move","isPartOf":{"@id":"https:\/\/www.booksonthemove.fr\/#website"},"primaryImageOfPage":{"@id":"https:\/\/www.booksonthemove.fr\/en\/produit\/le-ballet-de-cour-de-louis-xiv-1643-1672-mises-en-scene\/#primaryimage"},"image":{"@id":"https:\/\/www.booksonthemove.fr\/en\/produit\/le-ballet-de-cour-de-louis-xiv-1643-1672-mises-en-scene\/#primaryimage"},"thumbnailUrl":"https:\/\/www.booksonthemove.fr\/media\/bom_1539_0.jpg","datePublished":"2016-08-28T20:48:07+00:00","dateModified":"2022-12-08T16:34:19+00:00","breadcrumb":{"@id":"https:\/\/www.booksonthemove.fr\/en\/produit\/le-ballet-de-cour-de-louis-xiv-1643-1672-mises-en-scene\/#breadcrumb"},"inLanguage":"en-US","potentialAction":[{"@type":"ReadAction","target":["https:\/\/www.booksonthemove.fr\/en\/produit\/le-ballet-de-cour-de-louis-xiv-1643-1672-mises-en-scene\/"]}]},{"@type":"ImageObject","inLanguage":"en-US","@id":"https:\/\/www.booksonthemove.fr\/en\/produit\/le-ballet-de-cour-de-louis-xiv-1643-1672-mises-en-scene\/#primaryimage","url":"https:\/\/www.booksonthemove.fr\/media\/bom_1539_0.jpg","contentUrl":"https:\/\/www.booksonthemove.fr\/media\/bom_1539_0.jpg","width":900,"height":1275},{"@type":"BreadcrumbList","@id":"https:\/\/www.booksonthemove.fr\/en\/produit\/le-ballet-de-cour-de-louis-xiv-1643-1672-mises-en-scene\/#breadcrumb","itemListElement":[{"@type":"ListItem","position":1,"name":"Accueil","item":"https:\/\/www.booksonthemove.fr\/en\/"},{"@type":"ListItem","position":2,"name":"online store","item":"https:\/\/www.booksonthemove.fr\/en\/online-shop\/"},{"@type":"ListItem","position":3,"name":"Le ballet de cour de Louis XIV (1643-1672) &#8211; Mises en sc\u00e8ne"}]},{"@type":"WebSite","@id":"https:\/\/www.booksonthemove.fr\/#website","url":"https:\/\/www.booksonthemove.fr\/","name":"Books on the Move","description":"librairie nomade - danse - mouvement - performance","publisher":{"@id":"https:\/\/www.booksonthemove.fr\/#organization"},"potentialAction":[{"@type":"SearchAction","target":{"@type":"EntryPoint","urlTemplate":"https:\/\/www.booksonthemove.fr\/?s={search_term_string}"},"query-input":{"@type":"PropertyValueSpecification","valueRequired":true,"valueName":"search_term_string"}}],"inLanguage":"en-US"},{"@type":"Organization","@id":"https:\/\/www.booksonthemove.fr\/#organization","name":"Books on the Move","url":"https:\/\/www.booksonthemove.fr\/","logo":{"@type":"ImageObject","inLanguage":"en-US","@id":"https:\/\/www.booksonthemove.fr\/#\/schema\/logo\/image\/","url":"https:\/\/www.booksonthemove.fr\/media\/logo-NB-400.jpg","contentUrl":"https:\/\/www.booksonthemove.fr\/media\/logo-NB-400.jpg","width":400,"height":143,"caption":"Books on the Move"},"image":{"@id":"https:\/\/www.booksonthemove.fr\/#\/schema\/logo\/image\/"},"sameAs":["https:\/\/www.facebook.com\/Librairiebooksonthemove\/"]}]}},"_links":{"self":[{"href":"https:\/\/www.booksonthemove.fr\/en\/wp-json\/wp\/v2\/product\/3670","targetHints":{"allow":["GET"]}}],"collection":[{"href":"https:\/\/www.booksonthemove.fr\/en\/wp-json\/wp\/v2\/product"}],"about":[{"href":"https:\/\/www.booksonthemove.fr\/en\/wp-json\/wp\/v2\/types\/product"}],"wp:featuredmedia":[{"embeddable":true,"href":"https:\/\/www.booksonthemove.fr\/en\/wp-json\/wp\/v2\/media\/3260"}],"wp:attachment":[{"href":"https:\/\/www.booksonthemove.fr\/en\/wp-json\/wp\/v2\/media?parent=3670"}],"wp:term":[{"taxonomy":"product_brand","embeddable":true,"href":"https:\/\/www.booksonthemove.fr\/en\/wp-json\/wp\/v2\/product_brand?post=3670"},{"taxonomy":"product_cat","embeddable":true,"href":"https:\/\/www.booksonthemove.fr\/en\/wp-json\/wp\/v2\/product_cat?post=3670"},{"taxonomy":"product_tag","embeddable":true,"href":"https:\/\/www.booksonthemove.fr\/en\/wp-json\/wp\/v2\/product_tag?post=3670"}],"curies":[{"name":"wp","href":"https:\/\/api.w.org\/{rel}","templated":true}]}}