{"id":3671,"date":"2016-08-28T22:48:07","date_gmt":"2016-08-28T20:48:07","guid":{"rendered":"https:\/\/www.booksonthemove.fr\/en\/product\/que-fait-la-danse-a-lecole-enquete-au-c-%c2%9cur-dune\/"},"modified":"2019-12-28T04:10:25","modified_gmt":"2019-12-28T03:10:25","slug":"que-fait-la-danse-a-lecole-enquete-au-c-%c2%9cur-dune","status":"publish","type":"product","link":"https:\/\/www.booksonthemove.fr\/en\/produit\/que-fait-la-danse-a-lecole-enquete-au-c-%c2%9cur-dune\/","title":{"rendered":"Que fait la danse \u00e0\u00a0 l&#8217;\u00e9cole? &#8211; Enqu\u00eate au c\u0153ur d&#8217;une utopie possible"},"content":{"rendered":"<p>La place de l&#8217;\u00e9ducation artistique est aujourd&#8217;hui au c\u0153ur des pr\u00e9occupations des d\u00e9cideurs politiques et depuis tr\u00e8s longtemps de celles de nombreux artistes et professionnels de la culture. La place de la danse \u00e0\u00a0 l&#8217;\u00e9cole l&#8217;est de fa\u00e7on singuli\u00e8re puisqu&#8217;il s&#8217;agit du corps de l&#8217;enfant, d&#8217;une p\u00e9dagogie par des approches du corps et du mouvement.<br \/>\nA partir d&#8217;une minutieuse enqu\u00eate de terrain, Patrick Germain-Thomas questionne l&#8217;impact de la danse \u00e0\u00a0 l&#8217;\u00e9cole sur les enfants et sur l&#8217;environnement scolaire : comment peut-elle am\u00e9liorer la vie de groupe par une meilleure conscience de son corps en relation \u00e0 celui des autres ? Peut-elle accro\u00eetre les capacit\u00e9s de concentration ? Favorise-t-elle une ouverture intellectuelle ? Parvient-elle \u00e0\u00a0 mettre en valeur des \u00e9l\u00e8ves par ailleurs en difficult\u00e9&#8230;?<br \/>\nCet ouvrage s&#8217;efforce de montrer \u00e0\u00a0 quel point la pr\u00e9sence des danseurs \u00e0\u00a0 l&#8217;\u00e9cole, d\u00e8s lors qu&#8217;elle s&#8217;inscrit dans un partenariat \u00e9quilibr\u00e9 avec les enseignants, offre un potentiel consid\u00e9rable d&#8217;innovation et de d\u00e9couverte sur le plan p\u00e9dagogique.<\/p>\n","protected":false},"excerpt":{"rendered":"<p><strong>Auteur:<\/strong> Patrick Germain-Thomas<br \/>\n<strong>Editeur:<\/strong> \u00e9ditions de l&#8217;attribut (2016)<\/p>\n<p><strong>Broch\u00e9:<\/strong> 196 pages<br \/>\n<strong>Langue:<\/strong> Fran\u00e7ais<br \/>\n<strong>ISBN13:<\/strong> 978-2-916002-34-7<\/p>\n","protected":false},"featured_media":3262,"template":"","meta":[],"product_brand":[],"product_cat":[227,162,163,140,222],"product_tag":[],"class_list":{"0":"post-3671","1":"product","2":"type-product","3":"status-publish","4":"has-post-thumbnail","6":"product_cat-essays-en","7":"product_cat-french-en","8":"product_cat-france-en","9":"product_cat-education-dance-technique-en","10":"product_cat-social-studies-en","12":"first","13":"instock","14":"taxable","15":"shipping-taxable","16":"purchasable","17":"product-type-simple"},"yoast_head":"<!-- This site is optimized with the Yoast SEO plugin v27.4 - https:\/\/yoast.com\/product\/yoast-seo-wordpress\/ -->\n<title>Que fait la danse \u00e0\u00a0 l&#039;\u00e9cole? - Enqu\u00eate au c\u0153ur d&#039;une utopie possible - Books on the Move<\/title>\n<meta name=\"robots\" content=\"index, follow, max-snippet:-1, max-image-preview:large, max-video-preview:-1\" \/>\n<link rel=\"canonical\" href=\"https:\/\/www.booksonthemove.fr\/en\/produit\/que-fait-la-danse-a-lecole-enquete-au-c-\u009cur-dune\/\" \/>\n<meta property=\"og:locale\" content=\"en_US\" \/>\n<meta property=\"og:type\" content=\"article\" \/>\n<meta property=\"og:title\" content=\"Que fait la danse \u00e0\u00a0 l&#039;\u00e9cole? - Enqu\u00eate au c\u0153ur d&#039;une utopie possible - Books on the Move\" \/>\n<meta property=\"og:description\" content=\"Auteur: Patrick Germain-Thomas Editeur: \u00e9ditions de l&#039;attribut (2016)  Broch\u00e9: 196 pages Langue: Fran\u00e7ais ISBN13: 978-2-916002-34-7\" \/>\n<meta property=\"og:url\" content=\"https:\/\/www.booksonthemove.fr\/en\/produit\/que-fait-la-danse-a-lecole-enquete-au-c-\u009cur-dune\/\" \/>\n<meta property=\"og:site_name\" content=\"Books on the Move\" \/>\n<meta property=\"article:publisher\" content=\"https:\/\/www.facebook.com\/Librairiebooksonthemove\/\" \/>\n<meta property=\"article:modified_time\" content=\"2019-12-28T03:10:25+00:00\" \/>\n<meta property=\"og:image\" content=\"https:\/\/www.booksonthemove.fr\/media\/bom_1540_0.jpg\" \/>\n\t<meta property=\"og:image:width\" content=\"900\" \/>\n\t<meta property=\"og:image:height\" content=\"1365\" \/>\n\t<meta property=\"og:image:type\" content=\"image\/jpeg\" \/>\n<meta name=\"twitter:card\" content=\"summary_large_image\" \/>\n<script type=\"application\/ld+json\" class=\"yoast-schema-graph\">{\"@context\":\"https:\\\/\\\/schema.org\",\"@graph\":[{\"@type\":\"WebPage\",\"@id\":\"https:\\\/\\\/www.booksonthemove.fr\\\/en\\\/produit\\\/que-fait-la-danse-a-lecole-enquete-au-c-%c2%9cur-dune\\\/\",\"url\":\"https:\\\/\\\/www.booksonthemove.fr\\\/en\\\/produit\\\/que-fait-la-danse-a-lecole-enquete-au-c-%c2%9cur-dune\\\/\",\"name\":\"Que fait la danse \u00e0\u00a0 l'\u00e9cole? - Enqu\u00eate au c\u0153ur d'une utopie possible - Books on the Move\",\"isPartOf\":{\"@id\":\"https:\\\/\\\/www.booksonthemove.fr\\\/#website\"},\"primaryImageOfPage\":{\"@id\":\"https:\\\/\\\/www.booksonthemove.fr\\\/en\\\/produit\\\/que-fait-la-danse-a-lecole-enquete-au-c-%c2%9cur-dune\\\/#primaryimage\"},\"image\":{\"@id\":\"https:\\\/\\\/www.booksonthemove.fr\\\/en\\\/produit\\\/que-fait-la-danse-a-lecole-enquete-au-c-%c2%9cur-dune\\\/#primaryimage\"},\"thumbnailUrl\":\"https:\\\/\\\/www.booksonthemove.fr\\\/media\\\/bom_1540_0.jpg\",\"datePublished\":\"2016-08-28T20:48:07+00:00\",\"dateModified\":\"2019-12-28T03:10:25+00:00\",\"breadcrumb\":{\"@id\":\"https:\\\/\\\/www.booksonthemove.fr\\\/en\\\/produit\\\/que-fait-la-danse-a-lecole-enquete-au-c-%c2%9cur-dune\\\/#breadcrumb\"},\"inLanguage\":\"en-US\",\"potentialAction\":[{\"@type\":\"ReadAction\",\"target\":[\"https:\\\/\\\/www.booksonthemove.fr\\\/en\\\/produit\\\/que-fait-la-danse-a-lecole-enquete-au-c-%c2%9cur-dune\\\/\"]}]},{\"@type\":\"ImageObject\",\"inLanguage\":\"en-US\",\"@id\":\"https:\\\/\\\/www.booksonthemove.fr\\\/en\\\/produit\\\/que-fait-la-danse-a-lecole-enquete-au-c-%c2%9cur-dune\\\/#primaryimage\",\"url\":\"https:\\\/\\\/www.booksonthemove.fr\\\/media\\\/bom_1540_0.jpg\",\"contentUrl\":\"https:\\\/\\\/www.booksonthemove.fr\\\/media\\\/bom_1540_0.jpg\",\"width\":900,\"height\":1365},{\"@type\":\"BreadcrumbList\",\"@id\":\"https:\\\/\\\/www.booksonthemove.fr\\\/en\\\/produit\\\/que-fait-la-danse-a-lecole-enquete-au-c-%c2%9cur-dune\\\/#breadcrumb\",\"itemListElement\":[{\"@type\":\"ListItem\",\"position\":1,\"name\":\"Accueil\",\"item\":\"https:\\\/\\\/www.booksonthemove.fr\\\/en\\\/\"},{\"@type\":\"ListItem\",\"position\":2,\"name\":\"online store\",\"item\":\"https:\\\/\\\/www.booksonthemove.fr\\\/en\\\/online-shop\\\/\"},{\"@type\":\"ListItem\",\"position\":3,\"name\":\"Que fait la danse \u00e0\u00a0 l&#8217;\u00e9cole? &#8211; Enqu\u00eate au c\u0153ur d&#8217;une utopie possible\"}]},{\"@type\":\"WebSite\",\"@id\":\"https:\\\/\\\/www.booksonthemove.fr\\\/#website\",\"url\":\"https:\\\/\\\/www.booksonthemove.fr\\\/\",\"name\":\"Books on the Move\",\"description\":\"librairie nomade - danse - mouvement - performance\",\"publisher\":{\"@id\":\"https:\\\/\\\/www.booksonthemove.fr\\\/#organization\"},\"potentialAction\":[{\"@type\":\"SearchAction\",\"target\":{\"@type\":\"EntryPoint\",\"urlTemplate\":\"https:\\\/\\\/www.booksonthemove.fr\\\/?s={search_term_string}\"},\"query-input\":{\"@type\":\"PropertyValueSpecification\",\"valueRequired\":true,\"valueName\":\"search_term_string\"}}],\"inLanguage\":\"en-US\"},{\"@type\":\"Organization\",\"@id\":\"https:\\\/\\\/www.booksonthemove.fr\\\/#organization\",\"name\":\"Books on the Move\",\"url\":\"https:\\\/\\\/www.booksonthemove.fr\\\/\",\"logo\":{\"@type\":\"ImageObject\",\"inLanguage\":\"en-US\",\"@id\":\"https:\\\/\\\/www.booksonthemove.fr\\\/#\\\/schema\\\/logo\\\/image\\\/\",\"url\":\"https:\\\/\\\/www.booksonthemove.fr\\\/media\\\/logo-NB-400.jpg\",\"contentUrl\":\"https:\\\/\\\/www.booksonthemove.fr\\\/media\\\/logo-NB-400.jpg\",\"width\":400,\"height\":143,\"caption\":\"Books on the Move\"},\"image\":{\"@id\":\"https:\\\/\\\/www.booksonthemove.fr\\\/#\\\/schema\\\/logo\\\/image\\\/\"},\"sameAs\":[\"https:\\\/\\\/www.facebook.com\\\/Librairiebooksonthemove\\\/\"]}]}<\/script>\n<!-- \/ Yoast SEO plugin. -->","yoast_head_json":{"title":"Que fait la danse \u00e0\u00a0 l'\u00e9cole? - Enqu\u00eate au c\u0153ur d'une utopie possible - Books on the Move","robots":{"index":"index","follow":"follow","max-snippet":"max-snippet:-1","max-image-preview":"max-image-preview:large","max-video-preview":"max-video-preview:-1"},"canonical":"https:\/\/www.booksonthemove.fr\/en\/produit\/que-fait-la-danse-a-lecole-enquete-au-c-\u009cur-dune\/","og_locale":"en_US","og_type":"article","og_title":"Que fait la danse \u00e0\u00a0 l'\u00e9cole? - Enqu\u00eate au c\u0153ur d'une utopie possible - Books on the Move","og_description":"Auteur: Patrick Germain-Thomas Editeur: \u00e9ditions de l'attribut (2016)  Broch\u00e9: 196 pages Langue: Fran\u00e7ais ISBN13: 978-2-916002-34-7","og_url":"https:\/\/www.booksonthemove.fr\/en\/produit\/que-fait-la-danse-a-lecole-enquete-au-c-\u009cur-dune\/","og_site_name":"Books on the Move","article_publisher":"https:\/\/www.facebook.com\/Librairiebooksonthemove\/","article_modified_time":"2019-12-28T03:10:25+00:00","og_image":[{"width":900,"height":1365,"url":"https:\/\/www.booksonthemove.fr\/media\/bom_1540_0.jpg","type":"image\/jpeg"}],"twitter_card":"summary_large_image","schema":{"@context":"https:\/\/schema.org","@graph":[{"@type":"WebPage","@id":"https:\/\/www.booksonthemove.fr\/en\/produit\/que-fait-la-danse-a-lecole-enquete-au-c-%c2%9cur-dune\/","url":"https:\/\/www.booksonthemove.fr\/en\/produit\/que-fait-la-danse-a-lecole-enquete-au-c-%c2%9cur-dune\/","name":"Que fait la danse \u00e0\u00a0 l'\u00e9cole? - Enqu\u00eate au c\u0153ur d'une utopie possible - Books on the Move","isPartOf":{"@id":"https:\/\/www.booksonthemove.fr\/#website"},"primaryImageOfPage":{"@id":"https:\/\/www.booksonthemove.fr\/en\/produit\/que-fait-la-danse-a-lecole-enquete-au-c-%c2%9cur-dune\/#primaryimage"},"image":{"@id":"https:\/\/www.booksonthemove.fr\/en\/produit\/que-fait-la-danse-a-lecole-enquete-au-c-%c2%9cur-dune\/#primaryimage"},"thumbnailUrl":"https:\/\/www.booksonthemove.fr\/media\/bom_1540_0.jpg","datePublished":"2016-08-28T20:48:07+00:00","dateModified":"2019-12-28T03:10:25+00:00","breadcrumb":{"@id":"https:\/\/www.booksonthemove.fr\/en\/produit\/que-fait-la-danse-a-lecole-enquete-au-c-%c2%9cur-dune\/#breadcrumb"},"inLanguage":"en-US","potentialAction":[{"@type":"ReadAction","target":["https:\/\/www.booksonthemove.fr\/en\/produit\/que-fait-la-danse-a-lecole-enquete-au-c-%c2%9cur-dune\/"]}]},{"@type":"ImageObject","inLanguage":"en-US","@id":"https:\/\/www.booksonthemove.fr\/en\/produit\/que-fait-la-danse-a-lecole-enquete-au-c-%c2%9cur-dune\/#primaryimage","url":"https:\/\/www.booksonthemove.fr\/media\/bom_1540_0.jpg","contentUrl":"https:\/\/www.booksonthemove.fr\/media\/bom_1540_0.jpg","width":900,"height":1365},{"@type":"BreadcrumbList","@id":"https:\/\/www.booksonthemove.fr\/en\/produit\/que-fait-la-danse-a-lecole-enquete-au-c-%c2%9cur-dune\/#breadcrumb","itemListElement":[{"@type":"ListItem","position":1,"name":"Accueil","item":"https:\/\/www.booksonthemove.fr\/en\/"},{"@type":"ListItem","position":2,"name":"online store","item":"https:\/\/www.booksonthemove.fr\/en\/online-shop\/"},{"@type":"ListItem","position":3,"name":"Que fait la danse \u00e0\u00a0 l&#8217;\u00e9cole? &#8211; Enqu\u00eate au c\u0153ur d&#8217;une utopie possible"}]},{"@type":"WebSite","@id":"https:\/\/www.booksonthemove.fr\/#website","url":"https:\/\/www.booksonthemove.fr\/","name":"Books on the Move","description":"librairie nomade - danse - mouvement - performance","publisher":{"@id":"https:\/\/www.booksonthemove.fr\/#organization"},"potentialAction":[{"@type":"SearchAction","target":{"@type":"EntryPoint","urlTemplate":"https:\/\/www.booksonthemove.fr\/?s={search_term_string}"},"query-input":{"@type":"PropertyValueSpecification","valueRequired":true,"valueName":"search_term_string"}}],"inLanguage":"en-US"},{"@type":"Organization","@id":"https:\/\/www.booksonthemove.fr\/#organization","name":"Books on the Move","url":"https:\/\/www.booksonthemove.fr\/","logo":{"@type":"ImageObject","inLanguage":"en-US","@id":"https:\/\/www.booksonthemove.fr\/#\/schema\/logo\/image\/","url":"https:\/\/www.booksonthemove.fr\/media\/logo-NB-400.jpg","contentUrl":"https:\/\/www.booksonthemove.fr\/media\/logo-NB-400.jpg","width":400,"height":143,"caption":"Books on the Move"},"image":{"@id":"https:\/\/www.booksonthemove.fr\/#\/schema\/logo\/image\/"},"sameAs":["https:\/\/www.facebook.com\/Librairiebooksonthemove\/"]}]}},"_links":{"self":[{"href":"https:\/\/www.booksonthemove.fr\/en\/wp-json\/wp\/v2\/product\/3671","targetHints":{"allow":["GET"]}}],"collection":[{"href":"https:\/\/www.booksonthemove.fr\/en\/wp-json\/wp\/v2\/product"}],"about":[{"href":"https:\/\/www.booksonthemove.fr\/en\/wp-json\/wp\/v2\/types\/product"}],"wp:featuredmedia":[{"embeddable":true,"href":"https:\/\/www.booksonthemove.fr\/en\/wp-json\/wp\/v2\/media\/3262"}],"wp:attachment":[{"href":"https:\/\/www.booksonthemove.fr\/en\/wp-json\/wp\/v2\/media?parent=3671"}],"wp:term":[{"taxonomy":"product_brand","embeddable":true,"href":"https:\/\/www.booksonthemove.fr\/en\/wp-json\/wp\/v2\/product_brand?post=3671"},{"taxonomy":"product_cat","embeddable":true,"href":"https:\/\/www.booksonthemove.fr\/en\/wp-json\/wp\/v2\/product_cat?post=3671"},{"taxonomy":"product_tag","embeddable":true,"href":"https:\/\/www.booksonthemove.fr\/en\/wp-json\/wp\/v2\/product_tag?post=3671"}],"curies":[{"name":"wp","href":"https:\/\/api.w.org\/{rel}","templated":true}]}}