{"id":3673,"date":"2016-08-28T22:48:07","date_gmt":"2016-08-28T20:48:07","guid":{"rendered":"https:\/\/www.booksonthemove.fr\/en\/product\/sidi-larbi-cherkaoui-rencontres\/"},"modified":"2025-05-11T16:20:02","modified_gmt":"2025-05-11T14:20:02","slug":"sidi-larbi-cherkaoui-rencontres","status":"publish","type":"product","link":"https:\/\/www.booksonthemove.fr\/en\/produit\/sidi-larbi-cherkaoui-rencontres\/","title":{"rendered":"Sidi Larbi Cherkaoui: rencontres"},"content":{"rendered":"<p>Sidi Larbi Cherkaoui, danseur et chor\u00e9graphe, a cr\u00e9\u00e9, avec Nienke Reehorst, Ook, un spectacle interpr\u00e9t\u00e9 par des acteurs handicap\u00e9s rencontr\u00e9s au Theater Stap de Belgique. La venue de l&#8217;un d&#8217;entre eux, Marc Wagemans, dans le spectacle Foi, a permis \u00e0\u00a0 Sidi Larbi Cherkaoui de poursuivre, avec les Ballets C. de la B., ce travail d&#8217;ouverture sur la pluralit\u00e9 des individus.<\/p>\n<p>Fruit d&#8217;un dialogue continu entre le chor\u00e9graphe et Jo\u00ebl Kerouanton, Sidi Larbi Cherkaoui, rencontres s&#8217;offre comme une \u00e9criture-promenade au c\u00f4t\u00e9 d&#8217;un metteur en sc\u00e8ne et de ses interpr\u00e8tes.<\/p>\n","protected":false},"excerpt":{"rendered":"<p><strong>Auteur:<\/strong> Jo\u00ebl Kerouanton<br \/>\n<strong>Editeur:<\/strong> L&#8217; \u0153\u009cil d&#8217;or (2004)<\/p>\n<p><strong>Broch\u00e9:<\/strong> 95 pages<br \/>\n<strong>Langue:<\/strong> Fran\u00e7ais<br \/>\n<strong>ISBN:<\/strong> 2-913661-13-0<\/p>\n","protected":false},"featured_media":3266,"template":"","meta":[],"product_brand":[],"product_cat":[149,162,290,169,139],"product_tag":[],"class_list":{"0":"post-3673","1":"product","2":"type-product","3":"status-publish","4":"has-post-thumbnail","6":"product_cat-contemporary-dance-en","7":"product_cat-french-en","8":"product_cat-disability-studies","9":"product_cat-interviews-conversations-en","10":"product_cat-work-process-en","12":"first","13":"outofstock","14":"taxable","15":"shipping-taxable","16":"purchasable","17":"product-type-simple"},"yoast_head":"<!-- This site is optimized with the Yoast SEO plugin v27.5 - https:\/\/yoast.com\/product\/yoast-seo-wordpress\/ -->\n<title>Sidi Larbi Cherkaoui: rencontres - Books on the Move<\/title>\n<meta name=\"robots\" content=\"index, follow, max-snippet:-1, max-image-preview:large, max-video-preview:-1\" \/>\n<link rel=\"canonical\" href=\"https:\/\/www.booksonthemove.fr\/produit\/sidi-larbi-cherkaoui-rencontres\/\" \/>\n<meta property=\"og:locale\" content=\"en_US\" \/>\n<meta property=\"og:type\" content=\"article\" \/>\n<meta property=\"og:title\" content=\"Sidi Larbi Cherkaoui: rencontres - Books on the Move\" \/>\n<meta property=\"og:description\" content=\"Auteur: Jo\u00ebl Kerouanton Editeur: L&#039; \u0153\u009cil d&#039;or (2004)  Broch\u00e9: 95 pages Langue: Fran\u00e7ais ISBN: 2-913661-13-0\" \/>\n<meta property=\"og:url\" content=\"https:\/\/www.booksonthemove.fr\/produit\/sidi-larbi-cherkaoui-rencontres\/\" \/>\n<meta property=\"og:site_name\" content=\"Books on the Move\" \/>\n<meta property=\"article:publisher\" content=\"https:\/\/www.facebook.com\/Librairiebooksonthemove\/\" \/>\n<meta property=\"article:modified_time\" content=\"2025-05-11T14:20:02+00:00\" \/>\n<meta property=\"og:image\" content=\"https:\/\/www.booksonthemove.fr\/media\/bom_1543_0.jpg\" \/>\n\t<meta property=\"og:image:width\" content=\"900\" \/>\n\t<meta property=\"og:image:height\" content=\"1448\" \/>\n\t<meta property=\"og:image:type\" content=\"image\/jpeg\" \/>\n<meta name=\"twitter:card\" content=\"summary_large_image\" \/>\n<script type=\"application\/ld+json\" class=\"yoast-schema-graph\">{\"@context\":\"https:\\\/\\\/schema.org\",\"@graph\":[{\"@type\":\"WebPage\",\"@id\":\"https:\\\/\\\/www.booksonthemove.fr\\\/produit\\\/sidi-larbi-cherkaoui-rencontres\\\/\",\"url\":\"https:\\\/\\\/www.booksonthemove.fr\\\/produit\\\/sidi-larbi-cherkaoui-rencontres\\\/\",\"name\":\"Sidi Larbi Cherkaoui: rencontres - Books on the Move\",\"isPartOf\":{\"@id\":\"https:\\\/\\\/www.booksonthemove.fr\\\/#website\"},\"primaryImageOfPage\":{\"@id\":\"https:\\\/\\\/www.booksonthemove.fr\\\/produit\\\/sidi-larbi-cherkaoui-rencontres\\\/#primaryimage\"},\"image\":{\"@id\":\"https:\\\/\\\/www.booksonthemove.fr\\\/produit\\\/sidi-larbi-cherkaoui-rencontres\\\/#primaryimage\"},\"thumbnailUrl\":\"https:\\\/\\\/www.booksonthemove.fr\\\/media\\\/bom_1543_0.jpg\",\"datePublished\":\"2016-08-28T20:48:07+00:00\",\"dateModified\":\"2025-05-11T14:20:02+00:00\",\"breadcrumb\":{\"@id\":\"https:\\\/\\\/www.booksonthemove.fr\\\/produit\\\/sidi-larbi-cherkaoui-rencontres\\\/#breadcrumb\"},\"inLanguage\":\"en-US\",\"potentialAction\":[{\"@type\":\"ReadAction\",\"target\":[\"https:\\\/\\\/www.booksonthemove.fr\\\/produit\\\/sidi-larbi-cherkaoui-rencontres\\\/\"]}]},{\"@type\":\"ImageObject\",\"inLanguage\":\"en-US\",\"@id\":\"https:\\\/\\\/www.booksonthemove.fr\\\/produit\\\/sidi-larbi-cherkaoui-rencontres\\\/#primaryimage\",\"url\":\"https:\\\/\\\/www.booksonthemove.fr\\\/media\\\/bom_1543_0.jpg\",\"contentUrl\":\"https:\\\/\\\/www.booksonthemove.fr\\\/media\\\/bom_1543_0.jpg\",\"width\":900,\"height\":1448},{\"@type\":\"BreadcrumbList\",\"@id\":\"https:\\\/\\\/www.booksonthemove.fr\\\/produit\\\/sidi-larbi-cherkaoui-rencontres\\\/#breadcrumb\",\"itemListElement\":[{\"@type\":\"ListItem\",\"position\":1,\"name\":\"Accueil\",\"item\":\"https:\\\/\\\/www.booksonthemove.fr\\\/en\\\/\"},{\"@type\":\"ListItem\",\"position\":2,\"name\":\"online store\",\"item\":\"https:\\\/\\\/www.booksonthemove.fr\\\/en\\\/online-shop\\\/\"},{\"@type\":\"ListItem\",\"position\":3,\"name\":\"Sidi Larbi Cherkaoui: rencontres\"}]},{\"@type\":\"WebSite\",\"@id\":\"https:\\\/\\\/www.booksonthemove.fr\\\/#website\",\"url\":\"https:\\\/\\\/www.booksonthemove.fr\\\/\",\"name\":\"Books on the Move\",\"description\":\"librairie nomade - danse - mouvement - performance\",\"publisher\":{\"@id\":\"https:\\\/\\\/www.booksonthemove.fr\\\/#organization\"},\"potentialAction\":[{\"@type\":\"SearchAction\",\"target\":{\"@type\":\"EntryPoint\",\"urlTemplate\":\"https:\\\/\\\/www.booksonthemove.fr\\\/?s={search_term_string}\"},\"query-input\":{\"@type\":\"PropertyValueSpecification\",\"valueRequired\":true,\"valueName\":\"search_term_string\"}}],\"inLanguage\":\"en-US\"},{\"@type\":\"Organization\",\"@id\":\"https:\\\/\\\/www.booksonthemove.fr\\\/#organization\",\"name\":\"Books on the Move\",\"url\":\"https:\\\/\\\/www.booksonthemove.fr\\\/\",\"logo\":{\"@type\":\"ImageObject\",\"inLanguage\":\"en-US\",\"@id\":\"https:\\\/\\\/www.booksonthemove.fr\\\/#\\\/schema\\\/logo\\\/image\\\/\",\"url\":\"https:\\\/\\\/www.booksonthemove.fr\\\/media\\\/logo-NB-400.jpg\",\"contentUrl\":\"https:\\\/\\\/www.booksonthemove.fr\\\/media\\\/logo-NB-400.jpg\",\"width\":400,\"height\":143,\"caption\":\"Books on the Move\"},\"image\":{\"@id\":\"https:\\\/\\\/www.booksonthemove.fr\\\/#\\\/schema\\\/logo\\\/image\\\/\"},\"sameAs\":[\"https:\\\/\\\/www.facebook.com\\\/Librairiebooksonthemove\\\/\"]}]}<\/script>\n<!-- \/ Yoast SEO plugin. -->","yoast_head_json":{"title":"Sidi Larbi Cherkaoui: rencontres - Books on the Move","robots":{"index":"index","follow":"follow","max-snippet":"max-snippet:-1","max-image-preview":"max-image-preview:large","max-video-preview":"max-video-preview:-1"},"canonical":"https:\/\/www.booksonthemove.fr\/produit\/sidi-larbi-cherkaoui-rencontres\/","og_locale":"en_US","og_type":"article","og_title":"Sidi Larbi Cherkaoui: rencontres - Books on the Move","og_description":"Auteur: Jo\u00ebl Kerouanton Editeur: L' \u0153\u009cil d'or (2004)  Broch\u00e9: 95 pages Langue: Fran\u00e7ais ISBN: 2-913661-13-0","og_url":"https:\/\/www.booksonthemove.fr\/produit\/sidi-larbi-cherkaoui-rencontres\/","og_site_name":"Books on the Move","article_publisher":"https:\/\/www.facebook.com\/Librairiebooksonthemove\/","article_modified_time":"2025-05-11T14:20:02+00:00","og_image":[{"width":900,"height":1448,"url":"https:\/\/www.booksonthemove.fr\/media\/bom_1543_0.jpg","type":"image\/jpeg"}],"twitter_card":"summary_large_image","schema":{"@context":"https:\/\/schema.org","@graph":[{"@type":"WebPage","@id":"https:\/\/www.booksonthemove.fr\/produit\/sidi-larbi-cherkaoui-rencontres\/","url":"https:\/\/www.booksonthemove.fr\/produit\/sidi-larbi-cherkaoui-rencontres\/","name":"Sidi Larbi Cherkaoui: rencontres - Books on the Move","isPartOf":{"@id":"https:\/\/www.booksonthemove.fr\/#website"},"primaryImageOfPage":{"@id":"https:\/\/www.booksonthemove.fr\/produit\/sidi-larbi-cherkaoui-rencontres\/#primaryimage"},"image":{"@id":"https:\/\/www.booksonthemove.fr\/produit\/sidi-larbi-cherkaoui-rencontres\/#primaryimage"},"thumbnailUrl":"https:\/\/www.booksonthemove.fr\/media\/bom_1543_0.jpg","datePublished":"2016-08-28T20:48:07+00:00","dateModified":"2025-05-11T14:20:02+00:00","breadcrumb":{"@id":"https:\/\/www.booksonthemove.fr\/produit\/sidi-larbi-cherkaoui-rencontres\/#breadcrumb"},"inLanguage":"en-US","potentialAction":[{"@type":"ReadAction","target":["https:\/\/www.booksonthemove.fr\/produit\/sidi-larbi-cherkaoui-rencontres\/"]}]},{"@type":"ImageObject","inLanguage":"en-US","@id":"https:\/\/www.booksonthemove.fr\/produit\/sidi-larbi-cherkaoui-rencontres\/#primaryimage","url":"https:\/\/www.booksonthemove.fr\/media\/bom_1543_0.jpg","contentUrl":"https:\/\/www.booksonthemove.fr\/media\/bom_1543_0.jpg","width":900,"height":1448},{"@type":"BreadcrumbList","@id":"https:\/\/www.booksonthemove.fr\/produit\/sidi-larbi-cherkaoui-rencontres\/#breadcrumb","itemListElement":[{"@type":"ListItem","position":1,"name":"Accueil","item":"https:\/\/www.booksonthemove.fr\/en\/"},{"@type":"ListItem","position":2,"name":"online store","item":"https:\/\/www.booksonthemove.fr\/en\/online-shop\/"},{"@type":"ListItem","position":3,"name":"Sidi Larbi Cherkaoui: rencontres"}]},{"@type":"WebSite","@id":"https:\/\/www.booksonthemove.fr\/#website","url":"https:\/\/www.booksonthemove.fr\/","name":"Books on the Move","description":"librairie nomade - danse - mouvement - performance","publisher":{"@id":"https:\/\/www.booksonthemove.fr\/#organization"},"potentialAction":[{"@type":"SearchAction","target":{"@type":"EntryPoint","urlTemplate":"https:\/\/www.booksonthemove.fr\/?s={search_term_string}"},"query-input":{"@type":"PropertyValueSpecification","valueRequired":true,"valueName":"search_term_string"}}],"inLanguage":"en-US"},{"@type":"Organization","@id":"https:\/\/www.booksonthemove.fr\/#organization","name":"Books on the Move","url":"https:\/\/www.booksonthemove.fr\/","logo":{"@type":"ImageObject","inLanguage":"en-US","@id":"https:\/\/www.booksonthemove.fr\/#\/schema\/logo\/image\/","url":"https:\/\/www.booksonthemove.fr\/media\/logo-NB-400.jpg","contentUrl":"https:\/\/www.booksonthemove.fr\/media\/logo-NB-400.jpg","width":400,"height":143,"caption":"Books on the Move"},"image":{"@id":"https:\/\/www.booksonthemove.fr\/#\/schema\/logo\/image\/"},"sameAs":["https:\/\/www.facebook.com\/Librairiebooksonthemove\/"]}]}},"_links":{"self":[{"href":"https:\/\/www.booksonthemove.fr\/en\/wp-json\/wp\/v2\/product\/3673","targetHints":{"allow":["GET"]}}],"collection":[{"href":"https:\/\/www.booksonthemove.fr\/en\/wp-json\/wp\/v2\/product"}],"about":[{"href":"https:\/\/www.booksonthemove.fr\/en\/wp-json\/wp\/v2\/types\/product"}],"wp:featuredmedia":[{"embeddable":true,"href":"https:\/\/www.booksonthemove.fr\/en\/wp-json\/wp\/v2\/media\/3266"}],"wp:attachment":[{"href":"https:\/\/www.booksonthemove.fr\/en\/wp-json\/wp\/v2\/media?parent=3673"}],"wp:term":[{"taxonomy":"product_brand","embeddable":true,"href":"https:\/\/www.booksonthemove.fr\/en\/wp-json\/wp\/v2\/product_brand?post=3673"},{"taxonomy":"product_cat","embeddable":true,"href":"https:\/\/www.booksonthemove.fr\/en\/wp-json\/wp\/v2\/product_cat?post=3673"},{"taxonomy":"product_tag","embeddable":true,"href":"https:\/\/www.booksonthemove.fr\/en\/wp-json\/wp\/v2\/product_tag?post=3673"}],"curies":[{"name":"wp","href":"https:\/\/api.w.org\/{rel}","templated":true}]}}