{"id":3674,"date":"2016-08-28T22:48:07","date_gmt":"2016-08-28T20:48:07","guid":{"rendered":"https:\/\/www.booksonthemove.fr\/en\/product\/vers-un-corps-conscient-la-discipline-du-mouvement-authentique\/"},"modified":"2025-03-27T16:31:05","modified_gmt":"2025-03-27T15:31:05","slug":"vers-un-corps-conscient-la-discipline-du-mouvement-authentique","status":"publish","type":"product","link":"https:\/\/www.booksonthemove.fr\/en\/produit\/vers-un-corps-conscient-la-discipline-du-mouvement-authentique\/","title":{"rendered":"Vers un corps conscient &#8211; La Discipline du mouvement authentique"},"content":{"rendered":"<p>Fermer les yeux,<br \/>\nentrer dans l&#8217;espace sans \u00e0\u00a0 priori<br \/>\net laisser le mouvement \u00e9merger dans l&#8217;instant,<br \/>\nen pr\u00e9sence d&#8217;une autre personne, t\u00e9moin de l&#8217;exp\u00e9rience.<br \/>\nDans ce livre, Janet Adler retrace pas \u00e0\u00a0 pas le voyage vers un corps conscient, une connaissance de soi et de l&#8217;autre, \u00e0\u00a0 partir d&#8217;exemples tir\u00e9s de son enseignement, tout en livrant les outils th\u00e9oriques et pratiques de la Discipline du mouvement authetique. Celle-ci invite \u00e0\u00a0 une \u00e9coute int\u00e9rieure, \u00e0\u00a0 s&#8217;\u00e9veiller aux sensations, \u00e9motions, pens\u00e9es et m\u00e9moires qui surgissent dans l&#8217;instant pr\u00e9sent. Mouvements et paroles puisent \u00e0\u00a0 la source du corps, amenant \u00e0\u00a0 la conscience ce qui est l\u00e0\u00a0 mais \u00e9chappe.<br \/>\nCet ouvrage s&#8217;adresse aux praticiens de la Discipline du mouvement authentique et, plus largement, aux amateurs et professionnels du champs de la th\u00e9rapie, des pratiques somatiques, spirituelles et artistiques, et \u00e0\u00a0 tous ceux qui s&#8217;int\u00e9ressent \u00e0\u00a0 sonder ce que le corps sait.<\/p>\n","protected":false},"excerpt":{"rendered":"<p><b>AUTEURES :<\/b> Janet Adler. Traduit de l&#8217;anglais par Marie-Pascale Lescot &amp; Fran\u00e7oise Broillet<br \/>\n<b>EDITEUR :<\/b>\u00a0Contredanse (2016)<\/p>\n<p><b>BROCH\u00c9 :<\/b> 338 pages<br \/>\n<b>LANGUE :<\/b>\u00a0Fran\u00e7ais<br \/>\n<strong>ISBN :<\/strong> 978-2-930146-38-6<\/p>\n","protected":false},"featured_media":3268,"template":"","meta":[],"product_brand":[],"product_cat":[157,227,162,287,141],"product_tag":[],"class_list":{"0":"post-3674","1":"product","2":"type-product","3":"status-publish","4":"has-post-thumbnail","6":"product_cat-artists-writings-en","7":"product_cat-essays-en","8":"product_cat-french-en","9":"product_cat-the-sensory-touch","10":"product_cat-somatics-other-bodywork-practices-en","12":"first","13":"instock","14":"taxable","15":"shipping-taxable","16":"purchasable","17":"product-type-simple"},"yoast_head":"<!-- This site is optimized with the Yoast SEO plugin v27.5 - https:\/\/yoast.com\/product\/yoast-seo-wordpress\/ -->\n<title>Vers un corps conscient - La Discipline du mouvement authentique - Books on the Move<\/title>\n<meta name=\"robots\" content=\"index, follow, max-snippet:-1, max-image-preview:large, max-video-preview:-1\" \/>\n<link rel=\"canonical\" href=\"https:\/\/www.booksonthemove.fr\/produit\/vers-un-corps-conscient-la-discipline-du-mouvement-authentique\/\" \/>\n<meta property=\"og:locale\" content=\"en_US\" \/>\n<meta property=\"og:type\" content=\"article\" \/>\n<meta property=\"og:title\" content=\"Vers un corps conscient - La Discipline du mouvement authentique - Books on the Move\" \/>\n<meta property=\"og:description\" content=\"AUTEURES : Janet Adler. Traduit de l&#039;anglais par Marie-Pascale Lescot &amp; Fran\u00e7oise Broillet EDITEUR :\u00a0Contredanse (2016)  BROCH\u00c9 : 338 pages LANGUE :\u00a0Fran\u00e7ais ISBN : 978-2-930146-38-6\" \/>\n<meta property=\"og:url\" content=\"https:\/\/www.booksonthemove.fr\/produit\/vers-un-corps-conscient-la-discipline-du-mouvement-authentique\/\" \/>\n<meta property=\"og:site_name\" content=\"Books on the Move\" \/>\n<meta property=\"article:publisher\" content=\"https:\/\/www.facebook.com\/Librairiebooksonthemove\/\" \/>\n<meta property=\"article:modified_time\" content=\"2025-03-27T15:31:05+00:00\" \/>\n<meta property=\"og:image\" content=\"https:\/\/www.booksonthemove.fr\/media\/bom_1545_0.jpg\" \/>\n\t<meta property=\"og:image:width\" content=\"900\" \/>\n\t<meta property=\"og:image:height\" content=\"1252\" \/>\n\t<meta property=\"og:image:type\" content=\"image\/jpeg\" \/>\n<meta name=\"twitter:card\" content=\"summary_large_image\" \/>\n<script type=\"application\/ld+json\" class=\"yoast-schema-graph\">{\"@context\":\"https:\\\/\\\/schema.org\",\"@graph\":[{\"@type\":\"WebPage\",\"@id\":\"https:\\\/\\\/www.booksonthemove.fr\\\/produit\\\/vers-un-corps-conscient-la-discipline-du-mouvement-authentique\\\/\",\"url\":\"https:\\\/\\\/www.booksonthemove.fr\\\/produit\\\/vers-un-corps-conscient-la-discipline-du-mouvement-authentique\\\/\",\"name\":\"Vers un corps conscient - La Discipline du mouvement authentique - Books on the Move\",\"isPartOf\":{\"@id\":\"https:\\\/\\\/www.booksonthemove.fr\\\/#website\"},\"primaryImageOfPage\":{\"@id\":\"https:\\\/\\\/www.booksonthemove.fr\\\/produit\\\/vers-un-corps-conscient-la-discipline-du-mouvement-authentique\\\/#primaryimage\"},\"image\":{\"@id\":\"https:\\\/\\\/www.booksonthemove.fr\\\/produit\\\/vers-un-corps-conscient-la-discipline-du-mouvement-authentique\\\/#primaryimage\"},\"thumbnailUrl\":\"https:\\\/\\\/www.booksonthemove.fr\\\/media\\\/bom_1545_0.jpg\",\"datePublished\":\"2016-08-28T20:48:07+00:00\",\"dateModified\":\"2025-03-27T15:31:05+00:00\",\"breadcrumb\":{\"@id\":\"https:\\\/\\\/www.booksonthemove.fr\\\/produit\\\/vers-un-corps-conscient-la-discipline-du-mouvement-authentique\\\/#breadcrumb\"},\"inLanguage\":\"en-US\",\"potentialAction\":[{\"@type\":\"ReadAction\",\"target\":[\"https:\\\/\\\/www.booksonthemove.fr\\\/produit\\\/vers-un-corps-conscient-la-discipline-du-mouvement-authentique\\\/\"]}]},{\"@type\":\"ImageObject\",\"inLanguage\":\"en-US\",\"@id\":\"https:\\\/\\\/www.booksonthemove.fr\\\/produit\\\/vers-un-corps-conscient-la-discipline-du-mouvement-authentique\\\/#primaryimage\",\"url\":\"https:\\\/\\\/www.booksonthemove.fr\\\/media\\\/bom_1545_0.jpg\",\"contentUrl\":\"https:\\\/\\\/www.booksonthemove.fr\\\/media\\\/bom_1545_0.jpg\",\"width\":900,\"height\":1252},{\"@type\":\"BreadcrumbList\",\"@id\":\"https:\\\/\\\/www.booksonthemove.fr\\\/produit\\\/vers-un-corps-conscient-la-discipline-du-mouvement-authentique\\\/#breadcrumb\",\"itemListElement\":[{\"@type\":\"ListItem\",\"position\":1,\"name\":\"Accueil\",\"item\":\"https:\\\/\\\/www.booksonthemove.fr\\\/en\\\/\"},{\"@type\":\"ListItem\",\"position\":2,\"name\":\"online store\",\"item\":\"https:\\\/\\\/www.booksonthemove.fr\\\/en\\\/online-shop\\\/\"},{\"@type\":\"ListItem\",\"position\":3,\"name\":\"Vers un corps conscient &#8211; La Discipline du mouvement authentique\"}]},{\"@type\":\"WebSite\",\"@id\":\"https:\\\/\\\/www.booksonthemove.fr\\\/#website\",\"url\":\"https:\\\/\\\/www.booksonthemove.fr\\\/\",\"name\":\"Books on the Move\",\"description\":\"librairie nomade - danse - mouvement - performance\",\"publisher\":{\"@id\":\"https:\\\/\\\/www.booksonthemove.fr\\\/#organization\"},\"potentialAction\":[{\"@type\":\"SearchAction\",\"target\":{\"@type\":\"EntryPoint\",\"urlTemplate\":\"https:\\\/\\\/www.booksonthemove.fr\\\/?s={search_term_string}\"},\"query-input\":{\"@type\":\"PropertyValueSpecification\",\"valueRequired\":true,\"valueName\":\"search_term_string\"}}],\"inLanguage\":\"en-US\"},{\"@type\":\"Organization\",\"@id\":\"https:\\\/\\\/www.booksonthemove.fr\\\/#organization\",\"name\":\"Books on the Move\",\"url\":\"https:\\\/\\\/www.booksonthemove.fr\\\/\",\"logo\":{\"@type\":\"ImageObject\",\"inLanguage\":\"en-US\",\"@id\":\"https:\\\/\\\/www.booksonthemove.fr\\\/#\\\/schema\\\/logo\\\/image\\\/\",\"url\":\"https:\\\/\\\/www.booksonthemove.fr\\\/media\\\/logo-NB-400.jpg\",\"contentUrl\":\"https:\\\/\\\/www.booksonthemove.fr\\\/media\\\/logo-NB-400.jpg\",\"width\":400,\"height\":143,\"caption\":\"Books on the Move\"},\"image\":{\"@id\":\"https:\\\/\\\/www.booksonthemove.fr\\\/#\\\/schema\\\/logo\\\/image\\\/\"},\"sameAs\":[\"https:\\\/\\\/www.facebook.com\\\/Librairiebooksonthemove\\\/\"]}]}<\/script>\n<!-- \/ Yoast SEO plugin. -->","yoast_head_json":{"title":"Vers un corps conscient - La Discipline du mouvement authentique - Books on the Move","robots":{"index":"index","follow":"follow","max-snippet":"max-snippet:-1","max-image-preview":"max-image-preview:large","max-video-preview":"max-video-preview:-1"},"canonical":"https:\/\/www.booksonthemove.fr\/produit\/vers-un-corps-conscient-la-discipline-du-mouvement-authentique\/","og_locale":"en_US","og_type":"article","og_title":"Vers un corps conscient - La Discipline du mouvement authentique - Books on the Move","og_description":"AUTEURES : Janet Adler. Traduit de l'anglais par Marie-Pascale Lescot &amp; Fran\u00e7oise Broillet EDITEUR :\u00a0Contredanse (2016)  BROCH\u00c9 : 338 pages LANGUE :\u00a0Fran\u00e7ais ISBN : 978-2-930146-38-6","og_url":"https:\/\/www.booksonthemove.fr\/produit\/vers-un-corps-conscient-la-discipline-du-mouvement-authentique\/","og_site_name":"Books on the Move","article_publisher":"https:\/\/www.facebook.com\/Librairiebooksonthemove\/","article_modified_time":"2025-03-27T15:31:05+00:00","og_image":[{"width":900,"height":1252,"url":"https:\/\/www.booksonthemove.fr\/media\/bom_1545_0.jpg","type":"image\/jpeg"}],"twitter_card":"summary_large_image","schema":{"@context":"https:\/\/schema.org","@graph":[{"@type":"WebPage","@id":"https:\/\/www.booksonthemove.fr\/produit\/vers-un-corps-conscient-la-discipline-du-mouvement-authentique\/","url":"https:\/\/www.booksonthemove.fr\/produit\/vers-un-corps-conscient-la-discipline-du-mouvement-authentique\/","name":"Vers un corps conscient - La Discipline du mouvement authentique - Books on the Move","isPartOf":{"@id":"https:\/\/www.booksonthemove.fr\/#website"},"primaryImageOfPage":{"@id":"https:\/\/www.booksonthemove.fr\/produit\/vers-un-corps-conscient-la-discipline-du-mouvement-authentique\/#primaryimage"},"image":{"@id":"https:\/\/www.booksonthemove.fr\/produit\/vers-un-corps-conscient-la-discipline-du-mouvement-authentique\/#primaryimage"},"thumbnailUrl":"https:\/\/www.booksonthemove.fr\/media\/bom_1545_0.jpg","datePublished":"2016-08-28T20:48:07+00:00","dateModified":"2025-03-27T15:31:05+00:00","breadcrumb":{"@id":"https:\/\/www.booksonthemove.fr\/produit\/vers-un-corps-conscient-la-discipline-du-mouvement-authentique\/#breadcrumb"},"inLanguage":"en-US","potentialAction":[{"@type":"ReadAction","target":["https:\/\/www.booksonthemove.fr\/produit\/vers-un-corps-conscient-la-discipline-du-mouvement-authentique\/"]}]},{"@type":"ImageObject","inLanguage":"en-US","@id":"https:\/\/www.booksonthemove.fr\/produit\/vers-un-corps-conscient-la-discipline-du-mouvement-authentique\/#primaryimage","url":"https:\/\/www.booksonthemove.fr\/media\/bom_1545_0.jpg","contentUrl":"https:\/\/www.booksonthemove.fr\/media\/bom_1545_0.jpg","width":900,"height":1252},{"@type":"BreadcrumbList","@id":"https:\/\/www.booksonthemove.fr\/produit\/vers-un-corps-conscient-la-discipline-du-mouvement-authentique\/#breadcrumb","itemListElement":[{"@type":"ListItem","position":1,"name":"Accueil","item":"https:\/\/www.booksonthemove.fr\/en\/"},{"@type":"ListItem","position":2,"name":"online store","item":"https:\/\/www.booksonthemove.fr\/en\/online-shop\/"},{"@type":"ListItem","position":3,"name":"Vers un corps conscient &#8211; La Discipline du mouvement authentique"}]},{"@type":"WebSite","@id":"https:\/\/www.booksonthemove.fr\/#website","url":"https:\/\/www.booksonthemove.fr\/","name":"Books on the Move","description":"librairie nomade - danse - mouvement - performance","publisher":{"@id":"https:\/\/www.booksonthemove.fr\/#organization"},"potentialAction":[{"@type":"SearchAction","target":{"@type":"EntryPoint","urlTemplate":"https:\/\/www.booksonthemove.fr\/?s={search_term_string}"},"query-input":{"@type":"PropertyValueSpecification","valueRequired":true,"valueName":"search_term_string"}}],"inLanguage":"en-US"},{"@type":"Organization","@id":"https:\/\/www.booksonthemove.fr\/#organization","name":"Books on the Move","url":"https:\/\/www.booksonthemove.fr\/","logo":{"@type":"ImageObject","inLanguage":"en-US","@id":"https:\/\/www.booksonthemove.fr\/#\/schema\/logo\/image\/","url":"https:\/\/www.booksonthemove.fr\/media\/logo-NB-400.jpg","contentUrl":"https:\/\/www.booksonthemove.fr\/media\/logo-NB-400.jpg","width":400,"height":143,"caption":"Books on the Move"},"image":{"@id":"https:\/\/www.booksonthemove.fr\/#\/schema\/logo\/image\/"},"sameAs":["https:\/\/www.facebook.com\/Librairiebooksonthemove\/"]}]}},"_links":{"self":[{"href":"https:\/\/www.booksonthemove.fr\/en\/wp-json\/wp\/v2\/product\/3674","targetHints":{"allow":["GET"]}}],"collection":[{"href":"https:\/\/www.booksonthemove.fr\/en\/wp-json\/wp\/v2\/product"}],"about":[{"href":"https:\/\/www.booksonthemove.fr\/en\/wp-json\/wp\/v2\/types\/product"}],"wp:featuredmedia":[{"embeddable":true,"href":"https:\/\/www.booksonthemove.fr\/en\/wp-json\/wp\/v2\/media\/3268"}],"wp:attachment":[{"href":"https:\/\/www.booksonthemove.fr\/en\/wp-json\/wp\/v2\/media?parent=3674"}],"wp:term":[{"taxonomy":"product_brand","embeddable":true,"href":"https:\/\/www.booksonthemove.fr\/en\/wp-json\/wp\/v2\/product_brand?post=3674"},{"taxonomy":"product_cat","embeddable":true,"href":"https:\/\/www.booksonthemove.fr\/en\/wp-json\/wp\/v2\/product_cat?post=3674"},{"taxonomy":"product_tag","embeddable":true,"href":"https:\/\/www.booksonthemove.fr\/en\/wp-json\/wp\/v2\/product_tag?post=3674"}],"curies":[{"name":"wp","href":"https:\/\/api.w.org\/{rel}","templated":true}]}}