{"id":3675,"date":"2016-08-28T22:48:07","date_gmt":"2016-08-28T20:48:07","guid":{"rendered":"https:\/\/www.booksonthemove.fr\/en\/product\/dance-techniques-2010-tanzplan-germany-2-dvds\/"},"modified":"2020-04-15T14:13:42","modified_gmt":"2020-04-15T12:13:42","slug":"dance-techniques-2010-tanzplan-germany-2-dvds","status":"publish","type":"product","link":"https:\/\/www.booksonthemove.fr\/en\/produit\/dance-techniques-2010-tanzplan-germany-2-dvds\/","title":{"rendered":"Dance Techniques 2010 &#8211; Tanzplan Germany. 2 DVDs"},"content":{"rendered":"<p>A tool for dancers, dance professionals, teachers, scholars and choreographers.<br \/>\nThe two training DVDs accompany the publication &#8220;Dance Techniques 2010 &#8211; Tanzplan Germany&#8221;, which you can download for free from the Internet. In this standard work, dance experts and artists offer insight into key techniques in modern, postmodern and contemporary dance, such as Humphrey\/Lim\u00f3n, Cunningham, Joos\/Leeder, Release, Muller and Countertechnique, among others. The DVDs, which were developed with renowned dance institutions in Germany and Europe, show class excerpts and plans as well as interviews about the different techniques. The material highlights the precision and diversity that characterize the everyday work of artists, educators and scholars in the field of contemporary and modern dance today.<\/p>\n<p>Ein Arbeitstool f\u00fcr T\u00e4nzer, Choreografen, Studierende und Lehrende im Bereich Tanz.<br \/>\nDie beiden Trainings-DVDs begleiten die Publikation &#8220;Tanztechniken 2010 &#8211; Tanzplan Deutschland&#8221;. In diesem Standardwerk zum zeitgen\u00f6ssischen Tanz besch\u00e4ftigen sich Tanzexperten und -k\u00fcnstler mit der Anwendung wesentlicher Taztechniken des Modernen, Postmodernen und Zeitgen\u00f6ssischen Tanzes (Humphrey\/Lim\u00f3n, Cunningham, Joos\/Leeder, Release, Muller and Countertechnik u.a.). Die DVDs zeigen Trainingsbeispiele, Stundenverlaufspl\u00e4ne und Interviews in den verschiedenen Tanztechniken und wurden gemeinsam mit renommierten internationalen Tanzausbildungsst\u00e4tten entwickelt. Die Materialien erm\u00f6glichen einen Einblick in die Pr\u00e4zision und Vielfalt, mit der K\u00fcnstler, P\u00e4dagogen und Wissenshaftler im Zeitgen\u00f6ssischen Tanz t\u00e4glich arbeiten. A tool for dancers, dance professionals, teachers, scholars and choreographers.<br \/>\nThe two training DVDs accompany the publication &#8220;Dance Techniques 2010 &#8211; Tanzplan Germany&#8221;, which you can download for free from the Internet. In this standard work, dance experts and artists offer insight into key techniques in modern, postmodern and contemporary dance, such as Humphrey\/Lim\u00f3n, Cunningham, Joos\/Leeder, Release, Muller and Countertechnique, among others. The DVDs, which were developed with renowned dance institutions in Germany and Europe, show class excerpts and plans as well as interviews about the different techniques. The material highlights the precision and diversity that characterize the everyday work of artists, educators and scholars in the field of contemporary and modern dance today.<\/p>\n<p>Ein Arbeitstool f\u00fcr T\u00e4nzer, Choreografen, Studierende und Lehrende im Bereich Tanz.<br \/>\nDie beiden Trainings-DVDs begleiten die Publikation &#8220;Tanztechniken 2010 &#8211; Tanzplan Deutschland&#8221;. In diesem Standardwerk zum zeitgen\u00f6ssischen Tanz besch\u00e4ftigen sich Tanzexperten und -k\u00fcnstler mit der Anwendung wesentlicher Taztechniken des Modernen, Postmodernen und Zeitgen\u00f6ssischen Tanzes (Humphrey\/Lim\u00f3n, Cunningham, Joos\/Leeder, Release, Muller and Countertechnik u.a.). Die DVDs zeigen Trainingsbeispiele, Stundenverlaufspl\u00e4ne und Interviews in den verschiedenen Tanztechniken und wurden gemeinsam mit renommierten internationalen Tanzausbildungsst\u00e4tten entwickelt. Die Materialien erm\u00f6glichen einen Einblick in die Pr\u00e4zision und Vielfalt, mit der K\u00fcnstler, P\u00e4dagogen und Wissenshaftler im Zeitgen\u00f6ssischen Tanz t\u00e4glich arbeiten.<\/p>\n","protected":false},"excerpt":{"rendered":"<p><strong>Editors:<\/strong> Ingo Diehl &amp; Friederike Lampert<br \/>\n<strong>Publisher:<\/strong> Seemann Henschel (2014)<\/p>\n<p><strong>Language:<\/strong> English\/German<br \/>\n<strong>Format:<\/strong> Pal-Version Mac\/PC<br \/>\n<strong>EAN:<\/strong> 4260044150987<\/p>\n","protected":false},"featured_media":3270,"template":"","meta":[],"product_brand":[],"product_cat":[167,135,166,140],"product_tag":[],"class_list":{"0":"post-3675","1":"product","2":"type-product","3":"status-publish","4":"has-post-thumbnail","6":"product_cat-german-en","7":"product_cat-english-en","8":"product_cat-dvds-en","9":"product_cat-education-dance-technique-en","11":"first","12":"outofstock","13":"taxable","14":"shipping-taxable","15":"purchasable","16":"product-type-simple"},"yoast_head":"<!-- This site is optimized with the Yoast SEO plugin v27.4 - https:\/\/yoast.com\/product\/yoast-seo-wordpress\/ -->\n<title>Dance Techniques 2010 - Tanzplan Germany. 2 DVDs - Books on the Move<\/title>\n<meta name=\"robots\" content=\"index, follow, max-snippet:-1, max-image-preview:large, max-video-preview:-1\" \/>\n<link rel=\"canonical\" href=\"https:\/\/www.booksonthemove.fr\/en\/produit\/dance-techniques-2010-tanzplan-germany-2-dvds\/\" \/>\n<meta property=\"og:locale\" content=\"en_US\" \/>\n<meta property=\"og:type\" content=\"article\" \/>\n<meta property=\"og:title\" content=\"Dance Techniques 2010 - Tanzplan Germany. 2 DVDs - Books on the Move\" \/>\n<meta property=\"og:description\" content=\"Editors: Ingo Diehl &amp; Friederike Lampert Publisher: Seemann Henschel (2014)  Language: English\/German Format: Pal-Version Mac\/PC EAN: 4260044150987\" \/>\n<meta property=\"og:url\" content=\"https:\/\/www.booksonthemove.fr\/en\/produit\/dance-techniques-2010-tanzplan-germany-2-dvds\/\" \/>\n<meta property=\"og:site_name\" content=\"Books on the Move\" \/>\n<meta property=\"article:publisher\" content=\"https:\/\/www.facebook.com\/Librairiebooksonthemove\/\" \/>\n<meta property=\"article:modified_time\" content=\"2020-04-15T12:13:42+00:00\" \/>\n<meta property=\"og:image\" content=\"https:\/\/www.booksonthemove.fr\/media\/bom_1546_0.jpg\" \/>\n\t<meta property=\"og:image:width\" content=\"900\" \/>\n\t<meta property=\"og:image:height\" content=\"807\" \/>\n\t<meta property=\"og:image:type\" content=\"image\/jpeg\" \/>\n<meta name=\"twitter:card\" content=\"summary_large_image\" \/>\n<script type=\"application\/ld+json\" class=\"yoast-schema-graph\">{\"@context\":\"https:\\\/\\\/schema.org\",\"@graph\":[{\"@type\":\"WebPage\",\"@id\":\"https:\\\/\\\/www.booksonthemove.fr\\\/en\\\/produit\\\/dance-techniques-2010-tanzplan-germany-2-dvds\\\/\",\"url\":\"https:\\\/\\\/www.booksonthemove.fr\\\/en\\\/produit\\\/dance-techniques-2010-tanzplan-germany-2-dvds\\\/\",\"name\":\"Dance Techniques 2010 - Tanzplan Germany. 2 DVDs - Books on the Move\",\"isPartOf\":{\"@id\":\"https:\\\/\\\/www.booksonthemove.fr\\\/#website\"},\"primaryImageOfPage\":{\"@id\":\"https:\\\/\\\/www.booksonthemove.fr\\\/en\\\/produit\\\/dance-techniques-2010-tanzplan-germany-2-dvds\\\/#primaryimage\"},\"image\":{\"@id\":\"https:\\\/\\\/www.booksonthemove.fr\\\/en\\\/produit\\\/dance-techniques-2010-tanzplan-germany-2-dvds\\\/#primaryimage\"},\"thumbnailUrl\":\"https:\\\/\\\/www.booksonthemove.fr\\\/media\\\/bom_1546_0.jpg\",\"datePublished\":\"2016-08-28T20:48:07+00:00\",\"dateModified\":\"2020-04-15T12:13:42+00:00\",\"breadcrumb\":{\"@id\":\"https:\\\/\\\/www.booksonthemove.fr\\\/en\\\/produit\\\/dance-techniques-2010-tanzplan-germany-2-dvds\\\/#breadcrumb\"},\"inLanguage\":\"en-US\",\"potentialAction\":[{\"@type\":\"ReadAction\",\"target\":[\"https:\\\/\\\/www.booksonthemove.fr\\\/en\\\/produit\\\/dance-techniques-2010-tanzplan-germany-2-dvds\\\/\"]}]},{\"@type\":\"ImageObject\",\"inLanguage\":\"en-US\",\"@id\":\"https:\\\/\\\/www.booksonthemove.fr\\\/en\\\/produit\\\/dance-techniques-2010-tanzplan-germany-2-dvds\\\/#primaryimage\",\"url\":\"https:\\\/\\\/www.booksonthemove.fr\\\/media\\\/bom_1546_0.jpg\",\"contentUrl\":\"https:\\\/\\\/www.booksonthemove.fr\\\/media\\\/bom_1546_0.jpg\",\"width\":900,\"height\":807},{\"@type\":\"BreadcrumbList\",\"@id\":\"https:\\\/\\\/www.booksonthemove.fr\\\/en\\\/produit\\\/dance-techniques-2010-tanzplan-germany-2-dvds\\\/#breadcrumb\",\"itemListElement\":[{\"@type\":\"ListItem\",\"position\":1,\"name\":\"Accueil\",\"item\":\"https:\\\/\\\/www.booksonthemove.fr\\\/en\\\/\"},{\"@type\":\"ListItem\",\"position\":2,\"name\":\"online store\",\"item\":\"https:\\\/\\\/www.booksonthemove.fr\\\/en\\\/online-shop\\\/\"},{\"@type\":\"ListItem\",\"position\":3,\"name\":\"Dance Techniques 2010 &#8211; Tanzplan Germany. 2 DVDs\"}]},{\"@type\":\"WebSite\",\"@id\":\"https:\\\/\\\/www.booksonthemove.fr\\\/#website\",\"url\":\"https:\\\/\\\/www.booksonthemove.fr\\\/\",\"name\":\"Books on the Move\",\"description\":\"librairie nomade - danse - mouvement - performance\",\"publisher\":{\"@id\":\"https:\\\/\\\/www.booksonthemove.fr\\\/#organization\"},\"potentialAction\":[{\"@type\":\"SearchAction\",\"target\":{\"@type\":\"EntryPoint\",\"urlTemplate\":\"https:\\\/\\\/www.booksonthemove.fr\\\/?s={search_term_string}\"},\"query-input\":{\"@type\":\"PropertyValueSpecification\",\"valueRequired\":true,\"valueName\":\"search_term_string\"}}],\"inLanguage\":\"en-US\"},{\"@type\":\"Organization\",\"@id\":\"https:\\\/\\\/www.booksonthemove.fr\\\/#organization\",\"name\":\"Books on the Move\",\"url\":\"https:\\\/\\\/www.booksonthemove.fr\\\/\",\"logo\":{\"@type\":\"ImageObject\",\"inLanguage\":\"en-US\",\"@id\":\"https:\\\/\\\/www.booksonthemove.fr\\\/#\\\/schema\\\/logo\\\/image\\\/\",\"url\":\"https:\\\/\\\/www.booksonthemove.fr\\\/media\\\/logo-NB-400.jpg\",\"contentUrl\":\"https:\\\/\\\/www.booksonthemove.fr\\\/media\\\/logo-NB-400.jpg\",\"width\":400,\"height\":143,\"caption\":\"Books on the Move\"},\"image\":{\"@id\":\"https:\\\/\\\/www.booksonthemove.fr\\\/#\\\/schema\\\/logo\\\/image\\\/\"},\"sameAs\":[\"https:\\\/\\\/www.facebook.com\\\/Librairiebooksonthemove\\\/\"]}]}<\/script>\n<!-- \/ Yoast SEO plugin. -->","yoast_head_json":{"title":"Dance Techniques 2010 - Tanzplan Germany. 2 DVDs - Books on the Move","robots":{"index":"index","follow":"follow","max-snippet":"max-snippet:-1","max-image-preview":"max-image-preview:large","max-video-preview":"max-video-preview:-1"},"canonical":"https:\/\/www.booksonthemove.fr\/en\/produit\/dance-techniques-2010-tanzplan-germany-2-dvds\/","og_locale":"en_US","og_type":"article","og_title":"Dance Techniques 2010 - Tanzplan Germany. 2 DVDs - Books on the Move","og_description":"Editors: Ingo Diehl &amp; Friederike Lampert Publisher: Seemann Henschel (2014)  Language: English\/German Format: Pal-Version Mac\/PC EAN: 4260044150987","og_url":"https:\/\/www.booksonthemove.fr\/en\/produit\/dance-techniques-2010-tanzplan-germany-2-dvds\/","og_site_name":"Books on the Move","article_publisher":"https:\/\/www.facebook.com\/Librairiebooksonthemove\/","article_modified_time":"2020-04-15T12:13:42+00:00","og_image":[{"width":900,"height":807,"url":"https:\/\/www.booksonthemove.fr\/media\/bom_1546_0.jpg","type":"image\/jpeg"}],"twitter_card":"summary_large_image","schema":{"@context":"https:\/\/schema.org","@graph":[{"@type":"WebPage","@id":"https:\/\/www.booksonthemove.fr\/en\/produit\/dance-techniques-2010-tanzplan-germany-2-dvds\/","url":"https:\/\/www.booksonthemove.fr\/en\/produit\/dance-techniques-2010-tanzplan-germany-2-dvds\/","name":"Dance Techniques 2010 - Tanzplan Germany. 2 DVDs - Books on the Move","isPartOf":{"@id":"https:\/\/www.booksonthemove.fr\/#website"},"primaryImageOfPage":{"@id":"https:\/\/www.booksonthemove.fr\/en\/produit\/dance-techniques-2010-tanzplan-germany-2-dvds\/#primaryimage"},"image":{"@id":"https:\/\/www.booksonthemove.fr\/en\/produit\/dance-techniques-2010-tanzplan-germany-2-dvds\/#primaryimage"},"thumbnailUrl":"https:\/\/www.booksonthemove.fr\/media\/bom_1546_0.jpg","datePublished":"2016-08-28T20:48:07+00:00","dateModified":"2020-04-15T12:13:42+00:00","breadcrumb":{"@id":"https:\/\/www.booksonthemove.fr\/en\/produit\/dance-techniques-2010-tanzplan-germany-2-dvds\/#breadcrumb"},"inLanguage":"en-US","potentialAction":[{"@type":"ReadAction","target":["https:\/\/www.booksonthemove.fr\/en\/produit\/dance-techniques-2010-tanzplan-germany-2-dvds\/"]}]},{"@type":"ImageObject","inLanguage":"en-US","@id":"https:\/\/www.booksonthemove.fr\/en\/produit\/dance-techniques-2010-tanzplan-germany-2-dvds\/#primaryimage","url":"https:\/\/www.booksonthemove.fr\/media\/bom_1546_0.jpg","contentUrl":"https:\/\/www.booksonthemove.fr\/media\/bom_1546_0.jpg","width":900,"height":807},{"@type":"BreadcrumbList","@id":"https:\/\/www.booksonthemove.fr\/en\/produit\/dance-techniques-2010-tanzplan-germany-2-dvds\/#breadcrumb","itemListElement":[{"@type":"ListItem","position":1,"name":"Accueil","item":"https:\/\/www.booksonthemove.fr\/en\/"},{"@type":"ListItem","position":2,"name":"online store","item":"https:\/\/www.booksonthemove.fr\/en\/online-shop\/"},{"@type":"ListItem","position":3,"name":"Dance Techniques 2010 &#8211; Tanzplan Germany. 2 DVDs"}]},{"@type":"WebSite","@id":"https:\/\/www.booksonthemove.fr\/#website","url":"https:\/\/www.booksonthemove.fr\/","name":"Books on the Move","description":"librairie nomade - danse - mouvement - performance","publisher":{"@id":"https:\/\/www.booksonthemove.fr\/#organization"},"potentialAction":[{"@type":"SearchAction","target":{"@type":"EntryPoint","urlTemplate":"https:\/\/www.booksonthemove.fr\/?s={search_term_string}"},"query-input":{"@type":"PropertyValueSpecification","valueRequired":true,"valueName":"search_term_string"}}],"inLanguage":"en-US"},{"@type":"Organization","@id":"https:\/\/www.booksonthemove.fr\/#organization","name":"Books on the Move","url":"https:\/\/www.booksonthemove.fr\/","logo":{"@type":"ImageObject","inLanguage":"en-US","@id":"https:\/\/www.booksonthemove.fr\/#\/schema\/logo\/image\/","url":"https:\/\/www.booksonthemove.fr\/media\/logo-NB-400.jpg","contentUrl":"https:\/\/www.booksonthemove.fr\/media\/logo-NB-400.jpg","width":400,"height":143,"caption":"Books on the Move"},"image":{"@id":"https:\/\/www.booksonthemove.fr\/#\/schema\/logo\/image\/"},"sameAs":["https:\/\/www.facebook.com\/Librairiebooksonthemove\/"]}]}},"_links":{"self":[{"href":"https:\/\/www.booksonthemove.fr\/en\/wp-json\/wp\/v2\/product\/3675","targetHints":{"allow":["GET"]}}],"collection":[{"href":"https:\/\/www.booksonthemove.fr\/en\/wp-json\/wp\/v2\/product"}],"about":[{"href":"https:\/\/www.booksonthemove.fr\/en\/wp-json\/wp\/v2\/types\/product"}],"wp:featuredmedia":[{"embeddable":true,"href":"https:\/\/www.booksonthemove.fr\/en\/wp-json\/wp\/v2\/media\/3270"}],"wp:attachment":[{"href":"https:\/\/www.booksonthemove.fr\/en\/wp-json\/wp\/v2\/media?parent=3675"}],"wp:term":[{"taxonomy":"product_brand","embeddable":true,"href":"https:\/\/www.booksonthemove.fr\/en\/wp-json\/wp\/v2\/product_brand?post=3675"},{"taxonomy":"product_cat","embeddable":true,"href":"https:\/\/www.booksonthemove.fr\/en\/wp-json\/wp\/v2\/product_cat?post=3675"},{"taxonomy":"product_tag","embeddable":true,"href":"https:\/\/www.booksonthemove.fr\/en\/wp-json\/wp\/v2\/product_tag?post=3675"}],"curies":[{"name":"wp","href":"https:\/\/api.w.org\/{rel}","templated":true}]}}