{"id":3681,"date":"2016-08-28T22:48:07","date_gmt":"2016-08-28T20:48:07","guid":{"rendered":"https:\/\/www.booksonthemove.fr\/en\/product\/poetik-des-zeitgenossischen-tanzes\/"},"modified":"2017-01-05T17:40:57","modified_gmt":"2017-01-05T16:40:57","slug":"poetik-des-zeitgenossischen-tanzes","status":"publish","type":"product","link":"https:\/\/www.booksonthemove.fr\/en\/produit\/poetik-des-zeitgenossischen-tanzes\/","title":{"rendered":"Poetik des zeitgen\u00f6ssischen Tanzes"},"content":{"rendered":"<p>Die &#8220;Poetik des zeitgen\u00f6ssischen Tanzes&#8221; gilt seit ihrem erstmaligen Erscheinen 1997 als Standardwerk der gegenw\u00e4rtigen franz\u00f6sischsprachigen Tanzforschung. Laurence Louppe verdichtet \u00e4sthetische und theoretische Elemente der Ann\u00e4herung an verschiedene choreographische Entwicklungen des 20. Jahrhunderts. Als Poetik versteht sie ein Denken das sie \u00fcber das Aufkommen des zeitgen\u00f6ssischen Tanzes, seine Grundlagen und Lesarten entwickelt hat. Ihre Aktualit\u00e4t gewinnt die Untersuchung die nun erstmals in deutscher \u00dc\u0093bersetzung vorliegt durch den R\u00fcckgriff auf die Quellen der verschiedenen Tanzmodernen die in ihren Fundamenten befragt werden ebenso wie durch den spezifischen Standpunkt der Autorin die sich \u009c Beobachterin von und Eingebundene in die Praxis des zeitgen\u00f6ssischen Tanzes \u009c ihrem Gegenstand auf au\u00dfergew\u00f6hnliche Weise n\u00e4hert.<\/p>\n","protected":false},"excerpt":{"rendered":"<p><strong>Autor:<\/strong> Laurence Louppe (\u00fcbersetzt aus dem Franz\u00f6sischen von Frank Weigand)<br \/>\n<strong>Verlag:<\/strong> [transcript] (Juli 2009)<\/p>\n<p><strong>Paperback:<\/strong> 340 Seiten<br \/>\n<strong>Sprache:<\/strong> Deutsch<br \/>\n<strong>ISBN13:<\/strong> 978-3-8376-1068-0<\/p>\n","protected":false},"featured_media":3284,"template":"","meta":[],"product_brand":[],"product_cat":[167,197,161,149,146,163,164,152],"product_tag":[],"class_list":{"0":"post-3681","1":"product","2":"type-product","3":"status-publish","4":"has-post-thumbnail","6":"product_cat-german-en","7":"product_cat-analysis-of-works-en","8":"product_cat-dance-criticism-en","9":"product_cat-contemporary-dance-en","10":"product_cat-theoretical-texts-en","11":"product_cat-france-en","12":"product_cat-french-nouvelle-danse-en","13":"product_cat-performance-en","15":"first","16":"instock","17":"taxable","18":"shipping-taxable","19":"purchasable","20":"product-type-simple"},"yoast_head":"<!-- This site is optimized with the Yoast SEO plugin v27.5 - https:\/\/yoast.com\/product\/yoast-seo-wordpress\/ -->\n<title>Poetik des zeitgen\u00f6ssischen Tanzes - Books on the Move<\/title>\n<meta name=\"robots\" content=\"index, follow, max-snippet:-1, max-image-preview:large, max-video-preview:-1\" \/>\n<link rel=\"canonical\" href=\"https:\/\/www.booksonthemove.fr\/en\/produit\/poetik-des-zeitgenossischen-tanzes\/\" \/>\n<meta property=\"og:locale\" content=\"en_US\" \/>\n<meta property=\"og:type\" content=\"article\" \/>\n<meta property=\"og:title\" content=\"Poetik des zeitgen\u00f6ssischen Tanzes - Books on the Move\" \/>\n<meta property=\"og:description\" content=\"Autor: Laurence Louppe (\u00fcbersetzt aus dem Franz\u00f6sischen von Frank Weigand) Verlag: [transcript] (Juli 2009)  Paperback: 340 Seiten Sprache: Deutsch ISBN13: 978-3-8376-1068-0\" \/>\n<meta property=\"og:url\" content=\"https:\/\/www.booksonthemove.fr\/en\/produit\/poetik-des-zeitgenossischen-tanzes\/\" \/>\n<meta property=\"og:site_name\" content=\"Books on the Move\" \/>\n<meta property=\"article:publisher\" content=\"https:\/\/www.facebook.com\/Librairiebooksonthemove\/\" \/>\n<meta property=\"article:modified_time\" content=\"2017-01-05T16:40:57+00:00\" \/>\n<meta property=\"og:image\" content=\"https:\/\/www.booksonthemove.fr\/media\/bom_1563_0.jpg\" \/>\n\t<meta property=\"og:image:width\" content=\"900\" \/>\n\t<meta property=\"og:image:height\" content=\"1383\" \/>\n\t<meta property=\"og:image:type\" content=\"image\/jpeg\" \/>\n<meta name=\"twitter:card\" content=\"summary_large_image\" \/>\n<script type=\"application\/ld+json\" class=\"yoast-schema-graph\">{\"@context\":\"https:\\\/\\\/schema.org\",\"@graph\":[{\"@type\":\"WebPage\",\"@id\":\"https:\\\/\\\/www.booksonthemove.fr\\\/en\\\/produit\\\/poetik-des-zeitgenossischen-tanzes\\\/\",\"url\":\"https:\\\/\\\/www.booksonthemove.fr\\\/en\\\/produit\\\/poetik-des-zeitgenossischen-tanzes\\\/\",\"name\":\"Poetik des zeitgen\u00f6ssischen Tanzes - Books on the Move\",\"isPartOf\":{\"@id\":\"https:\\\/\\\/www.booksonthemove.fr\\\/#website\"},\"primaryImageOfPage\":{\"@id\":\"https:\\\/\\\/www.booksonthemove.fr\\\/en\\\/produit\\\/poetik-des-zeitgenossischen-tanzes\\\/#primaryimage\"},\"image\":{\"@id\":\"https:\\\/\\\/www.booksonthemove.fr\\\/en\\\/produit\\\/poetik-des-zeitgenossischen-tanzes\\\/#primaryimage\"},\"thumbnailUrl\":\"https:\\\/\\\/www.booksonthemove.fr\\\/media\\\/bom_1563_0.jpg\",\"datePublished\":\"2016-08-28T20:48:07+00:00\",\"dateModified\":\"2017-01-05T16:40:57+00:00\",\"breadcrumb\":{\"@id\":\"https:\\\/\\\/www.booksonthemove.fr\\\/en\\\/produit\\\/poetik-des-zeitgenossischen-tanzes\\\/#breadcrumb\"},\"inLanguage\":\"en-US\",\"potentialAction\":[{\"@type\":\"ReadAction\",\"target\":[\"https:\\\/\\\/www.booksonthemove.fr\\\/en\\\/produit\\\/poetik-des-zeitgenossischen-tanzes\\\/\"]}]},{\"@type\":\"ImageObject\",\"inLanguage\":\"en-US\",\"@id\":\"https:\\\/\\\/www.booksonthemove.fr\\\/en\\\/produit\\\/poetik-des-zeitgenossischen-tanzes\\\/#primaryimage\",\"url\":\"https:\\\/\\\/www.booksonthemove.fr\\\/media\\\/bom_1563_0.jpg\",\"contentUrl\":\"https:\\\/\\\/www.booksonthemove.fr\\\/media\\\/bom_1563_0.jpg\",\"width\":900,\"height\":1383},{\"@type\":\"BreadcrumbList\",\"@id\":\"https:\\\/\\\/www.booksonthemove.fr\\\/en\\\/produit\\\/poetik-des-zeitgenossischen-tanzes\\\/#breadcrumb\",\"itemListElement\":[{\"@type\":\"ListItem\",\"position\":1,\"name\":\"Accueil\",\"item\":\"https:\\\/\\\/www.booksonthemove.fr\\\/en\\\/\"},{\"@type\":\"ListItem\",\"position\":2,\"name\":\"online store\",\"item\":\"https:\\\/\\\/www.booksonthemove.fr\\\/en\\\/online-shop\\\/\"},{\"@type\":\"ListItem\",\"position\":3,\"name\":\"Poetik des zeitgen\u00f6ssischen Tanzes\"}]},{\"@type\":\"WebSite\",\"@id\":\"https:\\\/\\\/www.booksonthemove.fr\\\/#website\",\"url\":\"https:\\\/\\\/www.booksonthemove.fr\\\/\",\"name\":\"Books on the Move\",\"description\":\"librairie nomade - danse - mouvement - performance\",\"publisher\":{\"@id\":\"https:\\\/\\\/www.booksonthemove.fr\\\/#organization\"},\"potentialAction\":[{\"@type\":\"SearchAction\",\"target\":{\"@type\":\"EntryPoint\",\"urlTemplate\":\"https:\\\/\\\/www.booksonthemove.fr\\\/?s={search_term_string}\"},\"query-input\":{\"@type\":\"PropertyValueSpecification\",\"valueRequired\":true,\"valueName\":\"search_term_string\"}}],\"inLanguage\":\"en-US\"},{\"@type\":\"Organization\",\"@id\":\"https:\\\/\\\/www.booksonthemove.fr\\\/#organization\",\"name\":\"Books on the Move\",\"url\":\"https:\\\/\\\/www.booksonthemove.fr\\\/\",\"logo\":{\"@type\":\"ImageObject\",\"inLanguage\":\"en-US\",\"@id\":\"https:\\\/\\\/www.booksonthemove.fr\\\/#\\\/schema\\\/logo\\\/image\\\/\",\"url\":\"https:\\\/\\\/www.booksonthemove.fr\\\/media\\\/logo-NB-400.jpg\",\"contentUrl\":\"https:\\\/\\\/www.booksonthemove.fr\\\/media\\\/logo-NB-400.jpg\",\"width\":400,\"height\":143,\"caption\":\"Books on the Move\"},\"image\":{\"@id\":\"https:\\\/\\\/www.booksonthemove.fr\\\/#\\\/schema\\\/logo\\\/image\\\/\"},\"sameAs\":[\"https:\\\/\\\/www.facebook.com\\\/Librairiebooksonthemove\\\/\"]}]}<\/script>\n<!-- \/ Yoast SEO plugin. -->","yoast_head_json":{"title":"Poetik des zeitgen\u00f6ssischen Tanzes - Books on the Move","robots":{"index":"index","follow":"follow","max-snippet":"max-snippet:-1","max-image-preview":"max-image-preview:large","max-video-preview":"max-video-preview:-1"},"canonical":"https:\/\/www.booksonthemove.fr\/en\/produit\/poetik-des-zeitgenossischen-tanzes\/","og_locale":"en_US","og_type":"article","og_title":"Poetik des zeitgen\u00f6ssischen Tanzes - Books on the Move","og_description":"Autor: Laurence Louppe (\u00fcbersetzt aus dem Franz\u00f6sischen von Frank Weigand) Verlag: [transcript] (Juli 2009)  Paperback: 340 Seiten Sprache: Deutsch ISBN13: 978-3-8376-1068-0","og_url":"https:\/\/www.booksonthemove.fr\/en\/produit\/poetik-des-zeitgenossischen-tanzes\/","og_site_name":"Books on the Move","article_publisher":"https:\/\/www.facebook.com\/Librairiebooksonthemove\/","article_modified_time":"2017-01-05T16:40:57+00:00","og_image":[{"width":900,"height":1383,"url":"https:\/\/www.booksonthemove.fr\/media\/bom_1563_0.jpg","type":"image\/jpeg"}],"twitter_card":"summary_large_image","schema":{"@context":"https:\/\/schema.org","@graph":[{"@type":"WebPage","@id":"https:\/\/www.booksonthemove.fr\/en\/produit\/poetik-des-zeitgenossischen-tanzes\/","url":"https:\/\/www.booksonthemove.fr\/en\/produit\/poetik-des-zeitgenossischen-tanzes\/","name":"Poetik des zeitgen\u00f6ssischen Tanzes - Books on the Move","isPartOf":{"@id":"https:\/\/www.booksonthemove.fr\/#website"},"primaryImageOfPage":{"@id":"https:\/\/www.booksonthemove.fr\/en\/produit\/poetik-des-zeitgenossischen-tanzes\/#primaryimage"},"image":{"@id":"https:\/\/www.booksonthemove.fr\/en\/produit\/poetik-des-zeitgenossischen-tanzes\/#primaryimage"},"thumbnailUrl":"https:\/\/www.booksonthemove.fr\/media\/bom_1563_0.jpg","datePublished":"2016-08-28T20:48:07+00:00","dateModified":"2017-01-05T16:40:57+00:00","breadcrumb":{"@id":"https:\/\/www.booksonthemove.fr\/en\/produit\/poetik-des-zeitgenossischen-tanzes\/#breadcrumb"},"inLanguage":"en-US","potentialAction":[{"@type":"ReadAction","target":["https:\/\/www.booksonthemove.fr\/en\/produit\/poetik-des-zeitgenossischen-tanzes\/"]}]},{"@type":"ImageObject","inLanguage":"en-US","@id":"https:\/\/www.booksonthemove.fr\/en\/produit\/poetik-des-zeitgenossischen-tanzes\/#primaryimage","url":"https:\/\/www.booksonthemove.fr\/media\/bom_1563_0.jpg","contentUrl":"https:\/\/www.booksonthemove.fr\/media\/bom_1563_0.jpg","width":900,"height":1383},{"@type":"BreadcrumbList","@id":"https:\/\/www.booksonthemove.fr\/en\/produit\/poetik-des-zeitgenossischen-tanzes\/#breadcrumb","itemListElement":[{"@type":"ListItem","position":1,"name":"Accueil","item":"https:\/\/www.booksonthemove.fr\/en\/"},{"@type":"ListItem","position":2,"name":"online store","item":"https:\/\/www.booksonthemove.fr\/en\/online-shop\/"},{"@type":"ListItem","position":3,"name":"Poetik des zeitgen\u00f6ssischen Tanzes"}]},{"@type":"WebSite","@id":"https:\/\/www.booksonthemove.fr\/#website","url":"https:\/\/www.booksonthemove.fr\/","name":"Books on the Move","description":"librairie nomade - danse - mouvement - performance","publisher":{"@id":"https:\/\/www.booksonthemove.fr\/#organization"},"potentialAction":[{"@type":"SearchAction","target":{"@type":"EntryPoint","urlTemplate":"https:\/\/www.booksonthemove.fr\/?s={search_term_string}"},"query-input":{"@type":"PropertyValueSpecification","valueRequired":true,"valueName":"search_term_string"}}],"inLanguage":"en-US"},{"@type":"Organization","@id":"https:\/\/www.booksonthemove.fr\/#organization","name":"Books on the Move","url":"https:\/\/www.booksonthemove.fr\/","logo":{"@type":"ImageObject","inLanguage":"en-US","@id":"https:\/\/www.booksonthemove.fr\/#\/schema\/logo\/image\/","url":"https:\/\/www.booksonthemove.fr\/media\/logo-NB-400.jpg","contentUrl":"https:\/\/www.booksonthemove.fr\/media\/logo-NB-400.jpg","width":400,"height":143,"caption":"Books on the Move"},"image":{"@id":"https:\/\/www.booksonthemove.fr\/#\/schema\/logo\/image\/"},"sameAs":["https:\/\/www.facebook.com\/Librairiebooksonthemove\/"]}]}},"_links":{"self":[{"href":"https:\/\/www.booksonthemove.fr\/en\/wp-json\/wp\/v2\/product\/3681","targetHints":{"allow":["GET"]}}],"collection":[{"href":"https:\/\/www.booksonthemove.fr\/en\/wp-json\/wp\/v2\/product"}],"about":[{"href":"https:\/\/www.booksonthemove.fr\/en\/wp-json\/wp\/v2\/types\/product"}],"wp:featuredmedia":[{"embeddable":true,"href":"https:\/\/www.booksonthemove.fr\/en\/wp-json\/wp\/v2\/media\/3284"}],"wp:attachment":[{"href":"https:\/\/www.booksonthemove.fr\/en\/wp-json\/wp\/v2\/media?parent=3681"}],"wp:term":[{"taxonomy":"product_brand","embeddable":true,"href":"https:\/\/www.booksonthemove.fr\/en\/wp-json\/wp\/v2\/product_brand?post=3681"},{"taxonomy":"product_cat","embeddable":true,"href":"https:\/\/www.booksonthemove.fr\/en\/wp-json\/wp\/v2\/product_cat?post=3681"},{"taxonomy":"product_tag","embeddable":true,"href":"https:\/\/www.booksonthemove.fr\/en\/wp-json\/wp\/v2\/product_tag?post=3681"}],"curies":[{"name":"wp","href":"https:\/\/api.w.org\/{rel}","templated":true}]}}