{"id":3694,"date":"2016-08-28T22:47:20","date_gmt":"2016-08-28T20:47:20","guid":{"rendered":"https:\/\/www.booksonthemove.fr\/en\/product\/p-a-r-t-s-20-years-50-portraits\/"},"modified":"2024-10-30T12:05:15","modified_gmt":"2024-10-30T11:05:15","slug":"p-a-r-t-s-20-years-50-portraits","status":"publish","type":"product","link":"https:\/\/www.booksonthemove.fr\/en\/produit\/p-a-r-t-s-20-years-50-portraits\/","title":{"rendered":"P.A.R.T.S:  20 years &#8211; 50 portraits"},"content":{"rendered":"<p>In 1995, Anne Teresa De Keersmaeker opened the dance school P.A.R.T.S.. In the meantime, ten generations of dancers and choreographers have studied there, more than 350 students from through the world.<br \/>\nToday, many are prominent figures in the dance world.<br \/>\nFor its twentieth anniversary, P.A.R.T.S. looks back. In this book, fifty former students are portrayed. Fifty individual stories about how dance came into their lives, what dance can mean, and how they give form to the art of dance.<br \/>\nAn interview with Anne Teresa De Keersmaeker precedes the portraits.<br \/>\nThe book concludes with one hundred images of life at P.A.R.T.S., and lists of all the students, teachers and collaborators who have, over the past twenty years, contributed to making P.A.R.T.S. what it is today.<br \/>\nPhotographs by Bart Grietens.<br \/>\nInterviews with Anne Teresa , Thomas Plischke, Saskia H\u00f6lbling, Arco Renz, Roberto Olivan de la Iglesia, Erna Omarsdottir, Cristian Duarte, C\u00e9dric Charron, Salva Sanchis, Clinton Stringer, Taka Shamoto, Charlotte vanden Eynde, Moya Micha\u00ebl, Sidi Larbi Cherkaoui, Claire Croiz\u00e9 &amp; Etienne Guilloteau, Sung-im Her, Barbara Meneses, Alix Eynaudi, Lisbeth Gruwez, Jakub Truszkowski, Jurij Konjar, Ula Sickle, Marlene Monteiro Freitas, Mette Ingvartsen, Tale Dolven, Fabian Barb\u00e1, Pieter Ampe, Frauke Mari\u00ebn, Daniel Linehan, Manon Santkin, Femke Gyselinck, Eleanor Bauer, Liz Kinoshita, Gabriel Schenker, Mikael Marklund, Benjamin Vandewalle, Andros Zins-Browne, Olga Dukhovnaya, B\u00e1ra Sigf\u00fasd\u00f3ttir, Dada Masilo, Nestor Garcia Diaz, Radouan Mriziga, Cecilia Lisa Eliceche, Salka Ardal Rosengren, No\u00e9 Soulier, Thibault Lac, Alexander Vantournhout, Thomas Vantuycom, Bryana Fritz, Sara Tan, Michiel Vandevelde, George Khumalo (The 51st portrait).<\/p>\n","protected":false},"excerpt":{"rendered":"<p>Editor: Theo Van Rompay<br \/>\nPublisher: P.A.R.T.S (20016)<\/p>\n<p>Hardcover: 418 pages<br \/>\nLanguage: English<br \/>\nISBN13: 978-9-090-29748-4<\/p>\n","protected":false},"featured_media":3232,"template":"","meta":[],"product_brand":[],"product_cat":[330],"product_tag":[],"class_list":{"0":"post-3694","1":"product","2":"type-product","3":"status-publish","4":"has-post-thumbnail","6":"product_cat-non-classe","8":"first","9":"outofstock","10":"taxable","11":"shipping-taxable","12":"purchasable","13":"product-type-simple"},"yoast_head":"<!-- This site is optimized with the Yoast SEO plugin v27.5 - https:\/\/yoast.com\/product\/yoast-seo-wordpress\/ -->\n<title>P.A.R.T.S: 20 years - 50 portraits - Books on the Move<\/title>\n<meta name=\"robots\" content=\"index, follow, max-snippet:-1, max-image-preview:large, max-video-preview:-1\" \/>\n<link rel=\"canonical\" href=\"https:\/\/www.booksonthemove.fr\/produit\/p-a-r-t-s-20-years-50-portraits\/\" \/>\n<meta property=\"og:locale\" content=\"en_US\" \/>\n<meta property=\"og:type\" content=\"article\" \/>\n<meta property=\"og:title\" content=\"P.A.R.T.S: 20 years - 50 portraits - Books on the Move\" \/>\n<meta property=\"og:description\" content=\"Editor: Theo Van Rompay Publisher: P.A.R.T.S (20016)  Hardcover: 418 pages Language: English ISBN13: 978-9-090-29748-4\" \/>\n<meta property=\"og:url\" content=\"https:\/\/www.booksonthemove.fr\/produit\/p-a-r-t-s-20-years-50-portraits\/\" \/>\n<meta property=\"og:site_name\" content=\"Books on the Move\" \/>\n<meta property=\"article:publisher\" content=\"https:\/\/www.facebook.com\/Librairiebooksonthemove\/\" \/>\n<meta property=\"article:modified_time\" content=\"2024-10-30T11:05:15+00:00\" \/>\n<meta property=\"og:image\" content=\"https:\/\/www.booksonthemove.fr\/media\/bom_1513_0.jpg\" \/>\n\t<meta property=\"og:image:width\" content=\"900\" \/>\n\t<meta property=\"og:image:height\" content=\"1261\" \/>\n\t<meta property=\"og:image:type\" content=\"image\/jpeg\" \/>\n<meta name=\"twitter:card\" content=\"summary_large_image\" \/>\n<script type=\"application\/ld+json\" class=\"yoast-schema-graph\">{\"@context\":\"https:\\\/\\\/schema.org\",\"@graph\":[{\"@type\":\"WebPage\",\"@id\":\"https:\\\/\\\/www.booksonthemove.fr\\\/produit\\\/p-a-r-t-s-20-years-50-portraits\\\/\",\"url\":\"https:\\\/\\\/www.booksonthemove.fr\\\/produit\\\/p-a-r-t-s-20-years-50-portraits\\\/\",\"name\":\"P.A.R.T.S: 20 years - 50 portraits - Books on the Move\",\"isPartOf\":{\"@id\":\"https:\\\/\\\/www.booksonthemove.fr\\\/#website\"},\"primaryImageOfPage\":{\"@id\":\"https:\\\/\\\/www.booksonthemove.fr\\\/produit\\\/p-a-r-t-s-20-years-50-portraits\\\/#primaryimage\"},\"image\":{\"@id\":\"https:\\\/\\\/www.booksonthemove.fr\\\/produit\\\/p-a-r-t-s-20-years-50-portraits\\\/#primaryimage\"},\"thumbnailUrl\":\"https:\\\/\\\/www.booksonthemove.fr\\\/media\\\/bom_1513_0.jpg\",\"datePublished\":\"2016-08-28T20:47:20+00:00\",\"dateModified\":\"2024-10-30T11:05:15+00:00\",\"breadcrumb\":{\"@id\":\"https:\\\/\\\/www.booksonthemove.fr\\\/produit\\\/p-a-r-t-s-20-years-50-portraits\\\/#breadcrumb\"},\"inLanguage\":\"en-US\",\"potentialAction\":[{\"@type\":\"ReadAction\",\"target\":[\"https:\\\/\\\/www.booksonthemove.fr\\\/produit\\\/p-a-r-t-s-20-years-50-portraits\\\/\"]}]},{\"@type\":\"ImageObject\",\"inLanguage\":\"en-US\",\"@id\":\"https:\\\/\\\/www.booksonthemove.fr\\\/produit\\\/p-a-r-t-s-20-years-50-portraits\\\/#primaryimage\",\"url\":\"https:\\\/\\\/www.booksonthemove.fr\\\/media\\\/bom_1513_0.jpg\",\"contentUrl\":\"https:\\\/\\\/www.booksonthemove.fr\\\/media\\\/bom_1513_0.jpg\",\"width\":900,\"height\":1261},{\"@type\":\"BreadcrumbList\",\"@id\":\"https:\\\/\\\/www.booksonthemove.fr\\\/produit\\\/p-a-r-t-s-20-years-50-portraits\\\/#breadcrumb\",\"itemListElement\":[{\"@type\":\"ListItem\",\"position\":1,\"name\":\"Accueil\",\"item\":\"https:\\\/\\\/www.booksonthemove.fr\\\/en\\\/\"},{\"@type\":\"ListItem\",\"position\":2,\"name\":\"online store\",\"item\":\"https:\\\/\\\/www.booksonthemove.fr\\\/en\\\/online-shop\\\/\"},{\"@type\":\"ListItem\",\"position\":3,\"name\":\"P.A.R.T.S: 20 years &#8211; 50 portraits\"}]},{\"@type\":\"WebSite\",\"@id\":\"https:\\\/\\\/www.booksonthemove.fr\\\/#website\",\"url\":\"https:\\\/\\\/www.booksonthemove.fr\\\/\",\"name\":\"Books on the Move\",\"description\":\"librairie nomade - danse - mouvement - performance\",\"publisher\":{\"@id\":\"https:\\\/\\\/www.booksonthemove.fr\\\/#organization\"},\"potentialAction\":[{\"@type\":\"SearchAction\",\"target\":{\"@type\":\"EntryPoint\",\"urlTemplate\":\"https:\\\/\\\/www.booksonthemove.fr\\\/?s={search_term_string}\"},\"query-input\":{\"@type\":\"PropertyValueSpecification\",\"valueRequired\":true,\"valueName\":\"search_term_string\"}}],\"inLanguage\":\"en-US\"},{\"@type\":\"Organization\",\"@id\":\"https:\\\/\\\/www.booksonthemove.fr\\\/#organization\",\"name\":\"Books on the Move\",\"url\":\"https:\\\/\\\/www.booksonthemove.fr\\\/\",\"logo\":{\"@type\":\"ImageObject\",\"inLanguage\":\"en-US\",\"@id\":\"https:\\\/\\\/www.booksonthemove.fr\\\/#\\\/schema\\\/logo\\\/image\\\/\",\"url\":\"https:\\\/\\\/www.booksonthemove.fr\\\/media\\\/logo-NB-400.jpg\",\"contentUrl\":\"https:\\\/\\\/www.booksonthemove.fr\\\/media\\\/logo-NB-400.jpg\",\"width\":400,\"height\":143,\"caption\":\"Books on the Move\"},\"image\":{\"@id\":\"https:\\\/\\\/www.booksonthemove.fr\\\/#\\\/schema\\\/logo\\\/image\\\/\"},\"sameAs\":[\"https:\\\/\\\/www.facebook.com\\\/Librairiebooksonthemove\\\/\"]}]}<\/script>\n<!-- \/ Yoast SEO plugin. -->","yoast_head_json":{"title":"P.A.R.T.S: 20 years - 50 portraits - Books on the Move","robots":{"index":"index","follow":"follow","max-snippet":"max-snippet:-1","max-image-preview":"max-image-preview:large","max-video-preview":"max-video-preview:-1"},"canonical":"https:\/\/www.booksonthemove.fr\/produit\/p-a-r-t-s-20-years-50-portraits\/","og_locale":"en_US","og_type":"article","og_title":"P.A.R.T.S: 20 years - 50 portraits - Books on the Move","og_description":"Editor: Theo Van Rompay Publisher: P.A.R.T.S (20016)  Hardcover: 418 pages Language: English ISBN13: 978-9-090-29748-4","og_url":"https:\/\/www.booksonthemove.fr\/produit\/p-a-r-t-s-20-years-50-portraits\/","og_site_name":"Books on the Move","article_publisher":"https:\/\/www.facebook.com\/Librairiebooksonthemove\/","article_modified_time":"2024-10-30T11:05:15+00:00","og_image":[{"width":900,"height":1261,"url":"https:\/\/www.booksonthemove.fr\/media\/bom_1513_0.jpg","type":"image\/jpeg"}],"twitter_card":"summary_large_image","schema":{"@context":"https:\/\/schema.org","@graph":[{"@type":"WebPage","@id":"https:\/\/www.booksonthemove.fr\/produit\/p-a-r-t-s-20-years-50-portraits\/","url":"https:\/\/www.booksonthemove.fr\/produit\/p-a-r-t-s-20-years-50-portraits\/","name":"P.A.R.T.S: 20 years - 50 portraits - Books on the Move","isPartOf":{"@id":"https:\/\/www.booksonthemove.fr\/#website"},"primaryImageOfPage":{"@id":"https:\/\/www.booksonthemove.fr\/produit\/p-a-r-t-s-20-years-50-portraits\/#primaryimage"},"image":{"@id":"https:\/\/www.booksonthemove.fr\/produit\/p-a-r-t-s-20-years-50-portraits\/#primaryimage"},"thumbnailUrl":"https:\/\/www.booksonthemove.fr\/media\/bom_1513_0.jpg","datePublished":"2016-08-28T20:47:20+00:00","dateModified":"2024-10-30T11:05:15+00:00","breadcrumb":{"@id":"https:\/\/www.booksonthemove.fr\/produit\/p-a-r-t-s-20-years-50-portraits\/#breadcrumb"},"inLanguage":"en-US","potentialAction":[{"@type":"ReadAction","target":["https:\/\/www.booksonthemove.fr\/produit\/p-a-r-t-s-20-years-50-portraits\/"]}]},{"@type":"ImageObject","inLanguage":"en-US","@id":"https:\/\/www.booksonthemove.fr\/produit\/p-a-r-t-s-20-years-50-portraits\/#primaryimage","url":"https:\/\/www.booksonthemove.fr\/media\/bom_1513_0.jpg","contentUrl":"https:\/\/www.booksonthemove.fr\/media\/bom_1513_0.jpg","width":900,"height":1261},{"@type":"BreadcrumbList","@id":"https:\/\/www.booksonthemove.fr\/produit\/p-a-r-t-s-20-years-50-portraits\/#breadcrumb","itemListElement":[{"@type":"ListItem","position":1,"name":"Accueil","item":"https:\/\/www.booksonthemove.fr\/en\/"},{"@type":"ListItem","position":2,"name":"online store","item":"https:\/\/www.booksonthemove.fr\/en\/online-shop\/"},{"@type":"ListItem","position":3,"name":"P.A.R.T.S: 20 years &#8211; 50 portraits"}]},{"@type":"WebSite","@id":"https:\/\/www.booksonthemove.fr\/#website","url":"https:\/\/www.booksonthemove.fr\/","name":"Books on the Move","description":"librairie nomade - danse - mouvement - performance","publisher":{"@id":"https:\/\/www.booksonthemove.fr\/#organization"},"potentialAction":[{"@type":"SearchAction","target":{"@type":"EntryPoint","urlTemplate":"https:\/\/www.booksonthemove.fr\/?s={search_term_string}"},"query-input":{"@type":"PropertyValueSpecification","valueRequired":true,"valueName":"search_term_string"}}],"inLanguage":"en-US"},{"@type":"Organization","@id":"https:\/\/www.booksonthemove.fr\/#organization","name":"Books on the Move","url":"https:\/\/www.booksonthemove.fr\/","logo":{"@type":"ImageObject","inLanguage":"en-US","@id":"https:\/\/www.booksonthemove.fr\/#\/schema\/logo\/image\/","url":"https:\/\/www.booksonthemove.fr\/media\/logo-NB-400.jpg","contentUrl":"https:\/\/www.booksonthemove.fr\/media\/logo-NB-400.jpg","width":400,"height":143,"caption":"Books on the Move"},"image":{"@id":"https:\/\/www.booksonthemove.fr\/#\/schema\/logo\/image\/"},"sameAs":["https:\/\/www.facebook.com\/Librairiebooksonthemove\/"]}]}},"_links":{"self":[{"href":"https:\/\/www.booksonthemove.fr\/en\/wp-json\/wp\/v2\/product\/3694","targetHints":{"allow":["GET"]}}],"collection":[{"href":"https:\/\/www.booksonthemove.fr\/en\/wp-json\/wp\/v2\/product"}],"about":[{"href":"https:\/\/www.booksonthemove.fr\/en\/wp-json\/wp\/v2\/types\/product"}],"wp:featuredmedia":[{"embeddable":true,"href":"https:\/\/www.booksonthemove.fr\/en\/wp-json\/wp\/v2\/media\/3232"}],"wp:attachment":[{"href":"https:\/\/www.booksonthemove.fr\/en\/wp-json\/wp\/v2\/media?parent=3694"}],"wp:term":[{"taxonomy":"product_brand","embeddable":true,"href":"https:\/\/www.booksonthemove.fr\/en\/wp-json\/wp\/v2\/product_brand?post=3694"},{"taxonomy":"product_cat","embeddable":true,"href":"https:\/\/www.booksonthemove.fr\/en\/wp-json\/wp\/v2\/product_cat?post=3694"},{"taxonomy":"product_tag","embeddable":true,"href":"https:\/\/www.booksonthemove.fr\/en\/wp-json\/wp\/v2\/product_tag?post=3694"}],"curies":[{"name":"wp","href":"https:\/\/api.w.org\/{rel}","templated":true}]}}