{"id":37085,"date":"2023-07-07T13:42:15","date_gmt":"2023-07-07T11:42:15","guid":{"rendered":"https:\/\/www.booksonthemove.fr\/produit\/critique-is-creative-the-critical-response-process-in-theory-and-action\/"},"modified":"2026-02-19T10:04:46","modified_gmt":"2026-02-19T09:04:46","slug":"critique-is-creative-the-critical-response-process-in-theory-and-action","status":"publish","type":"product","link":"https:\/\/www.booksonthemove.fr\/en\/produit\/critique-is-creative-the-critical-response-process-in-theory-and-action\/","title":{"rendered":"Critique Is Creative &#8211; The Critical Response Process\u00ae in Theory and Action"},"content":{"rendered":"<p>A thorough introduction and lively exploration of a widely recognized method for giving and getting useful feedback.<\/p>\n<p>Devised by choreographer Liz Lerman in 1990, Critical Response Process\u00ae (CRP) is an internationally recognized method for giving and getting feedback on creative works in progress. In this first in-depth study of CRP, Lerman and her long-term collaborator John Borstel describe in detail the four-step process, its origins and principles. The book also includes essays on CRP from a wide range of contributors. With insight, ingenuity, and the occasional challenge, these practitioners shed light on the applications and variations of CRP in the contexts of art, education, and community life. <em>Critique Is Creative <\/em>examines the challenges we face in an era of reckoning and how CRP can aid in change-making of various kinds.<\/p>\n<p>With contributions from:<br \/>\nBimbola Akinbola, Mark Callahan, Lawrence Edelson, Isaac G\u00f3mez, Rachel Miller Jacobs, Lekelia Jenkins, Elizabeth Johnson Levine, Carlos Lopez-Real, Crist\u00f3bal Mart\u00ednez, Gesel Mason, Cassie Meador, Kevin Ormsby, CJay Philip, Kathryn Prince, Sean Riley, Charles C. Smith, Shula Strassfeld, Phil Stoesz, Gerda van Zelm, Jill Waterhouse, Rebekah West<\/p>\n","protected":false},"excerpt":{"rendered":"<p><b>AUTHORS: <\/b>Liz Lerman &amp;\u00a0John Borstel<br \/>\n<b>PUBLISHER: <\/b>Wesleyan University Press (2022)<\/p>\n<p><b>PAPERBACK: <\/b>266\u00a0pages<br \/>\n<b>LANGUAGE: <\/b>English<br \/>\n<strong>ISBN13:\u00a0<\/strong>978 0 819 57718 4<\/p>\n","protected":false},"featured_media":37084,"template":"","meta":[],"product_brand":[],"product_cat":[135,140],"product_tag":[],"class_list":{"0":"post-37085","1":"product","2":"type-product","3":"status-publish","4":"has-post-thumbnail","6":"product_cat-english-en","7":"product_cat-education-dance-technique-en","9":"first","10":"outofstock","11":"taxable","12":"shipping-taxable","13":"purchasable","14":"product-type-simple"},"yoast_head":"<!-- This site is optimized with the Yoast SEO plugin v27.5 - https:\/\/yoast.com\/product\/yoast-seo-wordpress\/ -->\n<title>Critique Is Creative - The Critical Response Process\u00ae in Theory and Action - Books on the Move<\/title>\n<meta name=\"robots\" content=\"index, follow, max-snippet:-1, max-image-preview:large, max-video-preview:-1\" \/>\n<link rel=\"canonical\" href=\"https:\/\/www.booksonthemove.fr\/produit\/critique-is-creative-the-critical-response-process-in-theory-and-action\/\" \/>\n<meta property=\"og:locale\" content=\"en_US\" \/>\n<meta property=\"og:type\" content=\"article\" \/>\n<meta property=\"og:title\" content=\"Critique Is Creative - The Critical Response Process\u00ae in Theory and Action - Books on the Move\" \/>\n<meta property=\"og:description\" content=\"AUTHORS: Liz Lerman &amp;\u00a0John Borstel PUBLISHER: Wesleyan University Press (2022)  PAPERBACK: 266\u00a0pages LANGUAGE: English ISBN13:\u00a0978 0 819 57718 4\" \/>\n<meta property=\"og:url\" content=\"https:\/\/www.booksonthemove.fr\/produit\/critique-is-creative-the-critical-response-process-in-theory-and-action\/\" \/>\n<meta property=\"og:site_name\" content=\"Books on the Move\" \/>\n<meta property=\"article:publisher\" content=\"https:\/\/www.facebook.com\/Librairiebooksonthemove\/\" \/>\n<meta property=\"article:modified_time\" content=\"2026-02-19T09:04:46+00:00\" \/>\n<meta property=\"og:image\" content=\"https:\/\/www.booksonthemove.fr\/media\/bom_2563.jpg\" \/>\n\t<meta property=\"og:image:width\" content=\"900\" \/>\n\t<meta property=\"og:image:height\" content=\"1350\" \/>\n\t<meta property=\"og:image:type\" content=\"image\/jpeg\" \/>\n<meta name=\"twitter:card\" content=\"summary_large_image\" \/>\n<script type=\"application\/ld+json\" class=\"yoast-schema-graph\">{\"@context\":\"https:\\\/\\\/schema.org\",\"@graph\":[{\"@type\":\"WebPage\",\"@id\":\"https:\\\/\\\/www.booksonthemove.fr\\\/produit\\\/critique-is-creative-the-critical-response-process-in-theory-and-action\\\/\",\"url\":\"https:\\\/\\\/www.booksonthemove.fr\\\/produit\\\/critique-is-creative-the-critical-response-process-in-theory-and-action\\\/\",\"name\":\"Critique Is Creative - The Critical Response Process\u00ae in Theory and Action - Books on the Move\",\"isPartOf\":{\"@id\":\"https:\\\/\\\/www.booksonthemove.fr\\\/#website\"},\"primaryImageOfPage\":{\"@id\":\"https:\\\/\\\/www.booksonthemove.fr\\\/produit\\\/critique-is-creative-the-critical-response-process-in-theory-and-action\\\/#primaryimage\"},\"image\":{\"@id\":\"https:\\\/\\\/www.booksonthemove.fr\\\/produit\\\/critique-is-creative-the-critical-response-process-in-theory-and-action\\\/#primaryimage\"},\"thumbnailUrl\":\"https:\\\/\\\/www.booksonthemove.fr\\\/media\\\/bom_2563.jpg\",\"datePublished\":\"2023-07-07T11:42:15+00:00\",\"dateModified\":\"2026-02-19T09:04:46+00:00\",\"breadcrumb\":{\"@id\":\"https:\\\/\\\/www.booksonthemove.fr\\\/produit\\\/critique-is-creative-the-critical-response-process-in-theory-and-action\\\/#breadcrumb\"},\"inLanguage\":\"en-US\",\"potentialAction\":[{\"@type\":\"ReadAction\",\"target\":[\"https:\\\/\\\/www.booksonthemove.fr\\\/produit\\\/critique-is-creative-the-critical-response-process-in-theory-and-action\\\/\"]}]},{\"@type\":\"ImageObject\",\"inLanguage\":\"en-US\",\"@id\":\"https:\\\/\\\/www.booksonthemove.fr\\\/produit\\\/critique-is-creative-the-critical-response-process-in-theory-and-action\\\/#primaryimage\",\"url\":\"https:\\\/\\\/www.booksonthemove.fr\\\/media\\\/bom_2563.jpg\",\"contentUrl\":\"https:\\\/\\\/www.booksonthemove.fr\\\/media\\\/bom_2563.jpg\",\"width\":900,\"height\":1350},{\"@type\":\"BreadcrumbList\",\"@id\":\"https:\\\/\\\/www.booksonthemove.fr\\\/produit\\\/critique-is-creative-the-critical-response-process-in-theory-and-action\\\/#breadcrumb\",\"itemListElement\":[{\"@type\":\"ListItem\",\"position\":1,\"name\":\"Accueil\",\"item\":\"https:\\\/\\\/www.booksonthemove.fr\\\/en\\\/\"},{\"@type\":\"ListItem\",\"position\":2,\"name\":\"online store\",\"item\":\"https:\\\/\\\/www.booksonthemove.fr\\\/en\\\/online-shop\\\/\"},{\"@type\":\"ListItem\",\"position\":3,\"name\":\"Critique Is Creative &#8211; The Critical Response Process\u00ae in Theory and Action\"}]},{\"@type\":\"WebSite\",\"@id\":\"https:\\\/\\\/www.booksonthemove.fr\\\/#website\",\"url\":\"https:\\\/\\\/www.booksonthemove.fr\\\/\",\"name\":\"Books on the Move\",\"description\":\"librairie nomade - danse - mouvement - performance\",\"publisher\":{\"@id\":\"https:\\\/\\\/www.booksonthemove.fr\\\/#organization\"},\"potentialAction\":[{\"@type\":\"SearchAction\",\"target\":{\"@type\":\"EntryPoint\",\"urlTemplate\":\"https:\\\/\\\/www.booksonthemove.fr\\\/?s={search_term_string}\"},\"query-input\":{\"@type\":\"PropertyValueSpecification\",\"valueRequired\":true,\"valueName\":\"search_term_string\"}}],\"inLanguage\":\"en-US\"},{\"@type\":\"Organization\",\"@id\":\"https:\\\/\\\/www.booksonthemove.fr\\\/#organization\",\"name\":\"Books on the Move\",\"url\":\"https:\\\/\\\/www.booksonthemove.fr\\\/\",\"logo\":{\"@type\":\"ImageObject\",\"inLanguage\":\"en-US\",\"@id\":\"https:\\\/\\\/www.booksonthemove.fr\\\/#\\\/schema\\\/logo\\\/image\\\/\",\"url\":\"https:\\\/\\\/www.booksonthemove.fr\\\/media\\\/logo-NB-400.jpg\",\"contentUrl\":\"https:\\\/\\\/www.booksonthemove.fr\\\/media\\\/logo-NB-400.jpg\",\"width\":400,\"height\":143,\"caption\":\"Books on the Move\"},\"image\":{\"@id\":\"https:\\\/\\\/www.booksonthemove.fr\\\/#\\\/schema\\\/logo\\\/image\\\/\"},\"sameAs\":[\"https:\\\/\\\/www.facebook.com\\\/Librairiebooksonthemove\\\/\"]}]}<\/script>\n<!-- \/ Yoast SEO plugin. -->","yoast_head_json":{"title":"Critique Is Creative - The Critical Response Process\u00ae in Theory and Action - Books on the Move","robots":{"index":"index","follow":"follow","max-snippet":"max-snippet:-1","max-image-preview":"max-image-preview:large","max-video-preview":"max-video-preview:-1"},"canonical":"https:\/\/www.booksonthemove.fr\/produit\/critique-is-creative-the-critical-response-process-in-theory-and-action\/","og_locale":"en_US","og_type":"article","og_title":"Critique Is Creative - The Critical Response Process\u00ae in Theory and Action - Books on the Move","og_description":"AUTHORS: Liz Lerman &amp;\u00a0John Borstel PUBLISHER: Wesleyan University Press (2022)  PAPERBACK: 266\u00a0pages LANGUAGE: English ISBN13:\u00a0978 0 819 57718 4","og_url":"https:\/\/www.booksonthemove.fr\/produit\/critique-is-creative-the-critical-response-process-in-theory-and-action\/","og_site_name":"Books on the Move","article_publisher":"https:\/\/www.facebook.com\/Librairiebooksonthemove\/","article_modified_time":"2026-02-19T09:04:46+00:00","og_image":[{"width":900,"height":1350,"url":"https:\/\/www.booksonthemove.fr\/media\/bom_2563.jpg","type":"image\/jpeg"}],"twitter_card":"summary_large_image","schema":{"@context":"https:\/\/schema.org","@graph":[{"@type":"WebPage","@id":"https:\/\/www.booksonthemove.fr\/produit\/critique-is-creative-the-critical-response-process-in-theory-and-action\/","url":"https:\/\/www.booksonthemove.fr\/produit\/critique-is-creative-the-critical-response-process-in-theory-and-action\/","name":"Critique Is Creative - The Critical Response Process\u00ae in Theory and Action - Books on the Move","isPartOf":{"@id":"https:\/\/www.booksonthemove.fr\/#website"},"primaryImageOfPage":{"@id":"https:\/\/www.booksonthemove.fr\/produit\/critique-is-creative-the-critical-response-process-in-theory-and-action\/#primaryimage"},"image":{"@id":"https:\/\/www.booksonthemove.fr\/produit\/critique-is-creative-the-critical-response-process-in-theory-and-action\/#primaryimage"},"thumbnailUrl":"https:\/\/www.booksonthemove.fr\/media\/bom_2563.jpg","datePublished":"2023-07-07T11:42:15+00:00","dateModified":"2026-02-19T09:04:46+00:00","breadcrumb":{"@id":"https:\/\/www.booksonthemove.fr\/produit\/critique-is-creative-the-critical-response-process-in-theory-and-action\/#breadcrumb"},"inLanguage":"en-US","potentialAction":[{"@type":"ReadAction","target":["https:\/\/www.booksonthemove.fr\/produit\/critique-is-creative-the-critical-response-process-in-theory-and-action\/"]}]},{"@type":"ImageObject","inLanguage":"en-US","@id":"https:\/\/www.booksonthemove.fr\/produit\/critique-is-creative-the-critical-response-process-in-theory-and-action\/#primaryimage","url":"https:\/\/www.booksonthemove.fr\/media\/bom_2563.jpg","contentUrl":"https:\/\/www.booksonthemove.fr\/media\/bom_2563.jpg","width":900,"height":1350},{"@type":"BreadcrumbList","@id":"https:\/\/www.booksonthemove.fr\/produit\/critique-is-creative-the-critical-response-process-in-theory-and-action\/#breadcrumb","itemListElement":[{"@type":"ListItem","position":1,"name":"Accueil","item":"https:\/\/www.booksonthemove.fr\/en\/"},{"@type":"ListItem","position":2,"name":"online store","item":"https:\/\/www.booksonthemove.fr\/en\/online-shop\/"},{"@type":"ListItem","position":3,"name":"Critique Is Creative &#8211; The Critical Response Process\u00ae in Theory and Action"}]},{"@type":"WebSite","@id":"https:\/\/www.booksonthemove.fr\/#website","url":"https:\/\/www.booksonthemove.fr\/","name":"Books on the Move","description":"librairie nomade - danse - mouvement - performance","publisher":{"@id":"https:\/\/www.booksonthemove.fr\/#organization"},"potentialAction":[{"@type":"SearchAction","target":{"@type":"EntryPoint","urlTemplate":"https:\/\/www.booksonthemove.fr\/?s={search_term_string}"},"query-input":{"@type":"PropertyValueSpecification","valueRequired":true,"valueName":"search_term_string"}}],"inLanguage":"en-US"},{"@type":"Organization","@id":"https:\/\/www.booksonthemove.fr\/#organization","name":"Books on the Move","url":"https:\/\/www.booksonthemove.fr\/","logo":{"@type":"ImageObject","inLanguage":"en-US","@id":"https:\/\/www.booksonthemove.fr\/#\/schema\/logo\/image\/","url":"https:\/\/www.booksonthemove.fr\/media\/logo-NB-400.jpg","contentUrl":"https:\/\/www.booksonthemove.fr\/media\/logo-NB-400.jpg","width":400,"height":143,"caption":"Books on the Move"},"image":{"@id":"https:\/\/www.booksonthemove.fr\/#\/schema\/logo\/image\/"},"sameAs":["https:\/\/www.facebook.com\/Librairiebooksonthemove\/"]}]}},"_links":{"self":[{"href":"https:\/\/www.booksonthemove.fr\/en\/wp-json\/wp\/v2\/product\/37085","targetHints":{"allow":["GET"]}}],"collection":[{"href":"https:\/\/www.booksonthemove.fr\/en\/wp-json\/wp\/v2\/product"}],"about":[{"href":"https:\/\/www.booksonthemove.fr\/en\/wp-json\/wp\/v2\/types\/product"}],"wp:featuredmedia":[{"embeddable":true,"href":"https:\/\/www.booksonthemove.fr\/en\/wp-json\/wp\/v2\/media\/37084"}],"wp:attachment":[{"href":"https:\/\/www.booksonthemove.fr\/en\/wp-json\/wp\/v2\/media?parent=37085"}],"wp:term":[{"taxonomy":"product_brand","embeddable":true,"href":"https:\/\/www.booksonthemove.fr\/en\/wp-json\/wp\/v2\/product_brand?post=37085"},{"taxonomy":"product_cat","embeddable":true,"href":"https:\/\/www.booksonthemove.fr\/en\/wp-json\/wp\/v2\/product_cat?post=37085"},{"taxonomy":"product_tag","embeddable":true,"href":"https:\/\/www.booksonthemove.fr\/en\/wp-json\/wp\/v2\/product_tag?post=37085"}],"curies":[{"name":"wp","href":"https:\/\/api.w.org\/{rel}","templated":true}]}}