{"id":37089,"date":"2023-07-07T14:02:53","date_gmt":"2023-07-07T12:02:53","guid":{"rendered":"https:\/\/www.booksonthemove.fr\/produit\/declinaisons-du-quotidien-mettre-le-corps-au-travail\/"},"modified":"2025-09-09T21:37:38","modified_gmt":"2025-09-09T19:37:38","slug":"declinaisons-du-quotidien-mettre-le-corps-au-travail","status":"publish","type":"product","link":"https:\/\/www.booksonthemove.fr\/en\/produit\/declinaisons-du-quotidien-mettre-le-corps-au-travail\/","title":{"rendered":"D\u00e9clinaisons du quotidien &#8211; Mettre le corps au travail"},"content":{"rendered":"<p>Un danseur s\u2019entra\u00eene tous les jours, 365 jours par an, \u00e0 raison de 3 heures par jour, soit 1 095 heures, pendant une moyenne de 40 ans, soit 43 800 heures. Comment remplir toutes ces heures ? De quoi ? Avec qui ?<span class=\"Apple-converted-space\">\u00a0<\/span><\/p>\n<p>Se lever le matin, commencer, mettre le corps au travail physiquement, l\u2019engager de mani\u00e8re inventive, improviser. Le plaisir de l\u2019entra\u00eenement d\u2019un corps au jour le jour, comme question \u00e0 d\u00e9plier au fil d\u2019un processus de recherche men\u00e9 \u00e0 L\u2019L | chercher autrement en arts vivants (Bruxelles).<\/p>\n<p>Ce livre partage l\u2019exp\u00e9rience de deux artistes-chercheures, dont la d\u00e9marche commune a bouscul\u00e9 rapports au corps, au geste, \u00e0 la pens\u00e9e et \u00e0 la recherche. Un cheminement qui les a amen\u00e9es \u00e0 traverser le quotidien pour mettre en jeu et interroger leurs propres pratiques artistiques et r\u00e9flexives.<\/p>\n<p>Agathe Dumont danse, \u00e9crit, cherche et enseigne dans diverses formations sup\u00e9rieures artistiques. Elle navigue entre mouvement, performance et arts du cirque. Elle m\u00e8ne des recherches tant \u00e0 la table qu\u2019en studio et accompagne des projets artistiques comme dramaturge.<\/p>\n","protected":false},"excerpt":{"rendered":"<p><strong>AUTEURE :\u00a0<\/strong>Agathe Dumont<br \/>\n<strong>EDITEUR :<\/strong> L\u2019L \u00e9ditions (2023)<\/p>\n<p><strong>RELI\u00c9 :<\/strong> 208 pages<br \/>\n<strong>LANGUE :<\/strong> Fran\u00e7ais<br \/>\n<strong>ISBN13 :\u00a0<\/strong>978-2-9601533-8-5<\/p>\n","protected":false},"featured_media":37088,"template":"","meta":[],"product_brand":[],"product_cat":[162,710],"product_tag":[],"class_list":{"0":"post-37089","1":"product","2":"type-product","3":"status-publish","4":"has-post-thumbnail","6":"product_cat-french-en","7":"product_cat-pratique-recherche-en","9":"first","10":"outofstock","11":"taxable","12":"shipping-taxable","13":"purchasable","14":"product-type-simple"},"yoast_head":"<!-- This site is optimized with the Yoast SEO plugin v27.4 - https:\/\/yoast.com\/product\/yoast-seo-wordpress\/ -->\n<title>D\u00e9clinaisons du quotidien - Mettre le corps au travail - Books on the Move<\/title>\n<meta name=\"robots\" content=\"index, follow, max-snippet:-1, max-image-preview:large, max-video-preview:-1\" \/>\n<link rel=\"canonical\" href=\"https:\/\/www.booksonthemove.fr\/en\/produit\/declinaisons-du-quotidien-mettre-le-corps-au-travail\/\" \/>\n<meta property=\"og:locale\" content=\"en_US\" \/>\n<meta property=\"og:type\" content=\"article\" \/>\n<meta property=\"og:title\" content=\"D\u00e9clinaisons du quotidien - Mettre le corps au travail - Books on the Move\" \/>\n<meta property=\"og:description\" content=\"AUTEURE :\u00a0Agathe Dumont EDITEUR : L\u2019L \u00e9ditions (2023)  RELI\u00c9 : 208 pages LANGUE : Fran\u00e7ais ISBN13 :\u00a0978-2-9601533-8-5\" \/>\n<meta property=\"og:url\" content=\"https:\/\/www.booksonthemove.fr\/en\/produit\/declinaisons-du-quotidien-mettre-le-corps-au-travail\/\" \/>\n<meta property=\"og:site_name\" content=\"Books on the Move\" \/>\n<meta property=\"article:publisher\" content=\"https:\/\/www.facebook.com\/Librairiebooksonthemove\/\" \/>\n<meta property=\"article:modified_time\" content=\"2025-09-09T19:37:38+00:00\" \/>\n<meta property=\"og:image\" content=\"https:\/\/www.booksonthemove.fr\/media\/bom_2597.jpg\" \/>\n\t<meta property=\"og:image:width\" content=\"900\" \/>\n\t<meta property=\"og:image:height\" content=\"1453\" \/>\n\t<meta property=\"og:image:type\" content=\"image\/jpeg\" \/>\n<meta name=\"twitter:card\" content=\"summary_large_image\" \/>\n<script type=\"application\/ld+json\" class=\"yoast-schema-graph\">{\"@context\":\"https:\\\/\\\/schema.org\",\"@graph\":[{\"@type\":\"WebPage\",\"@id\":\"https:\\\/\\\/www.booksonthemove.fr\\\/en\\\/produit\\\/declinaisons-du-quotidien-mettre-le-corps-au-travail\\\/\",\"url\":\"https:\\\/\\\/www.booksonthemove.fr\\\/en\\\/produit\\\/declinaisons-du-quotidien-mettre-le-corps-au-travail\\\/\",\"name\":\"D\u00e9clinaisons du quotidien - Mettre le corps au travail - Books on the Move\",\"isPartOf\":{\"@id\":\"https:\\\/\\\/www.booksonthemove.fr\\\/#website\"},\"primaryImageOfPage\":{\"@id\":\"https:\\\/\\\/www.booksonthemove.fr\\\/en\\\/produit\\\/declinaisons-du-quotidien-mettre-le-corps-au-travail\\\/#primaryimage\"},\"image\":{\"@id\":\"https:\\\/\\\/www.booksonthemove.fr\\\/en\\\/produit\\\/declinaisons-du-quotidien-mettre-le-corps-au-travail\\\/#primaryimage\"},\"thumbnailUrl\":\"https:\\\/\\\/www.booksonthemove.fr\\\/media\\\/bom_2597.jpg\",\"datePublished\":\"2023-07-07T12:02:53+00:00\",\"dateModified\":\"2025-09-09T19:37:38+00:00\",\"breadcrumb\":{\"@id\":\"https:\\\/\\\/www.booksonthemove.fr\\\/en\\\/produit\\\/declinaisons-du-quotidien-mettre-le-corps-au-travail\\\/#breadcrumb\"},\"inLanguage\":\"en-US\",\"potentialAction\":[{\"@type\":\"ReadAction\",\"target\":[\"https:\\\/\\\/www.booksonthemove.fr\\\/en\\\/produit\\\/declinaisons-du-quotidien-mettre-le-corps-au-travail\\\/\"]}]},{\"@type\":\"ImageObject\",\"inLanguage\":\"en-US\",\"@id\":\"https:\\\/\\\/www.booksonthemove.fr\\\/en\\\/produit\\\/declinaisons-du-quotidien-mettre-le-corps-au-travail\\\/#primaryimage\",\"url\":\"https:\\\/\\\/www.booksonthemove.fr\\\/media\\\/bom_2597.jpg\",\"contentUrl\":\"https:\\\/\\\/www.booksonthemove.fr\\\/media\\\/bom_2597.jpg\",\"width\":900,\"height\":1453},{\"@type\":\"BreadcrumbList\",\"@id\":\"https:\\\/\\\/www.booksonthemove.fr\\\/en\\\/produit\\\/declinaisons-du-quotidien-mettre-le-corps-au-travail\\\/#breadcrumb\",\"itemListElement\":[{\"@type\":\"ListItem\",\"position\":1,\"name\":\"Accueil\",\"item\":\"https:\\\/\\\/www.booksonthemove.fr\\\/en\\\/\"},{\"@type\":\"ListItem\",\"position\":2,\"name\":\"online store\",\"item\":\"https:\\\/\\\/www.booksonthemove.fr\\\/en\\\/online-shop\\\/\"},{\"@type\":\"ListItem\",\"position\":3,\"name\":\"D\u00e9clinaisons du quotidien &#8211; Mettre le corps au travail\"}]},{\"@type\":\"WebSite\",\"@id\":\"https:\\\/\\\/www.booksonthemove.fr\\\/#website\",\"url\":\"https:\\\/\\\/www.booksonthemove.fr\\\/\",\"name\":\"Books on the Move\",\"description\":\"librairie nomade - danse - mouvement - performance\",\"publisher\":{\"@id\":\"https:\\\/\\\/www.booksonthemove.fr\\\/#organization\"},\"potentialAction\":[{\"@type\":\"SearchAction\",\"target\":{\"@type\":\"EntryPoint\",\"urlTemplate\":\"https:\\\/\\\/www.booksonthemove.fr\\\/?s={search_term_string}\"},\"query-input\":{\"@type\":\"PropertyValueSpecification\",\"valueRequired\":true,\"valueName\":\"search_term_string\"}}],\"inLanguage\":\"en-US\"},{\"@type\":\"Organization\",\"@id\":\"https:\\\/\\\/www.booksonthemove.fr\\\/#organization\",\"name\":\"Books on the Move\",\"url\":\"https:\\\/\\\/www.booksonthemove.fr\\\/\",\"logo\":{\"@type\":\"ImageObject\",\"inLanguage\":\"en-US\",\"@id\":\"https:\\\/\\\/www.booksonthemove.fr\\\/#\\\/schema\\\/logo\\\/image\\\/\",\"url\":\"https:\\\/\\\/www.booksonthemove.fr\\\/media\\\/logo-NB-400.jpg\",\"contentUrl\":\"https:\\\/\\\/www.booksonthemove.fr\\\/media\\\/logo-NB-400.jpg\",\"width\":400,\"height\":143,\"caption\":\"Books on the Move\"},\"image\":{\"@id\":\"https:\\\/\\\/www.booksonthemove.fr\\\/#\\\/schema\\\/logo\\\/image\\\/\"},\"sameAs\":[\"https:\\\/\\\/www.facebook.com\\\/Librairiebooksonthemove\\\/\"]}]}<\/script>\n<!-- \/ Yoast SEO plugin. -->","yoast_head_json":{"title":"D\u00e9clinaisons du quotidien - Mettre le corps au travail - Books on the Move","robots":{"index":"index","follow":"follow","max-snippet":"max-snippet:-1","max-image-preview":"max-image-preview:large","max-video-preview":"max-video-preview:-1"},"canonical":"https:\/\/www.booksonthemove.fr\/en\/produit\/declinaisons-du-quotidien-mettre-le-corps-au-travail\/","og_locale":"en_US","og_type":"article","og_title":"D\u00e9clinaisons du quotidien - Mettre le corps au travail - Books on the Move","og_description":"AUTEURE :\u00a0Agathe Dumont EDITEUR : L\u2019L \u00e9ditions (2023)  RELI\u00c9 : 208 pages LANGUE : Fran\u00e7ais ISBN13 :\u00a0978-2-9601533-8-5","og_url":"https:\/\/www.booksonthemove.fr\/en\/produit\/declinaisons-du-quotidien-mettre-le-corps-au-travail\/","og_site_name":"Books on the Move","article_publisher":"https:\/\/www.facebook.com\/Librairiebooksonthemove\/","article_modified_time":"2025-09-09T19:37:38+00:00","og_image":[{"width":900,"height":1453,"url":"https:\/\/www.booksonthemove.fr\/media\/bom_2597.jpg","type":"image\/jpeg"}],"twitter_card":"summary_large_image","schema":{"@context":"https:\/\/schema.org","@graph":[{"@type":"WebPage","@id":"https:\/\/www.booksonthemove.fr\/en\/produit\/declinaisons-du-quotidien-mettre-le-corps-au-travail\/","url":"https:\/\/www.booksonthemove.fr\/en\/produit\/declinaisons-du-quotidien-mettre-le-corps-au-travail\/","name":"D\u00e9clinaisons du quotidien - Mettre le corps au travail - Books on the Move","isPartOf":{"@id":"https:\/\/www.booksonthemove.fr\/#website"},"primaryImageOfPage":{"@id":"https:\/\/www.booksonthemove.fr\/en\/produit\/declinaisons-du-quotidien-mettre-le-corps-au-travail\/#primaryimage"},"image":{"@id":"https:\/\/www.booksonthemove.fr\/en\/produit\/declinaisons-du-quotidien-mettre-le-corps-au-travail\/#primaryimage"},"thumbnailUrl":"https:\/\/www.booksonthemove.fr\/media\/bom_2597.jpg","datePublished":"2023-07-07T12:02:53+00:00","dateModified":"2025-09-09T19:37:38+00:00","breadcrumb":{"@id":"https:\/\/www.booksonthemove.fr\/en\/produit\/declinaisons-du-quotidien-mettre-le-corps-au-travail\/#breadcrumb"},"inLanguage":"en-US","potentialAction":[{"@type":"ReadAction","target":["https:\/\/www.booksonthemove.fr\/en\/produit\/declinaisons-du-quotidien-mettre-le-corps-au-travail\/"]}]},{"@type":"ImageObject","inLanguage":"en-US","@id":"https:\/\/www.booksonthemove.fr\/en\/produit\/declinaisons-du-quotidien-mettre-le-corps-au-travail\/#primaryimage","url":"https:\/\/www.booksonthemove.fr\/media\/bom_2597.jpg","contentUrl":"https:\/\/www.booksonthemove.fr\/media\/bom_2597.jpg","width":900,"height":1453},{"@type":"BreadcrumbList","@id":"https:\/\/www.booksonthemove.fr\/en\/produit\/declinaisons-du-quotidien-mettre-le-corps-au-travail\/#breadcrumb","itemListElement":[{"@type":"ListItem","position":1,"name":"Accueil","item":"https:\/\/www.booksonthemove.fr\/en\/"},{"@type":"ListItem","position":2,"name":"online store","item":"https:\/\/www.booksonthemove.fr\/en\/online-shop\/"},{"@type":"ListItem","position":3,"name":"D\u00e9clinaisons du quotidien &#8211; Mettre le corps au travail"}]},{"@type":"WebSite","@id":"https:\/\/www.booksonthemove.fr\/#website","url":"https:\/\/www.booksonthemove.fr\/","name":"Books on the Move","description":"librairie nomade - danse - mouvement - performance","publisher":{"@id":"https:\/\/www.booksonthemove.fr\/#organization"},"potentialAction":[{"@type":"SearchAction","target":{"@type":"EntryPoint","urlTemplate":"https:\/\/www.booksonthemove.fr\/?s={search_term_string}"},"query-input":{"@type":"PropertyValueSpecification","valueRequired":true,"valueName":"search_term_string"}}],"inLanguage":"en-US"},{"@type":"Organization","@id":"https:\/\/www.booksonthemove.fr\/#organization","name":"Books on the Move","url":"https:\/\/www.booksonthemove.fr\/","logo":{"@type":"ImageObject","inLanguage":"en-US","@id":"https:\/\/www.booksonthemove.fr\/#\/schema\/logo\/image\/","url":"https:\/\/www.booksonthemove.fr\/media\/logo-NB-400.jpg","contentUrl":"https:\/\/www.booksonthemove.fr\/media\/logo-NB-400.jpg","width":400,"height":143,"caption":"Books on the Move"},"image":{"@id":"https:\/\/www.booksonthemove.fr\/#\/schema\/logo\/image\/"},"sameAs":["https:\/\/www.facebook.com\/Librairiebooksonthemove\/"]}]}},"_links":{"self":[{"href":"https:\/\/www.booksonthemove.fr\/en\/wp-json\/wp\/v2\/product\/37089","targetHints":{"allow":["GET"]}}],"collection":[{"href":"https:\/\/www.booksonthemove.fr\/en\/wp-json\/wp\/v2\/product"}],"about":[{"href":"https:\/\/www.booksonthemove.fr\/en\/wp-json\/wp\/v2\/types\/product"}],"wp:featuredmedia":[{"embeddable":true,"href":"https:\/\/www.booksonthemove.fr\/en\/wp-json\/wp\/v2\/media\/37088"}],"wp:attachment":[{"href":"https:\/\/www.booksonthemove.fr\/en\/wp-json\/wp\/v2\/media?parent=37089"}],"wp:term":[{"taxonomy":"product_brand","embeddable":true,"href":"https:\/\/www.booksonthemove.fr\/en\/wp-json\/wp\/v2\/product_brand?post=37089"},{"taxonomy":"product_cat","embeddable":true,"href":"https:\/\/www.booksonthemove.fr\/en\/wp-json\/wp\/v2\/product_cat?post=37089"},{"taxonomy":"product_tag","embeddable":true,"href":"https:\/\/www.booksonthemove.fr\/en\/wp-json\/wp\/v2\/product_tag?post=37089"}],"curies":[{"name":"wp","href":"https:\/\/api.w.org\/{rel}","templated":true}]}}