{"id":37356,"date":"2023-07-12T15:58:02","date_gmt":"2023-07-12T13:58:02","guid":{"rendered":"https:\/\/www.booksonthemove.fr\/produit\/danses-dinterieur\/"},"modified":"2023-07-14T13:40:46","modified_gmt":"2023-07-14T11:40:46","slug":"danses-dinterieur","status":"publish","type":"product","link":"https:\/\/www.booksonthemove.fr\/en\/produit\/danses-dinterieur\/","title":{"rendered":"Danses d&#8217;int\u00e9rieur"},"content":{"rendered":"<p>\u00ab <em>Une danse d\u2019int\u00e9rieur na\u00eet de la rencontre entre un corps en mouvement, un habitat, celles et ceux qui y vivent. Tout y participe : nos regards, l\u2019humeur du jour, les mesures de la pi\u00e8ce. On ne bouge pas les meubles car il n\u2019y a pas besoin de place. Je viens sans costume ni musique.<\/em> \u00bb<\/p>\n<p>(Une danse d\u2019int\u00e9rieur s\u2019adresse \u00e0 une seule personne, une famille, rarement une assembl\u00e9e. Elle a lieu dans des maisons individuelles, des chambres d\u2019h\u00f4pitaux, des maisons de retraite, des bureaux, dans les recoins d\u2019un jardin ou d\u2019un local associatif.<\/p>\n<p>Sa dur\u00e9e est variable : de 10 minutes \u00e0 une heure suivie d\u2019une discussion.<\/p>\n<p>Elle est propos\u00e9e gratuitement \u00e0 celles et ceux qui m\u2019accueillent. Ma r\u00e9mun\u00e9ration d\u00e9pend d\u2019une structure de diffusion qui choisit les destinataires de ces danses en fonction des relations de voisinage qu\u2019elle souhaite tisser.)<\/p>\n<p>En 2016, apr\u00e8s quelques ann\u00e9es de d\u00e9veloppement d\u2019une activit\u00e9 de chor\u00e9graphe, interpr\u00e8te et improvisatrice, Lotus Edd\u00e9 Khouri initie le dispositif radical de ce qui deviendra l\u2019un de ses p\u00f4les d\u2019implication privil\u00e9gi\u00e9s pour les ann\u00e9es qui suivront : la Danse d\u2019int\u00e9rieur.<\/p>\n<p>Issue d\u2019une pratique soutenue et \u00e9minemment intime (le domicile comme lieu d\u2019exp\u00e9rimentation et de r\u00e9p\u00e9tition, avec la solitude et les contraintes d\u2019espace aff\u00e9rentes), les danses d\u2019int\u00e9rieur se sont donc d\u2019abord \u00e9tablies comme un d\u00e9placement de cette intimit\u00e9 (de la sienne propre \u00e0 celle d\u2019inconnus), autant que comme moyen de ne pas \u00e9puiser ce rapport sp\u00e9cifique \u00e0 la danse, mais au contraire de le questionner, de l\u2019endurer, de le fa\u00e7onner, et d\u2019en exp\u00e9rimenter plus avant les usages possibles.<\/p>\n<p>Apr\u00e8s chaque intervention, Lotus Edd\u00e9 Khouri a r\u00e9alis\u00e9 un relev\u00e9 \u00e9crit et dessin\u00e9 r\u00e9v\u00e9lant ou interrogeant un ou plusieurs aspects de la situation in\u00e9dite construite selon les contraintes et ouvertures sp\u00e9cifiques du lieu et du public impliqu\u00e9s.<\/p>\n<p>Le syst\u00e9matisme r\u00e9p\u00e9titif de ce protocole fait alors \u00e9merger, via l\u2019accumulation, le hasard des circonstances, et la variation des modalit\u00e9s d\u2019attention que l\u2019artiste porte aux contingences, un panorama remarquablement dense de r\u00e9flexions et de t\u00e9moignages sensibles centr\u00e9s sur la pratique artistique en tant que telle, mais tout autant sur sa part sociale, riche d\u2019interp\u00e9n\u00e9trations.<\/p>\n<p><em>Danses d\u2019int\u00e9rieur<\/em> t\u00e9moigne ainsi, au plus pr\u00e8s, de ce qu\u2019engage l\u2019exposition sans filet devant un public dont l\u2019int\u00e9r\u00eat pr\u00e9alable n\u2019est jamais acquis. Misant sur une attention aff\u00fbt\u00e9e \u00e0 chaque d\u00e9tail, c\u2019est autant sur l\u2019intensit\u00e9 d\u2019une prise de risque continue que via l\u2019ancrage sur les alt\u00e9rit\u00e9s en pr\u00e9sence que repose la puissance \u00e9minemment singuli\u00e8re de cette pratique.<\/p>\n<p>L\u2019adjonction d\u2019une performance film\u00e9e, tentative de transposition de cette somme d\u2019exp\u00e9riences dans le cadre du studio, ach\u00e8ve d\u2019inscrire l\u2019ouvrage dans une perspective r\u00e9flexive plurielle, o\u00f9 le corps aura travaill\u00e9 avec le texte et la parole (celle de l\u2019artiste, celle du public), autant que le dessin se sera \u00e9labor\u00e9 avec les lieux et le mouvement.<\/p>\n","protected":false},"excerpt":{"rendered":"<p><b>AUTEURE : <\/b>Lotus Edd\u00e9 Khouri<br \/>\n<b>EDITEUR : <\/b>Adverse (2023)<\/p>\n<p><strong>RELIURE SPIRALE :<\/strong>\u00a0170 pages + film<br \/>\n<b>LANGUE : <\/b>Fran\u00e7ais<br \/>\n<strong>ISBN13 :<\/strong> 979-10-95922-54-4<\/p>\n","protected":false},"featured_media":37351,"template":"","meta":[],"product_brand":[],"product_cat":[157,208,162,138,139],"product_tag":[],"class_list":{"0":"post-37356","1":"product","2":"type-product","3":"status-publish","4":"has-post-thumbnail","6":"product_cat-artists-writings-en","7":"product_cat-public-space-en","8":"product_cat-french-en","9":"product_cat-improvisation-en","10":"product_cat-work-process-en","12":"first","13":"instock","14":"taxable","15":"shipping-taxable","16":"purchasable","17":"product-type-simple"},"yoast_head":"<!-- This site is optimized with the Yoast SEO plugin v27.5 - https:\/\/yoast.com\/product\/yoast-seo-wordpress\/ -->\n<title>Danses d&#039;int\u00e9rieur - Books on the Move<\/title>\n<meta name=\"robots\" content=\"index, follow, max-snippet:-1, max-image-preview:large, max-video-preview:-1\" \/>\n<link rel=\"canonical\" href=\"https:\/\/www.booksonthemove.fr\/produit\/danses-dinterieur\/\" \/>\n<meta property=\"og:locale\" content=\"en_US\" \/>\n<meta property=\"og:type\" content=\"article\" \/>\n<meta property=\"og:title\" content=\"Danses d&#039;int\u00e9rieur - Books on the Move\" \/>\n<meta property=\"og:description\" content=\"AUTEURE : Lotus Edd\u00e9 Khouri EDITEUR : Adverse (2023)  RELIURE SPIRALE :\u00a0170 pages + film LANGUE : Fran\u00e7ais ISBN13 : 979-10-95922-54-4\" \/>\n<meta property=\"og:url\" content=\"https:\/\/www.booksonthemove.fr\/produit\/danses-dinterieur\/\" \/>\n<meta property=\"og:site_name\" content=\"Books on the Move\" \/>\n<meta property=\"article:publisher\" content=\"https:\/\/www.facebook.com\/Librairiebooksonthemove\/\" \/>\n<meta property=\"article:modified_time\" content=\"2023-07-14T11:40:46+00:00\" \/>\n<meta property=\"og:image\" content=\"https:\/\/www.booksonthemove.fr\/media\/bom_2615.png\" \/>\n\t<meta property=\"og:image:width\" content=\"900\" \/>\n\t<meta property=\"og:image:height\" content=\"1044\" \/>\n\t<meta property=\"og:image:type\" content=\"image\/png\" \/>\n<meta name=\"twitter:card\" content=\"summary_large_image\" \/>\n<script type=\"application\/ld+json\" class=\"yoast-schema-graph\">{\"@context\":\"https:\\\/\\\/schema.org\",\"@graph\":[{\"@type\":\"WebPage\",\"@id\":\"https:\\\/\\\/www.booksonthemove.fr\\\/produit\\\/danses-dinterieur\\\/\",\"url\":\"https:\\\/\\\/www.booksonthemove.fr\\\/produit\\\/danses-dinterieur\\\/\",\"name\":\"Danses d'int\u00e9rieur - Books on the Move\",\"isPartOf\":{\"@id\":\"https:\\\/\\\/www.booksonthemove.fr\\\/#website\"},\"primaryImageOfPage\":{\"@id\":\"https:\\\/\\\/www.booksonthemove.fr\\\/produit\\\/danses-dinterieur\\\/#primaryimage\"},\"image\":{\"@id\":\"https:\\\/\\\/www.booksonthemove.fr\\\/produit\\\/danses-dinterieur\\\/#primaryimage\"},\"thumbnailUrl\":\"https:\\\/\\\/www.booksonthemove.fr\\\/media\\\/bom_2615.png\",\"datePublished\":\"2023-07-12T13:58:02+00:00\",\"dateModified\":\"2023-07-14T11:40:46+00:00\",\"breadcrumb\":{\"@id\":\"https:\\\/\\\/www.booksonthemove.fr\\\/produit\\\/danses-dinterieur\\\/#breadcrumb\"},\"inLanguage\":\"en-US\",\"potentialAction\":[{\"@type\":\"ReadAction\",\"target\":[\"https:\\\/\\\/www.booksonthemove.fr\\\/produit\\\/danses-dinterieur\\\/\"]}]},{\"@type\":\"ImageObject\",\"inLanguage\":\"en-US\",\"@id\":\"https:\\\/\\\/www.booksonthemove.fr\\\/produit\\\/danses-dinterieur\\\/#primaryimage\",\"url\":\"https:\\\/\\\/www.booksonthemove.fr\\\/media\\\/bom_2615.png\",\"contentUrl\":\"https:\\\/\\\/www.booksonthemove.fr\\\/media\\\/bom_2615.png\",\"width\":900,\"height\":1044},{\"@type\":\"BreadcrumbList\",\"@id\":\"https:\\\/\\\/www.booksonthemove.fr\\\/produit\\\/danses-dinterieur\\\/#breadcrumb\",\"itemListElement\":[{\"@type\":\"ListItem\",\"position\":1,\"name\":\"Accueil\",\"item\":\"https:\\\/\\\/www.booksonthemove.fr\\\/en\\\/\"},{\"@type\":\"ListItem\",\"position\":2,\"name\":\"online store\",\"item\":\"https:\\\/\\\/www.booksonthemove.fr\\\/en\\\/online-shop\\\/\"},{\"@type\":\"ListItem\",\"position\":3,\"name\":\"Danses d&rsquo;int\u00e9rieur\"}]},{\"@type\":\"WebSite\",\"@id\":\"https:\\\/\\\/www.booksonthemove.fr\\\/#website\",\"url\":\"https:\\\/\\\/www.booksonthemove.fr\\\/\",\"name\":\"Books on the Move\",\"description\":\"librairie nomade - danse - mouvement - performance\",\"publisher\":{\"@id\":\"https:\\\/\\\/www.booksonthemove.fr\\\/#organization\"},\"potentialAction\":[{\"@type\":\"SearchAction\",\"target\":{\"@type\":\"EntryPoint\",\"urlTemplate\":\"https:\\\/\\\/www.booksonthemove.fr\\\/?s={search_term_string}\"},\"query-input\":{\"@type\":\"PropertyValueSpecification\",\"valueRequired\":true,\"valueName\":\"search_term_string\"}}],\"inLanguage\":\"en-US\"},{\"@type\":\"Organization\",\"@id\":\"https:\\\/\\\/www.booksonthemove.fr\\\/#organization\",\"name\":\"Books on the Move\",\"url\":\"https:\\\/\\\/www.booksonthemove.fr\\\/\",\"logo\":{\"@type\":\"ImageObject\",\"inLanguage\":\"en-US\",\"@id\":\"https:\\\/\\\/www.booksonthemove.fr\\\/#\\\/schema\\\/logo\\\/image\\\/\",\"url\":\"https:\\\/\\\/www.booksonthemove.fr\\\/media\\\/logo-NB-400.jpg\",\"contentUrl\":\"https:\\\/\\\/www.booksonthemove.fr\\\/media\\\/logo-NB-400.jpg\",\"width\":400,\"height\":143,\"caption\":\"Books on the Move\"},\"image\":{\"@id\":\"https:\\\/\\\/www.booksonthemove.fr\\\/#\\\/schema\\\/logo\\\/image\\\/\"},\"sameAs\":[\"https:\\\/\\\/www.facebook.com\\\/Librairiebooksonthemove\\\/\"]}]}<\/script>\n<!-- \/ Yoast SEO plugin. -->","yoast_head_json":{"title":"Danses d'int\u00e9rieur - Books on the Move","robots":{"index":"index","follow":"follow","max-snippet":"max-snippet:-1","max-image-preview":"max-image-preview:large","max-video-preview":"max-video-preview:-1"},"canonical":"https:\/\/www.booksonthemove.fr\/produit\/danses-dinterieur\/","og_locale":"en_US","og_type":"article","og_title":"Danses d'int\u00e9rieur - Books on the Move","og_description":"AUTEURE : Lotus Edd\u00e9 Khouri EDITEUR : Adverse (2023)  RELIURE SPIRALE :\u00a0170 pages + film LANGUE : Fran\u00e7ais ISBN13 : 979-10-95922-54-4","og_url":"https:\/\/www.booksonthemove.fr\/produit\/danses-dinterieur\/","og_site_name":"Books on the Move","article_publisher":"https:\/\/www.facebook.com\/Librairiebooksonthemove\/","article_modified_time":"2023-07-14T11:40:46+00:00","og_image":[{"width":900,"height":1044,"url":"https:\/\/www.booksonthemove.fr\/media\/bom_2615.png","type":"image\/png"}],"twitter_card":"summary_large_image","schema":{"@context":"https:\/\/schema.org","@graph":[{"@type":"WebPage","@id":"https:\/\/www.booksonthemove.fr\/produit\/danses-dinterieur\/","url":"https:\/\/www.booksonthemove.fr\/produit\/danses-dinterieur\/","name":"Danses d'int\u00e9rieur - Books on the Move","isPartOf":{"@id":"https:\/\/www.booksonthemove.fr\/#website"},"primaryImageOfPage":{"@id":"https:\/\/www.booksonthemove.fr\/produit\/danses-dinterieur\/#primaryimage"},"image":{"@id":"https:\/\/www.booksonthemove.fr\/produit\/danses-dinterieur\/#primaryimage"},"thumbnailUrl":"https:\/\/www.booksonthemove.fr\/media\/bom_2615.png","datePublished":"2023-07-12T13:58:02+00:00","dateModified":"2023-07-14T11:40:46+00:00","breadcrumb":{"@id":"https:\/\/www.booksonthemove.fr\/produit\/danses-dinterieur\/#breadcrumb"},"inLanguage":"en-US","potentialAction":[{"@type":"ReadAction","target":["https:\/\/www.booksonthemove.fr\/produit\/danses-dinterieur\/"]}]},{"@type":"ImageObject","inLanguage":"en-US","@id":"https:\/\/www.booksonthemove.fr\/produit\/danses-dinterieur\/#primaryimage","url":"https:\/\/www.booksonthemove.fr\/media\/bom_2615.png","contentUrl":"https:\/\/www.booksonthemove.fr\/media\/bom_2615.png","width":900,"height":1044},{"@type":"BreadcrumbList","@id":"https:\/\/www.booksonthemove.fr\/produit\/danses-dinterieur\/#breadcrumb","itemListElement":[{"@type":"ListItem","position":1,"name":"Accueil","item":"https:\/\/www.booksonthemove.fr\/en\/"},{"@type":"ListItem","position":2,"name":"online store","item":"https:\/\/www.booksonthemove.fr\/en\/online-shop\/"},{"@type":"ListItem","position":3,"name":"Danses d&rsquo;int\u00e9rieur"}]},{"@type":"WebSite","@id":"https:\/\/www.booksonthemove.fr\/#website","url":"https:\/\/www.booksonthemove.fr\/","name":"Books on the Move","description":"librairie nomade - danse - mouvement - performance","publisher":{"@id":"https:\/\/www.booksonthemove.fr\/#organization"},"potentialAction":[{"@type":"SearchAction","target":{"@type":"EntryPoint","urlTemplate":"https:\/\/www.booksonthemove.fr\/?s={search_term_string}"},"query-input":{"@type":"PropertyValueSpecification","valueRequired":true,"valueName":"search_term_string"}}],"inLanguage":"en-US"},{"@type":"Organization","@id":"https:\/\/www.booksonthemove.fr\/#organization","name":"Books on the Move","url":"https:\/\/www.booksonthemove.fr\/","logo":{"@type":"ImageObject","inLanguage":"en-US","@id":"https:\/\/www.booksonthemove.fr\/#\/schema\/logo\/image\/","url":"https:\/\/www.booksonthemove.fr\/media\/logo-NB-400.jpg","contentUrl":"https:\/\/www.booksonthemove.fr\/media\/logo-NB-400.jpg","width":400,"height":143,"caption":"Books on the Move"},"image":{"@id":"https:\/\/www.booksonthemove.fr\/#\/schema\/logo\/image\/"},"sameAs":["https:\/\/www.facebook.com\/Librairiebooksonthemove\/"]}]}},"_links":{"self":[{"href":"https:\/\/www.booksonthemove.fr\/en\/wp-json\/wp\/v2\/product\/37356","targetHints":{"allow":["GET"]}}],"collection":[{"href":"https:\/\/www.booksonthemove.fr\/en\/wp-json\/wp\/v2\/product"}],"about":[{"href":"https:\/\/www.booksonthemove.fr\/en\/wp-json\/wp\/v2\/types\/product"}],"wp:featuredmedia":[{"embeddable":true,"href":"https:\/\/www.booksonthemove.fr\/en\/wp-json\/wp\/v2\/media\/37351"}],"wp:attachment":[{"href":"https:\/\/www.booksonthemove.fr\/en\/wp-json\/wp\/v2\/media?parent=37356"}],"wp:term":[{"taxonomy":"product_brand","embeddable":true,"href":"https:\/\/www.booksonthemove.fr\/en\/wp-json\/wp\/v2\/product_brand?post=37356"},{"taxonomy":"product_cat","embeddable":true,"href":"https:\/\/www.booksonthemove.fr\/en\/wp-json\/wp\/v2\/product_cat?post=37356"},{"taxonomy":"product_tag","embeddable":true,"href":"https:\/\/www.booksonthemove.fr\/en\/wp-json\/wp\/v2\/product_tag?post=37356"}],"curies":[{"name":"wp","href":"https:\/\/api.w.org\/{rel}","templated":true}]}}