{"id":37472,"date":"2023-07-18T15:44:19","date_gmt":"2023-07-18T13:44:19","guid":{"rendered":"https:\/\/www.booksonthemove.fr\/produit\/les-cahiers-du-son\/"},"modified":"2023-08-17T17:03:32","modified_gmt":"2023-08-17T15:03:32","slug":"les-cahiers-du-son","status":"publish","type":"product","link":"https:\/\/www.booksonthemove.fr\/en\/produit\/les-cahiers-du-son\/","title":{"rendered":"Les Cahiers du son"},"content":{"rendered":"<p>Document sur <em>Les Journ\u00e9es du son<\/em> &#8211; \u00c9cole nationale sup\u00e9rieure d&#8217;art Bourges, 27-29 avril 2022.<\/p>\n<p>Au regard de la programmation historique d\u2019\u0153uvres d\u2019art sonore, notamment dans le cadre de sa galerie La Box, l\u2019\u00c9cole nationale sup\u00e9rieure d\u2019art de Bourges a, depuis plus de trente ans, r\u00e9guli\u00e8rement consid\u00e9r\u00e9 la musique, le son, le bruit, le silence ou la voix comme des objets de recherche artistique, visuelle ou plasticienne. Aussi, forte de ses multiples ateliers et collaborations entre professeur.e.s, et de ses nombreux projets d\u2019\u00e9tudiant.e.s, l\u2019\u00c9cole nationale sup\u00e9rieure d\u2019art de Bourges a propos\u00e9, du 27 au 29\u00a0avril 2022, Les Journ\u00e9es du son, un \u00e9v\u00e9nement qui a pr\u00e9sent\u00e9 l\u2019\u00e9tat des lieux des diff\u00e9rentes pratiques sonores conduites, notamment, dans le cadre des ateliers p\u00e9dagogiques de l\u2019\u00c9cole, et des projets artistiques ou th\u00e9oriques de ses professeur.e.s. Les Cahiers du son en dressent l\u2019inventaire tout en invitant \u00e0 d\u00e9couvrir la stimulante inventivit\u00e9 qui, aujourd\u2019hui, anime la cr\u00e9ation sonore dans le champ des arts plastiques, et au sein d\u2019une \u00c9cole d\u2019art.<\/p>\n<p>Avec des propositions monographiques de\u00a0: Benjamin L.\u00a0Aman, Carla Beaumatin, Neal Beggs, \u00c9rik Bullot, Alexandre Castant, Ambre Charpagne, Florence Chevallier, C\u00e9cile Colle}{Ralf Nuhn, Magali Desbazeille, Ana\u00efs Dunn et St\u00e9phane Joly, Ferenc Gr\u00f3f, St\u00e9phanie Jamet, J\u00e9r\u00f4me Joy, Tatiana Komaroff, Aur\u00e9lien Krafft, LASSO (Association \u00e9tudiante de l\u2019\u00c9cole nationale sup\u00e9rieure d\u2019art de Bourges), Ingrid Luche, Jean-Michel Ponty, Myriam Pruvot, Punkte (post-dipl\u00f4me Arts &amp; cr\u00e9ations sonores), Nina Queissner, Sofia Quintero, Talla Thiam, Antonin Verhulst, Li Xinran et Sonia Gassemi, Liu Yaonan, Jonathan Zwaenepoel.<\/p>\n","protected":false},"excerpt":{"rendered":"<p><strong>AUTEUR\u00b7ES :<\/strong> Ouvrage collectif sous la coordination d&#8217;Alexandre Castant<br \/>\n<strong>\u00c9DITEUR :<\/strong> Naima (2023)<\/p>\n<p><strong>BROCH\u00c9 :<\/strong>\u00a0228 pages<br \/>\n<strong>LANGUE :<\/strong> Fran\u00e7ais<br \/>\n<strong>ISBN13 :<\/strong> 978-2-37440-181-2<\/p>\n","protected":false},"featured_media":37471,"template":"","meta":[],"product_brand":[],"product_cat":[215,162,283],"product_tag":[],"class_list":{"0":"post-37472","1":"product","2":"type-product","3":"status-publish","4":"has-post-thumbnail","6":"product_cat-symposiums-conferences-en","7":"product_cat-french-en","8":"product_cat-sound-art","10":"first","11":"instock","12":"taxable","13":"shipping-taxable","14":"purchasable","15":"product-type-simple"},"yoast_head":"<!-- This site is optimized with the Yoast SEO plugin v27.5 - https:\/\/yoast.com\/product\/yoast-seo-wordpress\/ -->\n<title>Les Cahiers du son - Books on the Move<\/title>\n<meta name=\"robots\" content=\"index, follow, max-snippet:-1, max-image-preview:large, max-video-preview:-1\" \/>\n<link rel=\"canonical\" href=\"https:\/\/www.booksonthemove.fr\/produit\/les-cahiers-du-son\/\" \/>\n<meta property=\"og:locale\" content=\"en_US\" \/>\n<meta property=\"og:type\" content=\"article\" \/>\n<meta property=\"og:title\" content=\"Les Cahiers du son - Books on the Move\" \/>\n<meta property=\"og:description\" content=\"AUTEUR\u00b7ES : Ouvrage collectif sous la coordination d&#039;Alexandre Castant \u00c9DITEUR : Naima (2023)  BROCH\u00c9 :\u00a0228 pages LANGUE : Fran\u00e7ais ISBN13 : 978-2-37440-181-2\" \/>\n<meta property=\"og:url\" content=\"https:\/\/www.booksonthemove.fr\/produit\/les-cahiers-du-son\/\" \/>\n<meta property=\"og:site_name\" content=\"Books on the Move\" \/>\n<meta property=\"article:publisher\" content=\"https:\/\/www.facebook.com\/Librairiebooksonthemove\/\" \/>\n<meta property=\"article:modified_time\" content=\"2023-08-17T15:03:32+00:00\" \/>\n<meta property=\"og:image\" content=\"https:\/\/www.booksonthemove.fr\/media\/bom_2593.png\" \/>\n\t<meta property=\"og:image:width\" content=\"900\" \/>\n\t<meta property=\"og:image:height\" content=\"1473\" \/>\n\t<meta property=\"og:image:type\" content=\"image\/png\" \/>\n<meta name=\"twitter:card\" content=\"summary_large_image\" \/>\n<script type=\"application\/ld+json\" class=\"yoast-schema-graph\">{\"@context\":\"https:\\\/\\\/schema.org\",\"@graph\":[{\"@type\":\"WebPage\",\"@id\":\"https:\\\/\\\/www.booksonthemove.fr\\\/produit\\\/les-cahiers-du-son\\\/\",\"url\":\"https:\\\/\\\/www.booksonthemove.fr\\\/produit\\\/les-cahiers-du-son\\\/\",\"name\":\"Les Cahiers du son - Books on the Move\",\"isPartOf\":{\"@id\":\"https:\\\/\\\/www.booksonthemove.fr\\\/#website\"},\"primaryImageOfPage\":{\"@id\":\"https:\\\/\\\/www.booksonthemove.fr\\\/produit\\\/les-cahiers-du-son\\\/#primaryimage\"},\"image\":{\"@id\":\"https:\\\/\\\/www.booksonthemove.fr\\\/produit\\\/les-cahiers-du-son\\\/#primaryimage\"},\"thumbnailUrl\":\"https:\\\/\\\/www.booksonthemove.fr\\\/media\\\/bom_2593.png\",\"datePublished\":\"2023-07-18T13:44:19+00:00\",\"dateModified\":\"2023-08-17T15:03:32+00:00\",\"breadcrumb\":{\"@id\":\"https:\\\/\\\/www.booksonthemove.fr\\\/produit\\\/les-cahiers-du-son\\\/#breadcrumb\"},\"inLanguage\":\"en-US\",\"potentialAction\":[{\"@type\":\"ReadAction\",\"target\":[\"https:\\\/\\\/www.booksonthemove.fr\\\/produit\\\/les-cahiers-du-son\\\/\"]}]},{\"@type\":\"ImageObject\",\"inLanguage\":\"en-US\",\"@id\":\"https:\\\/\\\/www.booksonthemove.fr\\\/produit\\\/les-cahiers-du-son\\\/#primaryimage\",\"url\":\"https:\\\/\\\/www.booksonthemove.fr\\\/media\\\/bom_2593.png\",\"contentUrl\":\"https:\\\/\\\/www.booksonthemove.fr\\\/media\\\/bom_2593.png\",\"width\":900,\"height\":1473},{\"@type\":\"BreadcrumbList\",\"@id\":\"https:\\\/\\\/www.booksonthemove.fr\\\/produit\\\/les-cahiers-du-son\\\/#breadcrumb\",\"itemListElement\":[{\"@type\":\"ListItem\",\"position\":1,\"name\":\"Accueil\",\"item\":\"https:\\\/\\\/www.booksonthemove.fr\\\/en\\\/\"},{\"@type\":\"ListItem\",\"position\":2,\"name\":\"online store\",\"item\":\"https:\\\/\\\/www.booksonthemove.fr\\\/en\\\/online-shop\\\/\"},{\"@type\":\"ListItem\",\"position\":3,\"name\":\"Les Cahiers du son\"}]},{\"@type\":\"WebSite\",\"@id\":\"https:\\\/\\\/www.booksonthemove.fr\\\/#website\",\"url\":\"https:\\\/\\\/www.booksonthemove.fr\\\/\",\"name\":\"Books on the Move\",\"description\":\"librairie nomade - danse - mouvement - performance\",\"publisher\":{\"@id\":\"https:\\\/\\\/www.booksonthemove.fr\\\/#organization\"},\"potentialAction\":[{\"@type\":\"SearchAction\",\"target\":{\"@type\":\"EntryPoint\",\"urlTemplate\":\"https:\\\/\\\/www.booksonthemove.fr\\\/?s={search_term_string}\"},\"query-input\":{\"@type\":\"PropertyValueSpecification\",\"valueRequired\":true,\"valueName\":\"search_term_string\"}}],\"inLanguage\":\"en-US\"},{\"@type\":\"Organization\",\"@id\":\"https:\\\/\\\/www.booksonthemove.fr\\\/#organization\",\"name\":\"Books on the Move\",\"url\":\"https:\\\/\\\/www.booksonthemove.fr\\\/\",\"logo\":{\"@type\":\"ImageObject\",\"inLanguage\":\"en-US\",\"@id\":\"https:\\\/\\\/www.booksonthemove.fr\\\/#\\\/schema\\\/logo\\\/image\\\/\",\"url\":\"https:\\\/\\\/www.booksonthemove.fr\\\/media\\\/logo-NB-400.jpg\",\"contentUrl\":\"https:\\\/\\\/www.booksonthemove.fr\\\/media\\\/logo-NB-400.jpg\",\"width\":400,\"height\":143,\"caption\":\"Books on the Move\"},\"image\":{\"@id\":\"https:\\\/\\\/www.booksonthemove.fr\\\/#\\\/schema\\\/logo\\\/image\\\/\"},\"sameAs\":[\"https:\\\/\\\/www.facebook.com\\\/Librairiebooksonthemove\\\/\"]}]}<\/script>\n<!-- \/ Yoast SEO plugin. -->","yoast_head_json":{"title":"Les Cahiers du son - Books on the Move","robots":{"index":"index","follow":"follow","max-snippet":"max-snippet:-1","max-image-preview":"max-image-preview:large","max-video-preview":"max-video-preview:-1"},"canonical":"https:\/\/www.booksonthemove.fr\/produit\/les-cahiers-du-son\/","og_locale":"en_US","og_type":"article","og_title":"Les Cahiers du son - Books on the Move","og_description":"AUTEUR\u00b7ES : Ouvrage collectif sous la coordination d'Alexandre Castant \u00c9DITEUR : Naima (2023)  BROCH\u00c9 :\u00a0228 pages LANGUE : Fran\u00e7ais ISBN13 : 978-2-37440-181-2","og_url":"https:\/\/www.booksonthemove.fr\/produit\/les-cahiers-du-son\/","og_site_name":"Books on the Move","article_publisher":"https:\/\/www.facebook.com\/Librairiebooksonthemove\/","article_modified_time":"2023-08-17T15:03:32+00:00","og_image":[{"width":900,"height":1473,"url":"https:\/\/www.booksonthemove.fr\/media\/bom_2593.png","type":"image\/png"}],"twitter_card":"summary_large_image","schema":{"@context":"https:\/\/schema.org","@graph":[{"@type":"WebPage","@id":"https:\/\/www.booksonthemove.fr\/produit\/les-cahiers-du-son\/","url":"https:\/\/www.booksonthemove.fr\/produit\/les-cahiers-du-son\/","name":"Les Cahiers du son - Books on the Move","isPartOf":{"@id":"https:\/\/www.booksonthemove.fr\/#website"},"primaryImageOfPage":{"@id":"https:\/\/www.booksonthemove.fr\/produit\/les-cahiers-du-son\/#primaryimage"},"image":{"@id":"https:\/\/www.booksonthemove.fr\/produit\/les-cahiers-du-son\/#primaryimage"},"thumbnailUrl":"https:\/\/www.booksonthemove.fr\/media\/bom_2593.png","datePublished":"2023-07-18T13:44:19+00:00","dateModified":"2023-08-17T15:03:32+00:00","breadcrumb":{"@id":"https:\/\/www.booksonthemove.fr\/produit\/les-cahiers-du-son\/#breadcrumb"},"inLanguage":"en-US","potentialAction":[{"@type":"ReadAction","target":["https:\/\/www.booksonthemove.fr\/produit\/les-cahiers-du-son\/"]}]},{"@type":"ImageObject","inLanguage":"en-US","@id":"https:\/\/www.booksonthemove.fr\/produit\/les-cahiers-du-son\/#primaryimage","url":"https:\/\/www.booksonthemove.fr\/media\/bom_2593.png","contentUrl":"https:\/\/www.booksonthemove.fr\/media\/bom_2593.png","width":900,"height":1473},{"@type":"BreadcrumbList","@id":"https:\/\/www.booksonthemove.fr\/produit\/les-cahiers-du-son\/#breadcrumb","itemListElement":[{"@type":"ListItem","position":1,"name":"Accueil","item":"https:\/\/www.booksonthemove.fr\/en\/"},{"@type":"ListItem","position":2,"name":"online store","item":"https:\/\/www.booksonthemove.fr\/en\/online-shop\/"},{"@type":"ListItem","position":3,"name":"Les Cahiers du son"}]},{"@type":"WebSite","@id":"https:\/\/www.booksonthemove.fr\/#website","url":"https:\/\/www.booksonthemove.fr\/","name":"Books on the Move","description":"librairie nomade - danse - mouvement - performance","publisher":{"@id":"https:\/\/www.booksonthemove.fr\/#organization"},"potentialAction":[{"@type":"SearchAction","target":{"@type":"EntryPoint","urlTemplate":"https:\/\/www.booksonthemove.fr\/?s={search_term_string}"},"query-input":{"@type":"PropertyValueSpecification","valueRequired":true,"valueName":"search_term_string"}}],"inLanguage":"en-US"},{"@type":"Organization","@id":"https:\/\/www.booksonthemove.fr\/#organization","name":"Books on the Move","url":"https:\/\/www.booksonthemove.fr\/","logo":{"@type":"ImageObject","inLanguage":"en-US","@id":"https:\/\/www.booksonthemove.fr\/#\/schema\/logo\/image\/","url":"https:\/\/www.booksonthemove.fr\/media\/logo-NB-400.jpg","contentUrl":"https:\/\/www.booksonthemove.fr\/media\/logo-NB-400.jpg","width":400,"height":143,"caption":"Books on the Move"},"image":{"@id":"https:\/\/www.booksonthemove.fr\/#\/schema\/logo\/image\/"},"sameAs":["https:\/\/www.facebook.com\/Librairiebooksonthemove\/"]}]}},"_links":{"self":[{"href":"https:\/\/www.booksonthemove.fr\/en\/wp-json\/wp\/v2\/product\/37472","targetHints":{"allow":["GET"]}}],"collection":[{"href":"https:\/\/www.booksonthemove.fr\/en\/wp-json\/wp\/v2\/product"}],"about":[{"href":"https:\/\/www.booksonthemove.fr\/en\/wp-json\/wp\/v2\/types\/product"}],"wp:featuredmedia":[{"embeddable":true,"href":"https:\/\/www.booksonthemove.fr\/en\/wp-json\/wp\/v2\/media\/37471"}],"wp:attachment":[{"href":"https:\/\/www.booksonthemove.fr\/en\/wp-json\/wp\/v2\/media?parent=37472"}],"wp:term":[{"taxonomy":"product_brand","embeddable":true,"href":"https:\/\/www.booksonthemove.fr\/en\/wp-json\/wp\/v2\/product_brand?post=37472"},{"taxonomy":"product_cat","embeddable":true,"href":"https:\/\/www.booksonthemove.fr\/en\/wp-json\/wp\/v2\/product_cat?post=37472"},{"taxonomy":"product_tag","embeddable":true,"href":"https:\/\/www.booksonthemove.fr\/en\/wp-json\/wp\/v2\/product_tag?post=37472"}],"curies":[{"name":"wp","href":"https:\/\/api.w.org\/{rel}","templated":true}]}}