{"id":37543,"date":"2023-07-21T22:42:38","date_gmt":"2023-07-21T20:42:38","guid":{"rendered":"https:\/\/www.booksonthemove.fr\/produit\/contemporary-dance-in-india-today-la-danse-contemporaine-aujourdhui-en-inde\/"},"modified":"2024-09-03T14:41:57","modified_gmt":"2024-09-03T12:41:57","slug":"contemporary-dance-in-india-today-la-danse-contemporaine-aujourdhui-en-inde","status":"publish","type":"product","link":"https:\/\/www.booksonthemove.fr\/en\/produit\/contemporary-dance-in-india-today-la-danse-contemporaine-aujourdhui-en-inde\/","title":{"rendered":"Contemporary dance in India today &#8211; La danse contemporaine aujourd\u2019hui en Inde"},"content":{"rendered":"<div class=\"\">En 2017, Annette Leday a obtenu l&#8217;Aide \u00e0 la Recherche et au Patrimoine en Danse du CN D pour \u00e9tablir un \u00e9tat des lieux de la danse contemporaine en Inde.<\/div>\n<div class=\"\">D<span class=\"\">ans le cadre de ses recherches sur place en 2018 et 2019, Annette a r\u00e9alis\u00e9 une s\u00e9rie d\u2019entrevues film\u00e9es avec des chor\u00e9graphes de premier plan. C\u2019est le r\u00e9sultat de cette \u00e9tude qui est \u00e0 la base du pr\u00e9sent volume. Le livre pr\u00e9sente un regard sur\u00a0<\/span>les d\u00e9veloppements passionnants de la danse contemporaine en Inde au travers des t\u00e9moignages de<span class=\"\"> personnalit\u00e9s engag\u00e9es dans un renouvellement des traditions ainsi que des artistes de la nouvelle g\u00e9n\u00e9ration ouverts sur le monde et ses nombreuses techniques corporelles dans\u00e9es. <\/span><\/div>\n<div>Apr\u00e8s deux chapitres sur la g\u00e9ographie du sous-continent et sur l\u2019histoire des fondateurs de la danse moderne en Inde au XXe si\u00e8cle, le troisi\u00e8me chapitre traite du travail cr\u00e9atif actuel de vingt-sept chor\u00e9graphes indiens. Le chapitre quatre aborde les th\u00e8mes chor\u00e9graphiques qu\u2019ils questionnent, en particulier la recherche d\u2019une identit\u00e9 indienne singuli\u00e8re en tension avec les formes classiques de la danse et les influences occidentales. Tout au long de ces chapitres, une grande place est donn\u00e9e aux paroles des chor\u00e9graphes eux-m\u00eames. D\u2019autres chapitres &#8211; \u00ab Presse, critique et forums \u00bb, \u00ab enseignement et transmission \u00bb, \u00ab lieux et financement \u00bb, \u00ab contacts internationaux \u00bb, \u00ab perspectives \u00bb &#8211; compl\u00e8tent le panorama de la danse contemporaine en Inde.<\/p>\n<div><\/div>\n<div>\/<\/div>\n<div><\/div>\n<div>For many years, choreographer, director and translator Annette Leday has been developing an original approach to contemporary inter-cultural creation based on the traditions of dance and theatre in India and France. She went to India in 1978 to study Kathakali dance-theatre in Kerala at the Sadanam and Kalamandalam institutions. She took part in the performances of the two troupes in India and abroad. A graduate of the Paris Institute of Oriental Languages and Civilisations, she is fluent in Malayalam. Since 1989, she has directed the Annette Leday\/ Keli company for Indian and Western dancers, actors, musicians and visual artists. As part of the India Committee of the Maison Antoine Vitez in Paris, she recently initiated and participated in the French translation of seven contemporary Indian plays.<\/div>\n<\/div>\n","protected":false},"excerpt":{"rendered":"<p><strong>AUTEUR :<\/strong>\u00a0Annette Leday<br \/>\n<strong>EDITEUR :<\/strong> Goyal Publishers Delhi (2022)<\/p>\n<p><strong>BROCH\u00c9 :<\/strong>\u00a0220 pages<br \/>\n<strong>LANGUE :<\/strong> Fran\u00e7ais\/Anglais, French\/English<br \/>\n<strong>ISBN :<\/strong> 9789392512469<\/p>\n","protected":false},"featured_media":37542,"template":"","meta":[],"product_brand":[],"product_cat":[135,162,270],"product_tag":[],"class_list":{"0":"post-37543","1":"product","2":"type-product","3":"status-publish","4":"has-post-thumbnail","6":"product_cat-english-en","7":"product_cat-french-en","8":"product_cat-india","10":"first","11":"instock","12":"taxable","13":"shipping-taxable","14":"purchasable","15":"product-type-simple"},"yoast_head":"<!-- This site is optimized with the Yoast SEO plugin v27.5 - https:\/\/yoast.com\/product\/yoast-seo-wordpress\/ -->\n<title>Contemporary dance in India today - La danse contemporaine aujourd\u2019hui en Inde - Books on the Move<\/title>\n<meta name=\"robots\" content=\"index, follow, max-snippet:-1, max-image-preview:large, max-video-preview:-1\" \/>\n<link rel=\"canonical\" href=\"https:\/\/www.booksonthemove.fr\/en\/produit\/contemporary-dance-in-india-today-la-danse-contemporaine-aujourdhui-en-inde\/\" \/>\n<meta property=\"og:locale\" content=\"en_US\" \/>\n<meta property=\"og:type\" content=\"article\" \/>\n<meta property=\"og:title\" content=\"Contemporary dance in India today - La danse contemporaine aujourd\u2019hui en Inde - Books on the Move\" \/>\n<meta property=\"og:description\" content=\"AUTEUR :\u00a0Annette Leday EDITEUR : Goyal Publishers Delhi (2022)  BROCH\u00c9 :\u00a0220 pages LANGUE : Fran\u00e7ais\/Anglais, French\/English ISBN : 9789392512469\" \/>\n<meta property=\"og:url\" content=\"https:\/\/www.booksonthemove.fr\/en\/produit\/contemporary-dance-in-india-today-la-danse-contemporaine-aujourdhui-en-inde\/\" \/>\n<meta property=\"og:site_name\" content=\"Books on the Move\" \/>\n<meta property=\"article:publisher\" content=\"https:\/\/www.facebook.com\/Librairiebooksonthemove\/\" \/>\n<meta property=\"article:modified_time\" content=\"2024-09-03T12:41:57+00:00\" \/>\n<meta property=\"og:image\" content=\"https:\/\/www.booksonthemove.fr\/media\/bom_2636.webp\" \/>\n\t<meta property=\"og:image:width\" content=\"640\" \/>\n\t<meta property=\"og:image:height\" content=\"917\" \/>\n\t<meta property=\"og:image:type\" content=\"image\/webp\" \/>\n<meta name=\"twitter:card\" content=\"summary_large_image\" \/>\n<script type=\"application\/ld+json\" class=\"yoast-schema-graph\">{\"@context\":\"https:\\\/\\\/schema.org\",\"@graph\":[{\"@type\":\"WebPage\",\"@id\":\"https:\\\/\\\/www.booksonthemove.fr\\\/en\\\/produit\\\/contemporary-dance-in-india-today-la-danse-contemporaine-aujourdhui-en-inde\\\/\",\"url\":\"https:\\\/\\\/www.booksonthemove.fr\\\/en\\\/produit\\\/contemporary-dance-in-india-today-la-danse-contemporaine-aujourdhui-en-inde\\\/\",\"name\":\"Contemporary dance in India today - La danse contemporaine aujourd\u2019hui en Inde - Books on the Move\",\"isPartOf\":{\"@id\":\"https:\\\/\\\/www.booksonthemove.fr\\\/#website\"},\"primaryImageOfPage\":{\"@id\":\"https:\\\/\\\/www.booksonthemove.fr\\\/en\\\/produit\\\/contemporary-dance-in-india-today-la-danse-contemporaine-aujourdhui-en-inde\\\/#primaryimage\"},\"image\":{\"@id\":\"https:\\\/\\\/www.booksonthemove.fr\\\/en\\\/produit\\\/contemporary-dance-in-india-today-la-danse-contemporaine-aujourdhui-en-inde\\\/#primaryimage\"},\"thumbnailUrl\":\"https:\\\/\\\/www.booksonthemove.fr\\\/media\\\/bom_2636.webp\",\"datePublished\":\"2023-07-21T20:42:38+00:00\",\"dateModified\":\"2024-09-03T12:41:57+00:00\",\"breadcrumb\":{\"@id\":\"https:\\\/\\\/www.booksonthemove.fr\\\/en\\\/produit\\\/contemporary-dance-in-india-today-la-danse-contemporaine-aujourdhui-en-inde\\\/#breadcrumb\"},\"inLanguage\":\"en-US\",\"potentialAction\":[{\"@type\":\"ReadAction\",\"target\":[\"https:\\\/\\\/www.booksonthemove.fr\\\/en\\\/produit\\\/contemporary-dance-in-india-today-la-danse-contemporaine-aujourdhui-en-inde\\\/\"]}]},{\"@type\":\"ImageObject\",\"inLanguage\":\"en-US\",\"@id\":\"https:\\\/\\\/www.booksonthemove.fr\\\/en\\\/produit\\\/contemporary-dance-in-india-today-la-danse-contemporaine-aujourdhui-en-inde\\\/#primaryimage\",\"url\":\"https:\\\/\\\/www.booksonthemove.fr\\\/media\\\/bom_2636.webp\",\"contentUrl\":\"https:\\\/\\\/www.booksonthemove.fr\\\/media\\\/bom_2636.webp\",\"width\":640,\"height\":917},{\"@type\":\"BreadcrumbList\",\"@id\":\"https:\\\/\\\/www.booksonthemove.fr\\\/en\\\/produit\\\/contemporary-dance-in-india-today-la-danse-contemporaine-aujourdhui-en-inde\\\/#breadcrumb\",\"itemListElement\":[{\"@type\":\"ListItem\",\"position\":1,\"name\":\"Accueil\",\"item\":\"https:\\\/\\\/www.booksonthemove.fr\\\/en\\\/\"},{\"@type\":\"ListItem\",\"position\":2,\"name\":\"online store\",\"item\":\"https:\\\/\\\/www.booksonthemove.fr\\\/en\\\/online-shop\\\/\"},{\"@type\":\"ListItem\",\"position\":3,\"name\":\"Contemporary dance in India today &#8211; La danse contemporaine aujourd\u2019hui en Inde\"}]},{\"@type\":\"WebSite\",\"@id\":\"https:\\\/\\\/www.booksonthemove.fr\\\/#website\",\"url\":\"https:\\\/\\\/www.booksonthemove.fr\\\/\",\"name\":\"Books on the Move\",\"description\":\"librairie nomade - danse - mouvement - performance\",\"publisher\":{\"@id\":\"https:\\\/\\\/www.booksonthemove.fr\\\/#organization\"},\"potentialAction\":[{\"@type\":\"SearchAction\",\"target\":{\"@type\":\"EntryPoint\",\"urlTemplate\":\"https:\\\/\\\/www.booksonthemove.fr\\\/?s={search_term_string}\"},\"query-input\":{\"@type\":\"PropertyValueSpecification\",\"valueRequired\":true,\"valueName\":\"search_term_string\"}}],\"inLanguage\":\"en-US\"},{\"@type\":\"Organization\",\"@id\":\"https:\\\/\\\/www.booksonthemove.fr\\\/#organization\",\"name\":\"Books on the Move\",\"url\":\"https:\\\/\\\/www.booksonthemove.fr\\\/\",\"logo\":{\"@type\":\"ImageObject\",\"inLanguage\":\"en-US\",\"@id\":\"https:\\\/\\\/www.booksonthemove.fr\\\/#\\\/schema\\\/logo\\\/image\\\/\",\"url\":\"https:\\\/\\\/www.booksonthemove.fr\\\/media\\\/logo-NB-400.jpg\",\"contentUrl\":\"https:\\\/\\\/www.booksonthemove.fr\\\/media\\\/logo-NB-400.jpg\",\"width\":400,\"height\":143,\"caption\":\"Books on the Move\"},\"image\":{\"@id\":\"https:\\\/\\\/www.booksonthemove.fr\\\/#\\\/schema\\\/logo\\\/image\\\/\"},\"sameAs\":[\"https:\\\/\\\/www.facebook.com\\\/Librairiebooksonthemove\\\/\"]}]}<\/script>\n<!-- \/ Yoast SEO plugin. -->","yoast_head_json":{"title":"Contemporary dance in India today - La danse contemporaine aujourd\u2019hui en Inde - Books on the Move","robots":{"index":"index","follow":"follow","max-snippet":"max-snippet:-1","max-image-preview":"max-image-preview:large","max-video-preview":"max-video-preview:-1"},"canonical":"https:\/\/www.booksonthemove.fr\/en\/produit\/contemporary-dance-in-india-today-la-danse-contemporaine-aujourdhui-en-inde\/","og_locale":"en_US","og_type":"article","og_title":"Contemporary dance in India today - La danse contemporaine aujourd\u2019hui en Inde - Books on the Move","og_description":"AUTEUR :\u00a0Annette Leday EDITEUR : Goyal Publishers Delhi (2022)  BROCH\u00c9 :\u00a0220 pages LANGUE : Fran\u00e7ais\/Anglais, French\/English ISBN : 9789392512469","og_url":"https:\/\/www.booksonthemove.fr\/en\/produit\/contemporary-dance-in-india-today-la-danse-contemporaine-aujourdhui-en-inde\/","og_site_name":"Books on the Move","article_publisher":"https:\/\/www.facebook.com\/Librairiebooksonthemove\/","article_modified_time":"2024-09-03T12:41:57+00:00","og_image":[{"width":640,"height":917,"url":"https:\/\/www.booksonthemove.fr\/media\/bom_2636.webp","type":"image\/webp"}],"twitter_card":"summary_large_image","schema":{"@context":"https:\/\/schema.org","@graph":[{"@type":"WebPage","@id":"https:\/\/www.booksonthemove.fr\/en\/produit\/contemporary-dance-in-india-today-la-danse-contemporaine-aujourdhui-en-inde\/","url":"https:\/\/www.booksonthemove.fr\/en\/produit\/contemporary-dance-in-india-today-la-danse-contemporaine-aujourdhui-en-inde\/","name":"Contemporary dance in India today - La danse contemporaine aujourd\u2019hui en Inde - Books on the Move","isPartOf":{"@id":"https:\/\/www.booksonthemove.fr\/#website"},"primaryImageOfPage":{"@id":"https:\/\/www.booksonthemove.fr\/en\/produit\/contemporary-dance-in-india-today-la-danse-contemporaine-aujourdhui-en-inde\/#primaryimage"},"image":{"@id":"https:\/\/www.booksonthemove.fr\/en\/produit\/contemporary-dance-in-india-today-la-danse-contemporaine-aujourdhui-en-inde\/#primaryimage"},"thumbnailUrl":"https:\/\/www.booksonthemove.fr\/media\/bom_2636.webp","datePublished":"2023-07-21T20:42:38+00:00","dateModified":"2024-09-03T12:41:57+00:00","breadcrumb":{"@id":"https:\/\/www.booksonthemove.fr\/en\/produit\/contemporary-dance-in-india-today-la-danse-contemporaine-aujourdhui-en-inde\/#breadcrumb"},"inLanguage":"en-US","potentialAction":[{"@type":"ReadAction","target":["https:\/\/www.booksonthemove.fr\/en\/produit\/contemporary-dance-in-india-today-la-danse-contemporaine-aujourdhui-en-inde\/"]}]},{"@type":"ImageObject","inLanguage":"en-US","@id":"https:\/\/www.booksonthemove.fr\/en\/produit\/contemporary-dance-in-india-today-la-danse-contemporaine-aujourdhui-en-inde\/#primaryimage","url":"https:\/\/www.booksonthemove.fr\/media\/bom_2636.webp","contentUrl":"https:\/\/www.booksonthemove.fr\/media\/bom_2636.webp","width":640,"height":917},{"@type":"BreadcrumbList","@id":"https:\/\/www.booksonthemove.fr\/en\/produit\/contemporary-dance-in-india-today-la-danse-contemporaine-aujourdhui-en-inde\/#breadcrumb","itemListElement":[{"@type":"ListItem","position":1,"name":"Accueil","item":"https:\/\/www.booksonthemove.fr\/en\/"},{"@type":"ListItem","position":2,"name":"online store","item":"https:\/\/www.booksonthemove.fr\/en\/online-shop\/"},{"@type":"ListItem","position":3,"name":"Contemporary dance in India today &#8211; La danse contemporaine aujourd\u2019hui en Inde"}]},{"@type":"WebSite","@id":"https:\/\/www.booksonthemove.fr\/#website","url":"https:\/\/www.booksonthemove.fr\/","name":"Books on the Move","description":"librairie nomade - danse - mouvement - performance","publisher":{"@id":"https:\/\/www.booksonthemove.fr\/#organization"},"potentialAction":[{"@type":"SearchAction","target":{"@type":"EntryPoint","urlTemplate":"https:\/\/www.booksonthemove.fr\/?s={search_term_string}"},"query-input":{"@type":"PropertyValueSpecification","valueRequired":true,"valueName":"search_term_string"}}],"inLanguage":"en-US"},{"@type":"Organization","@id":"https:\/\/www.booksonthemove.fr\/#organization","name":"Books on the Move","url":"https:\/\/www.booksonthemove.fr\/","logo":{"@type":"ImageObject","inLanguage":"en-US","@id":"https:\/\/www.booksonthemove.fr\/#\/schema\/logo\/image\/","url":"https:\/\/www.booksonthemove.fr\/media\/logo-NB-400.jpg","contentUrl":"https:\/\/www.booksonthemove.fr\/media\/logo-NB-400.jpg","width":400,"height":143,"caption":"Books on the Move"},"image":{"@id":"https:\/\/www.booksonthemove.fr\/#\/schema\/logo\/image\/"},"sameAs":["https:\/\/www.facebook.com\/Librairiebooksonthemove\/"]}]}},"_links":{"self":[{"href":"https:\/\/www.booksonthemove.fr\/en\/wp-json\/wp\/v2\/product\/37543","targetHints":{"allow":["GET"]}}],"collection":[{"href":"https:\/\/www.booksonthemove.fr\/en\/wp-json\/wp\/v2\/product"}],"about":[{"href":"https:\/\/www.booksonthemove.fr\/en\/wp-json\/wp\/v2\/types\/product"}],"wp:featuredmedia":[{"embeddable":true,"href":"https:\/\/www.booksonthemove.fr\/en\/wp-json\/wp\/v2\/media\/37542"}],"wp:attachment":[{"href":"https:\/\/www.booksonthemove.fr\/en\/wp-json\/wp\/v2\/media?parent=37543"}],"wp:term":[{"taxonomy":"product_brand","embeddable":true,"href":"https:\/\/www.booksonthemove.fr\/en\/wp-json\/wp\/v2\/product_brand?post=37543"},{"taxonomy":"product_cat","embeddable":true,"href":"https:\/\/www.booksonthemove.fr\/en\/wp-json\/wp\/v2\/product_cat?post=37543"},{"taxonomy":"product_tag","embeddable":true,"href":"https:\/\/www.booksonthemove.fr\/en\/wp-json\/wp\/v2\/product_tag?post=37543"}],"curies":[{"name":"wp","href":"https:\/\/api.w.org\/{rel}","templated":true}]}}