{"id":38036,"date":"2023-08-23T18:29:09","date_gmt":"2023-08-23T16:29:09","guid":{"rendered":"https:\/\/www.booksonthemove.fr\/produit\/anthologie-transfem-1-ecrire-pour-les-soeurs\/"},"modified":"2023-10-31T16:31:25","modified_gmt":"2023-10-31T15:31:25","slug":"anthologie-transfem-1-ecrire-pour-les-soeurs","status":"publish","type":"product","link":"https:\/\/www.booksonthemove.fr\/en\/produit\/anthologie-transfem-1-ecrire-pour-les-soeurs\/","title":{"rendered":"Anthologie Transfem #1 &#8211; \u00c9crire pour les S\u0153urs"},"content":{"rendered":"<p>Ouvrage collectif avec les contributions de Louise Bihan, \u00c9l\u00e9a Brando, Julie Collet, Lizzie Crowdagger, Jeanne Dos, Anne Ferret, V\u00e9li Fenwar Champigneul, Gral, Melo, Paol\u00e9e, Manon Praline, Sasha Ralet, Joyce Rivi\u00e8re, Jeanne Salom\u00e9, Slania et Luz Volckmann.<br \/>\n\u00c9dit\u00e9 en collaboration avec AltFem.<\/p>\n<p>\u00c7a fait bien longtemps que les personnes transfem \u00e9crivent, qu\u2019on appelle \u00e7a litt\u00e9rature, po\u00e9sie, nouvelle, roman ou autre chose. Mais on dirait que ces derni\u00e8res ann\u00e9es, \u00e7a explose de toute part.<br \/>\nLes copines volent du temps au temps et n\u2019arr\u00eatent plus d\u2019\u00e9crire, dans l\u2019urgence et la pr\u00e9carit\u00e9, mais aussi dans la joie de partager leurs\/nos histoires, et de fracturer le monde cish\u00e9t\u00e9ropatriarcal.<\/p>\n","protected":false},"excerpt":{"rendered":"<p><b>AUTEUR\u00b7ES :\u00a0<\/b>Ouvrage collectif<br \/>\n<b><\/b><b>EDITEUR : <\/b>\u00c9ditions Les Grillages\u00a0(2023)<\/p>\n<p><strong>BROCH\u00c9 :<\/strong>\u00a0192 pages<br \/>\n<b>LANGUES : <\/b>fran\u00e7ais<br \/>\n<strong>ISBN13 :<\/strong> 978-2-9578582-1-7<\/p>\n","protected":false},"featured_media":38035,"template":"","meta":[],"product_brand":[],"product_cat":[226,162,715],"product_tag":[],"class_list":{"0":"post-38036","1":"product","2":"type-product","3":"status-publish","4":"has-post-thumbnail","6":"product_cat-anthologies-en","7":"product_cat-french-en","8":"product_cat-transfem-en","10":"first","11":"instock","12":"taxable","13":"shipping-taxable","14":"purchasable","15":"product-type-simple"},"yoast_head":"<!-- This site is optimized with the Yoast SEO plugin v27.5 - https:\/\/yoast.com\/product\/yoast-seo-wordpress\/ -->\n<title>Anthologie Transfem #1 - \u00c9crire pour les S\u0153urs - Books on the Move<\/title>\n<meta name=\"robots\" content=\"index, follow, max-snippet:-1, max-image-preview:large, max-video-preview:-1\" \/>\n<link rel=\"canonical\" href=\"https:\/\/www.booksonthemove.fr\/produit\/anthologie-transfem-1-ecrire-pour-les-soeurs\/\" \/>\n<meta property=\"og:locale\" content=\"en_US\" \/>\n<meta property=\"og:type\" content=\"article\" \/>\n<meta property=\"og:title\" content=\"Anthologie Transfem #1 - \u00c9crire pour les S\u0153urs - Books on the Move\" \/>\n<meta property=\"og:description\" content=\"AUTEUR\u00b7ES :\u00a0Ouvrage collectif EDITEUR : \u00c9ditions Les Grillages\u00a0(2023)  BROCH\u00c9 :\u00a0192 pages LANGUES : fran\u00e7ais ISBN13 : 978-2-9578582-1-7\" \/>\n<meta property=\"og:url\" content=\"https:\/\/www.booksonthemove.fr\/produit\/anthologie-transfem-1-ecrire-pour-les-soeurs\/\" \/>\n<meta property=\"og:site_name\" content=\"Books on the Move\" \/>\n<meta property=\"article:publisher\" content=\"https:\/\/www.facebook.com\/Librairiebooksonthemove\/\" \/>\n<meta property=\"article:modified_time\" content=\"2023-10-31T15:31:25+00:00\" \/>\n<meta property=\"og:image\" content=\"https:\/\/www.booksonthemove.fr\/media\/bom_2626.jpeg\" \/>\n\t<meta property=\"og:image:width\" content=\"785\" \/>\n\t<meta property=\"og:image:height\" content=\"1122\" \/>\n\t<meta property=\"og:image:type\" content=\"image\/jpeg\" \/>\n<meta name=\"twitter:card\" content=\"summary_large_image\" \/>\n<script type=\"application\/ld+json\" class=\"yoast-schema-graph\">{\"@context\":\"https:\\\/\\\/schema.org\",\"@graph\":[{\"@type\":\"WebPage\",\"@id\":\"https:\\\/\\\/www.booksonthemove.fr\\\/produit\\\/anthologie-transfem-1-ecrire-pour-les-soeurs\\\/\",\"url\":\"https:\\\/\\\/www.booksonthemove.fr\\\/produit\\\/anthologie-transfem-1-ecrire-pour-les-soeurs\\\/\",\"name\":\"Anthologie Transfem #1 - \u00c9crire pour les S\u0153urs - Books on the Move\",\"isPartOf\":{\"@id\":\"https:\\\/\\\/www.booksonthemove.fr\\\/#website\"},\"primaryImageOfPage\":{\"@id\":\"https:\\\/\\\/www.booksonthemove.fr\\\/produit\\\/anthologie-transfem-1-ecrire-pour-les-soeurs\\\/#primaryimage\"},\"image\":{\"@id\":\"https:\\\/\\\/www.booksonthemove.fr\\\/produit\\\/anthologie-transfem-1-ecrire-pour-les-soeurs\\\/#primaryimage\"},\"thumbnailUrl\":\"https:\\\/\\\/www.booksonthemove.fr\\\/media\\\/bom_2626.jpeg\",\"datePublished\":\"2023-08-23T16:29:09+00:00\",\"dateModified\":\"2023-10-31T15:31:25+00:00\",\"breadcrumb\":{\"@id\":\"https:\\\/\\\/www.booksonthemove.fr\\\/produit\\\/anthologie-transfem-1-ecrire-pour-les-soeurs\\\/#breadcrumb\"},\"inLanguage\":\"en-US\",\"potentialAction\":[{\"@type\":\"ReadAction\",\"target\":[\"https:\\\/\\\/www.booksonthemove.fr\\\/produit\\\/anthologie-transfem-1-ecrire-pour-les-soeurs\\\/\"]}]},{\"@type\":\"ImageObject\",\"inLanguage\":\"en-US\",\"@id\":\"https:\\\/\\\/www.booksonthemove.fr\\\/produit\\\/anthologie-transfem-1-ecrire-pour-les-soeurs\\\/#primaryimage\",\"url\":\"https:\\\/\\\/www.booksonthemove.fr\\\/media\\\/bom_2626.jpeg\",\"contentUrl\":\"https:\\\/\\\/www.booksonthemove.fr\\\/media\\\/bom_2626.jpeg\",\"width\":785,\"height\":1122},{\"@type\":\"BreadcrumbList\",\"@id\":\"https:\\\/\\\/www.booksonthemove.fr\\\/produit\\\/anthologie-transfem-1-ecrire-pour-les-soeurs\\\/#breadcrumb\",\"itemListElement\":[{\"@type\":\"ListItem\",\"position\":1,\"name\":\"Accueil\",\"item\":\"https:\\\/\\\/www.booksonthemove.fr\\\/en\\\/\"},{\"@type\":\"ListItem\",\"position\":2,\"name\":\"online store\",\"item\":\"https:\\\/\\\/www.booksonthemove.fr\\\/en\\\/online-shop\\\/\"},{\"@type\":\"ListItem\",\"position\":3,\"name\":\"Anthologie Transfem #1 &#8211; \u00c9crire pour les S\u0153urs\"}]},{\"@type\":\"WebSite\",\"@id\":\"https:\\\/\\\/www.booksonthemove.fr\\\/#website\",\"url\":\"https:\\\/\\\/www.booksonthemove.fr\\\/\",\"name\":\"Books on the Move\",\"description\":\"librairie nomade - danse - mouvement - performance\",\"publisher\":{\"@id\":\"https:\\\/\\\/www.booksonthemove.fr\\\/#organization\"},\"potentialAction\":[{\"@type\":\"SearchAction\",\"target\":{\"@type\":\"EntryPoint\",\"urlTemplate\":\"https:\\\/\\\/www.booksonthemove.fr\\\/?s={search_term_string}\"},\"query-input\":{\"@type\":\"PropertyValueSpecification\",\"valueRequired\":true,\"valueName\":\"search_term_string\"}}],\"inLanguage\":\"en-US\"},{\"@type\":\"Organization\",\"@id\":\"https:\\\/\\\/www.booksonthemove.fr\\\/#organization\",\"name\":\"Books on the Move\",\"url\":\"https:\\\/\\\/www.booksonthemove.fr\\\/\",\"logo\":{\"@type\":\"ImageObject\",\"inLanguage\":\"en-US\",\"@id\":\"https:\\\/\\\/www.booksonthemove.fr\\\/#\\\/schema\\\/logo\\\/image\\\/\",\"url\":\"https:\\\/\\\/www.booksonthemove.fr\\\/media\\\/logo-NB-400.jpg\",\"contentUrl\":\"https:\\\/\\\/www.booksonthemove.fr\\\/media\\\/logo-NB-400.jpg\",\"width\":400,\"height\":143,\"caption\":\"Books on the Move\"},\"image\":{\"@id\":\"https:\\\/\\\/www.booksonthemove.fr\\\/#\\\/schema\\\/logo\\\/image\\\/\"},\"sameAs\":[\"https:\\\/\\\/www.facebook.com\\\/Librairiebooksonthemove\\\/\"]}]}<\/script>\n<!-- \/ Yoast SEO plugin. -->","yoast_head_json":{"title":"Anthologie Transfem #1 - \u00c9crire pour les S\u0153urs - Books on the Move","robots":{"index":"index","follow":"follow","max-snippet":"max-snippet:-1","max-image-preview":"max-image-preview:large","max-video-preview":"max-video-preview:-1"},"canonical":"https:\/\/www.booksonthemove.fr\/produit\/anthologie-transfem-1-ecrire-pour-les-soeurs\/","og_locale":"en_US","og_type":"article","og_title":"Anthologie Transfem #1 - \u00c9crire pour les S\u0153urs - Books on the Move","og_description":"AUTEUR\u00b7ES :\u00a0Ouvrage collectif EDITEUR : \u00c9ditions Les Grillages\u00a0(2023)  BROCH\u00c9 :\u00a0192 pages LANGUES : fran\u00e7ais ISBN13 : 978-2-9578582-1-7","og_url":"https:\/\/www.booksonthemove.fr\/produit\/anthologie-transfem-1-ecrire-pour-les-soeurs\/","og_site_name":"Books on the Move","article_publisher":"https:\/\/www.facebook.com\/Librairiebooksonthemove\/","article_modified_time":"2023-10-31T15:31:25+00:00","og_image":[{"width":785,"height":1122,"url":"https:\/\/www.booksonthemove.fr\/media\/bom_2626.jpeg","type":"image\/jpeg"}],"twitter_card":"summary_large_image","schema":{"@context":"https:\/\/schema.org","@graph":[{"@type":"WebPage","@id":"https:\/\/www.booksonthemove.fr\/produit\/anthologie-transfem-1-ecrire-pour-les-soeurs\/","url":"https:\/\/www.booksonthemove.fr\/produit\/anthologie-transfem-1-ecrire-pour-les-soeurs\/","name":"Anthologie Transfem #1 - \u00c9crire pour les S\u0153urs - Books on the Move","isPartOf":{"@id":"https:\/\/www.booksonthemove.fr\/#website"},"primaryImageOfPage":{"@id":"https:\/\/www.booksonthemove.fr\/produit\/anthologie-transfem-1-ecrire-pour-les-soeurs\/#primaryimage"},"image":{"@id":"https:\/\/www.booksonthemove.fr\/produit\/anthologie-transfem-1-ecrire-pour-les-soeurs\/#primaryimage"},"thumbnailUrl":"https:\/\/www.booksonthemove.fr\/media\/bom_2626.jpeg","datePublished":"2023-08-23T16:29:09+00:00","dateModified":"2023-10-31T15:31:25+00:00","breadcrumb":{"@id":"https:\/\/www.booksonthemove.fr\/produit\/anthologie-transfem-1-ecrire-pour-les-soeurs\/#breadcrumb"},"inLanguage":"en-US","potentialAction":[{"@type":"ReadAction","target":["https:\/\/www.booksonthemove.fr\/produit\/anthologie-transfem-1-ecrire-pour-les-soeurs\/"]}]},{"@type":"ImageObject","inLanguage":"en-US","@id":"https:\/\/www.booksonthemove.fr\/produit\/anthologie-transfem-1-ecrire-pour-les-soeurs\/#primaryimage","url":"https:\/\/www.booksonthemove.fr\/media\/bom_2626.jpeg","contentUrl":"https:\/\/www.booksonthemove.fr\/media\/bom_2626.jpeg","width":785,"height":1122},{"@type":"BreadcrumbList","@id":"https:\/\/www.booksonthemove.fr\/produit\/anthologie-transfem-1-ecrire-pour-les-soeurs\/#breadcrumb","itemListElement":[{"@type":"ListItem","position":1,"name":"Accueil","item":"https:\/\/www.booksonthemove.fr\/en\/"},{"@type":"ListItem","position":2,"name":"online store","item":"https:\/\/www.booksonthemove.fr\/en\/online-shop\/"},{"@type":"ListItem","position":3,"name":"Anthologie Transfem #1 &#8211; \u00c9crire pour les S\u0153urs"}]},{"@type":"WebSite","@id":"https:\/\/www.booksonthemove.fr\/#website","url":"https:\/\/www.booksonthemove.fr\/","name":"Books on the Move","description":"librairie nomade - danse - mouvement - performance","publisher":{"@id":"https:\/\/www.booksonthemove.fr\/#organization"},"potentialAction":[{"@type":"SearchAction","target":{"@type":"EntryPoint","urlTemplate":"https:\/\/www.booksonthemove.fr\/?s={search_term_string}"},"query-input":{"@type":"PropertyValueSpecification","valueRequired":true,"valueName":"search_term_string"}}],"inLanguage":"en-US"},{"@type":"Organization","@id":"https:\/\/www.booksonthemove.fr\/#organization","name":"Books on the Move","url":"https:\/\/www.booksonthemove.fr\/","logo":{"@type":"ImageObject","inLanguage":"en-US","@id":"https:\/\/www.booksonthemove.fr\/#\/schema\/logo\/image\/","url":"https:\/\/www.booksonthemove.fr\/media\/logo-NB-400.jpg","contentUrl":"https:\/\/www.booksonthemove.fr\/media\/logo-NB-400.jpg","width":400,"height":143,"caption":"Books on the Move"},"image":{"@id":"https:\/\/www.booksonthemove.fr\/#\/schema\/logo\/image\/"},"sameAs":["https:\/\/www.facebook.com\/Librairiebooksonthemove\/"]}]}},"_links":{"self":[{"href":"https:\/\/www.booksonthemove.fr\/en\/wp-json\/wp\/v2\/product\/38036","targetHints":{"allow":["GET"]}}],"collection":[{"href":"https:\/\/www.booksonthemove.fr\/en\/wp-json\/wp\/v2\/product"}],"about":[{"href":"https:\/\/www.booksonthemove.fr\/en\/wp-json\/wp\/v2\/types\/product"}],"wp:featuredmedia":[{"embeddable":true,"href":"https:\/\/www.booksonthemove.fr\/en\/wp-json\/wp\/v2\/media\/38035"}],"wp:attachment":[{"href":"https:\/\/www.booksonthemove.fr\/en\/wp-json\/wp\/v2\/media?parent=38036"}],"wp:term":[{"taxonomy":"product_brand","embeddable":true,"href":"https:\/\/www.booksonthemove.fr\/en\/wp-json\/wp\/v2\/product_brand?post=38036"},{"taxonomy":"product_cat","embeddable":true,"href":"https:\/\/www.booksonthemove.fr\/en\/wp-json\/wp\/v2\/product_cat?post=38036"},{"taxonomy":"product_tag","embeddable":true,"href":"https:\/\/www.booksonthemove.fr\/en\/wp-json\/wp\/v2\/product_tag?post=38036"}],"curies":[{"name":"wp","href":"https:\/\/api.w.org\/{rel}","templated":true}]}}