{"id":38182,"date":"2023-08-31T11:24:13","date_gmt":"2023-08-31T09:24:13","guid":{"rendered":"https:\/\/www.booksonthemove.fr\/produit\/les-genres-fluides-de-jeanne-darc-aux-saintes-trans\/"},"modified":"2024-02-27T18:03:51","modified_gmt":"2024-02-27T17:03:51","slug":"les-genres-fluides-de-jeanne-darc-aux-saintes-trans","status":"publish","type":"product","link":"https:\/\/www.booksonthemove.fr\/en\/produit\/les-genres-fluides-de-jeanne-darc-aux-saintes-trans\/","title":{"rendered":"Les Genres Fluides &#8211; de Jeanne d&#8217;Arc aux saintes trans"},"content":{"rendered":"<p>Pouvait-on changer de genre au Moyen \u00c2ge ? Vivre en homme et devenir sainte ? Na\u00eetre fille et finir chevalier ? Changer d\u2019habits comme d\u2019identit\u00e9 durant cette p\u00e9riode domin\u00e9e par la chr\u00e9tient\u00e9\u00a0?<br \/>\nPour faire taire les id\u00e9es re\u00e7ues, Clovis Maillet d\u00e9montre que les exp\u00e9riences de transidentit\u00e9 ne sont pas l\u2019apanage de la modernit\u00e9. Que le combat pour l\u2019\u00e9mancipation peut m\u00eame passer par la r\u00e9appropriation des figures de l\u2019histoire. Ainsi l\u2019h\u00e9ritage de Jeanne\u00a0d\u2019Arc est-il disput\u00e9 \u00e0 la droite nationaliste par les militants <em>queer<\/em> libertaires qui la consid\u00e8rent, depuis la fin du xxe si\u00e8cle, comme une guerri\u00e8re transgenre.<br \/>\nDe Jeanne d\u2019Arc \u00e0 Hildegonde-Joseph en passant par Eug\u00e9nie-Eug\u00e8ne, sainte Th\u00e8cle ou le chevalier Silence, ce livre propose une r\u00e9flexion sur le genre en retra\u00e7ant une histoire trans de l\u2019\u00e9poque m\u00e9di\u00e9vale.<\/p>\n","protected":false},"excerpt":{"rendered":"<p><b>AUTEUR :\u00a0<\/b>Clovis Maillet<br \/>\n<b><\/b><b>EDITEUR : <\/b>Arkh\u00ea\u00a0(2020)<\/p>\n<p><strong>BROCH\u00c9 :<\/strong>\u00a0240 pages<br \/>\n<b>LANGUES : <\/b>fran\u00e7ais<br \/>\n<strong>ISBN13 :<\/strong> 978-2-918-68276-9<\/p>\n","protected":false},"featured_media":38181,"template":"","meta":[],"product_brand":[],"product_cat":[143,146,162],"product_tag":[],"class_list":{"0":"post-38182","1":"product","2":"type-product","3":"status-publish","4":"has-post-thumbnail","6":"product_cat-gender-studies-en","7":"product_cat-theoretical-texts-en","8":"product_cat-french-en","10":"first","11":"instock","12":"taxable","13":"shipping-taxable","14":"purchasable","15":"product-type-simple"},"yoast_head":"<!-- This site is optimized with the Yoast SEO plugin v27.4 - https:\/\/yoast.com\/product\/yoast-seo-wordpress\/ -->\n<title>Les Genres Fluides - de Jeanne d&#039;Arc aux saintes trans - Books on the Move<\/title>\n<meta name=\"robots\" content=\"index, follow, max-snippet:-1, max-image-preview:large, max-video-preview:-1\" \/>\n<link rel=\"canonical\" href=\"https:\/\/www.booksonthemove.fr\/produit\/les-genres-fluides-de-jeanne-darc-aux-saintes-trans\/\" \/>\n<meta property=\"og:locale\" content=\"en_US\" \/>\n<meta property=\"og:type\" content=\"article\" \/>\n<meta property=\"og:title\" content=\"Les Genres Fluides - de Jeanne d&#039;Arc aux saintes trans - Books on the Move\" \/>\n<meta property=\"og:description\" content=\"AUTEUR :\u00a0Clovis Maillet EDITEUR : Arkh\u00ea\u00a0(2020)  BROCH\u00c9 :\u00a0240 pages LANGUES : fran\u00e7ais ISBN13 : 978-2-918-68276-9\" \/>\n<meta property=\"og:url\" content=\"https:\/\/www.booksonthemove.fr\/produit\/les-genres-fluides-de-jeanne-darc-aux-saintes-trans\/\" \/>\n<meta property=\"og:site_name\" content=\"Books on the Move\" \/>\n<meta property=\"article:publisher\" content=\"https:\/\/www.facebook.com\/Librairiebooksonthemove\/\" \/>\n<meta property=\"article:modified_time\" content=\"2024-02-27T17:03:51+00:00\" \/>\n<meta property=\"og:image\" content=\"https:\/\/www.booksonthemove.fr\/media\/bom_2612.jpg\" \/>\n\t<meta property=\"og:image:width\" content=\"706\" \/>\n\t<meta property=\"og:image:height\" content=\"1030\" \/>\n\t<meta property=\"og:image:type\" content=\"image\/jpeg\" \/>\n<meta name=\"twitter:card\" content=\"summary_large_image\" \/>\n<script type=\"application\/ld+json\" class=\"yoast-schema-graph\">{\"@context\":\"https:\\\/\\\/schema.org\",\"@graph\":[{\"@type\":\"WebPage\",\"@id\":\"https:\\\/\\\/www.booksonthemove.fr\\\/produit\\\/les-genres-fluides-de-jeanne-darc-aux-saintes-trans\\\/\",\"url\":\"https:\\\/\\\/www.booksonthemove.fr\\\/produit\\\/les-genres-fluides-de-jeanne-darc-aux-saintes-trans\\\/\",\"name\":\"Les Genres Fluides - de Jeanne d'Arc aux saintes trans - Books on the Move\",\"isPartOf\":{\"@id\":\"https:\\\/\\\/www.booksonthemove.fr\\\/#website\"},\"primaryImageOfPage\":{\"@id\":\"https:\\\/\\\/www.booksonthemove.fr\\\/produit\\\/les-genres-fluides-de-jeanne-darc-aux-saintes-trans\\\/#primaryimage\"},\"image\":{\"@id\":\"https:\\\/\\\/www.booksonthemove.fr\\\/produit\\\/les-genres-fluides-de-jeanne-darc-aux-saintes-trans\\\/#primaryimage\"},\"thumbnailUrl\":\"https:\\\/\\\/www.booksonthemove.fr\\\/media\\\/bom_2612.jpg\",\"datePublished\":\"2023-08-31T09:24:13+00:00\",\"dateModified\":\"2024-02-27T17:03:51+00:00\",\"breadcrumb\":{\"@id\":\"https:\\\/\\\/www.booksonthemove.fr\\\/produit\\\/les-genres-fluides-de-jeanne-darc-aux-saintes-trans\\\/#breadcrumb\"},\"inLanguage\":\"en-US\",\"potentialAction\":[{\"@type\":\"ReadAction\",\"target\":[\"https:\\\/\\\/www.booksonthemove.fr\\\/produit\\\/les-genres-fluides-de-jeanne-darc-aux-saintes-trans\\\/\"]}]},{\"@type\":\"ImageObject\",\"inLanguage\":\"en-US\",\"@id\":\"https:\\\/\\\/www.booksonthemove.fr\\\/produit\\\/les-genres-fluides-de-jeanne-darc-aux-saintes-trans\\\/#primaryimage\",\"url\":\"https:\\\/\\\/www.booksonthemove.fr\\\/media\\\/bom_2612.jpg\",\"contentUrl\":\"https:\\\/\\\/www.booksonthemove.fr\\\/media\\\/bom_2612.jpg\",\"width\":706,\"height\":1030},{\"@type\":\"BreadcrumbList\",\"@id\":\"https:\\\/\\\/www.booksonthemove.fr\\\/produit\\\/les-genres-fluides-de-jeanne-darc-aux-saintes-trans\\\/#breadcrumb\",\"itemListElement\":[{\"@type\":\"ListItem\",\"position\":1,\"name\":\"Accueil\",\"item\":\"https:\\\/\\\/www.booksonthemove.fr\\\/en\\\/\"},{\"@type\":\"ListItem\",\"position\":2,\"name\":\"online store\",\"item\":\"https:\\\/\\\/www.booksonthemove.fr\\\/en\\\/online-shop\\\/\"},{\"@type\":\"ListItem\",\"position\":3,\"name\":\"Les Genres Fluides &#8211; de Jeanne d&rsquo;Arc aux saintes trans\"}]},{\"@type\":\"WebSite\",\"@id\":\"https:\\\/\\\/www.booksonthemove.fr\\\/#website\",\"url\":\"https:\\\/\\\/www.booksonthemove.fr\\\/\",\"name\":\"Books on the Move\",\"description\":\"librairie nomade - danse - mouvement - performance\",\"publisher\":{\"@id\":\"https:\\\/\\\/www.booksonthemove.fr\\\/#organization\"},\"potentialAction\":[{\"@type\":\"SearchAction\",\"target\":{\"@type\":\"EntryPoint\",\"urlTemplate\":\"https:\\\/\\\/www.booksonthemove.fr\\\/?s={search_term_string}\"},\"query-input\":{\"@type\":\"PropertyValueSpecification\",\"valueRequired\":true,\"valueName\":\"search_term_string\"}}],\"inLanguage\":\"en-US\"},{\"@type\":\"Organization\",\"@id\":\"https:\\\/\\\/www.booksonthemove.fr\\\/#organization\",\"name\":\"Books on the Move\",\"url\":\"https:\\\/\\\/www.booksonthemove.fr\\\/\",\"logo\":{\"@type\":\"ImageObject\",\"inLanguage\":\"en-US\",\"@id\":\"https:\\\/\\\/www.booksonthemove.fr\\\/#\\\/schema\\\/logo\\\/image\\\/\",\"url\":\"https:\\\/\\\/www.booksonthemove.fr\\\/media\\\/logo-NB-400.jpg\",\"contentUrl\":\"https:\\\/\\\/www.booksonthemove.fr\\\/media\\\/logo-NB-400.jpg\",\"width\":400,\"height\":143,\"caption\":\"Books on the Move\"},\"image\":{\"@id\":\"https:\\\/\\\/www.booksonthemove.fr\\\/#\\\/schema\\\/logo\\\/image\\\/\"},\"sameAs\":[\"https:\\\/\\\/www.facebook.com\\\/Librairiebooksonthemove\\\/\"]}]}<\/script>\n<!-- \/ Yoast SEO plugin. -->","yoast_head_json":{"title":"Les Genres Fluides - de Jeanne d'Arc aux saintes trans - Books on the Move","robots":{"index":"index","follow":"follow","max-snippet":"max-snippet:-1","max-image-preview":"max-image-preview:large","max-video-preview":"max-video-preview:-1"},"canonical":"https:\/\/www.booksonthemove.fr\/produit\/les-genres-fluides-de-jeanne-darc-aux-saintes-trans\/","og_locale":"en_US","og_type":"article","og_title":"Les Genres Fluides - de Jeanne d'Arc aux saintes trans - Books on the Move","og_description":"AUTEUR :\u00a0Clovis Maillet EDITEUR : Arkh\u00ea\u00a0(2020)  BROCH\u00c9 :\u00a0240 pages LANGUES : fran\u00e7ais ISBN13 : 978-2-918-68276-9","og_url":"https:\/\/www.booksonthemove.fr\/produit\/les-genres-fluides-de-jeanne-darc-aux-saintes-trans\/","og_site_name":"Books on the Move","article_publisher":"https:\/\/www.facebook.com\/Librairiebooksonthemove\/","article_modified_time":"2024-02-27T17:03:51+00:00","og_image":[{"width":706,"height":1030,"url":"https:\/\/www.booksonthemove.fr\/media\/bom_2612.jpg","type":"image\/jpeg"}],"twitter_card":"summary_large_image","schema":{"@context":"https:\/\/schema.org","@graph":[{"@type":"WebPage","@id":"https:\/\/www.booksonthemove.fr\/produit\/les-genres-fluides-de-jeanne-darc-aux-saintes-trans\/","url":"https:\/\/www.booksonthemove.fr\/produit\/les-genres-fluides-de-jeanne-darc-aux-saintes-trans\/","name":"Les Genres Fluides - de Jeanne d'Arc aux saintes trans - Books on the Move","isPartOf":{"@id":"https:\/\/www.booksonthemove.fr\/#website"},"primaryImageOfPage":{"@id":"https:\/\/www.booksonthemove.fr\/produit\/les-genres-fluides-de-jeanne-darc-aux-saintes-trans\/#primaryimage"},"image":{"@id":"https:\/\/www.booksonthemove.fr\/produit\/les-genres-fluides-de-jeanne-darc-aux-saintes-trans\/#primaryimage"},"thumbnailUrl":"https:\/\/www.booksonthemove.fr\/media\/bom_2612.jpg","datePublished":"2023-08-31T09:24:13+00:00","dateModified":"2024-02-27T17:03:51+00:00","breadcrumb":{"@id":"https:\/\/www.booksonthemove.fr\/produit\/les-genres-fluides-de-jeanne-darc-aux-saintes-trans\/#breadcrumb"},"inLanguage":"en-US","potentialAction":[{"@type":"ReadAction","target":["https:\/\/www.booksonthemove.fr\/produit\/les-genres-fluides-de-jeanne-darc-aux-saintes-trans\/"]}]},{"@type":"ImageObject","inLanguage":"en-US","@id":"https:\/\/www.booksonthemove.fr\/produit\/les-genres-fluides-de-jeanne-darc-aux-saintes-trans\/#primaryimage","url":"https:\/\/www.booksonthemove.fr\/media\/bom_2612.jpg","contentUrl":"https:\/\/www.booksonthemove.fr\/media\/bom_2612.jpg","width":706,"height":1030},{"@type":"BreadcrumbList","@id":"https:\/\/www.booksonthemove.fr\/produit\/les-genres-fluides-de-jeanne-darc-aux-saintes-trans\/#breadcrumb","itemListElement":[{"@type":"ListItem","position":1,"name":"Accueil","item":"https:\/\/www.booksonthemove.fr\/en\/"},{"@type":"ListItem","position":2,"name":"online store","item":"https:\/\/www.booksonthemove.fr\/en\/online-shop\/"},{"@type":"ListItem","position":3,"name":"Les Genres Fluides &#8211; de Jeanne d&rsquo;Arc aux saintes trans"}]},{"@type":"WebSite","@id":"https:\/\/www.booksonthemove.fr\/#website","url":"https:\/\/www.booksonthemove.fr\/","name":"Books on the Move","description":"librairie nomade - danse - mouvement - performance","publisher":{"@id":"https:\/\/www.booksonthemove.fr\/#organization"},"potentialAction":[{"@type":"SearchAction","target":{"@type":"EntryPoint","urlTemplate":"https:\/\/www.booksonthemove.fr\/?s={search_term_string}"},"query-input":{"@type":"PropertyValueSpecification","valueRequired":true,"valueName":"search_term_string"}}],"inLanguage":"en-US"},{"@type":"Organization","@id":"https:\/\/www.booksonthemove.fr\/#organization","name":"Books on the Move","url":"https:\/\/www.booksonthemove.fr\/","logo":{"@type":"ImageObject","inLanguage":"en-US","@id":"https:\/\/www.booksonthemove.fr\/#\/schema\/logo\/image\/","url":"https:\/\/www.booksonthemove.fr\/media\/logo-NB-400.jpg","contentUrl":"https:\/\/www.booksonthemove.fr\/media\/logo-NB-400.jpg","width":400,"height":143,"caption":"Books on the Move"},"image":{"@id":"https:\/\/www.booksonthemove.fr\/#\/schema\/logo\/image\/"},"sameAs":["https:\/\/www.facebook.com\/Librairiebooksonthemove\/"]}]}},"_links":{"self":[{"href":"https:\/\/www.booksonthemove.fr\/en\/wp-json\/wp\/v2\/product\/38182","targetHints":{"allow":["GET"]}}],"collection":[{"href":"https:\/\/www.booksonthemove.fr\/en\/wp-json\/wp\/v2\/product"}],"about":[{"href":"https:\/\/www.booksonthemove.fr\/en\/wp-json\/wp\/v2\/types\/product"}],"wp:featuredmedia":[{"embeddable":true,"href":"https:\/\/www.booksonthemove.fr\/en\/wp-json\/wp\/v2\/media\/38181"}],"wp:attachment":[{"href":"https:\/\/www.booksonthemove.fr\/en\/wp-json\/wp\/v2\/media?parent=38182"}],"wp:term":[{"taxonomy":"product_brand","embeddable":true,"href":"https:\/\/www.booksonthemove.fr\/en\/wp-json\/wp\/v2\/product_brand?post=38182"},{"taxonomy":"product_cat","embeddable":true,"href":"https:\/\/www.booksonthemove.fr\/en\/wp-json\/wp\/v2\/product_cat?post=38182"},{"taxonomy":"product_tag","embeddable":true,"href":"https:\/\/www.booksonthemove.fr\/en\/wp-json\/wp\/v2\/product_tag?post=38182"}],"curies":[{"name":"wp","href":"https:\/\/api.w.org\/{rel}","templated":true}]}}