{"id":38237,"date":"2023-09-05T16:51:57","date_gmt":"2023-09-05T14:51:57","guid":{"rendered":"https:\/\/www.booksonthemove.fr\/produit\/biomorphisme-approches-sensibles-et-conceptuelles-des-formes-du-vivant\/"},"modified":"2025-09-19T23:46:59","modified_gmt":"2025-09-19T21:46:59","slug":"biomorphisme-approches-sensibles-et-conceptuelles-des-formes-du-vivant","status":"publish","type":"product","link":"https:\/\/www.booksonthemove.fr\/en\/produit\/biomorphisme-approches-sensibles-et-conceptuelles-des-formes-du-vivant\/","title":{"rendered":"Biomorphisme &#8211; Approches sensibles et conceptuelles des formes du vivant"},"content":{"rendered":"<p>\u00c0 la fois catalogue d\u2019une exposition et actes d\u2019un colloque qui se sont tenus tous deux \u00e0 Marseille en 2018-2019, ce livre fait le point sur les travaux d\u2019un groupe d\u2019artistes, de scientifiques, de philosophes et d\u2019historiens r\u00e9unis autour de l\u2019\u00e9tude des formes du vivant.<br \/>\nCet ouvrage, r\u00e9solument transdisciplinaire et \u00e9tranger \u00e0 toute hi\u00e9rarchisation entre les propositions artistiques et scientifiques, s\u2019ordonne selon cinq th\u00e9matiques : la morphogen\u00e8se comme champ d\u2019\u00e9tude transdisciplinaire ; les enjeux politiques et \u00e9cologiques du biomorphisme ; l\u2019empathie et l\u2019exp\u00e9rience psycho-esth\u00e9tique des formes du vivant ; la po\u00e9tique de l\u2019imaginaire mat\u00e9riel ; les m\u00e9tamorphoses du concept esth\u00e9tique de biomorphisme.<br \/>\nIl entend ainsi participer tant au renouveau de la pens\u00e9e th\u00e9orique sur le vivant qu\u2019\u00e0 une n\u00e9cessaire reviviscence de notre sensibilit\u00e9 \u00e0 ses formes, s\u2019attachant par l\u00e0-m\u00eame \u00e0 jeter les bases d\u2019une \u00ab \u00e9co-esth-\u00e9thique \u00bb dans le contexte de la crise \u00e9cosyst\u00e9mique actuelle.<\/p>\n<p>Contributions : Jean Arnaud, Pierre Baumann, Julien Bernard, Luciano Boi, Peter Briggs, Xavier Caubit, Am\u00e9lie de Beauffort, Nathalie Delprat, Karin Graff, Edward Juler, Carlos Lobo, Fabrice M\u00e9tais, Ma\u00ebl Montevil, Daniel Papillon, Julie Pelletier, Sylvie Pic, David Romand, Barbara Sarreau, St\u00e9phane Schmitt, Teruhisa Suzuki.<\/p>\n","protected":false},"excerpt":{"rendered":"<p><b>AUTEUR\u00b7ES :\u00a0<\/b>Sous la direction de David Romand, Julien Bernard, Sylvie Pic &amp; Jean Arnaud<br \/>\n<b><\/b><b>EDITEUR : <\/b>Naima (2023)<\/p>\n<p><strong>BROCH\u00c9 :<\/strong>\u00a0462 pages<br \/>\n<b>LANGUES : <\/b>fran\u00e7ais<br \/>\n<strong>ISBN13 :<\/strong> 978-2-37440-166-9<\/p>\n","protected":false},"featured_media":38236,"template":"","meta":[],"product_brand":[],"product_cat":[226,209,162,206],"product_tag":[],"class_list":{"0":"post-38237","1":"product","2":"type-product","3":"status-publish","4":"has-post-thumbnail","6":"product_cat-anthologies-en","7":"product_cat-environment-en","8":"product_cat-french-en","9":"product_cat-philosophy-aesthetics-en","11":"first","12":"outofstock","13":"taxable","14":"shipping-taxable","15":"purchasable","16":"product-type-simple"},"yoast_head":"<!-- This site is optimized with the Yoast SEO plugin v27.5 - https:\/\/yoast.com\/product\/yoast-seo-wordpress\/ -->\n<title>Biomorphisme - Approches sensibles et conceptuelles des formes du vivant - Books on the Move<\/title>\n<meta name=\"robots\" content=\"index, follow, max-snippet:-1, max-image-preview:large, max-video-preview:-1\" \/>\n<link rel=\"canonical\" href=\"https:\/\/www.booksonthemove.fr\/en\/produit\/biomorphisme-approches-sensibles-et-conceptuelles-des-formes-du-vivant\/\" \/>\n<meta property=\"og:locale\" content=\"en_US\" \/>\n<meta property=\"og:type\" content=\"article\" \/>\n<meta property=\"og:title\" content=\"Biomorphisme - Approches sensibles et conceptuelles des formes du vivant - Books on the Move\" \/>\n<meta property=\"og:description\" content=\"AUTEUR\u00b7ES :\u00a0Sous la direction de David Romand, Julien Bernard, Sylvie Pic &amp; Jean Arnaud EDITEUR : Naima (2023)  BROCH\u00c9 :\u00a0462 pages LANGUES : fran\u00e7ais ISBN13 : 978-2-37440-166-9\" \/>\n<meta property=\"og:url\" content=\"https:\/\/www.booksonthemove.fr\/en\/produit\/biomorphisme-approches-sensibles-et-conceptuelles-des-formes-du-vivant\/\" \/>\n<meta property=\"og:site_name\" content=\"Books on the Move\" \/>\n<meta property=\"article:publisher\" content=\"https:\/\/www.facebook.com\/Librairiebooksonthemove\/\" \/>\n<meta property=\"article:modified_time\" content=\"2025-09-19T21:46:59+00:00\" \/>\n<meta property=\"og:image\" content=\"https:\/\/www.booksonthemove.fr\/media\/bom_2595.png\" \/>\n\t<meta property=\"og:image:width\" content=\"1004\" \/>\n\t<meta property=\"og:image:height\" content=\"1417\" \/>\n\t<meta property=\"og:image:type\" content=\"image\/png\" \/>\n<meta name=\"twitter:card\" content=\"summary_large_image\" \/>\n<script type=\"application\/ld+json\" class=\"yoast-schema-graph\">{\"@context\":\"https:\\\/\\\/schema.org\",\"@graph\":[{\"@type\":\"WebPage\",\"@id\":\"https:\\\/\\\/www.booksonthemove.fr\\\/en\\\/produit\\\/biomorphisme-approches-sensibles-et-conceptuelles-des-formes-du-vivant\\\/\",\"url\":\"https:\\\/\\\/www.booksonthemove.fr\\\/en\\\/produit\\\/biomorphisme-approches-sensibles-et-conceptuelles-des-formes-du-vivant\\\/\",\"name\":\"Biomorphisme - Approches sensibles et conceptuelles des formes du vivant - Books on the Move\",\"isPartOf\":{\"@id\":\"https:\\\/\\\/www.booksonthemove.fr\\\/#website\"},\"primaryImageOfPage\":{\"@id\":\"https:\\\/\\\/www.booksonthemove.fr\\\/en\\\/produit\\\/biomorphisme-approches-sensibles-et-conceptuelles-des-formes-du-vivant\\\/#primaryimage\"},\"image\":{\"@id\":\"https:\\\/\\\/www.booksonthemove.fr\\\/en\\\/produit\\\/biomorphisme-approches-sensibles-et-conceptuelles-des-formes-du-vivant\\\/#primaryimage\"},\"thumbnailUrl\":\"https:\\\/\\\/www.booksonthemove.fr\\\/media\\\/bom_2595.png\",\"datePublished\":\"2023-09-05T14:51:57+00:00\",\"dateModified\":\"2025-09-19T21:46:59+00:00\",\"breadcrumb\":{\"@id\":\"https:\\\/\\\/www.booksonthemove.fr\\\/en\\\/produit\\\/biomorphisme-approches-sensibles-et-conceptuelles-des-formes-du-vivant\\\/#breadcrumb\"},\"inLanguage\":\"en-US\",\"potentialAction\":[{\"@type\":\"ReadAction\",\"target\":[\"https:\\\/\\\/www.booksonthemove.fr\\\/en\\\/produit\\\/biomorphisme-approches-sensibles-et-conceptuelles-des-formes-du-vivant\\\/\"]}]},{\"@type\":\"ImageObject\",\"inLanguage\":\"en-US\",\"@id\":\"https:\\\/\\\/www.booksonthemove.fr\\\/en\\\/produit\\\/biomorphisme-approches-sensibles-et-conceptuelles-des-formes-du-vivant\\\/#primaryimage\",\"url\":\"https:\\\/\\\/www.booksonthemove.fr\\\/media\\\/bom_2595.png\",\"contentUrl\":\"https:\\\/\\\/www.booksonthemove.fr\\\/media\\\/bom_2595.png\",\"width\":1004,\"height\":1417},{\"@type\":\"BreadcrumbList\",\"@id\":\"https:\\\/\\\/www.booksonthemove.fr\\\/en\\\/produit\\\/biomorphisme-approches-sensibles-et-conceptuelles-des-formes-du-vivant\\\/#breadcrumb\",\"itemListElement\":[{\"@type\":\"ListItem\",\"position\":1,\"name\":\"Accueil\",\"item\":\"https:\\\/\\\/www.booksonthemove.fr\\\/en\\\/\"},{\"@type\":\"ListItem\",\"position\":2,\"name\":\"online store\",\"item\":\"https:\\\/\\\/www.booksonthemove.fr\\\/en\\\/online-shop\\\/\"},{\"@type\":\"ListItem\",\"position\":3,\"name\":\"Biomorphisme &#8211; Approches sensibles et conceptuelles des formes du vivant\"}]},{\"@type\":\"WebSite\",\"@id\":\"https:\\\/\\\/www.booksonthemove.fr\\\/#website\",\"url\":\"https:\\\/\\\/www.booksonthemove.fr\\\/\",\"name\":\"Books on the Move\",\"description\":\"librairie nomade - danse - mouvement - performance\",\"publisher\":{\"@id\":\"https:\\\/\\\/www.booksonthemove.fr\\\/#organization\"},\"potentialAction\":[{\"@type\":\"SearchAction\",\"target\":{\"@type\":\"EntryPoint\",\"urlTemplate\":\"https:\\\/\\\/www.booksonthemove.fr\\\/?s={search_term_string}\"},\"query-input\":{\"@type\":\"PropertyValueSpecification\",\"valueRequired\":true,\"valueName\":\"search_term_string\"}}],\"inLanguage\":\"en-US\"},{\"@type\":\"Organization\",\"@id\":\"https:\\\/\\\/www.booksonthemove.fr\\\/#organization\",\"name\":\"Books on the Move\",\"url\":\"https:\\\/\\\/www.booksonthemove.fr\\\/\",\"logo\":{\"@type\":\"ImageObject\",\"inLanguage\":\"en-US\",\"@id\":\"https:\\\/\\\/www.booksonthemove.fr\\\/#\\\/schema\\\/logo\\\/image\\\/\",\"url\":\"https:\\\/\\\/www.booksonthemove.fr\\\/media\\\/logo-NB-400.jpg\",\"contentUrl\":\"https:\\\/\\\/www.booksonthemove.fr\\\/media\\\/logo-NB-400.jpg\",\"width\":400,\"height\":143,\"caption\":\"Books on the Move\"},\"image\":{\"@id\":\"https:\\\/\\\/www.booksonthemove.fr\\\/#\\\/schema\\\/logo\\\/image\\\/\"},\"sameAs\":[\"https:\\\/\\\/www.facebook.com\\\/Librairiebooksonthemove\\\/\"]}]}<\/script>\n<!-- \/ Yoast SEO plugin. -->","yoast_head_json":{"title":"Biomorphisme - Approches sensibles et conceptuelles des formes du vivant - Books on the Move","robots":{"index":"index","follow":"follow","max-snippet":"max-snippet:-1","max-image-preview":"max-image-preview:large","max-video-preview":"max-video-preview:-1"},"canonical":"https:\/\/www.booksonthemove.fr\/en\/produit\/biomorphisme-approches-sensibles-et-conceptuelles-des-formes-du-vivant\/","og_locale":"en_US","og_type":"article","og_title":"Biomorphisme - Approches sensibles et conceptuelles des formes du vivant - Books on the Move","og_description":"AUTEUR\u00b7ES :\u00a0Sous la direction de David Romand, Julien Bernard, Sylvie Pic &amp; Jean Arnaud EDITEUR : Naima (2023)  BROCH\u00c9 :\u00a0462 pages LANGUES : fran\u00e7ais ISBN13 : 978-2-37440-166-9","og_url":"https:\/\/www.booksonthemove.fr\/en\/produit\/biomorphisme-approches-sensibles-et-conceptuelles-des-formes-du-vivant\/","og_site_name":"Books on the Move","article_publisher":"https:\/\/www.facebook.com\/Librairiebooksonthemove\/","article_modified_time":"2025-09-19T21:46:59+00:00","og_image":[{"width":1004,"height":1417,"url":"https:\/\/www.booksonthemove.fr\/media\/bom_2595.png","type":"image\/png"}],"twitter_card":"summary_large_image","schema":{"@context":"https:\/\/schema.org","@graph":[{"@type":"WebPage","@id":"https:\/\/www.booksonthemove.fr\/en\/produit\/biomorphisme-approches-sensibles-et-conceptuelles-des-formes-du-vivant\/","url":"https:\/\/www.booksonthemove.fr\/en\/produit\/biomorphisme-approches-sensibles-et-conceptuelles-des-formes-du-vivant\/","name":"Biomorphisme - Approches sensibles et conceptuelles des formes du vivant - Books on the Move","isPartOf":{"@id":"https:\/\/www.booksonthemove.fr\/#website"},"primaryImageOfPage":{"@id":"https:\/\/www.booksonthemove.fr\/en\/produit\/biomorphisme-approches-sensibles-et-conceptuelles-des-formes-du-vivant\/#primaryimage"},"image":{"@id":"https:\/\/www.booksonthemove.fr\/en\/produit\/biomorphisme-approches-sensibles-et-conceptuelles-des-formes-du-vivant\/#primaryimage"},"thumbnailUrl":"https:\/\/www.booksonthemove.fr\/media\/bom_2595.png","datePublished":"2023-09-05T14:51:57+00:00","dateModified":"2025-09-19T21:46:59+00:00","breadcrumb":{"@id":"https:\/\/www.booksonthemove.fr\/en\/produit\/biomorphisme-approches-sensibles-et-conceptuelles-des-formes-du-vivant\/#breadcrumb"},"inLanguage":"en-US","potentialAction":[{"@type":"ReadAction","target":["https:\/\/www.booksonthemove.fr\/en\/produit\/biomorphisme-approches-sensibles-et-conceptuelles-des-formes-du-vivant\/"]}]},{"@type":"ImageObject","inLanguage":"en-US","@id":"https:\/\/www.booksonthemove.fr\/en\/produit\/biomorphisme-approches-sensibles-et-conceptuelles-des-formes-du-vivant\/#primaryimage","url":"https:\/\/www.booksonthemove.fr\/media\/bom_2595.png","contentUrl":"https:\/\/www.booksonthemove.fr\/media\/bom_2595.png","width":1004,"height":1417},{"@type":"BreadcrumbList","@id":"https:\/\/www.booksonthemove.fr\/en\/produit\/biomorphisme-approches-sensibles-et-conceptuelles-des-formes-du-vivant\/#breadcrumb","itemListElement":[{"@type":"ListItem","position":1,"name":"Accueil","item":"https:\/\/www.booksonthemove.fr\/en\/"},{"@type":"ListItem","position":2,"name":"online store","item":"https:\/\/www.booksonthemove.fr\/en\/online-shop\/"},{"@type":"ListItem","position":3,"name":"Biomorphisme &#8211; Approches sensibles et conceptuelles des formes du vivant"}]},{"@type":"WebSite","@id":"https:\/\/www.booksonthemove.fr\/#website","url":"https:\/\/www.booksonthemove.fr\/","name":"Books on the Move","description":"librairie nomade - danse - mouvement - performance","publisher":{"@id":"https:\/\/www.booksonthemove.fr\/#organization"},"potentialAction":[{"@type":"SearchAction","target":{"@type":"EntryPoint","urlTemplate":"https:\/\/www.booksonthemove.fr\/?s={search_term_string}"},"query-input":{"@type":"PropertyValueSpecification","valueRequired":true,"valueName":"search_term_string"}}],"inLanguage":"en-US"},{"@type":"Organization","@id":"https:\/\/www.booksonthemove.fr\/#organization","name":"Books on the Move","url":"https:\/\/www.booksonthemove.fr\/","logo":{"@type":"ImageObject","inLanguage":"en-US","@id":"https:\/\/www.booksonthemove.fr\/#\/schema\/logo\/image\/","url":"https:\/\/www.booksonthemove.fr\/media\/logo-NB-400.jpg","contentUrl":"https:\/\/www.booksonthemove.fr\/media\/logo-NB-400.jpg","width":400,"height":143,"caption":"Books on the Move"},"image":{"@id":"https:\/\/www.booksonthemove.fr\/#\/schema\/logo\/image\/"},"sameAs":["https:\/\/www.facebook.com\/Librairiebooksonthemove\/"]}]}},"_links":{"self":[{"href":"https:\/\/www.booksonthemove.fr\/en\/wp-json\/wp\/v2\/product\/38237","targetHints":{"allow":["GET"]}}],"collection":[{"href":"https:\/\/www.booksonthemove.fr\/en\/wp-json\/wp\/v2\/product"}],"about":[{"href":"https:\/\/www.booksonthemove.fr\/en\/wp-json\/wp\/v2\/types\/product"}],"wp:featuredmedia":[{"embeddable":true,"href":"https:\/\/www.booksonthemove.fr\/en\/wp-json\/wp\/v2\/media\/38236"}],"wp:attachment":[{"href":"https:\/\/www.booksonthemove.fr\/en\/wp-json\/wp\/v2\/media?parent=38237"}],"wp:term":[{"taxonomy":"product_brand","embeddable":true,"href":"https:\/\/www.booksonthemove.fr\/en\/wp-json\/wp\/v2\/product_brand?post=38237"},{"taxonomy":"product_cat","embeddable":true,"href":"https:\/\/www.booksonthemove.fr\/en\/wp-json\/wp\/v2\/product_cat?post=38237"},{"taxonomy":"product_tag","embeddable":true,"href":"https:\/\/www.booksonthemove.fr\/en\/wp-json\/wp\/v2\/product_tag?post=38237"}],"curies":[{"name":"wp","href":"https:\/\/api.w.org\/{rel}","templated":true}]}}