{"id":38446,"date":"2023-09-18T16:41:01","date_gmt":"2023-09-18T14:41:01","guid":{"rendered":"https:\/\/www.booksonthemove.fr\/produit\/le-labano-twist-jeu-de-cartes\/"},"modified":"2025-09-16T10:03:19","modified_gmt":"2025-09-16T08:03:19","slug":"le-labano-twist-jeu-de-cartes","status":"publish","type":"product","link":"https:\/\/www.booksonthemove.fr\/en\/produit\/le-labano-twist-jeu-de-cartes\/","title":{"rendered":"Le Labano Twist &#8211; jeu de cartes"},"content":{"rendered":"<p>Le Labano Twist est un jeu de cartes \u00e9volutif bas\u00e9 sur le syst\u00e8me d&#8217;\u00e9criture graphique du mouvement nomm\u00e9 \u00abcin\u00e9tographie Laban\u00bb. Une matrice de jeu \u00e0 d\u00e9velopper \u00e0 souhait pour se mettre en mouvement dans n&#8217;importe quel contexte : p\u00e9dagogique, performance, jeu de r\u00f4les, \u00e9chauffement c\u00e9r\u00e9bral et gymnique &#8230;<\/p>\n<p>Vous trouverez dans cette bo\u00eete un ensemble de 30 cartes ainsi qu&#8217;une notice expliquant les signes utilis\u00e9s et une proposition de r\u00e8gles du jeu \u00e0 d\u00e9velopper et transformer. Cette proposition de r\u00e8gles est une base qui permet de comprendre les principes de chaque famille de cartes, mais \u00e0 vous de les utiliser comme bon vous semble.<\/p>\n","protected":false},"excerpt":{"rendered":"<p><strong>CONCEPTION :<\/strong> Lina Schlageter<br \/>\n<strong>ILLUSTRATIONS :<\/strong> Lina Schlageter<br \/>\n<strong>PRODUCTION :<\/strong> Association R&amp;D, Centre d&#8217;Art Contemporain Chanot (2021)<\/p>\n<p><b>CONTENU DE LA BOITE :<\/b>\u00a030 cartes &amp; 2 notices<br \/>\n<b>LANGUE : <\/b>Fran\u00e7ais<\/p>\n","protected":false},"featured_media":38445,"template":"","meta":[],"product_brand":[],"product_cat":[218,369,162],"product_tag":[],"class_list":{"0":"post-38446","1":"product","2":"type-product","3":"status-publish","4":"has-post-thumbnail","6":"product_cat-movement-analysis-notation-en","7":"product_cat-cartes-en","8":"product_cat-french-en","10":"first","11":"outofstock","12":"taxable","13":"shipping-taxable","14":"purchasable","15":"product-type-simple"},"yoast_head":"<!-- This site is optimized with the Yoast SEO plugin v27.5 - https:\/\/yoast.com\/product\/yoast-seo-wordpress\/ -->\n<title>Le Labano Twist - jeu de cartes - Books on the Move<\/title>\n<meta name=\"robots\" content=\"index, follow, max-snippet:-1, max-image-preview:large, max-video-preview:-1\" \/>\n<link rel=\"canonical\" href=\"https:\/\/www.booksonthemove.fr\/en\/produit\/le-labano-twist-jeu-de-cartes\/\" \/>\n<meta property=\"og:locale\" content=\"en_US\" \/>\n<meta property=\"og:type\" content=\"article\" \/>\n<meta property=\"og:title\" content=\"Le Labano Twist - jeu de cartes - Books on the Move\" \/>\n<meta property=\"og:description\" content=\"CONCEPTION : Lina Schlageter ILLUSTRATIONS : Lina Schlageter PRODUCTION : Association R&amp;D, Centre d&#039;Art Contemporain Chanot (2021)  CONTENU DE LA BOITE :\u00a030 cartes &amp; 2 notices LANGUE : Fran\u00e7ais\" \/>\n<meta property=\"og:url\" content=\"https:\/\/www.booksonthemove.fr\/en\/produit\/le-labano-twist-jeu-de-cartes\/\" \/>\n<meta property=\"og:site_name\" content=\"Books on the Move\" \/>\n<meta property=\"article:publisher\" content=\"https:\/\/www.facebook.com\/Librairiebooksonthemove\/\" \/>\n<meta property=\"article:modified_time\" content=\"2025-09-16T08:03:19+00:00\" \/>\n<meta property=\"og:image\" content=\"https:\/\/www.booksonthemove.fr\/media\/bom_2638.jpeg\" \/>\n\t<meta property=\"og:image:width\" content=\"900\" \/>\n\t<meta property=\"og:image:height\" content=\"1200\" \/>\n\t<meta property=\"og:image:type\" content=\"image\/jpeg\" \/>\n<meta name=\"twitter:card\" content=\"summary_large_image\" \/>\n<script type=\"application\/ld+json\" class=\"yoast-schema-graph\">{\"@context\":\"https:\\\/\\\/schema.org\",\"@graph\":[{\"@type\":\"WebPage\",\"@id\":\"https:\\\/\\\/www.booksonthemove.fr\\\/en\\\/produit\\\/le-labano-twist-jeu-de-cartes\\\/\",\"url\":\"https:\\\/\\\/www.booksonthemove.fr\\\/en\\\/produit\\\/le-labano-twist-jeu-de-cartes\\\/\",\"name\":\"Le Labano Twist - jeu de cartes - Books on the Move\",\"isPartOf\":{\"@id\":\"https:\\\/\\\/www.booksonthemove.fr\\\/#website\"},\"primaryImageOfPage\":{\"@id\":\"https:\\\/\\\/www.booksonthemove.fr\\\/en\\\/produit\\\/le-labano-twist-jeu-de-cartes\\\/#primaryimage\"},\"image\":{\"@id\":\"https:\\\/\\\/www.booksonthemove.fr\\\/en\\\/produit\\\/le-labano-twist-jeu-de-cartes\\\/#primaryimage\"},\"thumbnailUrl\":\"https:\\\/\\\/www.booksonthemove.fr\\\/media\\\/bom_2638.jpeg\",\"datePublished\":\"2023-09-18T14:41:01+00:00\",\"dateModified\":\"2025-09-16T08:03:19+00:00\",\"breadcrumb\":{\"@id\":\"https:\\\/\\\/www.booksonthemove.fr\\\/en\\\/produit\\\/le-labano-twist-jeu-de-cartes\\\/#breadcrumb\"},\"inLanguage\":\"en-US\",\"potentialAction\":[{\"@type\":\"ReadAction\",\"target\":[\"https:\\\/\\\/www.booksonthemove.fr\\\/en\\\/produit\\\/le-labano-twist-jeu-de-cartes\\\/\"]}]},{\"@type\":\"ImageObject\",\"inLanguage\":\"en-US\",\"@id\":\"https:\\\/\\\/www.booksonthemove.fr\\\/en\\\/produit\\\/le-labano-twist-jeu-de-cartes\\\/#primaryimage\",\"url\":\"https:\\\/\\\/www.booksonthemove.fr\\\/media\\\/bom_2638.jpeg\",\"contentUrl\":\"https:\\\/\\\/www.booksonthemove.fr\\\/media\\\/bom_2638.jpeg\",\"width\":900,\"height\":1200},{\"@type\":\"BreadcrumbList\",\"@id\":\"https:\\\/\\\/www.booksonthemove.fr\\\/en\\\/produit\\\/le-labano-twist-jeu-de-cartes\\\/#breadcrumb\",\"itemListElement\":[{\"@type\":\"ListItem\",\"position\":1,\"name\":\"Accueil\",\"item\":\"https:\\\/\\\/www.booksonthemove.fr\\\/en\\\/\"},{\"@type\":\"ListItem\",\"position\":2,\"name\":\"online store\",\"item\":\"https:\\\/\\\/www.booksonthemove.fr\\\/en\\\/online-shop\\\/\"},{\"@type\":\"ListItem\",\"position\":3,\"name\":\"Le Labano Twist &#8211; jeu de cartes\"}]},{\"@type\":\"WebSite\",\"@id\":\"https:\\\/\\\/www.booksonthemove.fr\\\/#website\",\"url\":\"https:\\\/\\\/www.booksonthemove.fr\\\/\",\"name\":\"Books on the Move\",\"description\":\"librairie nomade - danse - mouvement - performance\",\"publisher\":{\"@id\":\"https:\\\/\\\/www.booksonthemove.fr\\\/#organization\"},\"potentialAction\":[{\"@type\":\"SearchAction\",\"target\":{\"@type\":\"EntryPoint\",\"urlTemplate\":\"https:\\\/\\\/www.booksonthemove.fr\\\/?s={search_term_string}\"},\"query-input\":{\"@type\":\"PropertyValueSpecification\",\"valueRequired\":true,\"valueName\":\"search_term_string\"}}],\"inLanguage\":\"en-US\"},{\"@type\":\"Organization\",\"@id\":\"https:\\\/\\\/www.booksonthemove.fr\\\/#organization\",\"name\":\"Books on the Move\",\"url\":\"https:\\\/\\\/www.booksonthemove.fr\\\/\",\"logo\":{\"@type\":\"ImageObject\",\"inLanguage\":\"en-US\",\"@id\":\"https:\\\/\\\/www.booksonthemove.fr\\\/#\\\/schema\\\/logo\\\/image\\\/\",\"url\":\"https:\\\/\\\/www.booksonthemove.fr\\\/media\\\/logo-NB-400.jpg\",\"contentUrl\":\"https:\\\/\\\/www.booksonthemove.fr\\\/media\\\/logo-NB-400.jpg\",\"width\":400,\"height\":143,\"caption\":\"Books on the Move\"},\"image\":{\"@id\":\"https:\\\/\\\/www.booksonthemove.fr\\\/#\\\/schema\\\/logo\\\/image\\\/\"},\"sameAs\":[\"https:\\\/\\\/www.facebook.com\\\/Librairiebooksonthemove\\\/\"]}]}<\/script>\n<!-- \/ Yoast SEO plugin. -->","yoast_head_json":{"title":"Le Labano Twist - jeu de cartes - Books on the Move","robots":{"index":"index","follow":"follow","max-snippet":"max-snippet:-1","max-image-preview":"max-image-preview:large","max-video-preview":"max-video-preview:-1"},"canonical":"https:\/\/www.booksonthemove.fr\/en\/produit\/le-labano-twist-jeu-de-cartes\/","og_locale":"en_US","og_type":"article","og_title":"Le Labano Twist - jeu de cartes - Books on the Move","og_description":"CONCEPTION : Lina Schlageter ILLUSTRATIONS : Lina Schlageter PRODUCTION : Association R&amp;D, Centre d'Art Contemporain Chanot (2021)  CONTENU DE LA BOITE :\u00a030 cartes &amp; 2 notices LANGUE : Fran\u00e7ais","og_url":"https:\/\/www.booksonthemove.fr\/en\/produit\/le-labano-twist-jeu-de-cartes\/","og_site_name":"Books on the Move","article_publisher":"https:\/\/www.facebook.com\/Librairiebooksonthemove\/","article_modified_time":"2025-09-16T08:03:19+00:00","og_image":[{"width":900,"height":1200,"url":"https:\/\/www.booksonthemove.fr\/media\/bom_2638.jpeg","type":"image\/jpeg"}],"twitter_card":"summary_large_image","schema":{"@context":"https:\/\/schema.org","@graph":[{"@type":"WebPage","@id":"https:\/\/www.booksonthemove.fr\/en\/produit\/le-labano-twist-jeu-de-cartes\/","url":"https:\/\/www.booksonthemove.fr\/en\/produit\/le-labano-twist-jeu-de-cartes\/","name":"Le Labano Twist - jeu de cartes - Books on the Move","isPartOf":{"@id":"https:\/\/www.booksonthemove.fr\/#website"},"primaryImageOfPage":{"@id":"https:\/\/www.booksonthemove.fr\/en\/produit\/le-labano-twist-jeu-de-cartes\/#primaryimage"},"image":{"@id":"https:\/\/www.booksonthemove.fr\/en\/produit\/le-labano-twist-jeu-de-cartes\/#primaryimage"},"thumbnailUrl":"https:\/\/www.booksonthemove.fr\/media\/bom_2638.jpeg","datePublished":"2023-09-18T14:41:01+00:00","dateModified":"2025-09-16T08:03:19+00:00","breadcrumb":{"@id":"https:\/\/www.booksonthemove.fr\/en\/produit\/le-labano-twist-jeu-de-cartes\/#breadcrumb"},"inLanguage":"en-US","potentialAction":[{"@type":"ReadAction","target":["https:\/\/www.booksonthemove.fr\/en\/produit\/le-labano-twist-jeu-de-cartes\/"]}]},{"@type":"ImageObject","inLanguage":"en-US","@id":"https:\/\/www.booksonthemove.fr\/en\/produit\/le-labano-twist-jeu-de-cartes\/#primaryimage","url":"https:\/\/www.booksonthemove.fr\/media\/bom_2638.jpeg","contentUrl":"https:\/\/www.booksonthemove.fr\/media\/bom_2638.jpeg","width":900,"height":1200},{"@type":"BreadcrumbList","@id":"https:\/\/www.booksonthemove.fr\/en\/produit\/le-labano-twist-jeu-de-cartes\/#breadcrumb","itemListElement":[{"@type":"ListItem","position":1,"name":"Accueil","item":"https:\/\/www.booksonthemove.fr\/en\/"},{"@type":"ListItem","position":2,"name":"online store","item":"https:\/\/www.booksonthemove.fr\/en\/online-shop\/"},{"@type":"ListItem","position":3,"name":"Le Labano Twist &#8211; jeu de cartes"}]},{"@type":"WebSite","@id":"https:\/\/www.booksonthemove.fr\/#website","url":"https:\/\/www.booksonthemove.fr\/","name":"Books on the Move","description":"librairie nomade - danse - mouvement - performance","publisher":{"@id":"https:\/\/www.booksonthemove.fr\/#organization"},"potentialAction":[{"@type":"SearchAction","target":{"@type":"EntryPoint","urlTemplate":"https:\/\/www.booksonthemove.fr\/?s={search_term_string}"},"query-input":{"@type":"PropertyValueSpecification","valueRequired":true,"valueName":"search_term_string"}}],"inLanguage":"en-US"},{"@type":"Organization","@id":"https:\/\/www.booksonthemove.fr\/#organization","name":"Books on the Move","url":"https:\/\/www.booksonthemove.fr\/","logo":{"@type":"ImageObject","inLanguage":"en-US","@id":"https:\/\/www.booksonthemove.fr\/#\/schema\/logo\/image\/","url":"https:\/\/www.booksonthemove.fr\/media\/logo-NB-400.jpg","contentUrl":"https:\/\/www.booksonthemove.fr\/media\/logo-NB-400.jpg","width":400,"height":143,"caption":"Books on the Move"},"image":{"@id":"https:\/\/www.booksonthemove.fr\/#\/schema\/logo\/image\/"},"sameAs":["https:\/\/www.facebook.com\/Librairiebooksonthemove\/"]}]}},"_links":{"self":[{"href":"https:\/\/www.booksonthemove.fr\/en\/wp-json\/wp\/v2\/product\/38446","targetHints":{"allow":["GET"]}}],"collection":[{"href":"https:\/\/www.booksonthemove.fr\/en\/wp-json\/wp\/v2\/product"}],"about":[{"href":"https:\/\/www.booksonthemove.fr\/en\/wp-json\/wp\/v2\/types\/product"}],"wp:featuredmedia":[{"embeddable":true,"href":"https:\/\/www.booksonthemove.fr\/en\/wp-json\/wp\/v2\/media\/38445"}],"wp:attachment":[{"href":"https:\/\/www.booksonthemove.fr\/en\/wp-json\/wp\/v2\/media?parent=38446"}],"wp:term":[{"taxonomy":"product_brand","embeddable":true,"href":"https:\/\/www.booksonthemove.fr\/en\/wp-json\/wp\/v2\/product_brand?post=38446"},{"taxonomy":"product_cat","embeddable":true,"href":"https:\/\/www.booksonthemove.fr\/en\/wp-json\/wp\/v2\/product_cat?post=38446"},{"taxonomy":"product_tag","embeddable":true,"href":"https:\/\/www.booksonthemove.fr\/en\/wp-json\/wp\/v2\/product_tag?post=38446"}],"curies":[{"name":"wp","href":"https:\/\/api.w.org\/{rel}","templated":true}]}}