{"id":38866,"date":"2023-09-26T16:00:25","date_gmt":"2023-09-26T14:00:25","guid":{"rendered":"https:\/\/www.booksonthemove.fr\/?post_type=product&#038;p=38866"},"modified":"2024-10-08T10:33:27","modified_gmt":"2024-10-08T08:33:27","slug":"7638-%e2%88%9e-jerome-bel","status":"publish","type":"product","link":"https:\/\/www.booksonthemove.fr\/en\/produit\/7638-%e2%88%9e-jerome-bel\/","title":{"rendered":"76\u201938\u2019\u2019 + \u221e J\u00e9r\u00f4me Bel"},"content":{"rendered":"<p>J\u00e9r\u00f4me Bel offers a different a approach to dance. In which dancers become speaking subjects and co-authors of his works. In which professional dancers and amateurs coming from different cultural and social contexts have access, together, to the stage. In which the realm of the \u201creal\u201d and of its excluded subjects becomes content and form of his choreographic pieces.<br \/>\nThrough a research path that aims to investigate the character and prospects of the performative act, the Center for Contemporary Art Luigi Pecci of Prato has organized the first solo exhibition in a museum of French choreographer J\u00e9r\u00f4me Bel, curated by Antonia Alampi. The show brings together a selection of his most significant works to investigate the many possibilities of translating performance within the duration of an exhibition. It is time, more than space, that characterizes this project. Hence the title 76\u201938 \u2018\u2019 + \u221e that alludes to the duration, to the sum of the lengths of the videos on view: an encouragement to observe the works on display from the beginning to the end, a classical norm in theatres, an unusual behaviour in the museum. Here \u221e refers to the countless possibilities of a new dance, an on-going one created specifically for the Centro Pecci: a work without an end, thought to be experienced from a few seconds to eternity.<br \/>\nThe catalogue is a compendium on the work of Bel, designed to provide a broader overview on his artistic practice. In addition to a critical essay by Gerald Siegmund, which provides a lengthy analysis of his research from the nineties to the present, and a conversation with the curator in which Bel discusses many of the theoretical problems that have led to the creation of his works, this publication includes images in large format and descriptions of many of his works.<\/p>\n<p>&nbsp;<\/p>\n<p>J\u00e9r\u00f4me Bel offre un diverso approccio alla danza. In cui i ballerini diventano soggetti parlanti e co-autori delle sue opere. In cui danzatori professionisti e amatoriali provenienti da contesti culturali e sociali differenti hanno accesso, insieme, alla scena. In cui il regno del \u201creale\u201d e dei suoi soggetti esclusi diventa contenuto e forma di opere coreografiche.<br \/>\nNel percorso di ricerca con il quale intende indagare il carattere e le prospettive dell\u2019atto performativo, il Centro per l\u2019Arte Contemporanea Luigi Pecci di Prato ha organizzato la prima mostra personale in un museo del coreografo francese J\u00e9r\u00f4me Bel, a cura di Antonia Alampi. L\u2019esposizione raccoglie una selezione delle sue opere pi\u00f9 significative puntando a investigare le varie modalit\u00e0 di traduzione della performance in durata espositiva.<br \/>\n\u00c8 il tempo, pi\u00f9 che lo spazio, a caratterizzare questo percorso. Da qui il titolo 76\u201938\u2019\u2019 + \u221e che allude proprio alla durata, alla somma delle lunghezze dei video in mostra: un incoraggiamento a osservare i lavori dall\u2019inizio alla fine, norma classica all\u2019interno del teatro, comportamento inconsueto nel museo. Dove \u221e \u00e8 invece riferito alle innumerevoli possibilit\u00e0 della nuova danza, un loop creato appositamente per il Centro Pecci: un\u2019opera senza fine realizzata per essere esperita dai pochi secondi all\u2019eternit\u00e0.<br \/>\nIl catalogo \u00e8 un compendio del lavoro di Bel, pensato per fornire un approfondimento generale sulla sua pratica artistica. Oltre a un testo critico di Gerald Siegmund che fornisce una lunga analisi della sua ricerca dagli anni Novanta ad oggi e una conversazione con la curatrice in cui Bel discute molti dei problemi teorici che lo hanno portato alla creazione delle sue opere, il libro include immagini in grande formato e schede descrittive della maggioranza dei suoi lavori.<\/p>\n","protected":false},"excerpt":{"rendered":"<p><b>AUTHOR\/AUTRICE<\/b><b>: <\/b>edited by Antonia Alampi<br \/>\n<b>PUBLISHER\/EDITORE:\u00a0<\/b>Silvana Editoriale (2017)<\/p>\n<p><b>PAPERBACK\/RILEGATURA: <\/b>48 pages<br \/>\n<b>LANGUAGE\/LINGUA: <\/b>English\/Italien, Italiano, Inglese<br \/>\n<b>ISBN13:\u00a0<\/b>978 8 836 63695 2<\/p>\n","protected":false},"featured_media":38867,"template":"","meta":[],"product_brand":[],"product_cat":[135,258,225],"product_tag":[],"class_list":{"0":"post-38866","1":"product","2":"type-product","3":"status-publish","4":"has-post-thumbnail","6":"product_cat-english-en","7":"product_cat-other-languages","8":"product_cat-exhibitions-catalogues-en","10":"first","11":"outofstock","12":"taxable","13":"shipping-taxable","14":"purchasable","15":"product-type-simple"},"yoast_head":"<!-- This site is optimized with the Yoast SEO plugin v27.5 - https:\/\/yoast.com\/product\/yoast-seo-wordpress\/ -->\n<title>76\u201938\u2019\u2019 + \u221e J\u00e9r\u00f4me Bel - Books on the Move<\/title>\n<meta name=\"robots\" content=\"index, follow, max-snippet:-1, max-image-preview:large, max-video-preview:-1\" \/>\n<link rel=\"canonical\" href=\"https:\/\/www.booksonthemove.fr\/en\/produit\/7638-\u221e-jerome-bel\/\" \/>\n<meta property=\"og:locale\" content=\"en_US\" \/>\n<meta property=\"og:type\" content=\"article\" \/>\n<meta property=\"og:title\" content=\"76\u201938\u2019\u2019 + \u221e J\u00e9r\u00f4me Bel - Books on the Move\" \/>\n<meta property=\"og:description\" content=\"AUTHOR\/AUTRICE: edited by Antonia Alampi PUBLISHER\/EDITORE:\u00a0Silvana Editoriale (2017)  PAPERBACK\/RILEGATURA: 48 pages LANGUAGE\/LINGUA: English\/Italien, Italiano, Inglese ISBN13:\u00a0978 8 836 63695 2\" \/>\n<meta property=\"og:url\" content=\"https:\/\/www.booksonthemove.fr\/en\/produit\/7638-\u221e-jerome-bel\/\" \/>\n<meta property=\"og:site_name\" content=\"Books on the Move\" \/>\n<meta property=\"article:publisher\" content=\"https:\/\/www.facebook.com\/Librairiebooksonthemove\/\" \/>\n<meta property=\"article:modified_time\" content=\"2024-10-08T08:33:27+00:00\" \/>\n<meta property=\"og:image\" content=\"https:\/\/www.booksonthemove.fr\/media\/bom_2657.jpg\" \/>\n\t<meta property=\"og:image:width\" content=\"600\" \/>\n\t<meta property=\"og:image:height\" content=\"798\" \/>\n\t<meta property=\"og:image:type\" content=\"image\/jpeg\" \/>\n<meta name=\"twitter:card\" content=\"summary_large_image\" \/>\n<script type=\"application\/ld+json\" class=\"yoast-schema-graph\">{\"@context\":\"https:\\\/\\\/schema.org\",\"@graph\":[{\"@type\":\"WebPage\",\"@id\":\"https:\\\/\\\/www.booksonthemove.fr\\\/en\\\/produit\\\/7638-%e2%88%9e-jerome-bel\\\/\",\"url\":\"https:\\\/\\\/www.booksonthemove.fr\\\/en\\\/produit\\\/7638-%e2%88%9e-jerome-bel\\\/\",\"name\":\"76\u201938\u2019\u2019 + \u221e J\u00e9r\u00f4me Bel - Books on the Move\",\"isPartOf\":{\"@id\":\"https:\\\/\\\/www.booksonthemove.fr\\\/#website\"},\"primaryImageOfPage\":{\"@id\":\"https:\\\/\\\/www.booksonthemove.fr\\\/en\\\/produit\\\/7638-%e2%88%9e-jerome-bel\\\/#primaryimage\"},\"image\":{\"@id\":\"https:\\\/\\\/www.booksonthemove.fr\\\/en\\\/produit\\\/7638-%e2%88%9e-jerome-bel\\\/#primaryimage\"},\"thumbnailUrl\":\"https:\\\/\\\/www.booksonthemove.fr\\\/media\\\/bom_2657.jpg\",\"datePublished\":\"2023-09-26T14:00:25+00:00\",\"dateModified\":\"2024-10-08T08:33:27+00:00\",\"breadcrumb\":{\"@id\":\"https:\\\/\\\/www.booksonthemove.fr\\\/en\\\/produit\\\/7638-%e2%88%9e-jerome-bel\\\/#breadcrumb\"},\"inLanguage\":\"en-US\",\"potentialAction\":[{\"@type\":\"ReadAction\",\"target\":[\"https:\\\/\\\/www.booksonthemove.fr\\\/en\\\/produit\\\/7638-%e2%88%9e-jerome-bel\\\/\"]}]},{\"@type\":\"ImageObject\",\"inLanguage\":\"en-US\",\"@id\":\"https:\\\/\\\/www.booksonthemove.fr\\\/en\\\/produit\\\/7638-%e2%88%9e-jerome-bel\\\/#primaryimage\",\"url\":\"https:\\\/\\\/www.booksonthemove.fr\\\/media\\\/bom_2657.jpg\",\"contentUrl\":\"https:\\\/\\\/www.booksonthemove.fr\\\/media\\\/bom_2657.jpg\",\"width\":600,\"height\":798},{\"@type\":\"BreadcrumbList\",\"@id\":\"https:\\\/\\\/www.booksonthemove.fr\\\/en\\\/produit\\\/7638-%e2%88%9e-jerome-bel\\\/#breadcrumb\",\"itemListElement\":[{\"@type\":\"ListItem\",\"position\":1,\"name\":\"Accueil\",\"item\":\"https:\\\/\\\/www.booksonthemove.fr\\\/en\\\/\"},{\"@type\":\"ListItem\",\"position\":2,\"name\":\"online store\",\"item\":\"https:\\\/\\\/www.booksonthemove.fr\\\/en\\\/online-shop\\\/\"},{\"@type\":\"ListItem\",\"position\":3,\"name\":\"76\u201938\u2019\u2019 + \u221e J\u00e9r\u00f4me Bel\"}]},{\"@type\":\"WebSite\",\"@id\":\"https:\\\/\\\/www.booksonthemove.fr\\\/#website\",\"url\":\"https:\\\/\\\/www.booksonthemove.fr\\\/\",\"name\":\"Books on the Move\",\"description\":\"librairie nomade - danse - mouvement - performance\",\"publisher\":{\"@id\":\"https:\\\/\\\/www.booksonthemove.fr\\\/#organization\"},\"potentialAction\":[{\"@type\":\"SearchAction\",\"target\":{\"@type\":\"EntryPoint\",\"urlTemplate\":\"https:\\\/\\\/www.booksonthemove.fr\\\/?s={search_term_string}\"},\"query-input\":{\"@type\":\"PropertyValueSpecification\",\"valueRequired\":true,\"valueName\":\"search_term_string\"}}],\"inLanguage\":\"en-US\"},{\"@type\":\"Organization\",\"@id\":\"https:\\\/\\\/www.booksonthemove.fr\\\/#organization\",\"name\":\"Books on the Move\",\"url\":\"https:\\\/\\\/www.booksonthemove.fr\\\/\",\"logo\":{\"@type\":\"ImageObject\",\"inLanguage\":\"en-US\",\"@id\":\"https:\\\/\\\/www.booksonthemove.fr\\\/#\\\/schema\\\/logo\\\/image\\\/\",\"url\":\"https:\\\/\\\/www.booksonthemove.fr\\\/media\\\/logo-NB-400.jpg\",\"contentUrl\":\"https:\\\/\\\/www.booksonthemove.fr\\\/media\\\/logo-NB-400.jpg\",\"width\":400,\"height\":143,\"caption\":\"Books on the Move\"},\"image\":{\"@id\":\"https:\\\/\\\/www.booksonthemove.fr\\\/#\\\/schema\\\/logo\\\/image\\\/\"},\"sameAs\":[\"https:\\\/\\\/www.facebook.com\\\/Librairiebooksonthemove\\\/\"]}]}<\/script>\n<!-- \/ Yoast SEO plugin. -->","yoast_head_json":{"title":"76\u201938\u2019\u2019 + \u221e J\u00e9r\u00f4me Bel - Books on the Move","robots":{"index":"index","follow":"follow","max-snippet":"max-snippet:-1","max-image-preview":"max-image-preview:large","max-video-preview":"max-video-preview:-1"},"canonical":"https:\/\/www.booksonthemove.fr\/en\/produit\/7638-\u221e-jerome-bel\/","og_locale":"en_US","og_type":"article","og_title":"76\u201938\u2019\u2019 + \u221e J\u00e9r\u00f4me Bel - Books on the Move","og_description":"AUTHOR\/AUTRICE: edited by Antonia Alampi PUBLISHER\/EDITORE:\u00a0Silvana Editoriale (2017)  PAPERBACK\/RILEGATURA: 48 pages LANGUAGE\/LINGUA: English\/Italien, Italiano, Inglese ISBN13:\u00a0978 8 836 63695 2","og_url":"https:\/\/www.booksonthemove.fr\/en\/produit\/7638-\u221e-jerome-bel\/","og_site_name":"Books on the Move","article_publisher":"https:\/\/www.facebook.com\/Librairiebooksonthemove\/","article_modified_time":"2024-10-08T08:33:27+00:00","og_image":[{"width":600,"height":798,"url":"https:\/\/www.booksonthemove.fr\/media\/bom_2657.jpg","type":"image\/jpeg"}],"twitter_card":"summary_large_image","schema":{"@context":"https:\/\/schema.org","@graph":[{"@type":"WebPage","@id":"https:\/\/www.booksonthemove.fr\/en\/produit\/7638-%e2%88%9e-jerome-bel\/","url":"https:\/\/www.booksonthemove.fr\/en\/produit\/7638-%e2%88%9e-jerome-bel\/","name":"76\u201938\u2019\u2019 + \u221e J\u00e9r\u00f4me Bel - Books on the Move","isPartOf":{"@id":"https:\/\/www.booksonthemove.fr\/#website"},"primaryImageOfPage":{"@id":"https:\/\/www.booksonthemove.fr\/en\/produit\/7638-%e2%88%9e-jerome-bel\/#primaryimage"},"image":{"@id":"https:\/\/www.booksonthemove.fr\/en\/produit\/7638-%e2%88%9e-jerome-bel\/#primaryimage"},"thumbnailUrl":"https:\/\/www.booksonthemove.fr\/media\/bom_2657.jpg","datePublished":"2023-09-26T14:00:25+00:00","dateModified":"2024-10-08T08:33:27+00:00","breadcrumb":{"@id":"https:\/\/www.booksonthemove.fr\/en\/produit\/7638-%e2%88%9e-jerome-bel\/#breadcrumb"},"inLanguage":"en-US","potentialAction":[{"@type":"ReadAction","target":["https:\/\/www.booksonthemove.fr\/en\/produit\/7638-%e2%88%9e-jerome-bel\/"]}]},{"@type":"ImageObject","inLanguage":"en-US","@id":"https:\/\/www.booksonthemove.fr\/en\/produit\/7638-%e2%88%9e-jerome-bel\/#primaryimage","url":"https:\/\/www.booksonthemove.fr\/media\/bom_2657.jpg","contentUrl":"https:\/\/www.booksonthemove.fr\/media\/bom_2657.jpg","width":600,"height":798},{"@type":"BreadcrumbList","@id":"https:\/\/www.booksonthemove.fr\/en\/produit\/7638-%e2%88%9e-jerome-bel\/#breadcrumb","itemListElement":[{"@type":"ListItem","position":1,"name":"Accueil","item":"https:\/\/www.booksonthemove.fr\/en\/"},{"@type":"ListItem","position":2,"name":"online store","item":"https:\/\/www.booksonthemove.fr\/en\/online-shop\/"},{"@type":"ListItem","position":3,"name":"76\u201938\u2019\u2019 + \u221e J\u00e9r\u00f4me Bel"}]},{"@type":"WebSite","@id":"https:\/\/www.booksonthemove.fr\/#website","url":"https:\/\/www.booksonthemove.fr\/","name":"Books on the Move","description":"librairie nomade - danse - mouvement - performance","publisher":{"@id":"https:\/\/www.booksonthemove.fr\/#organization"},"potentialAction":[{"@type":"SearchAction","target":{"@type":"EntryPoint","urlTemplate":"https:\/\/www.booksonthemove.fr\/?s={search_term_string}"},"query-input":{"@type":"PropertyValueSpecification","valueRequired":true,"valueName":"search_term_string"}}],"inLanguage":"en-US"},{"@type":"Organization","@id":"https:\/\/www.booksonthemove.fr\/#organization","name":"Books on the Move","url":"https:\/\/www.booksonthemove.fr\/","logo":{"@type":"ImageObject","inLanguage":"en-US","@id":"https:\/\/www.booksonthemove.fr\/#\/schema\/logo\/image\/","url":"https:\/\/www.booksonthemove.fr\/media\/logo-NB-400.jpg","contentUrl":"https:\/\/www.booksonthemove.fr\/media\/logo-NB-400.jpg","width":400,"height":143,"caption":"Books on the Move"},"image":{"@id":"https:\/\/www.booksonthemove.fr\/#\/schema\/logo\/image\/"},"sameAs":["https:\/\/www.facebook.com\/Librairiebooksonthemove\/"]}]}},"_links":{"self":[{"href":"https:\/\/www.booksonthemove.fr\/en\/wp-json\/wp\/v2\/product\/38866","targetHints":{"allow":["GET"]}}],"collection":[{"href":"https:\/\/www.booksonthemove.fr\/en\/wp-json\/wp\/v2\/product"}],"about":[{"href":"https:\/\/www.booksonthemove.fr\/en\/wp-json\/wp\/v2\/types\/product"}],"wp:featuredmedia":[{"embeddable":true,"href":"https:\/\/www.booksonthemove.fr\/en\/wp-json\/wp\/v2\/media\/38867"}],"wp:attachment":[{"href":"https:\/\/www.booksonthemove.fr\/en\/wp-json\/wp\/v2\/media?parent=38866"}],"wp:term":[{"taxonomy":"product_brand","embeddable":true,"href":"https:\/\/www.booksonthemove.fr\/en\/wp-json\/wp\/v2\/product_brand?post=38866"},{"taxonomy":"product_cat","embeddable":true,"href":"https:\/\/www.booksonthemove.fr\/en\/wp-json\/wp\/v2\/product_cat?post=38866"},{"taxonomy":"product_tag","embeddable":true,"href":"https:\/\/www.booksonthemove.fr\/en\/wp-json\/wp\/v2\/product_tag?post=38866"}],"curies":[{"name":"wp","href":"https:\/\/api.w.org\/{rel}","templated":true}]}}