{"id":39133,"date":"2023-10-11T23:04:30","date_gmt":"2023-10-11T21:04:30","guid":{"rendered":"https:\/\/www.booksonthemove.fr\/produit\/mon-corps-a-t-il-un-sexe-sur-le-genre-dialogues-entre-biologies-et-sciences-sociales\/"},"modified":"2023-10-16T23:06:23","modified_gmt":"2023-10-16T21:06:23","slug":"mon-corps-a-t-il-un-sexe-sur-le-genre-dialogues-entre-biologies-et-sciences-sociales","status":"publish","type":"product","link":"https:\/\/www.booksonthemove.fr\/en\/produit\/mon-corps-a-t-il-un-sexe-sur-le-genre-dialogues-entre-biologies-et-sciences-sociales\/","title":{"rendered":"Mon corps a-t-il un sexe ? &#8211; Sur le genre, dialogues entre biologies et sciences sociales"},"content":{"rendered":"<p>&#8221; Sexe &#8221; est l&#8217;un des mots de la langue fran\u00e7aise que les gens sans distinction de classe, de religion, d&#8217;apparence ou de profession, utilisent avec grand int\u00e9r\u00eat, qu&#8217;ils soient accoud\u00e9s au zinc d&#8217;un bistrot ou \u00e0 la paillasse d&#8217;un laboratoire de biologie mol\u00e9culaire. Deux mises en sc\u00e8ne distinctes, sociale ou scientifique ; deux sc\u00e9narios diff\u00e9rents : d&#8217;un c\u00f4t\u00e9, les histoires d&#8217;amour ou d&#8217;imaginaire sexuel, de l&#8217;autre, les recherches biologiques. Sous ce mot de &#8221; sexe &#8220;, notre langue, si riche, produit une polys\u00e9mie bien f\u00e2cheuse.<br \/>\nL&#8217;ambition de ce volume, qui rassemble les contributions de chercheurs et chercheuses en sciences de la vie et en sciences humaines et sociales est de faire le point sur les connaissances concernant le sexe biologique et ses variations, dont on sait d\u00e9sormais qu&#8217;il ne permet pas de s\u00e9parer les individus en deux cat\u00e9gories bien distinctes. Ce livre veut aussi \u00e9valuer l&#8217;impact du genre sur le d\u00e9veloppement du corps des \u00eatres sexu\u00e9s et sur la construction de leur identit\u00e9. Enfin, il cherche \u00e0 appr\u00e9cier dans quelle mesure les croyances li\u00e9es au genre (bicat\u00e9gorisation m\u00e2le-femelle stricte, sup\u00e9riorit\u00e9 masculine) ont pu influencer les recherches men\u00e9es sur le sexe biologique. Et les t\u00e9moignages de personnes intersexes et transgenres apportent sur la question de l&#8217;identit\u00e9 sexu\u00e9e un \u00e9clairage compl\u00e9mentaire qui bouscule les &#8221; r\u00e9ponses &#8221; que donnent le plus souvent la m\u00e9decine et le droit.<\/p>\n","protected":false},"excerpt":{"rendered":"<p><strong>AUTEURES :\u00a0<\/strong>\u00c9velyne Peyre &amp;\u00a0Jo\u00eblle Wiels<br \/>\n<strong>\u00c9DITEUR :<\/strong> La D\u00e9couverte (2015)<br \/>\n<strong>COLLECTION : <\/strong>Recherches<\/p>\n<p><strong>BROCH\u00c9 :<\/strong>\u00a0360 pages<br \/>\n<strong>LANGUE :<\/strong> Fran\u00e7ais<br \/>\n<strong>ISBN13 :\u00a0<\/strong>978 2 707 17358 4<\/p>\n","protected":false},"featured_media":39132,"template":"","meta":[],"product_brand":[],"product_cat":[143,146,162,294,222],"product_tag":[],"class_list":{"0":"post-39133","1":"product","2":"type-product","3":"status-publish","4":"has-post-thumbnail","6":"product_cat-gender-studies-en","7":"product_cat-theoretical-texts-en","8":"product_cat-french-en","9":"product_cat-science-en","10":"product_cat-social-studies-en","12":"first","13":"instock","14":"taxable","15":"shipping-taxable","16":"purchasable","17":"product-type-simple"},"yoast_head":"<!-- This site is optimized with the Yoast SEO plugin v27.4 - https:\/\/yoast.com\/product\/yoast-seo-wordpress\/ -->\n<title>Mon corps a-t-il un sexe ? - Sur le genre, dialogues entre biologies et sciences sociales - Books on the Move<\/title>\n<meta name=\"robots\" content=\"index, follow, max-snippet:-1, max-image-preview:large, max-video-preview:-1\" \/>\n<link rel=\"canonical\" href=\"https:\/\/www.booksonthemove.fr\/produit\/mon-corps-a-t-il-un-sexe-sur-le-genre-dialogues-entre-biologies-et-sciences-sociales\/\" \/>\n<meta property=\"og:locale\" content=\"en_US\" \/>\n<meta property=\"og:type\" content=\"article\" \/>\n<meta property=\"og:title\" content=\"Mon corps a-t-il un sexe ? - Sur le genre, dialogues entre biologies et sciences sociales - Books on the Move\" \/>\n<meta property=\"og:description\" content=\"AUTEURES :\u00a0\u00c9velyne Peyre &amp;\u00a0Jo\u00eblle Wiels \u00c9DITEUR : La D\u00e9couverte (2015) COLLECTION : Recherches  BROCH\u00c9 :\u00a0360 pages LANGUE : Fran\u00e7ais ISBN13 :\u00a0978 2 707 17358 4\" \/>\n<meta property=\"og:url\" content=\"https:\/\/www.booksonthemove.fr\/produit\/mon-corps-a-t-il-un-sexe-sur-le-genre-dialogues-entre-biologies-et-sciences-sociales\/\" \/>\n<meta property=\"og:site_name\" content=\"Books on the Move\" \/>\n<meta property=\"article:publisher\" content=\"https:\/\/www.facebook.com\/Librairiebooksonthemove\/\" \/>\n<meta property=\"article:modified_time\" content=\"2023-10-16T21:06:23+00:00\" \/>\n<meta property=\"og:image\" content=\"https:\/\/www.booksonthemove.fr\/media\/bom_2644.jpg\" \/>\n\t<meta property=\"og:image:width\" content=\"800\" \/>\n\t<meta property=\"og:image:height\" content=\"1243\" \/>\n\t<meta property=\"og:image:type\" content=\"image\/jpeg\" \/>\n<meta name=\"twitter:card\" content=\"summary_large_image\" \/>\n<script type=\"application\/ld+json\" class=\"yoast-schema-graph\">{\"@context\":\"https:\\\/\\\/schema.org\",\"@graph\":[{\"@type\":\"WebPage\",\"@id\":\"https:\\\/\\\/www.booksonthemove.fr\\\/produit\\\/mon-corps-a-t-il-un-sexe-sur-le-genre-dialogues-entre-biologies-et-sciences-sociales\\\/\",\"url\":\"https:\\\/\\\/www.booksonthemove.fr\\\/produit\\\/mon-corps-a-t-il-un-sexe-sur-le-genre-dialogues-entre-biologies-et-sciences-sociales\\\/\",\"name\":\"Mon corps a-t-il un sexe ? - Sur le genre, dialogues entre biologies et sciences sociales - Books on the Move\",\"isPartOf\":{\"@id\":\"https:\\\/\\\/www.booksonthemove.fr\\\/#website\"},\"primaryImageOfPage\":{\"@id\":\"https:\\\/\\\/www.booksonthemove.fr\\\/produit\\\/mon-corps-a-t-il-un-sexe-sur-le-genre-dialogues-entre-biologies-et-sciences-sociales\\\/#primaryimage\"},\"image\":{\"@id\":\"https:\\\/\\\/www.booksonthemove.fr\\\/produit\\\/mon-corps-a-t-il-un-sexe-sur-le-genre-dialogues-entre-biologies-et-sciences-sociales\\\/#primaryimage\"},\"thumbnailUrl\":\"https:\\\/\\\/www.booksonthemove.fr\\\/media\\\/bom_2644.jpg\",\"datePublished\":\"2023-10-11T21:04:30+00:00\",\"dateModified\":\"2023-10-16T21:06:23+00:00\",\"breadcrumb\":{\"@id\":\"https:\\\/\\\/www.booksonthemove.fr\\\/produit\\\/mon-corps-a-t-il-un-sexe-sur-le-genre-dialogues-entre-biologies-et-sciences-sociales\\\/#breadcrumb\"},\"inLanguage\":\"en-US\",\"potentialAction\":[{\"@type\":\"ReadAction\",\"target\":[\"https:\\\/\\\/www.booksonthemove.fr\\\/produit\\\/mon-corps-a-t-il-un-sexe-sur-le-genre-dialogues-entre-biologies-et-sciences-sociales\\\/\"]}]},{\"@type\":\"ImageObject\",\"inLanguage\":\"en-US\",\"@id\":\"https:\\\/\\\/www.booksonthemove.fr\\\/produit\\\/mon-corps-a-t-il-un-sexe-sur-le-genre-dialogues-entre-biologies-et-sciences-sociales\\\/#primaryimage\",\"url\":\"https:\\\/\\\/www.booksonthemove.fr\\\/media\\\/bom_2644.jpg\",\"contentUrl\":\"https:\\\/\\\/www.booksonthemove.fr\\\/media\\\/bom_2644.jpg\",\"width\":800,\"height\":1243},{\"@type\":\"BreadcrumbList\",\"@id\":\"https:\\\/\\\/www.booksonthemove.fr\\\/produit\\\/mon-corps-a-t-il-un-sexe-sur-le-genre-dialogues-entre-biologies-et-sciences-sociales\\\/#breadcrumb\",\"itemListElement\":[{\"@type\":\"ListItem\",\"position\":1,\"name\":\"Accueil\",\"item\":\"https:\\\/\\\/www.booksonthemove.fr\\\/en\\\/\"},{\"@type\":\"ListItem\",\"position\":2,\"name\":\"online store\",\"item\":\"https:\\\/\\\/www.booksonthemove.fr\\\/en\\\/online-shop\\\/\"},{\"@type\":\"ListItem\",\"position\":3,\"name\":\"Mon corps a-t-il un sexe ? &#8211; Sur le genre, dialogues entre biologies et sciences sociales\"}]},{\"@type\":\"WebSite\",\"@id\":\"https:\\\/\\\/www.booksonthemove.fr\\\/#website\",\"url\":\"https:\\\/\\\/www.booksonthemove.fr\\\/\",\"name\":\"Books on the Move\",\"description\":\"librairie nomade - danse - mouvement - performance\",\"publisher\":{\"@id\":\"https:\\\/\\\/www.booksonthemove.fr\\\/#organization\"},\"potentialAction\":[{\"@type\":\"SearchAction\",\"target\":{\"@type\":\"EntryPoint\",\"urlTemplate\":\"https:\\\/\\\/www.booksonthemove.fr\\\/?s={search_term_string}\"},\"query-input\":{\"@type\":\"PropertyValueSpecification\",\"valueRequired\":true,\"valueName\":\"search_term_string\"}}],\"inLanguage\":\"en-US\"},{\"@type\":\"Organization\",\"@id\":\"https:\\\/\\\/www.booksonthemove.fr\\\/#organization\",\"name\":\"Books on the Move\",\"url\":\"https:\\\/\\\/www.booksonthemove.fr\\\/\",\"logo\":{\"@type\":\"ImageObject\",\"inLanguage\":\"en-US\",\"@id\":\"https:\\\/\\\/www.booksonthemove.fr\\\/#\\\/schema\\\/logo\\\/image\\\/\",\"url\":\"https:\\\/\\\/www.booksonthemove.fr\\\/media\\\/logo-NB-400.jpg\",\"contentUrl\":\"https:\\\/\\\/www.booksonthemove.fr\\\/media\\\/logo-NB-400.jpg\",\"width\":400,\"height\":143,\"caption\":\"Books on the Move\"},\"image\":{\"@id\":\"https:\\\/\\\/www.booksonthemove.fr\\\/#\\\/schema\\\/logo\\\/image\\\/\"},\"sameAs\":[\"https:\\\/\\\/www.facebook.com\\\/Librairiebooksonthemove\\\/\"]}]}<\/script>\n<!-- \/ Yoast SEO plugin. -->","yoast_head_json":{"title":"Mon corps a-t-il un sexe ? - Sur le genre, dialogues entre biologies et sciences sociales - Books on the Move","robots":{"index":"index","follow":"follow","max-snippet":"max-snippet:-1","max-image-preview":"max-image-preview:large","max-video-preview":"max-video-preview:-1"},"canonical":"https:\/\/www.booksonthemove.fr\/produit\/mon-corps-a-t-il-un-sexe-sur-le-genre-dialogues-entre-biologies-et-sciences-sociales\/","og_locale":"en_US","og_type":"article","og_title":"Mon corps a-t-il un sexe ? - Sur le genre, dialogues entre biologies et sciences sociales - Books on the Move","og_description":"AUTEURES :\u00a0\u00c9velyne Peyre &amp;\u00a0Jo\u00eblle Wiels \u00c9DITEUR : La D\u00e9couverte (2015) COLLECTION : Recherches  BROCH\u00c9 :\u00a0360 pages LANGUE : Fran\u00e7ais ISBN13 :\u00a0978 2 707 17358 4","og_url":"https:\/\/www.booksonthemove.fr\/produit\/mon-corps-a-t-il-un-sexe-sur-le-genre-dialogues-entre-biologies-et-sciences-sociales\/","og_site_name":"Books on the Move","article_publisher":"https:\/\/www.facebook.com\/Librairiebooksonthemove\/","article_modified_time":"2023-10-16T21:06:23+00:00","og_image":[{"width":800,"height":1243,"url":"https:\/\/www.booksonthemove.fr\/media\/bom_2644.jpg","type":"image\/jpeg"}],"twitter_card":"summary_large_image","schema":{"@context":"https:\/\/schema.org","@graph":[{"@type":"WebPage","@id":"https:\/\/www.booksonthemove.fr\/produit\/mon-corps-a-t-il-un-sexe-sur-le-genre-dialogues-entre-biologies-et-sciences-sociales\/","url":"https:\/\/www.booksonthemove.fr\/produit\/mon-corps-a-t-il-un-sexe-sur-le-genre-dialogues-entre-biologies-et-sciences-sociales\/","name":"Mon corps a-t-il un sexe ? - Sur le genre, dialogues entre biologies et sciences sociales - Books on the Move","isPartOf":{"@id":"https:\/\/www.booksonthemove.fr\/#website"},"primaryImageOfPage":{"@id":"https:\/\/www.booksonthemove.fr\/produit\/mon-corps-a-t-il-un-sexe-sur-le-genre-dialogues-entre-biologies-et-sciences-sociales\/#primaryimage"},"image":{"@id":"https:\/\/www.booksonthemove.fr\/produit\/mon-corps-a-t-il-un-sexe-sur-le-genre-dialogues-entre-biologies-et-sciences-sociales\/#primaryimage"},"thumbnailUrl":"https:\/\/www.booksonthemove.fr\/media\/bom_2644.jpg","datePublished":"2023-10-11T21:04:30+00:00","dateModified":"2023-10-16T21:06:23+00:00","breadcrumb":{"@id":"https:\/\/www.booksonthemove.fr\/produit\/mon-corps-a-t-il-un-sexe-sur-le-genre-dialogues-entre-biologies-et-sciences-sociales\/#breadcrumb"},"inLanguage":"en-US","potentialAction":[{"@type":"ReadAction","target":["https:\/\/www.booksonthemove.fr\/produit\/mon-corps-a-t-il-un-sexe-sur-le-genre-dialogues-entre-biologies-et-sciences-sociales\/"]}]},{"@type":"ImageObject","inLanguage":"en-US","@id":"https:\/\/www.booksonthemove.fr\/produit\/mon-corps-a-t-il-un-sexe-sur-le-genre-dialogues-entre-biologies-et-sciences-sociales\/#primaryimage","url":"https:\/\/www.booksonthemove.fr\/media\/bom_2644.jpg","contentUrl":"https:\/\/www.booksonthemove.fr\/media\/bom_2644.jpg","width":800,"height":1243},{"@type":"BreadcrumbList","@id":"https:\/\/www.booksonthemove.fr\/produit\/mon-corps-a-t-il-un-sexe-sur-le-genre-dialogues-entre-biologies-et-sciences-sociales\/#breadcrumb","itemListElement":[{"@type":"ListItem","position":1,"name":"Accueil","item":"https:\/\/www.booksonthemove.fr\/en\/"},{"@type":"ListItem","position":2,"name":"online store","item":"https:\/\/www.booksonthemove.fr\/en\/online-shop\/"},{"@type":"ListItem","position":3,"name":"Mon corps a-t-il un sexe ? &#8211; Sur le genre, dialogues entre biologies et sciences sociales"}]},{"@type":"WebSite","@id":"https:\/\/www.booksonthemove.fr\/#website","url":"https:\/\/www.booksonthemove.fr\/","name":"Books on the Move","description":"librairie nomade - danse - mouvement - performance","publisher":{"@id":"https:\/\/www.booksonthemove.fr\/#organization"},"potentialAction":[{"@type":"SearchAction","target":{"@type":"EntryPoint","urlTemplate":"https:\/\/www.booksonthemove.fr\/?s={search_term_string}"},"query-input":{"@type":"PropertyValueSpecification","valueRequired":true,"valueName":"search_term_string"}}],"inLanguage":"en-US"},{"@type":"Organization","@id":"https:\/\/www.booksonthemove.fr\/#organization","name":"Books on the Move","url":"https:\/\/www.booksonthemove.fr\/","logo":{"@type":"ImageObject","inLanguage":"en-US","@id":"https:\/\/www.booksonthemove.fr\/#\/schema\/logo\/image\/","url":"https:\/\/www.booksonthemove.fr\/media\/logo-NB-400.jpg","contentUrl":"https:\/\/www.booksonthemove.fr\/media\/logo-NB-400.jpg","width":400,"height":143,"caption":"Books on the Move"},"image":{"@id":"https:\/\/www.booksonthemove.fr\/#\/schema\/logo\/image\/"},"sameAs":["https:\/\/www.facebook.com\/Librairiebooksonthemove\/"]}]}},"_links":{"self":[{"href":"https:\/\/www.booksonthemove.fr\/en\/wp-json\/wp\/v2\/product\/39133","targetHints":{"allow":["GET"]}}],"collection":[{"href":"https:\/\/www.booksonthemove.fr\/en\/wp-json\/wp\/v2\/product"}],"about":[{"href":"https:\/\/www.booksonthemove.fr\/en\/wp-json\/wp\/v2\/types\/product"}],"wp:featuredmedia":[{"embeddable":true,"href":"https:\/\/www.booksonthemove.fr\/en\/wp-json\/wp\/v2\/media\/39132"}],"wp:attachment":[{"href":"https:\/\/www.booksonthemove.fr\/en\/wp-json\/wp\/v2\/media?parent=39133"}],"wp:term":[{"taxonomy":"product_brand","embeddable":true,"href":"https:\/\/www.booksonthemove.fr\/en\/wp-json\/wp\/v2\/product_brand?post=39133"},{"taxonomy":"product_cat","embeddable":true,"href":"https:\/\/www.booksonthemove.fr\/en\/wp-json\/wp\/v2\/product_cat?post=39133"},{"taxonomy":"product_tag","embeddable":true,"href":"https:\/\/www.booksonthemove.fr\/en\/wp-json\/wp\/v2\/product_tag?post=39133"}],"curies":[{"name":"wp","href":"https:\/\/api.w.org\/{rel}","templated":true}]}}