{"id":39251,"date":"2023-10-16T23:03:02","date_gmt":"2023-10-16T21:03:02","guid":{"rendered":"https:\/\/www.booksonthemove.fr\/produit\/emancipation-sexuelle-ou-contraintes-des-corps\/"},"modified":"2023-10-16T23:03:02","modified_gmt":"2023-10-16T21:03:02","slug":"emancipation-sexuelle-ou-contraintes-des-corps","status":"publish","type":"product","link":"https:\/\/www.booksonthemove.fr\/en\/produit\/emancipation-sexuelle-ou-contraintes-des-corps\/","title":{"rendered":"\u00c9mancipation sexuelle ou contraintes des corps"},"content":{"rendered":"<p>Le propos est ici de saisir, chaque fois dans son contexte historique, la complexit\u00e9 des relations entre les rapports de pouvoir entre les sexes et les imaginaires collectifs dont les productions culturelles sont \u00e0 la fois le support et le r\u00e9sultat. Productions culturelles, oeuvres d&#8217;hommes et de femmes, qui traitant d&#8217;\u00e9mancipation sexuelle parlent du d\u00e9sir comme subversion de l&#8217;ordre social mais portent n\u00e9anmoins la marque de l&#8217;inscription profonde, souvent implicite ou ambigu\u00eb, des in\u00e9galit\u00e9s entre les sexes, et parfois m\u00eame, de fa\u00e7on perverse, de l&#8217;attachement \u00e0 ces in\u00e9galit\u00e9s.<\/p>\n","protected":false},"excerpt":{"rendered":"<p><b>AUTEURES:\u00a0<\/b>Sous la direction d&#8217;H\u00e9l\u00e8ne Marqui\u00e9 &amp; No\u00ebl Burch<br \/>\n<b><\/b><strong>EDITEUR:<\/strong>\u00a0\u00c9ditions L\u2019Harmattan (2006)<\/p>\n<p><strong>BROCH\u00c9:<\/strong>\u00a0182 pages<br \/>\n<b>LANGUE: <\/b>Fran\u00e7ais<br \/>\n<strong>ISBN13:<\/strong> 978 2 296 00222 7<\/p>\n","protected":false},"featured_media":39250,"template":"","meta":[],"product_brand":[],"product_cat":[146,202,162,136],"product_tag":[],"class_list":{"0":"post-39251","1":"product","2":"type-product","3":"status-publish","4":"has-post-thumbnail","6":"product_cat-theoretical-texts-en","7":"product_cat-feminism-en","8":"product_cat-french-en","9":"product_cat-histoire-en","11":"first","12":"instock","13":"taxable","14":"shipping-taxable","15":"purchasable","16":"product-type-simple"},"yoast_head":"<!-- This site is optimized with the Yoast SEO plugin v27.4 - https:\/\/yoast.com\/product\/yoast-seo-wordpress\/ -->\n<title>\u00c9mancipation sexuelle ou contraintes des corps - Books on the Move<\/title>\n<meta name=\"robots\" content=\"index, follow, max-snippet:-1, max-image-preview:large, max-video-preview:-1\" \/>\n<link rel=\"canonical\" href=\"https:\/\/www.booksonthemove.fr\/en\/produit\/emancipation-sexuelle-ou-contraintes-des-corps\/\" \/>\n<meta property=\"og:locale\" content=\"en_US\" \/>\n<meta property=\"og:type\" content=\"article\" \/>\n<meta property=\"og:title\" content=\"\u00c9mancipation sexuelle ou contraintes des corps - Books on the Move\" \/>\n<meta property=\"og:description\" content=\"AUTEURES:\u00a0Sous la direction d&#039;H\u00e9l\u00e8ne Marqui\u00e9 &amp; No\u00ebl Burch EDITEUR:\u00a0\u00c9ditions L\u2019Harmattan (2006)  BROCH\u00c9:\u00a0182 pages LANGUE: Fran\u00e7ais ISBN13: 978 2 296 00222 7\" \/>\n<meta property=\"og:url\" content=\"https:\/\/www.booksonthemove.fr\/en\/produit\/emancipation-sexuelle-ou-contraintes-des-corps\/\" \/>\n<meta property=\"og:site_name\" content=\"Books on the Move\" \/>\n<meta property=\"article:publisher\" content=\"https:\/\/www.facebook.com\/Librairiebooksonthemove\/\" \/>\n<meta name=\"twitter:card\" content=\"summary_large_image\" \/>\n<script type=\"application\/ld+json\" class=\"yoast-schema-graph\">{\"@context\":\"https:\\\/\\\/schema.org\",\"@graph\":[{\"@type\":\"WebPage\",\"@id\":\"https:\\\/\\\/www.booksonthemove.fr\\\/en\\\/produit\\\/emancipation-sexuelle-ou-contraintes-des-corps\\\/\",\"url\":\"https:\\\/\\\/www.booksonthemove.fr\\\/en\\\/produit\\\/emancipation-sexuelle-ou-contraintes-des-corps\\\/\",\"name\":\"\u00c9mancipation sexuelle ou contraintes des corps - Books on the Move\",\"isPartOf\":{\"@id\":\"https:\\\/\\\/www.booksonthemove.fr\\\/#website\"},\"primaryImageOfPage\":{\"@id\":\"https:\\\/\\\/www.booksonthemove.fr\\\/en\\\/produit\\\/emancipation-sexuelle-ou-contraintes-des-corps\\\/#primaryimage\"},\"image\":{\"@id\":\"https:\\\/\\\/www.booksonthemove.fr\\\/en\\\/produit\\\/emancipation-sexuelle-ou-contraintes-des-corps\\\/#primaryimage\"},\"thumbnailUrl\":\"https:\\\/\\\/www.booksonthemove.fr\\\/media\\\/bom_2663.jpg\",\"datePublished\":\"2023-10-16T21:03:02+00:00\",\"breadcrumb\":{\"@id\":\"https:\\\/\\\/www.booksonthemove.fr\\\/en\\\/produit\\\/emancipation-sexuelle-ou-contraintes-des-corps\\\/#breadcrumb\"},\"inLanguage\":\"en-US\",\"potentialAction\":[{\"@type\":\"ReadAction\",\"target\":[\"https:\\\/\\\/www.booksonthemove.fr\\\/en\\\/produit\\\/emancipation-sexuelle-ou-contraintes-des-corps\\\/\"]}]},{\"@type\":\"ImageObject\",\"inLanguage\":\"en-US\",\"@id\":\"https:\\\/\\\/www.booksonthemove.fr\\\/en\\\/produit\\\/emancipation-sexuelle-ou-contraintes-des-corps\\\/#primaryimage\",\"url\":\"https:\\\/\\\/www.booksonthemove.fr\\\/media\\\/bom_2663.jpg\",\"contentUrl\":\"https:\\\/\\\/www.booksonthemove.fr\\\/media\\\/bom_2663.jpg\",\"width\":900,\"height\":1294},{\"@type\":\"BreadcrumbList\",\"@id\":\"https:\\\/\\\/www.booksonthemove.fr\\\/en\\\/produit\\\/emancipation-sexuelle-ou-contraintes-des-corps\\\/#breadcrumb\",\"itemListElement\":[{\"@type\":\"ListItem\",\"position\":1,\"name\":\"Accueil\",\"item\":\"https:\\\/\\\/www.booksonthemove.fr\\\/en\\\/\"},{\"@type\":\"ListItem\",\"position\":2,\"name\":\"online store\",\"item\":\"https:\\\/\\\/www.booksonthemove.fr\\\/en\\\/online-shop\\\/\"},{\"@type\":\"ListItem\",\"position\":3,\"name\":\"\u00c9mancipation sexuelle ou contraintes des corps\"}]},{\"@type\":\"WebSite\",\"@id\":\"https:\\\/\\\/www.booksonthemove.fr\\\/#website\",\"url\":\"https:\\\/\\\/www.booksonthemove.fr\\\/\",\"name\":\"Books on the Move\",\"description\":\"librairie nomade - danse - mouvement - performance\",\"publisher\":{\"@id\":\"https:\\\/\\\/www.booksonthemove.fr\\\/#organization\"},\"potentialAction\":[{\"@type\":\"SearchAction\",\"target\":{\"@type\":\"EntryPoint\",\"urlTemplate\":\"https:\\\/\\\/www.booksonthemove.fr\\\/?s={search_term_string}\"},\"query-input\":{\"@type\":\"PropertyValueSpecification\",\"valueRequired\":true,\"valueName\":\"search_term_string\"}}],\"inLanguage\":\"en-US\"},{\"@type\":\"Organization\",\"@id\":\"https:\\\/\\\/www.booksonthemove.fr\\\/#organization\",\"name\":\"Books on the Move\",\"url\":\"https:\\\/\\\/www.booksonthemove.fr\\\/\",\"logo\":{\"@type\":\"ImageObject\",\"inLanguage\":\"en-US\",\"@id\":\"https:\\\/\\\/www.booksonthemove.fr\\\/#\\\/schema\\\/logo\\\/image\\\/\",\"url\":\"https:\\\/\\\/www.booksonthemove.fr\\\/media\\\/logo-NB-400.jpg\",\"contentUrl\":\"https:\\\/\\\/www.booksonthemove.fr\\\/media\\\/logo-NB-400.jpg\",\"width\":400,\"height\":143,\"caption\":\"Books on the Move\"},\"image\":{\"@id\":\"https:\\\/\\\/www.booksonthemove.fr\\\/#\\\/schema\\\/logo\\\/image\\\/\"},\"sameAs\":[\"https:\\\/\\\/www.facebook.com\\\/Librairiebooksonthemove\\\/\"]}]}<\/script>\n<!-- \/ Yoast SEO plugin. -->","yoast_head_json":{"title":"\u00c9mancipation sexuelle ou contraintes des corps - Books on the Move","robots":{"index":"index","follow":"follow","max-snippet":"max-snippet:-1","max-image-preview":"max-image-preview:large","max-video-preview":"max-video-preview:-1"},"canonical":"https:\/\/www.booksonthemove.fr\/en\/produit\/emancipation-sexuelle-ou-contraintes-des-corps\/","og_locale":"en_US","og_type":"article","og_title":"\u00c9mancipation sexuelle ou contraintes des corps - Books on the Move","og_description":"AUTEURES:\u00a0Sous la direction d'H\u00e9l\u00e8ne Marqui\u00e9 &amp; No\u00ebl Burch EDITEUR:\u00a0\u00c9ditions L\u2019Harmattan (2006)  BROCH\u00c9:\u00a0182 pages LANGUE: Fran\u00e7ais ISBN13: 978 2 296 00222 7","og_url":"https:\/\/www.booksonthemove.fr\/en\/produit\/emancipation-sexuelle-ou-contraintes-des-corps\/","og_site_name":"Books on the Move","article_publisher":"https:\/\/www.facebook.com\/Librairiebooksonthemove\/","twitter_card":"summary_large_image","schema":{"@context":"https:\/\/schema.org","@graph":[{"@type":"WebPage","@id":"https:\/\/www.booksonthemove.fr\/en\/produit\/emancipation-sexuelle-ou-contraintes-des-corps\/","url":"https:\/\/www.booksonthemove.fr\/en\/produit\/emancipation-sexuelle-ou-contraintes-des-corps\/","name":"\u00c9mancipation sexuelle ou contraintes des corps - Books on the Move","isPartOf":{"@id":"https:\/\/www.booksonthemove.fr\/#website"},"primaryImageOfPage":{"@id":"https:\/\/www.booksonthemove.fr\/en\/produit\/emancipation-sexuelle-ou-contraintes-des-corps\/#primaryimage"},"image":{"@id":"https:\/\/www.booksonthemove.fr\/en\/produit\/emancipation-sexuelle-ou-contraintes-des-corps\/#primaryimage"},"thumbnailUrl":"https:\/\/www.booksonthemove.fr\/media\/bom_2663.jpg","datePublished":"2023-10-16T21:03:02+00:00","breadcrumb":{"@id":"https:\/\/www.booksonthemove.fr\/en\/produit\/emancipation-sexuelle-ou-contraintes-des-corps\/#breadcrumb"},"inLanguage":"en-US","potentialAction":[{"@type":"ReadAction","target":["https:\/\/www.booksonthemove.fr\/en\/produit\/emancipation-sexuelle-ou-contraintes-des-corps\/"]}]},{"@type":"ImageObject","inLanguage":"en-US","@id":"https:\/\/www.booksonthemove.fr\/en\/produit\/emancipation-sexuelle-ou-contraintes-des-corps\/#primaryimage","url":"https:\/\/www.booksonthemove.fr\/media\/bom_2663.jpg","contentUrl":"https:\/\/www.booksonthemove.fr\/media\/bom_2663.jpg","width":900,"height":1294},{"@type":"BreadcrumbList","@id":"https:\/\/www.booksonthemove.fr\/en\/produit\/emancipation-sexuelle-ou-contraintes-des-corps\/#breadcrumb","itemListElement":[{"@type":"ListItem","position":1,"name":"Accueil","item":"https:\/\/www.booksonthemove.fr\/en\/"},{"@type":"ListItem","position":2,"name":"online store","item":"https:\/\/www.booksonthemove.fr\/en\/online-shop\/"},{"@type":"ListItem","position":3,"name":"\u00c9mancipation sexuelle ou contraintes des corps"}]},{"@type":"WebSite","@id":"https:\/\/www.booksonthemove.fr\/#website","url":"https:\/\/www.booksonthemove.fr\/","name":"Books on the Move","description":"librairie nomade - danse - mouvement - performance","publisher":{"@id":"https:\/\/www.booksonthemove.fr\/#organization"},"potentialAction":[{"@type":"SearchAction","target":{"@type":"EntryPoint","urlTemplate":"https:\/\/www.booksonthemove.fr\/?s={search_term_string}"},"query-input":{"@type":"PropertyValueSpecification","valueRequired":true,"valueName":"search_term_string"}}],"inLanguage":"en-US"},{"@type":"Organization","@id":"https:\/\/www.booksonthemove.fr\/#organization","name":"Books on the Move","url":"https:\/\/www.booksonthemove.fr\/","logo":{"@type":"ImageObject","inLanguage":"en-US","@id":"https:\/\/www.booksonthemove.fr\/#\/schema\/logo\/image\/","url":"https:\/\/www.booksonthemove.fr\/media\/logo-NB-400.jpg","contentUrl":"https:\/\/www.booksonthemove.fr\/media\/logo-NB-400.jpg","width":400,"height":143,"caption":"Books on the Move"},"image":{"@id":"https:\/\/www.booksonthemove.fr\/#\/schema\/logo\/image\/"},"sameAs":["https:\/\/www.facebook.com\/Librairiebooksonthemove\/"]}]}},"_links":{"self":[{"href":"https:\/\/www.booksonthemove.fr\/en\/wp-json\/wp\/v2\/product\/39251","targetHints":{"allow":["GET"]}}],"collection":[{"href":"https:\/\/www.booksonthemove.fr\/en\/wp-json\/wp\/v2\/product"}],"about":[{"href":"https:\/\/www.booksonthemove.fr\/en\/wp-json\/wp\/v2\/types\/product"}],"wp:featuredmedia":[{"embeddable":true,"href":"https:\/\/www.booksonthemove.fr\/en\/wp-json\/wp\/v2\/media\/39250"}],"wp:attachment":[{"href":"https:\/\/www.booksonthemove.fr\/en\/wp-json\/wp\/v2\/media?parent=39251"}],"wp:term":[{"taxonomy":"product_brand","embeddable":true,"href":"https:\/\/www.booksonthemove.fr\/en\/wp-json\/wp\/v2\/product_brand?post=39251"},{"taxonomy":"product_cat","embeddable":true,"href":"https:\/\/www.booksonthemove.fr\/en\/wp-json\/wp\/v2\/product_cat?post=39251"},{"taxonomy":"product_tag","embeddable":true,"href":"https:\/\/www.booksonthemove.fr\/en\/wp-json\/wp\/v2\/product_tag?post=39251"}],"curies":[{"name":"wp","href":"https:\/\/api.w.org\/{rel}","templated":true}]}}