{"id":39276,"date":"2023-10-17T23:22:05","date_gmt":"2023-10-17T21:22:05","guid":{"rendered":"https:\/\/www.booksonthemove.fr\/produit\/alternatives-theatrales-n149-theatre-paysage\/"},"modified":"2024-09-23T16:22:27","modified_gmt":"2024-09-23T14:22:27","slug":"alternatives-theatrales-n149-theatre-paysage","status":"publish","type":"product","link":"https:\/\/www.booksonthemove.fr\/en\/produit\/alternatives-theatrales-n149-theatre-paysage\/","title":{"rendered":"Alternatives Th\u00e9atrales N\u00b0149 \u2013 Th\u00e9\u00e2tre\/Paysage"},"content":{"rendered":"<p>Que fait le paysage au th\u00e9\u00e2tre? Le paysage r\u00e9el, ou encore le paysage comme mod\u00e8le : comment faire avec le paysage, comment faire paysage, comment faire na\u00eetre une \u00abperception paysage\u00bb? En sortant de la bo\u00eete noire et en faisant du paysage ext\u00e9rieur une part essentielle de l\u2019exp\u00e9rience th\u00e9\u00e2trale, ou en entreprenant de susciter en salle des exp\u00e9riences d\u2019ordre similaire, les pratiques abord\u00e9es ici aspirent \u00e0 changer de cadre, d\u2019\u00e9chelle, \u00e0 \u00e9largir le champ, \u00e0 convoquer d\u2019autres pr\u00e9sences comme d\u2019autres dispositifs de repr\u00e9sentation, d\u2019attention et de relation.<\/p>\n<p>Avec les contributions de Fran\u00e7ois Bodeux, Ir\u00e8ne Bonnaud, Quentin Claude, Mathilde Delahaye, Marion Even, Maria Clara Ferrer, Simon Gauchet, Caroline Godart, Clara H\u00e9douin, Alexandre Koutchevsky, Chlo\u00e9 Larmet, Carl Lavery, Sylvie Martin-Lahmani, Krystian Lupa, Matthieu M\u00e9vel, Monia Montali, Pablo-Antoine Neufmars, Silvio Palomo, Camille Panza, Philippe Quesne, Karolina Svobodova, Christophe Triau, \u00c9l\u00e9onore Val\u00e8reLachky, Agnieszka Zgieb.<\/p>\n","protected":false},"excerpt":{"rendered":"<p class=\"bodytext\"><strong>AUTEUR.E.S :<\/strong> ouvrage collectif<br \/>\n<strong>EDITEUR :<\/strong> Alternatives Th\u00e9\u00e2trales (2023)<\/p>\n<p class=\"bodytext\"><strong>BROCH\u00c9 :<\/strong>\u00a080 pages<br \/>\n<strong>LANGUE :<\/strong> Fran\u00e7ais<br \/>\n<strong>ISBN13 :<\/strong> 978 2 874 28131 0<\/p>\n","protected":false},"featured_media":39275,"template":"","meta":[],"product_brand":[],"product_cat":[208,162,211,241],"product_tag":[],"class_list":{"0":"post-39276","1":"product","2":"type-product","3":"status-publish","4":"has-post-thumbnail","6":"product_cat-public-space-en","7":"product_cat-french-en","8":"product_cat-magazines-en","9":"product_cat-theater-en","11":"first","12":"instock","13":"taxable","14":"shipping-taxable","15":"purchasable","16":"product-type-simple"},"yoast_head":"<!-- This site is optimized with the Yoast SEO plugin v27.5 - https:\/\/yoast.com\/product\/yoast-seo-wordpress\/ -->\n<title>Alternatives Th\u00e9atrales N\u00b0149 \u2013 Th\u00e9\u00e2tre\/Paysage - Books on the Move<\/title>\n<meta name=\"robots\" content=\"index, follow, max-snippet:-1, max-image-preview:large, max-video-preview:-1\" \/>\n<link rel=\"canonical\" href=\"https:\/\/www.booksonthemove.fr\/produit\/alternatives-theatrales-n149-theatre-paysage\/\" \/>\n<meta property=\"og:locale\" content=\"en_US\" \/>\n<meta property=\"og:type\" content=\"article\" \/>\n<meta property=\"og:title\" content=\"Alternatives Th\u00e9atrales N\u00b0149 \u2013 Th\u00e9\u00e2tre\/Paysage - Books on the Move\" \/>\n<meta property=\"og:description\" content=\"AUTEUR.E.S : ouvrage collectif EDITEUR : Alternatives Th\u00e9\u00e2trales (2023) BROCH\u00c9 :\u00a080 pages LANGUE : Fran\u00e7ais ISBN13 : 978 2 874 28131 0\" \/>\n<meta property=\"og:url\" content=\"https:\/\/www.booksonthemove.fr\/produit\/alternatives-theatrales-n149-theatre-paysage\/\" \/>\n<meta property=\"og:site_name\" content=\"Books on the Move\" \/>\n<meta property=\"article:publisher\" content=\"https:\/\/www.facebook.com\/Librairiebooksonthemove\/\" \/>\n<meta property=\"article:modified_time\" content=\"2024-09-23T14:22:27+00:00\" \/>\n<meta property=\"og:image\" content=\"https:\/\/www.booksonthemove.fr\/media\/bom_2658.jpg\" \/>\n\t<meta property=\"og:image:width\" content=\"695\" \/>\n\t<meta property=\"og:image:height\" content=\"836\" \/>\n\t<meta property=\"og:image:type\" content=\"image\/jpeg\" \/>\n<meta name=\"twitter:card\" content=\"summary_large_image\" \/>\n<script type=\"application\/ld+json\" class=\"yoast-schema-graph\">{\"@context\":\"https:\\\/\\\/schema.org\",\"@graph\":[{\"@type\":\"WebPage\",\"@id\":\"https:\\\/\\\/www.booksonthemove.fr\\\/produit\\\/alternatives-theatrales-n149-theatre-paysage\\\/\",\"url\":\"https:\\\/\\\/www.booksonthemove.fr\\\/produit\\\/alternatives-theatrales-n149-theatre-paysage\\\/\",\"name\":\"Alternatives Th\u00e9atrales N\u00b0149 \u2013 Th\u00e9\u00e2tre\\\/Paysage - Books on the Move\",\"isPartOf\":{\"@id\":\"https:\\\/\\\/www.booksonthemove.fr\\\/#website\"},\"primaryImageOfPage\":{\"@id\":\"https:\\\/\\\/www.booksonthemove.fr\\\/produit\\\/alternatives-theatrales-n149-theatre-paysage\\\/#primaryimage\"},\"image\":{\"@id\":\"https:\\\/\\\/www.booksonthemove.fr\\\/produit\\\/alternatives-theatrales-n149-theatre-paysage\\\/#primaryimage\"},\"thumbnailUrl\":\"https:\\\/\\\/www.booksonthemove.fr\\\/media\\\/bom_2658.jpg\",\"datePublished\":\"2023-10-17T21:22:05+00:00\",\"dateModified\":\"2024-09-23T14:22:27+00:00\",\"breadcrumb\":{\"@id\":\"https:\\\/\\\/www.booksonthemove.fr\\\/produit\\\/alternatives-theatrales-n149-theatre-paysage\\\/#breadcrumb\"},\"inLanguage\":\"en-US\",\"potentialAction\":[{\"@type\":\"ReadAction\",\"target\":[\"https:\\\/\\\/www.booksonthemove.fr\\\/produit\\\/alternatives-theatrales-n149-theatre-paysage\\\/\"]}]},{\"@type\":\"ImageObject\",\"inLanguage\":\"en-US\",\"@id\":\"https:\\\/\\\/www.booksonthemove.fr\\\/produit\\\/alternatives-theatrales-n149-theatre-paysage\\\/#primaryimage\",\"url\":\"https:\\\/\\\/www.booksonthemove.fr\\\/media\\\/bom_2658.jpg\",\"contentUrl\":\"https:\\\/\\\/www.booksonthemove.fr\\\/media\\\/bom_2658.jpg\",\"width\":695,\"height\":836},{\"@type\":\"BreadcrumbList\",\"@id\":\"https:\\\/\\\/www.booksonthemove.fr\\\/produit\\\/alternatives-theatrales-n149-theatre-paysage\\\/#breadcrumb\",\"itemListElement\":[{\"@type\":\"ListItem\",\"position\":1,\"name\":\"Accueil\",\"item\":\"https:\\\/\\\/www.booksonthemove.fr\\\/en\\\/\"},{\"@type\":\"ListItem\",\"position\":2,\"name\":\"online store\",\"item\":\"https:\\\/\\\/www.booksonthemove.fr\\\/en\\\/online-shop\\\/\"},{\"@type\":\"ListItem\",\"position\":3,\"name\":\"Alternatives Th\u00e9atrales N\u00b0149 \u2013 Th\u00e9\u00e2tre\\\/Paysage\"}]},{\"@type\":\"WebSite\",\"@id\":\"https:\\\/\\\/www.booksonthemove.fr\\\/#website\",\"url\":\"https:\\\/\\\/www.booksonthemove.fr\\\/\",\"name\":\"Books on the Move\",\"description\":\"librairie nomade - danse - mouvement - performance\",\"publisher\":{\"@id\":\"https:\\\/\\\/www.booksonthemove.fr\\\/#organization\"},\"potentialAction\":[{\"@type\":\"SearchAction\",\"target\":{\"@type\":\"EntryPoint\",\"urlTemplate\":\"https:\\\/\\\/www.booksonthemove.fr\\\/?s={search_term_string}\"},\"query-input\":{\"@type\":\"PropertyValueSpecification\",\"valueRequired\":true,\"valueName\":\"search_term_string\"}}],\"inLanguage\":\"en-US\"},{\"@type\":\"Organization\",\"@id\":\"https:\\\/\\\/www.booksonthemove.fr\\\/#organization\",\"name\":\"Books on the Move\",\"url\":\"https:\\\/\\\/www.booksonthemove.fr\\\/\",\"logo\":{\"@type\":\"ImageObject\",\"inLanguage\":\"en-US\",\"@id\":\"https:\\\/\\\/www.booksonthemove.fr\\\/#\\\/schema\\\/logo\\\/image\\\/\",\"url\":\"https:\\\/\\\/www.booksonthemove.fr\\\/media\\\/logo-NB-400.jpg\",\"contentUrl\":\"https:\\\/\\\/www.booksonthemove.fr\\\/media\\\/logo-NB-400.jpg\",\"width\":400,\"height\":143,\"caption\":\"Books on the Move\"},\"image\":{\"@id\":\"https:\\\/\\\/www.booksonthemove.fr\\\/#\\\/schema\\\/logo\\\/image\\\/\"},\"sameAs\":[\"https:\\\/\\\/www.facebook.com\\\/Librairiebooksonthemove\\\/\"]}]}<\/script>\n<!-- \/ Yoast SEO plugin. -->","yoast_head_json":{"title":"Alternatives Th\u00e9atrales N\u00b0149 \u2013 Th\u00e9\u00e2tre\/Paysage - Books on the Move","robots":{"index":"index","follow":"follow","max-snippet":"max-snippet:-1","max-image-preview":"max-image-preview:large","max-video-preview":"max-video-preview:-1"},"canonical":"https:\/\/www.booksonthemove.fr\/produit\/alternatives-theatrales-n149-theatre-paysage\/","og_locale":"en_US","og_type":"article","og_title":"Alternatives Th\u00e9atrales N\u00b0149 \u2013 Th\u00e9\u00e2tre\/Paysage - Books on the Move","og_description":"AUTEUR.E.S : ouvrage collectif EDITEUR : Alternatives Th\u00e9\u00e2trales (2023) BROCH\u00c9 :\u00a080 pages LANGUE : Fran\u00e7ais ISBN13 : 978 2 874 28131 0","og_url":"https:\/\/www.booksonthemove.fr\/produit\/alternatives-theatrales-n149-theatre-paysage\/","og_site_name":"Books on the Move","article_publisher":"https:\/\/www.facebook.com\/Librairiebooksonthemove\/","article_modified_time":"2024-09-23T14:22:27+00:00","og_image":[{"width":695,"height":836,"url":"https:\/\/www.booksonthemove.fr\/media\/bom_2658.jpg","type":"image\/jpeg"}],"twitter_card":"summary_large_image","schema":{"@context":"https:\/\/schema.org","@graph":[{"@type":"WebPage","@id":"https:\/\/www.booksonthemove.fr\/produit\/alternatives-theatrales-n149-theatre-paysage\/","url":"https:\/\/www.booksonthemove.fr\/produit\/alternatives-theatrales-n149-theatre-paysage\/","name":"Alternatives Th\u00e9atrales N\u00b0149 \u2013 Th\u00e9\u00e2tre\/Paysage - Books on the Move","isPartOf":{"@id":"https:\/\/www.booksonthemove.fr\/#website"},"primaryImageOfPage":{"@id":"https:\/\/www.booksonthemove.fr\/produit\/alternatives-theatrales-n149-theatre-paysage\/#primaryimage"},"image":{"@id":"https:\/\/www.booksonthemove.fr\/produit\/alternatives-theatrales-n149-theatre-paysage\/#primaryimage"},"thumbnailUrl":"https:\/\/www.booksonthemove.fr\/media\/bom_2658.jpg","datePublished":"2023-10-17T21:22:05+00:00","dateModified":"2024-09-23T14:22:27+00:00","breadcrumb":{"@id":"https:\/\/www.booksonthemove.fr\/produit\/alternatives-theatrales-n149-theatre-paysage\/#breadcrumb"},"inLanguage":"en-US","potentialAction":[{"@type":"ReadAction","target":["https:\/\/www.booksonthemove.fr\/produit\/alternatives-theatrales-n149-theatre-paysage\/"]}]},{"@type":"ImageObject","inLanguage":"en-US","@id":"https:\/\/www.booksonthemove.fr\/produit\/alternatives-theatrales-n149-theatre-paysage\/#primaryimage","url":"https:\/\/www.booksonthemove.fr\/media\/bom_2658.jpg","contentUrl":"https:\/\/www.booksonthemove.fr\/media\/bom_2658.jpg","width":695,"height":836},{"@type":"BreadcrumbList","@id":"https:\/\/www.booksonthemove.fr\/produit\/alternatives-theatrales-n149-theatre-paysage\/#breadcrumb","itemListElement":[{"@type":"ListItem","position":1,"name":"Accueil","item":"https:\/\/www.booksonthemove.fr\/en\/"},{"@type":"ListItem","position":2,"name":"online store","item":"https:\/\/www.booksonthemove.fr\/en\/online-shop\/"},{"@type":"ListItem","position":3,"name":"Alternatives Th\u00e9atrales N\u00b0149 \u2013 Th\u00e9\u00e2tre\/Paysage"}]},{"@type":"WebSite","@id":"https:\/\/www.booksonthemove.fr\/#website","url":"https:\/\/www.booksonthemove.fr\/","name":"Books on the Move","description":"librairie nomade - danse - mouvement - performance","publisher":{"@id":"https:\/\/www.booksonthemove.fr\/#organization"},"potentialAction":[{"@type":"SearchAction","target":{"@type":"EntryPoint","urlTemplate":"https:\/\/www.booksonthemove.fr\/?s={search_term_string}"},"query-input":{"@type":"PropertyValueSpecification","valueRequired":true,"valueName":"search_term_string"}}],"inLanguage":"en-US"},{"@type":"Organization","@id":"https:\/\/www.booksonthemove.fr\/#organization","name":"Books on the Move","url":"https:\/\/www.booksonthemove.fr\/","logo":{"@type":"ImageObject","inLanguage":"en-US","@id":"https:\/\/www.booksonthemove.fr\/#\/schema\/logo\/image\/","url":"https:\/\/www.booksonthemove.fr\/media\/logo-NB-400.jpg","contentUrl":"https:\/\/www.booksonthemove.fr\/media\/logo-NB-400.jpg","width":400,"height":143,"caption":"Books on the Move"},"image":{"@id":"https:\/\/www.booksonthemove.fr\/#\/schema\/logo\/image\/"},"sameAs":["https:\/\/www.facebook.com\/Librairiebooksonthemove\/"]}]}},"_links":{"self":[{"href":"https:\/\/www.booksonthemove.fr\/en\/wp-json\/wp\/v2\/product\/39276","targetHints":{"allow":["GET"]}}],"collection":[{"href":"https:\/\/www.booksonthemove.fr\/en\/wp-json\/wp\/v2\/product"}],"about":[{"href":"https:\/\/www.booksonthemove.fr\/en\/wp-json\/wp\/v2\/types\/product"}],"wp:featuredmedia":[{"embeddable":true,"href":"https:\/\/www.booksonthemove.fr\/en\/wp-json\/wp\/v2\/media\/39275"}],"wp:attachment":[{"href":"https:\/\/www.booksonthemove.fr\/en\/wp-json\/wp\/v2\/media?parent=39276"}],"wp:term":[{"taxonomy":"product_brand","embeddable":true,"href":"https:\/\/www.booksonthemove.fr\/en\/wp-json\/wp\/v2\/product_brand?post=39276"},{"taxonomy":"product_cat","embeddable":true,"href":"https:\/\/www.booksonthemove.fr\/en\/wp-json\/wp\/v2\/product_cat?post=39276"},{"taxonomy":"product_tag","embeddable":true,"href":"https:\/\/www.booksonthemove.fr\/en\/wp-json\/wp\/v2\/product_tag?post=39276"}],"curies":[{"name":"wp","href":"https:\/\/api.w.org\/{rel}","templated":true}]}}