{"id":40168,"date":"2023-11-07T17:54:20","date_gmt":"2023-11-07T16:54:20","guid":{"rendered":"https:\/\/www.booksonthemove.fr\/produit\/anti-manuel-de-projet-de-territoire-processus-deconvenues-et-rejouissances\/"},"modified":"2026-02-17T18:29:12","modified_gmt":"2026-02-17T17:29:12","slug":"anti-manuel-de-projet-de-territoire-processus-deconvenues-et-rejouissances","status":"publish","type":"product","link":"https:\/\/www.booksonthemove.fr\/en\/produit\/anti-manuel-de-projet-de-territoire-processus-deconvenues-et-rejouissances\/","title":{"rendered":"Anti-manuel de projet de territoire Processus &#8211; d\u00e9convenues et r\u00e9jouissances"},"content":{"rendered":"<p>Ce livre ne ressemble \u00e0 aucun autre et c\u2019est une bonne raison de le lire. Ni tout \u00e0 fait r\u00e9cit sur De chair et d\u2019os, compagnie des auteur\u00b7rice\u00b7s (\u00e0 bas l\u2019autocongratulation), ni m\u00e9mento de projet de territoire (\u00e0 bas les recettes toutes faites), ni analyse sur l\u2019action culturelle (vive les singularit\u00e9s de chaque projet), cet ouvrage est aussi un peu tout cela. Le ton libre, piquant et sans concession de cet anti-manuel permet aux lecteur\u00b7rice\u00b7s de mieux saisir les mille et une turpitudes d\u2019une compagnie install\u00e9e dans un th\u00e9\u00e2tre et dans une ville (et souvent de s\u2019en amuser).<\/p>\n","protected":false},"excerpt":{"rendered":"<p><strong>AUTEUR\u00b7ES :<\/strong> Jonathan Macias\u00a0&amp;\u00a0Caroline Melon, avec l\u2019accompagnement \u00e9ditorial de St\u00e9phanie Pichon<br \/>\n<strong>EDITEUR:<\/strong> \u00e9ditions de l\u2019attribut (2023)<\/p>\n<p><strong>BROCH\u00c9:<\/strong>\u00a0307 pages<br \/>\n<strong>LANGUE:<\/strong> Fran\u00e7ais<br \/>\n<strong>ISBN13:<\/strong> 978-2-916-00292-7<\/p>\n","protected":false},"featured_media":40170,"template":"","meta":[],"product_brand":[],"product_cat":[162,139],"product_tag":[],"class_list":{"0":"post-40168","1":"product","2":"type-product","3":"status-publish","4":"has-post-thumbnail","6":"product_cat-french-en","7":"product_cat-work-process-en","9":"first","10":"outofstock","11":"taxable","12":"shipping-taxable","13":"purchasable","14":"product-type-simple"},"yoast_head":"<!-- This site is optimized with the Yoast SEO plugin v27.4 - https:\/\/yoast.com\/product\/yoast-seo-wordpress\/ -->\n<title>Anti-manuel de projet de territoire Processus - d\u00e9convenues et r\u00e9jouissances - Books on the Move<\/title>\n<meta name=\"robots\" content=\"index, follow, max-snippet:-1, max-image-preview:large, max-video-preview:-1\" \/>\n<link rel=\"canonical\" href=\"https:\/\/www.booksonthemove.fr\/en\/produit\/anti-manuel-de-projet-de-territoire-processus-deconvenues-et-rejouissances\/\" \/>\n<meta property=\"og:locale\" content=\"en_US\" \/>\n<meta property=\"og:type\" content=\"article\" \/>\n<meta property=\"og:title\" content=\"Anti-manuel de projet de territoire Processus - d\u00e9convenues et r\u00e9jouissances - Books on the Move\" \/>\n<meta property=\"og:description\" content=\"AUTEUR\u00b7ES : Jonathan Macias\u00a0&amp;\u00a0Caroline Melon, avec l\u2019accompagnement \u00e9ditorial de St\u00e9phanie Pichon EDITEUR: \u00e9ditions de l\u2019attribut (2023)  BROCH\u00c9:\u00a0307 pages LANGUE: Fran\u00e7ais ISBN13: 978-2-916-00292-7\" \/>\n<meta property=\"og:url\" content=\"https:\/\/www.booksonthemove.fr\/en\/produit\/anti-manuel-de-projet-de-territoire-processus-deconvenues-et-rejouissances\/\" \/>\n<meta property=\"og:site_name\" content=\"Books on the Move\" \/>\n<meta property=\"article:publisher\" content=\"https:\/\/www.facebook.com\/Librairiebooksonthemove\/\" \/>\n<meta property=\"article:modified_time\" content=\"2026-02-17T17:29:12+00:00\" \/>\n<meta property=\"og:image\" content=\"https:\/\/www.booksonthemove.fr\/media\/bom_2613-1.jpg\" \/>\n\t<meta property=\"og:image:width\" content=\"900\" \/>\n\t<meta property=\"og:image:height\" content=\"1237\" \/>\n\t<meta property=\"og:image:type\" content=\"image\/jpeg\" \/>\n<meta name=\"twitter:card\" content=\"summary_large_image\" \/>\n<script type=\"application\/ld+json\" class=\"yoast-schema-graph\">{\"@context\":\"https:\\\/\\\/schema.org\",\"@graph\":[{\"@type\":\"WebPage\",\"@id\":\"https:\\\/\\\/www.booksonthemove.fr\\\/en\\\/produit\\\/anti-manuel-de-projet-de-territoire-processus-deconvenues-et-rejouissances\\\/\",\"url\":\"https:\\\/\\\/www.booksonthemove.fr\\\/en\\\/produit\\\/anti-manuel-de-projet-de-territoire-processus-deconvenues-et-rejouissances\\\/\",\"name\":\"Anti-manuel de projet de territoire Processus - d\u00e9convenues et r\u00e9jouissances - Books on the Move\",\"isPartOf\":{\"@id\":\"https:\\\/\\\/www.booksonthemove.fr\\\/#website\"},\"primaryImageOfPage\":{\"@id\":\"https:\\\/\\\/www.booksonthemove.fr\\\/en\\\/produit\\\/anti-manuel-de-projet-de-territoire-processus-deconvenues-et-rejouissances\\\/#primaryimage\"},\"image\":{\"@id\":\"https:\\\/\\\/www.booksonthemove.fr\\\/en\\\/produit\\\/anti-manuel-de-projet-de-territoire-processus-deconvenues-et-rejouissances\\\/#primaryimage\"},\"thumbnailUrl\":\"https:\\\/\\\/www.booksonthemove.fr\\\/media\\\/bom_2613-1.jpg\",\"datePublished\":\"2023-11-07T16:54:20+00:00\",\"dateModified\":\"2026-02-17T17:29:12+00:00\",\"breadcrumb\":{\"@id\":\"https:\\\/\\\/www.booksonthemove.fr\\\/en\\\/produit\\\/anti-manuel-de-projet-de-territoire-processus-deconvenues-et-rejouissances\\\/#breadcrumb\"},\"inLanguage\":\"en-US\",\"potentialAction\":[{\"@type\":\"ReadAction\",\"target\":[\"https:\\\/\\\/www.booksonthemove.fr\\\/en\\\/produit\\\/anti-manuel-de-projet-de-territoire-processus-deconvenues-et-rejouissances\\\/\"]}]},{\"@type\":\"ImageObject\",\"inLanguage\":\"en-US\",\"@id\":\"https:\\\/\\\/www.booksonthemove.fr\\\/en\\\/produit\\\/anti-manuel-de-projet-de-territoire-processus-deconvenues-et-rejouissances\\\/#primaryimage\",\"url\":\"https:\\\/\\\/www.booksonthemove.fr\\\/media\\\/bom_2613-1.jpg\",\"contentUrl\":\"https:\\\/\\\/www.booksonthemove.fr\\\/media\\\/bom_2613-1.jpg\",\"width\":900,\"height\":1237},{\"@type\":\"BreadcrumbList\",\"@id\":\"https:\\\/\\\/www.booksonthemove.fr\\\/en\\\/produit\\\/anti-manuel-de-projet-de-territoire-processus-deconvenues-et-rejouissances\\\/#breadcrumb\",\"itemListElement\":[{\"@type\":\"ListItem\",\"position\":1,\"name\":\"Accueil\",\"item\":\"https:\\\/\\\/www.booksonthemove.fr\\\/en\\\/\"},{\"@type\":\"ListItem\",\"position\":2,\"name\":\"online store\",\"item\":\"https:\\\/\\\/www.booksonthemove.fr\\\/en\\\/online-shop\\\/\"},{\"@type\":\"ListItem\",\"position\":3,\"name\":\"Anti-manuel de projet de territoire Processus &#8211; d\u00e9convenues et r\u00e9jouissances\"}]},{\"@type\":\"WebSite\",\"@id\":\"https:\\\/\\\/www.booksonthemove.fr\\\/#website\",\"url\":\"https:\\\/\\\/www.booksonthemove.fr\\\/\",\"name\":\"Books on the Move\",\"description\":\"librairie nomade - danse - mouvement - performance\",\"publisher\":{\"@id\":\"https:\\\/\\\/www.booksonthemove.fr\\\/#organization\"},\"potentialAction\":[{\"@type\":\"SearchAction\",\"target\":{\"@type\":\"EntryPoint\",\"urlTemplate\":\"https:\\\/\\\/www.booksonthemove.fr\\\/?s={search_term_string}\"},\"query-input\":{\"@type\":\"PropertyValueSpecification\",\"valueRequired\":true,\"valueName\":\"search_term_string\"}}],\"inLanguage\":\"en-US\"},{\"@type\":\"Organization\",\"@id\":\"https:\\\/\\\/www.booksonthemove.fr\\\/#organization\",\"name\":\"Books on the Move\",\"url\":\"https:\\\/\\\/www.booksonthemove.fr\\\/\",\"logo\":{\"@type\":\"ImageObject\",\"inLanguage\":\"en-US\",\"@id\":\"https:\\\/\\\/www.booksonthemove.fr\\\/#\\\/schema\\\/logo\\\/image\\\/\",\"url\":\"https:\\\/\\\/www.booksonthemove.fr\\\/media\\\/logo-NB-400.jpg\",\"contentUrl\":\"https:\\\/\\\/www.booksonthemove.fr\\\/media\\\/logo-NB-400.jpg\",\"width\":400,\"height\":143,\"caption\":\"Books on the Move\"},\"image\":{\"@id\":\"https:\\\/\\\/www.booksonthemove.fr\\\/#\\\/schema\\\/logo\\\/image\\\/\"},\"sameAs\":[\"https:\\\/\\\/www.facebook.com\\\/Librairiebooksonthemove\\\/\"]}]}<\/script>\n<!-- \/ Yoast SEO plugin. -->","yoast_head_json":{"title":"Anti-manuel de projet de territoire Processus - d\u00e9convenues et r\u00e9jouissances - Books on the Move","robots":{"index":"index","follow":"follow","max-snippet":"max-snippet:-1","max-image-preview":"max-image-preview:large","max-video-preview":"max-video-preview:-1"},"canonical":"https:\/\/www.booksonthemove.fr\/en\/produit\/anti-manuel-de-projet-de-territoire-processus-deconvenues-et-rejouissances\/","og_locale":"en_US","og_type":"article","og_title":"Anti-manuel de projet de territoire Processus - d\u00e9convenues et r\u00e9jouissances - Books on the Move","og_description":"AUTEUR\u00b7ES : Jonathan Macias\u00a0&amp;\u00a0Caroline Melon, avec l\u2019accompagnement \u00e9ditorial de St\u00e9phanie Pichon EDITEUR: \u00e9ditions de l\u2019attribut (2023)  BROCH\u00c9:\u00a0307 pages LANGUE: Fran\u00e7ais ISBN13: 978-2-916-00292-7","og_url":"https:\/\/www.booksonthemove.fr\/en\/produit\/anti-manuel-de-projet-de-territoire-processus-deconvenues-et-rejouissances\/","og_site_name":"Books on the Move","article_publisher":"https:\/\/www.facebook.com\/Librairiebooksonthemove\/","article_modified_time":"2026-02-17T17:29:12+00:00","og_image":[{"width":900,"height":1237,"url":"https:\/\/www.booksonthemove.fr\/media\/bom_2613-1.jpg","type":"image\/jpeg"}],"twitter_card":"summary_large_image","schema":{"@context":"https:\/\/schema.org","@graph":[{"@type":"WebPage","@id":"https:\/\/www.booksonthemove.fr\/en\/produit\/anti-manuel-de-projet-de-territoire-processus-deconvenues-et-rejouissances\/","url":"https:\/\/www.booksonthemove.fr\/en\/produit\/anti-manuel-de-projet-de-territoire-processus-deconvenues-et-rejouissances\/","name":"Anti-manuel de projet de territoire Processus - d\u00e9convenues et r\u00e9jouissances - Books on the Move","isPartOf":{"@id":"https:\/\/www.booksonthemove.fr\/#website"},"primaryImageOfPage":{"@id":"https:\/\/www.booksonthemove.fr\/en\/produit\/anti-manuel-de-projet-de-territoire-processus-deconvenues-et-rejouissances\/#primaryimage"},"image":{"@id":"https:\/\/www.booksonthemove.fr\/en\/produit\/anti-manuel-de-projet-de-territoire-processus-deconvenues-et-rejouissances\/#primaryimage"},"thumbnailUrl":"https:\/\/www.booksonthemove.fr\/media\/bom_2613-1.jpg","datePublished":"2023-11-07T16:54:20+00:00","dateModified":"2026-02-17T17:29:12+00:00","breadcrumb":{"@id":"https:\/\/www.booksonthemove.fr\/en\/produit\/anti-manuel-de-projet-de-territoire-processus-deconvenues-et-rejouissances\/#breadcrumb"},"inLanguage":"en-US","potentialAction":[{"@type":"ReadAction","target":["https:\/\/www.booksonthemove.fr\/en\/produit\/anti-manuel-de-projet-de-territoire-processus-deconvenues-et-rejouissances\/"]}]},{"@type":"ImageObject","inLanguage":"en-US","@id":"https:\/\/www.booksonthemove.fr\/en\/produit\/anti-manuel-de-projet-de-territoire-processus-deconvenues-et-rejouissances\/#primaryimage","url":"https:\/\/www.booksonthemove.fr\/media\/bom_2613-1.jpg","contentUrl":"https:\/\/www.booksonthemove.fr\/media\/bom_2613-1.jpg","width":900,"height":1237},{"@type":"BreadcrumbList","@id":"https:\/\/www.booksonthemove.fr\/en\/produit\/anti-manuel-de-projet-de-territoire-processus-deconvenues-et-rejouissances\/#breadcrumb","itemListElement":[{"@type":"ListItem","position":1,"name":"Accueil","item":"https:\/\/www.booksonthemove.fr\/en\/"},{"@type":"ListItem","position":2,"name":"online store","item":"https:\/\/www.booksonthemove.fr\/en\/online-shop\/"},{"@type":"ListItem","position":3,"name":"Anti-manuel de projet de territoire Processus &#8211; d\u00e9convenues et r\u00e9jouissances"}]},{"@type":"WebSite","@id":"https:\/\/www.booksonthemove.fr\/#website","url":"https:\/\/www.booksonthemove.fr\/","name":"Books on the Move","description":"librairie nomade - danse - mouvement - performance","publisher":{"@id":"https:\/\/www.booksonthemove.fr\/#organization"},"potentialAction":[{"@type":"SearchAction","target":{"@type":"EntryPoint","urlTemplate":"https:\/\/www.booksonthemove.fr\/?s={search_term_string}"},"query-input":{"@type":"PropertyValueSpecification","valueRequired":true,"valueName":"search_term_string"}}],"inLanguage":"en-US"},{"@type":"Organization","@id":"https:\/\/www.booksonthemove.fr\/#organization","name":"Books on the Move","url":"https:\/\/www.booksonthemove.fr\/","logo":{"@type":"ImageObject","inLanguage":"en-US","@id":"https:\/\/www.booksonthemove.fr\/#\/schema\/logo\/image\/","url":"https:\/\/www.booksonthemove.fr\/media\/logo-NB-400.jpg","contentUrl":"https:\/\/www.booksonthemove.fr\/media\/logo-NB-400.jpg","width":400,"height":143,"caption":"Books on the Move"},"image":{"@id":"https:\/\/www.booksonthemove.fr\/#\/schema\/logo\/image\/"},"sameAs":["https:\/\/www.facebook.com\/Librairiebooksonthemove\/"]}]}},"_links":{"self":[{"href":"https:\/\/www.booksonthemove.fr\/en\/wp-json\/wp\/v2\/product\/40168","targetHints":{"allow":["GET"]}}],"collection":[{"href":"https:\/\/www.booksonthemove.fr\/en\/wp-json\/wp\/v2\/product"}],"about":[{"href":"https:\/\/www.booksonthemove.fr\/en\/wp-json\/wp\/v2\/types\/product"}],"wp:featuredmedia":[{"embeddable":true,"href":"https:\/\/www.booksonthemove.fr\/en\/wp-json\/wp\/v2\/media\/40170"}],"wp:attachment":[{"href":"https:\/\/www.booksonthemove.fr\/en\/wp-json\/wp\/v2\/media?parent=40168"}],"wp:term":[{"taxonomy":"product_brand","embeddable":true,"href":"https:\/\/www.booksonthemove.fr\/en\/wp-json\/wp\/v2\/product_brand?post=40168"},{"taxonomy":"product_cat","embeddable":true,"href":"https:\/\/www.booksonthemove.fr\/en\/wp-json\/wp\/v2\/product_cat?post=40168"},{"taxonomy":"product_tag","embeddable":true,"href":"https:\/\/www.booksonthemove.fr\/en\/wp-json\/wp\/v2\/product_tag?post=40168"}],"curies":[{"name":"wp","href":"https:\/\/api.w.org\/{rel}","templated":true}]}}