{"id":40193,"date":"2023-11-08T19:38:09","date_gmt":"2023-11-08T18:38:09","guid":{"rendered":"https:\/\/www.booksonthemove.fr\/produit\/mondes-de-la-danse-et-espace-urbain-enquete-multi-situee-sur-les-terrains-choregraphiques-francais\/"},"modified":"2023-11-09T18:01:29","modified_gmt":"2023-11-09T17:01:29","slug":"mondes-de-la-danse-et-espace-urbain-enquete-multi-situee-sur-les-terrains-choregraphiques-francais","status":"publish","type":"product","link":"https:\/\/www.booksonthemove.fr\/en\/produit\/mondes-de-la-danse-et-espace-urbain-enquete-multi-situee-sur-les-terrains-choregraphiques-francais\/","title":{"rendered":"Mondes de la danse et espace urbain &#8211; Enqu\u00eate multi-situ\u00e9e sur les terrains chor\u00e9graphiques fran\u00e7ais"},"content":{"rendered":"<p>Depuis les ann\u00e9es 1980 en France, les exp\u00e9riences urbaines contribuent au renouvellement de la performance chor\u00e9graphique. En se multipliant, les propositions \u00ab\u00a0hors les murs\u00a0\u00bb produisent des actions sociales et citoyennes plut\u00f4t que des \u0153uvres \u00e9litistes faisant de l\u2019art un produit abstrait. La danse s\u2019affiche alors dans des dispositifs o\u00f9 des individus appartenant \u00e0 des mondes sociaux diff\u00e9renci\u00e9s peuvent se rencontrer. Danseurs, chor\u00e9graphes, m\u00e9diateurs et spectateurs ne vont pas interagir de la m\u00eame mani\u00e8re en fonction de la perception de la situation. S\u2019int\u00e9resser aux usages de l\u2019espace et aux espaces des usages offre un nouvel \u00e9clairage sur les comp\u00e9tences qui se d\u00e9veloppent sur les terrains chor\u00e9graphiques, dans des contextes in situ, o\u00f9 l\u2019impr\u00e9visible (r\u00e9)active les jeux de r\u00f4les. \u00c0 l\u2019interface des manifestations identitaires individuelles et collectives, ces comp\u00e9tences donnent aux ph\u00e9nom\u00e8nes spatiaux une dimension heuristique pour appr\u00e9hender les transformations du monde de la danse.<br \/>\n\u00c0 partir d\u2019une enqu\u00eate ethnographique multi-situ\u00e9e, l\u2019ouvrage s\u2019int\u00e9resse \u00e0 l\u2019espace dans toutes ses dimensions. Il montre comment les exp\u00e9riences spatiales prennent corps dans les carri\u00e8res des danseurs, leur permettant de circuler pour s\u2019adapter \u00e0 une soci\u00e9t\u00e9 qui se d\u00e9veloppe de plus en plus en r\u00e9seaux.<\/p>\n","protected":false},"excerpt":{"rendered":"<p><b>AUTEURE : <\/b>H\u00e9l\u00e8neBrunaux<span class=\"h3_elt\"><br \/>\n<\/span><b><\/b><b>EDITEUR :\u00a0<\/b>Presses Universitaires du midi\u00a0(2023)<\/p>\n<p><strong>BROCH\u00c9 :<\/strong>\u00a0360 pages<br \/>\n<b>LANGUE : <\/b>Fran\u00e7ais<br \/>\n<strong>ISBN13 :<\/strong> 978-2-810-71228-1<\/p>\n","protected":false},"featured_media":40192,"template":"","meta":[],"product_brand":[],"product_cat":[146,208,162],"product_tag":[],"class_list":{"0":"post-40193","1":"product","2":"type-product","3":"status-publish","4":"has-post-thumbnail","6":"product_cat-theoretical-texts-en","7":"product_cat-public-space-en","8":"product_cat-french-en","10":"first","11":"instock","12":"taxable","13":"shipping-taxable","14":"purchasable","15":"product-type-simple"},"yoast_head":"<!-- This site is optimized with the Yoast SEO plugin v27.5 - https:\/\/yoast.com\/product\/yoast-seo-wordpress\/ -->\n<title>Mondes de la danse et espace urbain - Enqu\u00eate multi-situ\u00e9e sur les terrains chor\u00e9graphiques fran\u00e7ais - Books on the Move<\/title>\n<meta name=\"robots\" content=\"index, follow, max-snippet:-1, max-image-preview:large, max-video-preview:-1\" \/>\n<link rel=\"canonical\" href=\"https:\/\/www.booksonthemove.fr\/produit\/mondes-de-la-danse-et-espace-urbain-enquete-multi-situee-sur-les-terrains-choregraphiques-francais\/\" \/>\n<meta property=\"og:locale\" content=\"en_US\" \/>\n<meta property=\"og:type\" content=\"article\" \/>\n<meta property=\"og:title\" content=\"Mondes de la danse et espace urbain - Enqu\u00eate multi-situ\u00e9e sur les terrains chor\u00e9graphiques fran\u00e7ais - Books on the Move\" \/>\n<meta property=\"og:description\" content=\"AUTEURE : H\u00e9l\u00e8neBrunaux EDITEUR :\u00a0Presses Universitaires du midi\u00a0(2023)  BROCH\u00c9 :\u00a0360 pages LANGUE : Fran\u00e7ais ISBN13 : 978-2-810-71228-1\" \/>\n<meta property=\"og:url\" content=\"https:\/\/www.booksonthemove.fr\/produit\/mondes-de-la-danse-et-espace-urbain-enquete-multi-situee-sur-les-terrains-choregraphiques-francais\/\" \/>\n<meta property=\"og:site_name\" content=\"Books on the Move\" \/>\n<meta property=\"article:publisher\" content=\"https:\/\/www.facebook.com\/Librairiebooksonthemove\/\" \/>\n<meta property=\"article:modified_time\" content=\"2023-11-09T17:01:29+00:00\" \/>\n<meta property=\"og:image\" content=\"https:\/\/www.booksonthemove.fr\/media\/bom_2665.jpg\" \/>\n\t<meta property=\"og:image:width\" content=\"615\" \/>\n\t<meta property=\"og:image:height\" content=\"1000\" \/>\n\t<meta property=\"og:image:type\" content=\"image\/jpeg\" \/>\n<meta name=\"twitter:card\" content=\"summary_large_image\" \/>\n<script type=\"application\/ld+json\" class=\"yoast-schema-graph\">{\"@context\":\"https:\\\/\\\/schema.org\",\"@graph\":[{\"@type\":\"WebPage\",\"@id\":\"https:\\\/\\\/www.booksonthemove.fr\\\/produit\\\/mondes-de-la-danse-et-espace-urbain-enquete-multi-situee-sur-les-terrains-choregraphiques-francais\\\/\",\"url\":\"https:\\\/\\\/www.booksonthemove.fr\\\/produit\\\/mondes-de-la-danse-et-espace-urbain-enquete-multi-situee-sur-les-terrains-choregraphiques-francais\\\/\",\"name\":\"Mondes de la danse et espace urbain - Enqu\u00eate multi-situ\u00e9e sur les terrains chor\u00e9graphiques fran\u00e7ais - Books on the Move\",\"isPartOf\":{\"@id\":\"https:\\\/\\\/www.booksonthemove.fr\\\/#website\"},\"primaryImageOfPage\":{\"@id\":\"https:\\\/\\\/www.booksonthemove.fr\\\/produit\\\/mondes-de-la-danse-et-espace-urbain-enquete-multi-situee-sur-les-terrains-choregraphiques-francais\\\/#primaryimage\"},\"image\":{\"@id\":\"https:\\\/\\\/www.booksonthemove.fr\\\/produit\\\/mondes-de-la-danse-et-espace-urbain-enquete-multi-situee-sur-les-terrains-choregraphiques-francais\\\/#primaryimage\"},\"thumbnailUrl\":\"https:\\\/\\\/www.booksonthemove.fr\\\/media\\\/bom_2665.jpg\",\"datePublished\":\"2023-11-08T18:38:09+00:00\",\"dateModified\":\"2023-11-09T17:01:29+00:00\",\"breadcrumb\":{\"@id\":\"https:\\\/\\\/www.booksonthemove.fr\\\/produit\\\/mondes-de-la-danse-et-espace-urbain-enquete-multi-situee-sur-les-terrains-choregraphiques-francais\\\/#breadcrumb\"},\"inLanguage\":\"en-US\",\"potentialAction\":[{\"@type\":\"ReadAction\",\"target\":[\"https:\\\/\\\/www.booksonthemove.fr\\\/produit\\\/mondes-de-la-danse-et-espace-urbain-enquete-multi-situee-sur-les-terrains-choregraphiques-francais\\\/\"]}]},{\"@type\":\"ImageObject\",\"inLanguage\":\"en-US\",\"@id\":\"https:\\\/\\\/www.booksonthemove.fr\\\/produit\\\/mondes-de-la-danse-et-espace-urbain-enquete-multi-situee-sur-les-terrains-choregraphiques-francais\\\/#primaryimage\",\"url\":\"https:\\\/\\\/www.booksonthemove.fr\\\/media\\\/bom_2665.jpg\",\"contentUrl\":\"https:\\\/\\\/www.booksonthemove.fr\\\/media\\\/bom_2665.jpg\",\"width\":615,\"height\":1000},{\"@type\":\"BreadcrumbList\",\"@id\":\"https:\\\/\\\/www.booksonthemove.fr\\\/produit\\\/mondes-de-la-danse-et-espace-urbain-enquete-multi-situee-sur-les-terrains-choregraphiques-francais\\\/#breadcrumb\",\"itemListElement\":[{\"@type\":\"ListItem\",\"position\":1,\"name\":\"Accueil\",\"item\":\"https:\\\/\\\/www.booksonthemove.fr\\\/en\\\/\"},{\"@type\":\"ListItem\",\"position\":2,\"name\":\"online store\",\"item\":\"https:\\\/\\\/www.booksonthemove.fr\\\/en\\\/online-shop\\\/\"},{\"@type\":\"ListItem\",\"position\":3,\"name\":\"Mondes de la danse et espace urbain &#8211; Enqu\u00eate multi-situ\u00e9e sur les terrains chor\u00e9graphiques fran\u00e7ais\"}]},{\"@type\":\"WebSite\",\"@id\":\"https:\\\/\\\/www.booksonthemove.fr\\\/#website\",\"url\":\"https:\\\/\\\/www.booksonthemove.fr\\\/\",\"name\":\"Books on the Move\",\"description\":\"librairie nomade - danse - mouvement - performance\",\"publisher\":{\"@id\":\"https:\\\/\\\/www.booksonthemove.fr\\\/#organization\"},\"potentialAction\":[{\"@type\":\"SearchAction\",\"target\":{\"@type\":\"EntryPoint\",\"urlTemplate\":\"https:\\\/\\\/www.booksonthemove.fr\\\/?s={search_term_string}\"},\"query-input\":{\"@type\":\"PropertyValueSpecification\",\"valueRequired\":true,\"valueName\":\"search_term_string\"}}],\"inLanguage\":\"en-US\"},{\"@type\":\"Organization\",\"@id\":\"https:\\\/\\\/www.booksonthemove.fr\\\/#organization\",\"name\":\"Books on the Move\",\"url\":\"https:\\\/\\\/www.booksonthemove.fr\\\/\",\"logo\":{\"@type\":\"ImageObject\",\"inLanguage\":\"en-US\",\"@id\":\"https:\\\/\\\/www.booksonthemove.fr\\\/#\\\/schema\\\/logo\\\/image\\\/\",\"url\":\"https:\\\/\\\/www.booksonthemove.fr\\\/media\\\/logo-NB-400.jpg\",\"contentUrl\":\"https:\\\/\\\/www.booksonthemove.fr\\\/media\\\/logo-NB-400.jpg\",\"width\":400,\"height\":143,\"caption\":\"Books on the Move\"},\"image\":{\"@id\":\"https:\\\/\\\/www.booksonthemove.fr\\\/#\\\/schema\\\/logo\\\/image\\\/\"},\"sameAs\":[\"https:\\\/\\\/www.facebook.com\\\/Librairiebooksonthemove\\\/\"]}]}<\/script>\n<!-- \/ Yoast SEO plugin. -->","yoast_head_json":{"title":"Mondes de la danse et espace urbain - Enqu\u00eate multi-situ\u00e9e sur les terrains chor\u00e9graphiques fran\u00e7ais - Books on the Move","robots":{"index":"index","follow":"follow","max-snippet":"max-snippet:-1","max-image-preview":"max-image-preview:large","max-video-preview":"max-video-preview:-1"},"canonical":"https:\/\/www.booksonthemove.fr\/produit\/mondes-de-la-danse-et-espace-urbain-enquete-multi-situee-sur-les-terrains-choregraphiques-francais\/","og_locale":"en_US","og_type":"article","og_title":"Mondes de la danse et espace urbain - Enqu\u00eate multi-situ\u00e9e sur les terrains chor\u00e9graphiques fran\u00e7ais - Books on the Move","og_description":"AUTEURE : H\u00e9l\u00e8neBrunaux EDITEUR :\u00a0Presses Universitaires du midi\u00a0(2023)  BROCH\u00c9 :\u00a0360 pages LANGUE : Fran\u00e7ais ISBN13 : 978-2-810-71228-1","og_url":"https:\/\/www.booksonthemove.fr\/produit\/mondes-de-la-danse-et-espace-urbain-enquete-multi-situee-sur-les-terrains-choregraphiques-francais\/","og_site_name":"Books on the Move","article_publisher":"https:\/\/www.facebook.com\/Librairiebooksonthemove\/","article_modified_time":"2023-11-09T17:01:29+00:00","og_image":[{"width":615,"height":1000,"url":"https:\/\/www.booksonthemove.fr\/media\/bom_2665.jpg","type":"image\/jpeg"}],"twitter_card":"summary_large_image","schema":{"@context":"https:\/\/schema.org","@graph":[{"@type":"WebPage","@id":"https:\/\/www.booksonthemove.fr\/produit\/mondes-de-la-danse-et-espace-urbain-enquete-multi-situee-sur-les-terrains-choregraphiques-francais\/","url":"https:\/\/www.booksonthemove.fr\/produit\/mondes-de-la-danse-et-espace-urbain-enquete-multi-situee-sur-les-terrains-choregraphiques-francais\/","name":"Mondes de la danse et espace urbain - Enqu\u00eate multi-situ\u00e9e sur les terrains chor\u00e9graphiques fran\u00e7ais - Books on the Move","isPartOf":{"@id":"https:\/\/www.booksonthemove.fr\/#website"},"primaryImageOfPage":{"@id":"https:\/\/www.booksonthemove.fr\/produit\/mondes-de-la-danse-et-espace-urbain-enquete-multi-situee-sur-les-terrains-choregraphiques-francais\/#primaryimage"},"image":{"@id":"https:\/\/www.booksonthemove.fr\/produit\/mondes-de-la-danse-et-espace-urbain-enquete-multi-situee-sur-les-terrains-choregraphiques-francais\/#primaryimage"},"thumbnailUrl":"https:\/\/www.booksonthemove.fr\/media\/bom_2665.jpg","datePublished":"2023-11-08T18:38:09+00:00","dateModified":"2023-11-09T17:01:29+00:00","breadcrumb":{"@id":"https:\/\/www.booksonthemove.fr\/produit\/mondes-de-la-danse-et-espace-urbain-enquete-multi-situee-sur-les-terrains-choregraphiques-francais\/#breadcrumb"},"inLanguage":"en-US","potentialAction":[{"@type":"ReadAction","target":["https:\/\/www.booksonthemove.fr\/produit\/mondes-de-la-danse-et-espace-urbain-enquete-multi-situee-sur-les-terrains-choregraphiques-francais\/"]}]},{"@type":"ImageObject","inLanguage":"en-US","@id":"https:\/\/www.booksonthemove.fr\/produit\/mondes-de-la-danse-et-espace-urbain-enquete-multi-situee-sur-les-terrains-choregraphiques-francais\/#primaryimage","url":"https:\/\/www.booksonthemove.fr\/media\/bom_2665.jpg","contentUrl":"https:\/\/www.booksonthemove.fr\/media\/bom_2665.jpg","width":615,"height":1000},{"@type":"BreadcrumbList","@id":"https:\/\/www.booksonthemove.fr\/produit\/mondes-de-la-danse-et-espace-urbain-enquete-multi-situee-sur-les-terrains-choregraphiques-francais\/#breadcrumb","itemListElement":[{"@type":"ListItem","position":1,"name":"Accueil","item":"https:\/\/www.booksonthemove.fr\/en\/"},{"@type":"ListItem","position":2,"name":"online store","item":"https:\/\/www.booksonthemove.fr\/en\/online-shop\/"},{"@type":"ListItem","position":3,"name":"Mondes de la danse et espace urbain &#8211; Enqu\u00eate multi-situ\u00e9e sur les terrains chor\u00e9graphiques fran\u00e7ais"}]},{"@type":"WebSite","@id":"https:\/\/www.booksonthemove.fr\/#website","url":"https:\/\/www.booksonthemove.fr\/","name":"Books on the Move","description":"librairie nomade - danse - mouvement - performance","publisher":{"@id":"https:\/\/www.booksonthemove.fr\/#organization"},"potentialAction":[{"@type":"SearchAction","target":{"@type":"EntryPoint","urlTemplate":"https:\/\/www.booksonthemove.fr\/?s={search_term_string}"},"query-input":{"@type":"PropertyValueSpecification","valueRequired":true,"valueName":"search_term_string"}}],"inLanguage":"en-US"},{"@type":"Organization","@id":"https:\/\/www.booksonthemove.fr\/#organization","name":"Books on the Move","url":"https:\/\/www.booksonthemove.fr\/","logo":{"@type":"ImageObject","inLanguage":"en-US","@id":"https:\/\/www.booksonthemove.fr\/#\/schema\/logo\/image\/","url":"https:\/\/www.booksonthemove.fr\/media\/logo-NB-400.jpg","contentUrl":"https:\/\/www.booksonthemove.fr\/media\/logo-NB-400.jpg","width":400,"height":143,"caption":"Books on the Move"},"image":{"@id":"https:\/\/www.booksonthemove.fr\/#\/schema\/logo\/image\/"},"sameAs":["https:\/\/www.facebook.com\/Librairiebooksonthemove\/"]}]}},"_links":{"self":[{"href":"https:\/\/www.booksonthemove.fr\/en\/wp-json\/wp\/v2\/product\/40193","targetHints":{"allow":["GET"]}}],"collection":[{"href":"https:\/\/www.booksonthemove.fr\/en\/wp-json\/wp\/v2\/product"}],"about":[{"href":"https:\/\/www.booksonthemove.fr\/en\/wp-json\/wp\/v2\/types\/product"}],"wp:featuredmedia":[{"embeddable":true,"href":"https:\/\/www.booksonthemove.fr\/en\/wp-json\/wp\/v2\/media\/40192"}],"wp:attachment":[{"href":"https:\/\/www.booksonthemove.fr\/en\/wp-json\/wp\/v2\/media?parent=40193"}],"wp:term":[{"taxonomy":"product_brand","embeddable":true,"href":"https:\/\/www.booksonthemove.fr\/en\/wp-json\/wp\/v2\/product_brand?post=40193"},{"taxonomy":"product_cat","embeddable":true,"href":"https:\/\/www.booksonthemove.fr\/en\/wp-json\/wp\/v2\/product_cat?post=40193"},{"taxonomy":"product_tag","embeddable":true,"href":"https:\/\/www.booksonthemove.fr\/en\/wp-json\/wp\/v2\/product_tag?post=40193"}],"curies":[{"name":"wp","href":"https:\/\/api.w.org\/{rel}","templated":true}]}}