{"id":40197,"date":"2023-11-08T19:54:36","date_gmt":"2023-11-08T18:54:36","guid":{"rendered":"https:\/\/www.booksonthemove.fr\/produit\/la-memoire-du-futur-rencontres-recherche-et-creation-du-festival-davignon\/"},"modified":"2023-11-09T18:01:12","modified_gmt":"2023-11-09T17:01:12","slug":"la-memoire-du-futur-rencontres-recherche-et-creation-du-festival-davignon","status":"publish","type":"product","link":"https:\/\/www.booksonthemove.fr\/en\/produit\/la-memoire-du-futur-rencontres-recherche-et-creation-du-festival-davignon\/","title":{"rendered":"La m\u00e9moire du futur &#8211; Rencontres Recherche et Cr\u00e9ation du Festival d\u2019Avignon"},"content":{"rendered":"<p>Selon les cultures, le temps rime avec destin ine\u0301luctable, fin annonce\u0301e, he\u0301ritage de la me\u0301moire ou espoir de progre\u0300s. Pour les individus comme pour les socie\u0301te\u0301s, l\u2019action oscille entre empreinte\u00a0du passe\u0301 et anticipation de l\u2019avenir.<\/p>\n<p>La me\u0301moire est un voyage, ou\u0300 passe\u0301, pre\u0301sent et futur s\u2019entreme\u0302lent : ce qui a e\u0301te\u0301 ve\u0301cu est sans cesse re\u0301actualise\u0301 par des projections d\u2019avenir.<\/p>\n<p>En confrontant le point de vue des artistes et l\u2019apport de l\u2019histoire, de l\u2019e\u0301conomie, de l\u2019ethnologie, de l\u2019anthropobiologie, des e\u0301tudes litte\u0301raires et cine\u0301matographiques, de la psychologie et des sciences et neurosciences cognitives, cet ouvrage montre l\u2019entrelacement des repre\u0301sentations du temps.<\/p>\n<p>Il met en re\u0301sonance le temps des marche\u0301s financiers et le temps cyclique des E\u0301trusques, les rituels fune\u0301raires et les histoires de fanto\u0302mes, les romans d\u2019anticipation et les re\u0301cits de catastrophes, les he\u0301roi\u0308nes du cine\u0301ma ame\u0301ricain et les Amazones des cite\u0301s antiques\u2026<\/p>\n<p>Face au temps suspendu des crises, le the\u0301a\u0302tre nous apprend a\u0300 vivre les temporalite\u0301s de\u0301saccorde\u0301es, il fait jaillir l\u2019inattendu et ouvre les possibles.<\/p>\n<p><em>Ce volume a e\u0301te\u0301 coordonne\u0301 par Catherine Courtet, responsable scientifique, Agence nationale de la recherche ; Mireille Besson, directrice de recherche, CNRS-Aix-Marseille Universite\u0301 ; Franc\u0327oise Lavocat, professeure, Universite\u0301 de la Sorbonne Nouvelle ; Franc\u0327ois Lecercle, professeur e\u0301me\u0301rite, Sorbonne Universite\u0301. <\/em><\/p>\n<p><em>Avec les contributions de Caroline Callard, Domenico Cecere, Jennifer Coull, Charles-Antoine Courcoux, E\u0301ric Crube\u0301zy, Francis Eustache, Lae\u0308titia Gue\u0301don, Marie-Laurence Haack, Franc\u0327ois Hartog, Pierre-Cyrille Hautcoeur, Pascal Huguet, Christiane Jatahy, Sandrine Kott, Isabelle Re\u0301gner, Dennis Rodgers, Tiago Rodrigues, Violaine Sebillotte Cuchet, Anne-Ce\u0301cile Vandalem, Georges Vigarello, Patrik Vuilleumier.\u00a0<\/em><\/p>\n","protected":false},"excerpt":{"rendered":"<p><b>AUTEUR\u00b7ES : <\/b>Sous la direction de Catherine Courtet, Mireille Besson, Fran\u00e7oise Lavocat &amp;\u00a0Fran\u00e7ois Lecercle<br \/>\n<b>EDITEUR : <\/b>CNRS \u00c9ditions (2022)<\/p>\n<p><strong>BROCH\u00c9 :<\/strong>\u00a0340 pages<br \/>\n<b>LANGUE : <\/b>Fran\u00e7ais<br \/>\n<strong>ISBN13 :\u00a0<\/strong>978-2-271-14456-0<\/p>\n","protected":false},"featured_media":40199,"template":"","meta":[],"product_brand":[],"product_cat":[215,162],"product_tag":[],"class_list":{"0":"post-40197","1":"product","2":"type-product","3":"status-publish","4":"has-post-thumbnail","6":"product_cat-symposiums-conferences-en","7":"product_cat-french-en","9":"first","10":"instock","11":"taxable","12":"shipping-taxable","13":"purchasable","14":"product-type-simple"},"yoast_head":"<!-- This site is optimized with the Yoast SEO plugin v27.5 - https:\/\/yoast.com\/product\/yoast-seo-wordpress\/ -->\n<title>La m\u00e9moire du futur - Rencontres Recherche et Cr\u00e9ation du Festival d\u2019Avignon - Books on the Move<\/title>\n<meta name=\"robots\" content=\"index, follow, max-snippet:-1, max-image-preview:large, max-video-preview:-1\" \/>\n<link rel=\"canonical\" href=\"https:\/\/www.booksonthemove.fr\/produit\/la-memoire-du-futur-rencontres-recherche-et-creation-du-festival-davignon\/\" \/>\n<meta property=\"og:locale\" content=\"en_US\" \/>\n<meta property=\"og:type\" content=\"article\" \/>\n<meta property=\"og:title\" content=\"La m\u00e9moire du futur - Rencontres Recherche et Cr\u00e9ation du Festival d\u2019Avignon - Books on the Move\" \/>\n<meta property=\"og:description\" content=\"AUTEUR\u00b7ES : Sous la direction de Catherine Courtet, Mireille Besson, Fran\u00e7oise Lavocat &amp;\u00a0Fran\u00e7ois Lecercle EDITEUR : CNRS \u00c9ditions (2022)  BROCH\u00c9 :\u00a0340 pages LANGUE : Fran\u00e7ais ISBN13 :\u00a0978-2-271-14456-0\" \/>\n<meta property=\"og:url\" content=\"https:\/\/www.booksonthemove.fr\/produit\/la-memoire-du-futur-rencontres-recherche-et-creation-du-festival-davignon\/\" \/>\n<meta property=\"og:site_name\" content=\"Books on the Move\" \/>\n<meta property=\"article:publisher\" content=\"https:\/\/www.facebook.com\/Librairiebooksonthemove\/\" \/>\n<meta property=\"article:modified_time\" content=\"2023-11-09T17:01:12+00:00\" \/>\n<meta property=\"og:image\" content=\"https:\/\/www.booksonthemove.fr\/media\/bom_2666-1.jpg\" \/>\n\t<meta property=\"og:image:width\" content=\"600\" \/>\n\t<meta property=\"og:image:height\" content=\"940\" \/>\n\t<meta property=\"og:image:type\" content=\"image\/jpeg\" \/>\n<meta name=\"twitter:card\" content=\"summary_large_image\" \/>\n<script type=\"application\/ld+json\" class=\"yoast-schema-graph\">{\"@context\":\"https:\\\/\\\/schema.org\",\"@graph\":[{\"@type\":\"WebPage\",\"@id\":\"https:\\\/\\\/www.booksonthemove.fr\\\/produit\\\/la-memoire-du-futur-rencontres-recherche-et-creation-du-festival-davignon\\\/\",\"url\":\"https:\\\/\\\/www.booksonthemove.fr\\\/produit\\\/la-memoire-du-futur-rencontres-recherche-et-creation-du-festival-davignon\\\/\",\"name\":\"La m\u00e9moire du futur - Rencontres Recherche et Cr\u00e9ation du Festival d\u2019Avignon - Books on the Move\",\"isPartOf\":{\"@id\":\"https:\\\/\\\/www.booksonthemove.fr\\\/#website\"},\"primaryImageOfPage\":{\"@id\":\"https:\\\/\\\/www.booksonthemove.fr\\\/produit\\\/la-memoire-du-futur-rencontres-recherche-et-creation-du-festival-davignon\\\/#primaryimage\"},\"image\":{\"@id\":\"https:\\\/\\\/www.booksonthemove.fr\\\/produit\\\/la-memoire-du-futur-rencontres-recherche-et-creation-du-festival-davignon\\\/#primaryimage\"},\"thumbnailUrl\":\"https:\\\/\\\/www.booksonthemove.fr\\\/media\\\/bom_2666-1.jpg\",\"datePublished\":\"2023-11-08T18:54:36+00:00\",\"dateModified\":\"2023-11-09T17:01:12+00:00\",\"breadcrumb\":{\"@id\":\"https:\\\/\\\/www.booksonthemove.fr\\\/produit\\\/la-memoire-du-futur-rencontres-recherche-et-creation-du-festival-davignon\\\/#breadcrumb\"},\"inLanguage\":\"en-US\",\"potentialAction\":[{\"@type\":\"ReadAction\",\"target\":[\"https:\\\/\\\/www.booksonthemove.fr\\\/produit\\\/la-memoire-du-futur-rencontres-recherche-et-creation-du-festival-davignon\\\/\"]}]},{\"@type\":\"ImageObject\",\"inLanguage\":\"en-US\",\"@id\":\"https:\\\/\\\/www.booksonthemove.fr\\\/produit\\\/la-memoire-du-futur-rencontres-recherche-et-creation-du-festival-davignon\\\/#primaryimage\",\"url\":\"https:\\\/\\\/www.booksonthemove.fr\\\/media\\\/bom_2666-1.jpg\",\"contentUrl\":\"https:\\\/\\\/www.booksonthemove.fr\\\/media\\\/bom_2666-1.jpg\",\"width\":600,\"height\":940},{\"@type\":\"BreadcrumbList\",\"@id\":\"https:\\\/\\\/www.booksonthemove.fr\\\/produit\\\/la-memoire-du-futur-rencontres-recherche-et-creation-du-festival-davignon\\\/#breadcrumb\",\"itemListElement\":[{\"@type\":\"ListItem\",\"position\":1,\"name\":\"Accueil\",\"item\":\"https:\\\/\\\/www.booksonthemove.fr\\\/en\\\/\"},{\"@type\":\"ListItem\",\"position\":2,\"name\":\"online store\",\"item\":\"https:\\\/\\\/www.booksonthemove.fr\\\/en\\\/online-shop\\\/\"},{\"@type\":\"ListItem\",\"position\":3,\"name\":\"La m\u00e9moire du futur &#8211; Rencontres Recherche et Cr\u00e9ation du Festival d\u2019Avignon\"}]},{\"@type\":\"WebSite\",\"@id\":\"https:\\\/\\\/www.booksonthemove.fr\\\/#website\",\"url\":\"https:\\\/\\\/www.booksonthemove.fr\\\/\",\"name\":\"Books on the Move\",\"description\":\"librairie nomade - danse - mouvement - performance\",\"publisher\":{\"@id\":\"https:\\\/\\\/www.booksonthemove.fr\\\/#organization\"},\"potentialAction\":[{\"@type\":\"SearchAction\",\"target\":{\"@type\":\"EntryPoint\",\"urlTemplate\":\"https:\\\/\\\/www.booksonthemove.fr\\\/?s={search_term_string}\"},\"query-input\":{\"@type\":\"PropertyValueSpecification\",\"valueRequired\":true,\"valueName\":\"search_term_string\"}}],\"inLanguage\":\"en-US\"},{\"@type\":\"Organization\",\"@id\":\"https:\\\/\\\/www.booksonthemove.fr\\\/#organization\",\"name\":\"Books on the Move\",\"url\":\"https:\\\/\\\/www.booksonthemove.fr\\\/\",\"logo\":{\"@type\":\"ImageObject\",\"inLanguage\":\"en-US\",\"@id\":\"https:\\\/\\\/www.booksonthemove.fr\\\/#\\\/schema\\\/logo\\\/image\\\/\",\"url\":\"https:\\\/\\\/www.booksonthemove.fr\\\/media\\\/logo-NB-400.jpg\",\"contentUrl\":\"https:\\\/\\\/www.booksonthemove.fr\\\/media\\\/logo-NB-400.jpg\",\"width\":400,\"height\":143,\"caption\":\"Books on the Move\"},\"image\":{\"@id\":\"https:\\\/\\\/www.booksonthemove.fr\\\/#\\\/schema\\\/logo\\\/image\\\/\"},\"sameAs\":[\"https:\\\/\\\/www.facebook.com\\\/Librairiebooksonthemove\\\/\"]}]}<\/script>\n<!-- \/ Yoast SEO plugin. -->","yoast_head_json":{"title":"La m\u00e9moire du futur - Rencontres Recherche et Cr\u00e9ation du Festival d\u2019Avignon - Books on the Move","robots":{"index":"index","follow":"follow","max-snippet":"max-snippet:-1","max-image-preview":"max-image-preview:large","max-video-preview":"max-video-preview:-1"},"canonical":"https:\/\/www.booksonthemove.fr\/produit\/la-memoire-du-futur-rencontres-recherche-et-creation-du-festival-davignon\/","og_locale":"en_US","og_type":"article","og_title":"La m\u00e9moire du futur - Rencontres Recherche et Cr\u00e9ation du Festival d\u2019Avignon - Books on the Move","og_description":"AUTEUR\u00b7ES : Sous la direction de Catherine Courtet, Mireille Besson, Fran\u00e7oise Lavocat &amp;\u00a0Fran\u00e7ois Lecercle EDITEUR : CNRS \u00c9ditions (2022)  BROCH\u00c9 :\u00a0340 pages LANGUE : Fran\u00e7ais ISBN13 :\u00a0978-2-271-14456-0","og_url":"https:\/\/www.booksonthemove.fr\/produit\/la-memoire-du-futur-rencontres-recherche-et-creation-du-festival-davignon\/","og_site_name":"Books on the Move","article_publisher":"https:\/\/www.facebook.com\/Librairiebooksonthemove\/","article_modified_time":"2023-11-09T17:01:12+00:00","og_image":[{"width":600,"height":940,"url":"https:\/\/www.booksonthemove.fr\/media\/bom_2666-1.jpg","type":"image\/jpeg"}],"twitter_card":"summary_large_image","schema":{"@context":"https:\/\/schema.org","@graph":[{"@type":"WebPage","@id":"https:\/\/www.booksonthemove.fr\/produit\/la-memoire-du-futur-rencontres-recherche-et-creation-du-festival-davignon\/","url":"https:\/\/www.booksonthemove.fr\/produit\/la-memoire-du-futur-rencontres-recherche-et-creation-du-festival-davignon\/","name":"La m\u00e9moire du futur - Rencontres Recherche et Cr\u00e9ation du Festival d\u2019Avignon - Books on the Move","isPartOf":{"@id":"https:\/\/www.booksonthemove.fr\/#website"},"primaryImageOfPage":{"@id":"https:\/\/www.booksonthemove.fr\/produit\/la-memoire-du-futur-rencontres-recherche-et-creation-du-festival-davignon\/#primaryimage"},"image":{"@id":"https:\/\/www.booksonthemove.fr\/produit\/la-memoire-du-futur-rencontres-recherche-et-creation-du-festival-davignon\/#primaryimage"},"thumbnailUrl":"https:\/\/www.booksonthemove.fr\/media\/bom_2666-1.jpg","datePublished":"2023-11-08T18:54:36+00:00","dateModified":"2023-11-09T17:01:12+00:00","breadcrumb":{"@id":"https:\/\/www.booksonthemove.fr\/produit\/la-memoire-du-futur-rencontres-recherche-et-creation-du-festival-davignon\/#breadcrumb"},"inLanguage":"en-US","potentialAction":[{"@type":"ReadAction","target":["https:\/\/www.booksonthemove.fr\/produit\/la-memoire-du-futur-rencontres-recherche-et-creation-du-festival-davignon\/"]}]},{"@type":"ImageObject","inLanguage":"en-US","@id":"https:\/\/www.booksonthemove.fr\/produit\/la-memoire-du-futur-rencontres-recherche-et-creation-du-festival-davignon\/#primaryimage","url":"https:\/\/www.booksonthemove.fr\/media\/bom_2666-1.jpg","contentUrl":"https:\/\/www.booksonthemove.fr\/media\/bom_2666-1.jpg","width":600,"height":940},{"@type":"BreadcrumbList","@id":"https:\/\/www.booksonthemove.fr\/produit\/la-memoire-du-futur-rencontres-recherche-et-creation-du-festival-davignon\/#breadcrumb","itemListElement":[{"@type":"ListItem","position":1,"name":"Accueil","item":"https:\/\/www.booksonthemove.fr\/en\/"},{"@type":"ListItem","position":2,"name":"online store","item":"https:\/\/www.booksonthemove.fr\/en\/online-shop\/"},{"@type":"ListItem","position":3,"name":"La m\u00e9moire du futur &#8211; Rencontres Recherche et Cr\u00e9ation du Festival d\u2019Avignon"}]},{"@type":"WebSite","@id":"https:\/\/www.booksonthemove.fr\/#website","url":"https:\/\/www.booksonthemove.fr\/","name":"Books on the Move","description":"librairie nomade - danse - mouvement - performance","publisher":{"@id":"https:\/\/www.booksonthemove.fr\/#organization"},"potentialAction":[{"@type":"SearchAction","target":{"@type":"EntryPoint","urlTemplate":"https:\/\/www.booksonthemove.fr\/?s={search_term_string}"},"query-input":{"@type":"PropertyValueSpecification","valueRequired":true,"valueName":"search_term_string"}}],"inLanguage":"en-US"},{"@type":"Organization","@id":"https:\/\/www.booksonthemove.fr\/#organization","name":"Books on the Move","url":"https:\/\/www.booksonthemove.fr\/","logo":{"@type":"ImageObject","inLanguage":"en-US","@id":"https:\/\/www.booksonthemove.fr\/#\/schema\/logo\/image\/","url":"https:\/\/www.booksonthemove.fr\/media\/logo-NB-400.jpg","contentUrl":"https:\/\/www.booksonthemove.fr\/media\/logo-NB-400.jpg","width":400,"height":143,"caption":"Books on the Move"},"image":{"@id":"https:\/\/www.booksonthemove.fr\/#\/schema\/logo\/image\/"},"sameAs":["https:\/\/www.facebook.com\/Librairiebooksonthemove\/"]}]}},"_links":{"self":[{"href":"https:\/\/www.booksonthemove.fr\/en\/wp-json\/wp\/v2\/product\/40197","targetHints":{"allow":["GET"]}}],"collection":[{"href":"https:\/\/www.booksonthemove.fr\/en\/wp-json\/wp\/v2\/product"}],"about":[{"href":"https:\/\/www.booksonthemove.fr\/en\/wp-json\/wp\/v2\/types\/product"}],"wp:featuredmedia":[{"embeddable":true,"href":"https:\/\/www.booksonthemove.fr\/en\/wp-json\/wp\/v2\/media\/40199"}],"wp:attachment":[{"href":"https:\/\/www.booksonthemove.fr\/en\/wp-json\/wp\/v2\/media?parent=40197"}],"wp:term":[{"taxonomy":"product_brand","embeddable":true,"href":"https:\/\/www.booksonthemove.fr\/en\/wp-json\/wp\/v2\/product_brand?post=40197"},{"taxonomy":"product_cat","embeddable":true,"href":"https:\/\/www.booksonthemove.fr\/en\/wp-json\/wp\/v2\/product_cat?post=40197"},{"taxonomy":"product_tag","embeddable":true,"href":"https:\/\/www.booksonthemove.fr\/en\/wp-json\/wp\/v2\/product_tag?post=40197"}],"curies":[{"name":"wp","href":"https:\/\/api.w.org\/{rel}","templated":true}]}}