{"id":4020,"date":"2016-12-28T18:57:03","date_gmt":"2016-12-28T17:57:03","guid":{"rendered":"https:\/\/www.booksonthemove.fr\/product\/la-danse-en-solo-une-figure-singuliere-de-la-modernite-2\/"},"modified":"2020-03-25T16:26:23","modified_gmt":"2020-03-25T15:26:23","slug":"la-danse-en-solo-une-figure-singuliere-de-la-modernite-2","status":"publish","type":"product","link":"https:\/\/www.booksonthemove.fr\/en\/produit\/la-danse-en-solo-une-figure-singuliere-de-la-modernite-2\/","title":{"rendered":"La danse en solo: une figure singuli\u00e8re de la modernit\u00e9"},"content":{"rendered":"<p class=\"bodytext\">On assiste sur\u00a0<span class=\"csc-sword\">la<\/span>\u00a0sc\u00e8ne europ\u00e9<span class=\"csc-sword\">en<\/span>ne \u00e0\u00a0<span class=\"csc-sword\">la<\/span>\u00a0multiplication des performances\u00a0<span class=\"csc-sword\">en<\/span>\u00a0<span class=\"csc-sword\">solo<\/span>.<\/p>\n<p class=\"bodytext\">Comm<span class=\"csc-sword\">en<\/span>t expliquer ce ph\u00e9nom\u00e8ne ? L\u0092invocation de raisons pratiques ou \u00e9conomiques ne suffit \u00e9videmm<span class=\"csc-sword\">en<\/span>t pas. Alors que les chor\u00e9graphes actuels remett<span class=\"csc-sword\">en<\/span>t\u00a0<span class=\"csc-sword\">en<\/span>\u00a0question le spectacle et le spectacu<span class=\"csc-sword\">la<\/span>ire, le\u00a0<span class=\"csc-sword\">solo<\/span>\u00a0repr\u00e9s<span class=\"csc-sword\">en<\/span>te-t-il le lieu privil\u00e9gi\u00e9 d\u0092une exp\u00e9rim<span class=\"csc-sword\">en<\/span>tation et d\u0092&#8217;un r<span class=\"csc-sword\">en<\/span>ouvellem<span class=\"csc-sword\">en<\/span>t esth\u00e9tique ? Apparu \u00e0 l&#8217;\u0092aube du XXe si\u00e8cle,\u00a0<span class=\"csc-sword\">en<\/span>\u00a0m\u00eame temps que\u00a0<span class=\"csc-sword\">la<\/span>\u00a0<span class=\"csc-sword\">danse<\/span>\u00a0moderne, il n&#8217;\u0092a cess\u00e9 depuis lors de se manifester sous des formes vari\u00e9es, souv<span class=\"csc-sword\">en<\/span>t empreintes d&#8217;\u0092une dim<span class=\"csc-sword\">en<\/span>sion politique ou id\u00e9ologique. Quel s<span class=\"csc-sword\">en<\/span>s donner \u00e0 cette \u00e9merg<span class=\"csc-sword\">en<\/span>ce ? Pourquoi le\u00a0<span class=\"csc-sword\">danse<\/span>ur est-il attir\u00e9 vers cette forme de cr\u00e9ation solitaire ? Dans ce recueil d\u0092&#8217;essais, th\u00e9orici<span class=\"csc-sword\">en<\/span>s et pratici<span class=\"csc-sword\">en<\/span>s de\u00a0<span class=\"csc-sword\">la\u00a0<\/span><span class=\"csc-sword\">danse<\/span>\u00a0mett<span class=\"csc-sword\">en<\/span>t\u00a0<span class=\"csc-sword\">en<\/span>\u00a0perspective les multiples interpr\u00e9tations du\u00a0<span class=\"csc-sword\">solo<\/span>\u00a0dans\u00e9.<\/p>\n<p class=\"bodytext\">Auteurs:<\/p>\n<p class=\"bodytext\">Eug<span class=\"csc-sword\">en<\/span>ia Casini Ropa, Catherine Diverr\u00e8s, Dominique Dupuy, Jo\u00e3o Fiadeiro, Isabelle Ginot, Christine Greiner, David-Alexandre Gu\u00e9niot, Mathilde Monnier, Jean-Luc Nancy, Jean-Marie Pradier, Bernard R\u00e9my, C<span class=\"csc-sword\">la<\/span>ire Rousier, Rebecca Schneider, \u00c9lisabeth Schwartz, Mark Tompkins, C<span class=\"csc-sword\">la<\/span>udia Triozzi.<\/p>\n","protected":false},"excerpt":{"rendered":"<p><strong>Auteur:<\/strong> ouvrage collectif sous\u00a0<span class=\"csc-sword\">la<\/span>\u00a0direction de C<span class=\"csc-sword\">la<\/span>ire Rousier <strong>Editeur:<\/strong> C<span class=\"csc-sword\">en<\/span>tre national de\u00a0<span class=\"csc-sword\">la<\/span>\u00a0<span class=\"csc-sword\">danse<\/span>\u00a0(2002) <strong>Broch\u00e9:<\/strong> 191 pages <strong><span class=\"csc-sword\">La<\/span>ngue:<\/strong> Fran\u00e7ais <strong>ISBN13:<\/strong> 978-2-914124-17-1<\/p>\n","protected":false},"featured_media":4019,"template":"","meta":[],"product_brand":[],"product_cat":[240,149,227,162],"product_tag":[],"class_list":{"0":"post-4020","1":"product","2":"type-product","3":"status-publish","4":"has-post-thumbnail","6":"product_cat-choreography-en","7":"product_cat-contemporary-dance-en","8":"product_cat-essays-en","9":"product_cat-french-en","11":"first","12":"instock","13":"taxable","14":"shipping-taxable","15":"purchasable","16":"product-type-simple"},"yoast_head":"<!-- This site is optimized with the Yoast SEO plugin v27.4 - https:\/\/yoast.com\/product\/yoast-seo-wordpress\/ -->\n<title>La danse en solo: une figure singuli\u00e8re de la modernit\u00e9 - Books on the Move<\/title>\n<meta name=\"robots\" content=\"index, follow, max-snippet:-1, max-image-preview:large, max-video-preview:-1\" \/>\n<link rel=\"canonical\" href=\"https:\/\/www.booksonthemove.fr\/en\/produit\/la-danse-en-solo-une-figure-singuliere-de-la-modernite-2\/\" \/>\n<meta property=\"og:locale\" content=\"en_US\" \/>\n<meta property=\"og:type\" content=\"article\" \/>\n<meta property=\"og:title\" content=\"La danse en solo: une figure singuli\u00e8re de la modernit\u00e9 - Books on the Move\" \/>\n<meta property=\"og:description\" content=\"Auteur: ouvrage collectif sous\u00a0la\u00a0direction de Claire Rousier Editeur: Centre national de\u00a0la\u00a0danse\u00a0(2002) Broch\u00e9: 191 pages Langue: Fran\u00e7ais ISBN13: 978-2-914124-17-1\" \/>\n<meta property=\"og:url\" content=\"https:\/\/www.booksonthemove.fr\/en\/produit\/la-danse-en-solo-une-figure-singuliere-de-la-modernite-2\/\" \/>\n<meta property=\"og:site_name\" content=\"Books on the Move\" \/>\n<meta property=\"article:publisher\" content=\"https:\/\/www.facebook.com\/Librairiebooksonthemove\/\" \/>\n<meta property=\"article:modified_time\" content=\"2020-03-25T15:26:23+00:00\" \/>\n<meta property=\"og:image\" content=\"https:\/\/www.booksonthemove.fr\/media\/bom_1606.jpg\" \/>\n\t<meta property=\"og:image:width\" content=\"900\" \/>\n\t<meta property=\"og:image:height\" content=\"1250\" \/>\n\t<meta property=\"og:image:type\" content=\"image\/jpeg\" \/>\n<meta name=\"twitter:card\" content=\"summary_large_image\" \/>\n<script type=\"application\/ld+json\" class=\"yoast-schema-graph\">{\"@context\":\"https:\\\/\\\/schema.org\",\"@graph\":[{\"@type\":\"WebPage\",\"@id\":\"https:\\\/\\\/www.booksonthemove.fr\\\/en\\\/produit\\\/la-danse-en-solo-une-figure-singuliere-de-la-modernite-2\\\/\",\"url\":\"https:\\\/\\\/www.booksonthemove.fr\\\/en\\\/produit\\\/la-danse-en-solo-une-figure-singuliere-de-la-modernite-2\\\/\",\"name\":\"La danse en solo: une figure singuli\u00e8re de la modernit\u00e9 - Books on the Move\",\"isPartOf\":{\"@id\":\"https:\\\/\\\/www.booksonthemove.fr\\\/#website\"},\"primaryImageOfPage\":{\"@id\":\"https:\\\/\\\/www.booksonthemove.fr\\\/en\\\/produit\\\/la-danse-en-solo-une-figure-singuliere-de-la-modernite-2\\\/#primaryimage\"},\"image\":{\"@id\":\"https:\\\/\\\/www.booksonthemove.fr\\\/en\\\/produit\\\/la-danse-en-solo-une-figure-singuliere-de-la-modernite-2\\\/#primaryimage\"},\"thumbnailUrl\":\"https:\\\/\\\/www.booksonthemove.fr\\\/media\\\/bom_1606.jpg\",\"datePublished\":\"2016-12-28T17:57:03+00:00\",\"dateModified\":\"2020-03-25T15:26:23+00:00\",\"breadcrumb\":{\"@id\":\"https:\\\/\\\/www.booksonthemove.fr\\\/en\\\/produit\\\/la-danse-en-solo-une-figure-singuliere-de-la-modernite-2\\\/#breadcrumb\"},\"inLanguage\":\"en-US\",\"potentialAction\":[{\"@type\":\"ReadAction\",\"target\":[\"https:\\\/\\\/www.booksonthemove.fr\\\/en\\\/produit\\\/la-danse-en-solo-une-figure-singuliere-de-la-modernite-2\\\/\"]}]},{\"@type\":\"ImageObject\",\"inLanguage\":\"en-US\",\"@id\":\"https:\\\/\\\/www.booksonthemove.fr\\\/en\\\/produit\\\/la-danse-en-solo-une-figure-singuliere-de-la-modernite-2\\\/#primaryimage\",\"url\":\"https:\\\/\\\/www.booksonthemove.fr\\\/media\\\/bom_1606.jpg\",\"contentUrl\":\"https:\\\/\\\/www.booksonthemove.fr\\\/media\\\/bom_1606.jpg\",\"width\":900,\"height\":1250},{\"@type\":\"BreadcrumbList\",\"@id\":\"https:\\\/\\\/www.booksonthemove.fr\\\/en\\\/produit\\\/la-danse-en-solo-une-figure-singuliere-de-la-modernite-2\\\/#breadcrumb\",\"itemListElement\":[{\"@type\":\"ListItem\",\"position\":1,\"name\":\"Accueil\",\"item\":\"https:\\\/\\\/www.booksonthemove.fr\\\/en\\\/\"},{\"@type\":\"ListItem\",\"position\":2,\"name\":\"online store\",\"item\":\"https:\\\/\\\/www.booksonthemove.fr\\\/en\\\/online-shop\\\/\"},{\"@type\":\"ListItem\",\"position\":3,\"name\":\"La danse en solo: une figure singuli\u00e8re de la modernit\u00e9\"}]},{\"@type\":\"WebSite\",\"@id\":\"https:\\\/\\\/www.booksonthemove.fr\\\/#website\",\"url\":\"https:\\\/\\\/www.booksonthemove.fr\\\/\",\"name\":\"Books on the Move\",\"description\":\"librairie nomade - danse - mouvement - performance\",\"publisher\":{\"@id\":\"https:\\\/\\\/www.booksonthemove.fr\\\/#organization\"},\"potentialAction\":[{\"@type\":\"SearchAction\",\"target\":{\"@type\":\"EntryPoint\",\"urlTemplate\":\"https:\\\/\\\/www.booksonthemove.fr\\\/?s={search_term_string}\"},\"query-input\":{\"@type\":\"PropertyValueSpecification\",\"valueRequired\":true,\"valueName\":\"search_term_string\"}}],\"inLanguage\":\"en-US\"},{\"@type\":\"Organization\",\"@id\":\"https:\\\/\\\/www.booksonthemove.fr\\\/#organization\",\"name\":\"Books on the Move\",\"url\":\"https:\\\/\\\/www.booksonthemove.fr\\\/\",\"logo\":{\"@type\":\"ImageObject\",\"inLanguage\":\"en-US\",\"@id\":\"https:\\\/\\\/www.booksonthemove.fr\\\/#\\\/schema\\\/logo\\\/image\\\/\",\"url\":\"https:\\\/\\\/www.booksonthemove.fr\\\/media\\\/logo-NB-400.jpg\",\"contentUrl\":\"https:\\\/\\\/www.booksonthemove.fr\\\/media\\\/logo-NB-400.jpg\",\"width\":400,\"height\":143,\"caption\":\"Books on the Move\"},\"image\":{\"@id\":\"https:\\\/\\\/www.booksonthemove.fr\\\/#\\\/schema\\\/logo\\\/image\\\/\"},\"sameAs\":[\"https:\\\/\\\/www.facebook.com\\\/Librairiebooksonthemove\\\/\"]}]}<\/script>\n<!-- \/ Yoast SEO plugin. -->","yoast_head_json":{"title":"La danse en solo: une figure singuli\u00e8re de la modernit\u00e9 - Books on the Move","robots":{"index":"index","follow":"follow","max-snippet":"max-snippet:-1","max-image-preview":"max-image-preview:large","max-video-preview":"max-video-preview:-1"},"canonical":"https:\/\/www.booksonthemove.fr\/en\/produit\/la-danse-en-solo-une-figure-singuliere-de-la-modernite-2\/","og_locale":"en_US","og_type":"article","og_title":"La danse en solo: une figure singuli\u00e8re de la modernit\u00e9 - Books on the Move","og_description":"Auteur: ouvrage collectif sous\u00a0la\u00a0direction de Claire Rousier Editeur: Centre national de\u00a0la\u00a0danse\u00a0(2002) Broch\u00e9: 191 pages Langue: Fran\u00e7ais ISBN13: 978-2-914124-17-1","og_url":"https:\/\/www.booksonthemove.fr\/en\/produit\/la-danse-en-solo-une-figure-singuliere-de-la-modernite-2\/","og_site_name":"Books on the Move","article_publisher":"https:\/\/www.facebook.com\/Librairiebooksonthemove\/","article_modified_time":"2020-03-25T15:26:23+00:00","og_image":[{"width":900,"height":1250,"url":"https:\/\/www.booksonthemove.fr\/media\/bom_1606.jpg","type":"image\/jpeg"}],"twitter_card":"summary_large_image","schema":{"@context":"https:\/\/schema.org","@graph":[{"@type":"WebPage","@id":"https:\/\/www.booksonthemove.fr\/en\/produit\/la-danse-en-solo-une-figure-singuliere-de-la-modernite-2\/","url":"https:\/\/www.booksonthemove.fr\/en\/produit\/la-danse-en-solo-une-figure-singuliere-de-la-modernite-2\/","name":"La danse en solo: une figure singuli\u00e8re de la modernit\u00e9 - Books on the Move","isPartOf":{"@id":"https:\/\/www.booksonthemove.fr\/#website"},"primaryImageOfPage":{"@id":"https:\/\/www.booksonthemove.fr\/en\/produit\/la-danse-en-solo-une-figure-singuliere-de-la-modernite-2\/#primaryimage"},"image":{"@id":"https:\/\/www.booksonthemove.fr\/en\/produit\/la-danse-en-solo-une-figure-singuliere-de-la-modernite-2\/#primaryimage"},"thumbnailUrl":"https:\/\/www.booksonthemove.fr\/media\/bom_1606.jpg","datePublished":"2016-12-28T17:57:03+00:00","dateModified":"2020-03-25T15:26:23+00:00","breadcrumb":{"@id":"https:\/\/www.booksonthemove.fr\/en\/produit\/la-danse-en-solo-une-figure-singuliere-de-la-modernite-2\/#breadcrumb"},"inLanguage":"en-US","potentialAction":[{"@type":"ReadAction","target":["https:\/\/www.booksonthemove.fr\/en\/produit\/la-danse-en-solo-une-figure-singuliere-de-la-modernite-2\/"]}]},{"@type":"ImageObject","inLanguage":"en-US","@id":"https:\/\/www.booksonthemove.fr\/en\/produit\/la-danse-en-solo-une-figure-singuliere-de-la-modernite-2\/#primaryimage","url":"https:\/\/www.booksonthemove.fr\/media\/bom_1606.jpg","contentUrl":"https:\/\/www.booksonthemove.fr\/media\/bom_1606.jpg","width":900,"height":1250},{"@type":"BreadcrumbList","@id":"https:\/\/www.booksonthemove.fr\/en\/produit\/la-danse-en-solo-une-figure-singuliere-de-la-modernite-2\/#breadcrumb","itemListElement":[{"@type":"ListItem","position":1,"name":"Accueil","item":"https:\/\/www.booksonthemove.fr\/en\/"},{"@type":"ListItem","position":2,"name":"online store","item":"https:\/\/www.booksonthemove.fr\/en\/online-shop\/"},{"@type":"ListItem","position":3,"name":"La danse en solo: une figure singuli\u00e8re de la modernit\u00e9"}]},{"@type":"WebSite","@id":"https:\/\/www.booksonthemove.fr\/#website","url":"https:\/\/www.booksonthemove.fr\/","name":"Books on the Move","description":"librairie nomade - danse - mouvement - performance","publisher":{"@id":"https:\/\/www.booksonthemove.fr\/#organization"},"potentialAction":[{"@type":"SearchAction","target":{"@type":"EntryPoint","urlTemplate":"https:\/\/www.booksonthemove.fr\/?s={search_term_string}"},"query-input":{"@type":"PropertyValueSpecification","valueRequired":true,"valueName":"search_term_string"}}],"inLanguage":"en-US"},{"@type":"Organization","@id":"https:\/\/www.booksonthemove.fr\/#organization","name":"Books on the Move","url":"https:\/\/www.booksonthemove.fr\/","logo":{"@type":"ImageObject","inLanguage":"en-US","@id":"https:\/\/www.booksonthemove.fr\/#\/schema\/logo\/image\/","url":"https:\/\/www.booksonthemove.fr\/media\/logo-NB-400.jpg","contentUrl":"https:\/\/www.booksonthemove.fr\/media\/logo-NB-400.jpg","width":400,"height":143,"caption":"Books on the Move"},"image":{"@id":"https:\/\/www.booksonthemove.fr\/#\/schema\/logo\/image\/"},"sameAs":["https:\/\/www.facebook.com\/Librairiebooksonthemove\/"]}]}},"_links":{"self":[{"href":"https:\/\/www.booksonthemove.fr\/en\/wp-json\/wp\/v2\/product\/4020","targetHints":{"allow":["GET"]}}],"collection":[{"href":"https:\/\/www.booksonthemove.fr\/en\/wp-json\/wp\/v2\/product"}],"about":[{"href":"https:\/\/www.booksonthemove.fr\/en\/wp-json\/wp\/v2\/types\/product"}],"wp:featuredmedia":[{"embeddable":true,"href":"https:\/\/www.booksonthemove.fr\/en\/wp-json\/wp\/v2\/media\/4019"}],"wp:attachment":[{"href":"https:\/\/www.booksonthemove.fr\/en\/wp-json\/wp\/v2\/media?parent=4020"}],"wp:term":[{"taxonomy":"product_brand","embeddable":true,"href":"https:\/\/www.booksonthemove.fr\/en\/wp-json\/wp\/v2\/product_brand?post=4020"},{"taxonomy":"product_cat","embeddable":true,"href":"https:\/\/www.booksonthemove.fr\/en\/wp-json\/wp\/v2\/product_cat?post=4020"},{"taxonomy":"product_tag","embeddable":true,"href":"https:\/\/www.booksonthemove.fr\/en\/wp-json\/wp\/v2\/product_tag?post=4020"}],"curies":[{"name":"wp","href":"https:\/\/api.w.org\/{rel}","templated":true}]}}