{"id":40221,"date":"2023-11-09T17:59:37","date_gmt":"2023-11-09T16:59:37","guid":{"rendered":"https:\/\/www.booksonthemove.fr\/produit\/50-ans-de-danse-et-darts-de-limprovisation-au-studio-chando\/"},"modified":"2023-11-09T18:00:19","modified_gmt":"2023-11-09T17:00:19","slug":"50-ans-de-danse-et-darts-de-limprovisation-au-studio-chando","status":"publish","type":"product","link":"https:\/\/www.booksonthemove.fr\/en\/produit\/50-ans-de-danse-et-darts-de-limprovisation-au-studio-chando\/","title":{"rendered":"50 ans de danse et d&#8217;arts de l&#8217;improvisation au Studio Chando"},"content":{"rendered":"<p>Parce que l&#8217;aventure<br \/>\nexige plus que l&#8217;imitation,<br \/>\nparce que toutes les pistes<br \/>\nsont loin d&#8217;\u00eatre \u00e9puis\u00e9es,<br \/>\nparce que chacun peut<br \/>\nd\u00e9couvrir sa danse en lui<\/p>\n","protected":false},"excerpt":{"rendered":"<p><strong>AUTEUR\u00b7ES :\u00a0<\/strong>Ouvrage collectif sous la direction de Catherine Saltiel<br \/>\n<strong>EDITEUR :<\/strong> \u00c9dition Studio Chandon (2023)<\/p>\n<p><strong>RELI\u00c9 :<\/strong>\u00a0128 pages<br \/>\n<strong>LANGUE :<\/strong> Fran\u00e7ais<br \/>\n<strong>ISBN13 :\u00a0<\/strong>978 2 958 66080 2<\/p>\n","protected":false},"featured_media":40220,"template":"","meta":[],"product_brand":[],"product_cat":[162,138],"product_tag":[],"class_list":{"0":"post-40221","1":"product","2":"type-product","3":"status-publish","4":"has-post-thumbnail","6":"product_cat-french-en","7":"product_cat-improvisation-en","9":"first","10":"outofstock","11":"taxable","12":"shipping-taxable","13":"purchasable","14":"product-type-simple"},"yoast_head":"<!-- This site is optimized with the Yoast SEO plugin v27.5 - https:\/\/yoast.com\/product\/yoast-seo-wordpress\/ -->\n<title>50 ans de danse et d&#039;arts de l&#039;improvisation au Studio Chando - Books on the Move<\/title>\n<meta name=\"robots\" content=\"index, follow, max-snippet:-1, max-image-preview:large, max-video-preview:-1\" \/>\n<link rel=\"canonical\" href=\"https:\/\/www.booksonthemove.fr\/en\/produit\/50-ans-de-danse-et-darts-de-limprovisation-au-studio-chando\/\" \/>\n<meta property=\"og:locale\" content=\"en_US\" \/>\n<meta property=\"og:type\" content=\"article\" \/>\n<meta property=\"og:title\" content=\"50 ans de danse et d&#039;arts de l&#039;improvisation au Studio Chando - Books on the Move\" \/>\n<meta property=\"og:description\" content=\"AUTEUR\u00b7ES :\u00a0Ouvrage collectif sous la direction de Catherine Saltiel EDITEUR : \u00c9dition Studio Chandon (2023)  RELI\u00c9 :\u00a0128 pages LANGUE : Fran\u00e7ais ISBN13 :\u00a0978 2 958 66080 2\" \/>\n<meta property=\"og:url\" content=\"https:\/\/www.booksonthemove.fr\/en\/produit\/50-ans-de-danse-et-darts-de-limprovisation-au-studio-chando\/\" \/>\n<meta property=\"og:site_name\" content=\"Books on the Move\" \/>\n<meta property=\"article:publisher\" content=\"https:\/\/www.facebook.com\/Librairiebooksonthemove\/\" \/>\n<meta property=\"article:modified_time\" content=\"2023-11-09T17:00:19+00:00\" \/>\n<meta property=\"og:image\" content=\"https:\/\/www.booksonthemove.fr\/media\/bom_2676.jpg\" \/>\n\t<meta property=\"og:image:width\" content=\"595\" \/>\n\t<meta property=\"og:image:height\" content=\"595\" \/>\n\t<meta property=\"og:image:type\" content=\"image\/jpeg\" \/>\n<meta name=\"twitter:card\" content=\"summary_large_image\" \/>\n<script type=\"application\/ld+json\" class=\"yoast-schema-graph\">{\"@context\":\"https:\\\/\\\/schema.org\",\"@graph\":[{\"@type\":\"WebPage\",\"@id\":\"https:\\\/\\\/www.booksonthemove.fr\\\/en\\\/produit\\\/50-ans-de-danse-et-darts-de-limprovisation-au-studio-chando\\\/\",\"url\":\"https:\\\/\\\/www.booksonthemove.fr\\\/en\\\/produit\\\/50-ans-de-danse-et-darts-de-limprovisation-au-studio-chando\\\/\",\"name\":\"50 ans de danse et d'arts de l'improvisation au Studio Chando - Books on the Move\",\"isPartOf\":{\"@id\":\"https:\\\/\\\/www.booksonthemove.fr\\\/#website\"},\"primaryImageOfPage\":{\"@id\":\"https:\\\/\\\/www.booksonthemove.fr\\\/en\\\/produit\\\/50-ans-de-danse-et-darts-de-limprovisation-au-studio-chando\\\/#primaryimage\"},\"image\":{\"@id\":\"https:\\\/\\\/www.booksonthemove.fr\\\/en\\\/produit\\\/50-ans-de-danse-et-darts-de-limprovisation-au-studio-chando\\\/#primaryimage\"},\"thumbnailUrl\":\"https:\\\/\\\/www.booksonthemove.fr\\\/media\\\/bom_2676.jpg\",\"datePublished\":\"2023-11-09T16:59:37+00:00\",\"dateModified\":\"2023-11-09T17:00:19+00:00\",\"breadcrumb\":{\"@id\":\"https:\\\/\\\/www.booksonthemove.fr\\\/en\\\/produit\\\/50-ans-de-danse-et-darts-de-limprovisation-au-studio-chando\\\/#breadcrumb\"},\"inLanguage\":\"en-US\",\"potentialAction\":[{\"@type\":\"ReadAction\",\"target\":[\"https:\\\/\\\/www.booksonthemove.fr\\\/en\\\/produit\\\/50-ans-de-danse-et-darts-de-limprovisation-au-studio-chando\\\/\"]}]},{\"@type\":\"ImageObject\",\"inLanguage\":\"en-US\",\"@id\":\"https:\\\/\\\/www.booksonthemove.fr\\\/en\\\/produit\\\/50-ans-de-danse-et-darts-de-limprovisation-au-studio-chando\\\/#primaryimage\",\"url\":\"https:\\\/\\\/www.booksonthemove.fr\\\/media\\\/bom_2676.jpg\",\"contentUrl\":\"https:\\\/\\\/www.booksonthemove.fr\\\/media\\\/bom_2676.jpg\",\"width\":595,\"height\":595},{\"@type\":\"BreadcrumbList\",\"@id\":\"https:\\\/\\\/www.booksonthemove.fr\\\/en\\\/produit\\\/50-ans-de-danse-et-darts-de-limprovisation-au-studio-chando\\\/#breadcrumb\",\"itemListElement\":[{\"@type\":\"ListItem\",\"position\":1,\"name\":\"Accueil\",\"item\":\"https:\\\/\\\/www.booksonthemove.fr\\\/en\\\/\"},{\"@type\":\"ListItem\",\"position\":2,\"name\":\"online store\",\"item\":\"https:\\\/\\\/www.booksonthemove.fr\\\/en\\\/online-shop\\\/\"},{\"@type\":\"ListItem\",\"position\":3,\"name\":\"50 ans de danse et d&rsquo;arts de l&rsquo;improvisation au Studio Chando\"}]},{\"@type\":\"WebSite\",\"@id\":\"https:\\\/\\\/www.booksonthemove.fr\\\/#website\",\"url\":\"https:\\\/\\\/www.booksonthemove.fr\\\/\",\"name\":\"Books on the Move\",\"description\":\"librairie nomade - danse - mouvement - performance\",\"publisher\":{\"@id\":\"https:\\\/\\\/www.booksonthemove.fr\\\/#organization\"},\"potentialAction\":[{\"@type\":\"SearchAction\",\"target\":{\"@type\":\"EntryPoint\",\"urlTemplate\":\"https:\\\/\\\/www.booksonthemove.fr\\\/?s={search_term_string}\"},\"query-input\":{\"@type\":\"PropertyValueSpecification\",\"valueRequired\":true,\"valueName\":\"search_term_string\"}}],\"inLanguage\":\"en-US\"},{\"@type\":\"Organization\",\"@id\":\"https:\\\/\\\/www.booksonthemove.fr\\\/#organization\",\"name\":\"Books on the Move\",\"url\":\"https:\\\/\\\/www.booksonthemove.fr\\\/\",\"logo\":{\"@type\":\"ImageObject\",\"inLanguage\":\"en-US\",\"@id\":\"https:\\\/\\\/www.booksonthemove.fr\\\/#\\\/schema\\\/logo\\\/image\\\/\",\"url\":\"https:\\\/\\\/www.booksonthemove.fr\\\/media\\\/logo-NB-400.jpg\",\"contentUrl\":\"https:\\\/\\\/www.booksonthemove.fr\\\/media\\\/logo-NB-400.jpg\",\"width\":400,\"height\":143,\"caption\":\"Books on the Move\"},\"image\":{\"@id\":\"https:\\\/\\\/www.booksonthemove.fr\\\/#\\\/schema\\\/logo\\\/image\\\/\"},\"sameAs\":[\"https:\\\/\\\/www.facebook.com\\\/Librairiebooksonthemove\\\/\"]}]}<\/script>\n<!-- \/ Yoast SEO plugin. -->","yoast_head_json":{"title":"50 ans de danse et d'arts de l'improvisation au Studio Chando - Books on the Move","robots":{"index":"index","follow":"follow","max-snippet":"max-snippet:-1","max-image-preview":"max-image-preview:large","max-video-preview":"max-video-preview:-1"},"canonical":"https:\/\/www.booksonthemove.fr\/en\/produit\/50-ans-de-danse-et-darts-de-limprovisation-au-studio-chando\/","og_locale":"en_US","og_type":"article","og_title":"50 ans de danse et d'arts de l'improvisation au Studio Chando - Books on the Move","og_description":"AUTEUR\u00b7ES :\u00a0Ouvrage collectif sous la direction de Catherine Saltiel EDITEUR : \u00c9dition Studio Chandon (2023)  RELI\u00c9 :\u00a0128 pages LANGUE : Fran\u00e7ais ISBN13 :\u00a0978 2 958 66080 2","og_url":"https:\/\/www.booksonthemove.fr\/en\/produit\/50-ans-de-danse-et-darts-de-limprovisation-au-studio-chando\/","og_site_name":"Books on the Move","article_publisher":"https:\/\/www.facebook.com\/Librairiebooksonthemove\/","article_modified_time":"2023-11-09T17:00:19+00:00","og_image":[{"width":595,"height":595,"url":"https:\/\/www.booksonthemove.fr\/media\/bom_2676.jpg","type":"image\/jpeg"}],"twitter_card":"summary_large_image","schema":{"@context":"https:\/\/schema.org","@graph":[{"@type":"WebPage","@id":"https:\/\/www.booksonthemove.fr\/en\/produit\/50-ans-de-danse-et-darts-de-limprovisation-au-studio-chando\/","url":"https:\/\/www.booksonthemove.fr\/en\/produit\/50-ans-de-danse-et-darts-de-limprovisation-au-studio-chando\/","name":"50 ans de danse et d'arts de l'improvisation au Studio Chando - Books on the Move","isPartOf":{"@id":"https:\/\/www.booksonthemove.fr\/#website"},"primaryImageOfPage":{"@id":"https:\/\/www.booksonthemove.fr\/en\/produit\/50-ans-de-danse-et-darts-de-limprovisation-au-studio-chando\/#primaryimage"},"image":{"@id":"https:\/\/www.booksonthemove.fr\/en\/produit\/50-ans-de-danse-et-darts-de-limprovisation-au-studio-chando\/#primaryimage"},"thumbnailUrl":"https:\/\/www.booksonthemove.fr\/media\/bom_2676.jpg","datePublished":"2023-11-09T16:59:37+00:00","dateModified":"2023-11-09T17:00:19+00:00","breadcrumb":{"@id":"https:\/\/www.booksonthemove.fr\/en\/produit\/50-ans-de-danse-et-darts-de-limprovisation-au-studio-chando\/#breadcrumb"},"inLanguage":"en-US","potentialAction":[{"@type":"ReadAction","target":["https:\/\/www.booksonthemove.fr\/en\/produit\/50-ans-de-danse-et-darts-de-limprovisation-au-studio-chando\/"]}]},{"@type":"ImageObject","inLanguage":"en-US","@id":"https:\/\/www.booksonthemove.fr\/en\/produit\/50-ans-de-danse-et-darts-de-limprovisation-au-studio-chando\/#primaryimage","url":"https:\/\/www.booksonthemove.fr\/media\/bom_2676.jpg","contentUrl":"https:\/\/www.booksonthemove.fr\/media\/bom_2676.jpg","width":595,"height":595},{"@type":"BreadcrumbList","@id":"https:\/\/www.booksonthemove.fr\/en\/produit\/50-ans-de-danse-et-darts-de-limprovisation-au-studio-chando\/#breadcrumb","itemListElement":[{"@type":"ListItem","position":1,"name":"Accueil","item":"https:\/\/www.booksonthemove.fr\/en\/"},{"@type":"ListItem","position":2,"name":"online store","item":"https:\/\/www.booksonthemove.fr\/en\/online-shop\/"},{"@type":"ListItem","position":3,"name":"50 ans de danse et d&rsquo;arts de l&rsquo;improvisation au Studio Chando"}]},{"@type":"WebSite","@id":"https:\/\/www.booksonthemove.fr\/#website","url":"https:\/\/www.booksonthemove.fr\/","name":"Books on the Move","description":"librairie nomade - danse - mouvement - performance","publisher":{"@id":"https:\/\/www.booksonthemove.fr\/#organization"},"potentialAction":[{"@type":"SearchAction","target":{"@type":"EntryPoint","urlTemplate":"https:\/\/www.booksonthemove.fr\/?s={search_term_string}"},"query-input":{"@type":"PropertyValueSpecification","valueRequired":true,"valueName":"search_term_string"}}],"inLanguage":"en-US"},{"@type":"Organization","@id":"https:\/\/www.booksonthemove.fr\/#organization","name":"Books on the Move","url":"https:\/\/www.booksonthemove.fr\/","logo":{"@type":"ImageObject","inLanguage":"en-US","@id":"https:\/\/www.booksonthemove.fr\/#\/schema\/logo\/image\/","url":"https:\/\/www.booksonthemove.fr\/media\/logo-NB-400.jpg","contentUrl":"https:\/\/www.booksonthemove.fr\/media\/logo-NB-400.jpg","width":400,"height":143,"caption":"Books on the Move"},"image":{"@id":"https:\/\/www.booksonthemove.fr\/#\/schema\/logo\/image\/"},"sameAs":["https:\/\/www.facebook.com\/Librairiebooksonthemove\/"]}]}},"_links":{"self":[{"href":"https:\/\/www.booksonthemove.fr\/en\/wp-json\/wp\/v2\/product\/40221","targetHints":{"allow":["GET"]}}],"collection":[{"href":"https:\/\/www.booksonthemove.fr\/en\/wp-json\/wp\/v2\/product"}],"about":[{"href":"https:\/\/www.booksonthemove.fr\/en\/wp-json\/wp\/v2\/types\/product"}],"wp:featuredmedia":[{"embeddable":true,"href":"https:\/\/www.booksonthemove.fr\/en\/wp-json\/wp\/v2\/media\/40220"}],"wp:attachment":[{"href":"https:\/\/www.booksonthemove.fr\/en\/wp-json\/wp\/v2\/media?parent=40221"}],"wp:term":[{"taxonomy":"product_brand","embeddable":true,"href":"https:\/\/www.booksonthemove.fr\/en\/wp-json\/wp\/v2\/product_brand?post=40221"},{"taxonomy":"product_cat","embeddable":true,"href":"https:\/\/www.booksonthemove.fr\/en\/wp-json\/wp\/v2\/product_cat?post=40221"},{"taxonomy":"product_tag","embeddable":true,"href":"https:\/\/www.booksonthemove.fr\/en\/wp-json\/wp\/v2\/product_tag?post=40221"}],"curies":[{"name":"wp","href":"https:\/\/api.w.org\/{rel}","templated":true}]}}