{"id":4025,"date":"2016-12-28T19:05:09","date_gmt":"2016-12-28T18:05:09","guid":{"rendered":"https:\/\/www.booksonthemove.fr\/product\/la-danse-profonde-de-la-carcasse-a-lextase-2\/"},"modified":"2024-09-26T08:53:38","modified_gmt":"2024-09-26T06:53:38","slug":"la-danse-profonde-de-la-carcasse-a-lextase-2","status":"publish","type":"product","link":"https:\/\/www.booksonthemove.fr\/en\/produit\/la-danse-profonde-de-la-carcasse-a-lextase-2\/","title":{"rendered":"La danse profonde, de la carcasse \u00e0 l&#8217;extase"},"content":{"rendered":"<p class=\"bodytext\">\u00ab La\u00a0<span class=\"csc-sword\">danse<\/span>\u00a0au plus profond de moi, ma\u00a0<span class=\"csc-sword\">danse<\/span>\u00a0<span class=\"csc-sword\">profonde<\/span>, cette n\u00e9cessit\u00e9 personnelle, d\u2019o\u00f9 vient-elle ? Et votre\u00a0<span class=\"csc-sword\">danse<\/span>, celle qui est au plus profond de vous, d\u2019o\u00f9 vient-elle ? Dans le dictionnaire, il est dit que les\u00a0<span class=\"csc-sword\">danse<\/span>s sont des pas rythm\u00e9s. La\u00a0<span class=\"csc-sword\">danse<\/span>\u00a0<span class=\"csc-sword\">profonde<\/span>, c\u2019est autre chose. Il y a des gens qui n\u2019ont jamais appris des pas de\u00a0<span class=\"csc-sword\">danse<\/span>\u00a0et qui se sont \u00e9veill\u00e9s du moment qu\u2019ils se sont mis \u00e0\u00a0<span class=\"csc-sword\">danse<\/span>r. La\u00a0<span class=\"csc-sword\">danse<\/span>\u00a0<span class=\"csc-sword\">profonde<\/span>, ce n\u2019est pas un syst\u00e8me, c\u2019est quelque chose que vous connaissez avant m\u00eame de na\u00eetre, c\u2019est une chose\u00a0<span class=\"csc-sword\">profonde<\/span>\u00a0en vous. Mais vous pouvez passer toute votre vie \u00e0 \u00e9viter ce que vous \u00eates\u2026 \u00bb<\/p>\n<p class=\"bodytext\">Figure majeure de la\u00a0<span class=\"csc-sword\">danse<\/span>\u00a0moderne aux \u00c9tats-Unis puis en France, influenc\u00e9 aussi bien par Mary Wigman que par Joseph Pilates, le\u00a0<span class=\"csc-sword\">danse<\/span>ur, chor\u00e9graphe et p\u00e9dagogue Jerome Andrews (1908- 1992) a marqu\u00e9 de nombreux artistes contemporains. Entre 1968 et 1980, \u00e0 l\u2019invitation d\u2019Arno Stern, pionnier en mati\u00e8re \u00e9ducative, il donne des conf\u00e9rences sur sa conception de la\u00a0<span class=\"csc-sword\">danse<\/span>\u00a0et sa pratique p\u00e9dagogique. Dans ces interventions, \u00e9dit\u00e9es ici pour la premi\u00e8re fois, affleurent son humilit\u00e9, sa spiritualit\u00e9, sa fantaisie. On y d\u00e9couvre surtout la subtilit\u00e9 et l\u2019exigence de sa qu\u00eate, celle d\u2019un \u00e9panouissement personnel \u00e0 travers le mouvement, et son d\u00e9sir de lib\u00e9rer en chacun les possibilit\u00e9s d\u2019une \u00ab\u00a0<span class=\"csc-sword\">danse<\/span>\u00a0<span class=\"csc-sword\">profonde<\/span>\u00a0\u00bb.<\/p>\n<p class=\"bodytext\">Avec des textes de : Dimitris Kraniotis, Laurent Sebillotte, Arno Stern, Christine Kono.<\/p>\n","protected":false},"excerpt":{"rendered":"<div class=\"com-single-desc\">\n<p class=\"bodytext\"><strong>Auteur:<\/strong> Jerome Andrews <strong>Editeur:<\/strong> Centre national de la\u00a0<span class=\"csc-sword\">danse<\/span>\u00a0(2016) <strong>Broch\u00e9:<\/strong> 208 pages <strong>Langue:<\/strong> Fran\u00e7ais <strong>ISBN13:<\/strong> 978 2 914 12459 1<\/p>\n<\/div>\n<div class=\"product_single_to_basket\"><\/div>\n","protected":false},"featured_media":4024,"template":"","meta":[],"product_brand":[],"product_cat":[215,162],"product_tag":[],"class_list":{"0":"post-4025","1":"product","2":"type-product","3":"status-publish","4":"has-post-thumbnail","6":"product_cat-symposiums-conferences-en","7":"product_cat-french-en","9":"first","10":"instock","11":"taxable","12":"shipping-taxable","13":"purchasable","14":"product-type-simple"},"yoast_head":"<!-- This site is optimized with the Yoast SEO plugin v27.5 - https:\/\/yoast.com\/product\/yoast-seo-wordpress\/ -->\n<title>La danse profonde, de la carcasse \u00e0 l&#039;extase - Books on the Move<\/title>\n<meta name=\"robots\" content=\"index, follow, max-snippet:-1, max-image-preview:large, max-video-preview:-1\" \/>\n<link rel=\"canonical\" href=\"https:\/\/www.booksonthemove.fr\/en\/produit\/la-danse-profonde-de-la-carcasse-a-lextase-2\/\" \/>\n<meta property=\"og:locale\" content=\"en_US\" \/>\n<meta property=\"og:type\" content=\"article\" \/>\n<meta property=\"og:title\" content=\"La danse profonde, de la carcasse \u00e0 l&#039;extase - Books on the Move\" \/>\n<meta property=\"og:description\" content=\"Auteur: Jerome Andrews Editeur: Centre national de la\u00a0danse\u00a0(2016) Broch\u00e9: 208 pages Langue: Fran\u00e7ais ISBN13: 978 2 914 12459 1\" \/>\n<meta property=\"og:url\" content=\"https:\/\/www.booksonthemove.fr\/en\/produit\/la-danse-profonde-de-la-carcasse-a-lextase-2\/\" \/>\n<meta property=\"og:site_name\" content=\"Books on the Move\" \/>\n<meta property=\"article:publisher\" content=\"https:\/\/www.facebook.com\/Librairiebooksonthemove\/\" \/>\n<meta property=\"article:modified_time\" content=\"2024-09-26T06:53:38+00:00\" \/>\n<meta property=\"og:image\" content=\"https:\/\/www.booksonthemove.fr\/media\/bom_1607.jpg\" \/>\n\t<meta property=\"og:image:width\" content=\"900\" \/>\n\t<meta property=\"og:image:height\" content=\"1390\" \/>\n\t<meta property=\"og:image:type\" content=\"image\/jpeg\" \/>\n<meta name=\"twitter:card\" content=\"summary_large_image\" \/>\n<script type=\"application\/ld+json\" class=\"yoast-schema-graph\">{\"@context\":\"https:\\\/\\\/schema.org\",\"@graph\":[{\"@type\":\"WebPage\",\"@id\":\"https:\\\/\\\/www.booksonthemove.fr\\\/en\\\/produit\\\/la-danse-profonde-de-la-carcasse-a-lextase-2\\\/\",\"url\":\"https:\\\/\\\/www.booksonthemove.fr\\\/en\\\/produit\\\/la-danse-profonde-de-la-carcasse-a-lextase-2\\\/\",\"name\":\"La danse profonde, de la carcasse \u00e0 l'extase - Books on the Move\",\"isPartOf\":{\"@id\":\"https:\\\/\\\/www.booksonthemove.fr\\\/#website\"},\"primaryImageOfPage\":{\"@id\":\"https:\\\/\\\/www.booksonthemove.fr\\\/en\\\/produit\\\/la-danse-profonde-de-la-carcasse-a-lextase-2\\\/#primaryimage\"},\"image\":{\"@id\":\"https:\\\/\\\/www.booksonthemove.fr\\\/en\\\/produit\\\/la-danse-profonde-de-la-carcasse-a-lextase-2\\\/#primaryimage\"},\"thumbnailUrl\":\"https:\\\/\\\/www.booksonthemove.fr\\\/media\\\/bom_1607.jpg\",\"datePublished\":\"2016-12-28T18:05:09+00:00\",\"dateModified\":\"2024-09-26T06:53:38+00:00\",\"breadcrumb\":{\"@id\":\"https:\\\/\\\/www.booksonthemove.fr\\\/en\\\/produit\\\/la-danse-profonde-de-la-carcasse-a-lextase-2\\\/#breadcrumb\"},\"inLanguage\":\"en-US\",\"potentialAction\":[{\"@type\":\"ReadAction\",\"target\":[\"https:\\\/\\\/www.booksonthemove.fr\\\/en\\\/produit\\\/la-danse-profonde-de-la-carcasse-a-lextase-2\\\/\"]}]},{\"@type\":\"ImageObject\",\"inLanguage\":\"en-US\",\"@id\":\"https:\\\/\\\/www.booksonthemove.fr\\\/en\\\/produit\\\/la-danse-profonde-de-la-carcasse-a-lextase-2\\\/#primaryimage\",\"url\":\"https:\\\/\\\/www.booksonthemove.fr\\\/media\\\/bom_1607.jpg\",\"contentUrl\":\"https:\\\/\\\/www.booksonthemove.fr\\\/media\\\/bom_1607.jpg\",\"width\":900,\"height\":1390},{\"@type\":\"BreadcrumbList\",\"@id\":\"https:\\\/\\\/www.booksonthemove.fr\\\/en\\\/produit\\\/la-danse-profonde-de-la-carcasse-a-lextase-2\\\/#breadcrumb\",\"itemListElement\":[{\"@type\":\"ListItem\",\"position\":1,\"name\":\"Accueil\",\"item\":\"https:\\\/\\\/www.booksonthemove.fr\\\/en\\\/\"},{\"@type\":\"ListItem\",\"position\":2,\"name\":\"online store\",\"item\":\"https:\\\/\\\/www.booksonthemove.fr\\\/en\\\/online-shop\\\/\"},{\"@type\":\"ListItem\",\"position\":3,\"name\":\"La danse profonde, de la carcasse \u00e0 l&#8217;extase\"}]},{\"@type\":\"WebSite\",\"@id\":\"https:\\\/\\\/www.booksonthemove.fr\\\/#website\",\"url\":\"https:\\\/\\\/www.booksonthemove.fr\\\/\",\"name\":\"Books on the Move\",\"description\":\"librairie nomade - danse - mouvement - performance\",\"publisher\":{\"@id\":\"https:\\\/\\\/www.booksonthemove.fr\\\/#organization\"},\"potentialAction\":[{\"@type\":\"SearchAction\",\"target\":{\"@type\":\"EntryPoint\",\"urlTemplate\":\"https:\\\/\\\/www.booksonthemove.fr\\\/?s={search_term_string}\"},\"query-input\":{\"@type\":\"PropertyValueSpecification\",\"valueRequired\":true,\"valueName\":\"search_term_string\"}}],\"inLanguage\":\"en-US\"},{\"@type\":\"Organization\",\"@id\":\"https:\\\/\\\/www.booksonthemove.fr\\\/#organization\",\"name\":\"Books on the Move\",\"url\":\"https:\\\/\\\/www.booksonthemove.fr\\\/\",\"logo\":{\"@type\":\"ImageObject\",\"inLanguage\":\"en-US\",\"@id\":\"https:\\\/\\\/www.booksonthemove.fr\\\/#\\\/schema\\\/logo\\\/image\\\/\",\"url\":\"https:\\\/\\\/www.booksonthemove.fr\\\/media\\\/logo-NB-400.jpg\",\"contentUrl\":\"https:\\\/\\\/www.booksonthemove.fr\\\/media\\\/logo-NB-400.jpg\",\"width\":400,\"height\":143,\"caption\":\"Books on the Move\"},\"image\":{\"@id\":\"https:\\\/\\\/www.booksonthemove.fr\\\/#\\\/schema\\\/logo\\\/image\\\/\"},\"sameAs\":[\"https:\\\/\\\/www.facebook.com\\\/Librairiebooksonthemove\\\/\"]}]}<\/script>\n<!-- \/ Yoast SEO plugin. -->","yoast_head_json":{"title":"La danse profonde, de la carcasse \u00e0 l'extase - Books on the Move","robots":{"index":"index","follow":"follow","max-snippet":"max-snippet:-1","max-image-preview":"max-image-preview:large","max-video-preview":"max-video-preview:-1"},"canonical":"https:\/\/www.booksonthemove.fr\/en\/produit\/la-danse-profonde-de-la-carcasse-a-lextase-2\/","og_locale":"en_US","og_type":"article","og_title":"La danse profonde, de la carcasse \u00e0 l'extase - Books on the Move","og_description":"Auteur: Jerome Andrews Editeur: Centre national de la\u00a0danse\u00a0(2016) Broch\u00e9: 208 pages Langue: Fran\u00e7ais ISBN13: 978 2 914 12459 1","og_url":"https:\/\/www.booksonthemove.fr\/en\/produit\/la-danse-profonde-de-la-carcasse-a-lextase-2\/","og_site_name":"Books on the Move","article_publisher":"https:\/\/www.facebook.com\/Librairiebooksonthemove\/","article_modified_time":"2024-09-26T06:53:38+00:00","og_image":[{"width":900,"height":1390,"url":"https:\/\/www.booksonthemove.fr\/media\/bom_1607.jpg","type":"image\/jpeg"}],"twitter_card":"summary_large_image","schema":{"@context":"https:\/\/schema.org","@graph":[{"@type":"WebPage","@id":"https:\/\/www.booksonthemove.fr\/en\/produit\/la-danse-profonde-de-la-carcasse-a-lextase-2\/","url":"https:\/\/www.booksonthemove.fr\/en\/produit\/la-danse-profonde-de-la-carcasse-a-lextase-2\/","name":"La danse profonde, de la carcasse \u00e0 l'extase - Books on the Move","isPartOf":{"@id":"https:\/\/www.booksonthemove.fr\/#website"},"primaryImageOfPage":{"@id":"https:\/\/www.booksonthemove.fr\/en\/produit\/la-danse-profonde-de-la-carcasse-a-lextase-2\/#primaryimage"},"image":{"@id":"https:\/\/www.booksonthemove.fr\/en\/produit\/la-danse-profonde-de-la-carcasse-a-lextase-2\/#primaryimage"},"thumbnailUrl":"https:\/\/www.booksonthemove.fr\/media\/bom_1607.jpg","datePublished":"2016-12-28T18:05:09+00:00","dateModified":"2024-09-26T06:53:38+00:00","breadcrumb":{"@id":"https:\/\/www.booksonthemove.fr\/en\/produit\/la-danse-profonde-de-la-carcasse-a-lextase-2\/#breadcrumb"},"inLanguage":"en-US","potentialAction":[{"@type":"ReadAction","target":["https:\/\/www.booksonthemove.fr\/en\/produit\/la-danse-profonde-de-la-carcasse-a-lextase-2\/"]}]},{"@type":"ImageObject","inLanguage":"en-US","@id":"https:\/\/www.booksonthemove.fr\/en\/produit\/la-danse-profonde-de-la-carcasse-a-lextase-2\/#primaryimage","url":"https:\/\/www.booksonthemove.fr\/media\/bom_1607.jpg","contentUrl":"https:\/\/www.booksonthemove.fr\/media\/bom_1607.jpg","width":900,"height":1390},{"@type":"BreadcrumbList","@id":"https:\/\/www.booksonthemove.fr\/en\/produit\/la-danse-profonde-de-la-carcasse-a-lextase-2\/#breadcrumb","itemListElement":[{"@type":"ListItem","position":1,"name":"Accueil","item":"https:\/\/www.booksonthemove.fr\/en\/"},{"@type":"ListItem","position":2,"name":"online store","item":"https:\/\/www.booksonthemove.fr\/en\/online-shop\/"},{"@type":"ListItem","position":3,"name":"La danse profonde, de la carcasse \u00e0 l&#8217;extase"}]},{"@type":"WebSite","@id":"https:\/\/www.booksonthemove.fr\/#website","url":"https:\/\/www.booksonthemove.fr\/","name":"Books on the Move","description":"librairie nomade - danse - mouvement - performance","publisher":{"@id":"https:\/\/www.booksonthemove.fr\/#organization"},"potentialAction":[{"@type":"SearchAction","target":{"@type":"EntryPoint","urlTemplate":"https:\/\/www.booksonthemove.fr\/?s={search_term_string}"},"query-input":{"@type":"PropertyValueSpecification","valueRequired":true,"valueName":"search_term_string"}}],"inLanguage":"en-US"},{"@type":"Organization","@id":"https:\/\/www.booksonthemove.fr\/#organization","name":"Books on the Move","url":"https:\/\/www.booksonthemove.fr\/","logo":{"@type":"ImageObject","inLanguage":"en-US","@id":"https:\/\/www.booksonthemove.fr\/#\/schema\/logo\/image\/","url":"https:\/\/www.booksonthemove.fr\/media\/logo-NB-400.jpg","contentUrl":"https:\/\/www.booksonthemove.fr\/media\/logo-NB-400.jpg","width":400,"height":143,"caption":"Books on the Move"},"image":{"@id":"https:\/\/www.booksonthemove.fr\/#\/schema\/logo\/image\/"},"sameAs":["https:\/\/www.facebook.com\/Librairiebooksonthemove\/"]}]}},"_links":{"self":[{"href":"https:\/\/www.booksonthemove.fr\/en\/wp-json\/wp\/v2\/product\/4025","targetHints":{"allow":["GET"]}}],"collection":[{"href":"https:\/\/www.booksonthemove.fr\/en\/wp-json\/wp\/v2\/product"}],"about":[{"href":"https:\/\/www.booksonthemove.fr\/en\/wp-json\/wp\/v2\/types\/product"}],"wp:featuredmedia":[{"embeddable":true,"href":"https:\/\/www.booksonthemove.fr\/en\/wp-json\/wp\/v2\/media\/4024"}],"wp:attachment":[{"href":"https:\/\/www.booksonthemove.fr\/en\/wp-json\/wp\/v2\/media?parent=4025"}],"wp:term":[{"taxonomy":"product_brand","embeddable":true,"href":"https:\/\/www.booksonthemove.fr\/en\/wp-json\/wp\/v2\/product_brand?post=4025"},{"taxonomy":"product_cat","embeddable":true,"href":"https:\/\/www.booksonthemove.fr\/en\/wp-json\/wp\/v2\/product_cat?post=4025"},{"taxonomy":"product_tag","embeddable":true,"href":"https:\/\/www.booksonthemove.fr\/en\/wp-json\/wp\/v2\/product_tag?post=4025"}],"curies":[{"name":"wp","href":"https:\/\/api.w.org\/{rel}","templated":true}]}}