{"id":40363,"date":"2023-11-15T17:59:47","date_gmt":"2023-11-15T16:59:47","guid":{"rendered":"https:\/\/www.booksonthemove.fr\/produit\/poetique-de-la-relation-poetique-iii\/"},"modified":"2024-11-29T08:06:01","modified_gmt":"2024-11-29T07:06:01","slug":"poetique-de-la-relation-poetique-iii","status":"publish","type":"product","link":"https:\/\/www.booksonthemove.fr\/en\/produit\/poetique-de-la-relation-poetique-iii\/","title":{"rendered":"Po\u00e9tique de la Relation &#8211; Po\u00e9tique III"},"content":{"rendered":"<p>\u00abEsth\u00e9tique de la terre ? Dans la poussi\u00e8re fam\u00e9lique des Afriques ? Dans la boue des Asies inond\u00e9es ? Dans les \u00e9pid\u00e9mies, les exploitations occult\u00e9es, les mouches bombillant sur les peaux en squelette des enfants ? Dans le silence glac\u00e9 des Andes ? Dans les pluies d\u00e9racinant les favelas et les bidonvilles ? Dans la pierraille et la broussaille des bantoustans ? Dans les fleurs autour du cou, et les ukul\u00e9l\u00e9s ? Dans les baraques de fange couronnant les mines d&#8217;or ? Dans les \u00e9gouttoirs des villes ? Dans le vent aborig\u00e8ne ravag\u00e9 ? Dans les quartiers r\u00e9serv\u00e9s ? Dans l&#8217;ivresse des consommations aveugles ? Dans l&#8217;\u00e9tau ? La cabane ? La nuit sans lumignon ?<br \/>\nOui. Mais esth\u00e9tique du bouleversement et de l&#8217;intrusion. Trouver des \u00e9quivalents de fi\u00e8vre pour l&#8217;id\u00e9e &#8220;environnement&#8221; (que pour ma part je nomme entour), pour l&#8217;id\u00e9e &#8220;\u00e9cologie&#8221;, qui paraissent si oiseuses dans ces paysages de la d\u00e9solation. Imaginer des forces de boucan et de doux-sirop pour l&#8217;id\u00e9e de l&#8217;amour de la terre, qui est si d\u00e9risoire ou qui fonde souvent des intol\u00e9rances si sectaires.\u00bb<\/p>\n","protected":false},"excerpt":{"rendered":"<p><strong>AUTEUR :<\/strong>\u00a0\u00c9douard Glissant<br \/>\n<strong>EDITEUR :<\/strong> Gallimard (1990)<\/p>\n<p><strong>BROCH\u00c9 :<\/strong>\u00a0248 pages<br \/>\n<strong>LANGUE :<\/strong> Fran\u00e7ais<br \/>\n<strong>ISBN :<\/strong> 978-2-070-72025-5<\/p>\n","protected":false},"featured_media":40362,"template":"","meta":[],"product_brand":[],"product_cat":[227,162,219],"product_tag":[],"class_list":{"0":"post-40363","1":"product","2":"type-product","3":"status-publish","4":"has-post-thumbnail","6":"product_cat-essays-en","7":"product_cat-french-en","8":"product_cat-literature-en","10":"first","11":"instock","12":"taxable","13":"shipping-taxable","14":"purchasable","15":"product-type-simple"},"yoast_head":"<!-- This site is optimized with the Yoast SEO plugin v27.5 - https:\/\/yoast.com\/product\/yoast-seo-wordpress\/ -->\n<title>Po\u00e9tique de la Relation - Po\u00e9tique III - Books on the Move<\/title>\n<meta name=\"robots\" content=\"index, follow, max-snippet:-1, max-image-preview:large, max-video-preview:-1\" \/>\n<link rel=\"canonical\" href=\"https:\/\/www.booksonthemove.fr\/produit\/poetique-de-la-relation-poetique-iii\/\" \/>\n<meta property=\"og:locale\" content=\"en_US\" \/>\n<meta property=\"og:type\" content=\"article\" \/>\n<meta property=\"og:title\" content=\"Po\u00e9tique de la Relation - Po\u00e9tique III - Books on the Move\" \/>\n<meta property=\"og:description\" content=\"AUTEUR :\u00a0\u00c9douard Glissant EDITEUR : Gallimard (1990)  BROCH\u00c9 :\u00a0248 pages LANGUE : Fran\u00e7ais ISBN : 978-2-070-72025-5\" \/>\n<meta property=\"og:url\" content=\"https:\/\/www.booksonthemove.fr\/produit\/poetique-de-la-relation-poetique-iii\/\" \/>\n<meta property=\"og:site_name\" content=\"Books on the Move\" \/>\n<meta property=\"article:publisher\" content=\"https:\/\/www.facebook.com\/Librairiebooksonthemove\/\" \/>\n<meta property=\"article:modified_time\" content=\"2024-11-29T07:06:01+00:00\" \/>\n<meta property=\"og:image\" content=\"https:\/\/www.booksonthemove.fr\/media\/bom_2513.jpg\" \/>\n\t<meta property=\"og:image:width\" content=\"900\" \/>\n\t<meta property=\"og:image:height\" content=\"1313\" \/>\n\t<meta property=\"og:image:type\" content=\"image\/jpeg\" \/>\n<meta name=\"twitter:card\" content=\"summary_large_image\" \/>\n<script type=\"application\/ld+json\" class=\"yoast-schema-graph\">{\"@context\":\"https:\\\/\\\/schema.org\",\"@graph\":[{\"@type\":\"WebPage\",\"@id\":\"https:\\\/\\\/www.booksonthemove.fr\\\/produit\\\/poetique-de-la-relation-poetique-iii\\\/\",\"url\":\"https:\\\/\\\/www.booksonthemove.fr\\\/produit\\\/poetique-de-la-relation-poetique-iii\\\/\",\"name\":\"Po\u00e9tique de la Relation - Po\u00e9tique III - Books on the Move\",\"isPartOf\":{\"@id\":\"https:\\\/\\\/www.booksonthemove.fr\\\/#website\"},\"primaryImageOfPage\":{\"@id\":\"https:\\\/\\\/www.booksonthemove.fr\\\/produit\\\/poetique-de-la-relation-poetique-iii\\\/#primaryimage\"},\"image\":{\"@id\":\"https:\\\/\\\/www.booksonthemove.fr\\\/produit\\\/poetique-de-la-relation-poetique-iii\\\/#primaryimage\"},\"thumbnailUrl\":\"https:\\\/\\\/www.booksonthemove.fr\\\/media\\\/bom_2513.jpg\",\"datePublished\":\"2023-11-15T16:59:47+00:00\",\"dateModified\":\"2024-11-29T07:06:01+00:00\",\"breadcrumb\":{\"@id\":\"https:\\\/\\\/www.booksonthemove.fr\\\/produit\\\/poetique-de-la-relation-poetique-iii\\\/#breadcrumb\"},\"inLanguage\":\"en-US\",\"potentialAction\":[{\"@type\":\"ReadAction\",\"target\":[\"https:\\\/\\\/www.booksonthemove.fr\\\/produit\\\/poetique-de-la-relation-poetique-iii\\\/\"]}]},{\"@type\":\"ImageObject\",\"inLanguage\":\"en-US\",\"@id\":\"https:\\\/\\\/www.booksonthemove.fr\\\/produit\\\/poetique-de-la-relation-poetique-iii\\\/#primaryimage\",\"url\":\"https:\\\/\\\/www.booksonthemove.fr\\\/media\\\/bom_2513.jpg\",\"contentUrl\":\"https:\\\/\\\/www.booksonthemove.fr\\\/media\\\/bom_2513.jpg\",\"width\":900,\"height\":1313},{\"@type\":\"BreadcrumbList\",\"@id\":\"https:\\\/\\\/www.booksonthemove.fr\\\/produit\\\/poetique-de-la-relation-poetique-iii\\\/#breadcrumb\",\"itemListElement\":[{\"@type\":\"ListItem\",\"position\":1,\"name\":\"Accueil\",\"item\":\"https:\\\/\\\/www.booksonthemove.fr\\\/en\\\/\"},{\"@type\":\"ListItem\",\"position\":2,\"name\":\"online store\",\"item\":\"https:\\\/\\\/www.booksonthemove.fr\\\/en\\\/online-shop\\\/\"},{\"@type\":\"ListItem\",\"position\":3,\"name\":\"Po\u00e9tique de la Relation &#8211; Po\u00e9tique III\"}]},{\"@type\":\"WebSite\",\"@id\":\"https:\\\/\\\/www.booksonthemove.fr\\\/#website\",\"url\":\"https:\\\/\\\/www.booksonthemove.fr\\\/\",\"name\":\"Books on the Move\",\"description\":\"librairie nomade - danse - mouvement - performance\",\"publisher\":{\"@id\":\"https:\\\/\\\/www.booksonthemove.fr\\\/#organization\"},\"potentialAction\":[{\"@type\":\"SearchAction\",\"target\":{\"@type\":\"EntryPoint\",\"urlTemplate\":\"https:\\\/\\\/www.booksonthemove.fr\\\/?s={search_term_string}\"},\"query-input\":{\"@type\":\"PropertyValueSpecification\",\"valueRequired\":true,\"valueName\":\"search_term_string\"}}],\"inLanguage\":\"en-US\"},{\"@type\":\"Organization\",\"@id\":\"https:\\\/\\\/www.booksonthemove.fr\\\/#organization\",\"name\":\"Books on the Move\",\"url\":\"https:\\\/\\\/www.booksonthemove.fr\\\/\",\"logo\":{\"@type\":\"ImageObject\",\"inLanguage\":\"en-US\",\"@id\":\"https:\\\/\\\/www.booksonthemove.fr\\\/#\\\/schema\\\/logo\\\/image\\\/\",\"url\":\"https:\\\/\\\/www.booksonthemove.fr\\\/media\\\/logo-NB-400.jpg\",\"contentUrl\":\"https:\\\/\\\/www.booksonthemove.fr\\\/media\\\/logo-NB-400.jpg\",\"width\":400,\"height\":143,\"caption\":\"Books on the Move\"},\"image\":{\"@id\":\"https:\\\/\\\/www.booksonthemove.fr\\\/#\\\/schema\\\/logo\\\/image\\\/\"},\"sameAs\":[\"https:\\\/\\\/www.facebook.com\\\/Librairiebooksonthemove\\\/\"]}]}<\/script>\n<!-- \/ Yoast SEO plugin. -->","yoast_head_json":{"title":"Po\u00e9tique de la Relation - Po\u00e9tique III - Books on the Move","robots":{"index":"index","follow":"follow","max-snippet":"max-snippet:-1","max-image-preview":"max-image-preview:large","max-video-preview":"max-video-preview:-1"},"canonical":"https:\/\/www.booksonthemove.fr\/produit\/poetique-de-la-relation-poetique-iii\/","og_locale":"en_US","og_type":"article","og_title":"Po\u00e9tique de la Relation - Po\u00e9tique III - Books on the Move","og_description":"AUTEUR :\u00a0\u00c9douard Glissant EDITEUR : Gallimard (1990)  BROCH\u00c9 :\u00a0248 pages LANGUE : Fran\u00e7ais ISBN : 978-2-070-72025-5","og_url":"https:\/\/www.booksonthemove.fr\/produit\/poetique-de-la-relation-poetique-iii\/","og_site_name":"Books on the Move","article_publisher":"https:\/\/www.facebook.com\/Librairiebooksonthemove\/","article_modified_time":"2024-11-29T07:06:01+00:00","og_image":[{"width":900,"height":1313,"url":"https:\/\/www.booksonthemove.fr\/media\/bom_2513.jpg","type":"image\/jpeg"}],"twitter_card":"summary_large_image","schema":{"@context":"https:\/\/schema.org","@graph":[{"@type":"WebPage","@id":"https:\/\/www.booksonthemove.fr\/produit\/poetique-de-la-relation-poetique-iii\/","url":"https:\/\/www.booksonthemove.fr\/produit\/poetique-de-la-relation-poetique-iii\/","name":"Po\u00e9tique de la Relation - Po\u00e9tique III - Books on the Move","isPartOf":{"@id":"https:\/\/www.booksonthemove.fr\/#website"},"primaryImageOfPage":{"@id":"https:\/\/www.booksonthemove.fr\/produit\/poetique-de-la-relation-poetique-iii\/#primaryimage"},"image":{"@id":"https:\/\/www.booksonthemove.fr\/produit\/poetique-de-la-relation-poetique-iii\/#primaryimage"},"thumbnailUrl":"https:\/\/www.booksonthemove.fr\/media\/bom_2513.jpg","datePublished":"2023-11-15T16:59:47+00:00","dateModified":"2024-11-29T07:06:01+00:00","breadcrumb":{"@id":"https:\/\/www.booksonthemove.fr\/produit\/poetique-de-la-relation-poetique-iii\/#breadcrumb"},"inLanguage":"en-US","potentialAction":[{"@type":"ReadAction","target":["https:\/\/www.booksonthemove.fr\/produit\/poetique-de-la-relation-poetique-iii\/"]}]},{"@type":"ImageObject","inLanguage":"en-US","@id":"https:\/\/www.booksonthemove.fr\/produit\/poetique-de-la-relation-poetique-iii\/#primaryimage","url":"https:\/\/www.booksonthemove.fr\/media\/bom_2513.jpg","contentUrl":"https:\/\/www.booksonthemove.fr\/media\/bom_2513.jpg","width":900,"height":1313},{"@type":"BreadcrumbList","@id":"https:\/\/www.booksonthemove.fr\/produit\/poetique-de-la-relation-poetique-iii\/#breadcrumb","itemListElement":[{"@type":"ListItem","position":1,"name":"Accueil","item":"https:\/\/www.booksonthemove.fr\/en\/"},{"@type":"ListItem","position":2,"name":"online store","item":"https:\/\/www.booksonthemove.fr\/en\/online-shop\/"},{"@type":"ListItem","position":3,"name":"Po\u00e9tique de la Relation &#8211; Po\u00e9tique III"}]},{"@type":"WebSite","@id":"https:\/\/www.booksonthemove.fr\/#website","url":"https:\/\/www.booksonthemove.fr\/","name":"Books on the Move","description":"librairie nomade - danse - mouvement - performance","publisher":{"@id":"https:\/\/www.booksonthemove.fr\/#organization"},"potentialAction":[{"@type":"SearchAction","target":{"@type":"EntryPoint","urlTemplate":"https:\/\/www.booksonthemove.fr\/?s={search_term_string}"},"query-input":{"@type":"PropertyValueSpecification","valueRequired":true,"valueName":"search_term_string"}}],"inLanguage":"en-US"},{"@type":"Organization","@id":"https:\/\/www.booksonthemove.fr\/#organization","name":"Books on the Move","url":"https:\/\/www.booksonthemove.fr\/","logo":{"@type":"ImageObject","inLanguage":"en-US","@id":"https:\/\/www.booksonthemove.fr\/#\/schema\/logo\/image\/","url":"https:\/\/www.booksonthemove.fr\/media\/logo-NB-400.jpg","contentUrl":"https:\/\/www.booksonthemove.fr\/media\/logo-NB-400.jpg","width":400,"height":143,"caption":"Books on the Move"},"image":{"@id":"https:\/\/www.booksonthemove.fr\/#\/schema\/logo\/image\/"},"sameAs":["https:\/\/www.facebook.com\/Librairiebooksonthemove\/"]}]}},"_links":{"self":[{"href":"https:\/\/www.booksonthemove.fr\/en\/wp-json\/wp\/v2\/product\/40363","targetHints":{"allow":["GET"]}}],"collection":[{"href":"https:\/\/www.booksonthemove.fr\/en\/wp-json\/wp\/v2\/product"}],"about":[{"href":"https:\/\/www.booksonthemove.fr\/en\/wp-json\/wp\/v2\/types\/product"}],"wp:featuredmedia":[{"embeddable":true,"href":"https:\/\/www.booksonthemove.fr\/en\/wp-json\/wp\/v2\/media\/40362"}],"wp:attachment":[{"href":"https:\/\/www.booksonthemove.fr\/en\/wp-json\/wp\/v2\/media?parent=40363"}],"wp:term":[{"taxonomy":"product_brand","embeddable":true,"href":"https:\/\/www.booksonthemove.fr\/en\/wp-json\/wp\/v2\/product_brand?post=40363"},{"taxonomy":"product_cat","embeddable":true,"href":"https:\/\/www.booksonthemove.fr\/en\/wp-json\/wp\/v2\/product_cat?post=40363"},{"taxonomy":"product_tag","embeddable":true,"href":"https:\/\/www.booksonthemove.fr\/en\/wp-json\/wp\/v2\/product_tag?post=40363"}],"curies":[{"name":"wp","href":"https:\/\/api.w.org\/{rel}","templated":true}]}}