{"id":4045,"date":"2016-12-28T20:47:40","date_gmt":"2016-12-28T19:47:40","guid":{"rendered":"https:\/\/www.booksonthemove.fr\/?post_type=product&#038;p=4045"},"modified":"2019-10-09T22:51:56","modified_gmt":"2019-10-09T20:51:56","slug":"leveil-des-modernites-une-histoire-culturelle-de-la-danse-1870-1945","status":"publish","type":"product","link":"https:\/\/www.booksonthemove.fr\/en\/produit\/leveil-des-modernites-une-histoire-culturelle-de-la-danse-1870-1945\/","title":{"rendered":"L&#8217;\u00e9veil des modernit\u00e9s &#8211; une histoire culturelle de la danse (1870-1945)"},"content":{"rendered":"<p class=\"bodytext\">Un ouvrage de r\u00e9f\u00e9rence sur les r\u00e9volutions qui marqu\u00e8rent l\u2019entr\u00e9e de la danse dans la modernit\u00e9.<\/p>\n<p class=\"bodytext\">Entre 1870 et 1945, avec l\u2019essor des villes et l\u2019\u00e9volution des moeurs, de nouvelles formes de spectacle apparaissent en Occident et, avec elles, de nouvelles visions du corps dansant, multiples et parfois contradictoires. Certains danseurs, captiv\u00e9s par le modernisme technologique, r\u00eavent d\u2019une hybridation du corps avec la machine. Pour d\u2019autres, l\u2019enjeu est de red\u00e9couvrir l\u2019aptitude au mouvement naturel et les pulsions vitales, mises \u00e0 mal par la vie moderne. D\u2019autres encore puisent une inspiration lib\u00e9ratrice dans les danses exotiques ou l\u2019exemple des \u00ab peuples primitifs \u00bb.<\/p>\n<p class=\"bodytext\">Mais \u00e0 New York comme \u00e0 Paris, Berlin ou Moscou, la danse doit aussi r\u00e9pondre de son r\u00f4le politique, social et culturel face \u00e0 la crise \u00e9conomique et la mont\u00e9e des totalitarismes. Chor\u00e9graphes, interpr\u00e8tes et p\u00e9dagogues, tous ont conscience d\u2019oeuvrer \u00e0 une \u00e9poque de ruptures et d\u2019avoir \u00e0 situer leur d\u00e9marche cr\u00e9ative par rapport aux bouleversements et violences de leur temps. C\u2019est le r\u00e9cit de cette histoire complexe et passionnante que propose cet ouvrage.<\/p>\n<p class=\"bodytext\">\u00c0 partir des acquis les plus r\u00e9cents de la recherche internationale en danse, il situe l\u2019\u00e9mergence des oeuvres \u2013 comme des d\u00e9marches et des th\u00e9ories qui les animent \u2013 dans leur contexte culturel et leur environnement social, tout en croisant l\u2019\u00e9tude des pratiques corporelles avec l\u2019analyse des enjeux, tant esth\u00e9tiques que politiques, d\u2019un art en mutation.<\/p>\n<p class=\"bodytext\">Tr\u00e8s document\u00e9, offrant un panorama complet des artistes et des courants de l\u2019\u00e9poque, r\u00e9dig\u00e9 dans un style clair et fluide, cet ouvrage vient combler un manque souvent soulign\u00e9 dans l\u2019\u00e9dition en danse. Il offre une perspective in\u00e9dite et f\u00e9conde sur l\u2019histoire de la danse en la repla\u00e7ant dans un contexte culturel plus large, dans l\u2019histoire des mentalit\u00e9s, l\u2019histoire politique et sociale mais \u00e9galement celle des autres arts. Au-del\u00e0 du champ de la danse, ce livre s\u2019adresse \u00e0 tout lecteur s\u2019int\u00e9ressant \u00e0 l\u2019histoire des arts mais aussi \u00e0 l\u2019\u00e9volution des soci\u00e9t\u00e9s occidentales en g\u00e9n\u00e9ral.<\/p>\n<p class=\"bodytext\">Cet ouvrage inaugure une nouvelle collection, \u00ab Histoires \u00bb (conception graphique de J\u00e9r\u00f4me Saint-Loubert Bi\u00e9), aux \u00e9ditions du Centre national de la danse. Celle-ci proposera des ouvrages faisant l\u2019\u00e9tat des lieux des connaissances actuelles sur une p\u00e9riode et une aire g\u00e9ographique donn\u00e9es li\u00e9es au champ de la danse.<\/p>\n","protected":false},"excerpt":{"rendered":"<p><strong>Auteur:<\/strong> Annie Suquet <strong>Editeur:<\/strong> Centre national de la danse (2012) <strong>Broch\u00e9:<\/strong> 960 pages <strong>Langue:<\/strong> Fran\u00e7ais <strong>ISBN13:<\/strong> 978-2-914-12445-4<\/p>\n","protected":false},"featured_media":4047,"template":"","meta":[],"product_brand":[],"product_cat":[227,162,136],"product_tag":[],"class_list":{"0":"post-4045","1":"product","2":"type-product","3":"status-publish","4":"has-post-thumbnail","6":"product_cat-essays-en","7":"product_cat-french-en","8":"product_cat-histoire-en","10":"first","11":"instock","12":"taxable","13":"shipping-taxable","14":"purchasable","15":"product-type-simple"},"yoast_head":"<!-- This site is optimized with the Yoast SEO plugin v27.5 - https:\/\/yoast.com\/product\/yoast-seo-wordpress\/ -->\n<title>L&#039;\u00e9veil des modernit\u00e9s - une histoire culturelle de la danse (1870-1945) - Books on the Move<\/title>\n<meta name=\"robots\" content=\"index, follow, max-snippet:-1, max-image-preview:large, max-video-preview:-1\" \/>\n<link rel=\"canonical\" href=\"https:\/\/www.booksonthemove.fr\/en\/produit\/leveil-des-modernites-une-histoire-culturelle-de-la-danse-1870-1945\/\" \/>\n<meta property=\"og:locale\" content=\"en_US\" \/>\n<meta property=\"og:type\" content=\"article\" \/>\n<meta property=\"og:title\" content=\"L&#039;\u00e9veil des modernit\u00e9s - une histoire culturelle de la danse (1870-1945) - Books on the Move\" \/>\n<meta property=\"og:description\" content=\"Auteur: Annie Suquet Editeur: Centre national de la danse (2012) Broch\u00e9: 960 pages Langue: Fran\u00e7ais ISBN13: 978-2-914-12445-4\" \/>\n<meta property=\"og:url\" content=\"https:\/\/www.booksonthemove.fr\/en\/produit\/leveil-des-modernites-une-histoire-culturelle-de-la-danse-1870-1945\/\" \/>\n<meta property=\"og:site_name\" content=\"Books on the Move\" \/>\n<meta property=\"article:publisher\" content=\"https:\/\/www.facebook.com\/Librairiebooksonthemove\/\" \/>\n<meta property=\"article:modified_time\" content=\"2019-10-09T20:51:56+00:00\" \/>\n<meta property=\"og:image\" content=\"https:\/\/www.booksonthemove.fr\/media\/bom_1609-reduced.jpg\" \/>\n\t<meta property=\"og:image:width\" content=\"900\" \/>\n\t<meta property=\"og:image:height\" content=\"1329\" \/>\n\t<meta property=\"og:image:type\" content=\"image\/jpeg\" \/>\n<meta name=\"twitter:card\" content=\"summary_large_image\" \/>\n<script type=\"application\/ld+json\" class=\"yoast-schema-graph\">{\"@context\":\"https:\\\/\\\/schema.org\",\"@graph\":[{\"@type\":\"WebPage\",\"@id\":\"https:\\\/\\\/www.booksonthemove.fr\\\/en\\\/produit\\\/leveil-des-modernites-une-histoire-culturelle-de-la-danse-1870-1945\\\/\",\"url\":\"https:\\\/\\\/www.booksonthemove.fr\\\/en\\\/produit\\\/leveil-des-modernites-une-histoire-culturelle-de-la-danse-1870-1945\\\/\",\"name\":\"L'\u00e9veil des modernit\u00e9s - une histoire culturelle de la danse (1870-1945) - Books on the Move\",\"isPartOf\":{\"@id\":\"https:\\\/\\\/www.booksonthemove.fr\\\/#website\"},\"primaryImageOfPage\":{\"@id\":\"https:\\\/\\\/www.booksonthemove.fr\\\/en\\\/produit\\\/leveil-des-modernites-une-histoire-culturelle-de-la-danse-1870-1945\\\/#primaryimage\"},\"image\":{\"@id\":\"https:\\\/\\\/www.booksonthemove.fr\\\/en\\\/produit\\\/leveil-des-modernites-une-histoire-culturelle-de-la-danse-1870-1945\\\/#primaryimage\"},\"thumbnailUrl\":\"https:\\\/\\\/www.booksonthemove.fr\\\/media\\\/bom_1609-reduced.jpg\",\"datePublished\":\"2016-12-28T19:47:40+00:00\",\"dateModified\":\"2019-10-09T20:51:56+00:00\",\"breadcrumb\":{\"@id\":\"https:\\\/\\\/www.booksonthemove.fr\\\/en\\\/produit\\\/leveil-des-modernites-une-histoire-culturelle-de-la-danse-1870-1945\\\/#breadcrumb\"},\"inLanguage\":\"en-US\",\"potentialAction\":[{\"@type\":\"ReadAction\",\"target\":[\"https:\\\/\\\/www.booksonthemove.fr\\\/en\\\/produit\\\/leveil-des-modernites-une-histoire-culturelle-de-la-danse-1870-1945\\\/\"]}]},{\"@type\":\"ImageObject\",\"inLanguage\":\"en-US\",\"@id\":\"https:\\\/\\\/www.booksonthemove.fr\\\/en\\\/produit\\\/leveil-des-modernites-une-histoire-culturelle-de-la-danse-1870-1945\\\/#primaryimage\",\"url\":\"https:\\\/\\\/www.booksonthemove.fr\\\/media\\\/bom_1609-reduced.jpg\",\"contentUrl\":\"https:\\\/\\\/www.booksonthemove.fr\\\/media\\\/bom_1609-reduced.jpg\",\"width\":900,\"height\":1329},{\"@type\":\"BreadcrumbList\",\"@id\":\"https:\\\/\\\/www.booksonthemove.fr\\\/en\\\/produit\\\/leveil-des-modernites-une-histoire-culturelle-de-la-danse-1870-1945\\\/#breadcrumb\",\"itemListElement\":[{\"@type\":\"ListItem\",\"position\":1,\"name\":\"Accueil\",\"item\":\"https:\\\/\\\/www.booksonthemove.fr\\\/en\\\/\"},{\"@type\":\"ListItem\",\"position\":2,\"name\":\"online store\",\"item\":\"https:\\\/\\\/www.booksonthemove.fr\\\/en\\\/online-shop\\\/\"},{\"@type\":\"ListItem\",\"position\":3,\"name\":\"L&#8217;\u00e9veil des modernit\u00e9s &#8211; une histoire culturelle de la danse (1870-1945)\"}]},{\"@type\":\"WebSite\",\"@id\":\"https:\\\/\\\/www.booksonthemove.fr\\\/#website\",\"url\":\"https:\\\/\\\/www.booksonthemove.fr\\\/\",\"name\":\"Books on the Move\",\"description\":\"librairie nomade - danse - mouvement - performance\",\"publisher\":{\"@id\":\"https:\\\/\\\/www.booksonthemove.fr\\\/#organization\"},\"potentialAction\":[{\"@type\":\"SearchAction\",\"target\":{\"@type\":\"EntryPoint\",\"urlTemplate\":\"https:\\\/\\\/www.booksonthemove.fr\\\/?s={search_term_string}\"},\"query-input\":{\"@type\":\"PropertyValueSpecification\",\"valueRequired\":true,\"valueName\":\"search_term_string\"}}],\"inLanguage\":\"en-US\"},{\"@type\":\"Organization\",\"@id\":\"https:\\\/\\\/www.booksonthemove.fr\\\/#organization\",\"name\":\"Books on the Move\",\"url\":\"https:\\\/\\\/www.booksonthemove.fr\\\/\",\"logo\":{\"@type\":\"ImageObject\",\"inLanguage\":\"en-US\",\"@id\":\"https:\\\/\\\/www.booksonthemove.fr\\\/#\\\/schema\\\/logo\\\/image\\\/\",\"url\":\"https:\\\/\\\/www.booksonthemove.fr\\\/media\\\/logo-NB-400.jpg\",\"contentUrl\":\"https:\\\/\\\/www.booksonthemove.fr\\\/media\\\/logo-NB-400.jpg\",\"width\":400,\"height\":143,\"caption\":\"Books on the Move\"},\"image\":{\"@id\":\"https:\\\/\\\/www.booksonthemove.fr\\\/#\\\/schema\\\/logo\\\/image\\\/\"},\"sameAs\":[\"https:\\\/\\\/www.facebook.com\\\/Librairiebooksonthemove\\\/\"]}]}<\/script>\n<!-- \/ Yoast SEO plugin. -->","yoast_head_json":{"title":"L'\u00e9veil des modernit\u00e9s - une histoire culturelle de la danse (1870-1945) - Books on the Move","robots":{"index":"index","follow":"follow","max-snippet":"max-snippet:-1","max-image-preview":"max-image-preview:large","max-video-preview":"max-video-preview:-1"},"canonical":"https:\/\/www.booksonthemove.fr\/en\/produit\/leveil-des-modernites-une-histoire-culturelle-de-la-danse-1870-1945\/","og_locale":"en_US","og_type":"article","og_title":"L'\u00e9veil des modernit\u00e9s - une histoire culturelle de la danse (1870-1945) - Books on the Move","og_description":"Auteur: Annie Suquet Editeur: Centre national de la danse (2012) Broch\u00e9: 960 pages Langue: Fran\u00e7ais ISBN13: 978-2-914-12445-4","og_url":"https:\/\/www.booksonthemove.fr\/en\/produit\/leveil-des-modernites-une-histoire-culturelle-de-la-danse-1870-1945\/","og_site_name":"Books on the Move","article_publisher":"https:\/\/www.facebook.com\/Librairiebooksonthemove\/","article_modified_time":"2019-10-09T20:51:56+00:00","og_image":[{"width":900,"height":1329,"url":"https:\/\/www.booksonthemove.fr\/media\/bom_1609-reduced.jpg","type":"image\/jpeg"}],"twitter_card":"summary_large_image","schema":{"@context":"https:\/\/schema.org","@graph":[{"@type":"WebPage","@id":"https:\/\/www.booksonthemove.fr\/en\/produit\/leveil-des-modernites-une-histoire-culturelle-de-la-danse-1870-1945\/","url":"https:\/\/www.booksonthemove.fr\/en\/produit\/leveil-des-modernites-une-histoire-culturelle-de-la-danse-1870-1945\/","name":"L'\u00e9veil des modernit\u00e9s - une histoire culturelle de la danse (1870-1945) - Books on the Move","isPartOf":{"@id":"https:\/\/www.booksonthemove.fr\/#website"},"primaryImageOfPage":{"@id":"https:\/\/www.booksonthemove.fr\/en\/produit\/leveil-des-modernites-une-histoire-culturelle-de-la-danse-1870-1945\/#primaryimage"},"image":{"@id":"https:\/\/www.booksonthemove.fr\/en\/produit\/leveil-des-modernites-une-histoire-culturelle-de-la-danse-1870-1945\/#primaryimage"},"thumbnailUrl":"https:\/\/www.booksonthemove.fr\/media\/bom_1609-reduced.jpg","datePublished":"2016-12-28T19:47:40+00:00","dateModified":"2019-10-09T20:51:56+00:00","breadcrumb":{"@id":"https:\/\/www.booksonthemove.fr\/en\/produit\/leveil-des-modernites-une-histoire-culturelle-de-la-danse-1870-1945\/#breadcrumb"},"inLanguage":"en-US","potentialAction":[{"@type":"ReadAction","target":["https:\/\/www.booksonthemove.fr\/en\/produit\/leveil-des-modernites-une-histoire-culturelle-de-la-danse-1870-1945\/"]}]},{"@type":"ImageObject","inLanguage":"en-US","@id":"https:\/\/www.booksonthemove.fr\/en\/produit\/leveil-des-modernites-une-histoire-culturelle-de-la-danse-1870-1945\/#primaryimage","url":"https:\/\/www.booksonthemove.fr\/media\/bom_1609-reduced.jpg","contentUrl":"https:\/\/www.booksonthemove.fr\/media\/bom_1609-reduced.jpg","width":900,"height":1329},{"@type":"BreadcrumbList","@id":"https:\/\/www.booksonthemove.fr\/en\/produit\/leveil-des-modernites-une-histoire-culturelle-de-la-danse-1870-1945\/#breadcrumb","itemListElement":[{"@type":"ListItem","position":1,"name":"Accueil","item":"https:\/\/www.booksonthemove.fr\/en\/"},{"@type":"ListItem","position":2,"name":"online store","item":"https:\/\/www.booksonthemove.fr\/en\/online-shop\/"},{"@type":"ListItem","position":3,"name":"L&#8217;\u00e9veil des modernit\u00e9s &#8211; une histoire culturelle de la danse (1870-1945)"}]},{"@type":"WebSite","@id":"https:\/\/www.booksonthemove.fr\/#website","url":"https:\/\/www.booksonthemove.fr\/","name":"Books on the Move","description":"librairie nomade - danse - mouvement - performance","publisher":{"@id":"https:\/\/www.booksonthemove.fr\/#organization"},"potentialAction":[{"@type":"SearchAction","target":{"@type":"EntryPoint","urlTemplate":"https:\/\/www.booksonthemove.fr\/?s={search_term_string}"},"query-input":{"@type":"PropertyValueSpecification","valueRequired":true,"valueName":"search_term_string"}}],"inLanguage":"en-US"},{"@type":"Organization","@id":"https:\/\/www.booksonthemove.fr\/#organization","name":"Books on the Move","url":"https:\/\/www.booksonthemove.fr\/","logo":{"@type":"ImageObject","inLanguage":"en-US","@id":"https:\/\/www.booksonthemove.fr\/#\/schema\/logo\/image\/","url":"https:\/\/www.booksonthemove.fr\/media\/logo-NB-400.jpg","contentUrl":"https:\/\/www.booksonthemove.fr\/media\/logo-NB-400.jpg","width":400,"height":143,"caption":"Books on the Move"},"image":{"@id":"https:\/\/www.booksonthemove.fr\/#\/schema\/logo\/image\/"},"sameAs":["https:\/\/www.facebook.com\/Librairiebooksonthemove\/"]}]}},"_links":{"self":[{"href":"https:\/\/www.booksonthemove.fr\/en\/wp-json\/wp\/v2\/product\/4045","targetHints":{"allow":["GET"]}}],"collection":[{"href":"https:\/\/www.booksonthemove.fr\/en\/wp-json\/wp\/v2\/product"}],"about":[{"href":"https:\/\/www.booksonthemove.fr\/en\/wp-json\/wp\/v2\/types\/product"}],"wp:featuredmedia":[{"embeddable":true,"href":"https:\/\/www.booksonthemove.fr\/en\/wp-json\/wp\/v2\/media\/4047"}],"wp:attachment":[{"href":"https:\/\/www.booksonthemove.fr\/en\/wp-json\/wp\/v2\/media?parent=4045"}],"wp:term":[{"taxonomy":"product_brand","embeddable":true,"href":"https:\/\/www.booksonthemove.fr\/en\/wp-json\/wp\/v2\/product_brand?post=4045"},{"taxonomy":"product_cat","embeddable":true,"href":"https:\/\/www.booksonthemove.fr\/en\/wp-json\/wp\/v2\/product_cat?post=4045"},{"taxonomy":"product_tag","embeddable":true,"href":"https:\/\/www.booksonthemove.fr\/en\/wp-json\/wp\/v2\/product_tag?post=4045"}],"curies":[{"name":"wp","href":"https:\/\/api.w.org\/{rel}","templated":true}]}}