{"id":4062,"date":"2016-12-28T22:38:27","date_gmt":"2016-12-28T21:38:27","guid":{"rendered":"https:\/\/www.booksonthemove.fr\/?post_type=product&#038;p=4062"},"modified":"2019-10-07T17:51:09","modified_gmt":"2019-10-07T15:51:09","slug":"dansecinema","status":"publish","type":"product","link":"https:\/\/www.booksonthemove.fr\/en\/produit\/dansecinema\/","title":{"rendered":"Danse\/cin\u00e9ma"},"content":{"rendered":"<p>Sous la direction de St\u00e9phane Bouquet.<\/p>\n<div class=\"productDescriptionWrapper\">Comment un danseur traverse une sc\u00e8ne, comment une actrice traverse un plan ? Autant de fa\u00e7ons communes \u00e0 la danse et au cin\u00e9ma d&#8217;habiter le monde : vite ou lentement, avec joie ou avec tristesse. Pourtant leur rencontre n&#8217;allait pas de soi. Si la cam\u00e9ra prend en charge le mouvement, pourquoi les corps iraient-ils danser ? Et si les corps dansent, comment la cam\u00e9ra doit-elle bouger ? De ces deux arts du mouvement, lequel doit prendre le dessus ? C&#8217;est \u00e0 ce point de collision, \u00e0 la fois naturel et probl\u00e9matique, que se situe cet ouvrage. Quel geste pour quelle histoire ? Qu&#8217;est-ce qu un cow-boy qui danse ? Comment faire un gros plan sur une sc\u00e8ne, par quelle invention du visage ? Pour faire un couple suffit-il de marcher ensemble ? Pour r\u00e9pondre \u00e0 ces questions, St\u00e9phane Bouquet a choisi des voix aux tonalit\u00e9s distinctes. Les entretiens c\u00f4toient aussi bien des \u00e9tudes th\u00e9oriques que des essais parfois proches de la litt\u00e9rature. Ils construisent un sommaire riche et ouvert, davantage tourn\u00e9 vers le pr\u00e9sent que puisant dans l&#8217;histoire.<\/p>\n<div class=\"emptyClear\"><\/div>\n<\/div>\n<div class=\"productDescriptionWrapper\">Ouvrage dirig\u00e9 par St\u00e9phane Bouquet. Ancien critique litt\u00e9raire pour Lib\u00e9ration et critique de cin\u00e9ma pour diverses revues (Cahiers du cin\u00e9ma, Trafic). Il est aussi po\u00e8te, sc\u00e9nariste et danseur. Il a notamment travaill\u00e9 aux c\u00f4t\u00e9 de Mathilde Monnier, S\u00e9bastien Lifshitz et Claire Denis. Il a publi\u00e9 chez Capricci Clint Fucking Eastwood.<\/div>\n","protected":false},"excerpt":{"rendered":"<p><strong>Auteur :<\/strong> ouvrage collectif sous la direction de St\u00e9phane Bouquet <strong>Editeurs<\/strong> : Centre National de la Danse\/ Capricci (2012) <strong>Broch\u00e9<\/strong> : 256 pages <strong>Langue :<\/strong> Fran\u00e7ais <strong>ISBN13 :<\/strong> 978-2918040491<\/p>\n","protected":false},"featured_media":8306,"template":"","meta":[],"product_brand":[],"product_cat":[240,216,227,162,169],"product_tag":[],"class_list":{"0":"post-4062","1":"product","2":"type-product","3":"status-publish","4":"has-post-thumbnail","6":"product_cat-choreography-en","7":"product_cat-films-en","8":"product_cat-essays-en","9":"product_cat-french-en","10":"product_cat-interviews-conversations-en","12":"first","13":"instock","14":"taxable","15":"shipping-taxable","16":"purchasable","17":"product-type-simple"},"yoast_head":"<!-- This site is optimized with the Yoast SEO plugin v27.5 - https:\/\/yoast.com\/product\/yoast-seo-wordpress\/ -->\n<title>Danse\/cin\u00e9ma - Books on the Move<\/title>\n<meta name=\"robots\" content=\"index, follow, max-snippet:-1, max-image-preview:large, max-video-preview:-1\" \/>\n<link rel=\"canonical\" href=\"https:\/\/www.booksonthemove.fr\/en\/produit\/dansecinema\/\" \/>\n<meta property=\"og:locale\" content=\"en_US\" \/>\n<meta property=\"og:type\" content=\"article\" \/>\n<meta property=\"og:title\" content=\"Danse\/cin\u00e9ma - Books on the Move\" \/>\n<meta property=\"og:description\" content=\"Auteur : ouvrage collectif sous la direction de St\u00e9phane Bouquet Editeurs : Centre National de la Danse\/ Capricci (2012) Broch\u00e9 : 256 pages Langue : Fran\u00e7ais ISBN13 : 978-2918040491\" \/>\n<meta property=\"og:url\" content=\"https:\/\/www.booksonthemove.fr\/en\/produit\/dansecinema\/\" \/>\n<meta property=\"og:site_name\" content=\"Books on the Move\" \/>\n<meta property=\"article:publisher\" content=\"https:\/\/www.facebook.com\/Librairiebooksonthemove\/\" \/>\n<meta property=\"article:modified_time\" content=\"2019-10-07T15:51:09+00:00\" \/>\n<meta property=\"og:image\" content=\"https:\/\/www.booksonthemove.fr\/media\/fr_danse_cinema_0415_02.jpg\" \/>\n\t<meta property=\"og:image:width\" content=\"899\" \/>\n\t<meta property=\"og:image:height\" content=\"1280\" \/>\n\t<meta property=\"og:image:type\" content=\"image\/jpeg\" \/>\n<meta name=\"twitter:card\" content=\"summary_large_image\" \/>\n<script type=\"application\/ld+json\" class=\"yoast-schema-graph\">{\"@context\":\"https:\\\/\\\/schema.org\",\"@graph\":[{\"@type\":\"WebPage\",\"@id\":\"https:\\\/\\\/www.booksonthemove.fr\\\/en\\\/produit\\\/dansecinema\\\/\",\"url\":\"https:\\\/\\\/www.booksonthemove.fr\\\/en\\\/produit\\\/dansecinema\\\/\",\"name\":\"Danse\\\/cin\u00e9ma - Books on the Move\",\"isPartOf\":{\"@id\":\"https:\\\/\\\/www.booksonthemove.fr\\\/#website\"},\"primaryImageOfPage\":{\"@id\":\"https:\\\/\\\/www.booksonthemove.fr\\\/en\\\/produit\\\/dansecinema\\\/#primaryimage\"},\"image\":{\"@id\":\"https:\\\/\\\/www.booksonthemove.fr\\\/en\\\/produit\\\/dansecinema\\\/#primaryimage\"},\"thumbnailUrl\":\"https:\\\/\\\/www.booksonthemove.fr\\\/media\\\/fr_danse_cinema_0415_02.jpg\",\"datePublished\":\"2016-12-28T21:38:27+00:00\",\"dateModified\":\"2019-10-07T15:51:09+00:00\",\"breadcrumb\":{\"@id\":\"https:\\\/\\\/www.booksonthemove.fr\\\/en\\\/produit\\\/dansecinema\\\/#breadcrumb\"},\"inLanguage\":\"en-US\",\"potentialAction\":[{\"@type\":\"ReadAction\",\"target\":[\"https:\\\/\\\/www.booksonthemove.fr\\\/en\\\/produit\\\/dansecinema\\\/\"]}]},{\"@type\":\"ImageObject\",\"inLanguage\":\"en-US\",\"@id\":\"https:\\\/\\\/www.booksonthemove.fr\\\/en\\\/produit\\\/dansecinema\\\/#primaryimage\",\"url\":\"https:\\\/\\\/www.booksonthemove.fr\\\/media\\\/fr_danse_cinema_0415_02.jpg\",\"contentUrl\":\"https:\\\/\\\/www.booksonthemove.fr\\\/media\\\/fr_danse_cinema_0415_02.jpg\",\"width\":899,\"height\":1280},{\"@type\":\"BreadcrumbList\",\"@id\":\"https:\\\/\\\/www.booksonthemove.fr\\\/en\\\/produit\\\/dansecinema\\\/#breadcrumb\",\"itemListElement\":[{\"@type\":\"ListItem\",\"position\":1,\"name\":\"Accueil\",\"item\":\"https:\\\/\\\/www.booksonthemove.fr\\\/en\\\/\"},{\"@type\":\"ListItem\",\"position\":2,\"name\":\"online store\",\"item\":\"https:\\\/\\\/www.booksonthemove.fr\\\/en\\\/online-shop\\\/\"},{\"@type\":\"ListItem\",\"position\":3,\"name\":\"Danse\\\/cin\u00e9ma\"}]},{\"@type\":\"WebSite\",\"@id\":\"https:\\\/\\\/www.booksonthemove.fr\\\/#website\",\"url\":\"https:\\\/\\\/www.booksonthemove.fr\\\/\",\"name\":\"Books on the Move\",\"description\":\"librairie nomade - danse - mouvement - performance\",\"publisher\":{\"@id\":\"https:\\\/\\\/www.booksonthemove.fr\\\/#organization\"},\"potentialAction\":[{\"@type\":\"SearchAction\",\"target\":{\"@type\":\"EntryPoint\",\"urlTemplate\":\"https:\\\/\\\/www.booksonthemove.fr\\\/?s={search_term_string}\"},\"query-input\":{\"@type\":\"PropertyValueSpecification\",\"valueRequired\":true,\"valueName\":\"search_term_string\"}}],\"inLanguage\":\"en-US\"},{\"@type\":\"Organization\",\"@id\":\"https:\\\/\\\/www.booksonthemove.fr\\\/#organization\",\"name\":\"Books on the Move\",\"url\":\"https:\\\/\\\/www.booksonthemove.fr\\\/\",\"logo\":{\"@type\":\"ImageObject\",\"inLanguage\":\"en-US\",\"@id\":\"https:\\\/\\\/www.booksonthemove.fr\\\/#\\\/schema\\\/logo\\\/image\\\/\",\"url\":\"https:\\\/\\\/www.booksonthemove.fr\\\/media\\\/logo-NB-400.jpg\",\"contentUrl\":\"https:\\\/\\\/www.booksonthemove.fr\\\/media\\\/logo-NB-400.jpg\",\"width\":400,\"height\":143,\"caption\":\"Books on the Move\"},\"image\":{\"@id\":\"https:\\\/\\\/www.booksonthemove.fr\\\/#\\\/schema\\\/logo\\\/image\\\/\"},\"sameAs\":[\"https:\\\/\\\/www.facebook.com\\\/Librairiebooksonthemove\\\/\"]}]}<\/script>\n<!-- \/ Yoast SEO plugin. -->","yoast_head_json":{"title":"Danse\/cin\u00e9ma - Books on the Move","robots":{"index":"index","follow":"follow","max-snippet":"max-snippet:-1","max-image-preview":"max-image-preview:large","max-video-preview":"max-video-preview:-1"},"canonical":"https:\/\/www.booksonthemove.fr\/en\/produit\/dansecinema\/","og_locale":"en_US","og_type":"article","og_title":"Danse\/cin\u00e9ma - Books on the Move","og_description":"Auteur : ouvrage collectif sous la direction de St\u00e9phane Bouquet Editeurs : Centre National de la Danse\/ Capricci (2012) Broch\u00e9 : 256 pages Langue : Fran\u00e7ais ISBN13 : 978-2918040491","og_url":"https:\/\/www.booksonthemove.fr\/en\/produit\/dansecinema\/","og_site_name":"Books on the Move","article_publisher":"https:\/\/www.facebook.com\/Librairiebooksonthemove\/","article_modified_time":"2019-10-07T15:51:09+00:00","og_image":[{"width":899,"height":1280,"url":"https:\/\/www.booksonthemove.fr\/media\/fr_danse_cinema_0415_02.jpg","type":"image\/jpeg"}],"twitter_card":"summary_large_image","schema":{"@context":"https:\/\/schema.org","@graph":[{"@type":"WebPage","@id":"https:\/\/www.booksonthemove.fr\/en\/produit\/dansecinema\/","url":"https:\/\/www.booksonthemove.fr\/en\/produit\/dansecinema\/","name":"Danse\/cin\u00e9ma - Books on the Move","isPartOf":{"@id":"https:\/\/www.booksonthemove.fr\/#website"},"primaryImageOfPage":{"@id":"https:\/\/www.booksonthemove.fr\/en\/produit\/dansecinema\/#primaryimage"},"image":{"@id":"https:\/\/www.booksonthemove.fr\/en\/produit\/dansecinema\/#primaryimage"},"thumbnailUrl":"https:\/\/www.booksonthemove.fr\/media\/fr_danse_cinema_0415_02.jpg","datePublished":"2016-12-28T21:38:27+00:00","dateModified":"2019-10-07T15:51:09+00:00","breadcrumb":{"@id":"https:\/\/www.booksonthemove.fr\/en\/produit\/dansecinema\/#breadcrumb"},"inLanguage":"en-US","potentialAction":[{"@type":"ReadAction","target":["https:\/\/www.booksonthemove.fr\/en\/produit\/dansecinema\/"]}]},{"@type":"ImageObject","inLanguage":"en-US","@id":"https:\/\/www.booksonthemove.fr\/en\/produit\/dansecinema\/#primaryimage","url":"https:\/\/www.booksonthemove.fr\/media\/fr_danse_cinema_0415_02.jpg","contentUrl":"https:\/\/www.booksonthemove.fr\/media\/fr_danse_cinema_0415_02.jpg","width":899,"height":1280},{"@type":"BreadcrumbList","@id":"https:\/\/www.booksonthemove.fr\/en\/produit\/dansecinema\/#breadcrumb","itemListElement":[{"@type":"ListItem","position":1,"name":"Accueil","item":"https:\/\/www.booksonthemove.fr\/en\/"},{"@type":"ListItem","position":2,"name":"online store","item":"https:\/\/www.booksonthemove.fr\/en\/online-shop\/"},{"@type":"ListItem","position":3,"name":"Danse\/cin\u00e9ma"}]},{"@type":"WebSite","@id":"https:\/\/www.booksonthemove.fr\/#website","url":"https:\/\/www.booksonthemove.fr\/","name":"Books on the Move","description":"librairie nomade - danse - mouvement - performance","publisher":{"@id":"https:\/\/www.booksonthemove.fr\/#organization"},"potentialAction":[{"@type":"SearchAction","target":{"@type":"EntryPoint","urlTemplate":"https:\/\/www.booksonthemove.fr\/?s={search_term_string}"},"query-input":{"@type":"PropertyValueSpecification","valueRequired":true,"valueName":"search_term_string"}}],"inLanguage":"en-US"},{"@type":"Organization","@id":"https:\/\/www.booksonthemove.fr\/#organization","name":"Books on the Move","url":"https:\/\/www.booksonthemove.fr\/","logo":{"@type":"ImageObject","inLanguage":"en-US","@id":"https:\/\/www.booksonthemove.fr\/#\/schema\/logo\/image\/","url":"https:\/\/www.booksonthemove.fr\/media\/logo-NB-400.jpg","contentUrl":"https:\/\/www.booksonthemove.fr\/media\/logo-NB-400.jpg","width":400,"height":143,"caption":"Books on the Move"},"image":{"@id":"https:\/\/www.booksonthemove.fr\/#\/schema\/logo\/image\/"},"sameAs":["https:\/\/www.facebook.com\/Librairiebooksonthemove\/"]}]}},"_links":{"self":[{"href":"https:\/\/www.booksonthemove.fr\/en\/wp-json\/wp\/v2\/product\/4062","targetHints":{"allow":["GET"]}}],"collection":[{"href":"https:\/\/www.booksonthemove.fr\/en\/wp-json\/wp\/v2\/product"}],"about":[{"href":"https:\/\/www.booksonthemove.fr\/en\/wp-json\/wp\/v2\/types\/product"}],"wp:featuredmedia":[{"embeddable":true,"href":"https:\/\/www.booksonthemove.fr\/en\/wp-json\/wp\/v2\/media\/8306"}],"wp:attachment":[{"href":"https:\/\/www.booksonthemove.fr\/en\/wp-json\/wp\/v2\/media?parent=4062"}],"wp:term":[{"taxonomy":"product_brand","embeddable":true,"href":"https:\/\/www.booksonthemove.fr\/en\/wp-json\/wp\/v2\/product_brand?post=4062"},{"taxonomy":"product_cat","embeddable":true,"href":"https:\/\/www.booksonthemove.fr\/en\/wp-json\/wp\/v2\/product_cat?post=4062"},{"taxonomy":"product_tag","embeddable":true,"href":"https:\/\/www.booksonthemove.fr\/en\/wp-json\/wp\/v2\/product_tag?post=4062"}],"curies":[{"name":"wp","href":"https:\/\/api.w.org\/{rel}","templated":true}]}}