{"id":42321,"date":"2024-01-25T15:30:33","date_gmt":"2024-01-25T14:30:33","guid":{"rendered":"https:\/\/www.booksonthemove.fr\/produit\/alternatives-theatrales-n150-151-cabaret-esthetique-du-fragment\/"},"modified":"2024-12-16T19:59:39","modified_gmt":"2024-12-16T18:59:39","slug":"alternatives-theatrales-n150-151-cabaret-esthetique-du-fragment","status":"publish","type":"product","link":"https:\/\/www.booksonthemove.fr\/en\/produit\/alternatives-theatrales-n150-151-cabaret-esthetique-du-fragment\/","title":{"rendered":"Alternatives Th\u00e9atrales N\u00b0150-151 &#8211; Cabaret, Esth\u00e9tique du fragment"},"content":{"rendered":"<p>Dans ce num\u00e9ro double consacr\u00e9 au cabaret, nous auscultons les lieux, ex-tavernes ou auberges \u2013 \u00e9tablissements o\u00f9 l\u2019on assiste aux spectacles en buvant et mangeant \u2013, et les soir\u00e9es festives qui piochent tous azimuts dans les arts du cirque, du chant et de la danse, du travestissement et du costume, des m\u00e9tiers d\u2019art et d\u2019artisanat (plumassiers, corsetiers&#8230;), en grand \u00e9cart permanent entre la tradition et\u00a0la\u00a0modernit\u00e9. Convient-il de parler d\u2019une simple r\u00e9surgence du genre ou d\u2019une nouvelle \u00e9criture : quels sont ses liens de filiation avec le music-hall, les revues ? Les cabarets questionnent le\u00a0jeu, l\u2019\u00e9criture, les st\u00e9r\u00e9otypes, le costume, le\u00a0maquillage, le\u00b7s corps, le\u00b7s genre\u00b7s, les marges. Ils\u00a0frayent avec le comique, le grotesque, le sublime, le dark, le sexuel&#8230; Nous l\u2019approchons avec le respect d\u00fb aux formes d\u2019arts mutants qui c\u00e9l\u00e8brent la m\u00e9tamorphose !<\/p>\n<p>Avec les contributions de Sarah Adjou, Paul Aron, Fabienne Aucant, Baxter M. Halter, Elisa Violette Bernard, Marjorie Bertin, Johanny Bert, Jean Biche, Rosita Boisseau, Xu\u00e2n Lan Bui Khac, Billy von Burton, Salvatore Calcagno, Olivia Caprini, Fran\u00e7ois Chaignaud, Julie Chevalier, Ant\u00eda D\u00edaz Otero, Sara Selma Dolores, Jonathan Drillet, Martin Dust, Ghassan El, Joey Elmaleh, Julien Fanthou, \u00c9milie Flamant, Caroline Godart, Chantal Hurault, Maxime Joret, Camille Khoury, Nans Laborde-Jourdaa, Pascale Laborie, Amandine Laval, Evelyne Lecuq, Theresia Lessmann, Antoine Linsale, Pierre Maillet, J\u00e9r\u00f4me Marin, Sylvie Martin-Lahmani, Radhouane El Meddeb, Rehab Mehal, Lylybeth Merle, David Noir, Pablo-Antoine Neufmars, Marianne Orlowski, Thomas Ostermeier, Alexandre Paulikevitch, Romain Piana, Camille Pier, Delphine Pinasa, Annabel Poicheval, Bastien Poncelet, Olivier Py, Prunella Rivi\u00e8re, Catherine Robert, Marlene Saldana, Brian Scott Bagley, Marion Si\u00e9fert, Daniel Stevens, Jean Tain, Lo\u00efc Touz\u00e9 &amp; Laurent Vinauger.<\/p>\n","protected":false},"excerpt":{"rendered":"<p class=\"bodytext\"><strong>AUTEUR.E.S :<\/strong> ouvrage collectif<br \/>\n<strong>EDITEUR :<\/strong> Alternatives Th\u00e9\u00e2trales (2023)<\/p>\n<p class=\"bodytext\"><strong>BROCH\u00c9 :<\/strong> 120 pages<br \/>\n<strong>LANGUE :<\/strong> Fran\u00e7ais<br \/>\n<strong>ISBN13 :<\/strong> 9 78-2-874-28132-7<\/p>\n","protected":false},"featured_media":42320,"template":"","meta":[],"product_brand":[],"product_cat":[724,162,211],"product_tag":[],"class_list":{"0":"post-42321","1":"product","2":"type-product","3":"status-publish","4":"has-post-thumbnail","6":"product_cat-cabaret-en","7":"product_cat-french-en","8":"product_cat-magazines-en","10":"first","11":"outofstock","12":"taxable","13":"shipping-taxable","14":"purchasable","15":"product-type-simple"},"yoast_head":"<!-- This site is optimized with the Yoast SEO plugin v27.5 - https:\/\/yoast.com\/product\/yoast-seo-wordpress\/ -->\n<title>Alternatives Th\u00e9atrales N\u00b0150-151 - Cabaret, Esth\u00e9tique du fragment - Books on the Move<\/title>\n<meta name=\"robots\" content=\"index, follow, max-snippet:-1, max-image-preview:large, max-video-preview:-1\" \/>\n<link rel=\"canonical\" href=\"https:\/\/www.booksonthemove.fr\/produit\/alternatives-theatrales-n150-151-cabaret-esthetique-du-fragment\/\" \/>\n<meta property=\"og:locale\" content=\"en_US\" \/>\n<meta property=\"og:type\" content=\"article\" \/>\n<meta property=\"og:title\" content=\"Alternatives Th\u00e9atrales N\u00b0150-151 - Cabaret, Esth\u00e9tique du fragment - Books on the Move\" \/>\n<meta property=\"og:description\" content=\"AUTEUR.E.S : ouvrage collectif EDITEUR : Alternatives Th\u00e9\u00e2trales (2023) BROCH\u00c9 : 120 pages LANGUE : Fran\u00e7ais ISBN13 : 9 78-2-874-28132-7\" \/>\n<meta property=\"og:url\" content=\"https:\/\/www.booksonthemove.fr\/produit\/alternatives-theatrales-n150-151-cabaret-esthetique-du-fragment\/\" \/>\n<meta property=\"og:site_name\" content=\"Books on the Move\" \/>\n<meta property=\"article:publisher\" content=\"https:\/\/www.facebook.com\/Librairiebooksonthemove\/\" \/>\n<meta property=\"article:modified_time\" content=\"2024-12-16T18:59:39+00:00\" \/>\n<meta property=\"og:image\" content=\"https:\/\/www.booksonthemove.fr\/media\/bom_2699.jpg\" \/>\n\t<meta property=\"og:image:width\" content=\"825\" \/>\n\t<meta property=\"og:image:height\" content=\"1024\" \/>\n\t<meta property=\"og:image:type\" content=\"image\/jpeg\" \/>\n<meta name=\"twitter:card\" content=\"summary_large_image\" \/>\n<script type=\"application\/ld+json\" class=\"yoast-schema-graph\">{\"@context\":\"https:\\\/\\\/schema.org\",\"@graph\":[{\"@type\":\"WebPage\",\"@id\":\"https:\\\/\\\/www.booksonthemove.fr\\\/produit\\\/alternatives-theatrales-n150-151-cabaret-esthetique-du-fragment\\\/\",\"url\":\"https:\\\/\\\/www.booksonthemove.fr\\\/produit\\\/alternatives-theatrales-n150-151-cabaret-esthetique-du-fragment\\\/\",\"name\":\"Alternatives Th\u00e9atrales N\u00b0150-151 - Cabaret, Esth\u00e9tique du fragment - Books on the Move\",\"isPartOf\":{\"@id\":\"https:\\\/\\\/www.booksonthemove.fr\\\/#website\"},\"primaryImageOfPage\":{\"@id\":\"https:\\\/\\\/www.booksonthemove.fr\\\/produit\\\/alternatives-theatrales-n150-151-cabaret-esthetique-du-fragment\\\/#primaryimage\"},\"image\":{\"@id\":\"https:\\\/\\\/www.booksonthemove.fr\\\/produit\\\/alternatives-theatrales-n150-151-cabaret-esthetique-du-fragment\\\/#primaryimage\"},\"thumbnailUrl\":\"https:\\\/\\\/www.booksonthemove.fr\\\/media\\\/bom_2699.jpg\",\"datePublished\":\"2024-01-25T14:30:33+00:00\",\"dateModified\":\"2024-12-16T18:59:39+00:00\",\"breadcrumb\":{\"@id\":\"https:\\\/\\\/www.booksonthemove.fr\\\/produit\\\/alternatives-theatrales-n150-151-cabaret-esthetique-du-fragment\\\/#breadcrumb\"},\"inLanguage\":\"en-US\",\"potentialAction\":[{\"@type\":\"ReadAction\",\"target\":[\"https:\\\/\\\/www.booksonthemove.fr\\\/produit\\\/alternatives-theatrales-n150-151-cabaret-esthetique-du-fragment\\\/\"]}]},{\"@type\":\"ImageObject\",\"inLanguage\":\"en-US\",\"@id\":\"https:\\\/\\\/www.booksonthemove.fr\\\/produit\\\/alternatives-theatrales-n150-151-cabaret-esthetique-du-fragment\\\/#primaryimage\",\"url\":\"https:\\\/\\\/www.booksonthemove.fr\\\/media\\\/bom_2699.jpg\",\"contentUrl\":\"https:\\\/\\\/www.booksonthemove.fr\\\/media\\\/bom_2699.jpg\",\"width\":825,\"height\":1024},{\"@type\":\"BreadcrumbList\",\"@id\":\"https:\\\/\\\/www.booksonthemove.fr\\\/produit\\\/alternatives-theatrales-n150-151-cabaret-esthetique-du-fragment\\\/#breadcrumb\",\"itemListElement\":[{\"@type\":\"ListItem\",\"position\":1,\"name\":\"Accueil\",\"item\":\"https:\\\/\\\/www.booksonthemove.fr\\\/en\\\/\"},{\"@type\":\"ListItem\",\"position\":2,\"name\":\"online store\",\"item\":\"https:\\\/\\\/www.booksonthemove.fr\\\/en\\\/online-shop\\\/\"},{\"@type\":\"ListItem\",\"position\":3,\"name\":\"Alternatives Th\u00e9atrales N\u00b0150-151 &#8211; Cabaret, Esth\u00e9tique du fragment\"}]},{\"@type\":\"WebSite\",\"@id\":\"https:\\\/\\\/www.booksonthemove.fr\\\/#website\",\"url\":\"https:\\\/\\\/www.booksonthemove.fr\\\/\",\"name\":\"Books on the Move\",\"description\":\"librairie nomade - danse - mouvement - performance\",\"publisher\":{\"@id\":\"https:\\\/\\\/www.booksonthemove.fr\\\/#organization\"},\"potentialAction\":[{\"@type\":\"SearchAction\",\"target\":{\"@type\":\"EntryPoint\",\"urlTemplate\":\"https:\\\/\\\/www.booksonthemove.fr\\\/?s={search_term_string}\"},\"query-input\":{\"@type\":\"PropertyValueSpecification\",\"valueRequired\":true,\"valueName\":\"search_term_string\"}}],\"inLanguage\":\"en-US\"},{\"@type\":\"Organization\",\"@id\":\"https:\\\/\\\/www.booksonthemove.fr\\\/#organization\",\"name\":\"Books on the Move\",\"url\":\"https:\\\/\\\/www.booksonthemove.fr\\\/\",\"logo\":{\"@type\":\"ImageObject\",\"inLanguage\":\"en-US\",\"@id\":\"https:\\\/\\\/www.booksonthemove.fr\\\/#\\\/schema\\\/logo\\\/image\\\/\",\"url\":\"https:\\\/\\\/www.booksonthemove.fr\\\/media\\\/logo-NB-400.jpg\",\"contentUrl\":\"https:\\\/\\\/www.booksonthemove.fr\\\/media\\\/logo-NB-400.jpg\",\"width\":400,\"height\":143,\"caption\":\"Books on the Move\"},\"image\":{\"@id\":\"https:\\\/\\\/www.booksonthemove.fr\\\/#\\\/schema\\\/logo\\\/image\\\/\"},\"sameAs\":[\"https:\\\/\\\/www.facebook.com\\\/Librairiebooksonthemove\\\/\"]}]}<\/script>\n<!-- \/ Yoast SEO plugin. -->","yoast_head_json":{"title":"Alternatives Th\u00e9atrales N\u00b0150-151 - Cabaret, Esth\u00e9tique du fragment - Books on the Move","robots":{"index":"index","follow":"follow","max-snippet":"max-snippet:-1","max-image-preview":"max-image-preview:large","max-video-preview":"max-video-preview:-1"},"canonical":"https:\/\/www.booksonthemove.fr\/produit\/alternatives-theatrales-n150-151-cabaret-esthetique-du-fragment\/","og_locale":"en_US","og_type":"article","og_title":"Alternatives Th\u00e9atrales N\u00b0150-151 - Cabaret, Esth\u00e9tique du fragment - Books on the Move","og_description":"AUTEUR.E.S : ouvrage collectif EDITEUR : Alternatives Th\u00e9\u00e2trales (2023) BROCH\u00c9 : 120 pages LANGUE : Fran\u00e7ais ISBN13 : 9 78-2-874-28132-7","og_url":"https:\/\/www.booksonthemove.fr\/produit\/alternatives-theatrales-n150-151-cabaret-esthetique-du-fragment\/","og_site_name":"Books on the Move","article_publisher":"https:\/\/www.facebook.com\/Librairiebooksonthemove\/","article_modified_time":"2024-12-16T18:59:39+00:00","og_image":[{"width":825,"height":1024,"url":"https:\/\/www.booksonthemove.fr\/media\/bom_2699.jpg","type":"image\/jpeg"}],"twitter_card":"summary_large_image","schema":{"@context":"https:\/\/schema.org","@graph":[{"@type":"WebPage","@id":"https:\/\/www.booksonthemove.fr\/produit\/alternatives-theatrales-n150-151-cabaret-esthetique-du-fragment\/","url":"https:\/\/www.booksonthemove.fr\/produit\/alternatives-theatrales-n150-151-cabaret-esthetique-du-fragment\/","name":"Alternatives Th\u00e9atrales N\u00b0150-151 - Cabaret, Esth\u00e9tique du fragment - Books on the Move","isPartOf":{"@id":"https:\/\/www.booksonthemove.fr\/#website"},"primaryImageOfPage":{"@id":"https:\/\/www.booksonthemove.fr\/produit\/alternatives-theatrales-n150-151-cabaret-esthetique-du-fragment\/#primaryimage"},"image":{"@id":"https:\/\/www.booksonthemove.fr\/produit\/alternatives-theatrales-n150-151-cabaret-esthetique-du-fragment\/#primaryimage"},"thumbnailUrl":"https:\/\/www.booksonthemove.fr\/media\/bom_2699.jpg","datePublished":"2024-01-25T14:30:33+00:00","dateModified":"2024-12-16T18:59:39+00:00","breadcrumb":{"@id":"https:\/\/www.booksonthemove.fr\/produit\/alternatives-theatrales-n150-151-cabaret-esthetique-du-fragment\/#breadcrumb"},"inLanguage":"en-US","potentialAction":[{"@type":"ReadAction","target":["https:\/\/www.booksonthemove.fr\/produit\/alternatives-theatrales-n150-151-cabaret-esthetique-du-fragment\/"]}]},{"@type":"ImageObject","inLanguage":"en-US","@id":"https:\/\/www.booksonthemove.fr\/produit\/alternatives-theatrales-n150-151-cabaret-esthetique-du-fragment\/#primaryimage","url":"https:\/\/www.booksonthemove.fr\/media\/bom_2699.jpg","contentUrl":"https:\/\/www.booksonthemove.fr\/media\/bom_2699.jpg","width":825,"height":1024},{"@type":"BreadcrumbList","@id":"https:\/\/www.booksonthemove.fr\/produit\/alternatives-theatrales-n150-151-cabaret-esthetique-du-fragment\/#breadcrumb","itemListElement":[{"@type":"ListItem","position":1,"name":"Accueil","item":"https:\/\/www.booksonthemove.fr\/en\/"},{"@type":"ListItem","position":2,"name":"online store","item":"https:\/\/www.booksonthemove.fr\/en\/online-shop\/"},{"@type":"ListItem","position":3,"name":"Alternatives Th\u00e9atrales N\u00b0150-151 &#8211; Cabaret, Esth\u00e9tique du fragment"}]},{"@type":"WebSite","@id":"https:\/\/www.booksonthemove.fr\/#website","url":"https:\/\/www.booksonthemove.fr\/","name":"Books on the Move","description":"librairie nomade - danse - mouvement - performance","publisher":{"@id":"https:\/\/www.booksonthemove.fr\/#organization"},"potentialAction":[{"@type":"SearchAction","target":{"@type":"EntryPoint","urlTemplate":"https:\/\/www.booksonthemove.fr\/?s={search_term_string}"},"query-input":{"@type":"PropertyValueSpecification","valueRequired":true,"valueName":"search_term_string"}}],"inLanguage":"en-US"},{"@type":"Organization","@id":"https:\/\/www.booksonthemove.fr\/#organization","name":"Books on the Move","url":"https:\/\/www.booksonthemove.fr\/","logo":{"@type":"ImageObject","inLanguage":"en-US","@id":"https:\/\/www.booksonthemove.fr\/#\/schema\/logo\/image\/","url":"https:\/\/www.booksonthemove.fr\/media\/logo-NB-400.jpg","contentUrl":"https:\/\/www.booksonthemove.fr\/media\/logo-NB-400.jpg","width":400,"height":143,"caption":"Books on the Move"},"image":{"@id":"https:\/\/www.booksonthemove.fr\/#\/schema\/logo\/image\/"},"sameAs":["https:\/\/www.facebook.com\/Librairiebooksonthemove\/"]}]}},"_links":{"self":[{"href":"https:\/\/www.booksonthemove.fr\/en\/wp-json\/wp\/v2\/product\/42321","targetHints":{"allow":["GET"]}}],"collection":[{"href":"https:\/\/www.booksonthemove.fr\/en\/wp-json\/wp\/v2\/product"}],"about":[{"href":"https:\/\/www.booksonthemove.fr\/en\/wp-json\/wp\/v2\/types\/product"}],"wp:featuredmedia":[{"embeddable":true,"href":"https:\/\/www.booksonthemove.fr\/en\/wp-json\/wp\/v2\/media\/42320"}],"wp:attachment":[{"href":"https:\/\/www.booksonthemove.fr\/en\/wp-json\/wp\/v2\/media?parent=42321"}],"wp:term":[{"taxonomy":"product_brand","embeddable":true,"href":"https:\/\/www.booksonthemove.fr\/en\/wp-json\/wp\/v2\/product_brand?post=42321"},{"taxonomy":"product_cat","embeddable":true,"href":"https:\/\/www.booksonthemove.fr\/en\/wp-json\/wp\/v2\/product_cat?post=42321"},{"taxonomy":"product_tag","embeddable":true,"href":"https:\/\/www.booksonthemove.fr\/en\/wp-json\/wp\/v2\/product_tag?post=42321"}],"curies":[{"name":"wp","href":"https:\/\/api.w.org\/{rel}","templated":true}]}}