{"id":42471,"date":"2024-02-22T17:11:19","date_gmt":"2024-02-22T16:11:19","guid":{"rendered":"https:\/\/www.booksonthemove.fr\/produit\/operation-nouveaux-commanditaires\/"},"modified":"2024-02-22T17:24:52","modified_gmt":"2024-02-22T16:24:52","slug":"operation-nouveaux-commanditaires","status":"publish","type":"product","link":"https:\/\/www.booksonthemove.fr\/en\/produit\/operation-nouveaux-commanditaires\/","title":{"rendered":"Op\u00e9ration \u2013 Nouveaux commanditaires"},"content":{"rendered":"<div class=\"accroche\">Avec les Nouveaux commanditaires, c&#8217;est tout un chacun qui peut dor\u00e9navant exprimer son besoin d&#8217;art, motiver les conditions de cr\u00e9ation d&#8217;une \u0153uvre comme de son existence dans la soci\u00e9t\u00e9. Fran\u00e7ois Hers revient sur l&#8217;Histoire, les enjeux de cette r\u00e9volution et la conception de son protocole de mise en \u0153uvre qui a d\u00e9but\u00e9e en 1990.<\/div>\n<div class=\"citation\">Pour conduire la plus grande r\u00e9volution culturelle du XXIe si\u00e8cle, celle o\u00f9 ce sont toutes les fractions de la soci\u00e9t\u00e9 qui peuvent dire leur besoin d&#8217;art et solliciter les cr\u00e9ateurs pour y r\u00e9pondre, il faut une bo\u00eete \u00e0 outils. Ce livre en est une. Il revient sur l&#8217;Histoire et expose les enjeux et les d\u00e9fis consid\u00e9rables auxquels le protocole des Nouveaux commanditaires r\u00e9pond en engageant entre les citoyens et les artistes un rapport d&#8217;\u00e9gal \u00e0 \u00e9gal dans un plein exercice d\u00e9mocratique, confiant et dynamique. Une d\u00e9mocratie \u00e0 laquelle il donne forme autant qu&#8217;aux \u0153uvres dont\u00a0nous\u00a0en reconnaissons et exprimons la n\u00e9cessit\u00e9, \u00e0 titre individuel et collectif.<br \/>\nCe livre n&#8217;est pas un manifeste ou un programme\u00a0; il fait le point sur un protocole qui a d\u00e9j\u00e0 permis, partout, dans le monde, la production d&#8217;un nombre consid\u00e9rable d&#8217;\u0153uvres en toutes disciplines de cr\u00e9ation, de l&#8217;architecture au th\u00e9\u00e2tre, de la musique aux arts plastiques et qui ont toutes \u00e9t\u00e9 motiv\u00e9es par des situations concr\u00e8tes, v\u00e9cues intens\u00e9ment.<\/div>\n<div><\/div>\n<div>Textes de Fran\u00e7ois Hers, Alexander Koch, Livio Riboli-Sasco, Claire Ribrault, Didier Debaise, Katrin Solhdju, Xavier Douroux.<\/div>\n","protected":false},"excerpt":{"rendered":"<p><strong>AUTEUR\u00b7ES :<\/strong> \u00e9dit\u00e9 par Fran\u00e7ois Hers<br \/>\n<strong>\u00c9DITEUR :<\/strong> Les Presses du R\u00e9el (2023)<\/p>\n<p><strong>BROCH\u00c9 :<\/strong> 120 pages<br \/>\n<strong>LANGUE :<\/strong> Fran\u00e7ais<br \/>\n<strong>ISBN13 :<\/strong> 978-2-37896-456-6<\/p>\n","protected":false},"featured_media":42470,"template":"","meta":[],"product_brand":[],"product_cat":[284,208,162],"product_tag":[],"class_list":{"0":"post-42471","1":"product","2":"type-product","3":"status-publish","4":"has-post-thumbnail","6":"product_cat-curating-museum-exhibitions","7":"product_cat-public-space-en","8":"product_cat-french-en","10":"first","11":"instock","12":"taxable","13":"shipping-taxable","14":"purchasable","15":"product-type-simple"},"yoast_head":"<!-- This site is optimized with the Yoast SEO plugin v27.5 - https:\/\/yoast.com\/product\/yoast-seo-wordpress\/ -->\n<title>Op\u00e9ration \u2013 Nouveaux commanditaires - Books on the Move<\/title>\n<meta name=\"robots\" content=\"index, follow, max-snippet:-1, max-image-preview:large, max-video-preview:-1\" \/>\n<link rel=\"canonical\" href=\"https:\/\/www.booksonthemove.fr\/en\/produit\/operation-nouveaux-commanditaires\/\" \/>\n<meta property=\"og:locale\" content=\"en_US\" \/>\n<meta property=\"og:type\" content=\"article\" \/>\n<meta property=\"og:title\" content=\"Op\u00e9ration \u2013 Nouveaux commanditaires - Books on the Move\" \/>\n<meta property=\"og:description\" content=\"AUTEUR\u00b7ES : \u00e9dit\u00e9 par Fran\u00e7ois Hers \u00c9DITEUR : Les Presses du R\u00e9el (2023)  BROCH\u00c9 : 120 pages LANGUE : Fran\u00e7ais ISBN13 : 978-2-37896-456-6\" \/>\n<meta property=\"og:url\" content=\"https:\/\/www.booksonthemove.fr\/en\/produit\/operation-nouveaux-commanditaires\/\" \/>\n<meta property=\"og:site_name\" content=\"Books on the Move\" \/>\n<meta property=\"article:publisher\" content=\"https:\/\/www.facebook.com\/Librairiebooksonthemove\/\" \/>\n<meta property=\"article:modified_time\" content=\"2024-02-22T16:24:52+00:00\" \/>\n<meta property=\"og:image\" content=\"https:\/\/www.booksonthemove.fr\/media\/bom_2706.jpg\" \/>\n\t<meta property=\"og:image:width\" content=\"911\" \/>\n\t<meta property=\"og:image:height\" content=\"1280\" \/>\n\t<meta property=\"og:image:type\" content=\"image\/jpeg\" \/>\n<meta name=\"twitter:card\" content=\"summary_large_image\" \/>\n<script type=\"application\/ld+json\" class=\"yoast-schema-graph\">{\"@context\":\"https:\\\/\\\/schema.org\",\"@graph\":[{\"@type\":\"WebPage\",\"@id\":\"https:\\\/\\\/www.booksonthemove.fr\\\/en\\\/produit\\\/operation-nouveaux-commanditaires\\\/\",\"url\":\"https:\\\/\\\/www.booksonthemove.fr\\\/en\\\/produit\\\/operation-nouveaux-commanditaires\\\/\",\"name\":\"Op\u00e9ration \u2013 Nouveaux commanditaires - Books on the Move\",\"isPartOf\":{\"@id\":\"https:\\\/\\\/www.booksonthemove.fr\\\/#website\"},\"primaryImageOfPage\":{\"@id\":\"https:\\\/\\\/www.booksonthemove.fr\\\/en\\\/produit\\\/operation-nouveaux-commanditaires\\\/#primaryimage\"},\"image\":{\"@id\":\"https:\\\/\\\/www.booksonthemove.fr\\\/en\\\/produit\\\/operation-nouveaux-commanditaires\\\/#primaryimage\"},\"thumbnailUrl\":\"https:\\\/\\\/www.booksonthemove.fr\\\/media\\\/bom_2706.jpg\",\"datePublished\":\"2024-02-22T16:11:19+00:00\",\"dateModified\":\"2024-02-22T16:24:52+00:00\",\"breadcrumb\":{\"@id\":\"https:\\\/\\\/www.booksonthemove.fr\\\/en\\\/produit\\\/operation-nouveaux-commanditaires\\\/#breadcrumb\"},\"inLanguage\":\"en-US\",\"potentialAction\":[{\"@type\":\"ReadAction\",\"target\":[\"https:\\\/\\\/www.booksonthemove.fr\\\/en\\\/produit\\\/operation-nouveaux-commanditaires\\\/\"]}]},{\"@type\":\"ImageObject\",\"inLanguage\":\"en-US\",\"@id\":\"https:\\\/\\\/www.booksonthemove.fr\\\/en\\\/produit\\\/operation-nouveaux-commanditaires\\\/#primaryimage\",\"url\":\"https:\\\/\\\/www.booksonthemove.fr\\\/media\\\/bom_2706.jpg\",\"contentUrl\":\"https:\\\/\\\/www.booksonthemove.fr\\\/media\\\/bom_2706.jpg\",\"width\":911,\"height\":1280},{\"@type\":\"BreadcrumbList\",\"@id\":\"https:\\\/\\\/www.booksonthemove.fr\\\/en\\\/produit\\\/operation-nouveaux-commanditaires\\\/#breadcrumb\",\"itemListElement\":[{\"@type\":\"ListItem\",\"position\":1,\"name\":\"Accueil\",\"item\":\"https:\\\/\\\/www.booksonthemove.fr\\\/en\\\/\"},{\"@type\":\"ListItem\",\"position\":2,\"name\":\"online store\",\"item\":\"https:\\\/\\\/www.booksonthemove.fr\\\/en\\\/online-shop\\\/\"},{\"@type\":\"ListItem\",\"position\":3,\"name\":\"Op\u00e9ration \u2013 Nouveaux commanditaires\"}]},{\"@type\":\"WebSite\",\"@id\":\"https:\\\/\\\/www.booksonthemove.fr\\\/#website\",\"url\":\"https:\\\/\\\/www.booksonthemove.fr\\\/\",\"name\":\"Books on the Move\",\"description\":\"librairie nomade - danse - mouvement - performance\",\"publisher\":{\"@id\":\"https:\\\/\\\/www.booksonthemove.fr\\\/#organization\"},\"potentialAction\":[{\"@type\":\"SearchAction\",\"target\":{\"@type\":\"EntryPoint\",\"urlTemplate\":\"https:\\\/\\\/www.booksonthemove.fr\\\/?s={search_term_string}\"},\"query-input\":{\"@type\":\"PropertyValueSpecification\",\"valueRequired\":true,\"valueName\":\"search_term_string\"}}],\"inLanguage\":\"en-US\"},{\"@type\":\"Organization\",\"@id\":\"https:\\\/\\\/www.booksonthemove.fr\\\/#organization\",\"name\":\"Books on the Move\",\"url\":\"https:\\\/\\\/www.booksonthemove.fr\\\/\",\"logo\":{\"@type\":\"ImageObject\",\"inLanguage\":\"en-US\",\"@id\":\"https:\\\/\\\/www.booksonthemove.fr\\\/#\\\/schema\\\/logo\\\/image\\\/\",\"url\":\"https:\\\/\\\/www.booksonthemove.fr\\\/media\\\/logo-NB-400.jpg\",\"contentUrl\":\"https:\\\/\\\/www.booksonthemove.fr\\\/media\\\/logo-NB-400.jpg\",\"width\":400,\"height\":143,\"caption\":\"Books on the Move\"},\"image\":{\"@id\":\"https:\\\/\\\/www.booksonthemove.fr\\\/#\\\/schema\\\/logo\\\/image\\\/\"},\"sameAs\":[\"https:\\\/\\\/www.facebook.com\\\/Librairiebooksonthemove\\\/\"]}]}<\/script>\n<!-- \/ Yoast SEO plugin. -->","yoast_head_json":{"title":"Op\u00e9ration \u2013 Nouveaux commanditaires - Books on the Move","robots":{"index":"index","follow":"follow","max-snippet":"max-snippet:-1","max-image-preview":"max-image-preview:large","max-video-preview":"max-video-preview:-1"},"canonical":"https:\/\/www.booksonthemove.fr\/en\/produit\/operation-nouveaux-commanditaires\/","og_locale":"en_US","og_type":"article","og_title":"Op\u00e9ration \u2013 Nouveaux commanditaires - Books on the Move","og_description":"AUTEUR\u00b7ES : \u00e9dit\u00e9 par Fran\u00e7ois Hers \u00c9DITEUR : Les Presses du R\u00e9el (2023)  BROCH\u00c9 : 120 pages LANGUE : Fran\u00e7ais ISBN13 : 978-2-37896-456-6","og_url":"https:\/\/www.booksonthemove.fr\/en\/produit\/operation-nouveaux-commanditaires\/","og_site_name":"Books on the Move","article_publisher":"https:\/\/www.facebook.com\/Librairiebooksonthemove\/","article_modified_time":"2024-02-22T16:24:52+00:00","og_image":[{"width":911,"height":1280,"url":"https:\/\/www.booksonthemove.fr\/media\/bom_2706.jpg","type":"image\/jpeg"}],"twitter_card":"summary_large_image","schema":{"@context":"https:\/\/schema.org","@graph":[{"@type":"WebPage","@id":"https:\/\/www.booksonthemove.fr\/en\/produit\/operation-nouveaux-commanditaires\/","url":"https:\/\/www.booksonthemove.fr\/en\/produit\/operation-nouveaux-commanditaires\/","name":"Op\u00e9ration \u2013 Nouveaux commanditaires - Books on the Move","isPartOf":{"@id":"https:\/\/www.booksonthemove.fr\/#website"},"primaryImageOfPage":{"@id":"https:\/\/www.booksonthemove.fr\/en\/produit\/operation-nouveaux-commanditaires\/#primaryimage"},"image":{"@id":"https:\/\/www.booksonthemove.fr\/en\/produit\/operation-nouveaux-commanditaires\/#primaryimage"},"thumbnailUrl":"https:\/\/www.booksonthemove.fr\/media\/bom_2706.jpg","datePublished":"2024-02-22T16:11:19+00:00","dateModified":"2024-02-22T16:24:52+00:00","breadcrumb":{"@id":"https:\/\/www.booksonthemove.fr\/en\/produit\/operation-nouveaux-commanditaires\/#breadcrumb"},"inLanguage":"en-US","potentialAction":[{"@type":"ReadAction","target":["https:\/\/www.booksonthemove.fr\/en\/produit\/operation-nouveaux-commanditaires\/"]}]},{"@type":"ImageObject","inLanguage":"en-US","@id":"https:\/\/www.booksonthemove.fr\/en\/produit\/operation-nouveaux-commanditaires\/#primaryimage","url":"https:\/\/www.booksonthemove.fr\/media\/bom_2706.jpg","contentUrl":"https:\/\/www.booksonthemove.fr\/media\/bom_2706.jpg","width":911,"height":1280},{"@type":"BreadcrumbList","@id":"https:\/\/www.booksonthemove.fr\/en\/produit\/operation-nouveaux-commanditaires\/#breadcrumb","itemListElement":[{"@type":"ListItem","position":1,"name":"Accueil","item":"https:\/\/www.booksonthemove.fr\/en\/"},{"@type":"ListItem","position":2,"name":"online store","item":"https:\/\/www.booksonthemove.fr\/en\/online-shop\/"},{"@type":"ListItem","position":3,"name":"Op\u00e9ration \u2013 Nouveaux commanditaires"}]},{"@type":"WebSite","@id":"https:\/\/www.booksonthemove.fr\/#website","url":"https:\/\/www.booksonthemove.fr\/","name":"Books on the Move","description":"librairie nomade - danse - mouvement - performance","publisher":{"@id":"https:\/\/www.booksonthemove.fr\/#organization"},"potentialAction":[{"@type":"SearchAction","target":{"@type":"EntryPoint","urlTemplate":"https:\/\/www.booksonthemove.fr\/?s={search_term_string}"},"query-input":{"@type":"PropertyValueSpecification","valueRequired":true,"valueName":"search_term_string"}}],"inLanguage":"en-US"},{"@type":"Organization","@id":"https:\/\/www.booksonthemove.fr\/#organization","name":"Books on the Move","url":"https:\/\/www.booksonthemove.fr\/","logo":{"@type":"ImageObject","inLanguage":"en-US","@id":"https:\/\/www.booksonthemove.fr\/#\/schema\/logo\/image\/","url":"https:\/\/www.booksonthemove.fr\/media\/logo-NB-400.jpg","contentUrl":"https:\/\/www.booksonthemove.fr\/media\/logo-NB-400.jpg","width":400,"height":143,"caption":"Books on the Move"},"image":{"@id":"https:\/\/www.booksonthemove.fr\/#\/schema\/logo\/image\/"},"sameAs":["https:\/\/www.facebook.com\/Librairiebooksonthemove\/"]}]}},"_links":{"self":[{"href":"https:\/\/www.booksonthemove.fr\/en\/wp-json\/wp\/v2\/product\/42471","targetHints":{"allow":["GET"]}}],"collection":[{"href":"https:\/\/www.booksonthemove.fr\/en\/wp-json\/wp\/v2\/product"}],"about":[{"href":"https:\/\/www.booksonthemove.fr\/en\/wp-json\/wp\/v2\/types\/product"}],"wp:featuredmedia":[{"embeddable":true,"href":"https:\/\/www.booksonthemove.fr\/en\/wp-json\/wp\/v2\/media\/42470"}],"wp:attachment":[{"href":"https:\/\/www.booksonthemove.fr\/en\/wp-json\/wp\/v2\/media?parent=42471"}],"wp:term":[{"taxonomy":"product_brand","embeddable":true,"href":"https:\/\/www.booksonthemove.fr\/en\/wp-json\/wp\/v2\/product_brand?post=42471"},{"taxonomy":"product_cat","embeddable":true,"href":"https:\/\/www.booksonthemove.fr\/en\/wp-json\/wp\/v2\/product_cat?post=42471"},{"taxonomy":"product_tag","embeddable":true,"href":"https:\/\/www.booksonthemove.fr\/en\/wp-json\/wp\/v2\/product_tag?post=42471"}],"curies":[{"name":"wp","href":"https:\/\/api.w.org\/{rel}","templated":true}]}}