{"id":4261,"date":"2016-12-30T17:31:28","date_gmt":"2016-12-30T16:31:28","guid":{"rendered":"https:\/\/www.booksonthemove.fr\/en\/product\/reperes-cahier-de-danse-26-la-danse-en-coulisses-copie\/"},"modified":"2020-04-30T17:38:38","modified_gmt":"2020-04-30T15:38:38","slug":"reperes-cahier-de-danse-24-corps-de-danseurs","status":"publish","type":"product","link":"https:\/\/www.booksonthemove.fr\/en\/produit\/reperes-cahier-de-danse-24-corps-de-danseurs\/","title":{"rendered":"Rep\u00e8res, cahier de danse # 24 &#8211; Corps de danseurs : normes et inventions"},"content":{"rendered":"<p>Ce num\u00e9ro de\u00a0<em>Rep\u00e8res, cahier de danse<\/em>\u00a0se penche sur les r\u00e8gles qui, de fa\u00e7on plus ou moins implicite, norment les corps des danseurs : le poids, l\u2019\u00e2ge, les proportions, les images qui tiennent lieu de mod\u00e8les\u2026<\/p>\n<p>Mais poser la question du corps des danseurs, c\u2019est se pencher non pas sur un objet clos et d\u00e9finitif, mais sur un processus : les textes r\u00e9unis dans ce num\u00e9ro soulignent le fait qu\u2019un corps n\u2019a jamais fini de se construire et se reconstruire.<\/p>\n<p>Dans un constant aller-retour entre des normes, des repr\u00e9sentations d\u2019eux-m\u00eames, des techniques et des projets esth\u00e9tiques, les danseurs inventent leur corps tout au long de leur carri\u00e8re.<\/p>\n<p><span style=\"line-height: 1.5;\">Rep\u00e8res, cahier de danse\u00a0est un semestriel de 32 pages, qui para\u00eet mi-avril et mi-novembre. Publi\u00e9e par le\u00a0CDC du Val-de-Marne, cette revue met en valeur la pens\u00e9e de la danse en s\u2019attachant aux questions relatives au travail des danseurs, abord\u00e9 sous diff\u00e9rents angles : entretiens, textes d\u2019artistes et de chercheurs, analyses d\u2019\u0153uvres et d\u2019ateliers, \u00e9tudes historiques ou sociologiques&#8230;<\/span><\/p>\n<p>&nbsp;<\/p>\n","protected":false},"excerpt":{"rendered":"<p><strong>Directeur de la publication:<\/strong>\u00a0Daniel Favier<br \/>\n<strong>Editeur:<\/strong>\u00a0Centre de d\u00e9veloppement chor\u00e9graphique\/biennale de danse du Val-de-Marne (novembre 2009)<\/p>\n<p><strong>Broch\u00e9:<\/strong>\u00a032 pages<br \/>\n<strong>Langue:<\/strong>\u00a0Fran\u00e7ais<br \/>\n<strong>ISSN :\u00a0<\/strong>2112-5147<\/p>\n","protected":false},"featured_media":5206,"template":"","meta":[],"product_brand":[],"product_cat":[149,162,211],"product_tag":[],"class_list":{"0":"post-4261","1":"product","2":"type-product","3":"status-publish","4":"has-post-thumbnail","6":"product_cat-contemporary-dance-en","7":"product_cat-french-en","8":"product_cat-magazines-en","10":"first","11":"outofstock","12":"taxable","13":"shipping-taxable","14":"purchasable","15":"product-type-simple"},"yoast_head":"<!-- This site is optimized with the Yoast SEO plugin v27.4 - https:\/\/yoast.com\/product\/yoast-seo-wordpress\/ -->\n<title>Rep\u00e8res, cahier de danse # 24 - Corps de danseurs : normes et inventions - Books on the Move<\/title>\n<meta name=\"robots\" content=\"index, follow, max-snippet:-1, max-image-preview:large, max-video-preview:-1\" \/>\n<link rel=\"canonical\" href=\"https:\/\/www.booksonthemove.fr\/en\/produit\/reperes-cahier-de-danse-24-corps-de-danseurs\/\" \/>\n<meta property=\"og:locale\" content=\"en_US\" \/>\n<meta property=\"og:type\" content=\"article\" \/>\n<meta property=\"og:title\" content=\"Rep\u00e8res, cahier de danse # 24 - Corps de danseurs : normes et inventions - Books on the Move\" \/>\n<meta property=\"og:description\" content=\"Directeur de la publication:\u00a0Daniel Favier Editeur:\u00a0Centre de d\u00e9veloppement chor\u00e9graphique\/biennale de danse du Val-de-Marne (novembre 2009)  Broch\u00e9:\u00a032 pages Langue:\u00a0Fran\u00e7ais ISSN :\u00a02112-5147\" \/>\n<meta property=\"og:url\" content=\"https:\/\/www.booksonthemove.fr\/en\/produit\/reperes-cahier-de-danse-24-corps-de-danseurs\/\" \/>\n<meta property=\"og:site_name\" content=\"Books on the Move\" \/>\n<meta property=\"article:publisher\" content=\"https:\/\/www.facebook.com\/Librairiebooksonthemove\/\" \/>\n<meta property=\"article:modified_time\" content=\"2020-04-30T15:38:38+00:00\" \/>\n<meta property=\"og:image\" content=\"https:\/\/www.booksonthemove.fr\/media\/bom_1120_0_reduced_2.jpg\" \/>\n\t<meta property=\"og:image:width\" content=\"383\" \/>\n\t<meta property=\"og:image:height\" content=\"511\" \/>\n\t<meta property=\"og:image:type\" content=\"image\/jpeg\" \/>\n<meta name=\"twitter:card\" content=\"summary_large_image\" \/>\n<script type=\"application\/ld+json\" class=\"yoast-schema-graph\">{\"@context\":\"https:\\\/\\\/schema.org\",\"@graph\":[{\"@type\":\"WebPage\",\"@id\":\"https:\\\/\\\/www.booksonthemove.fr\\\/en\\\/produit\\\/reperes-cahier-de-danse-24-corps-de-danseurs\\\/\",\"url\":\"https:\\\/\\\/www.booksonthemove.fr\\\/en\\\/produit\\\/reperes-cahier-de-danse-24-corps-de-danseurs\\\/\",\"name\":\"Rep\u00e8res, cahier de danse # 24 - Corps de danseurs : normes et inventions - Books on the Move\",\"isPartOf\":{\"@id\":\"https:\\\/\\\/www.booksonthemove.fr\\\/#website\"},\"primaryImageOfPage\":{\"@id\":\"https:\\\/\\\/www.booksonthemove.fr\\\/en\\\/produit\\\/reperes-cahier-de-danse-24-corps-de-danseurs\\\/#primaryimage\"},\"image\":{\"@id\":\"https:\\\/\\\/www.booksonthemove.fr\\\/en\\\/produit\\\/reperes-cahier-de-danse-24-corps-de-danseurs\\\/#primaryimage\"},\"thumbnailUrl\":\"https:\\\/\\\/www.booksonthemove.fr\\\/media\\\/bom_1120_0_reduced_2.jpg\",\"datePublished\":\"2016-12-30T16:31:28+00:00\",\"dateModified\":\"2020-04-30T15:38:38+00:00\",\"breadcrumb\":{\"@id\":\"https:\\\/\\\/www.booksonthemove.fr\\\/en\\\/produit\\\/reperes-cahier-de-danse-24-corps-de-danseurs\\\/#breadcrumb\"},\"inLanguage\":\"en-US\",\"potentialAction\":[{\"@type\":\"ReadAction\",\"target\":[\"https:\\\/\\\/www.booksonthemove.fr\\\/en\\\/produit\\\/reperes-cahier-de-danse-24-corps-de-danseurs\\\/\"]}]},{\"@type\":\"ImageObject\",\"inLanguage\":\"en-US\",\"@id\":\"https:\\\/\\\/www.booksonthemove.fr\\\/en\\\/produit\\\/reperes-cahier-de-danse-24-corps-de-danseurs\\\/#primaryimage\",\"url\":\"https:\\\/\\\/www.booksonthemove.fr\\\/media\\\/bom_1120_0_reduced_2.jpg\",\"contentUrl\":\"https:\\\/\\\/www.booksonthemove.fr\\\/media\\\/bom_1120_0_reduced_2.jpg\",\"width\":383,\"height\":511},{\"@type\":\"BreadcrumbList\",\"@id\":\"https:\\\/\\\/www.booksonthemove.fr\\\/en\\\/produit\\\/reperes-cahier-de-danse-24-corps-de-danseurs\\\/#breadcrumb\",\"itemListElement\":[{\"@type\":\"ListItem\",\"position\":1,\"name\":\"Accueil\",\"item\":\"https:\\\/\\\/www.booksonthemove.fr\\\/en\\\/\"},{\"@type\":\"ListItem\",\"position\":2,\"name\":\"online store\",\"item\":\"https:\\\/\\\/www.booksonthemove.fr\\\/en\\\/online-shop\\\/\"},{\"@type\":\"ListItem\",\"position\":3,\"name\":\"Rep\u00e8res, cahier de danse # 24 &#8211; Corps de danseurs : normes et inventions\"}]},{\"@type\":\"WebSite\",\"@id\":\"https:\\\/\\\/www.booksonthemove.fr\\\/#website\",\"url\":\"https:\\\/\\\/www.booksonthemove.fr\\\/\",\"name\":\"Books on the Move\",\"description\":\"librairie nomade - danse - mouvement - performance\",\"publisher\":{\"@id\":\"https:\\\/\\\/www.booksonthemove.fr\\\/#organization\"},\"potentialAction\":[{\"@type\":\"SearchAction\",\"target\":{\"@type\":\"EntryPoint\",\"urlTemplate\":\"https:\\\/\\\/www.booksonthemove.fr\\\/?s={search_term_string}\"},\"query-input\":{\"@type\":\"PropertyValueSpecification\",\"valueRequired\":true,\"valueName\":\"search_term_string\"}}],\"inLanguage\":\"en-US\"},{\"@type\":\"Organization\",\"@id\":\"https:\\\/\\\/www.booksonthemove.fr\\\/#organization\",\"name\":\"Books on the Move\",\"url\":\"https:\\\/\\\/www.booksonthemove.fr\\\/\",\"logo\":{\"@type\":\"ImageObject\",\"inLanguage\":\"en-US\",\"@id\":\"https:\\\/\\\/www.booksonthemove.fr\\\/#\\\/schema\\\/logo\\\/image\\\/\",\"url\":\"https:\\\/\\\/www.booksonthemove.fr\\\/media\\\/logo-NB-400.jpg\",\"contentUrl\":\"https:\\\/\\\/www.booksonthemove.fr\\\/media\\\/logo-NB-400.jpg\",\"width\":400,\"height\":143,\"caption\":\"Books on the Move\"},\"image\":{\"@id\":\"https:\\\/\\\/www.booksonthemove.fr\\\/#\\\/schema\\\/logo\\\/image\\\/\"},\"sameAs\":[\"https:\\\/\\\/www.facebook.com\\\/Librairiebooksonthemove\\\/\"]}]}<\/script>\n<!-- \/ Yoast SEO plugin. -->","yoast_head_json":{"title":"Rep\u00e8res, cahier de danse # 24 - Corps de danseurs : normes et inventions - Books on the Move","robots":{"index":"index","follow":"follow","max-snippet":"max-snippet:-1","max-image-preview":"max-image-preview:large","max-video-preview":"max-video-preview:-1"},"canonical":"https:\/\/www.booksonthemove.fr\/en\/produit\/reperes-cahier-de-danse-24-corps-de-danseurs\/","og_locale":"en_US","og_type":"article","og_title":"Rep\u00e8res, cahier de danse # 24 - Corps de danseurs : normes et inventions - Books on the Move","og_description":"Directeur de la publication:\u00a0Daniel Favier Editeur:\u00a0Centre de d\u00e9veloppement chor\u00e9graphique\/biennale de danse du Val-de-Marne (novembre 2009)  Broch\u00e9:\u00a032 pages Langue:\u00a0Fran\u00e7ais ISSN :\u00a02112-5147","og_url":"https:\/\/www.booksonthemove.fr\/en\/produit\/reperes-cahier-de-danse-24-corps-de-danseurs\/","og_site_name":"Books on the Move","article_publisher":"https:\/\/www.facebook.com\/Librairiebooksonthemove\/","article_modified_time":"2020-04-30T15:38:38+00:00","og_image":[{"width":383,"height":511,"url":"https:\/\/www.booksonthemove.fr\/media\/bom_1120_0_reduced_2.jpg","type":"image\/jpeg"}],"twitter_card":"summary_large_image","schema":{"@context":"https:\/\/schema.org","@graph":[{"@type":"WebPage","@id":"https:\/\/www.booksonthemove.fr\/en\/produit\/reperes-cahier-de-danse-24-corps-de-danseurs\/","url":"https:\/\/www.booksonthemove.fr\/en\/produit\/reperes-cahier-de-danse-24-corps-de-danseurs\/","name":"Rep\u00e8res, cahier de danse # 24 - Corps de danseurs : normes et inventions - Books on the Move","isPartOf":{"@id":"https:\/\/www.booksonthemove.fr\/#website"},"primaryImageOfPage":{"@id":"https:\/\/www.booksonthemove.fr\/en\/produit\/reperes-cahier-de-danse-24-corps-de-danseurs\/#primaryimage"},"image":{"@id":"https:\/\/www.booksonthemove.fr\/en\/produit\/reperes-cahier-de-danse-24-corps-de-danseurs\/#primaryimage"},"thumbnailUrl":"https:\/\/www.booksonthemove.fr\/media\/bom_1120_0_reduced_2.jpg","datePublished":"2016-12-30T16:31:28+00:00","dateModified":"2020-04-30T15:38:38+00:00","breadcrumb":{"@id":"https:\/\/www.booksonthemove.fr\/en\/produit\/reperes-cahier-de-danse-24-corps-de-danseurs\/#breadcrumb"},"inLanguage":"en-US","potentialAction":[{"@type":"ReadAction","target":["https:\/\/www.booksonthemove.fr\/en\/produit\/reperes-cahier-de-danse-24-corps-de-danseurs\/"]}]},{"@type":"ImageObject","inLanguage":"en-US","@id":"https:\/\/www.booksonthemove.fr\/en\/produit\/reperes-cahier-de-danse-24-corps-de-danseurs\/#primaryimage","url":"https:\/\/www.booksonthemove.fr\/media\/bom_1120_0_reduced_2.jpg","contentUrl":"https:\/\/www.booksonthemove.fr\/media\/bom_1120_0_reduced_2.jpg","width":383,"height":511},{"@type":"BreadcrumbList","@id":"https:\/\/www.booksonthemove.fr\/en\/produit\/reperes-cahier-de-danse-24-corps-de-danseurs\/#breadcrumb","itemListElement":[{"@type":"ListItem","position":1,"name":"Accueil","item":"https:\/\/www.booksonthemove.fr\/en\/"},{"@type":"ListItem","position":2,"name":"online store","item":"https:\/\/www.booksonthemove.fr\/en\/online-shop\/"},{"@type":"ListItem","position":3,"name":"Rep\u00e8res, cahier de danse # 24 &#8211; Corps de danseurs : normes et inventions"}]},{"@type":"WebSite","@id":"https:\/\/www.booksonthemove.fr\/#website","url":"https:\/\/www.booksonthemove.fr\/","name":"Books on the Move","description":"librairie nomade - danse - mouvement - performance","publisher":{"@id":"https:\/\/www.booksonthemove.fr\/#organization"},"potentialAction":[{"@type":"SearchAction","target":{"@type":"EntryPoint","urlTemplate":"https:\/\/www.booksonthemove.fr\/?s={search_term_string}"},"query-input":{"@type":"PropertyValueSpecification","valueRequired":true,"valueName":"search_term_string"}}],"inLanguage":"en-US"},{"@type":"Organization","@id":"https:\/\/www.booksonthemove.fr\/#organization","name":"Books on the Move","url":"https:\/\/www.booksonthemove.fr\/","logo":{"@type":"ImageObject","inLanguage":"en-US","@id":"https:\/\/www.booksonthemove.fr\/#\/schema\/logo\/image\/","url":"https:\/\/www.booksonthemove.fr\/media\/logo-NB-400.jpg","contentUrl":"https:\/\/www.booksonthemove.fr\/media\/logo-NB-400.jpg","width":400,"height":143,"caption":"Books on the Move"},"image":{"@id":"https:\/\/www.booksonthemove.fr\/#\/schema\/logo\/image\/"},"sameAs":["https:\/\/www.facebook.com\/Librairiebooksonthemove\/"]}]}},"_links":{"self":[{"href":"https:\/\/www.booksonthemove.fr\/en\/wp-json\/wp\/v2\/product\/4261","targetHints":{"allow":["GET"]}}],"collection":[{"href":"https:\/\/www.booksonthemove.fr\/en\/wp-json\/wp\/v2\/product"}],"about":[{"href":"https:\/\/www.booksonthemove.fr\/en\/wp-json\/wp\/v2\/types\/product"}],"wp:featuredmedia":[{"embeddable":true,"href":"https:\/\/www.booksonthemove.fr\/en\/wp-json\/wp\/v2\/media\/5206"}],"wp:attachment":[{"href":"https:\/\/www.booksonthemove.fr\/en\/wp-json\/wp\/v2\/media?parent=4261"}],"wp:term":[{"taxonomy":"product_brand","embeddable":true,"href":"https:\/\/www.booksonthemove.fr\/en\/wp-json\/wp\/v2\/product_brand?post=4261"},{"taxonomy":"product_cat","embeddable":true,"href":"https:\/\/www.booksonthemove.fr\/en\/wp-json\/wp\/v2\/product_cat?post=4261"},{"taxonomy":"product_tag","embeddable":true,"href":"https:\/\/www.booksonthemove.fr\/en\/wp-json\/wp\/v2\/product_tag?post=4261"}],"curies":[{"name":"wp","href":"https:\/\/api.w.org\/{rel}","templated":true}]}}