{"id":42627,"date":"2024-03-19T13:18:33","date_gmt":"2024-03-19T12:18:33","guid":{"rendered":"https:\/\/www.booksonthemove.fr\/produit\/exercices-dobservation-dans-les-pas-des-anthropologues-des-ecrivains-des-designers-et-des-naturalistes-du-quotidien\/"},"modified":"2026-04-24T15:43:47","modified_gmt":"2026-04-24T13:43:47","slug":"exercices-dobservation-dans-les-pas-des-anthropologues-des-ecrivains-des-designers-et-des-naturalistes-du-quotidien","status":"publish","type":"product","link":"https:\/\/www.booksonthemove.fr\/en\/produit\/exercices-dobservation-dans-les-pas-des-anthropologues-des-ecrivains-des-designers-et-des-naturalistes-du-quotidien\/","title":{"rendered":"Exercices d&#8217;observation &#8211; Dans les pas des anthropologues, des \u00e9crivains, des designers et des naturalistes du quotidien"},"content":{"rendered":"<p>Retrouver une sensibilit\u00e9 au monde, aux \u00eatres et aux choses qui le composent, cultiver l\u2019art d\u2019observer. Cette invitation, aussi n\u00e9cessaire que louable, est sur toutes les l\u00e8vres.\u00a0Les manuels abondent, de la botanique \u00e0 l\u2019analyse de paysages en passant par l\u2019anthropologie ou l\u2019urbanisme. Mais dans ces ouvrages, les modalit\u00e9s d\u2019observation tiennent en g\u00e9n\u00e9ral\u00a0en quelques pages de conseils ; comme si les mani\u00e8res\u00a0de construire l\u2019attention perceptive au monde \u00e9taient d\u00e9j\u00e0 acquises. Or, il s\u2019agit l\u00e0 d\u2019une capacit\u00e9 cognitive qui s\u2019apprend, se cultive et se nourrit.<\/p>\n<p>D\u00e8s lors, comment faire concr\u00e8tement ? Par o\u00f9 d\u00e9marrer ? Avec quoi se lancer ? Ce livre r\u00e9pond \u00e0 ces questions au moyen d\u2019une s\u00e9rie d\u2019exercices inspir\u00e9s des fa\u00e7ons de faire\u00a0des \u00e9crivains, des anthropologues, des ethnographes,\u00a0des designers ou des artistes. Pr\u00e9sent\u00e9 sous la forme\u00a0de consignes \u00e0 mettre en pratique, ce livre-ressource invite\u00a0le lecteur \u00e0 devenir lui-m\u00eame un explorateur de ce que Georges Perec appelait l\u2019\u00ab infra-ordinaire \u00bb.<\/p>\n","protected":false},"excerpt":{"rendered":"<p><strong>AUTEUR : <\/strong>Nicolas Nova<br \/>\n<strong>\u00c9DITEUR :<\/strong> Premier Parral\u00e8le (2022)<\/p>\n<p><strong>BROCH\u00c9 :<\/strong> 172 pages<br \/>\n<strong>LANGUE :<\/strong> Fran\u00e7ais<br \/>\n<strong>ISBN13 :<\/strong> 978-2-850-61141-4<\/p>\n","protected":false},"featured_media":42626,"template":"","meta":[],"product_brand":[],"product_cat":[281,162,243],"product_tag":[],"class_list":{"0":"post-42627","1":"product","2":"type-product","3":"status-publish","4":"has-post-thumbnail","6":"product_cat-anthropology","7":"product_cat-french-en","8":"product_cat-scores-en","10":"first","11":"instock","12":"taxable","13":"shipping-taxable","14":"purchasable","15":"product-type-simple"},"yoast_head":"<!-- This site is optimized with the Yoast SEO plugin v27.5 - https:\/\/yoast.com\/product\/yoast-seo-wordpress\/ -->\n<title>Exercices d&#039;observation - Dans les pas des anthropologues, des \u00e9crivains, des designers et des naturalistes du quotidien - Books on the Move<\/title>\n<meta name=\"robots\" content=\"index, follow, max-snippet:-1, max-image-preview:large, max-video-preview:-1\" \/>\n<link rel=\"canonical\" href=\"https:\/\/www.booksonthemove.fr\/en\/produit\/exercices-dobservation-dans-les-pas-des-anthropologues-des-ecrivains-des-designers-et-des-naturalistes-du-quotidien\/\" \/>\n<meta property=\"og:locale\" content=\"en_US\" \/>\n<meta property=\"og:type\" content=\"article\" \/>\n<meta property=\"og:title\" content=\"Exercices d&#039;observation - Dans les pas des anthropologues, des \u00e9crivains, des designers et des naturalistes du quotidien - Books on the Move\" \/>\n<meta property=\"og:description\" content=\"AUTEUR : Nicolas Nova \u00c9DITEUR : Premier Parral\u00e8le (2022)  BROCH\u00c9 : 172 pages LANGUE : Fran\u00e7ais ISBN13 : 978-2-850-61141-4\" \/>\n<meta property=\"og:url\" content=\"https:\/\/www.booksonthemove.fr\/en\/produit\/exercices-dobservation-dans-les-pas-des-anthropologues-des-ecrivains-des-designers-et-des-naturalistes-du-quotidien\/\" \/>\n<meta property=\"og:site_name\" content=\"Books on the Move\" \/>\n<meta property=\"article:publisher\" content=\"https:\/\/www.facebook.com\/Librairiebooksonthemove\/\" \/>\n<meta property=\"article:modified_time\" content=\"2026-04-24T13:43:47+00:00\" \/>\n<meta property=\"og:image\" content=\"https:\/\/www.booksonthemove.fr\/media\/bom_2709.jpg\" \/>\n\t<meta property=\"og:image:width\" content=\"667\" \/>\n\t<meta property=\"og:image:height\" content=\"1000\" \/>\n\t<meta property=\"og:image:type\" content=\"image\/jpeg\" \/>\n<meta name=\"twitter:card\" content=\"summary_large_image\" \/>\n<script type=\"application\/ld+json\" class=\"yoast-schema-graph\">{\"@context\":\"https:\\\/\\\/schema.org\",\"@graph\":[{\"@type\":\"WebPage\",\"@id\":\"https:\\\/\\\/www.booksonthemove.fr\\\/en\\\/produit\\\/exercices-dobservation-dans-les-pas-des-anthropologues-des-ecrivains-des-designers-et-des-naturalistes-du-quotidien\\\/\",\"url\":\"https:\\\/\\\/www.booksonthemove.fr\\\/en\\\/produit\\\/exercices-dobservation-dans-les-pas-des-anthropologues-des-ecrivains-des-designers-et-des-naturalistes-du-quotidien\\\/\",\"name\":\"Exercices d'observation - Dans les pas des anthropologues, des \u00e9crivains, des designers et des naturalistes du quotidien - Books on the Move\",\"isPartOf\":{\"@id\":\"https:\\\/\\\/www.booksonthemove.fr\\\/#website\"},\"primaryImageOfPage\":{\"@id\":\"https:\\\/\\\/www.booksonthemove.fr\\\/en\\\/produit\\\/exercices-dobservation-dans-les-pas-des-anthropologues-des-ecrivains-des-designers-et-des-naturalistes-du-quotidien\\\/#primaryimage\"},\"image\":{\"@id\":\"https:\\\/\\\/www.booksonthemove.fr\\\/en\\\/produit\\\/exercices-dobservation-dans-les-pas-des-anthropologues-des-ecrivains-des-designers-et-des-naturalistes-du-quotidien\\\/#primaryimage\"},\"thumbnailUrl\":\"https:\\\/\\\/www.booksonthemove.fr\\\/media\\\/bom_2709.jpg\",\"datePublished\":\"2024-03-19T12:18:33+00:00\",\"dateModified\":\"2026-04-24T13:43:47+00:00\",\"breadcrumb\":{\"@id\":\"https:\\\/\\\/www.booksonthemove.fr\\\/en\\\/produit\\\/exercices-dobservation-dans-les-pas-des-anthropologues-des-ecrivains-des-designers-et-des-naturalistes-du-quotidien\\\/#breadcrumb\"},\"inLanguage\":\"en-US\",\"potentialAction\":[{\"@type\":\"ReadAction\",\"target\":[\"https:\\\/\\\/www.booksonthemove.fr\\\/en\\\/produit\\\/exercices-dobservation-dans-les-pas-des-anthropologues-des-ecrivains-des-designers-et-des-naturalistes-du-quotidien\\\/\"]}]},{\"@type\":\"ImageObject\",\"inLanguage\":\"en-US\",\"@id\":\"https:\\\/\\\/www.booksonthemove.fr\\\/en\\\/produit\\\/exercices-dobservation-dans-les-pas-des-anthropologues-des-ecrivains-des-designers-et-des-naturalistes-du-quotidien\\\/#primaryimage\",\"url\":\"https:\\\/\\\/www.booksonthemove.fr\\\/media\\\/bom_2709.jpg\",\"contentUrl\":\"https:\\\/\\\/www.booksonthemove.fr\\\/media\\\/bom_2709.jpg\",\"width\":667,\"height\":1000},{\"@type\":\"BreadcrumbList\",\"@id\":\"https:\\\/\\\/www.booksonthemove.fr\\\/en\\\/produit\\\/exercices-dobservation-dans-les-pas-des-anthropologues-des-ecrivains-des-designers-et-des-naturalistes-du-quotidien\\\/#breadcrumb\",\"itemListElement\":[{\"@type\":\"ListItem\",\"position\":1,\"name\":\"Accueil\",\"item\":\"https:\\\/\\\/www.booksonthemove.fr\\\/en\\\/\"},{\"@type\":\"ListItem\",\"position\":2,\"name\":\"online store\",\"item\":\"https:\\\/\\\/www.booksonthemove.fr\\\/en\\\/online-shop\\\/\"},{\"@type\":\"ListItem\",\"position\":3,\"name\":\"Exercices d&rsquo;observation &#8211; Dans les pas des anthropologues, des \u00e9crivains, des designers et des naturalistes du quotidien\"}]},{\"@type\":\"WebSite\",\"@id\":\"https:\\\/\\\/www.booksonthemove.fr\\\/#website\",\"url\":\"https:\\\/\\\/www.booksonthemove.fr\\\/\",\"name\":\"Books on the Move\",\"description\":\"librairie nomade - danse - mouvement - performance\",\"publisher\":{\"@id\":\"https:\\\/\\\/www.booksonthemove.fr\\\/#organization\"},\"potentialAction\":[{\"@type\":\"SearchAction\",\"target\":{\"@type\":\"EntryPoint\",\"urlTemplate\":\"https:\\\/\\\/www.booksonthemove.fr\\\/?s={search_term_string}\"},\"query-input\":{\"@type\":\"PropertyValueSpecification\",\"valueRequired\":true,\"valueName\":\"search_term_string\"}}],\"inLanguage\":\"en-US\"},{\"@type\":\"Organization\",\"@id\":\"https:\\\/\\\/www.booksonthemove.fr\\\/#organization\",\"name\":\"Books on the Move\",\"url\":\"https:\\\/\\\/www.booksonthemove.fr\\\/\",\"logo\":{\"@type\":\"ImageObject\",\"inLanguage\":\"en-US\",\"@id\":\"https:\\\/\\\/www.booksonthemove.fr\\\/#\\\/schema\\\/logo\\\/image\\\/\",\"url\":\"https:\\\/\\\/www.booksonthemove.fr\\\/media\\\/logo-NB-400.jpg\",\"contentUrl\":\"https:\\\/\\\/www.booksonthemove.fr\\\/media\\\/logo-NB-400.jpg\",\"width\":400,\"height\":143,\"caption\":\"Books on the Move\"},\"image\":{\"@id\":\"https:\\\/\\\/www.booksonthemove.fr\\\/#\\\/schema\\\/logo\\\/image\\\/\"},\"sameAs\":[\"https:\\\/\\\/www.facebook.com\\\/Librairiebooksonthemove\\\/\"]}]}<\/script>\n<!-- \/ Yoast SEO plugin. -->","yoast_head_json":{"title":"Exercices d'observation - Dans les pas des anthropologues, des \u00e9crivains, des designers et des naturalistes du quotidien - Books on the Move","robots":{"index":"index","follow":"follow","max-snippet":"max-snippet:-1","max-image-preview":"max-image-preview:large","max-video-preview":"max-video-preview:-1"},"canonical":"https:\/\/www.booksonthemove.fr\/en\/produit\/exercices-dobservation-dans-les-pas-des-anthropologues-des-ecrivains-des-designers-et-des-naturalistes-du-quotidien\/","og_locale":"en_US","og_type":"article","og_title":"Exercices d'observation - Dans les pas des anthropologues, des \u00e9crivains, des designers et des naturalistes du quotidien - Books on the Move","og_description":"AUTEUR : Nicolas Nova \u00c9DITEUR : Premier Parral\u00e8le (2022)  BROCH\u00c9 : 172 pages LANGUE : Fran\u00e7ais ISBN13 : 978-2-850-61141-4","og_url":"https:\/\/www.booksonthemove.fr\/en\/produit\/exercices-dobservation-dans-les-pas-des-anthropologues-des-ecrivains-des-designers-et-des-naturalistes-du-quotidien\/","og_site_name":"Books on the Move","article_publisher":"https:\/\/www.facebook.com\/Librairiebooksonthemove\/","article_modified_time":"2026-04-24T13:43:47+00:00","og_image":[{"width":667,"height":1000,"url":"https:\/\/www.booksonthemove.fr\/media\/bom_2709.jpg","type":"image\/jpeg"}],"twitter_card":"summary_large_image","schema":{"@context":"https:\/\/schema.org","@graph":[{"@type":"WebPage","@id":"https:\/\/www.booksonthemove.fr\/en\/produit\/exercices-dobservation-dans-les-pas-des-anthropologues-des-ecrivains-des-designers-et-des-naturalistes-du-quotidien\/","url":"https:\/\/www.booksonthemove.fr\/en\/produit\/exercices-dobservation-dans-les-pas-des-anthropologues-des-ecrivains-des-designers-et-des-naturalistes-du-quotidien\/","name":"Exercices d'observation - Dans les pas des anthropologues, des \u00e9crivains, des designers et des naturalistes du quotidien - Books on the Move","isPartOf":{"@id":"https:\/\/www.booksonthemove.fr\/#website"},"primaryImageOfPage":{"@id":"https:\/\/www.booksonthemove.fr\/en\/produit\/exercices-dobservation-dans-les-pas-des-anthropologues-des-ecrivains-des-designers-et-des-naturalistes-du-quotidien\/#primaryimage"},"image":{"@id":"https:\/\/www.booksonthemove.fr\/en\/produit\/exercices-dobservation-dans-les-pas-des-anthropologues-des-ecrivains-des-designers-et-des-naturalistes-du-quotidien\/#primaryimage"},"thumbnailUrl":"https:\/\/www.booksonthemove.fr\/media\/bom_2709.jpg","datePublished":"2024-03-19T12:18:33+00:00","dateModified":"2026-04-24T13:43:47+00:00","breadcrumb":{"@id":"https:\/\/www.booksonthemove.fr\/en\/produit\/exercices-dobservation-dans-les-pas-des-anthropologues-des-ecrivains-des-designers-et-des-naturalistes-du-quotidien\/#breadcrumb"},"inLanguage":"en-US","potentialAction":[{"@type":"ReadAction","target":["https:\/\/www.booksonthemove.fr\/en\/produit\/exercices-dobservation-dans-les-pas-des-anthropologues-des-ecrivains-des-designers-et-des-naturalistes-du-quotidien\/"]}]},{"@type":"ImageObject","inLanguage":"en-US","@id":"https:\/\/www.booksonthemove.fr\/en\/produit\/exercices-dobservation-dans-les-pas-des-anthropologues-des-ecrivains-des-designers-et-des-naturalistes-du-quotidien\/#primaryimage","url":"https:\/\/www.booksonthemove.fr\/media\/bom_2709.jpg","contentUrl":"https:\/\/www.booksonthemove.fr\/media\/bom_2709.jpg","width":667,"height":1000},{"@type":"BreadcrumbList","@id":"https:\/\/www.booksonthemove.fr\/en\/produit\/exercices-dobservation-dans-les-pas-des-anthropologues-des-ecrivains-des-designers-et-des-naturalistes-du-quotidien\/#breadcrumb","itemListElement":[{"@type":"ListItem","position":1,"name":"Accueil","item":"https:\/\/www.booksonthemove.fr\/en\/"},{"@type":"ListItem","position":2,"name":"online store","item":"https:\/\/www.booksonthemove.fr\/en\/online-shop\/"},{"@type":"ListItem","position":3,"name":"Exercices d&rsquo;observation &#8211; Dans les pas des anthropologues, des \u00e9crivains, des designers et des naturalistes du quotidien"}]},{"@type":"WebSite","@id":"https:\/\/www.booksonthemove.fr\/#website","url":"https:\/\/www.booksonthemove.fr\/","name":"Books on the Move","description":"librairie nomade - danse - mouvement - performance","publisher":{"@id":"https:\/\/www.booksonthemove.fr\/#organization"},"potentialAction":[{"@type":"SearchAction","target":{"@type":"EntryPoint","urlTemplate":"https:\/\/www.booksonthemove.fr\/?s={search_term_string}"},"query-input":{"@type":"PropertyValueSpecification","valueRequired":true,"valueName":"search_term_string"}}],"inLanguage":"en-US"},{"@type":"Organization","@id":"https:\/\/www.booksonthemove.fr\/#organization","name":"Books on the Move","url":"https:\/\/www.booksonthemove.fr\/","logo":{"@type":"ImageObject","inLanguage":"en-US","@id":"https:\/\/www.booksonthemove.fr\/#\/schema\/logo\/image\/","url":"https:\/\/www.booksonthemove.fr\/media\/logo-NB-400.jpg","contentUrl":"https:\/\/www.booksonthemove.fr\/media\/logo-NB-400.jpg","width":400,"height":143,"caption":"Books on the Move"},"image":{"@id":"https:\/\/www.booksonthemove.fr\/#\/schema\/logo\/image\/"},"sameAs":["https:\/\/www.facebook.com\/Librairiebooksonthemove\/"]}]}},"_links":{"self":[{"href":"https:\/\/www.booksonthemove.fr\/en\/wp-json\/wp\/v2\/product\/42627","targetHints":{"allow":["GET"]}}],"collection":[{"href":"https:\/\/www.booksonthemove.fr\/en\/wp-json\/wp\/v2\/product"}],"about":[{"href":"https:\/\/www.booksonthemove.fr\/en\/wp-json\/wp\/v2\/types\/product"}],"wp:featuredmedia":[{"embeddable":true,"href":"https:\/\/www.booksonthemove.fr\/en\/wp-json\/wp\/v2\/media\/42626"}],"wp:attachment":[{"href":"https:\/\/www.booksonthemove.fr\/en\/wp-json\/wp\/v2\/media?parent=42627"}],"wp:term":[{"taxonomy":"product_brand","embeddable":true,"href":"https:\/\/www.booksonthemove.fr\/en\/wp-json\/wp\/v2\/product_brand?post=42627"},{"taxonomy":"product_cat","embeddable":true,"href":"https:\/\/www.booksonthemove.fr\/en\/wp-json\/wp\/v2\/product_cat?post=42627"},{"taxonomy":"product_tag","embeddable":true,"href":"https:\/\/www.booksonthemove.fr\/en\/wp-json\/wp\/v2\/product_tag?post=42627"}],"curies":[{"name":"wp","href":"https:\/\/api.w.org\/{rel}","templated":true}]}}