{"id":42702,"date":"2024-04-05T23:20:46","date_gmt":"2024-04-05T21:20:46","guid":{"rendered":"https:\/\/www.booksonthemove.fr\/produit\/appendice-1-le-geste-de-lecriture\/"},"modified":"2025-05-30T11:03:05","modified_gmt":"2025-05-30T09:03:05","slug":"appendice-1-le-geste-de-lecriture","status":"publish","type":"product","link":"https:\/\/www.booksonthemove.fr\/en\/produit\/appendice-1-le-geste-de-lecriture\/","title":{"rendered":"Appendice #1 \u2013 Le geste de l&#8217;\u00e9criture"},"content":{"rendered":"<p><em>Les Appendices #1-4<\/em> sont une s\u00e9rie \u00e9ditoriale de Mette Edvardsen, L\u00e9a Poir\u00e9 et Victoria P\u00e9rez Royo issue du projet <em>Le temps s&#8217;est endormi dans le soleil de l&#8217;apr\u00e8s-midi<\/em>. Pour une r\u00e9sidence de deux ans aux Laboratoires d&#8217;Aubervilliers (2022-23), elles se sont r\u00e9unies en petit groupe de travail, fa\u00e7onnant le processus de travail, accueillant des formats de pr\u00e9sentation et r\u00e9alisant cette s\u00e9rie de publications sur papier sous forme de cahiers.<br \/>\n1. le geste de l&#8217;\u00e9criture, 2. comment organiser une biblioth\u00e8que, 3. l&#8217;oralit\u00e9, 4. la traduction<\/p>\n<p>Les cahiers contiennent une collection de textes command\u00e9s et de contributions cr\u00e9\u00e9es pour ce contexte, des documents s\u00e9lectionn\u00e9s et des traces de sessions de travail et de rencontres organis\u00e9es pendant la p\u00e9riode de r\u00e9sidence, des textes lus ensemble et republi\u00e9s pour cette occasion, une collection de r\u00e9f\u00e9rences, de notes en cours, de pens\u00e9es inachev\u00e9es et des fragments volants &#8211; sur papier, entre les pages.<\/p>\n","protected":false},"excerpt":{"rendered":"<p><strong>AUTEURES : <\/strong>\u00e9dit\u00e9 par\u00a0Mette Edvardsen, L\u00e9a Poir\u00e9 &amp; Victoria P\u00e9rez Royo<br \/>\n<strong>EDITEURS : <\/strong>time has fallen asleep in the afternoon sunshine &amp; Les Laboratoires d\u2019Aubervilliers (2024)<\/p>\n<p><strong>BROCH\u00c9 :<\/strong> 56 pages<br \/>\n<strong>LANGUE :<\/strong> Fran\u00e7ais<br \/>\n<strong>ISBN:<\/strong> 978 8 269 35550 5<\/p>\n","protected":false},"featured_media":42701,"template":"","meta":[],"product_brand":[],"product_cat":[212,198,162],"product_tag":[],"class_list":{"0":"post-42702","1":"product","2":"type-product","3":"status-publish","4":"has-post-thumbnail","6":"product_cat-artists-books-en","7":"product_cat-collaborations-collectives-en","8":"product_cat-french-en","10":"first","11":"instock","12":"taxable","13":"shipping-taxable","14":"purchasable","15":"product-type-simple"},"yoast_head":"<!-- This site is optimized with the Yoast SEO plugin v27.4 - https:\/\/yoast.com\/product\/yoast-seo-wordpress\/ -->\n<title>Appendice #1 \u2013 Le geste de l&#039;\u00e9criture - Books on the Move<\/title>\n<meta name=\"robots\" content=\"index, follow, max-snippet:-1, max-image-preview:large, max-video-preview:-1\" \/>\n<link rel=\"canonical\" href=\"https:\/\/www.booksonthemove.fr\/produit\/appendice-1-le-geste-de-lecriture\/\" \/>\n<meta property=\"og:locale\" content=\"en_US\" \/>\n<meta property=\"og:type\" content=\"article\" \/>\n<meta property=\"og:title\" content=\"Appendice #1 \u2013 Le geste de l&#039;\u00e9criture - Books on the Move\" \/>\n<meta property=\"og:description\" content=\"AUTEURES : \u00e9dit\u00e9 par\u00a0Mette Edvardsen, L\u00e9a Poir\u00e9 &amp; Victoria P\u00e9rez Royo EDITEURS : time has fallen asleep in the afternoon sunshine &amp; Les Laboratoires d\u2019Aubervilliers (2024)  BROCH\u00c9 : 56 pages LANGUE : Fran\u00e7ais ISBN: 978 8 269 35550 5\" \/>\n<meta property=\"og:url\" content=\"https:\/\/www.booksonthemove.fr\/produit\/appendice-1-le-geste-de-lecriture\/\" \/>\n<meta property=\"og:site_name\" content=\"Books on the Move\" \/>\n<meta property=\"article:publisher\" content=\"https:\/\/www.facebook.com\/Librairiebooksonthemove\/\" \/>\n<meta property=\"article:modified_time\" content=\"2025-05-30T09:03:05+00:00\" \/>\n<meta property=\"og:image\" content=\"https:\/\/www.booksonthemove.fr\/media\/bom_2751.jpeg\" \/>\n\t<meta property=\"og:image:width\" content=\"698\" \/>\n\t<meta property=\"og:image:height\" content=\"1024\" \/>\n\t<meta property=\"og:image:type\" content=\"image\/jpeg\" \/>\n<meta name=\"twitter:card\" content=\"summary_large_image\" \/>\n<script type=\"application\/ld+json\" class=\"yoast-schema-graph\">{\"@context\":\"https:\\\/\\\/schema.org\",\"@graph\":[{\"@type\":\"WebPage\",\"@id\":\"https:\\\/\\\/www.booksonthemove.fr\\\/produit\\\/appendice-1-le-geste-de-lecriture\\\/\",\"url\":\"https:\\\/\\\/www.booksonthemove.fr\\\/produit\\\/appendice-1-le-geste-de-lecriture\\\/\",\"name\":\"Appendice #1 \u2013 Le geste de l'\u00e9criture - Books on the Move\",\"isPartOf\":{\"@id\":\"https:\\\/\\\/www.booksonthemove.fr\\\/#website\"},\"primaryImageOfPage\":{\"@id\":\"https:\\\/\\\/www.booksonthemove.fr\\\/produit\\\/appendice-1-le-geste-de-lecriture\\\/#primaryimage\"},\"image\":{\"@id\":\"https:\\\/\\\/www.booksonthemove.fr\\\/produit\\\/appendice-1-le-geste-de-lecriture\\\/#primaryimage\"},\"thumbnailUrl\":\"https:\\\/\\\/www.booksonthemove.fr\\\/media\\\/bom_2751.jpeg\",\"datePublished\":\"2024-04-05T21:20:46+00:00\",\"dateModified\":\"2025-05-30T09:03:05+00:00\",\"breadcrumb\":{\"@id\":\"https:\\\/\\\/www.booksonthemove.fr\\\/produit\\\/appendice-1-le-geste-de-lecriture\\\/#breadcrumb\"},\"inLanguage\":\"en-US\",\"potentialAction\":[{\"@type\":\"ReadAction\",\"target\":[\"https:\\\/\\\/www.booksonthemove.fr\\\/produit\\\/appendice-1-le-geste-de-lecriture\\\/\"]}]},{\"@type\":\"ImageObject\",\"inLanguage\":\"en-US\",\"@id\":\"https:\\\/\\\/www.booksonthemove.fr\\\/produit\\\/appendice-1-le-geste-de-lecriture\\\/#primaryimage\",\"url\":\"https:\\\/\\\/www.booksonthemove.fr\\\/media\\\/bom_2751.jpeg\",\"contentUrl\":\"https:\\\/\\\/www.booksonthemove.fr\\\/media\\\/bom_2751.jpeg\",\"width\":698,\"height\":1024},{\"@type\":\"BreadcrumbList\",\"@id\":\"https:\\\/\\\/www.booksonthemove.fr\\\/produit\\\/appendice-1-le-geste-de-lecriture\\\/#breadcrumb\",\"itemListElement\":[{\"@type\":\"ListItem\",\"position\":1,\"name\":\"Accueil\",\"item\":\"https:\\\/\\\/www.booksonthemove.fr\\\/en\\\/\"},{\"@type\":\"ListItem\",\"position\":2,\"name\":\"online store\",\"item\":\"https:\\\/\\\/www.booksonthemove.fr\\\/en\\\/online-shop\\\/\"},{\"@type\":\"ListItem\",\"position\":3,\"name\":\"Appendice #1 \u2013 Le geste de l&rsquo;\u00e9criture\"}]},{\"@type\":\"WebSite\",\"@id\":\"https:\\\/\\\/www.booksonthemove.fr\\\/#website\",\"url\":\"https:\\\/\\\/www.booksonthemove.fr\\\/\",\"name\":\"Books on the Move\",\"description\":\"librairie nomade - danse - mouvement - performance\",\"publisher\":{\"@id\":\"https:\\\/\\\/www.booksonthemove.fr\\\/#organization\"},\"potentialAction\":[{\"@type\":\"SearchAction\",\"target\":{\"@type\":\"EntryPoint\",\"urlTemplate\":\"https:\\\/\\\/www.booksonthemove.fr\\\/?s={search_term_string}\"},\"query-input\":{\"@type\":\"PropertyValueSpecification\",\"valueRequired\":true,\"valueName\":\"search_term_string\"}}],\"inLanguage\":\"en-US\"},{\"@type\":\"Organization\",\"@id\":\"https:\\\/\\\/www.booksonthemove.fr\\\/#organization\",\"name\":\"Books on the Move\",\"url\":\"https:\\\/\\\/www.booksonthemove.fr\\\/\",\"logo\":{\"@type\":\"ImageObject\",\"inLanguage\":\"en-US\",\"@id\":\"https:\\\/\\\/www.booksonthemove.fr\\\/#\\\/schema\\\/logo\\\/image\\\/\",\"url\":\"https:\\\/\\\/www.booksonthemove.fr\\\/media\\\/logo-NB-400.jpg\",\"contentUrl\":\"https:\\\/\\\/www.booksonthemove.fr\\\/media\\\/logo-NB-400.jpg\",\"width\":400,\"height\":143,\"caption\":\"Books on the Move\"},\"image\":{\"@id\":\"https:\\\/\\\/www.booksonthemove.fr\\\/#\\\/schema\\\/logo\\\/image\\\/\"},\"sameAs\":[\"https:\\\/\\\/www.facebook.com\\\/Librairiebooksonthemove\\\/\"]}]}<\/script>\n<!-- \/ Yoast SEO plugin. -->","yoast_head_json":{"title":"Appendice #1 \u2013 Le geste de l'\u00e9criture - Books on the Move","robots":{"index":"index","follow":"follow","max-snippet":"max-snippet:-1","max-image-preview":"max-image-preview:large","max-video-preview":"max-video-preview:-1"},"canonical":"https:\/\/www.booksonthemove.fr\/produit\/appendice-1-le-geste-de-lecriture\/","og_locale":"en_US","og_type":"article","og_title":"Appendice #1 \u2013 Le geste de l'\u00e9criture - Books on the Move","og_description":"AUTEURES : \u00e9dit\u00e9 par\u00a0Mette Edvardsen, L\u00e9a Poir\u00e9 &amp; Victoria P\u00e9rez Royo EDITEURS : time has fallen asleep in the afternoon sunshine &amp; Les Laboratoires d\u2019Aubervilliers (2024)  BROCH\u00c9 : 56 pages LANGUE : Fran\u00e7ais ISBN: 978 8 269 35550 5","og_url":"https:\/\/www.booksonthemove.fr\/produit\/appendice-1-le-geste-de-lecriture\/","og_site_name":"Books on the Move","article_publisher":"https:\/\/www.facebook.com\/Librairiebooksonthemove\/","article_modified_time":"2025-05-30T09:03:05+00:00","og_image":[{"width":698,"height":1024,"url":"https:\/\/www.booksonthemove.fr\/media\/bom_2751.jpeg","type":"image\/jpeg"}],"twitter_card":"summary_large_image","schema":{"@context":"https:\/\/schema.org","@graph":[{"@type":"WebPage","@id":"https:\/\/www.booksonthemove.fr\/produit\/appendice-1-le-geste-de-lecriture\/","url":"https:\/\/www.booksonthemove.fr\/produit\/appendice-1-le-geste-de-lecriture\/","name":"Appendice #1 \u2013 Le geste de l'\u00e9criture - Books on the Move","isPartOf":{"@id":"https:\/\/www.booksonthemove.fr\/#website"},"primaryImageOfPage":{"@id":"https:\/\/www.booksonthemove.fr\/produit\/appendice-1-le-geste-de-lecriture\/#primaryimage"},"image":{"@id":"https:\/\/www.booksonthemove.fr\/produit\/appendice-1-le-geste-de-lecriture\/#primaryimage"},"thumbnailUrl":"https:\/\/www.booksonthemove.fr\/media\/bom_2751.jpeg","datePublished":"2024-04-05T21:20:46+00:00","dateModified":"2025-05-30T09:03:05+00:00","breadcrumb":{"@id":"https:\/\/www.booksonthemove.fr\/produit\/appendice-1-le-geste-de-lecriture\/#breadcrumb"},"inLanguage":"en-US","potentialAction":[{"@type":"ReadAction","target":["https:\/\/www.booksonthemove.fr\/produit\/appendice-1-le-geste-de-lecriture\/"]}]},{"@type":"ImageObject","inLanguage":"en-US","@id":"https:\/\/www.booksonthemove.fr\/produit\/appendice-1-le-geste-de-lecriture\/#primaryimage","url":"https:\/\/www.booksonthemove.fr\/media\/bom_2751.jpeg","contentUrl":"https:\/\/www.booksonthemove.fr\/media\/bom_2751.jpeg","width":698,"height":1024},{"@type":"BreadcrumbList","@id":"https:\/\/www.booksonthemove.fr\/produit\/appendice-1-le-geste-de-lecriture\/#breadcrumb","itemListElement":[{"@type":"ListItem","position":1,"name":"Accueil","item":"https:\/\/www.booksonthemove.fr\/en\/"},{"@type":"ListItem","position":2,"name":"online store","item":"https:\/\/www.booksonthemove.fr\/en\/online-shop\/"},{"@type":"ListItem","position":3,"name":"Appendice #1 \u2013 Le geste de l&rsquo;\u00e9criture"}]},{"@type":"WebSite","@id":"https:\/\/www.booksonthemove.fr\/#website","url":"https:\/\/www.booksonthemove.fr\/","name":"Books on the Move","description":"librairie nomade - danse - mouvement - performance","publisher":{"@id":"https:\/\/www.booksonthemove.fr\/#organization"},"potentialAction":[{"@type":"SearchAction","target":{"@type":"EntryPoint","urlTemplate":"https:\/\/www.booksonthemove.fr\/?s={search_term_string}"},"query-input":{"@type":"PropertyValueSpecification","valueRequired":true,"valueName":"search_term_string"}}],"inLanguage":"en-US"},{"@type":"Organization","@id":"https:\/\/www.booksonthemove.fr\/#organization","name":"Books on the Move","url":"https:\/\/www.booksonthemove.fr\/","logo":{"@type":"ImageObject","inLanguage":"en-US","@id":"https:\/\/www.booksonthemove.fr\/#\/schema\/logo\/image\/","url":"https:\/\/www.booksonthemove.fr\/media\/logo-NB-400.jpg","contentUrl":"https:\/\/www.booksonthemove.fr\/media\/logo-NB-400.jpg","width":400,"height":143,"caption":"Books on the Move"},"image":{"@id":"https:\/\/www.booksonthemove.fr\/#\/schema\/logo\/image\/"},"sameAs":["https:\/\/www.facebook.com\/Librairiebooksonthemove\/"]}]}},"_links":{"self":[{"href":"https:\/\/www.booksonthemove.fr\/en\/wp-json\/wp\/v2\/product\/42702","targetHints":{"allow":["GET"]}}],"collection":[{"href":"https:\/\/www.booksonthemove.fr\/en\/wp-json\/wp\/v2\/product"}],"about":[{"href":"https:\/\/www.booksonthemove.fr\/en\/wp-json\/wp\/v2\/types\/product"}],"wp:featuredmedia":[{"embeddable":true,"href":"https:\/\/www.booksonthemove.fr\/en\/wp-json\/wp\/v2\/media\/42701"}],"wp:attachment":[{"href":"https:\/\/www.booksonthemove.fr\/en\/wp-json\/wp\/v2\/media?parent=42702"}],"wp:term":[{"taxonomy":"product_brand","embeddable":true,"href":"https:\/\/www.booksonthemove.fr\/en\/wp-json\/wp\/v2\/product_brand?post=42702"},{"taxonomy":"product_cat","embeddable":true,"href":"https:\/\/www.booksonthemove.fr\/en\/wp-json\/wp\/v2\/product_cat?post=42702"},{"taxonomy":"product_tag","embeddable":true,"href":"https:\/\/www.booksonthemove.fr\/en\/wp-json\/wp\/v2\/product_tag?post=42702"}],"curies":[{"name":"wp","href":"https:\/\/api.w.org\/{rel}","templated":true}]}}