{"id":42721,"date":"2024-04-10T23:10:24","date_gmt":"2024-04-10T21:10:24","guid":{"rendered":"https:\/\/www.booksonthemove.fr\/produit\/esthetiques-du-care-pour-lanthropocene\/"},"modified":"2025-04-23T14:44:08","modified_gmt":"2025-04-23T12:44:08","slug":"esthetiques-du-care-pour-lanthropocene","status":"publish","type":"product","link":"https:\/\/www.booksonthemove.fr\/en\/produit\/esthetiques-du-care-pour-lanthropocene\/","title":{"rendered":"Esth\u00e9tiques du care pour l\u2019Anthropoc\u00e8ne"},"content":{"rendered":"<p>Est-ce qu\u2019il reste quelque chose \u00e0 faire? \u00c0 dire? \u00c0 r\u00e9fl\u00e9chir? Est-ce que nous pouvons continuer \u00e0 croire que des connaissances suffisent pour changer nos conduites, nos d\u00e9cisions? Qu\u2019est-ce qui a suffisamment de valeur pour nous, en tant qu\u2019humains, pour faire face aux urgences plan\u00e9taires?<\/p>\n<p>Cet ouvrage explore les dimensions imaginaires des diverses crises d\u2019habitabilit\u00e9 qui fa\u00e7onnent l\u2019\u00e9poque d\u00e9sign\u00e9e comme \u201cAnthropoc\u00e8ne\u201d. Il propose une r\u00e9ponse esth\u00e9tique \u00e0 une question morale. Penser l\u2019Anthropoc\u00e8ne depuis une perspective morale implique de nous demander comment nos d\u00e9cisions sont model\u00e9es et prises, selon quelles \u00e9chelles de valeur nous d\u00e9cidons ce qui compte et ce qui sera interpr\u00e9t\u00e9 comme secondaire, contextuel ou accessoire.<\/p>\n<p>\u00c0 partir d\u2019une lecture des crises des \u00e9thiques du <em>care<\/em>, cette analyse explore l\u2019hypoth\u00e8se que l\u2019Anthropoc\u00e8ne repose sur une dimension sensible et morale; que notre mani\u00e8re de d\u00e9sirer, d\u2019imaginer, et de r\u00eaver est aussi fa\u00e7onn\u00e9e de mani\u00e8re anthropoc\u00e9nique, tant au niveau individuel qu\u2019au niveau collectif.<\/p>\n<p>Les esth\u00e9tiques du <em>care<\/em> sont ici pr\u00e9sent\u00e9es comme des alternatives pratiqu\u00e9es dans le Sud global pour d\u00e9battre des imaginaires auxquels nous nous r\u00e9f\u00e9rons pour sentir-et-penser les crises. Elles sont tout \u00e0 la fois un concept et une pratique incarn\u00e9e. Ces pages ouvrent une option d\u00e9coloniale pour interpr\u00e9ter les crises et des possibles voies d\u2019action.<\/p>\n<p>En ce sens, il ouvre des alternatives au syst\u00e8me-monde moderne, qui homog\u00e9n\u00e9isant, n\u2019offre pas de place pour toutes et tous, car ce mod\u00e8le m\u00e8ne la plan\u00e8te \u00e0 un d\u00e9s\u00e9quilibre qui en menace la vie dans son ensemble.<br \/>\n\u2019il reste quelque chose \u00e0 faire? \u00c0 dire? \u00c0 r\u00e9fl\u00e9chir? Est-ce que nous pouvons continuer \u00e0 croire que des connaissances suffisent pour changer nos conduites, nos d\u00e9cisions? Qu\u2019est-ce qui a suffisamment de valeur pour nous, en tant qu\u2019humains, pour faire face aux urgences plan\u00e9taires?<\/p>\n<p>Cet ouvrage explore les dimensions imaginaires des diverses crises d\u2019habitabilit\u00e9 qui fa\u00e7onnent l\u2019\u00e9poque d\u00e9sign\u00e9e comme \u201cAnthropoc\u00e8ne\u201d. Il propose une r\u00e9ponse esth\u00e9tique \u00e0 une question morale. Penser l\u2019Anthropoc\u00e8ne depuis une perspective morale implique de nous demander comment nos d\u00e9cisions sont model\u00e9es et prises, selon quelles \u00e9chelles de valeur nous d\u00e9cidons ce qui compte et ce qui sera interpr\u00e9t\u00e9 comme secondaire, contextuel ou accessoire.<\/p>\n<p>\u00c0 partir d\u2019une lecture des crises des \u00e9thiques du <em>care<\/em>, cette analyse explore l\u2019hypoth\u00e8se que l\u2019Anthropoc\u00e8ne repose sur une dimension sensible et morale; que notre mani\u00e8re de d\u00e9sirer, d\u2019imaginer, et de r\u00eaver est aussi fa\u00e7onn\u00e9e de mani\u00e8re anthropoc\u00e9nique, tant au niveau individuel qu\u2019au niveau collectif.<\/p>\n<p>Les esth\u00e9tiques du <em>care<\/em> sont ici pr\u00e9sent\u00e9es comme des alternatives pratiqu\u00e9es dans le Sud global pour d\u00e9battre des imaginaires auxquels nous nous r\u00e9f\u00e9rons pour sentir-et-penser les crises. Elles sont tout \u00e0 la fois un concept et une pratique incarn\u00e9e. Ces pages ouvrent une option d\u00e9coloniale pour interpr\u00e9ter les crises et des possibles voies d\u2019action.<\/p>\n<p>En ce sens, il ouvre des alternatives au syst\u00e8me-monde moderne, qui homog\u00e9n\u00e9isant, n\u2019offre pas de place pour toutes et tous, car ce mod\u00e8le m\u00e8ne la plan\u00e8te \u00e0 un d\u00e9s\u00e9quilibre qui en menace la vie dans son ensemble.<\/p>\n","protected":false},"excerpt":{"rendered":"<p><b>AUTEURE :<\/b> Mar\u00eda Grace Salamanca Gonzal\u00e9z<br \/>\n<strong>EDITEUR : <\/strong>\u00c9cole urbaine de Lyon, Cit\u00e9 anthropoc\u00e8ne et \u00c9ditions deux-cent-cinq (2023)<\/p>\n<p><b>BROCH\u00c9\u00a0<\/b><strong>:<\/strong> 120 pages<br \/>\n<strong>LANGUE :<\/strong> Fran\u00e7ais<br \/>\n<strong>ISBN:<\/strong> 978\u20132\u2013919380\u201367\u20131<\/p>\n","protected":false},"featured_media":42720,"template":"","meta":[],"product_brand":[],"product_cat":[215,730,365,162],"product_tag":[],"class_list":{"0":"post-42721","1":"product","2":"type-product","3":"status-publish","4":"has-post-thumbnail","6":"product_cat-symposiums-conferences-en","7":"product_cat-anthropocene-en","8":"product_cat-care-en","9":"product_cat-french-en","11":"first","12":"instock","13":"taxable","14":"shipping-taxable","15":"purchasable","16":"product-type-simple"},"yoast_head":"<!-- This site is optimized with the Yoast SEO plugin v27.4 - https:\/\/yoast.com\/product\/yoast-seo-wordpress\/ -->\n<title>Esth\u00e9tiques du care pour l\u2019Anthropoc\u00e8ne - Books on the Move<\/title>\n<meta name=\"robots\" content=\"index, follow, max-snippet:-1, max-image-preview:large, max-video-preview:-1\" \/>\n<link rel=\"canonical\" href=\"https:\/\/www.booksonthemove.fr\/produit\/esthetiques-du-care-pour-lanthropocene\/\" \/>\n<meta property=\"og:locale\" content=\"en_US\" \/>\n<meta property=\"og:type\" content=\"article\" \/>\n<meta property=\"og:title\" content=\"Esth\u00e9tiques du care pour l\u2019Anthropoc\u00e8ne - Books on the Move\" \/>\n<meta property=\"og:description\" content=\"AUTEURE : Mar\u00eda Grace Salamanca Gonzal\u00e9z EDITEUR : \u00c9cole urbaine de Lyon, Cit\u00e9 anthropoc\u00e8ne et \u00c9ditions deux-cent-cinq (2023)  BROCH\u00c9\u00a0: 120 pages LANGUE : Fran\u00e7ais ISBN: 978\u20132\u2013919380\u201367\u20131\" \/>\n<meta property=\"og:url\" content=\"https:\/\/www.booksonthemove.fr\/produit\/esthetiques-du-care-pour-lanthropocene\/\" \/>\n<meta property=\"og:site_name\" content=\"Books on the Move\" \/>\n<meta property=\"article:publisher\" content=\"https:\/\/www.facebook.com\/Librairiebooksonthemove\/\" \/>\n<meta property=\"article:modified_time\" content=\"2025-04-23T12:44:08+00:00\" \/>\n<meta property=\"og:image\" content=\"https:\/\/www.booksonthemove.fr\/media\/bom_2740.jpeg\" \/>\n\t<meta property=\"og:image:width\" content=\"751\" \/>\n\t<meta property=\"og:image:height\" content=\"1280\" \/>\n\t<meta property=\"og:image:type\" content=\"image\/jpeg\" \/>\n<meta name=\"twitter:card\" content=\"summary_large_image\" \/>\n<script type=\"application\/ld+json\" class=\"yoast-schema-graph\">{\"@context\":\"https:\\\/\\\/schema.org\",\"@graph\":[{\"@type\":\"WebPage\",\"@id\":\"https:\\\/\\\/www.booksonthemove.fr\\\/produit\\\/esthetiques-du-care-pour-lanthropocene\\\/\",\"url\":\"https:\\\/\\\/www.booksonthemove.fr\\\/produit\\\/esthetiques-du-care-pour-lanthropocene\\\/\",\"name\":\"Esth\u00e9tiques du care pour l\u2019Anthropoc\u00e8ne - Books on the Move\",\"isPartOf\":{\"@id\":\"https:\\\/\\\/www.booksonthemove.fr\\\/#website\"},\"primaryImageOfPage\":{\"@id\":\"https:\\\/\\\/www.booksonthemove.fr\\\/produit\\\/esthetiques-du-care-pour-lanthropocene\\\/#primaryimage\"},\"image\":{\"@id\":\"https:\\\/\\\/www.booksonthemove.fr\\\/produit\\\/esthetiques-du-care-pour-lanthropocene\\\/#primaryimage\"},\"thumbnailUrl\":\"https:\\\/\\\/www.booksonthemove.fr\\\/media\\\/bom_2740.jpeg\",\"datePublished\":\"2024-04-10T21:10:24+00:00\",\"dateModified\":\"2025-04-23T12:44:08+00:00\",\"breadcrumb\":{\"@id\":\"https:\\\/\\\/www.booksonthemove.fr\\\/produit\\\/esthetiques-du-care-pour-lanthropocene\\\/#breadcrumb\"},\"inLanguage\":\"en-US\",\"potentialAction\":[{\"@type\":\"ReadAction\",\"target\":[\"https:\\\/\\\/www.booksonthemove.fr\\\/produit\\\/esthetiques-du-care-pour-lanthropocene\\\/\"]}]},{\"@type\":\"ImageObject\",\"inLanguage\":\"en-US\",\"@id\":\"https:\\\/\\\/www.booksonthemove.fr\\\/produit\\\/esthetiques-du-care-pour-lanthropocene\\\/#primaryimage\",\"url\":\"https:\\\/\\\/www.booksonthemove.fr\\\/media\\\/bom_2740.jpeg\",\"contentUrl\":\"https:\\\/\\\/www.booksonthemove.fr\\\/media\\\/bom_2740.jpeg\",\"width\":751,\"height\":1280},{\"@type\":\"BreadcrumbList\",\"@id\":\"https:\\\/\\\/www.booksonthemove.fr\\\/produit\\\/esthetiques-du-care-pour-lanthropocene\\\/#breadcrumb\",\"itemListElement\":[{\"@type\":\"ListItem\",\"position\":1,\"name\":\"Accueil\",\"item\":\"https:\\\/\\\/www.booksonthemove.fr\\\/en\\\/\"},{\"@type\":\"ListItem\",\"position\":2,\"name\":\"online store\",\"item\":\"https:\\\/\\\/www.booksonthemove.fr\\\/en\\\/online-shop\\\/\"},{\"@type\":\"ListItem\",\"position\":3,\"name\":\"Esth\u00e9tiques du care pour l\u2019Anthropoc\u00e8ne\"}]},{\"@type\":\"WebSite\",\"@id\":\"https:\\\/\\\/www.booksonthemove.fr\\\/#website\",\"url\":\"https:\\\/\\\/www.booksonthemove.fr\\\/\",\"name\":\"Books on the Move\",\"description\":\"librairie nomade - danse - mouvement - performance\",\"publisher\":{\"@id\":\"https:\\\/\\\/www.booksonthemove.fr\\\/#organization\"},\"potentialAction\":[{\"@type\":\"SearchAction\",\"target\":{\"@type\":\"EntryPoint\",\"urlTemplate\":\"https:\\\/\\\/www.booksonthemove.fr\\\/?s={search_term_string}\"},\"query-input\":{\"@type\":\"PropertyValueSpecification\",\"valueRequired\":true,\"valueName\":\"search_term_string\"}}],\"inLanguage\":\"en-US\"},{\"@type\":\"Organization\",\"@id\":\"https:\\\/\\\/www.booksonthemove.fr\\\/#organization\",\"name\":\"Books on the Move\",\"url\":\"https:\\\/\\\/www.booksonthemove.fr\\\/\",\"logo\":{\"@type\":\"ImageObject\",\"inLanguage\":\"en-US\",\"@id\":\"https:\\\/\\\/www.booksonthemove.fr\\\/#\\\/schema\\\/logo\\\/image\\\/\",\"url\":\"https:\\\/\\\/www.booksonthemove.fr\\\/media\\\/logo-NB-400.jpg\",\"contentUrl\":\"https:\\\/\\\/www.booksonthemove.fr\\\/media\\\/logo-NB-400.jpg\",\"width\":400,\"height\":143,\"caption\":\"Books on the Move\"},\"image\":{\"@id\":\"https:\\\/\\\/www.booksonthemove.fr\\\/#\\\/schema\\\/logo\\\/image\\\/\"},\"sameAs\":[\"https:\\\/\\\/www.facebook.com\\\/Librairiebooksonthemove\\\/\"]}]}<\/script>\n<!-- \/ Yoast SEO plugin. -->","yoast_head_json":{"title":"Esth\u00e9tiques du care pour l\u2019Anthropoc\u00e8ne - Books on the Move","robots":{"index":"index","follow":"follow","max-snippet":"max-snippet:-1","max-image-preview":"max-image-preview:large","max-video-preview":"max-video-preview:-1"},"canonical":"https:\/\/www.booksonthemove.fr\/produit\/esthetiques-du-care-pour-lanthropocene\/","og_locale":"en_US","og_type":"article","og_title":"Esth\u00e9tiques du care pour l\u2019Anthropoc\u00e8ne - Books on the Move","og_description":"AUTEURE : Mar\u00eda Grace Salamanca Gonzal\u00e9z EDITEUR : \u00c9cole urbaine de Lyon, Cit\u00e9 anthropoc\u00e8ne et \u00c9ditions deux-cent-cinq (2023)  BROCH\u00c9\u00a0: 120 pages LANGUE : Fran\u00e7ais ISBN: 978\u20132\u2013919380\u201367\u20131","og_url":"https:\/\/www.booksonthemove.fr\/produit\/esthetiques-du-care-pour-lanthropocene\/","og_site_name":"Books on the Move","article_publisher":"https:\/\/www.facebook.com\/Librairiebooksonthemove\/","article_modified_time":"2025-04-23T12:44:08+00:00","og_image":[{"width":751,"height":1280,"url":"https:\/\/www.booksonthemove.fr\/media\/bom_2740.jpeg","type":"image\/jpeg"}],"twitter_card":"summary_large_image","schema":{"@context":"https:\/\/schema.org","@graph":[{"@type":"WebPage","@id":"https:\/\/www.booksonthemove.fr\/produit\/esthetiques-du-care-pour-lanthropocene\/","url":"https:\/\/www.booksonthemove.fr\/produit\/esthetiques-du-care-pour-lanthropocene\/","name":"Esth\u00e9tiques du care pour l\u2019Anthropoc\u00e8ne - Books on the Move","isPartOf":{"@id":"https:\/\/www.booksonthemove.fr\/#website"},"primaryImageOfPage":{"@id":"https:\/\/www.booksonthemove.fr\/produit\/esthetiques-du-care-pour-lanthropocene\/#primaryimage"},"image":{"@id":"https:\/\/www.booksonthemove.fr\/produit\/esthetiques-du-care-pour-lanthropocene\/#primaryimage"},"thumbnailUrl":"https:\/\/www.booksonthemove.fr\/media\/bom_2740.jpeg","datePublished":"2024-04-10T21:10:24+00:00","dateModified":"2025-04-23T12:44:08+00:00","breadcrumb":{"@id":"https:\/\/www.booksonthemove.fr\/produit\/esthetiques-du-care-pour-lanthropocene\/#breadcrumb"},"inLanguage":"en-US","potentialAction":[{"@type":"ReadAction","target":["https:\/\/www.booksonthemove.fr\/produit\/esthetiques-du-care-pour-lanthropocene\/"]}]},{"@type":"ImageObject","inLanguage":"en-US","@id":"https:\/\/www.booksonthemove.fr\/produit\/esthetiques-du-care-pour-lanthropocene\/#primaryimage","url":"https:\/\/www.booksonthemove.fr\/media\/bom_2740.jpeg","contentUrl":"https:\/\/www.booksonthemove.fr\/media\/bom_2740.jpeg","width":751,"height":1280},{"@type":"BreadcrumbList","@id":"https:\/\/www.booksonthemove.fr\/produit\/esthetiques-du-care-pour-lanthropocene\/#breadcrumb","itemListElement":[{"@type":"ListItem","position":1,"name":"Accueil","item":"https:\/\/www.booksonthemove.fr\/en\/"},{"@type":"ListItem","position":2,"name":"online store","item":"https:\/\/www.booksonthemove.fr\/en\/online-shop\/"},{"@type":"ListItem","position":3,"name":"Esth\u00e9tiques du care pour l\u2019Anthropoc\u00e8ne"}]},{"@type":"WebSite","@id":"https:\/\/www.booksonthemove.fr\/#website","url":"https:\/\/www.booksonthemove.fr\/","name":"Books on the Move","description":"librairie nomade - danse - mouvement - performance","publisher":{"@id":"https:\/\/www.booksonthemove.fr\/#organization"},"potentialAction":[{"@type":"SearchAction","target":{"@type":"EntryPoint","urlTemplate":"https:\/\/www.booksonthemove.fr\/?s={search_term_string}"},"query-input":{"@type":"PropertyValueSpecification","valueRequired":true,"valueName":"search_term_string"}}],"inLanguage":"en-US"},{"@type":"Organization","@id":"https:\/\/www.booksonthemove.fr\/#organization","name":"Books on the Move","url":"https:\/\/www.booksonthemove.fr\/","logo":{"@type":"ImageObject","inLanguage":"en-US","@id":"https:\/\/www.booksonthemove.fr\/#\/schema\/logo\/image\/","url":"https:\/\/www.booksonthemove.fr\/media\/logo-NB-400.jpg","contentUrl":"https:\/\/www.booksonthemove.fr\/media\/logo-NB-400.jpg","width":400,"height":143,"caption":"Books on the Move"},"image":{"@id":"https:\/\/www.booksonthemove.fr\/#\/schema\/logo\/image\/"},"sameAs":["https:\/\/www.facebook.com\/Librairiebooksonthemove\/"]}]}},"_links":{"self":[{"href":"https:\/\/www.booksonthemove.fr\/en\/wp-json\/wp\/v2\/product\/42721","targetHints":{"allow":["GET"]}}],"collection":[{"href":"https:\/\/www.booksonthemove.fr\/en\/wp-json\/wp\/v2\/product"}],"about":[{"href":"https:\/\/www.booksonthemove.fr\/en\/wp-json\/wp\/v2\/types\/product"}],"wp:featuredmedia":[{"embeddable":true,"href":"https:\/\/www.booksonthemove.fr\/en\/wp-json\/wp\/v2\/media\/42720"}],"wp:attachment":[{"href":"https:\/\/www.booksonthemove.fr\/en\/wp-json\/wp\/v2\/media?parent=42721"}],"wp:term":[{"taxonomy":"product_brand","embeddable":true,"href":"https:\/\/www.booksonthemove.fr\/en\/wp-json\/wp\/v2\/product_brand?post=42721"},{"taxonomy":"product_cat","embeddable":true,"href":"https:\/\/www.booksonthemove.fr\/en\/wp-json\/wp\/v2\/product_cat?post=42721"},{"taxonomy":"product_tag","embeddable":true,"href":"https:\/\/www.booksonthemove.fr\/en\/wp-json\/wp\/v2\/product_tag?post=42721"}],"curies":[{"name":"wp","href":"https:\/\/api.w.org\/{rel}","templated":true}]}}