{"id":42916,"date":"2024-05-10T10:05:19","date_gmt":"2024-05-10T08:05:19","guid":{"rendered":"https:\/\/www.booksonthemove.fr\/produit\/face-a-gaia-huit-conferences-sur-le-nouveau-regime-climatique\/"},"modified":"2024-05-22T23:02:05","modified_gmt":"2024-05-22T21:02:05","slug":"face-a-gaia-huit-conferences-sur-le-nouveau-regime-climatique","status":"publish","type":"product","link":"https:\/\/www.booksonthemove.fr\/en\/produit\/face-a-gaia-huit-conferences-sur-le-nouveau-regime-climatique\/","title":{"rendered":"Face \u00e0 Ga\u00efa &#8211; Huit conf\u00e9rences sur le nouveau r\u00e9gime climatique"},"content":{"rendered":"<p>James Lovelock n&#8217;a pas eu de chance avec l&#8217;hypoth\u00e8se Ga\u00efa. En nommant par ce vieux mythe grec le syst\u00e8me fragile et complexe par lequel les ph\u00e9nom\u00e8nes vivants modifient la Terre, on a cru qu&#8217;il parlait d&#8217;un organisme unique, d&#8217;un thermostat g\u00e9ant, voire d&#8217;une Providence divine. Rien n&#8217;\u00e9tait plus \u00e9loign\u00e9 de sa tentative. Ga\u00efa n&#8217;est pas le Globe, n&#8217;est pas la Terre-M\u00e8re, n&#8217;est pas une d\u00e9esse pa\u00efenne, mais elle n&#8217;est pas non plus la Nature, telle qu&#8217;on l&#8217;imagine depuis le XVIIe si\u00e8cle, cette Nature qui sert de pendant \u00e0 la subjectivit\u00e9 humaine. La Nature constituait l&#8217;arri\u00e8re-plan de nos actions.<br \/>\nOr, \u00e0 cause des effets impr\u00e9vus de l&#8217;histoire humaine, ce que nous regroupions sous le nom de Nature quitte l&#8217;arri\u00e8re-plan et monte sur sc\u00e8ne. L&#8217;air, les oc\u00e9ans, les glaciers, le climat, les sols, tout ce que nous avons rendu instable, interagit avec nous. Nous sommes entr\u00e9s dans la g\u00e9ohistoire. C&#8217;est l&#8217;\u00e9poque de l&#8217;Anthropoc\u00e8ne. Avec le risque d&#8217;une guerre de tous contre tous.<br \/>\nL&#8217;ancienne Nature dispara\u00eet et laisse la place \u00e0 un \u00eatre dont il est difficile de pr\u00e9voir les manifestations. Cet \u00eatre, loin d&#8217;\u00eatre stable et rassurant, semble constitu\u00e9 d&#8217;un ensemble de boucles de r\u00e9troactions en perp\u00e9tuel bouleversement. Ga\u00efa est le nom qui lui convient le mieux.<br \/>\nEn explorant les mille figures de Ga\u00efa, on peut d\u00e9plier tout ce que la notion de Nature avait confondu : une \u00e9thique, une politique, une \u00e9trange conception des sciences et, surtout, une \u00e9conomie et m\u00eame une th\u00e9ologie.<\/p>\n","protected":false},"excerpt":{"rendered":"<p><b>AUTEUR : <\/b>Bruno Latour<br \/>\n<b>EDITEUR : <\/b>La D\u00e9couverte (2015)<\/p>\n<p><strong>BROCH\u00c9 :<\/strong>\u00a0400 pages<br \/>\n<b>LANGUE : <\/b>Fran\u00e7ais<br \/>\n<strong>ISBN13 :<\/strong> 9782359251081<\/p>\n","protected":false},"featured_media":42915,"template":"","meta":[],"product_brand":[],"product_cat":[730,209,162,222],"product_tag":[],"class_list":{"0":"post-42916","1":"product","2":"type-product","3":"status-publish","4":"has-post-thumbnail","6":"product_cat-anthropocene-en","7":"product_cat-environment-en","8":"product_cat-french-en","9":"product_cat-social-studies-en","11":"first","12":"instock","13":"taxable","14":"shipping-taxable","15":"purchasable","16":"product-type-simple"},"yoast_head":"<!-- This site is optimized with the Yoast SEO plugin v27.4 - https:\/\/yoast.com\/product\/yoast-seo-wordpress\/ -->\n<title>Face \u00e0 Ga\u00efa - Huit conf\u00e9rences sur le nouveau r\u00e9gime climatique - Books on the Move<\/title>\n<meta name=\"robots\" content=\"index, follow, max-snippet:-1, max-image-preview:large, max-video-preview:-1\" \/>\n<link rel=\"canonical\" href=\"https:\/\/www.booksonthemove.fr\/produit\/face-a-gaia-huit-conferences-sur-le-nouveau-regime-climatique\/\" \/>\n<meta property=\"og:locale\" content=\"en_US\" \/>\n<meta property=\"og:type\" content=\"article\" \/>\n<meta property=\"og:title\" content=\"Face \u00e0 Ga\u00efa - Huit conf\u00e9rences sur le nouveau r\u00e9gime climatique - Books on the Move\" \/>\n<meta property=\"og:description\" content=\"AUTEUR : Bruno Latour EDITEUR : La D\u00e9couverte (2015)  BROCH\u00c9 :\u00a0400 pages LANGUE : Fran\u00e7ais ISBN13 : 9782359251081\" \/>\n<meta property=\"og:url\" content=\"https:\/\/www.booksonthemove.fr\/produit\/face-a-gaia-huit-conferences-sur-le-nouveau-regime-climatique\/\" \/>\n<meta property=\"og:site_name\" content=\"Books on the Move\" \/>\n<meta property=\"article:publisher\" content=\"https:\/\/www.facebook.com\/Librairiebooksonthemove\/\" \/>\n<meta property=\"article:modified_time\" content=\"2024-05-22T21:02:05+00:00\" \/>\n<meta property=\"og:image\" content=\"https:\/\/www.booksonthemove.fr\/media\/bom_2711.jpeg\" \/>\n\t<meta property=\"og:image:width\" content=\"580\" \/>\n\t<meta property=\"og:image:height\" content=\"900\" \/>\n\t<meta property=\"og:image:type\" content=\"image\/jpeg\" \/>\n<meta name=\"twitter:card\" content=\"summary_large_image\" \/>\n<script type=\"application\/ld+json\" class=\"yoast-schema-graph\">{\"@context\":\"https:\\\/\\\/schema.org\",\"@graph\":[{\"@type\":\"WebPage\",\"@id\":\"https:\\\/\\\/www.booksonthemove.fr\\\/produit\\\/face-a-gaia-huit-conferences-sur-le-nouveau-regime-climatique\\\/\",\"url\":\"https:\\\/\\\/www.booksonthemove.fr\\\/produit\\\/face-a-gaia-huit-conferences-sur-le-nouveau-regime-climatique\\\/\",\"name\":\"Face \u00e0 Ga\u00efa - Huit conf\u00e9rences sur le nouveau r\u00e9gime climatique - Books on the Move\",\"isPartOf\":{\"@id\":\"https:\\\/\\\/www.booksonthemove.fr\\\/#website\"},\"primaryImageOfPage\":{\"@id\":\"https:\\\/\\\/www.booksonthemove.fr\\\/produit\\\/face-a-gaia-huit-conferences-sur-le-nouveau-regime-climatique\\\/#primaryimage\"},\"image\":{\"@id\":\"https:\\\/\\\/www.booksonthemove.fr\\\/produit\\\/face-a-gaia-huit-conferences-sur-le-nouveau-regime-climatique\\\/#primaryimage\"},\"thumbnailUrl\":\"https:\\\/\\\/www.booksonthemove.fr\\\/media\\\/bom_2711.jpeg\",\"datePublished\":\"2024-05-10T08:05:19+00:00\",\"dateModified\":\"2024-05-22T21:02:05+00:00\",\"breadcrumb\":{\"@id\":\"https:\\\/\\\/www.booksonthemove.fr\\\/produit\\\/face-a-gaia-huit-conferences-sur-le-nouveau-regime-climatique\\\/#breadcrumb\"},\"inLanguage\":\"en-US\",\"potentialAction\":[{\"@type\":\"ReadAction\",\"target\":[\"https:\\\/\\\/www.booksonthemove.fr\\\/produit\\\/face-a-gaia-huit-conferences-sur-le-nouveau-regime-climatique\\\/\"]}]},{\"@type\":\"ImageObject\",\"inLanguage\":\"en-US\",\"@id\":\"https:\\\/\\\/www.booksonthemove.fr\\\/produit\\\/face-a-gaia-huit-conferences-sur-le-nouveau-regime-climatique\\\/#primaryimage\",\"url\":\"https:\\\/\\\/www.booksonthemove.fr\\\/media\\\/bom_2711.jpeg\",\"contentUrl\":\"https:\\\/\\\/www.booksonthemove.fr\\\/media\\\/bom_2711.jpeg\",\"width\":580,\"height\":900},{\"@type\":\"BreadcrumbList\",\"@id\":\"https:\\\/\\\/www.booksonthemove.fr\\\/produit\\\/face-a-gaia-huit-conferences-sur-le-nouveau-regime-climatique\\\/#breadcrumb\",\"itemListElement\":[{\"@type\":\"ListItem\",\"position\":1,\"name\":\"Accueil\",\"item\":\"https:\\\/\\\/www.booksonthemove.fr\\\/en\\\/\"},{\"@type\":\"ListItem\",\"position\":2,\"name\":\"online store\",\"item\":\"https:\\\/\\\/www.booksonthemove.fr\\\/en\\\/online-shop\\\/\"},{\"@type\":\"ListItem\",\"position\":3,\"name\":\"Face \u00e0 Ga\u00efa &#8211; Huit conf\u00e9rences sur le nouveau r\u00e9gime climatique\"}]},{\"@type\":\"WebSite\",\"@id\":\"https:\\\/\\\/www.booksonthemove.fr\\\/#website\",\"url\":\"https:\\\/\\\/www.booksonthemove.fr\\\/\",\"name\":\"Books on the Move\",\"description\":\"librairie nomade - danse - mouvement - performance\",\"publisher\":{\"@id\":\"https:\\\/\\\/www.booksonthemove.fr\\\/#organization\"},\"potentialAction\":[{\"@type\":\"SearchAction\",\"target\":{\"@type\":\"EntryPoint\",\"urlTemplate\":\"https:\\\/\\\/www.booksonthemove.fr\\\/?s={search_term_string}\"},\"query-input\":{\"@type\":\"PropertyValueSpecification\",\"valueRequired\":true,\"valueName\":\"search_term_string\"}}],\"inLanguage\":\"en-US\"},{\"@type\":\"Organization\",\"@id\":\"https:\\\/\\\/www.booksonthemove.fr\\\/#organization\",\"name\":\"Books on the Move\",\"url\":\"https:\\\/\\\/www.booksonthemove.fr\\\/\",\"logo\":{\"@type\":\"ImageObject\",\"inLanguage\":\"en-US\",\"@id\":\"https:\\\/\\\/www.booksonthemove.fr\\\/#\\\/schema\\\/logo\\\/image\\\/\",\"url\":\"https:\\\/\\\/www.booksonthemove.fr\\\/media\\\/logo-NB-400.jpg\",\"contentUrl\":\"https:\\\/\\\/www.booksonthemove.fr\\\/media\\\/logo-NB-400.jpg\",\"width\":400,\"height\":143,\"caption\":\"Books on the Move\"},\"image\":{\"@id\":\"https:\\\/\\\/www.booksonthemove.fr\\\/#\\\/schema\\\/logo\\\/image\\\/\"},\"sameAs\":[\"https:\\\/\\\/www.facebook.com\\\/Librairiebooksonthemove\\\/\"]}]}<\/script>\n<!-- \/ Yoast SEO plugin. -->","yoast_head_json":{"title":"Face \u00e0 Ga\u00efa - Huit conf\u00e9rences sur le nouveau r\u00e9gime climatique - Books on the Move","robots":{"index":"index","follow":"follow","max-snippet":"max-snippet:-1","max-image-preview":"max-image-preview:large","max-video-preview":"max-video-preview:-1"},"canonical":"https:\/\/www.booksonthemove.fr\/produit\/face-a-gaia-huit-conferences-sur-le-nouveau-regime-climatique\/","og_locale":"en_US","og_type":"article","og_title":"Face \u00e0 Ga\u00efa - Huit conf\u00e9rences sur le nouveau r\u00e9gime climatique - Books on the Move","og_description":"AUTEUR : Bruno Latour EDITEUR : La D\u00e9couverte (2015)  BROCH\u00c9 :\u00a0400 pages LANGUE : Fran\u00e7ais ISBN13 : 9782359251081","og_url":"https:\/\/www.booksonthemove.fr\/produit\/face-a-gaia-huit-conferences-sur-le-nouveau-regime-climatique\/","og_site_name":"Books on the Move","article_publisher":"https:\/\/www.facebook.com\/Librairiebooksonthemove\/","article_modified_time":"2024-05-22T21:02:05+00:00","og_image":[{"width":580,"height":900,"url":"https:\/\/www.booksonthemove.fr\/media\/bom_2711.jpeg","type":"image\/jpeg"}],"twitter_card":"summary_large_image","schema":{"@context":"https:\/\/schema.org","@graph":[{"@type":"WebPage","@id":"https:\/\/www.booksonthemove.fr\/produit\/face-a-gaia-huit-conferences-sur-le-nouveau-regime-climatique\/","url":"https:\/\/www.booksonthemove.fr\/produit\/face-a-gaia-huit-conferences-sur-le-nouveau-regime-climatique\/","name":"Face \u00e0 Ga\u00efa - Huit conf\u00e9rences sur le nouveau r\u00e9gime climatique - Books on the Move","isPartOf":{"@id":"https:\/\/www.booksonthemove.fr\/#website"},"primaryImageOfPage":{"@id":"https:\/\/www.booksonthemove.fr\/produit\/face-a-gaia-huit-conferences-sur-le-nouveau-regime-climatique\/#primaryimage"},"image":{"@id":"https:\/\/www.booksonthemove.fr\/produit\/face-a-gaia-huit-conferences-sur-le-nouveau-regime-climatique\/#primaryimage"},"thumbnailUrl":"https:\/\/www.booksonthemove.fr\/media\/bom_2711.jpeg","datePublished":"2024-05-10T08:05:19+00:00","dateModified":"2024-05-22T21:02:05+00:00","breadcrumb":{"@id":"https:\/\/www.booksonthemove.fr\/produit\/face-a-gaia-huit-conferences-sur-le-nouveau-regime-climatique\/#breadcrumb"},"inLanguage":"en-US","potentialAction":[{"@type":"ReadAction","target":["https:\/\/www.booksonthemove.fr\/produit\/face-a-gaia-huit-conferences-sur-le-nouveau-regime-climatique\/"]}]},{"@type":"ImageObject","inLanguage":"en-US","@id":"https:\/\/www.booksonthemove.fr\/produit\/face-a-gaia-huit-conferences-sur-le-nouveau-regime-climatique\/#primaryimage","url":"https:\/\/www.booksonthemove.fr\/media\/bom_2711.jpeg","contentUrl":"https:\/\/www.booksonthemove.fr\/media\/bom_2711.jpeg","width":580,"height":900},{"@type":"BreadcrumbList","@id":"https:\/\/www.booksonthemove.fr\/produit\/face-a-gaia-huit-conferences-sur-le-nouveau-regime-climatique\/#breadcrumb","itemListElement":[{"@type":"ListItem","position":1,"name":"Accueil","item":"https:\/\/www.booksonthemove.fr\/en\/"},{"@type":"ListItem","position":2,"name":"online store","item":"https:\/\/www.booksonthemove.fr\/en\/online-shop\/"},{"@type":"ListItem","position":3,"name":"Face \u00e0 Ga\u00efa &#8211; Huit conf\u00e9rences sur le nouveau r\u00e9gime climatique"}]},{"@type":"WebSite","@id":"https:\/\/www.booksonthemove.fr\/#website","url":"https:\/\/www.booksonthemove.fr\/","name":"Books on the Move","description":"librairie nomade - danse - mouvement - performance","publisher":{"@id":"https:\/\/www.booksonthemove.fr\/#organization"},"potentialAction":[{"@type":"SearchAction","target":{"@type":"EntryPoint","urlTemplate":"https:\/\/www.booksonthemove.fr\/?s={search_term_string}"},"query-input":{"@type":"PropertyValueSpecification","valueRequired":true,"valueName":"search_term_string"}}],"inLanguage":"en-US"},{"@type":"Organization","@id":"https:\/\/www.booksonthemove.fr\/#organization","name":"Books on the Move","url":"https:\/\/www.booksonthemove.fr\/","logo":{"@type":"ImageObject","inLanguage":"en-US","@id":"https:\/\/www.booksonthemove.fr\/#\/schema\/logo\/image\/","url":"https:\/\/www.booksonthemove.fr\/media\/logo-NB-400.jpg","contentUrl":"https:\/\/www.booksonthemove.fr\/media\/logo-NB-400.jpg","width":400,"height":143,"caption":"Books on the Move"},"image":{"@id":"https:\/\/www.booksonthemove.fr\/#\/schema\/logo\/image\/"},"sameAs":["https:\/\/www.facebook.com\/Librairiebooksonthemove\/"]}]}},"_links":{"self":[{"href":"https:\/\/www.booksonthemove.fr\/en\/wp-json\/wp\/v2\/product\/42916","targetHints":{"allow":["GET"]}}],"collection":[{"href":"https:\/\/www.booksonthemove.fr\/en\/wp-json\/wp\/v2\/product"}],"about":[{"href":"https:\/\/www.booksonthemove.fr\/en\/wp-json\/wp\/v2\/types\/product"}],"wp:featuredmedia":[{"embeddable":true,"href":"https:\/\/www.booksonthemove.fr\/en\/wp-json\/wp\/v2\/media\/42915"}],"wp:attachment":[{"href":"https:\/\/www.booksonthemove.fr\/en\/wp-json\/wp\/v2\/media?parent=42916"}],"wp:term":[{"taxonomy":"product_brand","embeddable":true,"href":"https:\/\/www.booksonthemove.fr\/en\/wp-json\/wp\/v2\/product_brand?post=42916"},{"taxonomy":"product_cat","embeddable":true,"href":"https:\/\/www.booksonthemove.fr\/en\/wp-json\/wp\/v2\/product_cat?post=42916"},{"taxonomy":"product_tag","embeddable":true,"href":"https:\/\/www.booksonthemove.fr\/en\/wp-json\/wp\/v2\/product_tag?post=42916"}],"curies":[{"name":"wp","href":"https:\/\/api.w.org\/{rel}","templated":true}]}}