{"id":42924,"date":"2024-05-10T10:54:12","date_gmt":"2024-05-10T08:54:12","guid":{"rendered":"https:\/\/www.booksonthemove.fr\/produit\/puissances-de-lenquete-lecole-des-arts-politiques\/"},"modified":"2025-01-27T16:51:24","modified_gmt":"2025-01-27T15:51:24","slug":"puissances-de-lenquete-lecole-des-arts-politiques","status":"publish","type":"product","link":"https:\/\/www.booksonthemove.fr\/en\/produit\/puissances-de-lenquete-lecole-des-arts-politiques\/","title":{"rendered":"Puissances de l&#8217;enqu\u00eate &#8211; L&#8217;\u00e9cole des arts politiques"},"content":{"rendered":"<p>\u00ab La politique n\u2019est pas une science et ne pourra jamais l\u2019\u00eatre, quelque nom qu\u2019on lui donne et \u00e0 quelque science que l\u2019on se voue. C\u2019est un art, ou plut\u00f4t des arts, ce qu\u2019on appelle justement les arts politiques. \u00bb (Bruno Latour)<\/p>\n<p>Le monde n\u2019est pas \u00e0 d\u00e9couvrir, mais \u00e0 composer, \u00e0 faire, \u00e0 instaurer. Il faut apprendre \u00e0 enqu\u00eater, r\u00e9inventer nos mani\u00e8res de voir, de penser et d\u2019agir. Cela implique d\u2019allier les savoirs et les pratiques de chercheurs, philosophes, historiens, sociologues, \u00e9conomistes, anthropologues, sp\u00e9cialistes de l\u2019environnement aux comp\u00e9tences d\u2019artistes de tous domaines (plasticiens, \u00e9crivains, musiciens, danseurs, dramaturges, com\u00e9diens, cin\u00e9astes\u2026), d\u2019architectes,\u00a0de designers, d\u2019urbanistes.<\/p>\n<p>Ce livre retrace l\u2019histoire de l\u2019\u00c9cole des Arts politiques cr\u00e9\u00e9e en 2010 au sein de Sciences Po. Une exp\u00e9rience qui permet d\u2019entra\u00eener des acteurs de la vie publique \u00e0 des pratiques d\u2019enqu\u00eate. La description est au coeur du projet p\u00e9dagogique. Au lieu de r\u00e9pondre trop vite aux questions, il s\u2019agit d\u2019apprendre \u00e0 en comprendre les v\u00e9ritables m\u00e9canismes, les enjeux plus ou moins enfouis, les int\u00e9r\u00eats qui s\u2019y attachent. Cette \u00e9cole novatrice, qui propose de nouvelles mani\u00e8res d\u2019enseigner les arts politiques, a permis \u00e0 ses \u00e9l\u00e8ves de modifier en profondeur leurs pratiques professionnelles et citoyennes. Elle constitue depuis sa cr\u00e9ation une source d\u2019inspiration pour beaucoup d\u2019autres lieux d\u2019enseignement et de recherche.<\/p>\n","protected":false},"excerpt":{"rendered":"<p><b>AUTEUR\u00b7ES : <\/b>Sous la direction de Fr\u00e9d\u00e9rique A\u00eft-Touati, Jean-Michel Frodon, Bruno Latour et Donato Ricci<br \/>\n<b>EDITEUR : <\/b>\u00c9ditions Les liens qui lib\u00e8rent (2022)<\/p>\n<p><strong>BROCH\u00c9 :<\/strong>\u00a0352 pages<br \/>\n<b>LANGUE : <\/b>Fran\u00e7ais<br \/>\n<strong>ISBN13 :<\/strong> 979-10-209-1115-5<\/p>\n","protected":false},"featured_media":42923,"template":"","meta":[],"product_brand":[],"product_cat":[162,148],"product_tag":[],"class_list":{"0":"post-42924","1":"product","2":"type-product","3":"status-publish","4":"has-post-thumbnail","6":"product_cat-french-en","7":"product_cat-politics-en","9":"first","10":"instock","11":"taxable","12":"shipping-taxable","13":"purchasable","14":"product-type-simple"},"yoast_head":"<!-- This site is optimized with the Yoast SEO plugin v27.4 - https:\/\/yoast.com\/product\/yoast-seo-wordpress\/ -->\n<title>Puissances de l&#039;enqu\u00eate - L&#039;\u00e9cole des arts politiques - Books on the Move<\/title>\n<meta name=\"robots\" content=\"index, follow, max-snippet:-1, max-image-preview:large, max-video-preview:-1\" \/>\n<link rel=\"canonical\" href=\"https:\/\/www.booksonthemove.fr\/produit\/puissances-de-lenquete-lecole-des-arts-politiques\/\" \/>\n<meta property=\"og:locale\" content=\"en_US\" \/>\n<meta property=\"og:type\" content=\"article\" \/>\n<meta property=\"og:title\" content=\"Puissances de l&#039;enqu\u00eate - L&#039;\u00e9cole des arts politiques - Books on the Move\" \/>\n<meta property=\"og:description\" content=\"AUTEUR\u00b7ES : Sous la direction de Fr\u00e9d\u00e9rique A\u00eft-Touati, Jean-Michel Frodon, Bruno Latour et Donato Ricci EDITEUR : \u00c9ditions Les liens qui lib\u00e8rent (2022)  BROCH\u00c9 :\u00a0352 pages LANGUE : Fran\u00e7ais ISBN13 : 979-10-209-1115-5\" \/>\n<meta property=\"og:url\" content=\"https:\/\/www.booksonthemove.fr\/produit\/puissances-de-lenquete-lecole-des-arts-politiques\/\" \/>\n<meta property=\"og:site_name\" content=\"Books on the Move\" \/>\n<meta property=\"article:publisher\" content=\"https:\/\/www.facebook.com\/Librairiebooksonthemove\/\" \/>\n<meta property=\"article:modified_time\" content=\"2025-01-27T15:51:24+00:00\" \/>\n<meta property=\"og:image\" content=\"https:\/\/www.booksonthemove.fr\/media\/bom_2731.jpeg\" \/>\n\t<meta property=\"og:image:width\" content=\"667\" \/>\n\t<meta property=\"og:image:height\" content=\"900\" \/>\n\t<meta property=\"og:image:type\" content=\"image\/jpeg\" \/>\n<meta name=\"twitter:card\" content=\"summary_large_image\" \/>\n<script type=\"application\/ld+json\" class=\"yoast-schema-graph\">{\"@context\":\"https:\\\/\\\/schema.org\",\"@graph\":[{\"@type\":\"WebPage\",\"@id\":\"https:\\\/\\\/www.booksonthemove.fr\\\/produit\\\/puissances-de-lenquete-lecole-des-arts-politiques\\\/\",\"url\":\"https:\\\/\\\/www.booksonthemove.fr\\\/produit\\\/puissances-de-lenquete-lecole-des-arts-politiques\\\/\",\"name\":\"Puissances de l'enqu\u00eate - L'\u00e9cole des arts politiques - Books on the Move\",\"isPartOf\":{\"@id\":\"https:\\\/\\\/www.booksonthemove.fr\\\/#website\"},\"primaryImageOfPage\":{\"@id\":\"https:\\\/\\\/www.booksonthemove.fr\\\/produit\\\/puissances-de-lenquete-lecole-des-arts-politiques\\\/#primaryimage\"},\"image\":{\"@id\":\"https:\\\/\\\/www.booksonthemove.fr\\\/produit\\\/puissances-de-lenquete-lecole-des-arts-politiques\\\/#primaryimage\"},\"thumbnailUrl\":\"https:\\\/\\\/www.booksonthemove.fr\\\/media\\\/bom_2731.jpeg\",\"datePublished\":\"2024-05-10T08:54:12+00:00\",\"dateModified\":\"2025-01-27T15:51:24+00:00\",\"breadcrumb\":{\"@id\":\"https:\\\/\\\/www.booksonthemove.fr\\\/produit\\\/puissances-de-lenquete-lecole-des-arts-politiques\\\/#breadcrumb\"},\"inLanguage\":\"en-US\",\"potentialAction\":[{\"@type\":\"ReadAction\",\"target\":[\"https:\\\/\\\/www.booksonthemove.fr\\\/produit\\\/puissances-de-lenquete-lecole-des-arts-politiques\\\/\"]}]},{\"@type\":\"ImageObject\",\"inLanguage\":\"en-US\",\"@id\":\"https:\\\/\\\/www.booksonthemove.fr\\\/produit\\\/puissances-de-lenquete-lecole-des-arts-politiques\\\/#primaryimage\",\"url\":\"https:\\\/\\\/www.booksonthemove.fr\\\/media\\\/bom_2731.jpeg\",\"contentUrl\":\"https:\\\/\\\/www.booksonthemove.fr\\\/media\\\/bom_2731.jpeg\",\"width\":667,\"height\":900,\"caption\":\"Screenshot\"},{\"@type\":\"BreadcrumbList\",\"@id\":\"https:\\\/\\\/www.booksonthemove.fr\\\/produit\\\/puissances-de-lenquete-lecole-des-arts-politiques\\\/#breadcrumb\",\"itemListElement\":[{\"@type\":\"ListItem\",\"position\":1,\"name\":\"Accueil\",\"item\":\"https:\\\/\\\/www.booksonthemove.fr\\\/en\\\/\"},{\"@type\":\"ListItem\",\"position\":2,\"name\":\"online store\",\"item\":\"https:\\\/\\\/www.booksonthemove.fr\\\/en\\\/online-shop\\\/\"},{\"@type\":\"ListItem\",\"position\":3,\"name\":\"Puissances de l&rsquo;enqu\u00eate &#8211; L&rsquo;\u00e9cole des arts politiques\"}]},{\"@type\":\"WebSite\",\"@id\":\"https:\\\/\\\/www.booksonthemove.fr\\\/#website\",\"url\":\"https:\\\/\\\/www.booksonthemove.fr\\\/\",\"name\":\"Books on the Move\",\"description\":\"librairie nomade - danse - mouvement - performance\",\"publisher\":{\"@id\":\"https:\\\/\\\/www.booksonthemove.fr\\\/#organization\"},\"potentialAction\":[{\"@type\":\"SearchAction\",\"target\":{\"@type\":\"EntryPoint\",\"urlTemplate\":\"https:\\\/\\\/www.booksonthemove.fr\\\/?s={search_term_string}\"},\"query-input\":{\"@type\":\"PropertyValueSpecification\",\"valueRequired\":true,\"valueName\":\"search_term_string\"}}],\"inLanguage\":\"en-US\"},{\"@type\":\"Organization\",\"@id\":\"https:\\\/\\\/www.booksonthemove.fr\\\/#organization\",\"name\":\"Books on the Move\",\"url\":\"https:\\\/\\\/www.booksonthemove.fr\\\/\",\"logo\":{\"@type\":\"ImageObject\",\"inLanguage\":\"en-US\",\"@id\":\"https:\\\/\\\/www.booksonthemove.fr\\\/#\\\/schema\\\/logo\\\/image\\\/\",\"url\":\"https:\\\/\\\/www.booksonthemove.fr\\\/media\\\/logo-NB-400.jpg\",\"contentUrl\":\"https:\\\/\\\/www.booksonthemove.fr\\\/media\\\/logo-NB-400.jpg\",\"width\":400,\"height\":143,\"caption\":\"Books on the Move\"},\"image\":{\"@id\":\"https:\\\/\\\/www.booksonthemove.fr\\\/#\\\/schema\\\/logo\\\/image\\\/\"},\"sameAs\":[\"https:\\\/\\\/www.facebook.com\\\/Librairiebooksonthemove\\\/\"]}]}<\/script>\n<!-- \/ Yoast SEO plugin. -->","yoast_head_json":{"title":"Puissances de l'enqu\u00eate - L'\u00e9cole des arts politiques - Books on the Move","robots":{"index":"index","follow":"follow","max-snippet":"max-snippet:-1","max-image-preview":"max-image-preview:large","max-video-preview":"max-video-preview:-1"},"canonical":"https:\/\/www.booksonthemove.fr\/produit\/puissances-de-lenquete-lecole-des-arts-politiques\/","og_locale":"en_US","og_type":"article","og_title":"Puissances de l'enqu\u00eate - L'\u00e9cole des arts politiques - Books on the Move","og_description":"AUTEUR\u00b7ES : Sous la direction de Fr\u00e9d\u00e9rique A\u00eft-Touati, Jean-Michel Frodon, Bruno Latour et Donato Ricci EDITEUR : \u00c9ditions Les liens qui lib\u00e8rent (2022)  BROCH\u00c9 :\u00a0352 pages LANGUE : Fran\u00e7ais ISBN13 : 979-10-209-1115-5","og_url":"https:\/\/www.booksonthemove.fr\/produit\/puissances-de-lenquete-lecole-des-arts-politiques\/","og_site_name":"Books on the Move","article_publisher":"https:\/\/www.facebook.com\/Librairiebooksonthemove\/","article_modified_time":"2025-01-27T15:51:24+00:00","og_image":[{"width":667,"height":900,"url":"https:\/\/www.booksonthemove.fr\/media\/bom_2731.jpeg","type":"image\/jpeg"}],"twitter_card":"summary_large_image","schema":{"@context":"https:\/\/schema.org","@graph":[{"@type":"WebPage","@id":"https:\/\/www.booksonthemove.fr\/produit\/puissances-de-lenquete-lecole-des-arts-politiques\/","url":"https:\/\/www.booksonthemove.fr\/produit\/puissances-de-lenquete-lecole-des-arts-politiques\/","name":"Puissances de l'enqu\u00eate - L'\u00e9cole des arts politiques - Books on the Move","isPartOf":{"@id":"https:\/\/www.booksonthemove.fr\/#website"},"primaryImageOfPage":{"@id":"https:\/\/www.booksonthemove.fr\/produit\/puissances-de-lenquete-lecole-des-arts-politiques\/#primaryimage"},"image":{"@id":"https:\/\/www.booksonthemove.fr\/produit\/puissances-de-lenquete-lecole-des-arts-politiques\/#primaryimage"},"thumbnailUrl":"https:\/\/www.booksonthemove.fr\/media\/bom_2731.jpeg","datePublished":"2024-05-10T08:54:12+00:00","dateModified":"2025-01-27T15:51:24+00:00","breadcrumb":{"@id":"https:\/\/www.booksonthemove.fr\/produit\/puissances-de-lenquete-lecole-des-arts-politiques\/#breadcrumb"},"inLanguage":"en-US","potentialAction":[{"@type":"ReadAction","target":["https:\/\/www.booksonthemove.fr\/produit\/puissances-de-lenquete-lecole-des-arts-politiques\/"]}]},{"@type":"ImageObject","inLanguage":"en-US","@id":"https:\/\/www.booksonthemove.fr\/produit\/puissances-de-lenquete-lecole-des-arts-politiques\/#primaryimage","url":"https:\/\/www.booksonthemove.fr\/media\/bom_2731.jpeg","contentUrl":"https:\/\/www.booksonthemove.fr\/media\/bom_2731.jpeg","width":667,"height":900,"caption":"Screenshot"},{"@type":"BreadcrumbList","@id":"https:\/\/www.booksonthemove.fr\/produit\/puissances-de-lenquete-lecole-des-arts-politiques\/#breadcrumb","itemListElement":[{"@type":"ListItem","position":1,"name":"Accueil","item":"https:\/\/www.booksonthemove.fr\/en\/"},{"@type":"ListItem","position":2,"name":"online store","item":"https:\/\/www.booksonthemove.fr\/en\/online-shop\/"},{"@type":"ListItem","position":3,"name":"Puissances de l&rsquo;enqu\u00eate &#8211; L&rsquo;\u00e9cole des arts politiques"}]},{"@type":"WebSite","@id":"https:\/\/www.booksonthemove.fr\/#website","url":"https:\/\/www.booksonthemove.fr\/","name":"Books on the Move","description":"librairie nomade - danse - mouvement - performance","publisher":{"@id":"https:\/\/www.booksonthemove.fr\/#organization"},"potentialAction":[{"@type":"SearchAction","target":{"@type":"EntryPoint","urlTemplate":"https:\/\/www.booksonthemove.fr\/?s={search_term_string}"},"query-input":{"@type":"PropertyValueSpecification","valueRequired":true,"valueName":"search_term_string"}}],"inLanguage":"en-US"},{"@type":"Organization","@id":"https:\/\/www.booksonthemove.fr\/#organization","name":"Books on the Move","url":"https:\/\/www.booksonthemove.fr\/","logo":{"@type":"ImageObject","inLanguage":"en-US","@id":"https:\/\/www.booksonthemove.fr\/#\/schema\/logo\/image\/","url":"https:\/\/www.booksonthemove.fr\/media\/logo-NB-400.jpg","contentUrl":"https:\/\/www.booksonthemove.fr\/media\/logo-NB-400.jpg","width":400,"height":143,"caption":"Books on the Move"},"image":{"@id":"https:\/\/www.booksonthemove.fr\/#\/schema\/logo\/image\/"},"sameAs":["https:\/\/www.facebook.com\/Librairiebooksonthemove\/"]}]}},"_links":{"self":[{"href":"https:\/\/www.booksonthemove.fr\/en\/wp-json\/wp\/v2\/product\/42924","targetHints":{"allow":["GET"]}}],"collection":[{"href":"https:\/\/www.booksonthemove.fr\/en\/wp-json\/wp\/v2\/product"}],"about":[{"href":"https:\/\/www.booksonthemove.fr\/en\/wp-json\/wp\/v2\/types\/product"}],"wp:featuredmedia":[{"embeddable":true,"href":"https:\/\/www.booksonthemove.fr\/en\/wp-json\/wp\/v2\/media\/42923"}],"wp:attachment":[{"href":"https:\/\/www.booksonthemove.fr\/en\/wp-json\/wp\/v2\/media?parent=42924"}],"wp:term":[{"taxonomy":"product_brand","embeddable":true,"href":"https:\/\/www.booksonthemove.fr\/en\/wp-json\/wp\/v2\/product_brand?post=42924"},{"taxonomy":"product_cat","embeddable":true,"href":"https:\/\/www.booksonthemove.fr\/en\/wp-json\/wp\/v2\/product_cat?post=42924"},{"taxonomy":"product_tag","embeddable":true,"href":"https:\/\/www.booksonthemove.fr\/en\/wp-json\/wp\/v2\/product_tag?post=42924"}],"curies":[{"name":"wp","href":"https:\/\/api.w.org\/{rel}","templated":true}]}}