{"id":42940,"date":"2024-05-20T11:41:17","date_gmt":"2024-05-20T09:41:17","guid":{"rendered":"https:\/\/www.booksonthemove.fr\/produit\/theatre-public-n249-replay-it-again\/"},"modified":"2024-05-22T23:03:03","modified_gmt":"2024-05-22T21:03:03","slug":"theatre-public-n249-replay-it-again","status":"publish","type":"product","link":"https:\/\/www.booksonthemove.fr\/en\/produit\/theatre-public-n249-replay-it-again\/","title":{"rendered":"Th\u00e9\u00e2tre Public n\u00b0249 &#8211; (Re)play  it again"},"content":{"rendered":"<p>Entretien avec Latifa La\u00e4bissi. Dossier coordonn\u00e9 par Christophe Triau.<br \/>\nLe num\u00e9ro s\u2019ouvre par un entretien avec la chor\u00e9graphe, danseuse et performeuse Latifa La\u00e2bissi qui revient sur des motifs, des inspirations et des enjeux d\u2019une \u0153uvre qui \u00ab\u00a0fait feu de tout bois\u00a0\u00bb.<br \/>\nLe dossier explore quelques-unes des formes que prend le \u00ab\u00a0re\u00a0\u00bb au th\u00e9\u00e2tre : reprendre, recr\u00e9er, recopier, reconvoquer, rejouer\u2026et les questions qu\u2019il pose aux interpr\u00e8tes, \u00e0 la th\u00e9\u00e2tralit\u00e9, \u00e0 la notion m\u00eame de jeu.<br \/>\nEnfin, les miscellan\u00e9es s\u2019int\u00e9ressent \u00e0 <em>La Mort d\u2019Emp\u00e9docle<\/em>, mise en sc\u00e8ne par Bernard Sobel, font \u00e9tat de parutions r\u00e9centes, celle du premier volume des <em>\u0152uvres compl\u00e8tes<\/em> de Jerzy Grotowski, ainsi que d\u2019un ouvrage consacr\u00e9 au travail de Denis Gu\u00e9noun, et proposent des extraits d\u2019un texte in\u00e9dit du dramaturge Noam Guil, traduit par Laurence Sendrowicz.<br \/>\nN\u00b0249 \/ octobre-d\u00e9cembre 2023<\/p>\n","protected":false},"excerpt":{"rendered":"<p><b>AUTEURS : <\/b>Ouvrage collectif<br \/>\n<b>EDITEUR : <\/b>Th\u00e9\u00e2tre\/Public<\/p>\n<p><strong>BROCH\u00c9 :<\/strong>\u00a0112 pages<br \/>\n<b>LANGUE : <\/b>Fran\u00e7ais<br \/>\n<strong>ISBN13 :<\/strong> 978-2-84260-923-8<\/p>\n","protected":false},"featured_media":42939,"template":"","meta":[],"product_brand":[],"product_cat":[162,211,241],"product_tag":[],"class_list":{"0":"post-42940","1":"product","2":"type-product","3":"status-publish","4":"has-post-thumbnail","6":"product_cat-french-en","7":"product_cat-magazines-en","8":"product_cat-theater-en","10":"first","11":"instock","12":"taxable","13":"shipping-taxable","14":"purchasable","15":"product-type-simple"},"yoast_head":"<!-- This site is optimized with the Yoast SEO plugin v27.5 - https:\/\/yoast.com\/product\/yoast-seo-wordpress\/ -->\n<title>Th\u00e9\u00e2tre Public n\u00b0249 - (Re)play it again - Books on the Move<\/title>\n<meta name=\"robots\" content=\"index, follow, max-snippet:-1, max-image-preview:large, max-video-preview:-1\" \/>\n<link rel=\"canonical\" href=\"https:\/\/www.booksonthemove.fr\/produit\/theatre-public-n249-replay-it-again\/\" \/>\n<meta property=\"og:locale\" content=\"en_US\" \/>\n<meta property=\"og:type\" content=\"article\" \/>\n<meta property=\"og:title\" content=\"Th\u00e9\u00e2tre Public n\u00b0249 - (Re)play it again - Books on the Move\" \/>\n<meta property=\"og:description\" content=\"AUTEURS : Ouvrage collectif EDITEUR : Th\u00e9\u00e2tre\/Public  BROCH\u00c9 :\u00a0112 pages LANGUE : Fran\u00e7ais ISBN13 : 978-2-84260-923-8\" \/>\n<meta property=\"og:url\" content=\"https:\/\/www.booksonthemove.fr\/produit\/theatre-public-n249-replay-it-again\/\" \/>\n<meta property=\"og:site_name\" content=\"Books on the Move\" \/>\n<meta property=\"article:publisher\" content=\"https:\/\/www.facebook.com\/Librairiebooksonthemove\/\" \/>\n<meta property=\"article:modified_time\" content=\"2024-05-22T21:03:03+00:00\" \/>\n<meta property=\"og:image\" content=\"https:\/\/www.booksonthemove.fr\/media\/bom_2725.jpg\" \/>\n\t<meta property=\"og:image:width\" content=\"675\" \/>\n\t<meta property=\"og:image:height\" content=\"900\" \/>\n\t<meta property=\"og:image:type\" content=\"image\/jpeg\" \/>\n<meta name=\"twitter:card\" content=\"summary_large_image\" \/>\n<script type=\"application\/ld+json\" class=\"yoast-schema-graph\">{\"@context\":\"https:\\\/\\\/schema.org\",\"@graph\":[{\"@type\":\"WebPage\",\"@id\":\"https:\\\/\\\/www.booksonthemove.fr\\\/produit\\\/theatre-public-n249-replay-it-again\\\/\",\"url\":\"https:\\\/\\\/www.booksonthemove.fr\\\/produit\\\/theatre-public-n249-replay-it-again\\\/\",\"name\":\"Th\u00e9\u00e2tre Public n\u00b0249 - (Re)play it again - Books on the Move\",\"isPartOf\":{\"@id\":\"https:\\\/\\\/www.booksonthemove.fr\\\/#website\"},\"primaryImageOfPage\":{\"@id\":\"https:\\\/\\\/www.booksonthemove.fr\\\/produit\\\/theatre-public-n249-replay-it-again\\\/#primaryimage\"},\"image\":{\"@id\":\"https:\\\/\\\/www.booksonthemove.fr\\\/produit\\\/theatre-public-n249-replay-it-again\\\/#primaryimage\"},\"thumbnailUrl\":\"https:\\\/\\\/www.booksonthemove.fr\\\/media\\\/bom_2725.jpg\",\"datePublished\":\"2024-05-20T09:41:17+00:00\",\"dateModified\":\"2024-05-22T21:03:03+00:00\",\"breadcrumb\":{\"@id\":\"https:\\\/\\\/www.booksonthemove.fr\\\/produit\\\/theatre-public-n249-replay-it-again\\\/#breadcrumb\"},\"inLanguage\":\"en-US\",\"potentialAction\":[{\"@type\":\"ReadAction\",\"target\":[\"https:\\\/\\\/www.booksonthemove.fr\\\/produit\\\/theatre-public-n249-replay-it-again\\\/\"]}]},{\"@type\":\"ImageObject\",\"inLanguage\":\"en-US\",\"@id\":\"https:\\\/\\\/www.booksonthemove.fr\\\/produit\\\/theatre-public-n249-replay-it-again\\\/#primaryimage\",\"url\":\"https:\\\/\\\/www.booksonthemove.fr\\\/media\\\/bom_2725.jpg\",\"contentUrl\":\"https:\\\/\\\/www.booksonthemove.fr\\\/media\\\/bom_2725.jpg\",\"width\":675,\"height\":900},{\"@type\":\"BreadcrumbList\",\"@id\":\"https:\\\/\\\/www.booksonthemove.fr\\\/produit\\\/theatre-public-n249-replay-it-again\\\/#breadcrumb\",\"itemListElement\":[{\"@type\":\"ListItem\",\"position\":1,\"name\":\"Accueil\",\"item\":\"https:\\\/\\\/www.booksonthemove.fr\\\/en\\\/\"},{\"@type\":\"ListItem\",\"position\":2,\"name\":\"online store\",\"item\":\"https:\\\/\\\/www.booksonthemove.fr\\\/en\\\/online-shop\\\/\"},{\"@type\":\"ListItem\",\"position\":3,\"name\":\"Th\u00e9\u00e2tre Public n\u00b0249 &#8211; (Re)play it again\"}]},{\"@type\":\"WebSite\",\"@id\":\"https:\\\/\\\/www.booksonthemove.fr\\\/#website\",\"url\":\"https:\\\/\\\/www.booksonthemove.fr\\\/\",\"name\":\"Books on the Move\",\"description\":\"librairie nomade - danse - mouvement - performance\",\"publisher\":{\"@id\":\"https:\\\/\\\/www.booksonthemove.fr\\\/#organization\"},\"potentialAction\":[{\"@type\":\"SearchAction\",\"target\":{\"@type\":\"EntryPoint\",\"urlTemplate\":\"https:\\\/\\\/www.booksonthemove.fr\\\/?s={search_term_string}\"},\"query-input\":{\"@type\":\"PropertyValueSpecification\",\"valueRequired\":true,\"valueName\":\"search_term_string\"}}],\"inLanguage\":\"en-US\"},{\"@type\":\"Organization\",\"@id\":\"https:\\\/\\\/www.booksonthemove.fr\\\/#organization\",\"name\":\"Books on the Move\",\"url\":\"https:\\\/\\\/www.booksonthemove.fr\\\/\",\"logo\":{\"@type\":\"ImageObject\",\"inLanguage\":\"en-US\",\"@id\":\"https:\\\/\\\/www.booksonthemove.fr\\\/#\\\/schema\\\/logo\\\/image\\\/\",\"url\":\"https:\\\/\\\/www.booksonthemove.fr\\\/media\\\/logo-NB-400.jpg\",\"contentUrl\":\"https:\\\/\\\/www.booksonthemove.fr\\\/media\\\/logo-NB-400.jpg\",\"width\":400,\"height\":143,\"caption\":\"Books on the Move\"},\"image\":{\"@id\":\"https:\\\/\\\/www.booksonthemove.fr\\\/#\\\/schema\\\/logo\\\/image\\\/\"},\"sameAs\":[\"https:\\\/\\\/www.facebook.com\\\/Librairiebooksonthemove\\\/\"]}]}<\/script>\n<!-- \/ Yoast SEO plugin. -->","yoast_head_json":{"title":"Th\u00e9\u00e2tre Public n\u00b0249 - (Re)play it again - Books on the Move","robots":{"index":"index","follow":"follow","max-snippet":"max-snippet:-1","max-image-preview":"max-image-preview:large","max-video-preview":"max-video-preview:-1"},"canonical":"https:\/\/www.booksonthemove.fr\/produit\/theatre-public-n249-replay-it-again\/","og_locale":"en_US","og_type":"article","og_title":"Th\u00e9\u00e2tre Public n\u00b0249 - (Re)play it again - Books on the Move","og_description":"AUTEURS : Ouvrage collectif EDITEUR : Th\u00e9\u00e2tre\/Public  BROCH\u00c9 :\u00a0112 pages LANGUE : Fran\u00e7ais ISBN13 : 978-2-84260-923-8","og_url":"https:\/\/www.booksonthemove.fr\/produit\/theatre-public-n249-replay-it-again\/","og_site_name":"Books on the Move","article_publisher":"https:\/\/www.facebook.com\/Librairiebooksonthemove\/","article_modified_time":"2024-05-22T21:03:03+00:00","og_image":[{"width":675,"height":900,"url":"https:\/\/www.booksonthemove.fr\/media\/bom_2725.jpg","type":"image\/jpeg"}],"twitter_card":"summary_large_image","schema":{"@context":"https:\/\/schema.org","@graph":[{"@type":"WebPage","@id":"https:\/\/www.booksonthemove.fr\/produit\/theatre-public-n249-replay-it-again\/","url":"https:\/\/www.booksonthemove.fr\/produit\/theatre-public-n249-replay-it-again\/","name":"Th\u00e9\u00e2tre Public n\u00b0249 - (Re)play it again - Books on the Move","isPartOf":{"@id":"https:\/\/www.booksonthemove.fr\/#website"},"primaryImageOfPage":{"@id":"https:\/\/www.booksonthemove.fr\/produit\/theatre-public-n249-replay-it-again\/#primaryimage"},"image":{"@id":"https:\/\/www.booksonthemove.fr\/produit\/theatre-public-n249-replay-it-again\/#primaryimage"},"thumbnailUrl":"https:\/\/www.booksonthemove.fr\/media\/bom_2725.jpg","datePublished":"2024-05-20T09:41:17+00:00","dateModified":"2024-05-22T21:03:03+00:00","breadcrumb":{"@id":"https:\/\/www.booksonthemove.fr\/produit\/theatre-public-n249-replay-it-again\/#breadcrumb"},"inLanguage":"en-US","potentialAction":[{"@type":"ReadAction","target":["https:\/\/www.booksonthemove.fr\/produit\/theatre-public-n249-replay-it-again\/"]}]},{"@type":"ImageObject","inLanguage":"en-US","@id":"https:\/\/www.booksonthemove.fr\/produit\/theatre-public-n249-replay-it-again\/#primaryimage","url":"https:\/\/www.booksonthemove.fr\/media\/bom_2725.jpg","contentUrl":"https:\/\/www.booksonthemove.fr\/media\/bom_2725.jpg","width":675,"height":900},{"@type":"BreadcrumbList","@id":"https:\/\/www.booksonthemove.fr\/produit\/theatre-public-n249-replay-it-again\/#breadcrumb","itemListElement":[{"@type":"ListItem","position":1,"name":"Accueil","item":"https:\/\/www.booksonthemove.fr\/en\/"},{"@type":"ListItem","position":2,"name":"online store","item":"https:\/\/www.booksonthemove.fr\/en\/online-shop\/"},{"@type":"ListItem","position":3,"name":"Th\u00e9\u00e2tre Public n\u00b0249 &#8211; (Re)play it again"}]},{"@type":"WebSite","@id":"https:\/\/www.booksonthemove.fr\/#website","url":"https:\/\/www.booksonthemove.fr\/","name":"Books on the Move","description":"librairie nomade - danse - mouvement - performance","publisher":{"@id":"https:\/\/www.booksonthemove.fr\/#organization"},"potentialAction":[{"@type":"SearchAction","target":{"@type":"EntryPoint","urlTemplate":"https:\/\/www.booksonthemove.fr\/?s={search_term_string}"},"query-input":{"@type":"PropertyValueSpecification","valueRequired":true,"valueName":"search_term_string"}}],"inLanguage":"en-US"},{"@type":"Organization","@id":"https:\/\/www.booksonthemove.fr\/#organization","name":"Books on the Move","url":"https:\/\/www.booksonthemove.fr\/","logo":{"@type":"ImageObject","inLanguage":"en-US","@id":"https:\/\/www.booksonthemove.fr\/#\/schema\/logo\/image\/","url":"https:\/\/www.booksonthemove.fr\/media\/logo-NB-400.jpg","contentUrl":"https:\/\/www.booksonthemove.fr\/media\/logo-NB-400.jpg","width":400,"height":143,"caption":"Books on the Move"},"image":{"@id":"https:\/\/www.booksonthemove.fr\/#\/schema\/logo\/image\/"},"sameAs":["https:\/\/www.facebook.com\/Librairiebooksonthemove\/"]}]}},"_links":{"self":[{"href":"https:\/\/www.booksonthemove.fr\/en\/wp-json\/wp\/v2\/product\/42940","targetHints":{"allow":["GET"]}}],"collection":[{"href":"https:\/\/www.booksonthemove.fr\/en\/wp-json\/wp\/v2\/product"}],"about":[{"href":"https:\/\/www.booksonthemove.fr\/en\/wp-json\/wp\/v2\/types\/product"}],"wp:featuredmedia":[{"embeddable":true,"href":"https:\/\/www.booksonthemove.fr\/en\/wp-json\/wp\/v2\/media\/42939"}],"wp:attachment":[{"href":"https:\/\/www.booksonthemove.fr\/en\/wp-json\/wp\/v2\/media?parent=42940"}],"wp:term":[{"taxonomy":"product_brand","embeddable":true,"href":"https:\/\/www.booksonthemove.fr\/en\/wp-json\/wp\/v2\/product_brand?post=42940"},{"taxonomy":"product_cat","embeddable":true,"href":"https:\/\/www.booksonthemove.fr\/en\/wp-json\/wp\/v2\/product_cat?post=42940"},{"taxonomy":"product_tag","embeddable":true,"href":"https:\/\/www.booksonthemove.fr\/en\/wp-json\/wp\/v2\/product_tag?post=42940"}],"curies":[{"name":"wp","href":"https:\/\/api.w.org\/{rel}","templated":true}]}}