{"id":42948,"date":"2024-05-24T16:00:16","date_gmt":"2024-05-24T14:00:16","guid":{"rendered":"https:\/\/www.booksonthemove.fr\/produit\/terra-forma-manuel-de-cartographies-potentielles\/"},"modified":"2024-06-05T18:57:10","modified_gmt":"2024-06-05T16:57:10","slug":"terra-forma-manuel-de-cartographies-potentielles","status":"publish","type":"product","link":"https:\/\/www.booksonthemove.fr\/en\/produit\/terra-forma-manuel-de-cartographies-potentielles\/","title":{"rendered":"Terra Forma &#8211; Manuel de cartographies potentielles"},"content":{"rendered":"<p><em>Terra Forma<\/em> raconte l\u2019exploration d\u2019une terre inconnue: la n\u00f4tre. Cinq si\u00e8cles apr\u00e8s les voyageurs de la Renaissance partis cartographier les <em>terra incognita<\/em> du Nouveau Monde, cet ouvrage propose de red\u00e9couvrir autrement cette Terre que nous croyons si bien conna\u00eetre. En red\u00e9finissant, ou plut\u00f4t en \u00e9tendant le vocabulaire cartographique traditionnel, il offre un manifeste pour la fondation d\u2019un nouvel imaginaire g\u00e9ographique et, ce faisant, politique.<\/p>\n<p>Les sept chapitres de ce livre sont des points de vue sur la r\u00e9alit\u00e9, de possibles visions du monde esquiss\u00e9es par diff\u00e9rents prismes, comme autant d\u2019instruments optiques : par les profondeurs, par les mouvements, par le point de vie, par les p\u00e9riph\u00e9ries, par le pouls, par les creux, par les disparitions et les ruines, ils produisent des savoirs situ\u00e9s, incarn\u00e9s. \u00c9crit sur le mode du r\u00e9cit d\u2019exploration, cet ouvrage se veut aussi un manuel de dessin, qui invite le lecteur \u00e0 explorer les techniques de repr\u00e9sentation sur divers terrains, dans le but de constituer progressivement et collectivement un atlas d\u2019un nouveau genre.<\/p>\n<p>Travail exp\u00e9rimental \u00e0 six mains, Terra Forma est le r\u00e9sultat d\u2019une collaboration entre deux architectes dont la pratique se trouve \u00e0 la crois\u00e9e des questions de paysage et de strat\u00e9gie territoriale, Alexandra Ar\u00e8nes et Axelle Gr\u00e9goire, et une historienne des sciences, Fr\u00e9d\u00e9rique A\u00eft-Touati.<\/p>\n","protected":false},"excerpt":{"rendered":"<p><b>AUTEUR\u00b7ES : <\/b>Fr\u00e9d\u00e9rique A\u00eft-Touati, Alexandra Ar\u00e8nes et Axelle Gr\u00e9goire<br \/>\n<b>EDITEUR : <\/b>B42 (2023)<\/p>\n<p><strong>RELI\u00c9 :<\/strong>\u00a0192 pages<br \/>\n<b>LANGUE : <\/b>Fran\u00e7ais<br \/>\n<strong>ISBN13 :<\/strong> 9782490077953<\/p>\n","protected":false},"featured_media":42947,"template":"","meta":[],"product_brand":[],"product_cat":[207,209,162,330,294],"product_tag":[],"class_list":{"0":"post-42948","1":"product","2":"type-product","3":"status-publish","4":"has-post-thumbnail","6":"product_cat-architecture-en","7":"product_cat-environment-en","8":"product_cat-french-en","9":"product_cat-non-classe","10":"product_cat-science-en","12":"first","13":"instock","14":"taxable","15":"shipping-taxable","16":"purchasable","17":"product-type-simple"},"yoast_head":"<!-- This site is optimized with the Yoast SEO plugin v27.5 - https:\/\/yoast.com\/product\/yoast-seo-wordpress\/ -->\n<title>Terra Forma - Manuel de cartographies potentielles - Books on the Move<\/title>\n<meta name=\"robots\" content=\"index, follow, max-snippet:-1, max-image-preview:large, max-video-preview:-1\" \/>\n<link rel=\"canonical\" href=\"https:\/\/www.booksonthemove.fr\/produit\/terra-forma-manuel-de-cartographies-potentielles\/\" \/>\n<meta property=\"og:locale\" content=\"en_US\" \/>\n<meta property=\"og:type\" content=\"article\" \/>\n<meta property=\"og:title\" content=\"Terra Forma - Manuel de cartographies potentielles - Books on the Move\" \/>\n<meta property=\"og:description\" content=\"AUTEUR\u00b7ES : Fr\u00e9d\u00e9rique A\u00eft-Touati, Alexandra Ar\u00e8nes et Axelle Gr\u00e9goire EDITEUR : B42 (2023)  RELI\u00c9 :\u00a0192 pages LANGUE : Fran\u00e7ais ISBN13 : 9782490077953\" \/>\n<meta property=\"og:url\" content=\"https:\/\/www.booksonthemove.fr\/produit\/terra-forma-manuel-de-cartographies-potentielles\/\" \/>\n<meta property=\"og:site_name\" content=\"Books on the Move\" \/>\n<meta property=\"article:publisher\" content=\"https:\/\/www.facebook.com\/Librairiebooksonthemove\/\" \/>\n<meta property=\"article:modified_time\" content=\"2024-06-05T16:57:10+00:00\" \/>\n<meta property=\"og:image\" content=\"https:\/\/www.booksonthemove.fr\/media\/bom_2713.jpeg\" \/>\n\t<meta property=\"og:image:width\" content=\"629\" \/>\n\t<meta property=\"og:image:height\" content=\"900\" \/>\n\t<meta property=\"og:image:type\" content=\"image\/jpeg\" \/>\n<meta name=\"twitter:card\" content=\"summary_large_image\" \/>\n<script type=\"application\/ld+json\" class=\"yoast-schema-graph\">{\"@context\":\"https:\\\/\\\/schema.org\",\"@graph\":[{\"@type\":\"WebPage\",\"@id\":\"https:\\\/\\\/www.booksonthemove.fr\\\/produit\\\/terra-forma-manuel-de-cartographies-potentielles\\\/\",\"url\":\"https:\\\/\\\/www.booksonthemove.fr\\\/produit\\\/terra-forma-manuel-de-cartographies-potentielles\\\/\",\"name\":\"Terra Forma - Manuel de cartographies potentielles - Books on the Move\",\"isPartOf\":{\"@id\":\"https:\\\/\\\/www.booksonthemove.fr\\\/#website\"},\"primaryImageOfPage\":{\"@id\":\"https:\\\/\\\/www.booksonthemove.fr\\\/produit\\\/terra-forma-manuel-de-cartographies-potentielles\\\/#primaryimage\"},\"image\":{\"@id\":\"https:\\\/\\\/www.booksonthemove.fr\\\/produit\\\/terra-forma-manuel-de-cartographies-potentielles\\\/#primaryimage\"},\"thumbnailUrl\":\"https:\\\/\\\/www.booksonthemove.fr\\\/media\\\/bom_2713.jpeg\",\"datePublished\":\"2024-05-24T14:00:16+00:00\",\"dateModified\":\"2024-06-05T16:57:10+00:00\",\"breadcrumb\":{\"@id\":\"https:\\\/\\\/www.booksonthemove.fr\\\/produit\\\/terra-forma-manuel-de-cartographies-potentielles\\\/#breadcrumb\"},\"inLanguage\":\"en-US\",\"potentialAction\":[{\"@type\":\"ReadAction\",\"target\":[\"https:\\\/\\\/www.booksonthemove.fr\\\/produit\\\/terra-forma-manuel-de-cartographies-potentielles\\\/\"]}]},{\"@type\":\"ImageObject\",\"inLanguage\":\"en-US\",\"@id\":\"https:\\\/\\\/www.booksonthemove.fr\\\/produit\\\/terra-forma-manuel-de-cartographies-potentielles\\\/#primaryimage\",\"url\":\"https:\\\/\\\/www.booksonthemove.fr\\\/media\\\/bom_2713.jpeg\",\"contentUrl\":\"https:\\\/\\\/www.booksonthemove.fr\\\/media\\\/bom_2713.jpeg\",\"width\":629,\"height\":900},{\"@type\":\"BreadcrumbList\",\"@id\":\"https:\\\/\\\/www.booksonthemove.fr\\\/produit\\\/terra-forma-manuel-de-cartographies-potentielles\\\/#breadcrumb\",\"itemListElement\":[{\"@type\":\"ListItem\",\"position\":1,\"name\":\"Accueil\",\"item\":\"https:\\\/\\\/www.booksonthemove.fr\\\/en\\\/\"},{\"@type\":\"ListItem\",\"position\":2,\"name\":\"online store\",\"item\":\"https:\\\/\\\/www.booksonthemove.fr\\\/en\\\/online-shop\\\/\"},{\"@type\":\"ListItem\",\"position\":3,\"name\":\"Terra Forma &#8211; Manuel de cartographies potentielles\"}]},{\"@type\":\"WebSite\",\"@id\":\"https:\\\/\\\/www.booksonthemove.fr\\\/#website\",\"url\":\"https:\\\/\\\/www.booksonthemove.fr\\\/\",\"name\":\"Books on the Move\",\"description\":\"librairie nomade - danse - mouvement - performance\",\"publisher\":{\"@id\":\"https:\\\/\\\/www.booksonthemove.fr\\\/#organization\"},\"potentialAction\":[{\"@type\":\"SearchAction\",\"target\":{\"@type\":\"EntryPoint\",\"urlTemplate\":\"https:\\\/\\\/www.booksonthemove.fr\\\/?s={search_term_string}\"},\"query-input\":{\"@type\":\"PropertyValueSpecification\",\"valueRequired\":true,\"valueName\":\"search_term_string\"}}],\"inLanguage\":\"en-US\"},{\"@type\":\"Organization\",\"@id\":\"https:\\\/\\\/www.booksonthemove.fr\\\/#organization\",\"name\":\"Books on the Move\",\"url\":\"https:\\\/\\\/www.booksonthemove.fr\\\/\",\"logo\":{\"@type\":\"ImageObject\",\"inLanguage\":\"en-US\",\"@id\":\"https:\\\/\\\/www.booksonthemove.fr\\\/#\\\/schema\\\/logo\\\/image\\\/\",\"url\":\"https:\\\/\\\/www.booksonthemove.fr\\\/media\\\/logo-NB-400.jpg\",\"contentUrl\":\"https:\\\/\\\/www.booksonthemove.fr\\\/media\\\/logo-NB-400.jpg\",\"width\":400,\"height\":143,\"caption\":\"Books on the Move\"},\"image\":{\"@id\":\"https:\\\/\\\/www.booksonthemove.fr\\\/#\\\/schema\\\/logo\\\/image\\\/\"},\"sameAs\":[\"https:\\\/\\\/www.facebook.com\\\/Librairiebooksonthemove\\\/\"]}]}<\/script>\n<!-- \/ Yoast SEO plugin. -->","yoast_head_json":{"title":"Terra Forma - Manuel de cartographies potentielles - Books on the Move","robots":{"index":"index","follow":"follow","max-snippet":"max-snippet:-1","max-image-preview":"max-image-preview:large","max-video-preview":"max-video-preview:-1"},"canonical":"https:\/\/www.booksonthemove.fr\/produit\/terra-forma-manuel-de-cartographies-potentielles\/","og_locale":"en_US","og_type":"article","og_title":"Terra Forma - Manuel de cartographies potentielles - Books on the Move","og_description":"AUTEUR\u00b7ES : Fr\u00e9d\u00e9rique A\u00eft-Touati, Alexandra Ar\u00e8nes et Axelle Gr\u00e9goire EDITEUR : B42 (2023)  RELI\u00c9 :\u00a0192 pages LANGUE : Fran\u00e7ais ISBN13 : 9782490077953","og_url":"https:\/\/www.booksonthemove.fr\/produit\/terra-forma-manuel-de-cartographies-potentielles\/","og_site_name":"Books on the Move","article_publisher":"https:\/\/www.facebook.com\/Librairiebooksonthemove\/","article_modified_time":"2024-06-05T16:57:10+00:00","og_image":[{"width":629,"height":900,"url":"https:\/\/www.booksonthemove.fr\/media\/bom_2713.jpeg","type":"image\/jpeg"}],"twitter_card":"summary_large_image","schema":{"@context":"https:\/\/schema.org","@graph":[{"@type":"WebPage","@id":"https:\/\/www.booksonthemove.fr\/produit\/terra-forma-manuel-de-cartographies-potentielles\/","url":"https:\/\/www.booksonthemove.fr\/produit\/terra-forma-manuel-de-cartographies-potentielles\/","name":"Terra Forma - Manuel de cartographies potentielles - Books on the Move","isPartOf":{"@id":"https:\/\/www.booksonthemove.fr\/#website"},"primaryImageOfPage":{"@id":"https:\/\/www.booksonthemove.fr\/produit\/terra-forma-manuel-de-cartographies-potentielles\/#primaryimage"},"image":{"@id":"https:\/\/www.booksonthemove.fr\/produit\/terra-forma-manuel-de-cartographies-potentielles\/#primaryimage"},"thumbnailUrl":"https:\/\/www.booksonthemove.fr\/media\/bom_2713.jpeg","datePublished":"2024-05-24T14:00:16+00:00","dateModified":"2024-06-05T16:57:10+00:00","breadcrumb":{"@id":"https:\/\/www.booksonthemove.fr\/produit\/terra-forma-manuel-de-cartographies-potentielles\/#breadcrumb"},"inLanguage":"en-US","potentialAction":[{"@type":"ReadAction","target":["https:\/\/www.booksonthemove.fr\/produit\/terra-forma-manuel-de-cartographies-potentielles\/"]}]},{"@type":"ImageObject","inLanguage":"en-US","@id":"https:\/\/www.booksonthemove.fr\/produit\/terra-forma-manuel-de-cartographies-potentielles\/#primaryimage","url":"https:\/\/www.booksonthemove.fr\/media\/bom_2713.jpeg","contentUrl":"https:\/\/www.booksonthemove.fr\/media\/bom_2713.jpeg","width":629,"height":900},{"@type":"BreadcrumbList","@id":"https:\/\/www.booksonthemove.fr\/produit\/terra-forma-manuel-de-cartographies-potentielles\/#breadcrumb","itemListElement":[{"@type":"ListItem","position":1,"name":"Accueil","item":"https:\/\/www.booksonthemove.fr\/en\/"},{"@type":"ListItem","position":2,"name":"online store","item":"https:\/\/www.booksonthemove.fr\/en\/online-shop\/"},{"@type":"ListItem","position":3,"name":"Terra Forma &#8211; Manuel de cartographies potentielles"}]},{"@type":"WebSite","@id":"https:\/\/www.booksonthemove.fr\/#website","url":"https:\/\/www.booksonthemove.fr\/","name":"Books on the Move","description":"librairie nomade - danse - mouvement - performance","publisher":{"@id":"https:\/\/www.booksonthemove.fr\/#organization"},"potentialAction":[{"@type":"SearchAction","target":{"@type":"EntryPoint","urlTemplate":"https:\/\/www.booksonthemove.fr\/?s={search_term_string}"},"query-input":{"@type":"PropertyValueSpecification","valueRequired":true,"valueName":"search_term_string"}}],"inLanguage":"en-US"},{"@type":"Organization","@id":"https:\/\/www.booksonthemove.fr\/#organization","name":"Books on the Move","url":"https:\/\/www.booksonthemove.fr\/","logo":{"@type":"ImageObject","inLanguage":"en-US","@id":"https:\/\/www.booksonthemove.fr\/#\/schema\/logo\/image\/","url":"https:\/\/www.booksonthemove.fr\/media\/logo-NB-400.jpg","contentUrl":"https:\/\/www.booksonthemove.fr\/media\/logo-NB-400.jpg","width":400,"height":143,"caption":"Books on the Move"},"image":{"@id":"https:\/\/www.booksonthemove.fr\/#\/schema\/logo\/image\/"},"sameAs":["https:\/\/www.facebook.com\/Librairiebooksonthemove\/"]}]}},"_links":{"self":[{"href":"https:\/\/www.booksonthemove.fr\/en\/wp-json\/wp\/v2\/product\/42948","targetHints":{"allow":["GET"]}}],"collection":[{"href":"https:\/\/www.booksonthemove.fr\/en\/wp-json\/wp\/v2\/product"}],"about":[{"href":"https:\/\/www.booksonthemove.fr\/en\/wp-json\/wp\/v2\/types\/product"}],"wp:featuredmedia":[{"embeddable":true,"href":"https:\/\/www.booksonthemove.fr\/en\/wp-json\/wp\/v2\/media\/42947"}],"wp:attachment":[{"href":"https:\/\/www.booksonthemove.fr\/en\/wp-json\/wp\/v2\/media?parent=42948"}],"wp:term":[{"taxonomy":"product_brand","embeddable":true,"href":"https:\/\/www.booksonthemove.fr\/en\/wp-json\/wp\/v2\/product_brand?post=42948"},{"taxonomy":"product_cat","embeddable":true,"href":"https:\/\/www.booksonthemove.fr\/en\/wp-json\/wp\/v2\/product_cat?post=42948"},{"taxonomy":"product_tag","embeddable":true,"href":"https:\/\/www.booksonthemove.fr\/en\/wp-json\/wp\/v2\/product_tag?post=42948"}],"curies":[{"name":"wp","href":"https:\/\/api.w.org\/{rel}","templated":true}]}}