{"id":42956,"date":"2024-05-24T16:26:04","date_gmt":"2024-05-24T14:26:04","guid":{"rendered":"https:\/\/www.booksonthemove.fr\/produit\/conscience-du-corps-pour-une-soma-esthetique\/"},"modified":"2026-04-15T23:08:49","modified_gmt":"2026-04-15T21:08:49","slug":"conscience-du-corps-pour-une-soma-esthetique","status":"publish","type":"product","link":"https:\/\/www.booksonthemove.fr\/en\/produit\/conscience-du-corps-pour-une-soma-esthetique\/","title":{"rendered":"Conscience du corps &#8211; Pour une soma-esth\u00e9tique"},"content":{"rendered":"<p>Ce nouveau livre de Richard Shusterman constitue la premi\u00e8re exposition syst\u00e9matique de la \u00absoma-esth\u00e9tique\u00bb, nouvelle discipline que l\u2019auteur a commenc\u00e9 \u00e0 d\u00e9velopper depuis une dizaine d\u2019ann\u00e9es environ. Mais il ne s\u2019agit pas seulement de d\u00e9fendre une philosophie du corps contre une tradition philosophique occidentale qui a pour l\u2019essentiel rejet\u00e9 et d\u00e9nigr\u00e9 ce dernier. Il s\u2019agit au contraire de se loger dans le c\u0153ur m\u00eame de ces philosophies qui, au XXe si\u00e8cle, ont accord\u00e9 au corps une place centrale, afin d\u2019en scruter les limites et de d\u00e9finir des strat\u00e9gies nouvelles pour penser et vivre le corps.<\/p>\n","protected":false},"excerpt":{"rendered":"<p><b>AUTEUR : <\/b>Richard Shusterman<br \/>\n<b>EDITEUR : <\/b>l&#8217;\u00e9clat &#8211; collection tir\u00e9 \u00e0 part (2007)<\/p>\n<p><strong>BROCH\u00c9 :<\/strong>\u00a0304 pages<br \/>\n<b>LANGUE : <\/b>Fran\u00e7ais<br \/>\n<strong>ISBN13 :<\/strong> 978-2-84162-147-7<\/p>\n","protected":false},"featured_media":42955,"template":"","meta":[],"product_brand":[],"product_cat":[162,206,141],"product_tag":[],"class_list":{"0":"post-42956","1":"product","2":"type-product","3":"status-publish","4":"has-post-thumbnail","6":"product_cat-french-en","7":"product_cat-philosophy-aesthetics-en","8":"product_cat-somatics-other-bodywork-practices-en","10":"first","11":"outofstock","12":"taxable","13":"shipping-taxable","14":"purchasable","15":"product-type-simple"},"yoast_head":"<!-- This site is optimized with the Yoast SEO plugin v27.5 - https:\/\/yoast.com\/product\/yoast-seo-wordpress\/ -->\n<title>Conscience du corps - Pour une soma-esth\u00e9tique - Books on the Move<\/title>\n<meta name=\"robots\" content=\"index, follow, max-snippet:-1, max-image-preview:large, max-video-preview:-1\" \/>\n<link rel=\"canonical\" href=\"https:\/\/www.booksonthemove.fr\/en\/produit\/conscience-du-corps-pour-une-soma-esthetique\/\" \/>\n<meta property=\"og:locale\" content=\"en_US\" \/>\n<meta property=\"og:type\" content=\"article\" \/>\n<meta property=\"og:title\" content=\"Conscience du corps - Pour une soma-esth\u00e9tique - Books on the Move\" \/>\n<meta property=\"og:description\" content=\"AUTEUR : Richard Shusterman EDITEUR : l&#039;\u00e9clat - collection tir\u00e9 \u00e0 part (2007)  BROCH\u00c9 :\u00a0304 pages LANGUE : Fran\u00e7ais ISBN13 : 978-2-84162-147-7\" \/>\n<meta property=\"og:url\" content=\"https:\/\/www.booksonthemove.fr\/en\/produit\/conscience-du-corps-pour-une-soma-esthetique\/\" \/>\n<meta property=\"og:site_name\" content=\"Books on the Move\" \/>\n<meta property=\"article:publisher\" content=\"https:\/\/www.facebook.com\/Librairiebooksonthemove\/\" \/>\n<meta property=\"article:modified_time\" content=\"2026-04-15T21:08:49+00:00\" \/>\n<meta property=\"og:image\" content=\"https:\/\/www.booksonthemove.fr\/media\/bom_2767.jpeg\" \/>\n\t<meta property=\"og:image:width\" content=\"323\" \/>\n\t<meta property=\"og:image:height\" content=\"500\" \/>\n\t<meta property=\"og:image:type\" content=\"image\/jpeg\" \/>\n<meta name=\"twitter:card\" content=\"summary_large_image\" \/>\n<script type=\"application\/ld+json\" class=\"yoast-schema-graph\">{\"@context\":\"https:\\\/\\\/schema.org\",\"@graph\":[{\"@type\":\"WebPage\",\"@id\":\"https:\\\/\\\/www.booksonthemove.fr\\\/en\\\/produit\\\/conscience-du-corps-pour-une-soma-esthetique\\\/\",\"url\":\"https:\\\/\\\/www.booksonthemove.fr\\\/en\\\/produit\\\/conscience-du-corps-pour-une-soma-esthetique\\\/\",\"name\":\"Conscience du corps - Pour une soma-esth\u00e9tique - Books on the Move\",\"isPartOf\":{\"@id\":\"https:\\\/\\\/www.booksonthemove.fr\\\/#website\"},\"primaryImageOfPage\":{\"@id\":\"https:\\\/\\\/www.booksonthemove.fr\\\/en\\\/produit\\\/conscience-du-corps-pour-une-soma-esthetique\\\/#primaryimage\"},\"image\":{\"@id\":\"https:\\\/\\\/www.booksonthemove.fr\\\/en\\\/produit\\\/conscience-du-corps-pour-une-soma-esthetique\\\/#primaryimage\"},\"thumbnailUrl\":\"https:\\\/\\\/www.booksonthemove.fr\\\/media\\\/bom_2767.jpeg\",\"datePublished\":\"2024-05-24T14:26:04+00:00\",\"dateModified\":\"2026-04-15T21:08:49+00:00\",\"breadcrumb\":{\"@id\":\"https:\\\/\\\/www.booksonthemove.fr\\\/en\\\/produit\\\/conscience-du-corps-pour-une-soma-esthetique\\\/#breadcrumb\"},\"inLanguage\":\"en-US\",\"potentialAction\":[{\"@type\":\"ReadAction\",\"target\":[\"https:\\\/\\\/www.booksonthemove.fr\\\/en\\\/produit\\\/conscience-du-corps-pour-une-soma-esthetique\\\/\"]}]},{\"@type\":\"ImageObject\",\"inLanguage\":\"en-US\",\"@id\":\"https:\\\/\\\/www.booksonthemove.fr\\\/en\\\/produit\\\/conscience-du-corps-pour-une-soma-esthetique\\\/#primaryimage\",\"url\":\"https:\\\/\\\/www.booksonthemove.fr\\\/media\\\/bom_2767.jpeg\",\"contentUrl\":\"https:\\\/\\\/www.booksonthemove.fr\\\/media\\\/bom_2767.jpeg\",\"width\":323,\"height\":500},{\"@type\":\"BreadcrumbList\",\"@id\":\"https:\\\/\\\/www.booksonthemove.fr\\\/en\\\/produit\\\/conscience-du-corps-pour-une-soma-esthetique\\\/#breadcrumb\",\"itemListElement\":[{\"@type\":\"ListItem\",\"position\":1,\"name\":\"Accueil\",\"item\":\"https:\\\/\\\/www.booksonthemove.fr\\\/en\\\/\"},{\"@type\":\"ListItem\",\"position\":2,\"name\":\"online store\",\"item\":\"https:\\\/\\\/www.booksonthemove.fr\\\/en\\\/online-shop\\\/\"},{\"@type\":\"ListItem\",\"position\":3,\"name\":\"Conscience du corps &#8211; Pour une soma-esth\u00e9tique\"}]},{\"@type\":\"WebSite\",\"@id\":\"https:\\\/\\\/www.booksonthemove.fr\\\/#website\",\"url\":\"https:\\\/\\\/www.booksonthemove.fr\\\/\",\"name\":\"Books on the Move\",\"description\":\"librairie nomade - danse - mouvement - performance\",\"publisher\":{\"@id\":\"https:\\\/\\\/www.booksonthemove.fr\\\/#organization\"},\"potentialAction\":[{\"@type\":\"SearchAction\",\"target\":{\"@type\":\"EntryPoint\",\"urlTemplate\":\"https:\\\/\\\/www.booksonthemove.fr\\\/?s={search_term_string}\"},\"query-input\":{\"@type\":\"PropertyValueSpecification\",\"valueRequired\":true,\"valueName\":\"search_term_string\"}}],\"inLanguage\":\"en-US\"},{\"@type\":\"Organization\",\"@id\":\"https:\\\/\\\/www.booksonthemove.fr\\\/#organization\",\"name\":\"Books on the Move\",\"url\":\"https:\\\/\\\/www.booksonthemove.fr\\\/\",\"logo\":{\"@type\":\"ImageObject\",\"inLanguage\":\"en-US\",\"@id\":\"https:\\\/\\\/www.booksonthemove.fr\\\/#\\\/schema\\\/logo\\\/image\\\/\",\"url\":\"https:\\\/\\\/www.booksonthemove.fr\\\/media\\\/logo-NB-400.jpg\",\"contentUrl\":\"https:\\\/\\\/www.booksonthemove.fr\\\/media\\\/logo-NB-400.jpg\",\"width\":400,\"height\":143,\"caption\":\"Books on the Move\"},\"image\":{\"@id\":\"https:\\\/\\\/www.booksonthemove.fr\\\/#\\\/schema\\\/logo\\\/image\\\/\"},\"sameAs\":[\"https:\\\/\\\/www.facebook.com\\\/Librairiebooksonthemove\\\/\"]}]}<\/script>\n<!-- \/ Yoast SEO plugin. -->","yoast_head_json":{"title":"Conscience du corps - Pour une soma-esth\u00e9tique - Books on the Move","robots":{"index":"index","follow":"follow","max-snippet":"max-snippet:-1","max-image-preview":"max-image-preview:large","max-video-preview":"max-video-preview:-1"},"canonical":"https:\/\/www.booksonthemove.fr\/en\/produit\/conscience-du-corps-pour-une-soma-esthetique\/","og_locale":"en_US","og_type":"article","og_title":"Conscience du corps - Pour une soma-esth\u00e9tique - Books on the Move","og_description":"AUTEUR : Richard Shusterman EDITEUR : l'\u00e9clat - collection tir\u00e9 \u00e0 part (2007)  BROCH\u00c9 :\u00a0304 pages LANGUE : Fran\u00e7ais ISBN13 : 978-2-84162-147-7","og_url":"https:\/\/www.booksonthemove.fr\/en\/produit\/conscience-du-corps-pour-une-soma-esthetique\/","og_site_name":"Books on the Move","article_publisher":"https:\/\/www.facebook.com\/Librairiebooksonthemove\/","article_modified_time":"2026-04-15T21:08:49+00:00","og_image":[{"width":323,"height":500,"url":"https:\/\/www.booksonthemove.fr\/media\/bom_2767.jpeg","type":"image\/jpeg"}],"twitter_card":"summary_large_image","schema":{"@context":"https:\/\/schema.org","@graph":[{"@type":"WebPage","@id":"https:\/\/www.booksonthemove.fr\/en\/produit\/conscience-du-corps-pour-une-soma-esthetique\/","url":"https:\/\/www.booksonthemove.fr\/en\/produit\/conscience-du-corps-pour-une-soma-esthetique\/","name":"Conscience du corps - Pour une soma-esth\u00e9tique - Books on the Move","isPartOf":{"@id":"https:\/\/www.booksonthemove.fr\/#website"},"primaryImageOfPage":{"@id":"https:\/\/www.booksonthemove.fr\/en\/produit\/conscience-du-corps-pour-une-soma-esthetique\/#primaryimage"},"image":{"@id":"https:\/\/www.booksonthemove.fr\/en\/produit\/conscience-du-corps-pour-une-soma-esthetique\/#primaryimage"},"thumbnailUrl":"https:\/\/www.booksonthemove.fr\/media\/bom_2767.jpeg","datePublished":"2024-05-24T14:26:04+00:00","dateModified":"2026-04-15T21:08:49+00:00","breadcrumb":{"@id":"https:\/\/www.booksonthemove.fr\/en\/produit\/conscience-du-corps-pour-une-soma-esthetique\/#breadcrumb"},"inLanguage":"en-US","potentialAction":[{"@type":"ReadAction","target":["https:\/\/www.booksonthemove.fr\/en\/produit\/conscience-du-corps-pour-une-soma-esthetique\/"]}]},{"@type":"ImageObject","inLanguage":"en-US","@id":"https:\/\/www.booksonthemove.fr\/en\/produit\/conscience-du-corps-pour-une-soma-esthetique\/#primaryimage","url":"https:\/\/www.booksonthemove.fr\/media\/bom_2767.jpeg","contentUrl":"https:\/\/www.booksonthemove.fr\/media\/bom_2767.jpeg","width":323,"height":500},{"@type":"BreadcrumbList","@id":"https:\/\/www.booksonthemove.fr\/en\/produit\/conscience-du-corps-pour-une-soma-esthetique\/#breadcrumb","itemListElement":[{"@type":"ListItem","position":1,"name":"Accueil","item":"https:\/\/www.booksonthemove.fr\/en\/"},{"@type":"ListItem","position":2,"name":"online store","item":"https:\/\/www.booksonthemove.fr\/en\/online-shop\/"},{"@type":"ListItem","position":3,"name":"Conscience du corps &#8211; Pour une soma-esth\u00e9tique"}]},{"@type":"WebSite","@id":"https:\/\/www.booksonthemove.fr\/#website","url":"https:\/\/www.booksonthemove.fr\/","name":"Books on the Move","description":"librairie nomade - danse - mouvement - performance","publisher":{"@id":"https:\/\/www.booksonthemove.fr\/#organization"},"potentialAction":[{"@type":"SearchAction","target":{"@type":"EntryPoint","urlTemplate":"https:\/\/www.booksonthemove.fr\/?s={search_term_string}"},"query-input":{"@type":"PropertyValueSpecification","valueRequired":true,"valueName":"search_term_string"}}],"inLanguage":"en-US"},{"@type":"Organization","@id":"https:\/\/www.booksonthemove.fr\/#organization","name":"Books on the Move","url":"https:\/\/www.booksonthemove.fr\/","logo":{"@type":"ImageObject","inLanguage":"en-US","@id":"https:\/\/www.booksonthemove.fr\/#\/schema\/logo\/image\/","url":"https:\/\/www.booksonthemove.fr\/media\/logo-NB-400.jpg","contentUrl":"https:\/\/www.booksonthemove.fr\/media\/logo-NB-400.jpg","width":400,"height":143,"caption":"Books on the Move"},"image":{"@id":"https:\/\/www.booksonthemove.fr\/#\/schema\/logo\/image\/"},"sameAs":["https:\/\/www.facebook.com\/Librairiebooksonthemove\/"]}]}},"_links":{"self":[{"href":"https:\/\/www.booksonthemove.fr\/en\/wp-json\/wp\/v2\/product\/42956","targetHints":{"allow":["GET"]}}],"collection":[{"href":"https:\/\/www.booksonthemove.fr\/en\/wp-json\/wp\/v2\/product"}],"about":[{"href":"https:\/\/www.booksonthemove.fr\/en\/wp-json\/wp\/v2\/types\/product"}],"wp:featuredmedia":[{"embeddable":true,"href":"https:\/\/www.booksonthemove.fr\/en\/wp-json\/wp\/v2\/media\/42955"}],"wp:attachment":[{"href":"https:\/\/www.booksonthemove.fr\/en\/wp-json\/wp\/v2\/media?parent=42956"}],"wp:term":[{"taxonomy":"product_brand","embeddable":true,"href":"https:\/\/www.booksonthemove.fr\/en\/wp-json\/wp\/v2\/product_brand?post=42956"},{"taxonomy":"product_cat","embeddable":true,"href":"https:\/\/www.booksonthemove.fr\/en\/wp-json\/wp\/v2\/product_cat?post=42956"},{"taxonomy":"product_tag","embeddable":true,"href":"https:\/\/www.booksonthemove.fr\/en\/wp-json\/wp\/v2\/product_tag?post=42956"}],"curies":[{"name":"wp","href":"https:\/\/api.w.org\/{rel}","templated":true}]}}