{"id":4296,"date":"2017-01-05T15:35:42","date_gmt":"2017-01-05T14:35:42","guid":{"rendered":"https:\/\/www.booksonthemove.fr\/product\/beruhrungen-bewegung-relation-und-affekt-im-zeitgenossischen-tanz-2\/"},"modified":"2020-04-18T12:20:11","modified_gmt":"2020-04-18T10:20:11","slug":"beruhrungen-bewegung-relation-und-affekt-im-zeitgenossischen-tanz-2","status":"publish","type":"product","link":"https:\/\/www.booksonthemove.fr\/en\/produit\/beruhrungen-bewegung-relation-und-affekt-im-zeitgenossischen-tanz-2\/","title":{"rendered":"Ber\u00fchrungen Bewegung &#8211; Relation und Affekt im zeitgen\u00f6ssischen Tanz"},"content":{"rendered":"<p>Heben, streifen, halten, sto\u00dfen \u2013 die Weisen der Ber\u00fchrung im Tanz sind vielf\u00e4ltig. Ausgehend von der Annahme, dass die Ber\u00fchrung mehr als blo\u00df der Kontakt zweier K\u00f6rper ist, entwirft Gerko Egert ein Denken der Ber\u00fchrung als komplexes Zusammenspiel von Bewegungen, Erfahrungen und Affekten. In detaillierten Analysen zeitgen\u00f6ssischer Tanzauff\u00fchrungen und der Auseinandersetzung mit Konzepten des Rhythmus, des Ereignisses und des Gef\u00fcges entstehen so neue Perspektiven auf K\u00f6rper, Wahrnehmung und Bewegung. Dieses Buch er\u00f6ffnet nicht nur die Frage der Ber\u00fchrung f\u00fcr die Tanzwissenschaft, sondern leistet ebenso einen zentralen Beitrag f\u00fcr eine prozessorientierte Theorie der Ber\u00fchrung.<\/p>\n","protected":false},"excerpt":{"rendered":"<p><strong>Autor:<\/strong> Gerko Egert <strong>Verlag:<\/strong> [transcript] (2016) <strong>Paperback:<\/strong> 290 Seiten <strong>Sprache:<\/strong> Deutsch <strong>ISBN13:<\/strong> 978-3-8376-3329-0<\/p>\n","protected":false},"featured_media":4531,"template":"","meta":[],"product_brand":[],"product_cat":[167,146],"product_tag":[],"class_list":{"0":"post-4296","1":"product","2":"type-product","3":"status-publish","4":"has-post-thumbnail","6":"product_cat-german-en","7":"product_cat-theoretical-texts-en","9":"first","10":"instock","11":"taxable","12":"shipping-taxable","13":"purchasable","14":"product-type-simple"},"yoast_head":"<!-- This site is optimized with the Yoast SEO plugin v27.5 - https:\/\/yoast.com\/product\/yoast-seo-wordpress\/ -->\n<title>Ber\u00fchrungen Bewegung - Relation und Affekt im zeitgen\u00f6ssischen Tanz - Books on the Move<\/title>\n<meta name=\"robots\" content=\"index, follow, max-snippet:-1, max-image-preview:large, max-video-preview:-1\" \/>\n<link rel=\"canonical\" href=\"https:\/\/www.booksonthemove.fr\/en\/produit\/beruhrungen-bewegung-relation-und-affekt-im-zeitgenossischen-tanz-2\/\" \/>\n<meta property=\"og:locale\" content=\"en_US\" \/>\n<meta property=\"og:type\" content=\"article\" \/>\n<meta property=\"og:title\" content=\"Ber\u00fchrungen Bewegung - Relation und Affekt im zeitgen\u00f6ssischen Tanz - Books on the Move\" \/>\n<meta property=\"og:description\" content=\"Autor: Gerko Egert Verlag: [transcript] (2016) Paperback: 290 Seiten Sprache: Deutsch ISBN13: 978-3-8376-3329-0\" \/>\n<meta property=\"og:url\" content=\"https:\/\/www.booksonthemove.fr\/en\/produit\/beruhrungen-bewegung-relation-und-affekt-im-zeitgenossischen-tanz-2\/\" \/>\n<meta property=\"og:site_name\" content=\"Books on the Move\" \/>\n<meta property=\"article:publisher\" content=\"https:\/\/www.facebook.com\/Librairiebooksonthemove\/\" \/>\n<meta property=\"article:modified_time\" content=\"2020-04-18T10:20:11+00:00\" \/>\n<meta property=\"og:image\" content=\"https:\/\/www.booksonthemove.fr\/media\/bom_1555_0_reduced_jpeg.jpeg\" \/>\n\t<meta property=\"og:image:width\" content=\"900\" \/>\n\t<meta property=\"og:image:height\" content=\"1389\" \/>\n\t<meta property=\"og:image:type\" content=\"image\/jpeg\" \/>\n<meta name=\"twitter:card\" content=\"summary_large_image\" \/>\n<script type=\"application\/ld+json\" class=\"yoast-schema-graph\">{\"@context\":\"https:\\\/\\\/schema.org\",\"@graph\":[{\"@type\":\"WebPage\",\"@id\":\"https:\\\/\\\/www.booksonthemove.fr\\\/en\\\/produit\\\/beruhrungen-bewegung-relation-und-affekt-im-zeitgenossischen-tanz-2\\\/\",\"url\":\"https:\\\/\\\/www.booksonthemove.fr\\\/en\\\/produit\\\/beruhrungen-bewegung-relation-und-affekt-im-zeitgenossischen-tanz-2\\\/\",\"name\":\"Ber\u00fchrungen Bewegung - Relation und Affekt im zeitgen\u00f6ssischen Tanz - Books on the Move\",\"isPartOf\":{\"@id\":\"https:\\\/\\\/www.booksonthemove.fr\\\/#website\"},\"primaryImageOfPage\":{\"@id\":\"https:\\\/\\\/www.booksonthemove.fr\\\/en\\\/produit\\\/beruhrungen-bewegung-relation-und-affekt-im-zeitgenossischen-tanz-2\\\/#primaryimage\"},\"image\":{\"@id\":\"https:\\\/\\\/www.booksonthemove.fr\\\/en\\\/produit\\\/beruhrungen-bewegung-relation-und-affekt-im-zeitgenossischen-tanz-2\\\/#primaryimage\"},\"thumbnailUrl\":\"https:\\\/\\\/www.booksonthemove.fr\\\/media\\\/bom_1555_0_reduced_jpeg.jpeg\",\"datePublished\":\"2017-01-05T14:35:42+00:00\",\"dateModified\":\"2020-04-18T10:20:11+00:00\",\"breadcrumb\":{\"@id\":\"https:\\\/\\\/www.booksonthemove.fr\\\/en\\\/produit\\\/beruhrungen-bewegung-relation-und-affekt-im-zeitgenossischen-tanz-2\\\/#breadcrumb\"},\"inLanguage\":\"en-US\",\"potentialAction\":[{\"@type\":\"ReadAction\",\"target\":[\"https:\\\/\\\/www.booksonthemove.fr\\\/en\\\/produit\\\/beruhrungen-bewegung-relation-und-affekt-im-zeitgenossischen-tanz-2\\\/\"]}]},{\"@type\":\"ImageObject\",\"inLanguage\":\"en-US\",\"@id\":\"https:\\\/\\\/www.booksonthemove.fr\\\/en\\\/produit\\\/beruhrungen-bewegung-relation-und-affekt-im-zeitgenossischen-tanz-2\\\/#primaryimage\",\"url\":\"https:\\\/\\\/www.booksonthemove.fr\\\/media\\\/bom_1555_0_reduced_jpeg.jpeg\",\"contentUrl\":\"https:\\\/\\\/www.booksonthemove.fr\\\/media\\\/bom_1555_0_reduced_jpeg.jpeg\",\"width\":900,\"height\":1389},{\"@type\":\"BreadcrumbList\",\"@id\":\"https:\\\/\\\/www.booksonthemove.fr\\\/en\\\/produit\\\/beruhrungen-bewegung-relation-und-affekt-im-zeitgenossischen-tanz-2\\\/#breadcrumb\",\"itemListElement\":[{\"@type\":\"ListItem\",\"position\":1,\"name\":\"Accueil\",\"item\":\"https:\\\/\\\/www.booksonthemove.fr\\\/en\\\/\"},{\"@type\":\"ListItem\",\"position\":2,\"name\":\"online store\",\"item\":\"https:\\\/\\\/www.booksonthemove.fr\\\/en\\\/online-shop\\\/\"},{\"@type\":\"ListItem\",\"position\":3,\"name\":\"Ber\u00fchrungen Bewegung &#8211; Relation und Affekt im zeitgen\u00f6ssischen Tanz\"}]},{\"@type\":\"WebSite\",\"@id\":\"https:\\\/\\\/www.booksonthemove.fr\\\/#website\",\"url\":\"https:\\\/\\\/www.booksonthemove.fr\\\/\",\"name\":\"Books on the Move\",\"description\":\"librairie nomade - danse - mouvement - performance\",\"publisher\":{\"@id\":\"https:\\\/\\\/www.booksonthemove.fr\\\/#organization\"},\"potentialAction\":[{\"@type\":\"SearchAction\",\"target\":{\"@type\":\"EntryPoint\",\"urlTemplate\":\"https:\\\/\\\/www.booksonthemove.fr\\\/?s={search_term_string}\"},\"query-input\":{\"@type\":\"PropertyValueSpecification\",\"valueRequired\":true,\"valueName\":\"search_term_string\"}}],\"inLanguage\":\"en-US\"},{\"@type\":\"Organization\",\"@id\":\"https:\\\/\\\/www.booksonthemove.fr\\\/#organization\",\"name\":\"Books on the Move\",\"url\":\"https:\\\/\\\/www.booksonthemove.fr\\\/\",\"logo\":{\"@type\":\"ImageObject\",\"inLanguage\":\"en-US\",\"@id\":\"https:\\\/\\\/www.booksonthemove.fr\\\/#\\\/schema\\\/logo\\\/image\\\/\",\"url\":\"https:\\\/\\\/www.booksonthemove.fr\\\/media\\\/logo-NB-400.jpg\",\"contentUrl\":\"https:\\\/\\\/www.booksonthemove.fr\\\/media\\\/logo-NB-400.jpg\",\"width\":400,\"height\":143,\"caption\":\"Books on the Move\"},\"image\":{\"@id\":\"https:\\\/\\\/www.booksonthemove.fr\\\/#\\\/schema\\\/logo\\\/image\\\/\"},\"sameAs\":[\"https:\\\/\\\/www.facebook.com\\\/Librairiebooksonthemove\\\/\"]}]}<\/script>\n<!-- \/ Yoast SEO plugin. -->","yoast_head_json":{"title":"Ber\u00fchrungen Bewegung - Relation und Affekt im zeitgen\u00f6ssischen Tanz - Books on the Move","robots":{"index":"index","follow":"follow","max-snippet":"max-snippet:-1","max-image-preview":"max-image-preview:large","max-video-preview":"max-video-preview:-1"},"canonical":"https:\/\/www.booksonthemove.fr\/en\/produit\/beruhrungen-bewegung-relation-und-affekt-im-zeitgenossischen-tanz-2\/","og_locale":"en_US","og_type":"article","og_title":"Ber\u00fchrungen Bewegung - Relation und Affekt im zeitgen\u00f6ssischen Tanz - Books on the Move","og_description":"Autor: Gerko Egert Verlag: [transcript] (2016) Paperback: 290 Seiten Sprache: Deutsch ISBN13: 978-3-8376-3329-0","og_url":"https:\/\/www.booksonthemove.fr\/en\/produit\/beruhrungen-bewegung-relation-und-affekt-im-zeitgenossischen-tanz-2\/","og_site_name":"Books on the Move","article_publisher":"https:\/\/www.facebook.com\/Librairiebooksonthemove\/","article_modified_time":"2020-04-18T10:20:11+00:00","og_image":[{"width":900,"height":1389,"url":"https:\/\/www.booksonthemove.fr\/media\/bom_1555_0_reduced_jpeg.jpeg","type":"image\/jpeg"}],"twitter_card":"summary_large_image","schema":{"@context":"https:\/\/schema.org","@graph":[{"@type":"WebPage","@id":"https:\/\/www.booksonthemove.fr\/en\/produit\/beruhrungen-bewegung-relation-und-affekt-im-zeitgenossischen-tanz-2\/","url":"https:\/\/www.booksonthemove.fr\/en\/produit\/beruhrungen-bewegung-relation-und-affekt-im-zeitgenossischen-tanz-2\/","name":"Ber\u00fchrungen Bewegung - Relation und Affekt im zeitgen\u00f6ssischen Tanz - Books on the Move","isPartOf":{"@id":"https:\/\/www.booksonthemove.fr\/#website"},"primaryImageOfPage":{"@id":"https:\/\/www.booksonthemove.fr\/en\/produit\/beruhrungen-bewegung-relation-und-affekt-im-zeitgenossischen-tanz-2\/#primaryimage"},"image":{"@id":"https:\/\/www.booksonthemove.fr\/en\/produit\/beruhrungen-bewegung-relation-und-affekt-im-zeitgenossischen-tanz-2\/#primaryimage"},"thumbnailUrl":"https:\/\/www.booksonthemove.fr\/media\/bom_1555_0_reduced_jpeg.jpeg","datePublished":"2017-01-05T14:35:42+00:00","dateModified":"2020-04-18T10:20:11+00:00","breadcrumb":{"@id":"https:\/\/www.booksonthemove.fr\/en\/produit\/beruhrungen-bewegung-relation-und-affekt-im-zeitgenossischen-tanz-2\/#breadcrumb"},"inLanguage":"en-US","potentialAction":[{"@type":"ReadAction","target":["https:\/\/www.booksonthemove.fr\/en\/produit\/beruhrungen-bewegung-relation-und-affekt-im-zeitgenossischen-tanz-2\/"]}]},{"@type":"ImageObject","inLanguage":"en-US","@id":"https:\/\/www.booksonthemove.fr\/en\/produit\/beruhrungen-bewegung-relation-und-affekt-im-zeitgenossischen-tanz-2\/#primaryimage","url":"https:\/\/www.booksonthemove.fr\/media\/bom_1555_0_reduced_jpeg.jpeg","contentUrl":"https:\/\/www.booksonthemove.fr\/media\/bom_1555_0_reduced_jpeg.jpeg","width":900,"height":1389},{"@type":"BreadcrumbList","@id":"https:\/\/www.booksonthemove.fr\/en\/produit\/beruhrungen-bewegung-relation-und-affekt-im-zeitgenossischen-tanz-2\/#breadcrumb","itemListElement":[{"@type":"ListItem","position":1,"name":"Accueil","item":"https:\/\/www.booksonthemove.fr\/en\/"},{"@type":"ListItem","position":2,"name":"online store","item":"https:\/\/www.booksonthemove.fr\/en\/online-shop\/"},{"@type":"ListItem","position":3,"name":"Ber\u00fchrungen Bewegung &#8211; Relation und Affekt im zeitgen\u00f6ssischen Tanz"}]},{"@type":"WebSite","@id":"https:\/\/www.booksonthemove.fr\/#website","url":"https:\/\/www.booksonthemove.fr\/","name":"Books on the Move","description":"librairie nomade - danse - mouvement - performance","publisher":{"@id":"https:\/\/www.booksonthemove.fr\/#organization"},"potentialAction":[{"@type":"SearchAction","target":{"@type":"EntryPoint","urlTemplate":"https:\/\/www.booksonthemove.fr\/?s={search_term_string}"},"query-input":{"@type":"PropertyValueSpecification","valueRequired":true,"valueName":"search_term_string"}}],"inLanguage":"en-US"},{"@type":"Organization","@id":"https:\/\/www.booksonthemove.fr\/#organization","name":"Books on the Move","url":"https:\/\/www.booksonthemove.fr\/","logo":{"@type":"ImageObject","inLanguage":"en-US","@id":"https:\/\/www.booksonthemove.fr\/#\/schema\/logo\/image\/","url":"https:\/\/www.booksonthemove.fr\/media\/logo-NB-400.jpg","contentUrl":"https:\/\/www.booksonthemove.fr\/media\/logo-NB-400.jpg","width":400,"height":143,"caption":"Books on the Move"},"image":{"@id":"https:\/\/www.booksonthemove.fr\/#\/schema\/logo\/image\/"},"sameAs":["https:\/\/www.facebook.com\/Librairiebooksonthemove\/"]}]}},"_links":{"self":[{"href":"https:\/\/www.booksonthemove.fr\/en\/wp-json\/wp\/v2\/product\/4296","targetHints":{"allow":["GET"]}}],"collection":[{"href":"https:\/\/www.booksonthemove.fr\/en\/wp-json\/wp\/v2\/product"}],"about":[{"href":"https:\/\/www.booksonthemove.fr\/en\/wp-json\/wp\/v2\/types\/product"}],"wp:featuredmedia":[{"embeddable":true,"href":"https:\/\/www.booksonthemove.fr\/en\/wp-json\/wp\/v2\/media\/4531"}],"wp:attachment":[{"href":"https:\/\/www.booksonthemove.fr\/en\/wp-json\/wp\/v2\/media?parent=4296"}],"wp:term":[{"taxonomy":"product_brand","embeddable":true,"href":"https:\/\/www.booksonthemove.fr\/en\/wp-json\/wp\/v2\/product_brand?post=4296"},{"taxonomy":"product_cat","embeddable":true,"href":"https:\/\/www.booksonthemove.fr\/en\/wp-json\/wp\/v2\/product_cat?post=4296"},{"taxonomy":"product_tag","embeddable":true,"href":"https:\/\/www.booksonthemove.fr\/en\/wp-json\/wp\/v2\/product_tag?post=4296"}],"curies":[{"name":"wp","href":"https:\/\/api.w.org\/{rel}","templated":true}]}}